{"id":30295,"date":"2021-04-28T14:30:54","date_gmt":"2021-04-28T11:30:54","guid":{"rendered":"https:\/\/xstyle.md\/product\/botinki-olang-carla-nero\/"},"modified":"2026-03-19T16:41:51","modified_gmt":"2026-03-19T13:41:51","slug":"botinki-olang-carla-nero","status":"publish","type":"product","link":"https:\/\/xstyle.md\/ro\/produs\/botinki-olang-carla-nero\/","title":{"rendered":"Cizme Olang Carla nero"},"content":{"rendered":"<\/p>\n<p>Bocanci <strong>Olang Carla<\/strong> &#8212; designul elegant, materialele naturale \u0219i t\u0103lpile antiderapante sunt principalele criterii de alegere a \u00eenc\u0103l\u021b\u0103mintei de iarn\u0103. Carla se potrive\u0219te acestor criterii. Aceste cizme au o talp\u0103 foarte rezistent\u0103, antiderapant\u0103 \u0219i durabil\u0103, cu o trac\u021biune excelent\u0103 pe suprafe\u021be alunecoase, care v\u0103 va men\u021bine picioarele \u00een mi\u0219care \u00een timpul lunilor de iarn\u0103. Iar c\u0103ptu\u0219eala c\u0103lduroas\u0103 din blan\u0103 v\u0103 men\u021bine picioarele calde chiar \u0219i la -30\u00b0C. Un must-have pentru iarn\u0103!<\/p>\n<h3>Particularit\u0103\u021bi<\/h3>\n<ul>\n<li>Talp\u0103 exterioar\u0103 durabil\u0103 cu trac\u021biune ridicat\u0103<\/li>\n<li>C\u0103ptu\u0219eal\u0103 din l\u00e2n\u0103 \u0219i material sintetic<\/li>\n<li>Amortizor de lovituri \u00een c\u0103lc\u00e2i<\/li>\n<li>Talp\u0103 ranforsat\u0103<\/li>\n<li>Talp\u0103 fix\u0103<\/li>\n<li>U\u0219or de \u00eenc\u0103l\u021bat sau de scos<\/li>\n<li>Dou\u0103 fermoare laterale pentru acces u\u0219or.<\/li>\n<\/ul>\n<h3>Caracteristici<\/h3>\n<ul>\n<li>Material principal &#8212; piele<\/li>\n<li>C\u0103ptu\u0219eal\u0103 &#8212; blan\u0103 natural\u0103, vi\u021bel<\/li>\n<li>Talp\u0103 exterioar\u0103 &#8212; cauciuc<\/li>\n<li>Grosimea t\u0103lpii &#8212; 4 cm<\/li>\n<li>\u00cen\u0103l\u021bimea pantofului &#8212; 19,5 cm<\/li>\n<li>Man\u0219et\u0103 de 32 cm<\/li>\n<li>Zona de confort &#8212; 30\u00b0C<\/li>\n<li>Sezonul: toamn\u0103\/iarn\u0103.<\/li>\n<\/ul>\n<p>\n<p><img decoding=\"async\" class=\"alignnone\" style=\"width: 100%;\" src=\"https:\/\/xstyle.md\/wp-content\/uploads\/2021\/01\/razmer_olang.jpg\" alt=\"\" \/><\/p>\n\n<\/p>\n<h3>Marca<\/h3>\n<p>Compania italian\u0103 OLANG este unul dintre liderii \u00een produc\u021bia de \u00eenc\u0103l\u021b\u0103minte de \u00eenalt\u0103 calitate pentru activit\u0103\u021bi \u00een aer liber. Specializat\u0103 \u00een \u00eenc\u0103l\u021b\u0103minte de iarn\u0103 pentru femei \u0219i b\u0103rba\u021bi \u0219i pantofi de trekking pentru activit\u0103\u021bi \u00een aer liber. Una dintre principalele caracteristici ale pantofului este utilizarea tehnologiei pentru stabilitate maxim\u0103 pe suprafe\u021bele \u00eenghe\u021bate.<\/p>\n<p>Olang aduce confort \u0219i stil fiec\u0103rui client: durabil, u\u0219or \u0219i conceput chiar \u0219i pentru cele mai complicate situa\u021bii. Olang Spa a fost fondat\u0103 \u00een 1990 de Armando Sartor, care a conceput pantofi pentru Lotto \u0219i Tecnica Spa.<\/p>\n<p>","protected":false},"excerpt":{"rendered":"<p>Bocanci Olang Carla nero<\/p>","protected":false},"featured_media":30290,"comment_status":"open","ping_status":"closed","template":"","meta":{"_acf_changed":false,"inline_featured_image":false},"product_brand":[1402],"product_cat":[146],"product_tag":[],"class_list":{"0":"post-30295","1":"product","2":"type-product","3":"status-publish","4":"has-post-thumbnail","6":"product_brand-olang","7":"product_cat-fall-winter","9":"first","10":"instock","11":"shipping-taxable","12":"purchasable","13":"product-type-simple"},"acf":[],"yoast_head":"<!-- This site is optimized with the Yoast SEO plugin v27.2 - https:\/\/yoast.com\/product\/yoast-seo-wordpress\/ -->\n<title>\u0421\u0430\u043f\u043e\u0433\u0438 Olang Carla nero - \u041c\u0430\u0433\u0430\u0437\u0438\u043d Xstyle<\/title>\n<meta name=\"description\" content=\"\u041a\u0443\u043f\u0438\u0442\u0435 \u0431\u043e\u0442\u0438\u043d\u043a\u0438 Olang Carla nero \u2013 \u0438\u0434\u0435\u0430\u043b\u044c\u043d\u0430\u044f \u0437\u0438\u043c\u043d\u044f\u044f \u043e\u0431\u0443\u0432\u044c \u0441 \u044d\u043b\u0435\u0433\u0430\u043d\u0442\u043d\u044b\u043c \u0434\u0438\u0437\u0430\u0439\u043d\u043e\u043c, \u043d\u0430\u0442\u0443\u0440\u0430\u043b\u044c\u043d\u044b\u043c\u0438 \u043c\u0430\u0442\u0435\u0440\u0438\u0430\u043b\u0430\u043c\u0438 \u0438 \u043d\u0430\u0434\u0435\u0436\u043d\u043e\u0439 \u0430\u043d\u0442\u0438\u0441\u043a\u043e\u043b\u044c\u0437\u044f\u0449\u0435\u0439 \u043f\u043e\u0434\u043e\u0448\u0432\u043e\u0439.\" \/>\n<meta name=\"robots\" content=\"index, follow, max-snippet:-1, max-image-preview:large, max-video-preview:-1\" \/>\n<link rel=\"canonical\" href=\"https:\/\/xstyle.md\/ro\/produs\/botinki-olang-carla-nero\/\" \/>\n<meta property=\"og:locale\" content=\"ro_RO\" \/>\n<meta property=\"og:type\" content=\"article\" \/>\n<meta property=\"og:title\" content=\"\u0421\u0430\u043f\u043e\u0433\u0438 Olang Carla nero - \u041c\u0430\u0433\u0430\u0437\u0438\u043d Xstyle\" \/>\n<meta property=\"og:description\" content=\"\u041a\u0443\u043f\u0438\u0442\u0435 \u0431\u043e\u0442\u0438\u043d\u043a\u0438 Olang Carla nero \u2013 \u0438\u0434\u0435\u0430\u043b\u044c\u043d\u0430\u044f \u0437\u0438\u043c\u043d\u044f\u044f \u043e\u0431\u0443\u0432\u044c \u0441 \u044d\u043b\u0435\u0433\u0430\u043d\u0442\u043d\u044b\u043c \u0434\u0438\u0437\u0430\u0439\u043d\u043e\u043c, \u043d\u0430\u0442\u0443\u0440\u0430\u043b\u044c\u043d\u044b\u043c\u0438 \u043c\u0430\u0442\u0435\u0440\u0438\u0430\u043b\u0430\u043c\u0438 \u0438 \u043d\u0430\u0434\u0435\u0436\u043d\u043e\u0439 \u0430\u043d\u0442\u0438\u0441\u043a\u043e\u043b\u044c\u0437\u044f\u0449\u0435\u0439 \u043f\u043e\u0434\u043e\u0448\u0432\u043e\u0439.\" \/>\n<meta property=\"og:url\" content=\"https:\/\/xstyle.md\/ro\/produs\/botinki-olang-carla-nero\/\" \/>\n<meta property=\"og:site_name\" content=\"\u041c\u0430\u0433\u0430\u0437\u0438\u043d Xstyle\" \/>\n<meta property=\"article:publisher\" content=\"https:\/\/www.facebook.com\/xstylemd\" \/>\n<meta property=\"article:modified_time\" content=\"2026-03-19T13:41:51+00:00\" \/>\n<meta property=\"og:image\" content=\"https:\/\/xstyle.md\/wp-content\/uploads\/2021\/04\/file_30_4.png\" \/>\n\t<meta property=\"og:image:width\" content=\"624\" \/>\n\t<meta property=\"og:image:height\" content=\"598\" \/>\n\t<meta property=\"og:image:type\" content=\"image\/png\" \/>\n<meta name=\"twitter:card\" content=\"summary_large_image\" \/>\n<meta name=\"twitter:label1\" content=\"Pre\u021b\" \/>\n\t<meta name=\"twitter:data1\" content=\"2.560&nbsp;MDL\" \/>\n\t<meta name=\"twitter:label2\" content=\"Disponibilitate\" \/>\n\t<meta name=\"twitter:data2\" content=\"\u00cen stoc\" \/>\n<script type=\"application\/ld+json\" class=\"yoast-schema-graph\">{\"@context\":\"https:\/\/schema.org\",\"@graph\":[{\"@type\":\"WebPage\",\"@id\":\"https:\/\/xstyle.md\/product\/botinki-olang-carla-nero\/\",\"url\":\"https:\/\/xstyle.md\/product\/botinki-olang-carla-nero\/\",\"name\":\"\u0421\u0430\u043f\u043e\u0433\u0438 Olang Carla nero - \u041c\u0430\u0433\u0430\u0437\u0438\u043d Xstyle\",\"isPartOf\":{\"@id\":\"https:\/\/xstyle.md\/#website\"},\"primaryImageOfPage\":{\"@id\":\"https:\/\/xstyle.md\/product\/botinki-olang-carla-nero\/#primaryimage\"},\"image\":{\"@id\":\"https:\/\/xstyle.md\/product\/botinki-olang-carla-nero\/#primaryimage\"},\"thumbnailUrl\":\"https:\/\/xstyle.md\/wp-content\/uploads\/2021\/04\/file_30_4.png\",\"datePublished\":\"2021-04-28T11:30:54+00:00\",\"dateModified\":\"2026-03-19T13:41:51+00:00\",\"description\":\"\u041a\u0443\u043f\u0438\u0442\u0435 \u0431\u043e\u0442\u0438\u043d\u043a\u0438 Olang Carla nero \u2013 \u0438\u0434\u0435\u0430\u043b\u044c\u043d\u0430\u044f \u0437\u0438\u043c\u043d\u044f\u044f \u043e\u0431\u0443\u0432\u044c \u0441 \u044d\u043b\u0435\u0433\u0430\u043d\u0442\u043d\u044b\u043c \u0434\u0438\u0437\u0430\u0439\u043d\u043e\u043c, \u043d\u0430\u0442\u0443\u0440\u0430\u043b\u044c\u043d\u044b\u043c\u0438 \u043c\u0430\u0442\u0435\u0440\u0438\u0430\u043b\u0430\u043c\u0438 \u0438 \u043d\u0430\u0434\u0435\u0436\u043d\u043e\u0439 \u0430\u043d\u0442\u0438\u0441\u043a\u043e\u043b\u044c\u0437\u044f\u0449\u0435\u0439 \u043f\u043e\u0434\u043e\u0448\u0432\u043e\u0439.\",\"breadcrumb\":{\"@id\":\"https:\/\/xstyle.md\/product\/botinki-olang-carla-nero\/#breadcrumb\"},\"inLanguage\":\"ro-RO\",\"potentialAction\":[{\"@type\":\"ReadAction\",\"target\":[\"https:\/\/xstyle.md\/product\/botinki-olang-carla-nero\/\"]}]},{\"@type\":\"ImageObject\",\"inLanguage\":\"ro-RO\",\"@id\":\"https:\/\/xstyle.md\/product\/botinki-olang-carla-nero\/#primaryimage\",\"url\":\"https:\/\/xstyle.md\/wp-content\/uploads\/2021\/04\/file_30_4.png\",\"contentUrl\":\"https:\/\/xstyle.md\/wp-content\/uploads\/2021\/04\/file_30_4.png\",\"width\":624,\"height\":598},{\"@type\":\"BreadcrumbList\",\"@id\":\"https:\/\/xstyle.md\/product\/botinki-olang-carla-nero\/#breadcrumb\",\"itemListElement\":[{\"@type\":\"ListItem\",\"position\":1,\"name\":\"\u0413\u043b\u0430\u0432\u043d\u0430\u044f \u0441\u0442\u0440\u0430\u043d\u0438\u0446\u0430\",\"item\":\"https:\/\/xstyle.md\/\"},{\"@type\":\"ListItem\",\"position\":2,\"name\":\"\u041c\u0430\u0433\u0430\u0437\u0438\u043d\",\"item\":\"https:\/\/xstyle.md\/shop\/\"},{\"@type\":\"ListItem\",\"position\":3,\"name\":\"\u0421\u0430\u043f\u043e\u0433\u0438 Olang Carla nero\"}]},{\"@type\":\"WebSite\",\"@id\":\"https:\/\/xstyle.md\/#website\",\"url\":\"https:\/\/xstyle.md\/\",\"name\":\"\u041c\u0430\u0433\u0430\u0437\u0438\u043d Xstyle\",\"description\":\"C\u043d\u0430\u0440\u044f\u0436\u0435\u043d\u0438\u0435 \u0434\u043b\u044f \u0442\u0443\u0440\u0438\u0437\u043c\u0430 \u0438 \u044d\u043a\u0441\u0442\u0440\u0435\u043c\u0430\u043b\u044c\u043d\u044b\u0445 \u0432\u0438\u0434\u043e\u0432 \u0441\u043f\u043e\u0440\u0442\u0430 \u0432 \u041c\u043e\u043b\u0434\u043e\u0432\u0435.. \u0426\u0435\u043d\u044b, \u0444\u043e\u0442\u043e, \u0445\u0430\u0440\u0430\u043a\u0442\u0435\u0440\u0438\u0441\u0442\u0438\u043a\u0438 \u0432 \u041c\u043e\u043b\u0434\u043e\u0432\u0435.\",\"publisher\":{\"@id\":\"https:\/\/xstyle.md\/#organization\"},\"alternateName\":\"X-Style\",\"potentialAction\":[{\"@type\":\"SearchAction\",\"target\":{\"@type\":\"EntryPoint\",\"urlTemplate\":\"https:\/\/xstyle.md\/?s={search_term_string}\"},\"query-input\":{\"@type\":\"PropertyValueSpecification\",\"valueRequired\":true,\"valueName\":\"search_term_string\"}}],\"inLanguage\":\"ro-RO\"},{\"@type\":\"Organization\",\"@id\":\"https:\/\/xstyle.md\/#organization\",\"name\":\"\u041c\u0430\u0433\u0430\u0437\u0438\u043d Xstyle\",\"alternateName\":\"x-style\",\"url\":\"https:\/\/xstyle.md\/\",\"logo\":{\"@type\":\"ImageObject\",\"inLanguage\":\"ro-RO\",\"@id\":\"https:\/\/xstyle.md\/#\/schema\/logo\/image\/\",\"url\":\"https:\/\/xstyle.md\/wp-content\/uploads\/2020\/06\/logoicon.svg\",\"contentUrl\":\"https:\/\/xstyle.md\/wp-content\/uploads\/2020\/06\/logoicon.svg\",\"caption\":\"\u041c\u0430\u0433\u0430\u0437\u0438\u043d Xstyle\"},\"image\":{\"@id\":\"https:\/\/xstyle.md\/#\/schema\/logo\/image\/\"},\"sameAs\":[\"https:\/\/www.facebook.com\/xstylemd\",\"https:\/\/www.instagram.com\/xstyle_md\/\",\"https:\/\/t.me\/xstyle_outdoor\"],\"hasMerchantReturnPolicy\":{\"@type\":\"MerchantReturnPolicy\",\"merchantReturnLink\":\"https:\/\/xstyle.md\/ro\/conditions\/\"}}]}<\/script>\n<meta property=\"product:price:amount\" content=\"2560.00\" \/>\n<meta property=\"product:price:currency\" content=\"MDL\" \/>\n<meta property=\"og:availability\" content=\"instock\" \/>\n<meta property=\"product:availability\" content=\"instock\" \/>\n<meta property=\"product:retailer_item_id\" content=\"8026556509127\" \/>\n<meta property=\"product:condition\" content=\"new\" \/>\n<!-- \/ Yoast SEO plugin. -->","yoast_head_json":{"title":"Cizme Olang Carla nero - Magazin Xstyle","description":"Cump\u0103ra\u021bi bocanci Olang Carla nero \u2013 \u00eenc\u0103l\u021b\u0103minte de iarn\u0103 ideal\u0103 cu un design elegant, materiale naturale \u0219i o talp\u0103 antiderapant\u0103 fiabil\u0103.","robots":{"index":"index","follow":"follow","max-snippet":"max-snippet:-1","max-image-preview":"max-image-preview:large","max-video-preview":"max-video-preview:-1"},"canonical":"https:\/\/xstyle.md\/ro\/produs\/botinki-olang-carla-nero\/","og_locale":"ro_RO","og_type":"article","og_title":"\u0421\u0430\u043f\u043e\u0433\u0438 Olang Carla nero - \u041c\u0430\u0433\u0430\u0437\u0438\u043d Xstyle","og_description":"\u041a\u0443\u043f\u0438\u0442\u0435 \u0431\u043e\u0442\u0438\u043d\u043a\u0438 Olang Carla nero \u2013 \u0438\u0434\u0435\u0430\u043b\u044c\u043d\u0430\u044f \u0437\u0438\u043c\u043d\u044f\u044f \u043e\u0431\u0443\u0432\u044c \u0441 \u044d\u043b\u0435\u0433\u0430\u043d\u0442\u043d\u044b\u043c \u0434\u0438\u0437\u0430\u0439\u043d\u043e\u043c, \u043d\u0430\u0442\u0443\u0440\u0430\u043b\u044c\u043d\u044b\u043c\u0438 \u043c\u0430\u0442\u0435\u0440\u0438\u0430\u043b\u0430\u043c\u0438 \u0438 \u043d\u0430\u0434\u0435\u0436\u043d\u043e\u0439 \u0430\u043d\u0442\u0438\u0441\u043a\u043e\u043b\u044c\u0437\u044f\u0449\u0435\u0439 \u043f\u043e\u0434\u043e\u0448\u0432\u043e\u0439.","og_url":"https:\/\/xstyle.md\/ro\/produs\/botinki-olang-carla-nero\/","og_site_name":"\u041c\u0430\u0433\u0430\u0437\u0438\u043d Xstyle","article_publisher":"https:\/\/www.facebook.com\/xstylemd","article_modified_time":"2026-03-19T13:41:51+00:00","og_image":[{"width":624,"height":598,"url":"https:\/\/xstyle.md\/wp-content\/uploads\/2021\/04\/file_30_4.png","type":"image\/png"}],"twitter_card":"summary_large_image","twitter_misc":{"Pre\u021b":"2.560&nbsp;MDL","Disponibilitate":"\u00cen stoc"},"schema":{"@context":"https:\/\/schema.org","@graph":[{"@type":"WebPage","@id":"https:\/\/xstyle.md\/product\/botinki-olang-carla-nero\/","url":"https:\/\/xstyle.md\/product\/botinki-olang-carla-nero\/","name":"Cizme Olang Carla nero - Magazin Xstyle","isPartOf":{"@id":"https:\/\/xstyle.md\/#website"},"primaryImageOfPage":{"@id":"https:\/\/xstyle.md\/product\/botinki-olang-carla-nero\/#primaryimage"},"image":{"@id":"https:\/\/xstyle.md\/product\/botinki-olang-carla-nero\/#primaryimage"},"thumbnailUrl":"https:\/\/xstyle.md\/wp-content\/uploads\/2021\/04\/file_30_4.png","datePublished":"2021-04-28T11:30:54+00:00","dateModified":"2026-03-19T13:41:51+00:00","description":"Cump\u0103ra\u021bi bocanci Olang Carla nero \u2013 \u00eenc\u0103l\u021b\u0103minte de iarn\u0103 ideal\u0103 cu un design elegant, materiale naturale \u0219i o talp\u0103 antiderapant\u0103 fiabil\u0103.","breadcrumb":{"@id":"https:\/\/xstyle.md\/product\/botinki-olang-carla-nero\/#breadcrumb"},"inLanguage":"ro-RO","potentialAction":[{"@type":"ReadAction","target":["https:\/\/xstyle.md\/product\/botinki-olang-carla-nero\/"]}]},{"@type":"ImageObject","inLanguage":"ro-RO","@id":"https:\/\/xstyle.md\/product\/botinki-olang-carla-nero\/#primaryimage","url":"https:\/\/xstyle.md\/wp-content\/uploads\/2021\/04\/file_30_4.png","contentUrl":"https:\/\/xstyle.md\/wp-content\/uploads\/2021\/04\/file_30_4.png","width":624,"height":598},{"@type":"BreadcrumbList","@id":"https:\/\/xstyle.md\/product\/botinki-olang-carla-nero\/#breadcrumb","itemListElement":[{"@type":"ListItem","position":1,"name":"\u0413\u043b\u0430\u0432\u043d\u0430\u044f \u0441\u0442\u0440\u0430\u043d\u0438\u0446\u0430","item":"https:\/\/xstyle.md\/"},{"@type":"ListItem","position":2,"name":"\u041c\u0430\u0433\u0430\u0437\u0438\u043d","item":"https:\/\/xstyle.md\/shop\/"},{"@type":"ListItem","position":3,"name":"\u0421\u0430\u043f\u043e\u0433\u0438 Olang Carla nero"}]},{"@type":"WebSite","@id":"https:\/\/xstyle.md\/#website","url":"https:\/\/xstyle.md\/","name":"Magazinul X-Style","description":"Echipamente pentru turism \u0219i sporturi extreme \u00een Moldova. Pre\u021buri, fotografii, caracteristici \u00een Moldova.","publisher":{"@id":"https:\/\/xstyle.md\/#organization"},"alternateName":"X-Style","potentialAction":[{"@type":"SearchAction","target":{"@type":"EntryPoint","urlTemplate":"https:\/\/xstyle.md\/?s={search_term_string}"},"query-input":{"@type":"PropertyValueSpecification","valueRequired":true,"valueName":"search_term_string"}}],"inLanguage":"ro-RO"},{"@type":"Organization","@id":"https:\/\/xstyle.md\/#organization","name":"Magazinul X-Style","alternateName":"x-style","url":"https:\/\/xstyle.md\/","logo":{"@type":"ImageObject","inLanguage":"ro-RO","@id":"https:\/\/xstyle.md\/#\/schema\/logo\/image\/","url":"https:\/\/xstyle.md\/wp-content\/uploads\/2020\/06\/logoicon.svg","contentUrl":"https:\/\/xstyle.md\/wp-content\/uploads\/2020\/06\/logoicon.svg","caption":"\u041c\u0430\u0433\u0430\u0437\u0438\u043d Xstyle"},"image":{"@id":"https:\/\/xstyle.md\/#\/schema\/logo\/image\/"},"sameAs":["https:\/\/www.facebook.com\/xstylemd","https:\/\/www.instagram.com\/xstyle_md\/","https:\/\/t.me\/xstyle_outdoor"],"hasMerchantReturnPolicy":{"@type":"MerchantReturnPolicy","merchantReturnLink":"https:\/\/xstyle.md\/ro\/conditions\/"}}]},"product_price_amount":"2560.00","product_price_currency":"MDL","og_availability":"instock","product_availability":"instock","product_retailer_item_id":"8026556509127","product_condition":"new"},"post_mailing_queue_ids":[],"_links":{"self":[{"href":"https:\/\/xstyle.md\/ro\/wp-json\/wp\/v2\/product\/30295","targetHints":{"allow":["GET"]}}],"collection":[{"href":"https:\/\/xstyle.md\/ro\/wp-json\/wp\/v2\/product"}],"about":[{"href":"https:\/\/xstyle.md\/ro\/wp-json\/wp\/v2\/types\/product"}],"replies":[{"embeddable":true,"href":"https:\/\/xstyle.md\/ro\/wp-json\/wp\/v2\/comments?post=30295"}],"wp:featuredmedia":[{"embeddable":true,"href":"https:\/\/xstyle.md\/ro\/wp-json\/wp\/v2\/media\/30290"}],"wp:attachment":[{"href":"https:\/\/xstyle.md\/ro\/wp-json\/wp\/v2\/media?parent=30295"}],"wp:term":[{"taxonomy":"product_brand","embeddable":true,"href":"https:\/\/xstyle.md\/ro\/wp-json\/wp\/v2\/product_brand?post=30295"},{"taxonomy":"product_cat","embeddable":true,"href":"https:\/\/xstyle.md\/ro\/wp-json\/wp\/v2\/product_cat?post=30295"},{"taxonomy":"product_tag","embeddable":true,"href":"https:\/\/xstyle.md\/ro\/wp-json\/wp\/v2\/product_tag?post=30295"}],"curies":[{"name":"wp","href":"https:\/\/api.w.org\/{rel}","templated":true}]}}