{"id":30265,"date":"2021-04-28T14:30:04","date_gmt":"2021-04-28T11:30:04","guid":{"rendered":"https:\/\/xstyle.md\/product\/turisticheskaja-karta-chernogora\/"},"modified":"2026-03-19T16:25:28","modified_gmt":"2026-03-19T13:25:28","slug":"turisticheskaja-karta-chernogora","status":"publish","type":"product","link":"https:\/\/xstyle.md\/ro\/produs\/turisticheskaja-karta-chernogora\/","title":{"rendered":"\u0422\u0443\u0440\u0438\u0441\u0442\u0438\u0447\u0435\u0441\u043a\u0430\u044f \u043a\u0430\u0440\u0442\u0430 &#171;\u0427\u0435\u0440\u043d\u043e\u0433\u043e\u0440\u0430&#187;"},"content":{"rendered":"<\/p>\n<p><strong>Harta turistic\u0103 &#171;Chernogora&#187;<\/strong><\/p>\n<p>Harta este publicat\u0103 direct de c\u0103tre autor. \u00cen varianta actualizat\u0103 sunt verificate suplimentar ie\u0219irile spre \u0490ropa polonina prin pol. Polivny, precum \u0219i urcarea spre muntele Munchel (Menchul) prin Pol. Cufrova \u0219i a fost ad\u0103ugat un nou drum \u00een zona satului Lugi.<\/p>\n<h3>Particularit\u0103\u021bi<\/h3>\n<ul>\n<li>Harta include trasee de drume\u021bie marcate la nivel local<\/li>\n<li>Harta con\u021bine numerele de telefon ale serviciilor de urgen\u021b\u0103<\/li>\n<\/ul>\n<h3>Caracteristici<\/h3>\n<ul>\n<li>Scara h\u0103r\u021bii: 1: 50 000<\/li>\n<li>Grila de coordonate: WGS-84<\/li>\n<li>Dimensiunea h\u0103r\u021bii: 690 x 480 mm<\/li>\n<li>Numele h\u0103r\u021bii \u00een ucrainean\u0103 \u0219i englez\u0103 (transliterare)<\/li>\n<\/ul>\n<p><\/p>","protected":false},"excerpt":{"rendered":"<p>\u0422\u0443\u0440\u0438\u0441\u0442\u0438\u0447\u0435\u0441\u043a\u0430\u044f \u043a\u0430\u0440\u0442\u0430 &#171;\u0427\u0435\u0440\u043d\u043e\u0433\u043e\u0440\u0430&#187;<\/p>","protected":false},"featured_media":71258,"comment_status":"open","ping_status":"closed","template":"","meta":{"_acf_changed":false,"inline_featured_image":false},"product_brand":[1504],"product_cat":[929],"product_tag":[],"class_list":{"0":"post-30265","1":"product","2":"type-product","3":"status-publish","4":"has-post-thumbnail","6":"product_brand-stezhki-ta-mapi","7":"product_cat-maps","9":"first","10":"outofstock","11":"shipping-taxable","12":"product-type-simple"},"acf":[],"yoast_head":"<!-- This site is optimized with the Yoast SEO plugin v27.2 - https:\/\/yoast.com\/product\/yoast-seo-wordpress\/ -->\n<title>\u0422\u0443\u0440\u0438\u0441\u0442\u0438\u0447\u0435\u0441\u043a\u0430\u044f \u043a\u0430\u0440\u0442\u0430 &quot;\u0427\u0435\u0440\u043d\u043e\u0433\u043e\u0440\u0430&quot; - \u041c\u0430\u0433\u0430\u0437\u0438\u043d Xstyle<\/title>\n<meta name=\"description\" content=\"\u0422\u0443\u0440\u0438\u0441\u0442\u0438\u0447\u0435\u0441\u043a\u0430\u044f \u043a\u0430\u0440\u0442\u0430 &quot;\u0427\u0435\u0440\u043d\u043e\u0433\u043e\u0440\u0430&quot; \u0432 \u043c\u0430\u0441\u0448\u0442\u0430\u0431\u0435 1:50 000. \u041e\u0431\u043d\u043e\u0432\u043b\u0435\u043d\u043d\u0430\u044f \u0438\u043d\u0444\u043e\u0440\u043c\u0430\u0446\u0438\u044f \u043e \u043c\u0430\u0440\u0448\u0440\u0443\u0442\u0430\u0445 \u0438 \u044d\u043a\u0441\u0442\u0440\u0435\u043d\u043d\u044b\u0445 \u0441\u043b\u0443\u0436\u0431\u0430\u0445. \u0418\u0434\u0435\u0430\u043b\u044c\u043d\u0430 \u0434\u043b\u044f \u0430\u043a\u0442\u0438\u0432\u043d\u043e\u0433\u043e \u043e\u0442\u0434\u044b\u0445\u0430 \u043d\u0430 \u043f\u0440\u0438\u0440\u043e\u0434\u0435!\" \/>\n<meta name=\"robots\" content=\"index, follow, max-snippet:-1, max-image-preview:large, max-video-preview:-1\" \/>\n<link rel=\"canonical\" href=\"https:\/\/xstyle.md\/ro\/produs\/turisticheskaja-karta-chernogora\/\" \/>\n<meta property=\"og:locale\" content=\"ro_RO\" \/>\n<meta property=\"og:type\" content=\"article\" \/>\n<meta property=\"og:title\" content=\"\u0422\u0443\u0440\u0438\u0441\u0442\u0438\u0447\u0435\u0441\u043a\u0430\u044f \u043a\u0430\u0440\u0442\u0430 &quot;\u0427\u0435\u0440\u043d\u043e\u0433\u043e\u0440\u0430&quot; - \u041c\u0430\u0433\u0430\u0437\u0438\u043d Xstyle\" \/>\n<meta property=\"og:description\" content=\"\u0422\u0443\u0440\u0438\u0441\u0442\u0438\u0447\u0435\u0441\u043a\u0430\u044f \u043a\u0430\u0440\u0442\u0430 &quot;\u0427\u0435\u0440\u043d\u043e\u0433\u043e\u0440\u0430&quot; \u0432 \u043c\u0430\u0441\u0448\u0442\u0430\u0431\u0435 1:50 000. \u041e\u0431\u043d\u043e\u0432\u043b\u0435\u043d\u043d\u0430\u044f \u0438\u043d\u0444\u043e\u0440\u043c\u0430\u0446\u0438\u044f \u043e \u043c\u0430\u0440\u0448\u0440\u0443\u0442\u0430\u0445 \u0438 \u044d\u043a\u0441\u0442\u0440\u0435\u043d\u043d\u044b\u0445 \u0441\u043b\u0443\u0436\u0431\u0430\u0445. \u0418\u0434\u0435\u0430\u043b\u044c\u043d\u0430 \u0434\u043b\u044f \u0430\u043a\u0442\u0438\u0432\u043d\u043e\u0433\u043e \u043e\u0442\u0434\u044b\u0445\u0430 \u043d\u0430 \u043f\u0440\u0438\u0440\u043e\u0434\u0435!\" \/>\n<meta property=\"og:url\" content=\"https:\/\/xstyle.md\/ro\/produs\/turisticheskaja-karta-chernogora\/\" \/>\n<meta property=\"og:site_name\" content=\"\u041c\u0430\u0433\u0430\u0437\u0438\u043d Xstyle\" \/>\n<meta property=\"article:publisher\" content=\"https:\/\/www.facebook.com\/xstylemd\" \/>\n<meta property=\"article:modified_time\" content=\"2026-03-19T13:25:28+00:00\" \/>\n<meta property=\"og:image\" content=\"https:\/\/xstyle.md\/wp-content\/uploads\/2021\/04\/chernogora1-0.jpg\" \/>\n\t<meta property=\"og:image:width\" content=\"602\" \/>\n\t<meta property=\"og:image:height\" content=\"682\" \/>\n\t<meta property=\"og:image:type\" content=\"image\/jpeg\" \/>\n<meta name=\"twitter:card\" content=\"summary_large_image\" \/>\n<meta name=\"twitter:label1\" content=\"Pre\u021b\" \/>\n\t<meta name=\"twitter:data1\" content=\"45&nbsp;MDL\" \/>\n\t<meta name=\"twitter:label2\" content=\"Disponibilitate\" \/>\n\t<meta name=\"twitter:data2\" content=\"Stoc epuizat\" \/>\n<script type=\"application\/ld+json\" class=\"yoast-schema-graph\">{\"@context\":\"https:\/\/schema.org\",\"@graph\":[{\"@type\":\"WebPage\",\"@id\":\"https:\/\/xstyle.md\/product\/turisticheskaja-karta-chernogora\/\",\"url\":\"https:\/\/xstyle.md\/product\/turisticheskaja-karta-chernogora\/\",\"name\":\"\u0422\u0443\u0440\u0438\u0441\u0442\u0438\u0447\u0435\u0441\u043a\u0430\u044f \u043a\u0430\u0440\u0442\u0430 \\\"\u0427\u0435\u0440\u043d\u043e\u0433\u043e\u0440\u0430\\\" - \u041c\u0430\u0433\u0430\u0437\u0438\u043d Xstyle\",\"isPartOf\":{\"@id\":\"https:\/\/xstyle.md\/#website\"},\"primaryImageOfPage\":{\"@id\":\"https:\/\/xstyle.md\/product\/turisticheskaja-karta-chernogora\/#primaryimage\"},\"image\":{\"@id\":\"https:\/\/xstyle.md\/product\/turisticheskaja-karta-chernogora\/#primaryimage\"},\"thumbnailUrl\":\"https:\/\/xstyle.md\/wp-content\/uploads\/2021\/04\/chernogora1-0.jpg\",\"datePublished\":\"2021-04-28T11:30:04+00:00\",\"dateModified\":\"2026-03-19T13:25:28+00:00\",\"description\":\"\u0422\u0443\u0440\u0438\u0441\u0442\u0438\u0447\u0435\u0441\u043a\u0430\u044f \u043a\u0430\u0440\u0442\u0430 \\\"\u0427\u0435\u0440\u043d\u043e\u0433\u043e\u0440\u0430\\\" \u0432 \u043c\u0430\u0441\u0448\u0442\u0430\u0431\u0435 1:50 000. \u041e\u0431\u043d\u043e\u0432\u043b\u0435\u043d\u043d\u0430\u044f \u0438\u043d\u0444\u043e\u0440\u043c\u0430\u0446\u0438\u044f \u043e \u043c\u0430\u0440\u0448\u0440\u0443\u0442\u0430\u0445 \u0438 \u044d\u043a\u0441\u0442\u0440\u0435\u043d\u043d\u044b\u0445 \u0441\u043b\u0443\u0436\u0431\u0430\u0445. \u0418\u0434\u0435\u0430\u043b\u044c\u043d\u0430 \u0434\u043b\u044f \u0430\u043a\u0442\u0438\u0432\u043d\u043e\u0433\u043e \u043e\u0442\u0434\u044b\u0445\u0430 \u043d\u0430 \u043f\u0440\u0438\u0440\u043e\u0434\u0435!\",\"breadcrumb\":{\"@id\":\"https:\/\/xstyle.md\/product\/turisticheskaja-karta-chernogora\/#breadcrumb\"},\"inLanguage\":\"ro-RO\",\"potentialAction\":[{\"@type\":\"ReadAction\",\"target\":[\"https:\/\/xstyle.md\/product\/turisticheskaja-karta-chernogora\/\"]}]},{\"@type\":\"ImageObject\",\"inLanguage\":\"ro-RO\",\"@id\":\"https:\/\/xstyle.md\/product\/turisticheskaja-karta-chernogora\/#primaryimage\",\"url\":\"https:\/\/xstyle.md\/wp-content\/uploads\/2021\/04\/chernogora1-0.jpg\",\"contentUrl\":\"https:\/\/xstyle.md\/wp-content\/uploads\/2021\/04\/chernogora1-0.jpg\",\"width\":602,\"height\":682,\"caption\":\"\u0422\u0443\u0440\u0438\u0441\u0442\u0438\u0447\u0435\u0441\u043a\u0430\u044f \u043a\u0430\u0440\u0442\u0430 \u0427\u0435\u0440\u043d\u043e\u0433\u043e\u0440\u044b \u0434\u043b\u044f \u0430\u043a\u0442\u0438\u0432\u043d\u043e\u0433\u043e \u043e\u0442\u0434\u044b\u0445\u0430, \u043f\u043e\u0445\u043e\u0434\u043e\u0432, \u0433\u043e\u0440\u043d\u043e\u0439 \u043e\u0431\u0443\u0432\u0438 \u0438 \u043e\u0434\u0435\u0436\u0434\u044b \u0434\u043b\u044f \u043f\u0443\u0442\u0435\u0448\u0435\u0441\u0442\u0432\u0438\u0439 \u0438 \u0430\u043b\u044c\u043f\u0438\u043d\u0438\u0437\u043c\u0430\"},{\"@type\":\"BreadcrumbList\",\"@id\":\"https:\/\/xstyle.md\/product\/turisticheskaja-karta-chernogora\/#breadcrumb\",\"itemListElement\":[{\"@type\":\"ListItem\",\"position\":1,\"name\":\"\u0413\u043b\u0430\u0432\u043d\u0430\u044f \u0441\u0442\u0440\u0430\u043d\u0438\u0446\u0430\",\"item\":\"https:\/\/xstyle.md\/\"},{\"@type\":\"ListItem\",\"position\":2,\"name\":\"\u041c\u0430\u0433\u0430\u0437\u0438\u043d\",\"item\":\"https:\/\/xstyle.md\/shop\/\"},{\"@type\":\"ListItem\",\"position\":3,\"name\":\"\u0422\u0443\u0440\u0438\u0441\u0442\u0438\u0447\u0435\u0441\u043a\u0430\u044f \u043a\u0430\u0440\u0442\u0430 &#8220;\u0427\u0435\u0440\u043d\u043e\u0433\u043e\u0440\u0430&#8221;\"}]},{\"@type\":\"WebSite\",\"@id\":\"https:\/\/xstyle.md\/#website\",\"url\":\"https:\/\/xstyle.md\/\",\"name\":\"\u041c\u0430\u0433\u0430\u0437\u0438\u043d Xstyle\",\"description\":\"C\u043d\u0430\u0440\u044f\u0436\u0435\u043d\u0438\u0435 \u0434\u043b\u044f \u0442\u0443\u0440\u0438\u0437\u043c\u0430 \u0438 \u044d\u043a\u0441\u0442\u0440\u0435\u043c\u0430\u043b\u044c\u043d\u044b\u0445 \u0432\u0438\u0434\u043e\u0432 \u0441\u043f\u043e\u0440\u0442\u0430 \u0432 \u041c\u043e\u043b\u0434\u043e\u0432\u0435.. \u0426\u0435\u043d\u044b, \u0444\u043e\u0442\u043e, \u0445\u0430\u0440\u0430\u043a\u0442\u0435\u0440\u0438\u0441\u0442\u0438\u043a\u0438 \u0432 \u041c\u043e\u043b\u0434\u043e\u0432\u0435.\",\"publisher\":{\"@id\":\"https:\/\/xstyle.md\/#organization\"},\"alternateName\":\"X-Style\",\"potentialAction\":[{\"@type\":\"SearchAction\",\"target\":{\"@type\":\"EntryPoint\",\"urlTemplate\":\"https:\/\/xstyle.md\/?s={search_term_string}\"},\"query-input\":{\"@type\":\"PropertyValueSpecification\",\"valueRequired\":true,\"valueName\":\"search_term_string\"}}],\"inLanguage\":\"ro-RO\"},{\"@type\":\"Organization\",\"@id\":\"https:\/\/xstyle.md\/#organization\",\"name\":\"\u041c\u0430\u0433\u0430\u0437\u0438\u043d Xstyle\",\"alternateName\":\"x-style\",\"url\":\"https:\/\/xstyle.md\/\",\"logo\":{\"@type\":\"ImageObject\",\"inLanguage\":\"ro-RO\",\"@id\":\"https:\/\/xstyle.md\/#\/schema\/logo\/image\/\",\"url\":\"https:\/\/xstyle.md\/wp-content\/uploads\/2020\/06\/logoicon.svg\",\"contentUrl\":\"https:\/\/xstyle.md\/wp-content\/uploads\/2020\/06\/logoicon.svg\",\"caption\":\"\u041c\u0430\u0433\u0430\u0437\u0438\u043d Xstyle\"},\"image\":{\"@id\":\"https:\/\/xstyle.md\/#\/schema\/logo\/image\/\"},\"sameAs\":[\"https:\/\/www.facebook.com\/xstylemd\",\"https:\/\/www.instagram.com\/xstyle_md\/\",\"https:\/\/t.me\/xstyle_outdoor\"],\"hasMerchantReturnPolicy\":{\"@type\":\"MerchantReturnPolicy\",\"merchantReturnLink\":\"https:\/\/xstyle.md\/ro\/conditions\/\"}}]}<\/script>\n<meta property=\"product:price:amount\" content=\"45.00\" \/>\n<meta property=\"product:price:currency\" content=\"MDL\" \/>\n<meta property=\"og:availability\" content=\"out of stock\" \/>\n<meta property=\"product:availability\" content=\"out of stock\" \/>\n<meta property=\"product:retailer_item_id\" content=\"9786177695072\" \/>\n<meta property=\"product:condition\" content=\"new\" \/>\n<!-- \/ Yoast SEO plugin. -->","yoast_head_json":{"title":"\u0422\u0443\u0440\u0438\u0441\u0442\u0438\u0447\u0435\u0441\u043a\u0430\u044f \u043a\u0430\u0440\u0442\u0430 \"\u0427\u0435\u0440\u043d\u043e\u0433\u043e\u0440\u0430\" - \u041c\u0430\u0433\u0430\u0437\u0438\u043d Xstyle","description":"\u0422\u0443\u0440\u0438\u0441\u0442\u0438\u0447\u0435\u0441\u043a\u0430\u044f \u043a\u0430\u0440\u0442\u0430 \"\u0427\u0435\u0440\u043d\u043e\u0433\u043e\u0440\u0430\" \u0432 \u043c\u0430\u0441\u0448\u0442\u0430\u0431\u0435 1:50 000. \u041e\u0431\u043d\u043e\u0432\u043b\u0435\u043d\u043d\u0430\u044f \u0438\u043d\u0444\u043e\u0440\u043c\u0430\u0446\u0438\u044f \u043e \u043c\u0430\u0440\u0448\u0440\u0443\u0442\u0430\u0445 \u0438 \u044d\u043a\u0441\u0442\u0440\u0435\u043d\u043d\u044b\u0445 \u0441\u043b\u0443\u0436\u0431\u0430\u0445. \u0418\u0434\u0435\u0430\u043b\u044c\u043d\u0430 \u0434\u043b\u044f \u0430\u043a\u0442\u0438\u0432\u043d\u043e\u0433\u043e \u043e\u0442\u0434\u044b\u0445\u0430 \u043d\u0430 \u043f\u0440\u0438\u0440\u043e\u0434\u0435!","robots":{"index":"index","follow":"follow","max-snippet":"max-snippet:-1","max-image-preview":"max-image-preview:large","max-video-preview":"max-video-preview:-1"},"canonical":"https:\/\/xstyle.md\/ro\/produs\/turisticheskaja-karta-chernogora\/","og_locale":"ro_RO","og_type":"article","og_title":"\u0422\u0443\u0440\u0438\u0441\u0442\u0438\u0447\u0435\u0441\u043a\u0430\u044f \u043a\u0430\u0440\u0442\u0430 \"\u0427\u0435\u0440\u043d\u043e\u0433\u043e\u0440\u0430\" - \u041c\u0430\u0433\u0430\u0437\u0438\u043d Xstyle","og_description":"\u0422\u0443\u0440\u0438\u0441\u0442\u0438\u0447\u0435\u0441\u043a\u0430\u044f \u043a\u0430\u0440\u0442\u0430 \"\u0427\u0435\u0440\u043d\u043e\u0433\u043e\u0440\u0430\" \u0432 \u043c\u0430\u0441\u0448\u0442\u0430\u0431\u0435 1:50 000. \u041e\u0431\u043d\u043e\u0432\u043b\u0435\u043d\u043d\u0430\u044f \u0438\u043d\u0444\u043e\u0440\u043c\u0430\u0446\u0438\u044f \u043e \u043c\u0430\u0440\u0448\u0440\u0443\u0442\u0430\u0445 \u0438 \u044d\u043a\u0441\u0442\u0440\u0435\u043d\u043d\u044b\u0445 \u0441\u043b\u0443\u0436\u0431\u0430\u0445. \u0418\u0434\u0435\u0430\u043b\u044c\u043d\u0430 \u0434\u043b\u044f \u0430\u043a\u0442\u0438\u0432\u043d\u043e\u0433\u043e \u043e\u0442\u0434\u044b\u0445\u0430 \u043d\u0430 \u043f\u0440\u0438\u0440\u043e\u0434\u0435!","og_url":"https:\/\/xstyle.md\/ro\/produs\/turisticheskaja-karta-chernogora\/","og_site_name":"\u041c\u0430\u0433\u0430\u0437\u0438\u043d Xstyle","article_publisher":"https:\/\/www.facebook.com\/xstylemd","article_modified_time":"2026-03-19T13:25:28+00:00","og_image":[{"width":602,"height":682,"url":"https:\/\/xstyle.md\/wp-content\/uploads\/2021\/04\/chernogora1-0.jpg","type":"image\/jpeg"}],"twitter_card":"summary_large_image","twitter_misc":{"Pre\u021b":"45&nbsp;MDL","Disponibilitate":"Stoc epuizat"},"schema":{"@context":"https:\/\/schema.org","@graph":[{"@type":"WebPage","@id":"https:\/\/xstyle.md\/product\/turisticheskaja-karta-chernogora\/","url":"https:\/\/xstyle.md\/product\/turisticheskaja-karta-chernogora\/","name":"\u0422\u0443\u0440\u0438\u0441\u0442\u0438\u0447\u0435\u0441\u043a\u0430\u044f \u043a\u0430\u0440\u0442\u0430 \"\u0427\u0435\u0440\u043d\u043e\u0433\u043e\u0440\u0430\" - \u041c\u0430\u0433\u0430\u0437\u0438\u043d Xstyle","isPartOf":{"@id":"https:\/\/xstyle.md\/#website"},"primaryImageOfPage":{"@id":"https:\/\/xstyle.md\/product\/turisticheskaja-karta-chernogora\/#primaryimage"},"image":{"@id":"https:\/\/xstyle.md\/product\/turisticheskaja-karta-chernogora\/#primaryimage"},"thumbnailUrl":"https:\/\/xstyle.md\/wp-content\/uploads\/2021\/04\/chernogora1-0.jpg","datePublished":"2021-04-28T11:30:04+00:00","dateModified":"2026-03-19T13:25:28+00:00","description":"\u0422\u0443\u0440\u0438\u0441\u0442\u0438\u0447\u0435\u0441\u043a\u0430\u044f \u043a\u0430\u0440\u0442\u0430 \"\u0427\u0435\u0440\u043d\u043e\u0433\u043e\u0440\u0430\" \u0432 \u043c\u0430\u0441\u0448\u0442\u0430\u0431\u0435 1:50 000. \u041e\u0431\u043d\u043e\u0432\u043b\u0435\u043d\u043d\u0430\u044f \u0438\u043d\u0444\u043e\u0440\u043c\u0430\u0446\u0438\u044f \u043e \u043c\u0430\u0440\u0448\u0440\u0443\u0442\u0430\u0445 \u0438 \u044d\u043a\u0441\u0442\u0440\u0435\u043d\u043d\u044b\u0445 \u0441\u043b\u0443\u0436\u0431\u0430\u0445. \u0418\u0434\u0435\u0430\u043b\u044c\u043d\u0430 \u0434\u043b\u044f \u0430\u043a\u0442\u0438\u0432\u043d\u043e\u0433\u043e \u043e\u0442\u0434\u044b\u0445\u0430 \u043d\u0430 \u043f\u0440\u0438\u0440\u043e\u0434\u0435!","breadcrumb":{"@id":"https:\/\/xstyle.md\/product\/turisticheskaja-karta-chernogora\/#breadcrumb"},"inLanguage":"ro-RO","potentialAction":[{"@type":"ReadAction","target":["https:\/\/xstyle.md\/product\/turisticheskaja-karta-chernogora\/"]}]},{"@type":"ImageObject","inLanguage":"ro-RO","@id":"https:\/\/xstyle.md\/product\/turisticheskaja-karta-chernogora\/#primaryimage","url":"https:\/\/xstyle.md\/wp-content\/uploads\/2021\/04\/chernogora1-0.jpg","contentUrl":"https:\/\/xstyle.md\/wp-content\/uploads\/2021\/04\/chernogora1-0.jpg","width":602,"height":682,"caption":"\u0422\u0443\u0440\u0438\u0441\u0442\u0438\u0447\u0435\u0441\u043a\u0430\u044f \u043a\u0430\u0440\u0442\u0430 \u0427\u0435\u0440\u043d\u043e\u0433\u043e\u0440\u044b \u0434\u043b\u044f \u0430\u043a\u0442\u0438\u0432\u043d\u043e\u0433\u043e \u043e\u0442\u0434\u044b\u0445\u0430, \u043f\u043e\u0445\u043e\u0434\u043e\u0432, \u0433\u043e\u0440\u043d\u043e\u0439 \u043e\u0431\u0443\u0432\u0438 \u0438 \u043e\u0434\u0435\u0436\u0434\u044b \u0434\u043b\u044f \u043f\u0443\u0442\u0435\u0448\u0435\u0441\u0442\u0432\u0438\u0439 \u0438 \u0430\u043b\u044c\u043f\u0438\u043d\u0438\u0437\u043c\u0430"},{"@type":"BreadcrumbList","@id":"https:\/\/xstyle.md\/product\/turisticheskaja-karta-chernogora\/#breadcrumb","itemListElement":[{"@type":"ListItem","position":1,"name":"\u0413\u043b\u0430\u0432\u043d\u0430\u044f \u0441\u0442\u0440\u0430\u043d\u0438\u0446\u0430","item":"https:\/\/xstyle.md\/"},{"@type":"ListItem","position":2,"name":"\u041c\u0430\u0433\u0430\u0437\u0438\u043d","item":"https:\/\/xstyle.md\/shop\/"},{"@type":"ListItem","position":3,"name":"\u0422\u0443\u0440\u0438\u0441\u0442\u0438\u0447\u0435\u0441\u043a\u0430\u044f \u043a\u0430\u0440\u0442\u0430 &#8220;\u0427\u0435\u0440\u043d\u043e\u0433\u043e\u0440\u0430&#8221;"}]},{"@type":"WebSite","@id":"https:\/\/xstyle.md\/#website","url":"https:\/\/xstyle.md\/","name":"Magazinul X-Style","description":"Echipamente pentru turism \u0219i sporturi extreme \u00een Moldova. Pre\u021buri, fotografii, caracteristici \u00een Moldova.","publisher":{"@id":"https:\/\/xstyle.md\/#organization"},"alternateName":"X-Style","potentialAction":[{"@type":"SearchAction","target":{"@type":"EntryPoint","urlTemplate":"https:\/\/xstyle.md\/?s={search_term_string}"},"query-input":{"@type":"PropertyValueSpecification","valueRequired":true,"valueName":"search_term_string"}}],"inLanguage":"ro-RO"},{"@type":"Organization","@id":"https:\/\/xstyle.md\/#organization","name":"Magazinul X-Style","alternateName":"x-style","url":"https:\/\/xstyle.md\/","logo":{"@type":"ImageObject","inLanguage":"ro-RO","@id":"https:\/\/xstyle.md\/#\/schema\/logo\/image\/","url":"https:\/\/xstyle.md\/wp-content\/uploads\/2020\/06\/logoicon.svg","contentUrl":"https:\/\/xstyle.md\/wp-content\/uploads\/2020\/06\/logoicon.svg","caption":"\u041c\u0430\u0433\u0430\u0437\u0438\u043d Xstyle"},"image":{"@id":"https:\/\/xstyle.md\/#\/schema\/logo\/image\/"},"sameAs":["https:\/\/www.facebook.com\/xstylemd","https:\/\/www.instagram.com\/xstyle_md\/","https:\/\/t.me\/xstyle_outdoor"],"hasMerchantReturnPolicy":{"@type":"MerchantReturnPolicy","merchantReturnLink":"https:\/\/xstyle.md\/ro\/conditions\/"}}]},"product_price_amount":"45.00","product_price_currency":"MDL","og_availability":"out of stock","product_availability":"out of stock","product_retailer_item_id":"9786177695072","product_condition":"new"},"post_mailing_queue_ids":[],"_links":{"self":[{"href":"https:\/\/xstyle.md\/ro\/wp-json\/wp\/v2\/product\/30265","targetHints":{"allow":["GET"]}}],"collection":[{"href":"https:\/\/xstyle.md\/ro\/wp-json\/wp\/v2\/product"}],"about":[{"href":"https:\/\/xstyle.md\/ro\/wp-json\/wp\/v2\/types\/product"}],"replies":[{"embeddable":true,"href":"https:\/\/xstyle.md\/ro\/wp-json\/wp\/v2\/comments?post=30265"}],"wp:featuredmedia":[{"embeddable":true,"href":"https:\/\/xstyle.md\/ro\/wp-json\/wp\/v2\/media\/71258"}],"wp:attachment":[{"href":"https:\/\/xstyle.md\/ro\/wp-json\/wp\/v2\/media?parent=30265"}],"wp:term":[{"taxonomy":"product_brand","embeddable":true,"href":"https:\/\/xstyle.md\/ro\/wp-json\/wp\/v2\/product_brand?post=30265"},{"taxonomy":"product_cat","embeddable":true,"href":"https:\/\/xstyle.md\/ro\/wp-json\/wp\/v2\/product_cat?post=30265"},{"taxonomy":"product_tag","embeddable":true,"href":"https:\/\/xstyle.md\/ro\/wp-json\/wp\/v2\/product_tag?post=30265"}],"curies":[{"name":"wp","href":"https:\/\/api.w.org\/{rel}","templated":true}]}}