{"id":30259,"date":"2021-04-28T14:29:47","date_gmt":"2021-04-28T11:29:47","guid":{"rendered":"https:\/\/xstyle.md\/product\/turisticheskaja-karta-marmarosy-laminirovannaja\/"},"modified":"2024-10-24T22:25:57","modified_gmt":"2024-10-24T19:25:57","slug":"turisticheskaja-karta-marmarosy-laminirovannaja","status":"publish","type":"product","link":"https:\/\/xstyle.md\/ro\/produs\/turisticheskaja-karta-marmarosy-laminirovannaja\/","title":{"rendered":"\u0422\u0443\u0440\u0438\u0441\u0442\u0438\u0447\u0435\u0441\u043a\u0430\u044f \u043a\u0430\u0440\u0442\u0430 &#171;\u041c\u0430\u0440\u043c\u0430\u0440\u043e\u0441\u044b&#187; \u043b\u0430\u043c\u0438\u043d\u0438\u0440\u043e\u0432\u0430\u043d\u043d\u0430\u044f"},"content":{"rendered":"<\/p>\n<p><strong>Hart\u0103 turistic\u0103 laminat\u0103 \u201eMarmaros\u201d.<\/strong><\/p>\n<p>Harta a fost creat\u0103 pe baza muncii \u201ede teren\u201d efectuate de Funda\u021bia regional\u0103 Ivano-Frankivsk \u201eCarpathian Paths\u201d, care este direct implicat\u0103 \u00een marcarea traseelor de drume\u021bie \u0219i instalarea de indicatoare \u00een Carpa\u021bii ucraineni. Cercetarea teritoriilor a fost realizat\u0103 \u00een toamna anului 2011. &#8212; iunie 2013 \u0219i au fost verificate majoritatea crestelor, v\u0103ilor \u0219i potecilor.<\/p>\n<p>A fost indicat\u0103 cea mai mare parte a Mun\u021bilor Hryniava (cu excep\u021bia crestei Pnevie) \u0219i cea mai mare parte a teritoriului noului Parc Na\u021bional Natural Verkhovyna. Sunt prezentate cele mai interesante v\u00e2rfuri rom\u00e2ne\u0219ti din apropierea grani\u021bei ucrainene. Sunt cartografiate traseele planificate a fi marcate \u00een Mun\u021bii Hri\u0219ni\u021ba, partea ucrainean\u0103 a Maramure\u0219ului \u0219i o parte din Mun\u021bii Civci.<\/p>\n<h3>Particularit\u0103\u021bi<\/h3>\n<ul>\n<li>Se prezint\u0103 procedura de ob\u021binere a permisului de \u0219edere \u00een f\u00e2\u0219ia de frontier\u0103 ucraineano-rom\u00e2n\u0103 \u0219i a permisului de trecere a frontierei ucraineano-rom\u00e2ne, inclusiv numerele de contact \u0219i adresele de e-mail ale poli\u021bi\u0219tilor de frontier\u0103 \u0219i ale posturilor de frontier\u0103<\/li>\n<li>Sunt prezentate informa\u021bii succinte despre ariile naturale protejate din Carpa\u021bi &#8212; Parcurile naturale na\u021bionale Carpa\u021bi \u0219i Verkhovyna, Rezerva\u021bia Biosferei Carpatice \u0219i Parcul Natural<\/li>\n<li>Mun\u021bii Maramure\u0219ului.<\/li>\n<li>Harta con\u021bine numerele de telefon ale serviciilor de urgen\u021b\u0103<\/li>\n<\/ul>\n<h3>Caracteristici<\/h3>\n<ul>\n<li>Scara h\u0103r\u021bii: 1: 50 000<\/li>\n<li>Grila de coordonate: WGS-84<\/li>\n<li>Dimensiunea h\u0103r\u021bii: 690 x 480 mm<\/li>\n<li>Numele h\u0103r\u021bii \u00een ucrainean\u0103 \u0219i englez\u0103 (transliterare)<\/li>\n<\/ul>\n<p><\/p>","protected":false},"excerpt":{"rendered":"<p>\u0422\u0443\u0440\u0438\u0441\u0442\u0438\u0447\u0435\u0441\u043a\u0430\u044f \u043a\u0430\u0440\u0442\u0430 &#171;\u041c\u0430\u0440\u043c\u0430\u0440\u043e\u0441\u044b&#187; \u043b\u0430\u043c\u0438\u043d\u0438\u0440\u043e\u0432\u0430\u043d\u043d\u0430\u044f<\/p>","protected":false},"featured_media":30258,"comment_status":"open","ping_status":"closed","template":"","meta":{"_acf_changed":false,"inline_featured_image":false},"product_brand":[1504],"product_cat":[929],"product_tag":[],"class_list":{"0":"post-30259","1":"product","2":"type-product","3":"status-publish","4":"has-post-thumbnail","6":"product_brand-stezhki-ta-mapi","7":"product_cat-maps","9":"first","10":"instock","11":"shipping-taxable","12":"purchasable","13":"product-type-simple"},"acf":[],"yoast_head":"<!-- This site is optimized with the Yoast SEO plugin v27.2 - https:\/\/yoast.com\/product\/yoast-seo-wordpress\/ -->\n<title>\u0422\u0443\u0440\u0438\u0441\u0442\u0438\u0447\u0435\u0441\u043a\u0430\u044f \u043a\u0430\u0440\u0442\u0430 &quot;\u041c\u0430\u0440\u043c\u0430\u0440\u043e\u0441\u044b&quot; \u043b\u0430\u043c\u0438\u043d\u0438\u0440\u043e\u0432\u0430\u043d\u043d\u0430\u044f - \u041c\u0430\u0433\u0430\u0437\u0438\u043d Xstyle<\/title>\n<meta name=\"description\" content=\"\u041e\u0442\u043a\u0440\u043e\u0439\u0442\u0435 \u043a\u0440\u0430\u0441\u043e\u0442\u044b \u0433\u043e\u0440\u043d\u043e\u0433\u043e \u043a\u0440\u0430\u044f \u0441 \u0442\u0443\u0440\u0438\u0441\u0442\u0438\u0447\u0435\u0441\u043a\u043e\u0439 \u043a\u0430\u0440\u0442\u043e\u0439 &quot;\u041c\u0430\u0440\u043c\u0430\u0440\u043e\u0441\u044b&quot;! \u041b\u0430\u043c\u0438\u043d\u0438\u0440\u043e\u0432\u0430\u043d\u043d\u0430\u044f, \u0443\u0434\u043e\u0431\u043d\u0430\u044f \u0438 \u0442\u043e\u0447\u043d\u0430\u044f \u0434\u043b\u044f \u0432\u0430\u0448\u0438\u0445 \u043f\u0440\u0438\u043a\u043b\u044e\u0447\u0435\u043d\u0438\u0439 \u0432 \u041a\u0430\u0440\u043f\u0430\u0442\u0430\u0445.\" \/>\n<meta name=\"robots\" content=\"index, follow, max-snippet:-1, max-image-preview:large, max-video-preview:-1\" \/>\n<link rel=\"canonical\" href=\"https:\/\/xstyle.md\/ro\/produs\/turisticheskaja-karta-marmarosy-laminirovannaja\/\" \/>\n<meta property=\"og:locale\" content=\"ro_RO\" \/>\n<meta property=\"og:type\" content=\"article\" \/>\n<meta property=\"og:title\" content=\"\u0422\u0443\u0440\u0438\u0441\u0442\u0438\u0447\u0435\u0441\u043a\u0430\u044f \u043a\u0430\u0440\u0442\u0430 &quot;\u041c\u0430\u0440\u043c\u0430\u0440\u043e\u0441\u044b&quot; \u043b\u0430\u043c\u0438\u043d\u0438\u0440\u043e\u0432\u0430\u043d\u043d\u0430\u044f - \u041c\u0430\u0433\u0430\u0437\u0438\u043d Xstyle\" \/>\n<meta property=\"og:description\" content=\"\u041e\u0442\u043a\u0440\u043e\u0439\u0442\u0435 \u043a\u0440\u0430\u0441\u043e\u0442\u044b \u0433\u043e\u0440\u043d\u043e\u0433\u043e \u043a\u0440\u0430\u044f \u0441 \u0442\u0443\u0440\u0438\u0441\u0442\u0438\u0447\u0435\u0441\u043a\u043e\u0439 \u043a\u0430\u0440\u0442\u043e\u0439 &quot;\u041c\u0430\u0440\u043c\u0430\u0440\u043e\u0441\u044b&quot;! \u041b\u0430\u043c\u0438\u043d\u0438\u0440\u043e\u0432\u0430\u043d\u043d\u0430\u044f, \u0443\u0434\u043e\u0431\u043d\u0430\u044f \u0438 \u0442\u043e\u0447\u043d\u0430\u044f \u0434\u043b\u044f \u0432\u0430\u0448\u0438\u0445 \u043f\u0440\u0438\u043a\u043b\u044e\u0447\u0435\u043d\u0438\u0439 \u0432 \u041a\u0430\u0440\u043f\u0430\u0442\u0430\u0445.\" \/>\n<meta property=\"og:url\" content=\"https:\/\/xstyle.md\/ro\/produs\/turisticheskaja-karta-marmarosy-laminirovannaja\/\" \/>\n<meta property=\"og:site_name\" content=\"\u041c\u0430\u0433\u0430\u0437\u0438\u043d Xstyle\" \/>\n<meta property=\"article:publisher\" content=\"https:\/\/www.facebook.com\/xstylemd\" \/>\n<meta property=\"article:modified_time\" content=\"2024-10-24T19:25:57+00:00\" \/>\n<meta property=\"og:image\" content=\"https:\/\/xstyle.md\/wp-content\/uploads\/2021\/04\/turisticheskaja-karta-marmarosy-stezhki-ta-mapi-875.jpg\" \/>\n\t<meta property=\"og:image:width\" content=\"306\" \/>\n\t<meta property=\"og:image:height\" content=\"630\" \/>\n\t<meta property=\"og:image:type\" content=\"image\/jpeg\" \/>\n<meta name=\"twitter:card\" content=\"summary_large_image\" \/>\n<meta name=\"twitter:label1\" content=\"Pre\u021b\" \/>\n\t<meta name=\"twitter:data1\" content=\"80&nbsp;MDL\" \/>\n\t<meta name=\"twitter:label2\" content=\"Disponibilitate\" \/>\n\t<meta name=\"twitter:data2\" content=\"\u00cen stoc\" \/>\n<script type=\"application\/ld+json\" class=\"yoast-schema-graph\">{\"@context\":\"https:\/\/schema.org\",\"@graph\":[{\"@type\":\"WebPage\",\"@id\":\"https:\/\/xstyle.md\/product\/turisticheskaja-karta-marmarosy-laminirovannaja\/\",\"url\":\"https:\/\/xstyle.md\/product\/turisticheskaja-karta-marmarosy-laminirovannaja\/\",\"name\":\"\u0422\u0443\u0440\u0438\u0441\u0442\u0438\u0447\u0435\u0441\u043a\u0430\u044f \u043a\u0430\u0440\u0442\u0430 \\\"\u041c\u0430\u0440\u043c\u0430\u0440\u043e\u0441\u044b\\\" \u043b\u0430\u043c\u0438\u043d\u0438\u0440\u043e\u0432\u0430\u043d\u043d\u0430\u044f - \u041c\u0430\u0433\u0430\u0437\u0438\u043d Xstyle\",\"isPartOf\":{\"@id\":\"https:\/\/xstyle.md\/#website\"},\"primaryImageOfPage\":{\"@id\":\"https:\/\/xstyle.md\/product\/turisticheskaja-karta-marmarosy-laminirovannaja\/#primaryimage\"},\"image\":{\"@id\":\"https:\/\/xstyle.md\/product\/turisticheskaja-karta-marmarosy-laminirovannaja\/#primaryimage\"},\"thumbnailUrl\":\"https:\/\/xstyle.md\/wp-content\/uploads\/2021\/04\/turisticheskaja-karta-marmarosy-stezhki-ta-mapi-875.jpg\",\"datePublished\":\"2021-04-28T11:29:47+00:00\",\"dateModified\":\"2024-10-24T19:25:57+00:00\",\"description\":\"\u041e\u0442\u043a\u0440\u043e\u0439\u0442\u0435 \u043a\u0440\u0430\u0441\u043e\u0442\u044b \u0433\u043e\u0440\u043d\u043e\u0433\u043e \u043a\u0440\u0430\u044f \u0441 \u0442\u0443\u0440\u0438\u0441\u0442\u0438\u0447\u0435\u0441\u043a\u043e\u0439 \u043a\u0430\u0440\u0442\u043e\u0439 \\\"\u041c\u0430\u0440\u043c\u0430\u0440\u043e\u0441\u044b\\\"! \u041b\u0430\u043c\u0438\u043d\u0438\u0440\u043e\u0432\u0430\u043d\u043d\u0430\u044f, \u0443\u0434\u043e\u0431\u043d\u0430\u044f \u0438 \u0442\u043e\u0447\u043d\u0430\u044f \u0434\u043b\u044f \u0432\u0430\u0448\u0438\u0445 \u043f\u0440\u0438\u043a\u043b\u044e\u0447\u0435\u043d\u0438\u0439 \u0432 \u041a\u0430\u0440\u043f\u0430\u0442\u0430\u0445.\",\"breadcrumb\":{\"@id\":\"https:\/\/xstyle.md\/product\/turisticheskaja-karta-marmarosy-laminirovannaja\/#breadcrumb\"},\"inLanguage\":\"ro-RO\",\"potentialAction\":[{\"@type\":\"ReadAction\",\"target\":[\"https:\/\/xstyle.md\/product\/turisticheskaja-karta-marmarosy-laminirovannaja\/\"]}]},{\"@type\":\"ImageObject\",\"inLanguage\":\"ro-RO\",\"@id\":\"https:\/\/xstyle.md\/product\/turisticheskaja-karta-marmarosy-laminirovannaja\/#primaryimage\",\"url\":\"https:\/\/xstyle.md\/wp-content\/uploads\/2021\/04\/turisticheskaja-karta-marmarosy-stezhki-ta-mapi-875.jpg\",\"contentUrl\":\"https:\/\/xstyle.md\/wp-content\/uploads\/2021\/04\/turisticheskaja-karta-marmarosy-stezhki-ta-mapi-875.jpg\",\"width\":306,\"height\":630},{\"@type\":\"BreadcrumbList\",\"@id\":\"https:\/\/xstyle.md\/product\/turisticheskaja-karta-marmarosy-laminirovannaja\/#breadcrumb\",\"itemListElement\":[{\"@type\":\"ListItem\",\"position\":1,\"name\":\"\u0413\u043b\u0430\u0432\u043d\u0430\u044f \u0441\u0442\u0440\u0430\u043d\u0438\u0446\u0430\",\"item\":\"https:\/\/xstyle.md\/\"},{\"@type\":\"ListItem\",\"position\":2,\"name\":\"\u041c\u0430\u0433\u0430\u0437\u0438\u043d\",\"item\":\"https:\/\/xstyle.md\/shop\/\"},{\"@type\":\"ListItem\",\"position\":3,\"name\":\"\u0422\u0443\u0440\u0438\u0441\u0442\u0438\u0447\u0435\u0441\u043a\u0430\u044f \u043a\u0430\u0440\u0442\u0430 &#8220;\u041c\u0430\u0440\u043c\u0430\u0440\u043e\u0441\u044b&#8221; \u043b\u0430\u043c\u0438\u043d\u0438\u0440\u043e\u0432\u0430\u043d\u043d\u0430\u044f\"}]},{\"@type\":\"WebSite\",\"@id\":\"https:\/\/xstyle.md\/#website\",\"url\":\"https:\/\/xstyle.md\/\",\"name\":\"\u041c\u0430\u0433\u0430\u0437\u0438\u043d Xstyle\",\"description\":\"C\u043d\u0430\u0440\u044f\u0436\u0435\u043d\u0438\u0435 \u0434\u043b\u044f \u0442\u0443\u0440\u0438\u0437\u043c\u0430 \u0438 \u044d\u043a\u0441\u0442\u0440\u0435\u043c\u0430\u043b\u044c\u043d\u044b\u0445 \u0432\u0438\u0434\u043e\u0432 \u0441\u043f\u043e\u0440\u0442\u0430 \u0432 \u041c\u043e\u043b\u0434\u043e\u0432\u0435.. \u0426\u0435\u043d\u044b, \u0444\u043e\u0442\u043e, \u0445\u0430\u0440\u0430\u043a\u0442\u0435\u0440\u0438\u0441\u0442\u0438\u043a\u0438 \u0432 \u041c\u043e\u043b\u0434\u043e\u0432\u0435.\",\"publisher\":{\"@id\":\"https:\/\/xstyle.md\/#organization\"},\"alternateName\":\"X-Style\",\"potentialAction\":[{\"@type\":\"SearchAction\",\"target\":{\"@type\":\"EntryPoint\",\"urlTemplate\":\"https:\/\/xstyle.md\/?s={search_term_string}\"},\"query-input\":{\"@type\":\"PropertyValueSpecification\",\"valueRequired\":true,\"valueName\":\"search_term_string\"}}],\"inLanguage\":\"ro-RO\"},{\"@type\":\"Organization\",\"@id\":\"https:\/\/xstyle.md\/#organization\",\"name\":\"\u041c\u0430\u0433\u0430\u0437\u0438\u043d Xstyle\",\"alternateName\":\"x-style\",\"url\":\"https:\/\/xstyle.md\/\",\"logo\":{\"@type\":\"ImageObject\",\"inLanguage\":\"ro-RO\",\"@id\":\"https:\/\/xstyle.md\/#\/schema\/logo\/image\/\",\"url\":\"https:\/\/xstyle.md\/wp-content\/uploads\/2020\/06\/logoicon.svg\",\"contentUrl\":\"https:\/\/xstyle.md\/wp-content\/uploads\/2020\/06\/logoicon.svg\",\"caption\":\"\u041c\u0430\u0433\u0430\u0437\u0438\u043d Xstyle\"},\"image\":{\"@id\":\"https:\/\/xstyle.md\/#\/schema\/logo\/image\/\"},\"sameAs\":[\"https:\/\/www.facebook.com\/xstylemd\",\"https:\/\/www.instagram.com\/xstyle_md\/\",\"https:\/\/t.me\/xstyle_outdoor\"],\"hasMerchantReturnPolicy\":{\"@type\":\"MerchantReturnPolicy\",\"merchantReturnLink\":\"https:\/\/xstyle.md\/ro\/conditions\/\"}}]}<\/script>\n<meta property=\"product:price:amount\" content=\"80.00\" \/>\n<meta property=\"product:price:currency\" content=\"MDL\" \/>\n<meta property=\"og:availability\" content=\"instock\" \/>\n<meta property=\"product:availability\" content=\"instock\" \/>\n<meta property=\"product:retailer_item_id\" content=\"9789669770264\" \/>\n<meta property=\"product:condition\" content=\"new\" \/>\n<!-- \/ Yoast SEO plugin. -->","yoast_head_json":{"title":"\u0422\u0443\u0440\u0438\u0441\u0442\u0438\u0447\u0435\u0441\u043a\u0430\u044f \u043a\u0430\u0440\u0442\u0430 \"\u041c\u0430\u0440\u043c\u0430\u0440\u043e\u0441\u044b\" \u043b\u0430\u043c\u0438\u043d\u0438\u0440\u043e\u0432\u0430\u043d\u043d\u0430\u044f - \u041c\u0430\u0433\u0430\u0437\u0438\u043d Xstyle","description":"\u041e\u0442\u043a\u0440\u043e\u0439\u0442\u0435 \u043a\u0440\u0430\u0441\u043e\u0442\u044b \u0433\u043e\u0440\u043d\u043e\u0433\u043e \u043a\u0440\u0430\u044f \u0441 \u0442\u0443\u0440\u0438\u0441\u0442\u0438\u0447\u0435\u0441\u043a\u043e\u0439 \u043a\u0430\u0440\u0442\u043e\u0439 \"\u041c\u0430\u0440\u043c\u0430\u0440\u043e\u0441\u044b\"! \u041b\u0430\u043c\u0438\u043d\u0438\u0440\u043e\u0432\u0430\u043d\u043d\u0430\u044f, \u0443\u0434\u043e\u0431\u043d\u0430\u044f \u0438 \u0442\u043e\u0447\u043d\u0430\u044f \u0434\u043b\u044f \u0432\u0430\u0448\u0438\u0445 \u043f\u0440\u0438\u043a\u043b\u044e\u0447\u0435\u043d\u0438\u0439 \u0432 \u041a\u0430\u0440\u043f\u0430\u0442\u0430\u0445.","robots":{"index":"index","follow":"follow","max-snippet":"max-snippet:-1","max-image-preview":"max-image-preview:large","max-video-preview":"max-video-preview:-1"},"canonical":"https:\/\/xstyle.md\/ro\/produs\/turisticheskaja-karta-marmarosy-laminirovannaja\/","og_locale":"ro_RO","og_type":"article","og_title":"\u0422\u0443\u0440\u0438\u0441\u0442\u0438\u0447\u0435\u0441\u043a\u0430\u044f \u043a\u0430\u0440\u0442\u0430 \"\u041c\u0430\u0440\u043c\u0430\u0440\u043e\u0441\u044b\" \u043b\u0430\u043c\u0438\u043d\u0438\u0440\u043e\u0432\u0430\u043d\u043d\u0430\u044f - \u041c\u0430\u0433\u0430\u0437\u0438\u043d Xstyle","og_description":"\u041e\u0442\u043a\u0440\u043e\u0439\u0442\u0435 \u043a\u0440\u0430\u0441\u043e\u0442\u044b \u0433\u043e\u0440\u043d\u043e\u0433\u043e \u043a\u0440\u0430\u044f \u0441 \u0442\u0443\u0440\u0438\u0441\u0442\u0438\u0447\u0435\u0441\u043a\u043e\u0439 \u043a\u0430\u0440\u0442\u043e\u0439 \"\u041c\u0430\u0440\u043c\u0430\u0440\u043e\u0441\u044b\"! \u041b\u0430\u043c\u0438\u043d\u0438\u0440\u043e\u0432\u0430\u043d\u043d\u0430\u044f, \u0443\u0434\u043e\u0431\u043d\u0430\u044f \u0438 \u0442\u043e\u0447\u043d\u0430\u044f \u0434\u043b\u044f \u0432\u0430\u0448\u0438\u0445 \u043f\u0440\u0438\u043a\u043b\u044e\u0447\u0435\u043d\u0438\u0439 \u0432 \u041a\u0430\u0440\u043f\u0430\u0442\u0430\u0445.","og_url":"https:\/\/xstyle.md\/ro\/produs\/turisticheskaja-karta-marmarosy-laminirovannaja\/","og_site_name":"\u041c\u0430\u0433\u0430\u0437\u0438\u043d Xstyle","article_publisher":"https:\/\/www.facebook.com\/xstylemd","article_modified_time":"2024-10-24T19:25:57+00:00","og_image":[{"width":306,"height":630,"url":"https:\/\/xstyle.md\/wp-content\/uploads\/2021\/04\/turisticheskaja-karta-marmarosy-stezhki-ta-mapi-875.jpg","type":"image\/jpeg"}],"twitter_card":"summary_large_image","twitter_misc":{"Pre\u021b":"80&nbsp;MDL","Disponibilitate":"\u00cen stoc"},"schema":{"@context":"https:\/\/schema.org","@graph":[{"@type":"WebPage","@id":"https:\/\/xstyle.md\/product\/turisticheskaja-karta-marmarosy-laminirovannaja\/","url":"https:\/\/xstyle.md\/product\/turisticheskaja-karta-marmarosy-laminirovannaja\/","name":"\u0422\u0443\u0440\u0438\u0441\u0442\u0438\u0447\u0435\u0441\u043a\u0430\u044f \u043a\u0430\u0440\u0442\u0430 \"\u041c\u0430\u0440\u043c\u0430\u0440\u043e\u0441\u044b\" \u043b\u0430\u043c\u0438\u043d\u0438\u0440\u043e\u0432\u0430\u043d\u043d\u0430\u044f - \u041c\u0430\u0433\u0430\u0437\u0438\u043d Xstyle","isPartOf":{"@id":"https:\/\/xstyle.md\/#website"},"primaryImageOfPage":{"@id":"https:\/\/xstyle.md\/product\/turisticheskaja-karta-marmarosy-laminirovannaja\/#primaryimage"},"image":{"@id":"https:\/\/xstyle.md\/product\/turisticheskaja-karta-marmarosy-laminirovannaja\/#primaryimage"},"thumbnailUrl":"https:\/\/xstyle.md\/wp-content\/uploads\/2021\/04\/turisticheskaja-karta-marmarosy-stezhki-ta-mapi-875.jpg","datePublished":"2021-04-28T11:29:47+00:00","dateModified":"2024-10-24T19:25:57+00:00","description":"\u041e\u0442\u043a\u0440\u043e\u0439\u0442\u0435 \u043a\u0440\u0430\u0441\u043e\u0442\u044b \u0433\u043e\u0440\u043d\u043e\u0433\u043e \u043a\u0440\u0430\u044f \u0441 \u0442\u0443\u0440\u0438\u0441\u0442\u0438\u0447\u0435\u0441\u043a\u043e\u0439 \u043a\u0430\u0440\u0442\u043e\u0439 \"\u041c\u0430\u0440\u043c\u0430\u0440\u043e\u0441\u044b\"! \u041b\u0430\u043c\u0438\u043d\u0438\u0440\u043e\u0432\u0430\u043d\u043d\u0430\u044f, \u0443\u0434\u043e\u0431\u043d\u0430\u044f \u0438 \u0442\u043e\u0447\u043d\u0430\u044f \u0434\u043b\u044f \u0432\u0430\u0448\u0438\u0445 \u043f\u0440\u0438\u043a\u043b\u044e\u0447\u0435\u043d\u0438\u0439 \u0432 \u041a\u0430\u0440\u043f\u0430\u0442\u0430\u0445.","breadcrumb":{"@id":"https:\/\/xstyle.md\/product\/turisticheskaja-karta-marmarosy-laminirovannaja\/#breadcrumb"},"inLanguage":"ro-RO","potentialAction":[{"@type":"ReadAction","target":["https:\/\/xstyle.md\/product\/turisticheskaja-karta-marmarosy-laminirovannaja\/"]}]},{"@type":"ImageObject","inLanguage":"ro-RO","@id":"https:\/\/xstyle.md\/product\/turisticheskaja-karta-marmarosy-laminirovannaja\/#primaryimage","url":"https:\/\/xstyle.md\/wp-content\/uploads\/2021\/04\/turisticheskaja-karta-marmarosy-stezhki-ta-mapi-875.jpg","contentUrl":"https:\/\/xstyle.md\/wp-content\/uploads\/2021\/04\/turisticheskaja-karta-marmarosy-stezhki-ta-mapi-875.jpg","width":306,"height":630},{"@type":"BreadcrumbList","@id":"https:\/\/xstyle.md\/product\/turisticheskaja-karta-marmarosy-laminirovannaja\/#breadcrumb","itemListElement":[{"@type":"ListItem","position":1,"name":"\u0413\u043b\u0430\u0432\u043d\u0430\u044f \u0441\u0442\u0440\u0430\u043d\u0438\u0446\u0430","item":"https:\/\/xstyle.md\/"},{"@type":"ListItem","position":2,"name":"\u041c\u0430\u0433\u0430\u0437\u0438\u043d","item":"https:\/\/xstyle.md\/shop\/"},{"@type":"ListItem","position":3,"name":"\u0422\u0443\u0440\u0438\u0441\u0442\u0438\u0447\u0435\u0441\u043a\u0430\u044f \u043a\u0430\u0440\u0442\u0430 &#8220;\u041c\u0430\u0440\u043c\u0430\u0440\u043e\u0441\u044b&#8221; \u043b\u0430\u043c\u0438\u043d\u0438\u0440\u043e\u0432\u0430\u043d\u043d\u0430\u044f"}]},{"@type":"WebSite","@id":"https:\/\/xstyle.md\/#website","url":"https:\/\/xstyle.md\/","name":"Magazinul X-Style","description":"Echipamente pentru turism \u0219i sporturi extreme \u00een Moldova. Pre\u021buri, fotografii, caracteristici \u00een Moldova.","publisher":{"@id":"https:\/\/xstyle.md\/#organization"},"alternateName":"X-Style","potentialAction":[{"@type":"SearchAction","target":{"@type":"EntryPoint","urlTemplate":"https:\/\/xstyle.md\/?s={search_term_string}"},"query-input":{"@type":"PropertyValueSpecification","valueRequired":true,"valueName":"search_term_string"}}],"inLanguage":"ro-RO"},{"@type":"Organization","@id":"https:\/\/xstyle.md\/#organization","name":"Magazinul X-Style","alternateName":"x-style","url":"https:\/\/xstyle.md\/","logo":{"@type":"ImageObject","inLanguage":"ro-RO","@id":"https:\/\/xstyle.md\/#\/schema\/logo\/image\/","url":"https:\/\/xstyle.md\/wp-content\/uploads\/2020\/06\/logoicon.svg","contentUrl":"https:\/\/xstyle.md\/wp-content\/uploads\/2020\/06\/logoicon.svg","caption":"\u041c\u0430\u0433\u0430\u0437\u0438\u043d Xstyle"},"image":{"@id":"https:\/\/xstyle.md\/#\/schema\/logo\/image\/"},"sameAs":["https:\/\/www.facebook.com\/xstylemd","https:\/\/www.instagram.com\/xstyle_md\/","https:\/\/t.me\/xstyle_outdoor"],"hasMerchantReturnPolicy":{"@type":"MerchantReturnPolicy","merchantReturnLink":"https:\/\/xstyle.md\/ro\/conditions\/"}}]},"product_price_amount":"80.00","product_price_currency":"MDL","og_availability":"instock","product_availability":"instock","product_retailer_item_id":"9789669770264","product_condition":"new"},"post_mailing_queue_ids":[],"_links":{"self":[{"href":"https:\/\/xstyle.md\/ro\/wp-json\/wp\/v2\/product\/30259","targetHints":{"allow":["GET"]}}],"collection":[{"href":"https:\/\/xstyle.md\/ro\/wp-json\/wp\/v2\/product"}],"about":[{"href":"https:\/\/xstyle.md\/ro\/wp-json\/wp\/v2\/types\/product"}],"replies":[{"embeddable":true,"href":"https:\/\/xstyle.md\/ro\/wp-json\/wp\/v2\/comments?post=30259"}],"wp:featuredmedia":[{"embeddable":true,"href":"https:\/\/xstyle.md\/ro\/wp-json\/wp\/v2\/media\/30258"}],"wp:attachment":[{"href":"https:\/\/xstyle.md\/ro\/wp-json\/wp\/v2\/media?parent=30259"}],"wp:term":[{"taxonomy":"product_brand","embeddable":true,"href":"https:\/\/xstyle.md\/ro\/wp-json\/wp\/v2\/product_brand?post=30259"},{"taxonomy":"product_cat","embeddable":true,"href":"https:\/\/xstyle.md\/ro\/wp-json\/wp\/v2\/product_cat?post=30259"},{"taxonomy":"product_tag","embeddable":true,"href":"https:\/\/xstyle.md\/ro\/wp-json\/wp\/v2\/product_tag?post=30259"}],"curies":[{"name":"wp","href":"https:\/\/api.w.org\/{rel}","templated":true}]}}