{"id":30235,"date":"2021-04-28T14:29:08","date_gmt":"2021-04-28T11:29:08","guid":{"rendered":"https:\/\/xstyle.md\/product\/turisticheskaja-karta-muntii-retezat\/"},"modified":"2024-10-24T22:25:44","modified_gmt":"2024-10-24T19:25:44","slug":"turisticheskaja-karta-muntii-retezat","status":"publish","type":"product","link":"https:\/\/xstyle.md\/ro\/produs\/turisticheskaja-karta-muntii-retezat\/","title":{"rendered":"\u0422\u0443\u0440\u0438\u0441\u0442\u0438\u0447\u0435\u0441\u043a\u0430\u044f \u043a\u0430\u0440\u0442\u0430 &#171;Muntii Retezat&#187;"},"content":{"rendered":"<\/p>\n<p><strong>Harta turistic\u0103 &#171;Muntii Retezat&#187;<\/strong> v\u0103 va conduce la adev\u0103rata perl\u0103 a Carpa\u021bilor, cu peisaje alpine parc\u0103 neatinse de om &#8212; Mun\u021bii Retezat.<\/p>\n<p>Peisajul mun\u021bilor Retezat, cu v\u00e2rfurile lor st\u00e2ncoase \u0219i cele peste optzeci de lacuri glaciare, este uluitor, dar oricine \u00eendr\u0103zne\u0219te s\u0103 porneasc\u0103 \u00een aceast\u0103 descoperire trebuie s\u0103 fie bine echipat \u0219i preg\u0103tit fizic. Harta de drume\u021bii Schubert &amp; Franzke con\u021bine sfaturi utile pentru a ajuta fiecare c\u0103l\u0103tor s\u0103 se preg\u0103teasc\u0103.<\/p>\n<h3>Particularit\u0103\u021bi<\/h3>\n<ul>\n<li>Harta a fost editat\u0103 cu ajutorul celor mai noi tehnologii cartografice \u0219i tip\u0103rit\u0103 pe h\u00e2rtie rezistent\u0103 la umiditate.<\/li>\n<li>Este u\u0219or de citit \u0219i u\u0219or de utilizat datorit\u0103 stilurilor de prezentare cartografic\u0103 caracteristice firmei Schubert &amp; Franzke \u0219i a structur\u0103rii practice a informa\u021biilor.<\/li>\n<li>Totul este la \u00eendem\u00e2n\u0103, exact acolo unde ave\u021bi nevoie, fiind util at\u00e2t pentru drume\u021bii, c\u00e2t \u0219i pentru profesioni\u0219ti.<\/li>\n<li>Harta con\u021bine, de asemenea, grila UTM, un sistem de coordonate metrice util pentru m\u0103surarea rapid\u0103 a distan\u021belor pe hart\u0103<\/li>\n<li>Rasterizarea \u0219i contururile eviden\u021biaz\u0103 topografia, facilit\u00e2nd astfel navigarea.<\/li>\n<\/ul>\n<h3>Informa\u021bii suplimentare<\/h3>\n<ul>\n<li>Scar\u0103: 1: 50 000<\/li>\n<li>Anul lans\u0103rii: 2015.<\/li>\n<\/ul>\n<p><\/p>","protected":false},"excerpt":{"rendered":"<p>\u0422\u0443\u0440\u0438\u0441\u0442\u0438\u0447\u0435\u0441\u043a\u0430\u044f \u043a\u0430\u0440\u0442\u0430 &#171;Muntii Retezat&#187;<\/p>","protected":false},"featured_media":51710,"comment_status":"open","ping_status":"closed","template":"","meta":{"_acf_changed":false,"inline_featured_image":false},"product_brand":[1503],"product_cat":[929],"product_tag":[],"class_list":{"0":"post-30235","1":"product","2":"type-product","3":"status-publish","4":"has-post-thumbnail","6":"product_brand-schubert-franzke","7":"product_cat-maps","9":"first","10":"instock","11":"shipping-taxable","12":"purchasable","13":"product-type-simple"},"acf":[],"yoast_head":"<!-- This site is optimized with the Yoast SEO plugin v27.2 - https:\/\/yoast.com\/product\/yoast-seo-wordpress\/ -->\n<title>\u0422\u0443\u0440\u0438\u0441\u0442\u0438\u0447\u0435\u0441\u043a\u0430\u044f \u043a\u0430\u0440\u0442\u0430 &quot;Muntii Retezat&quot; - \u041c\u0430\u0433\u0430\u0437\u0438\u043d Xstyle<\/title>\n<meta name=\"description\" content=\"\u0422\u0443\u0440\u0438\u0441\u0442\u0438\u0447\u0435\u0441\u043a\u0430\u044f \u043a\u0430\u0440\u0442\u0430 &quot;Muntii Retezat&quot; (Schubert &amp; Franzke, 1:50000, 2015) \u043f\u043e\u043c\u043e\u0436\u0435\u0442 \u0432\u0430\u043c \u0438\u0441\u0441\u043b\u0435\u0434\u043e\u0432\u0430\u0442\u044c \u0434\u0438\u0432\u043d\u044b\u0435 \u043f\u0435\u0439\u0437\u0430\u0436\u0438 \u041a\u0430\u0440\u043f\u0430\u0442 \u0441 \u0438\u0445 \u0432\u043d\u0435\u0437\u0435\u043c\u043d\u043e\u0439 \u043a\u0440\u0430\u0441\u043e\u0442\u043e\u0439.\" \/>\n<meta name=\"robots\" content=\"index, follow, max-snippet:-1, max-image-preview:large, max-video-preview:-1\" \/>\n<link rel=\"canonical\" href=\"https:\/\/xstyle.md\/ro\/produs\/turisticheskaja-karta-muntii-retezat\/\" \/>\n<meta property=\"og:locale\" content=\"ro_RO\" \/>\n<meta property=\"og:type\" content=\"article\" \/>\n<meta property=\"og:title\" content=\"\u0422\u0443\u0440\u0438\u0441\u0442\u0438\u0447\u0435\u0441\u043a\u0430\u044f \u043a\u0430\u0440\u0442\u0430 &quot;Muntii Retezat&quot; - \u041c\u0430\u0433\u0430\u0437\u0438\u043d Xstyle\" \/>\n<meta property=\"og:description\" content=\"\u0422\u0443\u0440\u0438\u0441\u0442\u0438\u0447\u0435\u0441\u043a\u0430\u044f \u043a\u0430\u0440\u0442\u0430 &quot;Muntii Retezat&quot; (Schubert &amp; Franzke, 1:50000, 2015) \u043f\u043e\u043c\u043e\u0436\u0435\u0442 \u0432\u0430\u043c \u0438\u0441\u0441\u043b\u0435\u0434\u043e\u0432\u0430\u0442\u044c \u0434\u0438\u0432\u043d\u044b\u0435 \u043f\u0435\u0439\u0437\u0430\u0436\u0438 \u041a\u0430\u0440\u043f\u0430\u0442 \u0441 \u0438\u0445 \u0432\u043d\u0435\u0437\u0435\u043c\u043d\u043e\u0439 \u043a\u0440\u0430\u0441\u043e\u0442\u043e\u0439.\" \/>\n<meta property=\"og:url\" content=\"https:\/\/xstyle.md\/ro\/produs\/turisticheskaja-karta-muntii-retezat\/\" \/>\n<meta property=\"og:site_name\" content=\"\u041c\u0430\u0433\u0430\u0437\u0438\u043d Xstyle\" \/>\n<meta property=\"article:publisher\" content=\"https:\/\/www.facebook.com\/xstylemd\" \/>\n<meta property=\"article:modified_time\" content=\"2024-10-24T19:25:44+00:00\" \/>\n<meta property=\"og:image\" content=\"https:\/\/xstyle.md\/wp-content\/uploads\/2021\/04\/muntii-retezat.jpg\" \/>\n\t<meta property=\"og:image:width\" content=\"893\" \/>\n\t<meta property=\"og:image:height\" content=\"1000\" \/>\n\t<meta property=\"og:image:type\" content=\"image\/jpeg\" \/>\n<meta name=\"twitter:card\" content=\"summary_large_image\" \/>\n<meta name=\"twitter:label1\" content=\"Pre\u021b\" \/>\n\t<meta name=\"twitter:data1\" content=\"95&nbsp;MDL\" \/>\n\t<meta name=\"twitter:label2\" content=\"Disponibilitate\" \/>\n\t<meta name=\"twitter:data2\" content=\"\u00cen stoc\" \/>\n<script type=\"application\/ld+json\" class=\"yoast-schema-graph\">{\"@context\":\"https:\/\/schema.org\",\"@graph\":[{\"@type\":\"WebPage\",\"@id\":\"https:\/\/xstyle.md\/product\/turisticheskaja-karta-muntii-retezat\/\",\"url\":\"https:\/\/xstyle.md\/product\/turisticheskaja-karta-muntii-retezat\/\",\"name\":\"\u0422\u0443\u0440\u0438\u0441\u0442\u0438\u0447\u0435\u0441\u043a\u0430\u044f \u043a\u0430\u0440\u0442\u0430 \\\"Muntii Retezat\\\" - \u041c\u0430\u0433\u0430\u0437\u0438\u043d Xstyle\",\"isPartOf\":{\"@id\":\"https:\/\/xstyle.md\/#website\"},\"primaryImageOfPage\":{\"@id\":\"https:\/\/xstyle.md\/product\/turisticheskaja-karta-muntii-retezat\/#primaryimage\"},\"image\":{\"@id\":\"https:\/\/xstyle.md\/product\/turisticheskaja-karta-muntii-retezat\/#primaryimage\"},\"thumbnailUrl\":\"https:\/\/xstyle.md\/wp-content\/uploads\/2021\/04\/muntii-retezat.jpg\",\"datePublished\":\"2021-04-28T11:29:08+00:00\",\"dateModified\":\"2024-10-24T19:25:44+00:00\",\"description\":\"\u0422\u0443\u0440\u0438\u0441\u0442\u0438\u0447\u0435\u0441\u043a\u0430\u044f \u043a\u0430\u0440\u0442\u0430 \\\"Muntii Retezat\\\" (Schubert & Franzke, 1:50000, 2015) \u043f\u043e\u043c\u043e\u0436\u0435\u0442 \u0432\u0430\u043c \u0438\u0441\u0441\u043b\u0435\u0434\u043e\u0432\u0430\u0442\u044c \u0434\u0438\u0432\u043d\u044b\u0435 \u043f\u0435\u0439\u0437\u0430\u0436\u0438 \u041a\u0430\u0440\u043f\u0430\u0442 \u0441 \u0438\u0445 \u0432\u043d\u0435\u0437\u0435\u043c\u043d\u043e\u0439 \u043a\u0440\u0430\u0441\u043e\u0442\u043e\u0439.\",\"breadcrumb\":{\"@id\":\"https:\/\/xstyle.md\/product\/turisticheskaja-karta-muntii-retezat\/#breadcrumb\"},\"inLanguage\":\"ro-RO\",\"potentialAction\":[{\"@type\":\"ReadAction\",\"target\":[\"https:\/\/xstyle.md\/product\/turisticheskaja-karta-muntii-retezat\/\"]}]},{\"@type\":\"ImageObject\",\"inLanguage\":\"ro-RO\",\"@id\":\"https:\/\/xstyle.md\/product\/turisticheskaja-karta-muntii-retezat\/#primaryimage\",\"url\":\"https:\/\/xstyle.md\/wp-content\/uploads\/2021\/04\/muntii-retezat.jpg\",\"contentUrl\":\"https:\/\/xstyle.md\/wp-content\/uploads\/2021\/04\/muntii-retezat.jpg\",\"width\":893,\"height\":1000,\"caption\":\"\u0422\u0443\u0440\u0438\u0441\u0442\u0438\u0447\u0435\u0441\u043a\u0430\u044f \u043a\u0430\u0440\u0442\u0430 \u041c\u0443\u043d\u0442\u0438\u0438 \u0420\u0435\u0442\u0435\u0437\u0430\u0442 \u0434\u043b\u044f \u0430\u043a\u0442\u0438\u0432\u043d\u043e\u0433\u043e \u043e\u0442\u0434\u044b\u0445\u0430, \u043f\u043e\u0445\u043e\u0434\u043e\u0432, \u0430\u043b\u044c\u043f\u0438\u043d\u0438\u0437\u043c\u0430 \u0438 \u043f\u0443\u0442\u0435\u0448\u0435\u0441\u0442\u0432\u0438\u0439 \u0434\u043b\u044f \u043e\u043d\u043b\u0430\u0439\u043d \u043c\u0430\u0433\u0430\u0437\u0438\u043d\u0430 \u043e\u0434\u0435\u0436\u0434\u044b \u043e\u0431\u0443\u0432\u0438 \u0434\u043b\u044f \u043f\u043e\u0445\u043e\u0434\u043e\u0432 \u0438 \u0430\u043a\u0442\u0438\u0432\u043d\u043e\u0439 \u0436\u0438\u0437\u043d\u0438\"},{\"@type\":\"BreadcrumbList\",\"@id\":\"https:\/\/xstyle.md\/product\/turisticheskaja-karta-muntii-retezat\/#breadcrumb\",\"itemListElement\":[{\"@type\":\"ListItem\",\"position\":1,\"name\":\"\u0413\u043b\u0430\u0432\u043d\u0430\u044f \u0441\u0442\u0440\u0430\u043d\u0438\u0446\u0430\",\"item\":\"https:\/\/xstyle.md\/\"},{\"@type\":\"ListItem\",\"position\":2,\"name\":\"\u041c\u0430\u0433\u0430\u0437\u0438\u043d\",\"item\":\"https:\/\/xstyle.md\/shop\/\"},{\"@type\":\"ListItem\",\"position\":3,\"name\":\"\u0422\u0443\u0440\u0438\u0441\u0442\u0438\u0447\u0435\u0441\u043a\u0430\u044f \u043a\u0430\u0440\u0442\u0430 &#8220;Muntii Retezat&#8221;\"}]},{\"@type\":\"WebSite\",\"@id\":\"https:\/\/xstyle.md\/#website\",\"url\":\"https:\/\/xstyle.md\/\",\"name\":\"\u041c\u0430\u0433\u0430\u0437\u0438\u043d Xstyle\",\"description\":\"C\u043d\u0430\u0440\u044f\u0436\u0435\u043d\u0438\u0435 \u0434\u043b\u044f \u0442\u0443\u0440\u0438\u0437\u043c\u0430 \u0438 \u044d\u043a\u0441\u0442\u0440\u0435\u043c\u0430\u043b\u044c\u043d\u044b\u0445 \u0432\u0438\u0434\u043e\u0432 \u0441\u043f\u043e\u0440\u0442\u0430 \u0432 \u041c\u043e\u043b\u0434\u043e\u0432\u0435.. \u0426\u0435\u043d\u044b, \u0444\u043e\u0442\u043e, \u0445\u0430\u0440\u0430\u043a\u0442\u0435\u0440\u0438\u0441\u0442\u0438\u043a\u0438 \u0432 \u041c\u043e\u043b\u0434\u043e\u0432\u0435.\",\"publisher\":{\"@id\":\"https:\/\/xstyle.md\/#organization\"},\"alternateName\":\"X-Style\",\"potentialAction\":[{\"@type\":\"SearchAction\",\"target\":{\"@type\":\"EntryPoint\",\"urlTemplate\":\"https:\/\/xstyle.md\/?s={search_term_string}\"},\"query-input\":{\"@type\":\"PropertyValueSpecification\",\"valueRequired\":true,\"valueName\":\"search_term_string\"}}],\"inLanguage\":\"ro-RO\"},{\"@type\":\"Organization\",\"@id\":\"https:\/\/xstyle.md\/#organization\",\"name\":\"\u041c\u0430\u0433\u0430\u0437\u0438\u043d Xstyle\",\"alternateName\":\"x-style\",\"url\":\"https:\/\/xstyle.md\/\",\"logo\":{\"@type\":\"ImageObject\",\"inLanguage\":\"ro-RO\",\"@id\":\"https:\/\/xstyle.md\/#\/schema\/logo\/image\/\",\"url\":\"https:\/\/xstyle.md\/wp-content\/uploads\/2020\/06\/logoicon.svg\",\"contentUrl\":\"https:\/\/xstyle.md\/wp-content\/uploads\/2020\/06\/logoicon.svg\",\"caption\":\"\u041c\u0430\u0433\u0430\u0437\u0438\u043d Xstyle\"},\"image\":{\"@id\":\"https:\/\/xstyle.md\/#\/schema\/logo\/image\/\"},\"sameAs\":[\"https:\/\/www.facebook.com\/xstylemd\",\"https:\/\/www.instagram.com\/xstyle_md\/\",\"https:\/\/t.me\/xstyle_outdoor\"],\"hasMerchantReturnPolicy\":{\"@type\":\"MerchantReturnPolicy\",\"merchantReturnLink\":\"https:\/\/xstyle.md\/ro\/conditions\/\"}}]}<\/script>\n<meta property=\"product:price:amount\" content=\"95.00\" \/>\n<meta property=\"product:price:currency\" content=\"MDL\" \/>\n<meta property=\"og:availability\" content=\"instock\" \/>\n<meta property=\"product:availability\" content=\"instock\" \/>\n<meta property=\"product:retailer_item_id\" content=\"5948490930283\" \/>\n<meta property=\"product:condition\" content=\"new\" \/>\n<!-- \/ Yoast SEO plugin. -->","yoast_head_json":{"title":"\u0422\u0443\u0440\u0438\u0441\u0442\u0438\u0447\u0435\u0441\u043a\u0430\u044f \u043a\u0430\u0440\u0442\u0430 \"Muntii Retezat\" - \u041c\u0430\u0433\u0430\u0437\u0438\u043d Xstyle","description":"\u0422\u0443\u0440\u0438\u0441\u0442\u0438\u0447\u0435\u0441\u043a\u0430\u044f \u043a\u0430\u0440\u0442\u0430 \"Muntii Retezat\" (Schubert & Franzke, 1:50000, 2015) \u043f\u043e\u043c\u043e\u0436\u0435\u0442 \u0432\u0430\u043c \u0438\u0441\u0441\u043b\u0435\u0434\u043e\u0432\u0430\u0442\u044c \u0434\u0438\u0432\u043d\u044b\u0435 \u043f\u0435\u0439\u0437\u0430\u0436\u0438 \u041a\u0430\u0440\u043f\u0430\u0442 \u0441 \u0438\u0445 \u0432\u043d\u0435\u0437\u0435\u043c\u043d\u043e\u0439 \u043a\u0440\u0430\u0441\u043e\u0442\u043e\u0439.","robots":{"index":"index","follow":"follow","max-snippet":"max-snippet:-1","max-image-preview":"max-image-preview:large","max-video-preview":"max-video-preview:-1"},"canonical":"https:\/\/xstyle.md\/ro\/produs\/turisticheskaja-karta-muntii-retezat\/","og_locale":"ro_RO","og_type":"article","og_title":"\u0422\u0443\u0440\u0438\u0441\u0442\u0438\u0447\u0435\u0441\u043a\u0430\u044f \u043a\u0430\u0440\u0442\u0430 \"Muntii Retezat\" - \u041c\u0430\u0433\u0430\u0437\u0438\u043d Xstyle","og_description":"\u0422\u0443\u0440\u0438\u0441\u0442\u0438\u0447\u0435\u0441\u043a\u0430\u044f \u043a\u0430\u0440\u0442\u0430 \"Muntii Retezat\" (Schubert & Franzke, 1:50000, 2015) \u043f\u043e\u043c\u043e\u0436\u0435\u0442 \u0432\u0430\u043c \u0438\u0441\u0441\u043b\u0435\u0434\u043e\u0432\u0430\u0442\u044c \u0434\u0438\u0432\u043d\u044b\u0435 \u043f\u0435\u0439\u0437\u0430\u0436\u0438 \u041a\u0430\u0440\u043f\u0430\u0442 \u0441 \u0438\u0445 \u0432\u043d\u0435\u0437\u0435\u043c\u043d\u043e\u0439 \u043a\u0440\u0430\u0441\u043e\u0442\u043e\u0439.","og_url":"https:\/\/xstyle.md\/ro\/produs\/turisticheskaja-karta-muntii-retezat\/","og_site_name":"\u041c\u0430\u0433\u0430\u0437\u0438\u043d Xstyle","article_publisher":"https:\/\/www.facebook.com\/xstylemd","article_modified_time":"2024-10-24T19:25:44+00:00","og_image":[{"width":893,"height":1000,"url":"https:\/\/xstyle.md\/wp-content\/uploads\/2021\/04\/muntii-retezat.jpg","type":"image\/jpeg"}],"twitter_card":"summary_large_image","twitter_misc":{"Pre\u021b":"95&nbsp;MDL","Disponibilitate":"\u00cen stoc"},"schema":{"@context":"https:\/\/schema.org","@graph":[{"@type":"WebPage","@id":"https:\/\/xstyle.md\/product\/turisticheskaja-karta-muntii-retezat\/","url":"https:\/\/xstyle.md\/product\/turisticheskaja-karta-muntii-retezat\/","name":"\u0422\u0443\u0440\u0438\u0441\u0442\u0438\u0447\u0435\u0441\u043a\u0430\u044f \u043a\u0430\u0440\u0442\u0430 \"Muntii Retezat\" - \u041c\u0430\u0433\u0430\u0437\u0438\u043d Xstyle","isPartOf":{"@id":"https:\/\/xstyle.md\/#website"},"primaryImageOfPage":{"@id":"https:\/\/xstyle.md\/product\/turisticheskaja-karta-muntii-retezat\/#primaryimage"},"image":{"@id":"https:\/\/xstyle.md\/product\/turisticheskaja-karta-muntii-retezat\/#primaryimage"},"thumbnailUrl":"https:\/\/xstyle.md\/wp-content\/uploads\/2021\/04\/muntii-retezat.jpg","datePublished":"2021-04-28T11:29:08+00:00","dateModified":"2024-10-24T19:25:44+00:00","description":"\u0422\u0443\u0440\u0438\u0441\u0442\u0438\u0447\u0435\u0441\u043a\u0430\u044f \u043a\u0430\u0440\u0442\u0430 \"Muntii Retezat\" (Schubert & Franzke, 1:50000, 2015) \u043f\u043e\u043c\u043e\u0436\u0435\u0442 \u0432\u0430\u043c \u0438\u0441\u0441\u043b\u0435\u0434\u043e\u0432\u0430\u0442\u044c \u0434\u0438\u0432\u043d\u044b\u0435 \u043f\u0435\u0439\u0437\u0430\u0436\u0438 \u041a\u0430\u0440\u043f\u0430\u0442 \u0441 \u0438\u0445 \u0432\u043d\u0435\u0437\u0435\u043c\u043d\u043e\u0439 \u043a\u0440\u0430\u0441\u043e\u0442\u043e\u0439.","breadcrumb":{"@id":"https:\/\/xstyle.md\/product\/turisticheskaja-karta-muntii-retezat\/#breadcrumb"},"inLanguage":"ro-RO","potentialAction":[{"@type":"ReadAction","target":["https:\/\/xstyle.md\/product\/turisticheskaja-karta-muntii-retezat\/"]}]},{"@type":"ImageObject","inLanguage":"ro-RO","@id":"https:\/\/xstyle.md\/product\/turisticheskaja-karta-muntii-retezat\/#primaryimage","url":"https:\/\/xstyle.md\/wp-content\/uploads\/2021\/04\/muntii-retezat.jpg","contentUrl":"https:\/\/xstyle.md\/wp-content\/uploads\/2021\/04\/muntii-retezat.jpg","width":893,"height":1000,"caption":"\u0422\u0443\u0440\u0438\u0441\u0442\u0438\u0447\u0435\u0441\u043a\u0430\u044f \u043a\u0430\u0440\u0442\u0430 \u041c\u0443\u043d\u0442\u0438\u0438 \u0420\u0435\u0442\u0435\u0437\u0430\u0442 \u0434\u043b\u044f \u0430\u043a\u0442\u0438\u0432\u043d\u043e\u0433\u043e \u043e\u0442\u0434\u044b\u0445\u0430, \u043f\u043e\u0445\u043e\u0434\u043e\u0432, \u0430\u043b\u044c\u043f\u0438\u043d\u0438\u0437\u043c\u0430 \u0438 \u043f\u0443\u0442\u0435\u0448\u0435\u0441\u0442\u0432\u0438\u0439 \u0434\u043b\u044f \u043e\u043d\u043b\u0430\u0439\u043d \u043c\u0430\u0433\u0430\u0437\u0438\u043d\u0430 \u043e\u0434\u0435\u0436\u0434\u044b \u043e\u0431\u0443\u0432\u0438 \u0434\u043b\u044f \u043f\u043e\u0445\u043e\u0434\u043e\u0432 \u0438 \u0430\u043a\u0442\u0438\u0432\u043d\u043e\u0439 \u0436\u0438\u0437\u043d\u0438"},{"@type":"BreadcrumbList","@id":"https:\/\/xstyle.md\/product\/turisticheskaja-karta-muntii-retezat\/#breadcrumb","itemListElement":[{"@type":"ListItem","position":1,"name":"\u0413\u043b\u0430\u0432\u043d\u0430\u044f \u0441\u0442\u0440\u0430\u043d\u0438\u0446\u0430","item":"https:\/\/xstyle.md\/"},{"@type":"ListItem","position":2,"name":"\u041c\u0430\u0433\u0430\u0437\u0438\u043d","item":"https:\/\/xstyle.md\/shop\/"},{"@type":"ListItem","position":3,"name":"\u0422\u0443\u0440\u0438\u0441\u0442\u0438\u0447\u0435\u0441\u043a\u0430\u044f \u043a\u0430\u0440\u0442\u0430 &#8220;Muntii Retezat&#8221;"}]},{"@type":"WebSite","@id":"https:\/\/xstyle.md\/#website","url":"https:\/\/xstyle.md\/","name":"Magazinul X-Style","description":"Echipamente pentru turism \u0219i sporturi extreme \u00een Moldova. Pre\u021buri, fotografii, caracteristici \u00een Moldova.","publisher":{"@id":"https:\/\/xstyle.md\/#organization"},"alternateName":"X-Style","potentialAction":[{"@type":"SearchAction","target":{"@type":"EntryPoint","urlTemplate":"https:\/\/xstyle.md\/?s={search_term_string}"},"query-input":{"@type":"PropertyValueSpecification","valueRequired":true,"valueName":"search_term_string"}}],"inLanguage":"ro-RO"},{"@type":"Organization","@id":"https:\/\/xstyle.md\/#organization","name":"Magazinul X-Style","alternateName":"x-style","url":"https:\/\/xstyle.md\/","logo":{"@type":"ImageObject","inLanguage":"ro-RO","@id":"https:\/\/xstyle.md\/#\/schema\/logo\/image\/","url":"https:\/\/xstyle.md\/wp-content\/uploads\/2020\/06\/logoicon.svg","contentUrl":"https:\/\/xstyle.md\/wp-content\/uploads\/2020\/06\/logoicon.svg","caption":"\u041c\u0430\u0433\u0430\u0437\u0438\u043d Xstyle"},"image":{"@id":"https:\/\/xstyle.md\/#\/schema\/logo\/image\/"},"sameAs":["https:\/\/www.facebook.com\/xstylemd","https:\/\/www.instagram.com\/xstyle_md\/","https:\/\/t.me\/xstyle_outdoor"],"hasMerchantReturnPolicy":{"@type":"MerchantReturnPolicy","merchantReturnLink":"https:\/\/xstyle.md\/ro\/conditions\/"}}]},"product_price_amount":"95.00","product_price_currency":"MDL","og_availability":"instock","product_availability":"instock","product_retailer_item_id":"5948490930283","product_condition":"new"},"post_mailing_queue_ids":[],"_links":{"self":[{"href":"https:\/\/xstyle.md\/ro\/wp-json\/wp\/v2\/product\/30235","targetHints":{"allow":["GET"]}}],"collection":[{"href":"https:\/\/xstyle.md\/ro\/wp-json\/wp\/v2\/product"}],"about":[{"href":"https:\/\/xstyle.md\/ro\/wp-json\/wp\/v2\/types\/product"}],"replies":[{"embeddable":true,"href":"https:\/\/xstyle.md\/ro\/wp-json\/wp\/v2\/comments?post=30235"}],"wp:featuredmedia":[{"embeddable":true,"href":"https:\/\/xstyle.md\/ro\/wp-json\/wp\/v2\/media\/51710"}],"wp:attachment":[{"href":"https:\/\/xstyle.md\/ro\/wp-json\/wp\/v2\/media?parent=30235"}],"wp:term":[{"taxonomy":"product_brand","embeddable":true,"href":"https:\/\/xstyle.md\/ro\/wp-json\/wp\/v2\/product_brand?post=30235"},{"taxonomy":"product_cat","embeddable":true,"href":"https:\/\/xstyle.md\/ro\/wp-json\/wp\/v2\/product_cat?post=30235"},{"taxonomy":"product_tag","embeddable":true,"href":"https:\/\/xstyle.md\/ro\/wp-json\/wp\/v2\/product_tag?post=30235"}],"curies":[{"name":"wp","href":"https:\/\/api.w.org\/{rel}","templated":true}]}}