{"id":30225,"date":"2021-04-28T14:28:52","date_gmt":"2021-04-28T11:28:52","guid":{"rendered":"https:\/\/xstyle.md\/product\/turisticheskaja-karta-muntii-giurgeu-hasmas\/"},"modified":"2024-10-24T22:25:39","modified_gmt":"2024-10-24T19:25:39","slug":"turisticheskaja-karta-muntii-giurgeu-hasmas","status":"publish","type":"product","link":"https:\/\/xstyle.md\/ro\/produs\/turisticheskaja-karta-muntii-giurgeu-hasmas\/","title":{"rendered":"\u0422\u0443\u0440\u0438\u0441\u0442\u0438\u0447\u0435\u0441\u043a\u0430\u044f \u043a\u0430\u0440\u0442\u0430 &#171;Muntii Giurgeu Hasmas&#187;"},"content":{"rendered":"<\/p>\n<p><strong>Harta turistic\u0103 &#171;Muntii Giurgeu Hasmas&#187;<\/strong> indic\u0103 drumul spre dou\u0103 masive \u00eenvecinate. Acestea se disting prin geologia lor, care este reprezentat\u0103 de o topografie diferit\u0103. Mun\u021bii Giurgeu sunt compu\u0219i din roci cristaline (\u0219isturi cristaline) \u0219i, \u00eentr-o m\u0103sur\u0103 mai mic\u0103, din roci \u00edgnoase (sienitul Ditreu), \u00een timp ce relieful este reprezentat de v\u00e2rfuri lungi \u0219i culmi rotunjite, care \u00een unele locuri ating \u00een\u0103l\u021bimi de peste 1500 de metri. \u00cen\u0103l\u021bimile maxime sunt atinse \u00een v\u00e2rfurile: Kiposh (1568 m), Prishka (1544 m), Arame N\u0103gre (1538 m).<\/p>\n<p>Mun\u021bii H\u0103\u0219ma\u0219ului sunt compu\u0219i din roci sedimentare (calcare &#8212; dolomite) depuse pe un sinclinal suspendat cu un fundament de \u0219isturi cristaline, de aceea H\u0103\u0219ma\u0219ul are zone st\u00e2ncoase mari (pere\u021bii st\u00e2nco\u0219i ai v\u00e2rfului H\u0103\u0219ma\u0219ul Mare), st\u00e2nci singuratice (Piatra Singuraticului, Piatra Al gorjelor (defileul Bicaz, defileul Bicejel, defileul Sugeului). Aici se afl\u0103 cele mai \u00eenalte v\u00e2rfuri: Ha\u0219ma\u0219ul Mare (1792 m), Ha\u0219ma\u0219ul Negru (1773 m), Piatra Askushita (1707 m), Vithovos (1609 m).<\/p>\n<p>\u00cen Mun\u021bii Jurgeu-Ha\u0219ma\u0219 exist\u0103 mai multe obiective turistice naturale de mare interes, cum ar fi: Lacul Ro\u0219u (un lac de baraj natural), Defileul Bikaz, Defileul Sugeului, ora\u0219ul Borsec cu izvoare de ap\u0103 mineral\u0103, izvoarele celor dou\u0103 mari r\u00e2uri din Rom\u00e2nia: Olt \u0219i Mure\u0219.<\/p>\n<h3>Particularit\u0103\u021bi<\/h3>\n<ul>\n<li>Harta a fost editat\u0103 cu ajutorul celor mai noi tehnologii cartografice \u0219i tip\u0103rit\u0103 pe h\u00e2rtie rezistent\u0103 la umiditate.<\/li>\n<li>Este u\u0219or de citit \u0219i u\u0219or de utilizat datorit\u0103 stilurilor de prezentare cartografic\u0103 caracteristice firmei Schubert &amp; Franzke \u0219i a structur\u0103rii practice a informa\u021biilor.<\/li>\n<li>Totul este la \u00eendem\u00e2n\u0103, exact acolo unde ave\u021bi nevoie, fiind util at\u00e2t pentru drume\u021bii, c\u00e2t \u0219i pentru profesioni\u0219ti.<\/li>\n<li>Harta con\u021bine, de asemenea, grila UTM, un sistem de coordonate metrice util pentru m\u0103surarea rapid\u0103 a distan\u021belor pe hart\u0103<\/li>\n<li>Rasterizarea \u0219i contururile eviden\u021biaz\u0103 topografia, facilit\u00e2nd astfel navigarea.<\/li>\n<\/ul>\n<h3>Informa\u021bii suplimentare<\/h3>\n<ul>\n<li>Scar\u0103: 1: 60 000<\/li>\n<li>Anul lans\u0103rii: 2018<\/li>\n<li>Limba: rom\u00e2n\u0103<\/li>\n<\/ul>\n<p><\/p>","protected":false},"excerpt":{"rendered":"<p>\u0422\u0443\u0440\u0438\u0441\u0442\u0438\u0447\u0435\u0441\u043a\u0430\u044f \u043a\u0430\u0440\u0442\u0430 &#171;Muntii Giurgeu Hasmas&#187;<\/p>","protected":false},"featured_media":86371,"comment_status":"open","ping_status":"closed","template":"","meta":{"_acf_changed":false,"inline_featured_image":false},"product_brand":[1503],"product_cat":[929],"product_tag":[],"class_list":{"0":"post-30225","1":"product","2":"type-product","3":"status-publish","4":"has-post-thumbnail","6":"product_brand-schubert-franzke","7":"product_cat-maps","9":"first","10":"instock","11":"shipping-taxable","12":"purchasable","13":"product-type-simple"},"acf":[],"yoast_head":"<!-- This site is optimized with the Yoast SEO plugin v27.2 - https:\/\/yoast.com\/product\/yoast-seo-wordpress\/ -->\n<title>\u0422\u0443\u0440\u0438\u0441\u0442\u0438\u0447\u0435\u0441\u043a\u0430\u044f \u043a\u0430\u0440\u0442\u0430 &quot;Muntii Giurgeu Hasmas&quot; - \u041c\u0430\u0433\u0430\u0437\u0438\u043d Xstyle<\/title>\n<meta name=\"description\" content=\"\u041e\u0442\u043a\u0440\u043e\u0439\u0442\u0435 \u0442\u0430\u0439\u043d\u044b \u0442\u0443\u0440\u0438\u0441\u0442\u0438\u0447\u0435\u0441\u043a\u043e\u0439 \u043a\u0430\u0440\u0442\u044b &quot;Muntii Giurgeu Hasmas&quot;! \u0418\u0434\u0435\u0430\u043b\u044c\u043d\u044b\u0439 \u0433\u0438\u0434 \u0434\u043b\u044f \u043f\u0443\u0442\u0435\u0448\u0435\u0441\u0442\u0432\u0435\u043d\u043d\u0438\u043a\u043e\u0432, \u0438\u0441\u0441\u043b\u0435\u0434\u0443\u044e\u0449\u0438\u0445 \u0436\u0438\u0432\u043e\u043f\u0438\u0441\u043d\u044b\u0435 \u0433\u043e\u0440\u044b \u0438 \u0443\u043d\u0438\u043a\u0430\u043b\u044c\u043d\u0443\u044e \u0433\u0435\u043e\u043b\u043e\u0433\u0438\u044e \u0440\u0435\u0433\u0438\u043e\u043d\u0430.\" \/>\n<meta name=\"robots\" content=\"index, follow, max-snippet:-1, max-image-preview:large, max-video-preview:-1\" \/>\n<link rel=\"canonical\" href=\"https:\/\/xstyle.md\/ro\/produs\/turisticheskaja-karta-muntii-giurgeu-hasmas\/\" \/>\n<meta property=\"og:locale\" content=\"ro_RO\" \/>\n<meta property=\"og:type\" content=\"article\" \/>\n<meta property=\"og:title\" content=\"\u0422\u0443\u0440\u0438\u0441\u0442\u0438\u0447\u0435\u0441\u043a\u0430\u044f \u043a\u0430\u0440\u0442\u0430 &quot;Muntii Giurgeu Hasmas&quot; - \u041c\u0430\u0433\u0430\u0437\u0438\u043d Xstyle\" \/>\n<meta property=\"og:description\" content=\"\u041e\u0442\u043a\u0440\u043e\u0439\u0442\u0435 \u0442\u0430\u0439\u043d\u044b \u0442\u0443\u0440\u0438\u0441\u0442\u0438\u0447\u0435\u0441\u043a\u043e\u0439 \u043a\u0430\u0440\u0442\u044b &quot;Muntii Giurgeu Hasmas&quot;! \u0418\u0434\u0435\u0430\u043b\u044c\u043d\u044b\u0439 \u0433\u0438\u0434 \u0434\u043b\u044f \u043f\u0443\u0442\u0435\u0448\u0435\u0441\u0442\u0432\u0435\u043d\u043d\u0438\u043a\u043e\u0432, \u0438\u0441\u0441\u043b\u0435\u0434\u0443\u044e\u0449\u0438\u0445 \u0436\u0438\u0432\u043e\u043f\u0438\u0441\u043d\u044b\u0435 \u0433\u043e\u0440\u044b \u0438 \u0443\u043d\u0438\u043a\u0430\u043b\u044c\u043d\u0443\u044e \u0433\u0435\u043e\u043b\u043e\u0433\u0438\u044e \u0440\u0435\u0433\u0438\u043e\u043d\u0430.\" \/>\n<meta property=\"og:url\" content=\"https:\/\/xstyle.md\/ro\/produs\/turisticheskaja-karta-muntii-giurgeu-hasmas\/\" \/>\n<meta property=\"og:site_name\" content=\"\u041c\u0430\u0433\u0430\u0437\u0438\u043d Xstyle\" \/>\n<meta property=\"article:publisher\" content=\"https:\/\/www.facebook.com\/xstylemd\" \/>\n<meta property=\"article:modified_time\" content=\"2024-10-24T19:25:39+00:00\" \/>\n<meta property=\"og:image\" content=\"https:\/\/xstyle.md\/wp-content\/uploads\/2021\/04\/giurgeu-hasmas.jpg\" \/>\n\t<meta property=\"og:image:width\" content=\"238\" \/>\n\t<meta property=\"og:image:height\" content=\"550\" \/>\n\t<meta property=\"og:image:type\" content=\"image\/jpeg\" \/>\n<meta name=\"twitter:card\" content=\"summary_large_image\" \/>\n<meta name=\"twitter:label1\" content=\"Pre\u021b\" \/>\n\t<meta name=\"twitter:data1\" content=\"95&nbsp;MDL\" \/>\n\t<meta name=\"twitter:label2\" content=\"Disponibilitate\" \/>\n\t<meta name=\"twitter:data2\" content=\"\u00cen stoc\" \/>\n<script type=\"application\/ld+json\" class=\"yoast-schema-graph\">{\"@context\":\"https:\/\/schema.org\",\"@graph\":[{\"@type\":\"WebPage\",\"@id\":\"https:\/\/xstyle.md\/product\/turisticheskaja-karta-muntii-giurgeu-hasmas\/\",\"url\":\"https:\/\/xstyle.md\/product\/turisticheskaja-karta-muntii-giurgeu-hasmas\/\",\"name\":\"\u0422\u0443\u0440\u0438\u0441\u0442\u0438\u0447\u0435\u0441\u043a\u0430\u044f \u043a\u0430\u0440\u0442\u0430 \\\"Muntii Giurgeu Hasmas\\\" - \u041c\u0430\u0433\u0430\u0437\u0438\u043d Xstyle\",\"isPartOf\":{\"@id\":\"https:\/\/xstyle.md\/#website\"},\"primaryImageOfPage\":{\"@id\":\"https:\/\/xstyle.md\/product\/turisticheskaja-karta-muntii-giurgeu-hasmas\/#primaryimage\"},\"image\":{\"@id\":\"https:\/\/xstyle.md\/product\/turisticheskaja-karta-muntii-giurgeu-hasmas\/#primaryimage\"},\"thumbnailUrl\":\"https:\/\/xstyle.md\/wp-content\/uploads\/2021\/04\/giurgeu-hasmas.jpg\",\"datePublished\":\"2021-04-28T11:28:52+00:00\",\"dateModified\":\"2024-10-24T19:25:39+00:00\",\"description\":\"\u041e\u0442\u043a\u0440\u043e\u0439\u0442\u0435 \u0442\u0430\u0439\u043d\u044b \u0442\u0443\u0440\u0438\u0441\u0442\u0438\u0447\u0435\u0441\u043a\u043e\u0439 \u043a\u0430\u0440\u0442\u044b \\\"Muntii Giurgeu Hasmas\\\"! \u0418\u0434\u0435\u0430\u043b\u044c\u043d\u044b\u0439 \u0433\u0438\u0434 \u0434\u043b\u044f \u043f\u0443\u0442\u0435\u0448\u0435\u0441\u0442\u0432\u0435\u043d\u043d\u0438\u043a\u043e\u0432, \u0438\u0441\u0441\u043b\u0435\u0434\u0443\u044e\u0449\u0438\u0445 \u0436\u0438\u0432\u043e\u043f\u0438\u0441\u043d\u044b\u0435 \u0433\u043e\u0440\u044b \u0438 \u0443\u043d\u0438\u043a\u0430\u043b\u044c\u043d\u0443\u044e \u0433\u0435\u043e\u043b\u043e\u0433\u0438\u044e \u0440\u0435\u0433\u0438\u043e\u043d\u0430.\",\"breadcrumb\":{\"@id\":\"https:\/\/xstyle.md\/product\/turisticheskaja-karta-muntii-giurgeu-hasmas\/#breadcrumb\"},\"inLanguage\":\"ro-RO\",\"potentialAction\":[{\"@type\":\"ReadAction\",\"target\":[\"https:\/\/xstyle.md\/product\/turisticheskaja-karta-muntii-giurgeu-hasmas\/\"]}]},{\"@type\":\"ImageObject\",\"inLanguage\":\"ro-RO\",\"@id\":\"https:\/\/xstyle.md\/product\/turisticheskaja-karta-muntii-giurgeu-hasmas\/#primaryimage\",\"url\":\"https:\/\/xstyle.md\/wp-content\/uploads\/2021\/04\/giurgeu-hasmas.jpg\",\"contentUrl\":\"https:\/\/xstyle.md\/wp-content\/uploads\/2021\/04\/giurgeu-hasmas.jpg\",\"width\":238,\"height\":550,\"caption\":\"\u0422\u0443\u0440\u0438\u0441\u0442\u0438\u0447\u0435\u0441\u043a\u0430\u044f \u043a\u0430\u0440\u0442\u0430 \u0434\u043b\u044f \u0430\u043a\u0442\u0438\u0432\u043d\u043e\u0433\u043e \u043e\u0442\u0434\u044b\u0445\u0430 \u043d\u0430 \u043f\u0440\u0438\u0440\u043e\u0434\u0435 \u0435\u0434\u0435 \u043e\u0431\u0443\u0432\u044c \u043e\u0434\u0435\u0436\u0434\u0430 \u0434\u043b\u044f \u043f\u043e\u0445\u043e\u0434\u043e\u0432 \u043f\u0443\u0442\u0435\u0448\u0435\u0441\u0442\u0432\u0438\u0439 \u0432 \u0433\u043e\u0440\u0430\u0445 \u0438 \u0430\u043b\u044c\u043f\u0438\u043d\u0438\u0437\u043c\u0435 \u0432 \u0440\u0435\u0433\u0438\u043e\u043d\u0435 Muntii Giurgeu Hasmas\"},{\"@type\":\"BreadcrumbList\",\"@id\":\"https:\/\/xstyle.md\/product\/turisticheskaja-karta-muntii-giurgeu-hasmas\/#breadcrumb\",\"itemListElement\":[{\"@type\":\"ListItem\",\"position\":1,\"name\":\"\u0413\u043b\u0430\u0432\u043d\u0430\u044f \u0441\u0442\u0440\u0430\u043d\u0438\u0446\u0430\",\"item\":\"https:\/\/xstyle.md\/\"},{\"@type\":\"ListItem\",\"position\":2,\"name\":\"\u041c\u0430\u0433\u0430\u0437\u0438\u043d\",\"item\":\"https:\/\/xstyle.md\/shop\/\"},{\"@type\":\"ListItem\",\"position\":3,\"name\":\"\u0422\u0443\u0440\u0438\u0441\u0442\u0438\u0447\u0435\u0441\u043a\u0430\u044f \u043a\u0430\u0440\u0442\u0430 &#8220;Muntii Giurgeu Hasmas&#8221;\"}]},{\"@type\":\"WebSite\",\"@id\":\"https:\/\/xstyle.md\/#website\",\"url\":\"https:\/\/xstyle.md\/\",\"name\":\"\u041c\u0430\u0433\u0430\u0437\u0438\u043d Xstyle\",\"description\":\"C\u043d\u0430\u0440\u044f\u0436\u0435\u043d\u0438\u0435 \u0434\u043b\u044f \u0442\u0443\u0440\u0438\u0437\u043c\u0430 \u0438 \u044d\u043a\u0441\u0442\u0440\u0435\u043c\u0430\u043b\u044c\u043d\u044b\u0445 \u0432\u0438\u0434\u043e\u0432 \u0441\u043f\u043e\u0440\u0442\u0430 \u0432 \u041c\u043e\u043b\u0434\u043e\u0432\u0435.. \u0426\u0435\u043d\u044b, \u0444\u043e\u0442\u043e, \u0445\u0430\u0440\u0430\u043a\u0442\u0435\u0440\u0438\u0441\u0442\u0438\u043a\u0438 \u0432 \u041c\u043e\u043b\u0434\u043e\u0432\u0435.\",\"publisher\":{\"@id\":\"https:\/\/xstyle.md\/#organization\"},\"alternateName\":\"X-Style\",\"potentialAction\":[{\"@type\":\"SearchAction\",\"target\":{\"@type\":\"EntryPoint\",\"urlTemplate\":\"https:\/\/xstyle.md\/?s={search_term_string}\"},\"query-input\":{\"@type\":\"PropertyValueSpecification\",\"valueRequired\":true,\"valueName\":\"search_term_string\"}}],\"inLanguage\":\"ro-RO\"},{\"@type\":\"Organization\",\"@id\":\"https:\/\/xstyle.md\/#organization\",\"name\":\"\u041c\u0430\u0433\u0430\u0437\u0438\u043d Xstyle\",\"alternateName\":\"x-style\",\"url\":\"https:\/\/xstyle.md\/\",\"logo\":{\"@type\":\"ImageObject\",\"inLanguage\":\"ro-RO\",\"@id\":\"https:\/\/xstyle.md\/#\/schema\/logo\/image\/\",\"url\":\"https:\/\/xstyle.md\/wp-content\/uploads\/2020\/06\/logoicon.svg\",\"contentUrl\":\"https:\/\/xstyle.md\/wp-content\/uploads\/2020\/06\/logoicon.svg\",\"caption\":\"\u041c\u0430\u0433\u0430\u0437\u0438\u043d Xstyle\"},\"image\":{\"@id\":\"https:\/\/xstyle.md\/#\/schema\/logo\/image\/\"},\"sameAs\":[\"https:\/\/www.facebook.com\/xstylemd\",\"https:\/\/www.instagram.com\/xstyle_md\/\",\"https:\/\/t.me\/xstyle_outdoor\"],\"hasMerchantReturnPolicy\":{\"@type\":\"MerchantReturnPolicy\",\"merchantReturnLink\":\"https:\/\/xstyle.md\/ro\/conditions\/\"}}]}<\/script>\n<meta property=\"product:price:amount\" content=\"95.00\" \/>\n<meta property=\"product:price:currency\" content=\"MDL\" \/>\n<meta property=\"og:availability\" content=\"instock\" \/>\n<meta property=\"product:availability\" content=\"instock\" \/>\n<meta property=\"product:retailer_item_id\" content=\"5948490930375\" \/>\n<meta property=\"product:condition\" content=\"new\" \/>\n<!-- \/ Yoast SEO plugin. -->","yoast_head_json":{"title":"\u0422\u0443\u0440\u0438\u0441\u0442\u0438\u0447\u0435\u0441\u043a\u0430\u044f \u043a\u0430\u0440\u0442\u0430 \"Muntii Giurgeu Hasmas\" - \u041c\u0430\u0433\u0430\u0437\u0438\u043d Xstyle","description":"\u041e\u0442\u043a\u0440\u043e\u0439\u0442\u0435 \u0442\u0430\u0439\u043d\u044b \u0442\u0443\u0440\u0438\u0441\u0442\u0438\u0447\u0435\u0441\u043a\u043e\u0439 \u043a\u0430\u0440\u0442\u044b \"Muntii Giurgeu Hasmas\"! \u0418\u0434\u0435\u0430\u043b\u044c\u043d\u044b\u0439 \u0433\u0438\u0434 \u0434\u043b\u044f \u043f\u0443\u0442\u0435\u0448\u0435\u0441\u0442\u0432\u0435\u043d\u043d\u0438\u043a\u043e\u0432, \u0438\u0441\u0441\u043b\u0435\u0434\u0443\u044e\u0449\u0438\u0445 \u0436\u0438\u0432\u043e\u043f\u0438\u0441\u043d\u044b\u0435 \u0433\u043e\u0440\u044b \u0438 \u0443\u043d\u0438\u043a\u0430\u043b\u044c\u043d\u0443\u044e \u0433\u0435\u043e\u043b\u043e\u0433\u0438\u044e \u0440\u0435\u0433\u0438\u043e\u043d\u0430.","robots":{"index":"index","follow":"follow","max-snippet":"max-snippet:-1","max-image-preview":"max-image-preview:large","max-video-preview":"max-video-preview:-1"},"canonical":"https:\/\/xstyle.md\/ro\/produs\/turisticheskaja-karta-muntii-giurgeu-hasmas\/","og_locale":"ro_RO","og_type":"article","og_title":"\u0422\u0443\u0440\u0438\u0441\u0442\u0438\u0447\u0435\u0441\u043a\u0430\u044f \u043a\u0430\u0440\u0442\u0430 \"Muntii Giurgeu Hasmas\" - \u041c\u0430\u0433\u0430\u0437\u0438\u043d Xstyle","og_description":"\u041e\u0442\u043a\u0440\u043e\u0439\u0442\u0435 \u0442\u0430\u0439\u043d\u044b \u0442\u0443\u0440\u0438\u0441\u0442\u0438\u0447\u0435\u0441\u043a\u043e\u0439 \u043a\u0430\u0440\u0442\u044b \"Muntii Giurgeu Hasmas\"! \u0418\u0434\u0435\u0430\u043b\u044c\u043d\u044b\u0439 \u0433\u0438\u0434 \u0434\u043b\u044f \u043f\u0443\u0442\u0435\u0448\u0435\u0441\u0442\u0432\u0435\u043d\u043d\u0438\u043a\u043e\u0432, \u0438\u0441\u0441\u043b\u0435\u0434\u0443\u044e\u0449\u0438\u0445 \u0436\u0438\u0432\u043e\u043f\u0438\u0441\u043d\u044b\u0435 \u0433\u043e\u0440\u044b \u0438 \u0443\u043d\u0438\u043a\u0430\u043b\u044c\u043d\u0443\u044e \u0433\u0435\u043e\u043b\u043e\u0433\u0438\u044e \u0440\u0435\u0433\u0438\u043e\u043d\u0430.","og_url":"https:\/\/xstyle.md\/ro\/produs\/turisticheskaja-karta-muntii-giurgeu-hasmas\/","og_site_name":"\u041c\u0430\u0433\u0430\u0437\u0438\u043d Xstyle","article_publisher":"https:\/\/www.facebook.com\/xstylemd","article_modified_time":"2024-10-24T19:25:39+00:00","og_image":[{"width":238,"height":550,"url":"https:\/\/xstyle.md\/wp-content\/uploads\/2021\/04\/giurgeu-hasmas.jpg","type":"image\/jpeg"}],"twitter_card":"summary_large_image","twitter_misc":{"Pre\u021b":"95&nbsp;MDL","Disponibilitate":"\u00cen stoc"},"schema":{"@context":"https:\/\/schema.org","@graph":[{"@type":"WebPage","@id":"https:\/\/xstyle.md\/product\/turisticheskaja-karta-muntii-giurgeu-hasmas\/","url":"https:\/\/xstyle.md\/product\/turisticheskaja-karta-muntii-giurgeu-hasmas\/","name":"\u0422\u0443\u0440\u0438\u0441\u0442\u0438\u0447\u0435\u0441\u043a\u0430\u044f \u043a\u0430\u0440\u0442\u0430 \"Muntii Giurgeu Hasmas\" - \u041c\u0430\u0433\u0430\u0437\u0438\u043d Xstyle","isPartOf":{"@id":"https:\/\/xstyle.md\/#website"},"primaryImageOfPage":{"@id":"https:\/\/xstyle.md\/product\/turisticheskaja-karta-muntii-giurgeu-hasmas\/#primaryimage"},"image":{"@id":"https:\/\/xstyle.md\/product\/turisticheskaja-karta-muntii-giurgeu-hasmas\/#primaryimage"},"thumbnailUrl":"https:\/\/xstyle.md\/wp-content\/uploads\/2021\/04\/giurgeu-hasmas.jpg","datePublished":"2021-04-28T11:28:52+00:00","dateModified":"2024-10-24T19:25:39+00:00","description":"\u041e\u0442\u043a\u0440\u043e\u0439\u0442\u0435 \u0442\u0430\u0439\u043d\u044b \u0442\u0443\u0440\u0438\u0441\u0442\u0438\u0447\u0435\u0441\u043a\u043e\u0439 \u043a\u0430\u0440\u0442\u044b \"Muntii Giurgeu Hasmas\"! \u0418\u0434\u0435\u0430\u043b\u044c\u043d\u044b\u0439 \u0433\u0438\u0434 \u0434\u043b\u044f \u043f\u0443\u0442\u0435\u0448\u0435\u0441\u0442\u0432\u0435\u043d\u043d\u0438\u043a\u043e\u0432, \u0438\u0441\u0441\u043b\u0435\u0434\u0443\u044e\u0449\u0438\u0445 \u0436\u0438\u0432\u043e\u043f\u0438\u0441\u043d\u044b\u0435 \u0433\u043e\u0440\u044b \u0438 \u0443\u043d\u0438\u043a\u0430\u043b\u044c\u043d\u0443\u044e \u0433\u0435\u043e\u043b\u043e\u0433\u0438\u044e \u0440\u0435\u0433\u0438\u043e\u043d\u0430.","breadcrumb":{"@id":"https:\/\/xstyle.md\/product\/turisticheskaja-karta-muntii-giurgeu-hasmas\/#breadcrumb"},"inLanguage":"ro-RO","potentialAction":[{"@type":"ReadAction","target":["https:\/\/xstyle.md\/product\/turisticheskaja-karta-muntii-giurgeu-hasmas\/"]}]},{"@type":"ImageObject","inLanguage":"ro-RO","@id":"https:\/\/xstyle.md\/product\/turisticheskaja-karta-muntii-giurgeu-hasmas\/#primaryimage","url":"https:\/\/xstyle.md\/wp-content\/uploads\/2021\/04\/giurgeu-hasmas.jpg","contentUrl":"https:\/\/xstyle.md\/wp-content\/uploads\/2021\/04\/giurgeu-hasmas.jpg","width":238,"height":550,"caption":"\u0422\u0443\u0440\u0438\u0441\u0442\u0438\u0447\u0435\u0441\u043a\u0430\u044f \u043a\u0430\u0440\u0442\u0430 \u0434\u043b\u044f \u0430\u043a\u0442\u0438\u0432\u043d\u043e\u0433\u043e \u043e\u0442\u0434\u044b\u0445\u0430 \u043d\u0430 \u043f\u0440\u0438\u0440\u043e\u0434\u0435 \u0435\u0434\u0435 \u043e\u0431\u0443\u0432\u044c \u043e\u0434\u0435\u0436\u0434\u0430 \u0434\u043b\u044f \u043f\u043e\u0445\u043e\u0434\u043e\u0432 \u043f\u0443\u0442\u0435\u0448\u0435\u0441\u0442\u0432\u0438\u0439 \u0432 \u0433\u043e\u0440\u0430\u0445 \u0438 \u0430\u043b\u044c\u043f\u0438\u043d\u0438\u0437\u043c\u0435 \u0432 \u0440\u0435\u0433\u0438\u043e\u043d\u0435 Muntii Giurgeu Hasmas"},{"@type":"BreadcrumbList","@id":"https:\/\/xstyle.md\/product\/turisticheskaja-karta-muntii-giurgeu-hasmas\/#breadcrumb","itemListElement":[{"@type":"ListItem","position":1,"name":"\u0413\u043b\u0430\u0432\u043d\u0430\u044f \u0441\u0442\u0440\u0430\u043d\u0438\u0446\u0430","item":"https:\/\/xstyle.md\/"},{"@type":"ListItem","position":2,"name":"\u041c\u0430\u0433\u0430\u0437\u0438\u043d","item":"https:\/\/xstyle.md\/shop\/"},{"@type":"ListItem","position":3,"name":"\u0422\u0443\u0440\u0438\u0441\u0442\u0438\u0447\u0435\u0441\u043a\u0430\u044f \u043a\u0430\u0440\u0442\u0430 &#8220;Muntii Giurgeu Hasmas&#8221;"}]},{"@type":"WebSite","@id":"https:\/\/xstyle.md\/#website","url":"https:\/\/xstyle.md\/","name":"Magazinul X-Style","description":"Echipamente pentru turism \u0219i sporturi extreme \u00een Moldova. Pre\u021buri, fotografii, caracteristici \u00een Moldova.","publisher":{"@id":"https:\/\/xstyle.md\/#organization"},"alternateName":"X-Style","potentialAction":[{"@type":"SearchAction","target":{"@type":"EntryPoint","urlTemplate":"https:\/\/xstyle.md\/?s={search_term_string}"},"query-input":{"@type":"PropertyValueSpecification","valueRequired":true,"valueName":"search_term_string"}}],"inLanguage":"ro-RO"},{"@type":"Organization","@id":"https:\/\/xstyle.md\/#organization","name":"Magazinul X-Style","alternateName":"x-style","url":"https:\/\/xstyle.md\/","logo":{"@type":"ImageObject","inLanguage":"ro-RO","@id":"https:\/\/xstyle.md\/#\/schema\/logo\/image\/","url":"https:\/\/xstyle.md\/wp-content\/uploads\/2020\/06\/logoicon.svg","contentUrl":"https:\/\/xstyle.md\/wp-content\/uploads\/2020\/06\/logoicon.svg","caption":"\u041c\u0430\u0433\u0430\u0437\u0438\u043d Xstyle"},"image":{"@id":"https:\/\/xstyle.md\/#\/schema\/logo\/image\/"},"sameAs":["https:\/\/www.facebook.com\/xstylemd","https:\/\/www.instagram.com\/xstyle_md\/","https:\/\/t.me\/xstyle_outdoor"],"hasMerchantReturnPolicy":{"@type":"MerchantReturnPolicy","merchantReturnLink":"https:\/\/xstyle.md\/ro\/conditions\/"}}]},"product_price_amount":"95.00","product_price_currency":"MDL","og_availability":"instock","product_availability":"instock","product_retailer_item_id":"5948490930375","product_condition":"new"},"post_mailing_queue_ids":[],"_links":{"self":[{"href":"https:\/\/xstyle.md\/ro\/wp-json\/wp\/v2\/product\/30225","targetHints":{"allow":["GET"]}}],"collection":[{"href":"https:\/\/xstyle.md\/ro\/wp-json\/wp\/v2\/product"}],"about":[{"href":"https:\/\/xstyle.md\/ro\/wp-json\/wp\/v2\/types\/product"}],"replies":[{"embeddable":true,"href":"https:\/\/xstyle.md\/ro\/wp-json\/wp\/v2\/comments?post=30225"}],"wp:featuredmedia":[{"embeddable":true,"href":"https:\/\/xstyle.md\/ro\/wp-json\/wp\/v2\/media\/86371"}],"wp:attachment":[{"href":"https:\/\/xstyle.md\/ro\/wp-json\/wp\/v2\/media?parent=30225"}],"wp:term":[{"taxonomy":"product_brand","embeddable":true,"href":"https:\/\/xstyle.md\/ro\/wp-json\/wp\/v2\/product_brand?post=30225"},{"taxonomy":"product_cat","embeddable":true,"href":"https:\/\/xstyle.md\/ro\/wp-json\/wp\/v2\/product_cat?post=30225"},{"taxonomy":"product_tag","embeddable":true,"href":"https:\/\/xstyle.md\/ro\/wp-json\/wp\/v2\/product_tag?post=30225"}],"curies":[{"name":"wp","href":"https:\/\/api.w.org\/{rel}","templated":true}]}}