{"id":30202,"date":"2021-04-28T14:28:17","date_gmt":"2021-04-28T11:28:17","guid":{"rendered":"https:\/\/xstyle.md\/product\/termoshtany-muzhskie-accapi-ergoracing-antracite-black\/"},"modified":"2026-03-14T21:50:45","modified_gmt":"2026-03-14T18:50:45","slug":"accapi-ergoracing-mns-antracite-black","status":"publish","type":"product","link":"https:\/\/xstyle.md\/ro\/produs\/accapi-ergoracing-mns-antracite-black\/","title":{"rendered":"Pantaloni termici Accapi Ergoracing Mns Anthracite\/Black"},"content":{"rendered":"<\/p>\n<p><strong>Accapi Ergoracing<\/strong>\u00a0\u2013 lenjerie de compresie func\u021bional\u0103 pentru un stil de via\u021b\u0103 activ, inclusiv sporturi extreme de iarn\u0103. Materialul dens tridimensional \u00eembr\u0103\u021bi\u0219eaz\u0103 corpul, re\u021bin\u00e2nd c\u0103ldura, sus\u021bin\u00e2nd mu\u0219chii \u0219i protej\u00e2nd articula\u021biile.<\/p>\n<p>\u021aes\u0103tura elastic\u0103 ofer\u0103 respirabilitate natural\u0103, eliminarea rapid\u0103 a umezelii. Ajut\u0103 la u\u0219urarea greut\u0103\u021bilor pe anumite zone ale mu\u0219chilor \u0219i la redistribuirea presiunii.<\/p>\n<p>Tehnologia de compresie variabil\u0103 este aplicat\u0103 sub forma a zece scheme textile diferite, care difer\u0103 prin \u021besutul fibrelor. Acest lucru ajut\u0103 la reducerea efectelor stresului activ \u0219i pasiv asupra organismului.<\/p>\n<p>Pantalonii de compresie m\u0103resc eficien\u021ba antrenamentului pentru a \u00eent\u0103ri scheletul muscular. Aceast\u0103 lenjerie termic\u0103 poate fi folosit\u0103 at\u00e2t \u00een \u200b\u200bclimatele aspre de iarn\u0103, c\u00e2t \u0219i \u00een extrasezon.<\/p>\n<h3>Particularit\u0103\u021bi:<\/h3>\n<ul>\n<li>Design 3D f\u0103r\u0103 cus\u0103tur\u0103 care urmeaz\u0103 forma corpului;<\/li>\n<li>Protec\u021bia, sus\u021binerea \u0219i \u00eendep\u0103rtarea unei p\u0103r\u021bi a \u00eenc\u0103rc\u0103turii;<\/li>\n<li>\u00cembun\u0103t\u0103\u021birea eficien\u021bei mu\u0219chilor;<\/li>\n<li>Inser\u021bii-bandaje \u00een articula\u021biile genunchilor: Accordion fitting band;<\/li>\n<li>Zone de rigiditate: Connecting Ribs;<\/li>\n<li>Compresie variabil\u0103: AEC;<\/li>\n<li>Absorb\u021bia vibra\u021biilor;<\/li>\n<li>Elasticitate ridicat\u0103.<\/li>\n<\/ul>\n<h3>Caracteristici:<\/h3>\n<ul>\n<li>Material &#8212; 93% Poliamid\u0103, 7% Elastan;<\/li>\n<li>Sezon &#8212; toamn\u0103\/iarn\u0103;<\/li>\n<li>Aplicare &#8212; \u00een aer liber\/drume\u021bii\/schi\/turism cu schi\/snowboarding\/patinaj;<\/li>\n<li>Model &#8212; pentru b\u0103rba\u021bi.<\/li>\n<\/ul>\n<h3><strong>Tehnologie<\/strong><strong>:<\/strong><\/h3>\n<ul>\n<li><strong>Bee Memo\u00ae<\/strong> \u2013 o structur\u0103 tridimensional\u0103 cu efect de memorie, capabil\u0103 s\u0103 se extind\u0103 sau s\u0103 se contracte \u00een func\u021bie de necesit\u0103\u021bi.<\/li>\n<li><strong>ACCORDION FITTING BAND<\/strong> \u2013 inser\u021biile elastice laterale \u0219i interioare elimin\u0103 eficient umezeala.<\/li>\n<li><strong>Connecting Ribs\u00ae<\/strong>\u00a0Zonele musculare conturate pentru sprijin \u0219i ameliorarea stresului.<\/li>\n<\/ul>\n<p><\/p>\n<h3>Marca<\/h3>\n<p>Compania italian\u0103 Accapi este un exemplu al modului \u00een care tradi\u021biile vechi \u0219i experien\u021ba trecutului tr\u0103iesc \u00een perfect\u0103 armonie cu cele mai avansate tehnologii \u0219i echipamente moderne. Fondat\u0103 \u00een 1958 de familia Chiaruttini, care s-a angajat ini\u021bial \u00een produc\u021bia de \u0219osete obi\u0219nuite, \u0219i av\u00e2nd o experien\u021b\u0103 considerabil\u0103 acumulat\u0103, \u00een 1994 au \u00eenceput s\u0103 produc\u0103 \u0219osete tehnice pentru toate sporturile. \u0218i de trei genera\u021bii la r\u00e2nd, fabricarea de lenjerie termic\u0103 este o afacere de familie care garanteaz\u0103 o calitate \u00eenalt\u0103 constant\u0103, deoarece toate modelele sunt realizate \u00een propria noastr\u0103 fabric\u0103 din Italia. Introducerea noilor tehnologii \u00een 2006 a f\u0103cut posibil\u0103 extinderea liniei de produse \u0219i refacerea calitativ\u0103 a modelelor existente. \u00cen acela\u0219i timp, pre\u021burile pentru Accapi au r\u0103mas la acela\u0219i nivel. Brandul Accapi sponsorizeaz\u0103 diver\u0219i sportivi din ciclism rutier, curse de motociclete, atletism, schi alpin, inclusiv medalia\u021bi olimpici.<\/p>","protected":false},"excerpt":{"rendered":"<p>Pantaloni termici Accapi Ergoracing Mns Anthracite\/Black<\/p>","protected":false},"featured_media":98716,"comment_status":"open","ping_status":"closed","template":"","meta":{"_acf_changed":false,"inline_featured_image":false},"product_brand":[1407],"product_cat":[288],"product_tag":[],"class_list":{"0":"post-30202","1":"product","2":"type-product","3":"status-publish","4":"has-post-thumbnail","6":"product_brand-accapi","7":"product_cat-thermals-barbati","8":"pa_razmer-xml-m-l","9":"pa_razmer-xml-xl-xxl","10":"pa_razmer-xml-xs-s","12":"first","13":"instock","14":"shipping-taxable","15":"purchasable","16":"product-type-variable"},"acf":[],"yoast_head":"<!-- This site is optimized with the Yoast SEO plugin v27.4 - https:\/\/yoast.com\/product\/yoast-seo-wordpress\/ -->\n<title>\u0422\u0435\u0440\u043c\u043e\u0448\u0442\u0430\u043d\u044b Accapi Ergoracing Mns antracite\/black - \u041c\u0430\u0433\u0430\u0437\u0438\u043d Xstyle<\/title>\n<meta name=\"description\" content=\"\u041e\u0442\u043a\u0440\u043e\u0439\u0442\u0435 \u0441\u0435\u043a\u0440\u0435\u0442 \u043a\u043e\u043c\u0444\u043e\u0440\u0442\u0430 \u0441 \u0442\u0435\u0440\u043c\u043e\u0448\u0442\u0430\u043d\u044b Accapi Ergoracing antracite\/black! \u0418\u0434\u0435\u0430\u043b\u044c\u043d\u044b\u0439 \u0432\u044b\u0431\u043e\u0440 \u0434\u043b\u044f \u0430\u043a\u0442\u0438\u0432\u043d\u043e\u0433\u043e \u0437\u0438\u043c\u043d\u0435\u0433\u043e \u0441\u043f\u043e\u0440\u0442\u0430, \u043e\u0431\u0435\u0441\u043f\u0435\u0447\u0438\u0432\u0430\u044f \u0442\u0435\u043f\u043b\u043e \u0438 \u043f\u043e\u0434\u0434\u0435\u0440\u0436\u043a\u0443.\" \/>\n<meta name=\"robots\" content=\"index, follow, max-snippet:-1, max-image-preview:large, max-video-preview:-1\" \/>\n<link rel=\"canonical\" href=\"https:\/\/xstyle.md\/ro\/produs\/accapi-ergoracing-mns-antracite-black\/\" \/>\n<meta property=\"og:locale\" content=\"ro_RO\" \/>\n<meta property=\"og:type\" content=\"article\" \/>\n<meta property=\"og:title\" content=\"\u0422\u0435\u0440\u043c\u043e\u0448\u0442\u0430\u043d\u044b Accapi Ergoracing Mns antracite\/black - \u041c\u0430\u0433\u0430\u0437\u0438\u043d Xstyle\" \/>\n<meta property=\"og:description\" content=\"\u041e\u0442\u043a\u0440\u043e\u0439\u0442\u0435 \u0441\u0435\u043a\u0440\u0435\u0442 \u043a\u043e\u043c\u0444\u043e\u0440\u0442\u0430 \u0441 \u0442\u0435\u0440\u043c\u043e\u0448\u0442\u0430\u043d\u044b Accapi Ergoracing antracite\/black! \u0418\u0434\u0435\u0430\u043b\u044c\u043d\u044b\u0439 \u0432\u044b\u0431\u043e\u0440 \u0434\u043b\u044f \u0430\u043a\u0442\u0438\u0432\u043d\u043e\u0433\u043e \u0437\u0438\u043c\u043d\u0435\u0433\u043e \u0441\u043f\u043e\u0440\u0442\u0430, \u043e\u0431\u0435\u0441\u043f\u0435\u0447\u0438\u0432\u0430\u044f \u0442\u0435\u043f\u043b\u043e \u0438 \u043f\u043e\u0434\u0434\u0435\u0440\u0436\u043a\u0443.\" \/>\n<meta property=\"og:url\" content=\"https:\/\/xstyle.md\/ro\/produs\/accapi-ergoracing-mns-antracite-black\/\" \/>\n<meta property=\"og:site_name\" content=\"\u041c\u0430\u0433\u0430\u0437\u0438\u043d Xstyle\" \/>\n<meta property=\"article:publisher\" content=\"https:\/\/www.facebook.com\/xstylemd\" \/>\n<meta property=\"article:modified_time\" content=\"2026-03-14T18:50:45+00:00\" \/>\n<meta property=\"og:image\" content=\"https:\/\/xstyle.md\/wp-content\/uploads\/2021\/04\/accapi-ergoracing-mns-antraciteblack-0.webp\" \/>\n\t<meta property=\"og:image:width\" content=\"1080\" \/>\n\t<meta property=\"og:image:height\" content=\"1080\" \/>\n\t<meta property=\"og:image:type\" content=\"image\/webp\" \/>\n<meta name=\"twitter:card\" content=\"summary_large_image\" \/>\n<meta name=\"twitter:label1\" content=\"Disponibilitate\" \/>\n\t<meta name=\"twitter:data1\" content=\"\u00cen stoc\" \/>\n<script type=\"application\/ld+json\" class=\"yoast-schema-graph\">{\"@context\":\"https:\\\/\\\/schema.org\",\"@graph\":[{\"@type\":\"WebPage\",\"@id\":\"https:\\\/\\\/xstyle.md\\\/product\\\/accapi-ergoracing-mns-antracite-black\\\/\",\"url\":\"https:\\\/\\\/xstyle.md\\\/product\\\/accapi-ergoracing-mns-antracite-black\\\/\",\"name\":\"\u0422\u0435\u0440\u043c\u043e\u0448\u0442\u0430\u043d\u044b Accapi Ergoracing Mns antracite\\\/black - \u041c\u0430\u0433\u0430\u0437\u0438\u043d Xstyle\",\"isPartOf\":{\"@id\":\"https:\\\/\\\/xstyle.md\\\/#website\"},\"primaryImageOfPage\":{\"@id\":\"https:\\\/\\\/xstyle.md\\\/product\\\/accapi-ergoracing-mns-antracite-black\\\/#primaryimage\"},\"image\":{\"@id\":\"https:\\\/\\\/xstyle.md\\\/product\\\/accapi-ergoracing-mns-antracite-black\\\/#primaryimage\"},\"thumbnailUrl\":\"https:\\\/\\\/xstyle.md\\\/wp-content\\\/uploads\\\/2021\\\/04\\\/accapi-ergoracing-mns-antraciteblack-0.webp\",\"datePublished\":\"2021-04-28T11:28:17+00:00\",\"dateModified\":\"2026-03-14T18:50:45+00:00\",\"description\":\"\u041e\u0442\u043a\u0440\u043e\u0439\u0442\u0435 \u0441\u0435\u043a\u0440\u0435\u0442 \u043a\u043e\u043c\u0444\u043e\u0440\u0442\u0430 \u0441 \u0442\u0435\u0440\u043c\u043e\u0448\u0442\u0430\u043d\u044b Accapi Ergoracing antracite\\\/black! \u0418\u0434\u0435\u0430\u043b\u044c\u043d\u044b\u0439 \u0432\u044b\u0431\u043e\u0440 \u0434\u043b\u044f \u0430\u043a\u0442\u0438\u0432\u043d\u043e\u0433\u043e \u0437\u0438\u043c\u043d\u0435\u0433\u043e \u0441\u043f\u043e\u0440\u0442\u0430, \u043e\u0431\u0435\u0441\u043f\u0435\u0447\u0438\u0432\u0430\u044f \u0442\u0435\u043f\u043b\u043e \u0438 \u043f\u043e\u0434\u0434\u0435\u0440\u0436\u043a\u0443.\",\"breadcrumb\":{\"@id\":\"https:\\\/\\\/xstyle.md\\\/product\\\/accapi-ergoracing-mns-antracite-black\\\/#breadcrumb\"},\"inLanguage\":\"ro-RO\",\"potentialAction\":[{\"@type\":\"ReadAction\",\"target\":[\"https:\\\/\\\/xstyle.md\\\/product\\\/accapi-ergoracing-mns-antracite-black\\\/\"]}]},{\"@type\":\"ImageObject\",\"inLanguage\":\"ro-RO\",\"@id\":\"https:\\\/\\\/xstyle.md\\\/product\\\/accapi-ergoracing-mns-antracite-black\\\/#primaryimage\",\"url\":\"https:\\\/\\\/xstyle.md\\\/wp-content\\\/uploads\\\/2021\\\/04\\\/accapi-ergoracing-mns-antraciteblack-0.webp\",\"contentUrl\":\"https:\\\/\\\/xstyle.md\\\/wp-content\\\/uploads\\\/2021\\\/04\\\/accapi-ergoracing-mns-antraciteblack-0.webp\",\"width\":1080,\"height\":1080,\"caption\":\"\u0422\u0435\u0440\u043c\u043e\u0448\u0442\u0430\u043d\u044b Accapi Ergoracing Mns \u0430\u043d\u0442\u0440\u0430\u0446\u0438\u0442\\\/\u0447\u0435\u0440\u043d\u044b\u0435 \u0434\u043b\u044f \u0430\u043a\u0442\u0438\u0432\u043d\u043e\u0433\u043e \u043e\u0442\u0434\u044b\u0445\u0430, \u043f\u043e\u0445\u043e\u0434\u043e\u0432, \u0442\u0443\u0440\u0438\u0437\u043c\u0430 \u0438 \u0441\u043f\u043e\u0440\u0442\u0438\u0432\u043d\u043e\u0439 \u043e\u0434\u0435\u0436\u0434\u044b \u0432 \u043e\u043d\u043b\u0430\u0439\u043d \u043c\u0430\u0433\u0430\u0437\u0438\u043d\u0435 \u0434\u043b\u044f \u043b\u044e\u0431\u0438\u0442\u0435\u043b\u0435\u0439 \u0430\u043a\u0442\u0438\u0432\u043d\u043e\u0439 \u0436\u0438\u0437\u043d\u0438\"},{\"@type\":\"BreadcrumbList\",\"@id\":\"https:\\\/\\\/xstyle.md\\\/product\\\/accapi-ergoracing-mns-antracite-black\\\/#breadcrumb\",\"itemListElement\":[{\"@type\":\"ListItem\",\"position\":1,\"name\":\"\u0413\u043b\u0430\u0432\u043d\u0430\u044f \u0441\u0442\u0440\u0430\u043d\u0438\u0446\u0430\",\"item\":\"https:\\\/\\\/xstyle.md\\\/\"},{\"@type\":\"ListItem\",\"position\":2,\"name\":\"\u041c\u0430\u0433\u0430\u0437\u0438\u043d\",\"item\":\"https:\\\/\\\/xstyle.md\\\/shop\\\/\"},{\"@type\":\"ListItem\",\"position\":3,\"name\":\"\u0422\u0435\u0440\u043c\u043e\u0448\u0442\u0430\u043d\u044b Accapi Ergoracing Mns antracite\\\/black\"}]},{\"@type\":\"WebSite\",\"@id\":\"https:\\\/\\\/xstyle.md\\\/#website\",\"url\":\"https:\\\/\\\/xstyle.md\\\/\",\"name\":\"\u041c\u0430\u0433\u0430\u0437\u0438\u043d Xstyle\",\"description\":\"C\u043d\u0430\u0440\u044f\u0436\u0435\u043d\u0438\u0435 \u0434\u043b\u044f \u0442\u0443\u0440\u0438\u0437\u043c\u0430 \u0438 \u044d\u043a\u0441\u0442\u0440\u0435\u043c\u0430\u043b\u044c\u043d\u044b\u0445 \u0432\u0438\u0434\u043e\u0432 \u0441\u043f\u043e\u0440\u0442\u0430 \u0432 \u041c\u043e\u043b\u0434\u043e\u0432\u0435.. \u0426\u0435\u043d\u044b, \u0444\u043e\u0442\u043e, \u0445\u0430\u0440\u0430\u043a\u0442\u0435\u0440\u0438\u0441\u0442\u0438\u043a\u0438 \u0432 \u041c\u043e\u043b\u0434\u043e\u0432\u0435.\",\"publisher\":{\"@id\":\"https:\\\/\\\/xstyle.md\\\/#organization\"},\"alternateName\":\"X-Style\",\"potentialAction\":[{\"@type\":\"SearchAction\",\"target\":{\"@type\":\"EntryPoint\",\"urlTemplate\":\"https:\\\/\\\/xstyle.md\\\/?s={search_term_string}\"},\"query-input\":{\"@type\":\"PropertyValueSpecification\",\"valueRequired\":true,\"valueName\":\"search_term_string\"}}],\"inLanguage\":\"ro-RO\"},{\"@type\":\"Organization\",\"@id\":\"https:\\\/\\\/xstyle.md\\\/#organization\",\"name\":\"\u041c\u0430\u0433\u0430\u0437\u0438\u043d Xstyle\",\"alternateName\":\"x-style\",\"url\":\"https:\\\/\\\/xstyle.md\\\/\",\"logo\":{\"@type\":\"ImageObject\",\"inLanguage\":\"ro-RO\",\"@id\":\"https:\\\/\\\/xstyle.md\\\/#\\\/schema\\\/logo\\\/image\\\/\",\"url\":\"https:\\\/\\\/xstyle.md\\\/wp-content\\\/uploads\\\/2020\\\/06\\\/logoicon.svg\",\"contentUrl\":\"https:\\\/\\\/xstyle.md\\\/wp-content\\\/uploads\\\/2020\\\/06\\\/logoicon.svg\",\"caption\":\"\u041c\u0430\u0433\u0430\u0437\u0438\u043d Xstyle\"},\"image\":{\"@id\":\"https:\\\/\\\/xstyle.md\\\/#\\\/schema\\\/logo\\\/image\\\/\"},\"sameAs\":[\"https:\\\/\\\/www.facebook.com\\\/xstylemd\",\"https:\\\/\\\/www.instagram.com\\\/xstyle_md\\\/\",\"https:\\\/\\\/t.me\\\/xstyle_outdoor\"],\"hasMerchantReturnPolicy\":{\"@type\":\"MerchantReturnPolicy\",\"merchantReturnLink\":\"https:\\\/\\\/xstyle.md\\\/ro\\\/conditions\\\/\"}}]}<\/script>\n<meta property=\"og:availability\" content=\"instock\" \/>\n<meta property=\"product:availability\" content=\"instock\" \/>\n<meta property=\"product:retailer_item_id\" content=\"8053307520896\" \/>\n<meta property=\"product:condition\" content=\"new\" \/>\n<!-- \/ Yoast SEO plugin. -->","yoast_head_json":{"title":"Pantaloni termici Accapi Ergoracing Mns Anthracite\/Black - Magazin Xstyle","description":"Descoperi\u021bi secretul confortului cu pantalonii termici Accapi Ergoracing antracite\/black! O alegere ideal\u0103 pentru sporturile de iarn\u0103 active, asigur\u00e2nd c\u0103ldur\u0103 \u0219i suport.","robots":{"index":"index","follow":"follow","max-snippet":"max-snippet:-1","max-image-preview":"max-image-preview:large","max-video-preview":"max-video-preview:-1"},"canonical":"https:\/\/xstyle.md\/ro\/produs\/accapi-ergoracing-mns-antracite-black\/","og_locale":"ro_RO","og_type":"article","og_title":"\u0422\u0435\u0440\u043c\u043e\u0448\u0442\u0430\u043d\u044b Accapi Ergoracing Mns antracite\/black - \u041c\u0430\u0433\u0430\u0437\u0438\u043d Xstyle","og_description":"\u041e\u0442\u043a\u0440\u043e\u0439\u0442\u0435 \u0441\u0435\u043a\u0440\u0435\u0442 \u043a\u043e\u043c\u0444\u043e\u0440\u0442\u0430 \u0441 \u0442\u0435\u0440\u043c\u043e\u0448\u0442\u0430\u043d\u044b Accapi Ergoracing antracite\/black! \u0418\u0434\u0435\u0430\u043b\u044c\u043d\u044b\u0439 \u0432\u044b\u0431\u043e\u0440 \u0434\u043b\u044f \u0430\u043a\u0442\u0438\u0432\u043d\u043e\u0433\u043e \u0437\u0438\u043c\u043d\u0435\u0433\u043e \u0441\u043f\u043e\u0440\u0442\u0430, \u043e\u0431\u0435\u0441\u043f\u0435\u0447\u0438\u0432\u0430\u044f \u0442\u0435\u043f\u043b\u043e \u0438 \u043f\u043e\u0434\u0434\u0435\u0440\u0436\u043a\u0443.","og_url":"https:\/\/xstyle.md\/ro\/produs\/accapi-ergoracing-mns-antracite-black\/","og_site_name":"\u041c\u0430\u0433\u0430\u0437\u0438\u043d Xstyle","article_publisher":"https:\/\/www.facebook.com\/xstylemd","article_modified_time":"2026-03-14T18:50:45+00:00","og_image":[{"width":1080,"height":1080,"url":"https:\/\/xstyle.md\/wp-content\/uploads\/2021\/04\/accapi-ergoracing-mns-antraciteblack-0.webp","type":"image\/webp"}],"twitter_card":"summary_large_image","twitter_misc":{"Disponibilitate":"\u00cen stoc"},"schema":{"@context":"https:\/\/schema.org","@graph":[{"@type":"WebPage","@id":"https:\/\/xstyle.md\/product\/accapi-ergoracing-mns-antracite-black\/","url":"https:\/\/xstyle.md\/product\/accapi-ergoracing-mns-antracite-black\/","name":"Pantaloni termici Accapi Ergoracing Mns Anthracite\/Black - Magazin Xstyle","isPartOf":{"@id":"https:\/\/xstyle.md\/#website"},"primaryImageOfPage":{"@id":"https:\/\/xstyle.md\/product\/accapi-ergoracing-mns-antracite-black\/#primaryimage"},"image":{"@id":"https:\/\/xstyle.md\/product\/accapi-ergoracing-mns-antracite-black\/#primaryimage"},"thumbnailUrl":"https:\/\/xstyle.md\/wp-content\/uploads\/2021\/04\/accapi-ergoracing-mns-antraciteblack-0.webp","datePublished":"2021-04-28T11:28:17+00:00","dateModified":"2026-03-14T18:50:45+00:00","description":"Descoperi\u021bi secretul confortului cu pantalonii termici Accapi Ergoracing antracite\/black! O alegere ideal\u0103 pentru sporturile de iarn\u0103 active, asigur\u00e2nd c\u0103ldur\u0103 \u0219i suport.","breadcrumb":{"@id":"https:\/\/xstyle.md\/product\/accapi-ergoracing-mns-antracite-black\/#breadcrumb"},"inLanguage":"ro-RO","potentialAction":[{"@type":"ReadAction","target":["https:\/\/xstyle.md\/product\/accapi-ergoracing-mns-antracite-black\/"]}]},{"@type":"ImageObject","inLanguage":"ro-RO","@id":"https:\/\/xstyle.md\/product\/accapi-ergoracing-mns-antracite-black\/#primaryimage","url":"https:\/\/xstyle.md\/wp-content\/uploads\/2021\/04\/accapi-ergoracing-mns-antraciteblack-0.webp","contentUrl":"https:\/\/xstyle.md\/wp-content\/uploads\/2021\/04\/accapi-ergoracing-mns-antraciteblack-0.webp","width":1080,"height":1080,"caption":"\u0422\u0435\u0440\u043c\u043e\u0448\u0442\u0430\u043d\u044b Accapi Ergoracing Mns \u0430\u043d\u0442\u0440\u0430\u0446\u0438\u0442\/\u0447\u0435\u0440\u043d\u044b\u0435 \u0434\u043b\u044f \u0430\u043a\u0442\u0438\u0432\u043d\u043e\u0433\u043e \u043e\u0442\u0434\u044b\u0445\u0430, \u043f\u043e\u0445\u043e\u0434\u043e\u0432, \u0442\u0443\u0440\u0438\u0437\u043c\u0430 \u0438 \u0441\u043f\u043e\u0440\u0442\u0438\u0432\u043d\u043e\u0439 \u043e\u0434\u0435\u0436\u0434\u044b \u0432 \u043e\u043d\u043b\u0430\u0439\u043d \u043c\u0430\u0433\u0430\u0437\u0438\u043d\u0435 \u0434\u043b\u044f \u043b\u044e\u0431\u0438\u0442\u0435\u043b\u0435\u0439 \u0430\u043a\u0442\u0438\u0432\u043d\u043e\u0439 \u0436\u0438\u0437\u043d\u0438"},{"@type":"BreadcrumbList","@id":"https:\/\/xstyle.md\/product\/accapi-ergoracing-mns-antracite-black\/#breadcrumb","itemListElement":[{"@type":"ListItem","position":1,"name":"\u0413\u043b\u0430\u0432\u043d\u0430\u044f \u0441\u0442\u0440\u0430\u043d\u0438\u0446\u0430","item":"https:\/\/xstyle.md\/"},{"@type":"ListItem","position":2,"name":"\u041c\u0430\u0433\u0430\u0437\u0438\u043d","item":"https:\/\/xstyle.md\/shop\/"},{"@type":"ListItem","position":3,"name":"\u0422\u0435\u0440\u043c\u043e\u0448\u0442\u0430\u043d\u044b Accapi Ergoracing Mns antracite\/black"}]},{"@type":"WebSite","@id":"https:\/\/xstyle.md\/#website","url":"https:\/\/xstyle.md\/","name":"Magazinul X-Style","description":"Echipamente pentru turism \u0219i sporturi extreme \u00een Moldova. Pre\u021buri, fotografii, caracteristici \u00een Moldova.","publisher":{"@id":"https:\/\/xstyle.md\/#organization"},"alternateName":"X-Style","potentialAction":[{"@type":"SearchAction","target":{"@type":"EntryPoint","urlTemplate":"https:\/\/xstyle.md\/?s={search_term_string}"},"query-input":{"@type":"PropertyValueSpecification","valueRequired":true,"valueName":"search_term_string"}}],"inLanguage":"ro-RO"},{"@type":"Organization","@id":"https:\/\/xstyle.md\/#organization","name":"Magazinul X-Style","alternateName":"x-style","url":"https:\/\/xstyle.md\/","logo":{"@type":"ImageObject","inLanguage":"ro-RO","@id":"https:\/\/xstyle.md\/#\/schema\/logo\/image\/","url":"https:\/\/xstyle.md\/wp-content\/uploads\/2020\/06\/logoicon.svg","contentUrl":"https:\/\/xstyle.md\/wp-content\/uploads\/2020\/06\/logoicon.svg","caption":"\u041c\u0430\u0433\u0430\u0437\u0438\u043d Xstyle"},"image":{"@id":"https:\/\/xstyle.md\/#\/schema\/logo\/image\/"},"sameAs":["https:\/\/www.facebook.com\/xstylemd","https:\/\/www.instagram.com\/xstyle_md\/","https:\/\/t.me\/xstyle_outdoor"],"hasMerchantReturnPolicy":{"@type":"MerchantReturnPolicy","merchantReturnLink":"https:\/\/xstyle.md\/ro\/conditions\/"}}]},"og_availability":"instock","product_availability":"instock","product_retailer_item_id":"8053307520896","product_condition":"new"},"_links":{"self":[{"href":"https:\/\/xstyle.md\/ro\/wp-json\/wp\/v2\/product\/30202","targetHints":{"allow":["GET"]}}],"collection":[{"href":"https:\/\/xstyle.md\/ro\/wp-json\/wp\/v2\/product"}],"about":[{"href":"https:\/\/xstyle.md\/ro\/wp-json\/wp\/v2\/types\/product"}],"replies":[{"embeddable":true,"href":"https:\/\/xstyle.md\/ro\/wp-json\/wp\/v2\/comments?post=30202"}],"wp:featuredmedia":[{"embeddable":true,"href":"https:\/\/xstyle.md\/ro\/wp-json\/wp\/v2\/media\/98716"}],"wp:attachment":[{"href":"https:\/\/xstyle.md\/ro\/wp-json\/wp\/v2\/media?parent=30202"}],"wp:term":[{"taxonomy":"product_brand","embeddable":true,"href":"https:\/\/xstyle.md\/ro\/wp-json\/wp\/v2\/product_brand?post=30202"},{"taxonomy":"product_cat","embeddable":true,"href":"https:\/\/xstyle.md\/ro\/wp-json\/wp\/v2\/product_cat?post=30202"},{"taxonomy":"product_tag","embeddable":true,"href":"https:\/\/xstyle.md\/ro\/wp-json\/wp\/v2\/product_tag?post=30202"}],"curies":[{"name":"wp","href":"https:\/\/api.w.org\/{rel}","templated":true}]}}