{"id":30199,"date":"2021-04-28T14:28:08","date_gmt":"2021-04-28T11:28:08","guid":{"rendered":"https:\/\/xstyle.md\/product\/pajalnaja-lampa-petromax-professional-blowtorch-hf2\/"},"modified":"2024-10-21T09:41:29","modified_gmt":"2024-10-21T06:41:29","slug":"pajalnaja-lampa-petromax-professional-blowtorch-hf2","status":"publish","type":"product","link":"https:\/\/xstyle.md\/ro\/produs\/pajalnaja-lampa-petromax-professional-blowtorch-hf2\/","title":{"rendered":"Suflant\u0103 Petromax Professional Blowtorch hf2"},"content":{"rendered":"<p><\/p>\n<p>Suflanta este un instrument ideal atunci c&acirc;nd avem nevoie de o flac\u0103r\u0103 puternic\u0103 cu focalizare &icirc;ngust\u0103 pentru aprindere, lipire sau topire. Aceasta creaz\u0103 o flac\u0103r\u0103 cu o temperature maxim\u0103 de 1300 &deg; C (2372 &deg; F), care este reglementat\u0103 de alimentarea cu gaze \u0219i aer. Regl&acirc;nd debitul de gaz, pute\u021bi regla dimensiunea fl\u0103c\u0103rii. Flac\u0103ra devine mai moale sau mai intens\u0103, &icirc;n func\u021bie de modul &icirc;n care este setat \u0219urubul de reglare.<\/p>\n<p>Comutatorul de func\u021bionare continu\u0103 asigur\u0103 o m&acirc;nuire sigur\u0103 \u0219i confortabil\u0103. Op\u021biunile diverse fac din Petromax hf2 un instrument foarte util \u0219i universal.<\/p>\n<p>Datorit\u0103 temperaturii &icirc;nalte, suflanta Petromax poate fi folosit\u0103 \u0219i &icirc;n buc\u0103t\u0103rie. V&acirc;rful albastru al fl\u0103c\u0103rii este ideal pentru a preg\u0103ti delicioasa creme brule.<\/p>\n<p>Pentru hobby-urile dvs sau pentru activit\u0103\u021bile de me\u0219te\u0219ug\u0103rit, suflanta este potrivit\u0103 at&acirc;t pentru lipire c&acirc;t \u0219i pentru topirea plumbului, a aurului sau a argintului. Baza sa deta\u0219abil\u0103 o face deosebit de manevrabil\u0103. &Icirc;ncuietoarea pentru copii (sub declan\u0219ator) asigur\u0103 o manipulare sigur\u0103.<\/p>\n<p>Aceast\u0103 lamp\u0103 poate fi re&icirc;nc\u0103rcat\u0103 cu gaz, lucru care o face un dispozitiv ecologic \u0219i reutilizabil. Rezervorul Blowtorch are o capacitate de gaz de 64 ml, deci poate func\u021biona aproximativ 60-70 de minute<\/p>\n<p>C&acirc;nd rezervorul este gol, &icirc;l pute\u021bi umple prin supapa de umplere cu o brichet\u0103 standard sau gaz butan.<\/p>\n<p>Instrumentul a fost testat \u0219i aprobat de standardele germane de siguran\u021b\u0103 (T&Uuml;V \/ GS).<\/p>\n<h3>Caracteristici<\/h3>\n<ul>\n<li>Volumul rezervorului: 0,064 l (\u0441)<\/li>\n<li>L \u0445 l \u0445 H(cm): 10 \u0445 7 \u0445 14<\/li>\n<li>Greutate: 0.15 kg<\/li>\n<\/ul>\n<p><\/p>","protected":false},"excerpt":{"rendered":"<p>Suflant\u0103 Petromax Professional Blowtorch hf2<\/p>","protected":false},"featured_media":30193,"comment_status":"open","ping_status":"closed","template":"","meta":{"_acf_changed":false,"inline_featured_image":false},"product_brand":[1420],"product_cat":[87],"product_tag":[],"class_list":{"0":"post-30199","1":"product","2":"type-product","3":"status-publish","4":"has-post-thumbnail","6":"product_brand-petromax","7":"product_cat-flint","9":"first","10":"instock","11":"shipping-taxable","12":"purchasable","13":"product-type-simple"},"acf":[],"yoast_head":"<!-- This site is optimized with the Yoast SEO plugin v27.2 - https:\/\/yoast.com\/product\/yoast-seo-wordpress\/ -->\n<title>\u041f\u0430\u044f\u043b\u044c\u043d\u0430\u044f \u043b\u0430\u043c\u043f\u0430 Petromax Professional Blowtorch hf2 - \u041c\u0430\u0433\u0430\u0437\u0438\u043d Xstyle<\/title>\n<meta name=\"description\" content=\"\u041f\u0430\u044f\u043b\u044c\u043d\u0430\u044f \u043b\u0430\u043c\u043f\u0430 Petromax HF2 - \u0438\u0434\u0435\u0430\u043b\u044c\u043d\u044b\u0439 \u0438\u043d\u0441\u0442\u0440\u0443\u043c\u0435\u043d\u0442 \u0434\u043b\u044f \u0441\u0438\u043b\u044c\u043d\u043e\u0433\u043e \u043d\u0430\u0433\u0440\u0435\u0432\u0430 \u0434\u043e 1300\u00b0C. \u041f\u043e\u0434\u0445\u043e\u0434\u0438\u0442 \u0434\u043b\u044f \u043f\u0430\u0439\u043a\u0438, \u043f\u043b\u0430\u0432\u043a\u0438 \u0438 \u043e\u0433\u043d\u0435\u0432\u044b\u0445 \u0440\u0430\u0431\u043e\u0442. \u041a\u0430\u0447\u0435\u0441\u0442\u0432\u0435\u043d\u043d\u0430\u044f \u0438 \u043d\u0430\u0434\u0435\u0436\u043d\u0430\u044f!\" \/>\n<meta name=\"robots\" content=\"index, follow, max-snippet:-1, max-image-preview:large, max-video-preview:-1\" \/>\n<link rel=\"canonical\" href=\"https:\/\/xstyle.md\/ro\/produs\/pajalnaja-lampa-petromax-professional-blowtorch-hf2\/\" \/>\n<meta property=\"og:locale\" content=\"ro_RO\" \/>\n<meta property=\"og:type\" content=\"article\" \/>\n<meta property=\"og:title\" content=\"\u041f\u0430\u044f\u043b\u044c\u043d\u0430\u044f \u043b\u0430\u043c\u043f\u0430 Petromax Professional Blowtorch hf2 - \u041c\u0430\u0433\u0430\u0437\u0438\u043d Xstyle\" \/>\n<meta property=\"og:description\" content=\"\u041f\u0430\u044f\u043b\u044c\u043d\u0430\u044f \u043b\u0430\u043c\u043f\u0430 Petromax HF2 - \u0438\u0434\u0435\u0430\u043b\u044c\u043d\u044b\u0439 \u0438\u043d\u0441\u0442\u0440\u0443\u043c\u0435\u043d\u0442 \u0434\u043b\u044f \u0441\u0438\u043b\u044c\u043d\u043e\u0433\u043e \u043d\u0430\u0433\u0440\u0435\u0432\u0430 \u0434\u043e 1300\u00b0C. \u041f\u043e\u0434\u0445\u043e\u0434\u0438\u0442 \u0434\u043b\u044f \u043f\u0430\u0439\u043a\u0438, \u043f\u043b\u0430\u0432\u043a\u0438 \u0438 \u043e\u0433\u043d\u0435\u0432\u044b\u0445 \u0440\u0430\u0431\u043e\u0442. \u041a\u0430\u0447\u0435\u0441\u0442\u0432\u0435\u043d\u043d\u0430\u044f \u0438 \u043d\u0430\u0434\u0435\u0436\u043d\u0430\u044f!\" \/>\n<meta property=\"og:url\" content=\"https:\/\/xstyle.md\/ro\/produs\/pajalnaja-lampa-petromax-professional-blowtorch-hf2\/\" \/>\n<meta property=\"og:site_name\" content=\"\u041c\u0430\u0433\u0430\u0437\u0438\u043d Xstyle\" \/>\n<meta property=\"article:publisher\" content=\"https:\/\/www.facebook.com\/xstylemd\" \/>\n<meta property=\"article:modified_time\" content=\"2024-10-21T06:41:29+00:00\" \/>\n<meta property=\"og:image\" content=\"https:\/\/xstyle.md\/wp-content\/uploads\/2021\/04\/hf2-.jpg\" \/>\n\t<meta property=\"og:image:width\" content=\"1137\" \/>\n\t<meta property=\"og:image:height\" content=\"1600\" \/>\n\t<meta property=\"og:image:type\" content=\"image\/jpeg\" \/>\n<meta name=\"twitter:card\" content=\"summary_large_image\" \/>\n<meta name=\"twitter:label1\" content=\"Pre\u021b\" \/>\n\t<meta name=\"twitter:data1\" content=\"660&nbsp;MDL\" \/>\n\t<meta name=\"twitter:label2\" content=\"Disponibilitate\" \/>\n\t<meta name=\"twitter:data2\" content=\"\u00cen stoc\" \/>\n<script type=\"application\/ld+json\" class=\"yoast-schema-graph\">{\"@context\":\"https:\/\/schema.org\",\"@graph\":[{\"@type\":\"WebPage\",\"@id\":\"https:\/\/xstyle.md\/product\/pajalnaja-lampa-petromax-professional-blowtorch-hf2\/\",\"url\":\"https:\/\/xstyle.md\/product\/pajalnaja-lampa-petromax-professional-blowtorch-hf2\/\",\"name\":\"\u041f\u0430\u044f\u043b\u044c\u043d\u0430\u044f \u043b\u0430\u043c\u043f\u0430 Petromax Professional Blowtorch hf2 - \u041c\u0430\u0433\u0430\u0437\u0438\u043d Xstyle\",\"isPartOf\":{\"@id\":\"https:\/\/xstyle.md\/#website\"},\"primaryImageOfPage\":{\"@id\":\"https:\/\/xstyle.md\/product\/pajalnaja-lampa-petromax-professional-blowtorch-hf2\/#primaryimage\"},\"image\":{\"@id\":\"https:\/\/xstyle.md\/product\/pajalnaja-lampa-petromax-professional-blowtorch-hf2\/#primaryimage\"},\"thumbnailUrl\":\"https:\/\/xstyle.md\/wp-content\/uploads\/2021\/04\/hf2-.jpg\",\"datePublished\":\"2021-04-28T11:28:08+00:00\",\"dateModified\":\"2024-10-21T06:41:29+00:00\",\"description\":\"\u041f\u0430\u044f\u043b\u044c\u043d\u0430\u044f \u043b\u0430\u043c\u043f\u0430 Petromax HF2 - \u0438\u0434\u0435\u0430\u043b\u044c\u043d\u044b\u0439 \u0438\u043d\u0441\u0442\u0440\u0443\u043c\u0435\u043d\u0442 \u0434\u043b\u044f \u0441\u0438\u043b\u044c\u043d\u043e\u0433\u043e \u043d\u0430\u0433\u0440\u0435\u0432\u0430 \u0434\u043e 1300\u00b0C. \u041f\u043e\u0434\u0445\u043e\u0434\u0438\u0442 \u0434\u043b\u044f \u043f\u0430\u0439\u043a\u0438, \u043f\u043b\u0430\u0432\u043a\u0438 \u0438 \u043e\u0433\u043d\u0435\u0432\u044b\u0445 \u0440\u0430\u0431\u043e\u0442. \u041a\u0430\u0447\u0435\u0441\u0442\u0432\u0435\u043d\u043d\u0430\u044f \u0438 \u043d\u0430\u0434\u0435\u0436\u043d\u0430\u044f!\",\"breadcrumb\":{\"@id\":\"https:\/\/xstyle.md\/product\/pajalnaja-lampa-petromax-professional-blowtorch-hf2\/#breadcrumb\"},\"inLanguage\":\"ro-RO\",\"potentialAction\":[{\"@type\":\"ReadAction\",\"target\":[\"https:\/\/xstyle.md\/product\/pajalnaja-lampa-petromax-professional-blowtorch-hf2\/\"]}]},{\"@type\":\"ImageObject\",\"inLanguage\":\"ro-RO\",\"@id\":\"https:\/\/xstyle.md\/product\/pajalnaja-lampa-petromax-professional-blowtorch-hf2\/#primaryimage\",\"url\":\"https:\/\/xstyle.md\/wp-content\/uploads\/2021\/04\/hf2-.jpg\",\"contentUrl\":\"https:\/\/xstyle.md\/wp-content\/uploads\/2021\/04\/hf2-.jpg\",\"width\":1137,\"height\":1600},{\"@type\":\"BreadcrumbList\",\"@id\":\"https:\/\/xstyle.md\/product\/pajalnaja-lampa-petromax-professional-blowtorch-hf2\/#breadcrumb\",\"itemListElement\":[{\"@type\":\"ListItem\",\"position\":1,\"name\":\"\u0413\u043b\u0430\u0432\u043d\u0430\u044f \u0441\u0442\u0440\u0430\u043d\u0438\u0446\u0430\",\"item\":\"https:\/\/xstyle.md\/\"},{\"@type\":\"ListItem\",\"position\":2,\"name\":\"\u041c\u0430\u0433\u0430\u0437\u0438\u043d\",\"item\":\"https:\/\/xstyle.md\/shop\/\"},{\"@type\":\"ListItem\",\"position\":3,\"name\":\"\u041f\u0430\u044f\u043b\u044c\u043d\u0430\u044f \u043b\u0430\u043c\u043f\u0430 Petromax Professional Blowtorch hf2\"}]},{\"@type\":\"WebSite\",\"@id\":\"https:\/\/xstyle.md\/#website\",\"url\":\"https:\/\/xstyle.md\/\",\"name\":\"\u041c\u0430\u0433\u0430\u0437\u0438\u043d Xstyle\",\"description\":\"C\u043d\u0430\u0440\u044f\u0436\u0435\u043d\u0438\u0435 \u0434\u043b\u044f \u0442\u0443\u0440\u0438\u0437\u043c\u0430 \u0438 \u044d\u043a\u0441\u0442\u0440\u0435\u043c\u0430\u043b\u044c\u043d\u044b\u0445 \u0432\u0438\u0434\u043e\u0432 \u0441\u043f\u043e\u0440\u0442\u0430 \u0432 \u041c\u043e\u043b\u0434\u043e\u0432\u0435.. \u0426\u0435\u043d\u044b, \u0444\u043e\u0442\u043e, \u0445\u0430\u0440\u0430\u043a\u0442\u0435\u0440\u0438\u0441\u0442\u0438\u043a\u0438 \u0432 \u041c\u043e\u043b\u0434\u043e\u0432\u0435.\",\"publisher\":{\"@id\":\"https:\/\/xstyle.md\/#organization\"},\"alternateName\":\"X-Style\",\"potentialAction\":[{\"@type\":\"SearchAction\",\"target\":{\"@type\":\"EntryPoint\",\"urlTemplate\":\"https:\/\/xstyle.md\/?s={search_term_string}\"},\"query-input\":{\"@type\":\"PropertyValueSpecification\",\"valueRequired\":true,\"valueName\":\"search_term_string\"}}],\"inLanguage\":\"ro-RO\"},{\"@type\":\"Organization\",\"@id\":\"https:\/\/xstyle.md\/#organization\",\"name\":\"\u041c\u0430\u0433\u0430\u0437\u0438\u043d Xstyle\",\"alternateName\":\"x-style\",\"url\":\"https:\/\/xstyle.md\/\",\"logo\":{\"@type\":\"ImageObject\",\"inLanguage\":\"ro-RO\",\"@id\":\"https:\/\/xstyle.md\/#\/schema\/logo\/image\/\",\"url\":\"https:\/\/xstyle.md\/wp-content\/uploads\/2020\/06\/logoicon.svg\",\"contentUrl\":\"https:\/\/xstyle.md\/wp-content\/uploads\/2020\/06\/logoicon.svg\",\"caption\":\"\u041c\u0430\u0433\u0430\u0437\u0438\u043d Xstyle\"},\"image\":{\"@id\":\"https:\/\/xstyle.md\/#\/schema\/logo\/image\/\"},\"sameAs\":[\"https:\/\/www.facebook.com\/xstylemd\",\"https:\/\/www.instagram.com\/xstyle_md\/\",\"https:\/\/t.me\/xstyle_outdoor\"],\"hasMerchantReturnPolicy\":{\"@type\":\"MerchantReturnPolicy\",\"merchantReturnLink\":\"https:\/\/xstyle.md\/ro\/conditions\/\"}}]}<\/script>\n<meta property=\"product:price:amount\" content=\"660.00\" \/>\n<meta property=\"product:price:currency\" content=\"MDL\" \/>\n<meta property=\"og:availability\" content=\"instock\" \/>\n<meta property=\"product:availability\" content=\"instock\" \/>\n<meta property=\"product:retailer_item_id\" content=\"4250435790113\" \/>\n<meta property=\"product:condition\" content=\"new\" \/>\n<!-- \/ Yoast SEO plugin. -->","yoast_head_json":{"title":"Suflant\u0103 Petromax Professional Blowtorch hf2 - Magazin Xstyle","description":"Lampa de lipit Petromax HF2 - instrumentul ideal pentru \u00eenc\u0103lzire intens\u0103 p\u00e2n\u0103 la 1300\u00b0C. Potrivit\u0103 pentru lipire, topire \u0219i lucr\u0103ri cu flac\u0103r\u0103. De calitate \u0219i fiabil\u0103!","robots":{"index":"index","follow":"follow","max-snippet":"max-snippet:-1","max-image-preview":"max-image-preview:large","max-video-preview":"max-video-preview:-1"},"canonical":"https:\/\/xstyle.md\/ro\/produs\/pajalnaja-lampa-petromax-professional-blowtorch-hf2\/","og_locale":"ro_RO","og_type":"article","og_title":"\u041f\u0430\u044f\u043b\u044c\u043d\u0430\u044f \u043b\u0430\u043c\u043f\u0430 Petromax Professional Blowtorch hf2 - \u041c\u0430\u0433\u0430\u0437\u0438\u043d Xstyle","og_description":"\u041f\u0430\u044f\u043b\u044c\u043d\u0430\u044f \u043b\u0430\u043c\u043f\u0430 Petromax HF2 - \u0438\u0434\u0435\u0430\u043b\u044c\u043d\u044b\u0439 \u0438\u043d\u0441\u0442\u0440\u0443\u043c\u0435\u043d\u0442 \u0434\u043b\u044f \u0441\u0438\u043b\u044c\u043d\u043e\u0433\u043e \u043d\u0430\u0433\u0440\u0435\u0432\u0430 \u0434\u043e 1300\u00b0C. \u041f\u043e\u0434\u0445\u043e\u0434\u0438\u0442 \u0434\u043b\u044f \u043f\u0430\u0439\u043a\u0438, \u043f\u043b\u0430\u0432\u043a\u0438 \u0438 \u043e\u0433\u043d\u0435\u0432\u044b\u0445 \u0440\u0430\u0431\u043e\u0442. \u041a\u0430\u0447\u0435\u0441\u0442\u0432\u0435\u043d\u043d\u0430\u044f \u0438 \u043d\u0430\u0434\u0435\u0436\u043d\u0430\u044f!","og_url":"https:\/\/xstyle.md\/ro\/produs\/pajalnaja-lampa-petromax-professional-blowtorch-hf2\/","og_site_name":"\u041c\u0430\u0433\u0430\u0437\u0438\u043d Xstyle","article_publisher":"https:\/\/www.facebook.com\/xstylemd","article_modified_time":"2024-10-21T06:41:29+00:00","og_image":[{"width":1137,"height":1600,"url":"https:\/\/xstyle.md\/wp-content\/uploads\/2021\/04\/hf2-.jpg","type":"image\/jpeg"}],"twitter_card":"summary_large_image","twitter_misc":{"Pre\u021b":"660&nbsp;MDL","Disponibilitate":"\u00cen stoc"},"schema":{"@context":"https:\/\/schema.org","@graph":[{"@type":"WebPage","@id":"https:\/\/xstyle.md\/product\/pajalnaja-lampa-petromax-professional-blowtorch-hf2\/","url":"https:\/\/xstyle.md\/product\/pajalnaja-lampa-petromax-professional-blowtorch-hf2\/","name":"Suflant\u0103 Petromax Professional Blowtorch hf2 - Magazin Xstyle","isPartOf":{"@id":"https:\/\/xstyle.md\/#website"},"primaryImageOfPage":{"@id":"https:\/\/xstyle.md\/product\/pajalnaja-lampa-petromax-professional-blowtorch-hf2\/#primaryimage"},"image":{"@id":"https:\/\/xstyle.md\/product\/pajalnaja-lampa-petromax-professional-blowtorch-hf2\/#primaryimage"},"thumbnailUrl":"https:\/\/xstyle.md\/wp-content\/uploads\/2021\/04\/hf2-.jpg","datePublished":"2021-04-28T11:28:08+00:00","dateModified":"2024-10-21T06:41:29+00:00","description":"Lampa de lipit Petromax HF2 - instrumentul ideal pentru \u00eenc\u0103lzire intens\u0103 p\u00e2n\u0103 la 1300\u00b0C. Potrivit\u0103 pentru lipire, topire \u0219i lucr\u0103ri cu flac\u0103r\u0103. De calitate \u0219i fiabil\u0103!","breadcrumb":{"@id":"https:\/\/xstyle.md\/product\/pajalnaja-lampa-petromax-professional-blowtorch-hf2\/#breadcrumb"},"inLanguage":"ro-RO","potentialAction":[{"@type":"ReadAction","target":["https:\/\/xstyle.md\/product\/pajalnaja-lampa-petromax-professional-blowtorch-hf2\/"]}]},{"@type":"ImageObject","inLanguage":"ro-RO","@id":"https:\/\/xstyle.md\/product\/pajalnaja-lampa-petromax-professional-blowtorch-hf2\/#primaryimage","url":"https:\/\/xstyle.md\/wp-content\/uploads\/2021\/04\/hf2-.jpg","contentUrl":"https:\/\/xstyle.md\/wp-content\/uploads\/2021\/04\/hf2-.jpg","width":1137,"height":1600},{"@type":"BreadcrumbList","@id":"https:\/\/xstyle.md\/product\/pajalnaja-lampa-petromax-professional-blowtorch-hf2\/#breadcrumb","itemListElement":[{"@type":"ListItem","position":1,"name":"\u0413\u043b\u0430\u0432\u043d\u0430\u044f \u0441\u0442\u0440\u0430\u043d\u0438\u0446\u0430","item":"https:\/\/xstyle.md\/"},{"@type":"ListItem","position":2,"name":"\u041c\u0430\u0433\u0430\u0437\u0438\u043d","item":"https:\/\/xstyle.md\/shop\/"},{"@type":"ListItem","position":3,"name":"\u041f\u0430\u044f\u043b\u044c\u043d\u0430\u044f \u043b\u0430\u043c\u043f\u0430 Petromax Professional Blowtorch hf2"}]},{"@type":"WebSite","@id":"https:\/\/xstyle.md\/#website","url":"https:\/\/xstyle.md\/","name":"Magazinul X-Style","description":"Echipamente pentru turism \u0219i sporturi extreme \u00een Moldova. Pre\u021buri, fotografii, caracteristici \u00een Moldova.","publisher":{"@id":"https:\/\/xstyle.md\/#organization"},"alternateName":"X-Style","potentialAction":[{"@type":"SearchAction","target":{"@type":"EntryPoint","urlTemplate":"https:\/\/xstyle.md\/?s={search_term_string}"},"query-input":{"@type":"PropertyValueSpecification","valueRequired":true,"valueName":"search_term_string"}}],"inLanguage":"ro-RO"},{"@type":"Organization","@id":"https:\/\/xstyle.md\/#organization","name":"Magazinul X-Style","alternateName":"x-style","url":"https:\/\/xstyle.md\/","logo":{"@type":"ImageObject","inLanguage":"ro-RO","@id":"https:\/\/xstyle.md\/#\/schema\/logo\/image\/","url":"https:\/\/xstyle.md\/wp-content\/uploads\/2020\/06\/logoicon.svg","contentUrl":"https:\/\/xstyle.md\/wp-content\/uploads\/2020\/06\/logoicon.svg","caption":"\u041c\u0430\u0433\u0430\u0437\u0438\u043d Xstyle"},"image":{"@id":"https:\/\/xstyle.md\/#\/schema\/logo\/image\/"},"sameAs":["https:\/\/www.facebook.com\/xstylemd","https:\/\/www.instagram.com\/xstyle_md\/","https:\/\/t.me\/xstyle_outdoor"],"hasMerchantReturnPolicy":{"@type":"MerchantReturnPolicy","merchantReturnLink":"https:\/\/xstyle.md\/ro\/conditions\/"}}]},"product_price_amount":"660.00","product_price_currency":"MDL","og_availability":"instock","product_availability":"instock","product_retailer_item_id":"4250435790113","product_condition":"new"},"post_mailing_queue_ids":[],"_links":{"self":[{"href":"https:\/\/xstyle.md\/ro\/wp-json\/wp\/v2\/product\/30199","targetHints":{"allow":["GET"]}}],"collection":[{"href":"https:\/\/xstyle.md\/ro\/wp-json\/wp\/v2\/product"}],"about":[{"href":"https:\/\/xstyle.md\/ro\/wp-json\/wp\/v2\/types\/product"}],"replies":[{"embeddable":true,"href":"https:\/\/xstyle.md\/ro\/wp-json\/wp\/v2\/comments?post=30199"}],"wp:featuredmedia":[{"embeddable":true,"href":"https:\/\/xstyle.md\/ro\/wp-json\/wp\/v2\/media\/30193"}],"wp:attachment":[{"href":"https:\/\/xstyle.md\/ro\/wp-json\/wp\/v2\/media?parent=30199"}],"wp:term":[{"taxonomy":"product_brand","embeddable":true,"href":"https:\/\/xstyle.md\/ro\/wp-json\/wp\/v2\/product_brand?post=30199"},{"taxonomy":"product_cat","embeddable":true,"href":"https:\/\/xstyle.md\/ro\/wp-json\/wp\/v2\/product_cat?post=30199"},{"taxonomy":"product_tag","embeddable":true,"href":"https:\/\/xstyle.md\/ro\/wp-json\/wp\/v2\/product_tag?post=30199"}],"curies":[{"name":"wp","href":"https:\/\/api.w.org\/{rel}","templated":true}]}}