{"id":30192,"date":"2021-04-28T14:27:46","date_gmt":"2021-04-28T11:27:46","guid":{"rendered":"https:\/\/xstyle.md\/product\/podstavka-chugunnaja-petromax-cast-iron-trivet\/"},"modified":"2026-03-19T16:41:49","modified_gmt":"2026-03-19T13:41:49","slug":"podstavka-chugunnaja-petromax-cast-iron-trivet","status":"publish","type":"product","link":"https:\/\/xstyle.md\/ro\/produs\/podstavka-chugunnaja-petromax-cast-iron-trivet\/","title":{"rendered":"Suport din font\u0103 Petromax Cast-iron Trivet"},"content":{"rendered":"<\/p>\n<p>Baza solid\u0103 din font\u0103 asigur\u0103 o distribu\u021bie de c\u0103ldur\u0103 de prim\u0103 clas\u0103.<\/p>\n<p>Suportul poate fi folosit atunci c\u00e2nd g\u0103ti\u021bi \u00eentr-un cazan din font\u0103, a\u0219ez\u00e2ndu-l la fundul vasului, astfel \u00eenc\u00e2t carnea, legumele sau orice alt fel de produse s\u0103 nu se ard\u0103, ci s\u0103 fie uniform \u00een\u0103bu\u0219ite sau coapte. Ideal pentru fonta Petromax ft6, ft9 \u0219i ft9.<\/p>\n<p>Suportul poate fi a\u0219ezat chiar deasupra focului pe trei picioare stabile, iar carnea sau legumele pot fi coapte pe el, ca pe un gr\u0103tar. M\u00e2ncarea se va g\u0103ti uniform \u0219i va c\u0103p\u0103ta cu linii frumoase \u201ede gr\u0103tar\u201d.<\/p>\n<p>De asemenea, suportul poate fi folosit pentru ceainic sau cafetier\u0103, fiind pus deasupra focului de tab\u0103r\u0103. Un alt mod de utilizare a cestuia este \u00een calitate de suport pe mas\u0103 pentru vesela fierbinte.<\/p>\n<p>Procesat cu compu\u0219i speciali \u0219i preg\u0103tit utilizare.<\/p>\n<h3>Caracteristici<\/h3>\n<ul>\n<li>Material: font\u0103<\/li>\n<li>Diametru: 23 cm<\/li>\n<li>L \u0445 l \u0445 H (cm): 23 \u0445 23 \u0445 4,8<\/li>\n<li>Greutate (g): 1100<\/li>\n<\/ul>\n<p><\/p>","protected":false},"excerpt":{"rendered":"<p>Suport din font\u0103 Petromax Cast-iron Trivet<\/p>","protected":false},"featured_media":30188,"comment_status":"open","ping_status":"closed","template":"","meta":{"_acf_changed":false,"inline_featured_image":false},"product_brand":[1420],"product_cat":[911],"product_tag":[],"class_list":{"0":"post-30192","1":"product","2":"type-product","3":"status-publish","4":"has-post-thumbnail","6":"product_brand-petromax","7":"product_cat-accesorii-dutch-oven","9":"first","10":"instock","11":"shipping-taxable","12":"purchasable","13":"product-type-simple"},"acf":[],"yoast_head":"<!-- This site is optimized with the Yoast SEO plugin v27.2 - https:\/\/yoast.com\/product\/yoast-seo-wordpress\/ -->\n<title>\u041f\u043e\u0434\u0441\u0442\u0430\u0432\u043a\u0430 \u0447\u0443\u0433\u0443\u043d\u043d\u0430\u044f Petromax Cast-iron Trivet - \u041c\u0430\u0433\u0430\u0437\u0438\u043d Xstyle<\/title>\n<meta name=\"description\" content=\"\u041f\u043e\u0434\u0441\u0442\u0430\u0432\u043a\u0430 \u0447\u0443\u0433\u0443\u043d\u043d\u0430\u044f Petromax \u043e\u0431\u0435\u0441\u043f\u0435\u0447\u0438\u0442 \u0440\u0430\u0432\u043d\u043e\u043c\u0435\u0440\u043d\u043e\u0435 \u0440\u0430\u0441\u043f\u0440\u0435\u0434\u0435\u043b\u0435\u043d\u0438\u0435 \u0442\u0435\u043f\u043b\u0430 \u043f\u0440\u0438 \u043f\u0440\u0438\u0433\u043e\u0442\u043e\u0432\u043b\u0435\u043d\u0438\u0438 \u043f\u0438\u0449\u0438. \u0418\u0434\u0435\u0430\u043b\u044c\u043d\u0430 \u0434\u043b\u044f \u043a\u0430\u0441\u0442\u0440\u044e\u043b\u044c Petromax ft6, ft9. \u041a\u0430\u0447\u0435\u0441\u0442\u0432\u043e \u0438 \u043d\u0430\u0434\u0435\u0436\u043d\u043e\u0441\u0442\u044c!\" \/>\n<meta name=\"robots\" content=\"index, follow, max-snippet:-1, max-image-preview:large, max-video-preview:-1\" \/>\n<link rel=\"canonical\" href=\"https:\/\/xstyle.md\/ro\/produs\/podstavka-chugunnaja-petromax-cast-iron-trivet\/\" \/>\n<meta property=\"og:locale\" content=\"ro_RO\" \/>\n<meta property=\"og:type\" content=\"article\" \/>\n<meta property=\"og:title\" content=\"\u041f\u043e\u0434\u0441\u0442\u0430\u0432\u043a\u0430 \u0447\u0443\u0433\u0443\u043d\u043d\u0430\u044f Petromax Cast-iron Trivet - \u041c\u0430\u0433\u0430\u0437\u0438\u043d Xstyle\" \/>\n<meta property=\"og:description\" content=\"\u041f\u043e\u0434\u0441\u0442\u0430\u0432\u043a\u0430 \u0447\u0443\u0433\u0443\u043d\u043d\u0430\u044f Petromax \u043e\u0431\u0435\u0441\u043f\u0435\u0447\u0438\u0442 \u0440\u0430\u0432\u043d\u043e\u043c\u0435\u0440\u043d\u043e\u0435 \u0440\u0430\u0441\u043f\u0440\u0435\u0434\u0435\u043b\u0435\u043d\u0438\u0435 \u0442\u0435\u043f\u043b\u0430 \u043f\u0440\u0438 \u043f\u0440\u0438\u0433\u043e\u0442\u043e\u0432\u043b\u0435\u043d\u0438\u0438 \u043f\u0438\u0449\u0438. \u0418\u0434\u0435\u0430\u043b\u044c\u043d\u0430 \u0434\u043b\u044f \u043a\u0430\u0441\u0442\u0440\u044e\u043b\u044c Petromax ft6, ft9. \u041a\u0430\u0447\u0435\u0441\u0442\u0432\u043e \u0438 \u043d\u0430\u0434\u0435\u0436\u043d\u043e\u0441\u0442\u044c!\" \/>\n<meta property=\"og:url\" content=\"https:\/\/xstyle.md\/ro\/produs\/podstavka-chugunnaja-petromax-cast-iron-trivet\/\" \/>\n<meta property=\"og:site_name\" content=\"\u041c\u0430\u0433\u0430\u0437\u0438\u043d Xstyle\" \/>\n<meta property=\"article:publisher\" content=\"https:\/\/www.facebook.com\/xstylemd\" \/>\n<meta property=\"article:modified_time\" content=\"2026-03-19T13:41:49+00:00\" \/>\n<meta property=\"og:image\" content=\"https:\/\/xstyle.md\/wp-content\/uploads\/2021\/04\/pmgr_01-petromax.jpg\" \/>\n\t<meta property=\"og:image:width\" content=\"1200\" \/>\n\t<meta property=\"og:image:height\" content=\"800\" \/>\n\t<meta property=\"og:image:type\" content=\"image\/jpeg\" \/>\n<meta name=\"twitter:card\" content=\"summary_large_image\" \/>\n<meta name=\"twitter:label1\" content=\"Pre\u021b\" \/>\n\t<meta name=\"twitter:data1\" content=\"550&nbsp;MDL\" \/>\n\t<meta name=\"twitter:label2\" content=\"Disponibilitate\" \/>\n\t<meta name=\"twitter:data2\" content=\"\u00cen stoc\" \/>\n<script type=\"application\/ld+json\" class=\"yoast-schema-graph\">{\"@context\":\"https:\/\/schema.org\",\"@graph\":[{\"@type\":\"WebPage\",\"@id\":\"https:\/\/xstyle.md\/product\/podstavka-chugunnaja-petromax-cast-iron-trivet\/\",\"url\":\"https:\/\/xstyle.md\/product\/podstavka-chugunnaja-petromax-cast-iron-trivet\/\",\"name\":\"\u041f\u043e\u0434\u0441\u0442\u0430\u0432\u043a\u0430 \u0447\u0443\u0433\u0443\u043d\u043d\u0430\u044f Petromax Cast-iron Trivet - \u041c\u0430\u0433\u0430\u0437\u0438\u043d Xstyle\",\"isPartOf\":{\"@id\":\"https:\/\/xstyle.md\/#website\"},\"primaryImageOfPage\":{\"@id\":\"https:\/\/xstyle.md\/product\/podstavka-chugunnaja-petromax-cast-iron-trivet\/#primaryimage\"},\"image\":{\"@id\":\"https:\/\/xstyle.md\/product\/podstavka-chugunnaja-petromax-cast-iron-trivet\/#primaryimage\"},\"thumbnailUrl\":\"https:\/\/xstyle.md\/wp-content\/uploads\/2021\/04\/pmgr_01-petromax.jpg\",\"datePublished\":\"2021-04-28T11:27:46+00:00\",\"dateModified\":\"2026-03-19T13:41:49+00:00\",\"description\":\"\u041f\u043e\u0434\u0441\u0442\u0430\u0432\u043a\u0430 \u0447\u0443\u0433\u0443\u043d\u043d\u0430\u044f Petromax \u043e\u0431\u0435\u0441\u043f\u0435\u0447\u0438\u0442 \u0440\u0430\u0432\u043d\u043e\u043c\u0435\u0440\u043d\u043e\u0435 \u0440\u0430\u0441\u043f\u0440\u0435\u0434\u0435\u043b\u0435\u043d\u0438\u0435 \u0442\u0435\u043f\u043b\u0430 \u043f\u0440\u0438 \u043f\u0440\u0438\u0433\u043e\u0442\u043e\u0432\u043b\u0435\u043d\u0438\u0438 \u043f\u0438\u0449\u0438. \u0418\u0434\u0435\u0430\u043b\u044c\u043d\u0430 \u0434\u043b\u044f \u043a\u0430\u0441\u0442\u0440\u044e\u043b\u044c Petromax ft6, ft9. \u041a\u0430\u0447\u0435\u0441\u0442\u0432\u043e \u0438 \u043d\u0430\u0434\u0435\u0436\u043d\u043e\u0441\u0442\u044c!\",\"breadcrumb\":{\"@id\":\"https:\/\/xstyle.md\/product\/podstavka-chugunnaja-petromax-cast-iron-trivet\/#breadcrumb\"},\"inLanguage\":\"ro-RO\",\"potentialAction\":[{\"@type\":\"ReadAction\",\"target\":[\"https:\/\/xstyle.md\/product\/podstavka-chugunnaja-petromax-cast-iron-trivet\/\"]}]},{\"@type\":\"ImageObject\",\"inLanguage\":\"ro-RO\",\"@id\":\"https:\/\/xstyle.md\/product\/podstavka-chugunnaja-petromax-cast-iron-trivet\/#primaryimage\",\"url\":\"https:\/\/xstyle.md\/wp-content\/uploads\/2021\/04\/pmgr_01-petromax.jpg\",\"contentUrl\":\"https:\/\/xstyle.md\/wp-content\/uploads\/2021\/04\/pmgr_01-petromax.jpg\",\"width\":1200,\"height\":800},{\"@type\":\"BreadcrumbList\",\"@id\":\"https:\/\/xstyle.md\/product\/podstavka-chugunnaja-petromax-cast-iron-trivet\/#breadcrumb\",\"itemListElement\":[{\"@type\":\"ListItem\",\"position\":1,\"name\":\"\u0413\u043b\u0430\u0432\u043d\u0430\u044f \u0441\u0442\u0440\u0430\u043d\u0438\u0446\u0430\",\"item\":\"https:\/\/xstyle.md\/\"},{\"@type\":\"ListItem\",\"position\":2,\"name\":\"\u041c\u0430\u0433\u0430\u0437\u0438\u043d\",\"item\":\"https:\/\/xstyle.md\/shop\/\"},{\"@type\":\"ListItem\",\"position\":3,\"name\":\"\u041f\u043e\u0434\u0441\u0442\u0430\u0432\u043a\u0430 \u0447\u0443\u0433\u0443\u043d\u043d\u0430\u044f Petromax Cast-iron Trivet\"}]},{\"@type\":\"WebSite\",\"@id\":\"https:\/\/xstyle.md\/#website\",\"url\":\"https:\/\/xstyle.md\/\",\"name\":\"\u041c\u0430\u0433\u0430\u0437\u0438\u043d Xstyle\",\"description\":\"C\u043d\u0430\u0440\u044f\u0436\u0435\u043d\u0438\u0435 \u0434\u043b\u044f \u0442\u0443\u0440\u0438\u0437\u043c\u0430 \u0438 \u044d\u043a\u0441\u0442\u0440\u0435\u043c\u0430\u043b\u044c\u043d\u044b\u0445 \u0432\u0438\u0434\u043e\u0432 \u0441\u043f\u043e\u0440\u0442\u0430 \u0432 \u041c\u043e\u043b\u0434\u043e\u0432\u0435.. \u0426\u0435\u043d\u044b, \u0444\u043e\u0442\u043e, \u0445\u0430\u0440\u0430\u043a\u0442\u0435\u0440\u0438\u0441\u0442\u0438\u043a\u0438 \u0432 \u041c\u043e\u043b\u0434\u043e\u0432\u0435.\",\"publisher\":{\"@id\":\"https:\/\/xstyle.md\/#organization\"},\"alternateName\":\"X-Style\",\"potentialAction\":[{\"@type\":\"SearchAction\",\"target\":{\"@type\":\"EntryPoint\",\"urlTemplate\":\"https:\/\/xstyle.md\/?s={search_term_string}\"},\"query-input\":{\"@type\":\"PropertyValueSpecification\",\"valueRequired\":true,\"valueName\":\"search_term_string\"}}],\"inLanguage\":\"ro-RO\"},{\"@type\":\"Organization\",\"@id\":\"https:\/\/xstyle.md\/#organization\",\"name\":\"\u041c\u0430\u0433\u0430\u0437\u0438\u043d Xstyle\",\"alternateName\":\"x-style\",\"url\":\"https:\/\/xstyle.md\/\",\"logo\":{\"@type\":\"ImageObject\",\"inLanguage\":\"ro-RO\",\"@id\":\"https:\/\/xstyle.md\/#\/schema\/logo\/image\/\",\"url\":\"https:\/\/xstyle.md\/wp-content\/uploads\/2020\/06\/logoicon.svg\",\"contentUrl\":\"https:\/\/xstyle.md\/wp-content\/uploads\/2020\/06\/logoicon.svg\",\"caption\":\"\u041c\u0430\u0433\u0430\u0437\u0438\u043d Xstyle\"},\"image\":{\"@id\":\"https:\/\/xstyle.md\/#\/schema\/logo\/image\/\"},\"sameAs\":[\"https:\/\/www.facebook.com\/xstylemd\",\"https:\/\/www.instagram.com\/xstyle_md\/\",\"https:\/\/t.me\/xstyle_outdoor\"],\"hasMerchantReturnPolicy\":{\"@type\":\"MerchantReturnPolicy\",\"merchantReturnLink\":\"https:\/\/xstyle.md\/ro\/conditions\/\"}}]}<\/script>\n<meta property=\"product:price:amount\" content=\"550.00\" \/>\n<meta property=\"product:price:currency\" content=\"MDL\" \/>\n<meta property=\"og:availability\" content=\"instock\" \/>\n<meta property=\"product:availability\" content=\"instock\" \/>\n<meta property=\"product:retailer_item_id\" content=\"4250435701577\" \/>\n<meta property=\"product:condition\" content=\"new\" \/>\n<!-- \/ Yoast SEO plugin. -->","yoast_head_json":{"title":"Suport din font\u0103 Petromax Cast-iron Trivet - Magazin Xstyle","description":"Suportul din font\u0103 Petromax va asigura o distribu\u021bie uniform\u0103 a c\u0103ldurii \u00een timpul g\u0103titului. Ideal pentru oalele Petromax ft6, ft9. Calitate \u0219i fiabilitate!","robots":{"index":"index","follow":"follow","max-snippet":"max-snippet:-1","max-image-preview":"max-image-preview:large","max-video-preview":"max-video-preview:-1"},"canonical":"https:\/\/xstyle.md\/ro\/produs\/podstavka-chugunnaja-petromax-cast-iron-trivet\/","og_locale":"ro_RO","og_type":"article","og_title":"\u041f\u043e\u0434\u0441\u0442\u0430\u0432\u043a\u0430 \u0447\u0443\u0433\u0443\u043d\u043d\u0430\u044f Petromax Cast-iron Trivet - \u041c\u0430\u0433\u0430\u0437\u0438\u043d Xstyle","og_description":"\u041f\u043e\u0434\u0441\u0442\u0430\u0432\u043a\u0430 \u0447\u0443\u0433\u0443\u043d\u043d\u0430\u044f Petromax \u043e\u0431\u0435\u0441\u043f\u0435\u0447\u0438\u0442 \u0440\u0430\u0432\u043d\u043e\u043c\u0435\u0440\u043d\u043e\u0435 \u0440\u0430\u0441\u043f\u0440\u0435\u0434\u0435\u043b\u0435\u043d\u0438\u0435 \u0442\u0435\u043f\u043b\u0430 \u043f\u0440\u0438 \u043f\u0440\u0438\u0433\u043e\u0442\u043e\u0432\u043b\u0435\u043d\u0438\u0438 \u043f\u0438\u0449\u0438. \u0418\u0434\u0435\u0430\u043b\u044c\u043d\u0430 \u0434\u043b\u044f \u043a\u0430\u0441\u0442\u0440\u044e\u043b\u044c Petromax ft6, ft9. \u041a\u0430\u0447\u0435\u0441\u0442\u0432\u043e \u0438 \u043d\u0430\u0434\u0435\u0436\u043d\u043e\u0441\u0442\u044c!","og_url":"https:\/\/xstyle.md\/ro\/produs\/podstavka-chugunnaja-petromax-cast-iron-trivet\/","og_site_name":"\u041c\u0430\u0433\u0430\u0437\u0438\u043d Xstyle","article_publisher":"https:\/\/www.facebook.com\/xstylemd","article_modified_time":"2026-03-19T13:41:49+00:00","og_image":[{"width":1200,"height":800,"url":"https:\/\/xstyle.md\/wp-content\/uploads\/2021\/04\/pmgr_01-petromax.jpg","type":"image\/jpeg"}],"twitter_card":"summary_large_image","twitter_misc":{"Pre\u021b":"550&nbsp;MDL","Disponibilitate":"\u00cen stoc"},"schema":{"@context":"https:\/\/schema.org","@graph":[{"@type":"WebPage","@id":"https:\/\/xstyle.md\/product\/podstavka-chugunnaja-petromax-cast-iron-trivet\/","url":"https:\/\/xstyle.md\/product\/podstavka-chugunnaja-petromax-cast-iron-trivet\/","name":"Suport din font\u0103 Petromax Cast-iron Trivet - Magazin Xstyle","isPartOf":{"@id":"https:\/\/xstyle.md\/#website"},"primaryImageOfPage":{"@id":"https:\/\/xstyle.md\/product\/podstavka-chugunnaja-petromax-cast-iron-trivet\/#primaryimage"},"image":{"@id":"https:\/\/xstyle.md\/product\/podstavka-chugunnaja-petromax-cast-iron-trivet\/#primaryimage"},"thumbnailUrl":"https:\/\/xstyle.md\/wp-content\/uploads\/2021\/04\/pmgr_01-petromax.jpg","datePublished":"2021-04-28T11:27:46+00:00","dateModified":"2026-03-19T13:41:49+00:00","description":"Suportul din font\u0103 Petromax va asigura o distribu\u021bie uniform\u0103 a c\u0103ldurii \u00een timpul g\u0103titului. Ideal pentru oalele Petromax ft6, ft9. Calitate \u0219i fiabilitate!","breadcrumb":{"@id":"https:\/\/xstyle.md\/product\/podstavka-chugunnaja-petromax-cast-iron-trivet\/#breadcrumb"},"inLanguage":"ro-RO","potentialAction":[{"@type":"ReadAction","target":["https:\/\/xstyle.md\/product\/podstavka-chugunnaja-petromax-cast-iron-trivet\/"]}]},{"@type":"ImageObject","inLanguage":"ro-RO","@id":"https:\/\/xstyle.md\/product\/podstavka-chugunnaja-petromax-cast-iron-trivet\/#primaryimage","url":"https:\/\/xstyle.md\/wp-content\/uploads\/2021\/04\/pmgr_01-petromax.jpg","contentUrl":"https:\/\/xstyle.md\/wp-content\/uploads\/2021\/04\/pmgr_01-petromax.jpg","width":1200,"height":800},{"@type":"BreadcrumbList","@id":"https:\/\/xstyle.md\/product\/podstavka-chugunnaja-petromax-cast-iron-trivet\/#breadcrumb","itemListElement":[{"@type":"ListItem","position":1,"name":"\u0413\u043b\u0430\u0432\u043d\u0430\u044f \u0441\u0442\u0440\u0430\u043d\u0438\u0446\u0430","item":"https:\/\/xstyle.md\/"},{"@type":"ListItem","position":2,"name":"\u041c\u0430\u0433\u0430\u0437\u0438\u043d","item":"https:\/\/xstyle.md\/shop\/"},{"@type":"ListItem","position":3,"name":"\u041f\u043e\u0434\u0441\u0442\u0430\u0432\u043a\u0430 \u0447\u0443\u0433\u0443\u043d\u043d\u0430\u044f Petromax Cast-iron Trivet"}]},{"@type":"WebSite","@id":"https:\/\/xstyle.md\/#website","url":"https:\/\/xstyle.md\/","name":"Magazinul X-Style","description":"Echipamente pentru turism \u0219i sporturi extreme \u00een Moldova. Pre\u021buri, fotografii, caracteristici \u00een Moldova.","publisher":{"@id":"https:\/\/xstyle.md\/#organization"},"alternateName":"X-Style","potentialAction":[{"@type":"SearchAction","target":{"@type":"EntryPoint","urlTemplate":"https:\/\/xstyle.md\/?s={search_term_string}"},"query-input":{"@type":"PropertyValueSpecification","valueRequired":true,"valueName":"search_term_string"}}],"inLanguage":"ro-RO"},{"@type":"Organization","@id":"https:\/\/xstyle.md\/#organization","name":"Magazinul X-Style","alternateName":"x-style","url":"https:\/\/xstyle.md\/","logo":{"@type":"ImageObject","inLanguage":"ro-RO","@id":"https:\/\/xstyle.md\/#\/schema\/logo\/image\/","url":"https:\/\/xstyle.md\/wp-content\/uploads\/2020\/06\/logoicon.svg","contentUrl":"https:\/\/xstyle.md\/wp-content\/uploads\/2020\/06\/logoicon.svg","caption":"\u041c\u0430\u0433\u0430\u0437\u0438\u043d Xstyle"},"image":{"@id":"https:\/\/xstyle.md\/#\/schema\/logo\/image\/"},"sameAs":["https:\/\/www.facebook.com\/xstylemd","https:\/\/www.instagram.com\/xstyle_md\/","https:\/\/t.me\/xstyle_outdoor"],"hasMerchantReturnPolicy":{"@type":"MerchantReturnPolicy","merchantReturnLink":"https:\/\/xstyle.md\/ro\/conditions\/"}}]},"product_price_amount":"550.00","product_price_currency":"MDL","og_availability":"instock","product_availability":"instock","product_retailer_item_id":"4250435701577","product_condition":"new"},"post_mailing_queue_ids":[],"_links":{"self":[{"href":"https:\/\/xstyle.md\/ro\/wp-json\/wp\/v2\/product\/30192","targetHints":{"allow":["GET"]}}],"collection":[{"href":"https:\/\/xstyle.md\/ro\/wp-json\/wp\/v2\/product"}],"about":[{"href":"https:\/\/xstyle.md\/ro\/wp-json\/wp\/v2\/types\/product"}],"replies":[{"embeddable":true,"href":"https:\/\/xstyle.md\/ro\/wp-json\/wp\/v2\/comments?post=30192"}],"wp:featuredmedia":[{"embeddable":true,"href":"https:\/\/xstyle.md\/ro\/wp-json\/wp\/v2\/media\/30188"}],"wp:attachment":[{"href":"https:\/\/xstyle.md\/ro\/wp-json\/wp\/v2\/media?parent=30192"}],"wp:term":[{"taxonomy":"product_brand","embeddable":true,"href":"https:\/\/xstyle.md\/ro\/wp-json\/wp\/v2\/product_brand?post=30192"},{"taxonomy":"product_cat","embeddable":true,"href":"https:\/\/xstyle.md\/ro\/wp-json\/wp\/v2\/product_cat?post=30192"},{"taxonomy":"product_tag","embeddable":true,"href":"https:\/\/xstyle.md\/ro\/wp-json\/wp\/v2\/product_tag?post=30192"}],"curies":[{"name":"wp","href":"https:\/\/api.w.org\/{rel}","templated":true}]}}