{"id":30114,"date":"2021-04-28T14:24:39","date_gmt":"2021-04-28T11:24:39","guid":{"rendered":"https:\/\/xstyle.md\/product\/spalnyj-meshok-sea-to-summit-spark-sp-iii-regular\/"},"modified":"2026-03-19T16:41:47","modified_gmt":"2026-03-19T13:41:47","slug":"spalnyj-meshok-sea-to-summit-spark-sp-iii-regular","status":"publish","type":"product","link":"https:\/\/xstyle.md\/ro\/produs\/spalnyj-meshok-sea-to-summit-spark-sp-iii-regular\/","title":{"rendered":"Sac de dormit Sea to Summit Spark Sp III Regular"},"content":{"rendered":"<\/p>\n<p>Sac de dormit <strong>Sea to Summit Spark Sp III Regular <\/strong>de tip cocon are o temperatur\u0103 de confort de -2\u00b0C \u0219i este conceput pentru a fi folosit \u00een sezonul de prim\u0103var\u0103 \u0219i var\u0103. Sacul de dormit pentru trekking are o form\u0103 ergonomic\u0103, compact\u0103 \u0219i este mai u\u0219or ca volum \u0219i greutate dec\u00e2t sacii de dormit pentru camping. Acest lucru \u00eel face mult mai u\u0219or de introdus \u00eentr-un rucsac \u0219i se \u00eenc\u0103lze\u0219te mai repede. Cu toate acestea, sacul de dormit cocon nu poate fi desf\u0103\u0219urat complet \u00eentr-o p\u0103tur\u0103 &#8212; fermoarul de pe lateral se termin\u0103 la aproximativ jum\u0103tate din lungimea sacului de dormit.<\/p>\n<p>Sea to Summit Spark SP III este izolat cu puf de g\u00e2sc\u0103 natural\u0103 u\u0219oar\u0103 (Goose Down 90\/10 850+ Loft) cu un tratament special Ultra-Dry Down, care \u00eempiedic\u0103 umezirea pufului din cauza condens\u0103rii. Izola\u021bia din puf c\u00e2nt\u0103re\u0219te 400 g. Puful de g\u00e2sc\u0103 este considerat cel mai c\u0103lduros \u0219i a fost folosit de milioane de oameni de secole. Pentru a-\u0219i ar\u0103ta propriet\u0103\u021bile izolatoare, puful trebuie s\u0103 fie uscat \u0219i bine batut. Dou\u0103 tehnologii sunt folosite pentru a crea astfel de condi\u021bii confortabile pentru puf \u00eentr-un sac de dormit &#8212; Pertex Quantum Shell (un material textil exterior special) \u0219i 3D Baffle (un mod special de t\u0103iere a sacului de dormit).<\/p>\n<p>C\u0103ptu\u0219eala exterioar\u0103 a sacului de dormit este realizat\u0103 \u00een \u00eentregime din Pertex Quantum Shell, o \u021bes\u0103tur\u0103 ultrau\u0219oar\u0103 10D, sub\u021bire, dar respirabil\u0103.<\/p>\n<h3>Particularit\u0103\u021bi<\/h3>\n<ul>\n<li>\u00cen form\u0103 de cocon<\/li>\n<li>Plu\u0219 de g\u00e2sc\u0103 850+ Loft cu standardul Responsible Down Standard (RDS)<\/li>\n<li>\u00cenveli\u0219 din nailon 10D<\/li>\n<li>\u021aes\u0103turi de c\u0103ptu\u0219eal\u0103 7D<\/li>\n<li>Accesorii YKK de fabrica\u021bie japonez\u0103<\/li>\n<li>Fermoar principal complet c\u0103ptu\u0219it<\/li>\n<li>Zona piciorului c\u0103ptu\u0219it\u0103 cu cus\u0103turi lipite pentru c\u0103ldur\u0103 suplimentar\u0103<\/li>\n<li>Glug\u0103 reglabil\u0103 cu guler izolat termic<\/li>\n<li>St\u00e2nga 1\/2 fermoar permite m\u00e2na a doua pentru a fi liber atunci c\u00e2nd este necesar<\/li>\n<li>Pungi verticale de puf pentru o izola\u021bie suplimentar\u0103 \u00een zona trunchiului<\/li>\n<li>Mai mult spa\u021biu \u00een zona umerilor \u0219i a \u0219oldurilor<\/li>\n<li>Impregnare de puf ULTRA-DRY Down\u2122 hidrofug\u0103<\/li>\n<li>Geant\u0103 de depozitare.<\/li>\n<\/ul>\n<h3>Caracteristici<\/h3>\n<ul>\n<li>Greutate &#8212; 665 g<\/li>\n<li>Greutatea umpluturii &#8212; 400 g<\/li>\n<li>\u021aes\u0103tur\u0103 exterioar\u0103 &#8212; 10D Nylon shell<\/li>\n<li>\u021aes\u0103tur\u0103 interioar\u0103 &#8212; \u021bes\u0103turi de c\u0103ptu\u0219eal\u0103 7D<\/li>\n<li>C\u0103ptu\u0219eal\u0103 din puf &#8212; puf de g\u00e2sc\u0103<\/li>\n<li>\u00cen\u0103l\u021bime &#8212; 183 cm<\/li>\n<li>Destina\u021bie &#8212; camping<\/li>\n<li>Sezonul &#8212; prim\u0103var\u0103\/toamn\u0103\/iarn\u0103<\/li>\n<li>Sex &#8212; unisex.<\/li>\n<\/ul>\n<h3>Modul de temperatur\u0103<\/h3>\n<ul>\n<li>Temperatura de confort: -2\u00b0C<\/li>\n<li>Temperatura extrem\u0103: -8\u00b0C<\/li>\n<li>Temperatur\u0103 extrem\u0103: -26\u00b0C.<\/li>\n<\/ul>\n<h3>Tehnologie<\/h3>\n<ul>\n<li>Impregnare<strong> ULTRA-DRY Down<\/strong> \u2122 &#8212; protejeaz\u0103 puful de umiditate \u0219i condens.<\/li>\n<li><strong>15D Nylon Ultralight<\/strong> &#8212; tes\u0103tura sintetic\u0103 este ultra-u\u0219oar\u0103, moale \u0219i confortabil\u0103 la atingere, evapor\u0103 bine umezeala, respir\u0103 bine \u0219i se usuc\u0103 rapid.<\/li>\n<li><strong>3D Baffle<\/strong> &#8212; o t\u0103ietur\u0103 \u00een care umplutura este distribuit\u0103 \u00een sec\u021biuni dreptunghiulare spa\u021bioase care au o construc\u021bie tridimensional\u0103. Sec\u021biunile sunt cusute \u00eempreun\u0103, iar umplutura nu poate migra \u00eentre ele. Cu suficient spa\u021biu pentru o bun\u0103 pufnire, puful face un lucru excelent de re\u021binere a c\u0103ldurii.<\/li>\n<\/ul>\n<h3>Recomand\u0103ri pentru utilizare \u0219i \u00eengrijire<\/h3>\n<ul>\n<li>Nu uita\u021bi s\u0103 aerisi\u021bi bine sacul de dormit \u0219i s\u0103 \u00eel usca\u021bi bine dup\u0103 utilizare \u0219i s\u0103 \u00eel depozita\u021bi desf\u0103\u0219urat, deoarece dac\u0103 \u00eel depozita\u021bi \u00een hus\u0103, izola\u021bia se poate pr\u0103bu\u0219i.<\/li>\n<li>\u00cempacheta\u021bi sacul de dormit haotic &#8212; nu \u00eemp\u0103turi\u021bi \u0219i nu \u00eenf\u0103\u0219ura\u021bi sacul de dormit \u00een mod ordonat, deoarece acest lucru ar putea cauza linii de \u00eencre\u021bire \u00een izola\u021bie \u0219i ar putea reduce propriet\u0103\u021bile sale de izolare termic\u0103.<\/li>\n<li>Sp\u0103la\u021bi-v\u0103 sacul de dormit c\u00e2t mai rar posibil, deoarece sp\u0103larea va reduce treptat propriet\u0103\u021bile termice ale izola\u021biei. O c\u0103ptu\u0219eal\u0103 pentru sacul de dormit, o foaie textil\u0103 care se potrive\u0219te \u00een interiorul sacului de dormit, v\u0103 va ajuta s\u0103 \u00eel sp\u0103la\u021bi mai rar. Acesta re\u021bine toat\u0103 murd\u0103ria \u0219i este mult mai u\u0219or de men\u021binut curat. De asemenea, adaug\u0103 c\u00e2teva grade la temperatura de confort a sacului de dormit.<\/li>\n<\/ul>\n<h3>Marca<\/h3>\n<p>Sea to Summit &#8212; o marc\u0103 fondat\u0103 \u00een 1990 \u00een Australia. Gama sa de echipamente unice \u0219i utile pentru c\u0103l\u0103torii \u0219i turism: pungi Gerkin, prosoape din microfibr\u0103, ustensile pliabile din silicon, gen\u021bi, rucsacuri, corturi \u0219i saci de dormit. Fiecare pies\u0103 conceput\u0103 la companie are o greutate minim\u0103 \u0219i o func\u021bionalitate maxim\u0103.<\/p>\n<p><\/p>","protected":false},"excerpt":{"rendered":"<p>Sac de dormit Sea to Summit Spark Sp III Regular<\/p>","protected":false},"featured_media":50092,"comment_status":"open","ping_status":"closed","template":"","meta":{"_acf_changed":false,"inline_featured_image":false},"product_brand":[1281],"product_cat":[128],"product_tag":[],"class_list":{"0":"post-30114","1":"product","2":"type-product","3":"status-publish","4":"has-post-thumbnail","6":"product_brand-sea-to-summit","7":"product_cat-fluff-sleeping-bag","9":"first","10":"instock","11":"shipping-taxable","12":"purchasable","13":"product-type-simple"},"acf":[],"yoast_head":"<!-- This site is optimized with the Yoast SEO plugin v27.4 - https:\/\/yoast.com\/product\/yoast-seo-wordpress\/ -->\n<title>\u0421\u043f\u0430\u043b\u044c\u043d\u044b\u0439 \u043c\u0435\u0448\u043e\u043a Sea to Summit Spark Sp III Regular - \u041c\u0430\u0433\u0430\u0437\u0438\u043d Xstyle<\/title>\n<meta name=\"description\" content=\"\u0421\u043f\u0430\u043b\u044c\u043d\u044b\u0439 \u043c\u0435\u0448\u043e\u043a Sea to Summit Spark Sp III Regular - \u043b\u0435\u0433\u043a\u0438\u0439, \u0442\u0435\u043f\u043b\u044b\u0439 \u0438 \u0443\u0434\u043e\u0431\u043d\u044b\u0439. \u0418\u0434\u0435\u0430\u043b\u0435\u043d \u0434\u043b\u044f \u0445\u043e\u043b\u043e\u0434\u043d\u044b\u0445 \u043d\u043e\u0447\u0435\u0439. 850 Loft, ULTRADRY Down, Pertex Quantum.\" \/>\n<meta name=\"robots\" content=\"index, follow, max-snippet:-1, max-image-preview:large, max-video-preview:-1\" \/>\n<link rel=\"canonical\" href=\"https:\/\/xstyle.md\/ro\/produs\/spalnyj-meshok-sea-to-summit-spark-sp-iii-regular\/\" \/>\n<meta property=\"og:locale\" content=\"ro_RO\" \/>\n<meta property=\"og:type\" content=\"article\" \/>\n<meta property=\"og:title\" content=\"\u0421\u043f\u0430\u043b\u044c\u043d\u044b\u0439 \u043c\u0435\u0448\u043e\u043a Sea to Summit Spark Sp III Regular - \u041c\u0430\u0433\u0430\u0437\u0438\u043d Xstyle\" \/>\n<meta property=\"og:description\" content=\"\u0421\u043f\u0430\u043b\u044c\u043d\u044b\u0439 \u043c\u0435\u0448\u043e\u043a Sea to Summit Spark Sp III Regular - \u043b\u0435\u0433\u043a\u0438\u0439, \u0442\u0435\u043f\u043b\u044b\u0439 \u0438 \u0443\u0434\u043e\u0431\u043d\u044b\u0439. \u0418\u0434\u0435\u0430\u043b\u0435\u043d \u0434\u043b\u044f \u0445\u043e\u043b\u043e\u0434\u043d\u044b\u0445 \u043d\u043e\u0447\u0435\u0439. 850 Loft, ULTRADRY Down, Pertex Quantum.\" \/>\n<meta property=\"og:url\" content=\"https:\/\/xstyle.md\/ro\/produs\/spalnyj-meshok-sea-to-summit-spark-sp-iii-regular\/\" \/>\n<meta property=\"og:site_name\" content=\"\u041c\u0430\u0433\u0430\u0437\u0438\u043d Xstyle\" \/>\n<meta property=\"article:publisher\" content=\"https:\/\/www.facebook.com\/xstylemd\" \/>\n<meta property=\"article:modified_time\" content=\"2026-03-19T13:41:47+00:00\" \/>\n<meta property=\"og:image\" content=\"https:\/\/xstyle.md\/wp-content\/uploads\/2021\/04\/sea-to-summit-spark-sp-iii-regular.jpg\" \/>\n\t<meta property=\"og:image:width\" content=\"886\" \/>\n\t<meta property=\"og:image:height\" content=\"1013\" \/>\n\t<meta property=\"og:image:type\" content=\"image\/jpeg\" \/>\n<meta name=\"twitter:card\" content=\"summary_large_image\" \/>\n<meta name=\"twitter:label1\" content=\"Pre\u021b\" \/>\n\t<meta name=\"twitter:data1\" content=\"10.500&nbsp;MDL\" \/>\n\t<meta name=\"twitter:label2\" content=\"Disponibilitate\" \/>\n\t<meta name=\"twitter:data2\" content=\"\u00cen stoc\" \/>\n<script type=\"application\/ld+json\" class=\"yoast-schema-graph\">{\"@context\":\"https:\\\/\\\/schema.org\",\"@graph\":[{\"@type\":\"WebPage\",\"@id\":\"https:\\\/\\\/xstyle.md\\\/product\\\/spalnyj-meshok-sea-to-summit-spark-sp-iii-regular\\\/\",\"url\":\"https:\\\/\\\/xstyle.md\\\/product\\\/spalnyj-meshok-sea-to-summit-spark-sp-iii-regular\\\/\",\"name\":\"\u0421\u043f\u0430\u043b\u044c\u043d\u044b\u0439 \u043c\u0435\u0448\u043e\u043a Sea to Summit Spark Sp III Regular - \u041c\u0430\u0433\u0430\u0437\u0438\u043d Xstyle\",\"isPartOf\":{\"@id\":\"https:\\\/\\\/xstyle.md\\\/#website\"},\"primaryImageOfPage\":{\"@id\":\"https:\\\/\\\/xstyle.md\\\/product\\\/spalnyj-meshok-sea-to-summit-spark-sp-iii-regular\\\/#primaryimage\"},\"image\":{\"@id\":\"https:\\\/\\\/xstyle.md\\\/product\\\/spalnyj-meshok-sea-to-summit-spark-sp-iii-regular\\\/#primaryimage\"},\"thumbnailUrl\":\"https:\\\/\\\/xstyle.md\\\/wp-content\\\/uploads\\\/2021\\\/04\\\/sea-to-summit-spark-sp-iii-regular.jpg\",\"datePublished\":\"2021-04-28T11:24:39+00:00\",\"dateModified\":\"2026-03-19T13:41:47+00:00\",\"description\":\"\u0421\u043f\u0430\u043b\u044c\u043d\u044b\u0439 \u043c\u0435\u0448\u043e\u043a Sea to Summit Spark Sp III Regular - \u043b\u0435\u0433\u043a\u0438\u0439, \u0442\u0435\u043f\u043b\u044b\u0439 \u0438 \u0443\u0434\u043e\u0431\u043d\u044b\u0439. \u0418\u0434\u0435\u0430\u043b\u0435\u043d \u0434\u043b\u044f \u0445\u043e\u043b\u043e\u0434\u043d\u044b\u0445 \u043d\u043e\u0447\u0435\u0439. 850 Loft, ULTRADRY Down, Pertex Quantum.\",\"breadcrumb\":{\"@id\":\"https:\\\/\\\/xstyle.md\\\/product\\\/spalnyj-meshok-sea-to-summit-spark-sp-iii-regular\\\/#breadcrumb\"},\"inLanguage\":\"ro-RO\",\"potentialAction\":[{\"@type\":\"ReadAction\",\"target\":[\"https:\\\/\\\/xstyle.md\\\/product\\\/spalnyj-meshok-sea-to-summit-spark-sp-iii-regular\\\/\"]}]},{\"@type\":\"ImageObject\",\"inLanguage\":\"ro-RO\",\"@id\":\"https:\\\/\\\/xstyle.md\\\/product\\\/spalnyj-meshok-sea-to-summit-spark-sp-iii-regular\\\/#primaryimage\",\"url\":\"https:\\\/\\\/xstyle.md\\\/wp-content\\\/uploads\\\/2021\\\/04\\\/sea-to-summit-spark-sp-iii-regular.jpg\",\"contentUrl\":\"https:\\\/\\\/xstyle.md\\\/wp-content\\\/uploads\\\/2021\\\/04\\\/sea-to-summit-spark-sp-iii-regular.jpg\",\"width\":886,\"height\":1013,\"caption\":\"\u0422\u0443\u0440\u0438\u0441\u0442\u0438\u0447\u0435\u0441\u043a\u0438\u0439 \u0441\u043f\u0430\u043b\u044c\u043d\u044b\u0439 \u043c\u0435\u0448\u043e\u043a Sea to Summit Spark Sp III Regular \u0434\u043b\u044f \u0430\u043a\u0442\u0438\u0432\u043d\u043e\u0433\u043e \u043e\u0442\u0434\u044b\u0445\u0430, \u043f\u043e\u0445\u043e\u0434\u043e\u0432 \u0438 \u043f\u0443\u0442\u0435\u0448\u0435\u0441\u0442\u0432\u0438\u0439 \u0441 \u044d\u043a\u0438\u043f\u0438\u0440\u043e\u0432\u043a\u043e\u0439 \u0434\u043b\u044f \u0430\u043a\u0442\u0438\u0432\u043d\u043e\u0439 \u0436\u0438\u0437\u043d\u0438, \u043e\u0434\u0435\u0436\u0434\u044b \u0438 \u043e\u0431\u0443\u0432\u0438 \u0434\u043b\u044f \u043a\u0435\u043c\u043f\u0438\u043d\u0433\u0430, \u0445\u0430\u0439\u043a\u0438\u043d\u0433\u0430 \u0438 \u0430\u043b\u044c\u043f\u0438\u043d\u0438\u0437\u043c\u0430\"},{\"@type\":\"BreadcrumbList\",\"@id\":\"https:\\\/\\\/xstyle.md\\\/product\\\/spalnyj-meshok-sea-to-summit-spark-sp-iii-regular\\\/#breadcrumb\",\"itemListElement\":[{\"@type\":\"ListItem\",\"position\":1,\"name\":\"\u0413\u043b\u0430\u0432\u043d\u0430\u044f \u0441\u0442\u0440\u0430\u043d\u0438\u0446\u0430\",\"item\":\"https:\\\/\\\/xstyle.md\\\/\"},{\"@type\":\"ListItem\",\"position\":2,\"name\":\"\u041c\u0430\u0433\u0430\u0437\u0438\u043d\",\"item\":\"https:\\\/\\\/xstyle.md\\\/shop\\\/\"},{\"@type\":\"ListItem\",\"position\":3,\"name\":\"\u0421\u043f\u0430\u043b\u044c\u043d\u044b\u0439 \u043c\u0435\u0448\u043e\u043a Sea to Summit Spark Sp III Regular\"}]},{\"@type\":\"WebSite\",\"@id\":\"https:\\\/\\\/xstyle.md\\\/#website\",\"url\":\"https:\\\/\\\/xstyle.md\\\/\",\"name\":\"\u041c\u0430\u0433\u0430\u0437\u0438\u043d Xstyle\",\"description\":\"C\u043d\u0430\u0440\u044f\u0436\u0435\u043d\u0438\u0435 \u0434\u043b\u044f \u0442\u0443\u0440\u0438\u0437\u043c\u0430 \u0438 \u044d\u043a\u0441\u0442\u0440\u0435\u043c\u0430\u043b\u044c\u043d\u044b\u0445 \u0432\u0438\u0434\u043e\u0432 \u0441\u043f\u043e\u0440\u0442\u0430 \u0432 \u041c\u043e\u043b\u0434\u043e\u0432\u0435.. \u0426\u0435\u043d\u044b, \u0444\u043e\u0442\u043e, \u0445\u0430\u0440\u0430\u043a\u0442\u0435\u0440\u0438\u0441\u0442\u0438\u043a\u0438 \u0432 \u041c\u043e\u043b\u0434\u043e\u0432\u0435.\",\"publisher\":{\"@id\":\"https:\\\/\\\/xstyle.md\\\/#organization\"},\"alternateName\":\"X-Style\",\"potentialAction\":[{\"@type\":\"SearchAction\",\"target\":{\"@type\":\"EntryPoint\",\"urlTemplate\":\"https:\\\/\\\/xstyle.md\\\/?s={search_term_string}\"},\"query-input\":{\"@type\":\"PropertyValueSpecification\",\"valueRequired\":true,\"valueName\":\"search_term_string\"}}],\"inLanguage\":\"ro-RO\"},{\"@type\":\"Organization\",\"@id\":\"https:\\\/\\\/xstyle.md\\\/#organization\",\"name\":\"\u041c\u0430\u0433\u0430\u0437\u0438\u043d Xstyle\",\"alternateName\":\"x-style\",\"url\":\"https:\\\/\\\/xstyle.md\\\/\",\"logo\":{\"@type\":\"ImageObject\",\"inLanguage\":\"ro-RO\",\"@id\":\"https:\\\/\\\/xstyle.md\\\/#\\\/schema\\\/logo\\\/image\\\/\",\"url\":\"https:\\\/\\\/xstyle.md\\\/wp-content\\\/uploads\\\/2020\\\/06\\\/logoicon.svg\",\"contentUrl\":\"https:\\\/\\\/xstyle.md\\\/wp-content\\\/uploads\\\/2020\\\/06\\\/logoicon.svg\",\"caption\":\"\u041c\u0430\u0433\u0430\u0437\u0438\u043d Xstyle\"},\"image\":{\"@id\":\"https:\\\/\\\/xstyle.md\\\/#\\\/schema\\\/logo\\\/image\\\/\"},\"sameAs\":[\"https:\\\/\\\/www.facebook.com\\\/xstylemd\",\"https:\\\/\\\/www.instagram.com\\\/xstyle_md\\\/\",\"https:\\\/\\\/t.me\\\/xstyle_outdoor\"],\"hasMerchantReturnPolicy\":{\"@type\":\"MerchantReturnPolicy\",\"merchantReturnLink\":\"https:\\\/\\\/xstyle.md\\\/ro\\\/conditions\\\/\"}}]}<\/script>\n<meta property=\"product:price:amount\" content=\"10500.00\" \/>\n<meta property=\"product:price:currency\" content=\"MDL\" \/>\n<meta property=\"og:availability\" content=\"instock\" \/>\n<meta property=\"product:availability\" content=\"instock\" \/>\n<meta property=\"product:retailer_item_id\" content=\"9327868095001\" \/>\n<meta property=\"product:condition\" content=\"new\" \/>\n<!-- \/ Yoast SEO plugin. -->","yoast_head_json":{"title":"Sac de dormit Sea to Summit Spark Sp III Regular - Magazin Xstyle","description":"Sac de dormit Sea to Summit Spark Sp III Regular - u\u0219or, cald \u0219i confortabil. Ideal pentru nop\u021bi reci. 850 Loft, ULTRADRY Down, Pertex Quantum.","robots":{"index":"index","follow":"follow","max-snippet":"max-snippet:-1","max-image-preview":"max-image-preview:large","max-video-preview":"max-video-preview:-1"},"canonical":"https:\/\/xstyle.md\/ro\/produs\/spalnyj-meshok-sea-to-summit-spark-sp-iii-regular\/","og_locale":"ro_RO","og_type":"article","og_title":"\u0421\u043f\u0430\u043b\u044c\u043d\u044b\u0439 \u043c\u0435\u0448\u043e\u043a Sea to Summit Spark Sp III Regular - \u041c\u0430\u0433\u0430\u0437\u0438\u043d Xstyle","og_description":"\u0421\u043f\u0430\u043b\u044c\u043d\u044b\u0439 \u043c\u0435\u0448\u043e\u043a Sea to Summit Spark Sp III Regular - \u043b\u0435\u0433\u043a\u0438\u0439, \u0442\u0435\u043f\u043b\u044b\u0439 \u0438 \u0443\u0434\u043e\u0431\u043d\u044b\u0439. \u0418\u0434\u0435\u0430\u043b\u0435\u043d \u0434\u043b\u044f \u0445\u043e\u043b\u043e\u0434\u043d\u044b\u0445 \u043d\u043e\u0447\u0435\u0439. 850 Loft, ULTRADRY Down, Pertex Quantum.","og_url":"https:\/\/xstyle.md\/ro\/produs\/spalnyj-meshok-sea-to-summit-spark-sp-iii-regular\/","og_site_name":"\u041c\u0430\u0433\u0430\u0437\u0438\u043d Xstyle","article_publisher":"https:\/\/www.facebook.com\/xstylemd","article_modified_time":"2026-03-19T13:41:47+00:00","og_image":[{"width":886,"height":1013,"url":"https:\/\/xstyle.md\/wp-content\/uploads\/2021\/04\/sea-to-summit-spark-sp-iii-regular.jpg","type":"image\/jpeg"}],"twitter_card":"summary_large_image","twitter_misc":{"Pre\u021b":"10.500&nbsp;MDL","Disponibilitate":"\u00cen stoc"},"schema":{"@context":"https:\/\/schema.org","@graph":[{"@type":"WebPage","@id":"https:\/\/xstyle.md\/product\/spalnyj-meshok-sea-to-summit-spark-sp-iii-regular\/","url":"https:\/\/xstyle.md\/product\/spalnyj-meshok-sea-to-summit-spark-sp-iii-regular\/","name":"Sac de dormit Sea to Summit Spark Sp III Regular - Magazin Xstyle","isPartOf":{"@id":"https:\/\/xstyle.md\/#website"},"primaryImageOfPage":{"@id":"https:\/\/xstyle.md\/product\/spalnyj-meshok-sea-to-summit-spark-sp-iii-regular\/#primaryimage"},"image":{"@id":"https:\/\/xstyle.md\/product\/spalnyj-meshok-sea-to-summit-spark-sp-iii-regular\/#primaryimage"},"thumbnailUrl":"https:\/\/xstyle.md\/wp-content\/uploads\/2021\/04\/sea-to-summit-spark-sp-iii-regular.jpg","datePublished":"2021-04-28T11:24:39+00:00","dateModified":"2026-03-19T13:41:47+00:00","description":"Sac de dormit Sea to Summit Spark Sp III Regular - u\u0219or, cald \u0219i confortabil. Ideal pentru nop\u021bi reci. 850 Loft, ULTRADRY Down, Pertex Quantum.","breadcrumb":{"@id":"https:\/\/xstyle.md\/product\/spalnyj-meshok-sea-to-summit-spark-sp-iii-regular\/#breadcrumb"},"inLanguage":"ro-RO","potentialAction":[{"@type":"ReadAction","target":["https:\/\/xstyle.md\/product\/spalnyj-meshok-sea-to-summit-spark-sp-iii-regular\/"]}]},{"@type":"ImageObject","inLanguage":"ro-RO","@id":"https:\/\/xstyle.md\/product\/spalnyj-meshok-sea-to-summit-spark-sp-iii-regular\/#primaryimage","url":"https:\/\/xstyle.md\/wp-content\/uploads\/2021\/04\/sea-to-summit-spark-sp-iii-regular.jpg","contentUrl":"https:\/\/xstyle.md\/wp-content\/uploads\/2021\/04\/sea-to-summit-spark-sp-iii-regular.jpg","width":886,"height":1013,"caption":"\u0422\u0443\u0440\u0438\u0441\u0442\u0438\u0447\u0435\u0441\u043a\u0438\u0439 \u0441\u043f\u0430\u043b\u044c\u043d\u044b\u0439 \u043c\u0435\u0448\u043e\u043a Sea to Summit Spark Sp III Regular \u0434\u043b\u044f \u0430\u043a\u0442\u0438\u0432\u043d\u043e\u0433\u043e \u043e\u0442\u0434\u044b\u0445\u0430, \u043f\u043e\u0445\u043e\u0434\u043e\u0432 \u0438 \u043f\u0443\u0442\u0435\u0448\u0435\u0441\u0442\u0432\u0438\u0439 \u0441 \u044d\u043a\u0438\u043f\u0438\u0440\u043e\u0432\u043a\u043e\u0439 \u0434\u043b\u044f \u0430\u043a\u0442\u0438\u0432\u043d\u043e\u0439 \u0436\u0438\u0437\u043d\u0438, \u043e\u0434\u0435\u0436\u0434\u044b \u0438 \u043e\u0431\u0443\u0432\u0438 \u0434\u043b\u044f \u043a\u0435\u043c\u043f\u0438\u043d\u0433\u0430, \u0445\u0430\u0439\u043a\u0438\u043d\u0433\u0430 \u0438 \u0430\u043b\u044c\u043f\u0438\u043d\u0438\u0437\u043c\u0430"},{"@type":"BreadcrumbList","@id":"https:\/\/xstyle.md\/product\/spalnyj-meshok-sea-to-summit-spark-sp-iii-regular\/#breadcrumb","itemListElement":[{"@type":"ListItem","position":1,"name":"\u0413\u043b\u0430\u0432\u043d\u0430\u044f \u0441\u0442\u0440\u0430\u043d\u0438\u0446\u0430","item":"https:\/\/xstyle.md\/"},{"@type":"ListItem","position":2,"name":"\u041c\u0430\u0433\u0430\u0437\u0438\u043d","item":"https:\/\/xstyle.md\/shop\/"},{"@type":"ListItem","position":3,"name":"\u0421\u043f\u0430\u043b\u044c\u043d\u044b\u0439 \u043c\u0435\u0448\u043e\u043a Sea to Summit Spark Sp III Regular"}]},{"@type":"WebSite","@id":"https:\/\/xstyle.md\/#website","url":"https:\/\/xstyle.md\/","name":"Magazinul X-Style","description":"Echipamente pentru turism \u0219i sporturi extreme \u00een Moldova. Pre\u021buri, fotografii, caracteristici \u00een Moldova.","publisher":{"@id":"https:\/\/xstyle.md\/#organization"},"alternateName":"X-Style","potentialAction":[{"@type":"SearchAction","target":{"@type":"EntryPoint","urlTemplate":"https:\/\/xstyle.md\/?s={search_term_string}"},"query-input":{"@type":"PropertyValueSpecification","valueRequired":true,"valueName":"search_term_string"}}],"inLanguage":"ro-RO"},{"@type":"Organization","@id":"https:\/\/xstyle.md\/#organization","name":"Magazinul X-Style","alternateName":"x-style","url":"https:\/\/xstyle.md\/","logo":{"@type":"ImageObject","inLanguage":"ro-RO","@id":"https:\/\/xstyle.md\/#\/schema\/logo\/image\/","url":"https:\/\/xstyle.md\/wp-content\/uploads\/2020\/06\/logoicon.svg","contentUrl":"https:\/\/xstyle.md\/wp-content\/uploads\/2020\/06\/logoicon.svg","caption":"\u041c\u0430\u0433\u0430\u0437\u0438\u043d Xstyle"},"image":{"@id":"https:\/\/xstyle.md\/#\/schema\/logo\/image\/"},"sameAs":["https:\/\/www.facebook.com\/xstylemd","https:\/\/www.instagram.com\/xstyle_md\/","https:\/\/t.me\/xstyle_outdoor"],"hasMerchantReturnPolicy":{"@type":"MerchantReturnPolicy","merchantReturnLink":"https:\/\/xstyle.md\/ro\/conditions\/"}}]},"product_price_amount":"10500.00","product_price_currency":"MDL","og_availability":"instock","product_availability":"instock","product_retailer_item_id":"9327868095001","product_condition":"new"},"_links":{"self":[{"href":"https:\/\/xstyle.md\/ro\/wp-json\/wp\/v2\/product\/30114","targetHints":{"allow":["GET"]}}],"collection":[{"href":"https:\/\/xstyle.md\/ro\/wp-json\/wp\/v2\/product"}],"about":[{"href":"https:\/\/xstyle.md\/ro\/wp-json\/wp\/v2\/types\/product"}],"replies":[{"embeddable":true,"href":"https:\/\/xstyle.md\/ro\/wp-json\/wp\/v2\/comments?post=30114"}],"wp:featuredmedia":[{"embeddable":true,"href":"https:\/\/xstyle.md\/ro\/wp-json\/wp\/v2\/media\/50092"}],"wp:attachment":[{"href":"https:\/\/xstyle.md\/ro\/wp-json\/wp\/v2\/media?parent=30114"}],"wp:term":[{"taxonomy":"product_brand","embeddable":true,"href":"https:\/\/xstyle.md\/ro\/wp-json\/wp\/v2\/product_brand?post=30114"},{"taxonomy":"product_cat","embeddable":true,"href":"https:\/\/xstyle.md\/ro\/wp-json\/wp\/v2\/product_cat?post=30114"},{"taxonomy":"product_tag","embeddable":true,"href":"https:\/\/xstyle.md\/ro\/wp-json\/wp\/v2\/product_tag?post=30114"}],"curies":[{"name":"wp","href":"https:\/\/api.w.org\/{rel}","templated":true}]}}