{"id":30098,"date":"2021-04-28T14:24:08","date_gmt":"2021-04-28T11:24:08","guid":{"rendered":"https:\/\/xstyle.md\/product\/organajzer-thule-shoe-organizer-for-10-pairs\/"},"modified":"2024-10-21T09:29:43","modified_gmt":"2024-10-21T06:29:43","slug":"organajzer-thule-shoe-organizer-for-10-pairs","status":"publish","type":"product","link":"https:\/\/xstyle.md\/ro\/produs\/organajzer-thule-shoe-organizer-for-10-pairs\/","title":{"rendered":"Organaizer Thule Shoe organizer for 10 pairs"},"content":{"rendered":"<\/p>\n<p><strong>Organaizer Thule Shoe organizer for 10 pairs<\/strong> &#8212; organizator de perete Thule pentru depozitarea a 10 perechi de pantofi.<\/p>\n<p>Un produs extrem de util \u0219i func\u021bional de la Thule. Organizatorul de pantofi Thule este solu\u021bia perfect\u0103 pentru lucrurile tale esen\u021biale. Acesta are multe buzunare \u00een care pute\u021bi pune cu u\u0219urin\u021b\u0103 pantofii de care ave\u021bi nevoie pentru \u00eentreaga familie.<\/p>\n<p>Organizatorul este rapid \u0219i u\u0219or de montat pe perete sau pe u\u0219\u0103. De asemenea, este u\u0219or de demontat \u0219i convenabil de transportat datorit\u0103 m\u00e2nerului.<\/p>\n<h3>Particularit\u0103\u021bi<\/h3>\n<ul>\n<li>Compartimente de depozitare: 10 buzunare mari pentru pantofi, 2 buzunare suplimentare din plas\u0103.<\/li>\n<li>Dispune de g\u0103uri de ventila\u021bie mici pentru o ventila\u021bie optim\u0103.<\/li>\n<li>Material durabil, rezistent la intemperii.<\/li>\n<li>Consolidare suplimentar\u0103 datorit\u0103 Velcro \u0219i butoanelor.<\/li>\n<li>Capac cu fermoar integrat.<\/li>\n<li>Poate fi \u021binut deschis pentru acces u\u0219or.<\/li>\n<li>Design pliabil pentru depozitare compact\u0103.<\/li>\n<li>M\u00e2ner integrat pentru transport u\u0219or.<\/li>\n<li>\u021aes\u0103tur\u0103 impermeabil\u0103, v\u0103 va men\u021bine pantofii usca\u021bi.<\/li>\n<\/ul>\n<h3>Caracteristici<\/h3>\n<ul>\n<li>Material: 100% poliester.<\/li>\n<li>Dimensiuni: 80 x 50 cm.<\/li>\n<li>Culoare: negru.<\/li>\n<li>Greutate: 185 g.<\/li>\n<\/ul>\n<p><\/p>","protected":false},"excerpt":{"rendered":"<p>Organaizer Thule Shoe organizer for 10 pairs<\/p>","protected":false},"featured_media":30094,"comment_status":"open","ping_status":"closed","template":"","meta":{"_acf_changed":false,"inline_featured_image":false},"product_brand":[1414],"product_cat":[1099],"product_tag":[],"class_list":{"0":"post-30098","1":"product","2":"type-product","3":"status-publish","4":"has-post-thumbnail","6":"product_brand-reimo","7":"product_cat-thule-accessories","9":"first","10":"instock","11":"shipping-taxable","12":"purchasable","13":"product-type-simple"},"acf":[],"yoast_head":"<!-- This site is optimized with the Yoast SEO plugin v27.2 - https:\/\/yoast.com\/product\/yoast-seo-wordpress\/ -->\n<title>\u041e\u0440\u0433\u0430\u043d\u0430\u0439\u0437\u0435\u0440 Thule Shoe organizer for 10 pairs - \u041c\u0430\u0433\u0430\u0437\u0438\u043d Xstyle<\/title>\n<meta name=\"description\" content=\"\u041e\u0440\u0433\u0430\u043d\u0430\u0439\u0437\u0435\u0440 Thule \u0434\u043b\u044f 10 \u043f\u0430\u0440 \u043e\u0431\u0443\u0432\u0438 - \u0438\u0434\u0435\u0430\u043b\u044c\u043d\u043e\u0435 \u0440\u0435\u0448\u0435\u043d\u0438\u0435 \u0434\u043b\u044f \u0430\u043a\u043a\u0443\u0440\u0430\u0442\u043d\u043e\u0433\u043e \u0445\u0440\u0430\u043d\u0435\u043d\u0438\u044f. \u0423\u0434\u043e\u0431\u043d\u044b\u0439 \u0438 \u0444\u0443\u043d\u043a\u0446\u0438\u043e\u043d\u0430\u043b\u044c\u043d\u044b\u0439 \u0430\u043a\u0441\u0435\u0441\u0441\u0443\u0430\u0440 \u0434\u043b\u044f \u0432\u0430\u0448\u0435\u0433\u043e \u0434\u043e\u043c\u0430. \u0417\u0430\u043a\u0430\u0436\u0438\u0442\u0435 \u0441\u0435\u0439\u0447\u0430\u0441!\" \/>\n<meta name=\"robots\" content=\"index, follow, max-snippet:-1, max-image-preview:large, max-video-preview:-1\" \/>\n<link rel=\"canonical\" href=\"https:\/\/xstyle.md\/ro\/produs\/organajzer-thule-shoe-organizer-for-10-pairs\/\" \/>\n<meta property=\"og:locale\" content=\"ro_RO\" \/>\n<meta property=\"og:type\" content=\"article\" \/>\n<meta property=\"og:title\" content=\"\u041e\u0440\u0433\u0430\u043d\u0430\u0439\u0437\u0435\u0440 Thule Shoe organizer for 10 pairs - \u041c\u0430\u0433\u0430\u0437\u0438\u043d Xstyle\" \/>\n<meta property=\"og:description\" content=\"\u041e\u0440\u0433\u0430\u043d\u0430\u0439\u0437\u0435\u0440 Thule \u0434\u043b\u044f 10 \u043f\u0430\u0440 \u043e\u0431\u0443\u0432\u0438 - \u0438\u0434\u0435\u0430\u043b\u044c\u043d\u043e\u0435 \u0440\u0435\u0448\u0435\u043d\u0438\u0435 \u0434\u043b\u044f \u0430\u043a\u043a\u0443\u0440\u0430\u0442\u043d\u043e\u0433\u043e \u0445\u0440\u0430\u043d\u0435\u043d\u0438\u044f. \u0423\u0434\u043e\u0431\u043d\u044b\u0439 \u0438 \u0444\u0443\u043d\u043a\u0446\u0438\u043e\u043d\u0430\u043b\u044c\u043d\u044b\u0439 \u0430\u043a\u0441\u0435\u0441\u0441\u0443\u0430\u0440 \u0434\u043b\u044f \u0432\u0430\u0448\u0435\u0433\u043e \u0434\u043e\u043c\u0430. \u0417\u0430\u043a\u0430\u0436\u0438\u0442\u0435 \u0441\u0435\u0439\u0447\u0430\u0441!\" \/>\n<meta property=\"og:url\" content=\"https:\/\/xstyle.md\/ro\/produs\/organajzer-thule-shoe-organizer-for-10-pairs\/\" \/>\n<meta property=\"og:site_name\" content=\"\u041c\u0430\u0433\u0430\u0437\u0438\u043d Xstyle\" \/>\n<meta property=\"article:publisher\" content=\"https:\/\/www.facebook.com\/xstylemd\" \/>\n<meta property=\"article:modified_time\" content=\"2024-10-21T06:29:43+00:00\" \/>\n<meta property=\"og:image\" content=\"https:\/\/xstyle.md\/wp-content\/uploads\/2021\/04\/s-l1600_15_.jpg\" \/>\n\t<meta property=\"og:image:width\" content=\"900\" \/>\n\t<meta property=\"og:image:height\" content=\"595\" \/>\n\t<meta property=\"og:image:type\" content=\"image\/jpeg\" \/>\n<meta name=\"twitter:card\" content=\"summary_large_image\" \/>\n<meta name=\"twitter:label1\" content=\"Pre\u021b\" \/>\n\t<meta name=\"twitter:data1\" content=\"1.100&nbsp;MDL\" \/>\n\t<meta name=\"twitter:label2\" content=\"Disponibilitate\" \/>\n\t<meta name=\"twitter:data2\" content=\"\u00cen stoc\" \/>\n<script type=\"application\/ld+json\" class=\"yoast-schema-graph\">{\"@context\":\"https:\/\/schema.org\",\"@graph\":[{\"@type\":\"WebPage\",\"@id\":\"https:\/\/xstyle.md\/product\/organajzer-thule-shoe-organizer-for-10-pairs\/\",\"url\":\"https:\/\/xstyle.md\/product\/organajzer-thule-shoe-organizer-for-10-pairs\/\",\"name\":\"\u041e\u0440\u0433\u0430\u043d\u0430\u0439\u0437\u0435\u0440 Thule Shoe organizer for 10 pairs - \u041c\u0430\u0433\u0430\u0437\u0438\u043d Xstyle\",\"isPartOf\":{\"@id\":\"https:\/\/xstyle.md\/#website\"},\"primaryImageOfPage\":{\"@id\":\"https:\/\/xstyle.md\/product\/organajzer-thule-shoe-organizer-for-10-pairs\/#primaryimage\"},\"image\":{\"@id\":\"https:\/\/xstyle.md\/product\/organajzer-thule-shoe-organizer-for-10-pairs\/#primaryimage\"},\"thumbnailUrl\":\"https:\/\/xstyle.md\/wp-content\/uploads\/2021\/04\/s-l1600_15_.jpg\",\"datePublished\":\"2021-04-28T11:24:08+00:00\",\"dateModified\":\"2024-10-21T06:29:43+00:00\",\"description\":\"\u041e\u0440\u0433\u0430\u043d\u0430\u0439\u0437\u0435\u0440 Thule \u0434\u043b\u044f 10 \u043f\u0430\u0440 \u043e\u0431\u0443\u0432\u0438 - \u0438\u0434\u0435\u0430\u043b\u044c\u043d\u043e\u0435 \u0440\u0435\u0448\u0435\u043d\u0438\u0435 \u0434\u043b\u044f \u0430\u043a\u043a\u0443\u0440\u0430\u0442\u043d\u043e\u0433\u043e \u0445\u0440\u0430\u043d\u0435\u043d\u0438\u044f. \u0423\u0434\u043e\u0431\u043d\u044b\u0439 \u0438 \u0444\u0443\u043d\u043a\u0446\u0438\u043e\u043d\u0430\u043b\u044c\u043d\u044b\u0439 \u0430\u043a\u0441\u0435\u0441\u0441\u0443\u0430\u0440 \u0434\u043b\u044f \u0432\u0430\u0448\u0435\u0433\u043e \u0434\u043e\u043c\u0430. \u0417\u0430\u043a\u0430\u0436\u0438\u0442\u0435 \u0441\u0435\u0439\u0447\u0430\u0441!\",\"breadcrumb\":{\"@id\":\"https:\/\/xstyle.md\/product\/organajzer-thule-shoe-organizer-for-10-pairs\/#breadcrumb\"},\"inLanguage\":\"ro-RO\",\"potentialAction\":[{\"@type\":\"ReadAction\",\"target\":[\"https:\/\/xstyle.md\/product\/organajzer-thule-shoe-organizer-for-10-pairs\/\"]}]},{\"@type\":\"ImageObject\",\"inLanguage\":\"ro-RO\",\"@id\":\"https:\/\/xstyle.md\/product\/organajzer-thule-shoe-organizer-for-10-pairs\/#primaryimage\",\"url\":\"https:\/\/xstyle.md\/wp-content\/uploads\/2021\/04\/s-l1600_15_.jpg\",\"contentUrl\":\"https:\/\/xstyle.md\/wp-content\/uploads\/2021\/04\/s-l1600_15_.jpg\",\"width\":900,\"height\":595},{\"@type\":\"BreadcrumbList\",\"@id\":\"https:\/\/xstyle.md\/product\/organajzer-thule-shoe-organizer-for-10-pairs\/#breadcrumb\",\"itemListElement\":[{\"@type\":\"ListItem\",\"position\":1,\"name\":\"\u0413\u043b\u0430\u0432\u043d\u0430\u044f \u0441\u0442\u0440\u0430\u043d\u0438\u0446\u0430\",\"item\":\"https:\/\/xstyle.md\/\"},{\"@type\":\"ListItem\",\"position\":2,\"name\":\"\u041c\u0430\u0433\u0430\u0437\u0438\u043d\",\"item\":\"https:\/\/xstyle.md\/shop\/\"},{\"@type\":\"ListItem\",\"position\":3,\"name\":\"\u041e\u0440\u0433\u0430\u043d\u0430\u0439\u0437\u0435\u0440 Thule Shoe organizer for 10 pairs\"}]},{\"@type\":\"WebSite\",\"@id\":\"https:\/\/xstyle.md\/#website\",\"url\":\"https:\/\/xstyle.md\/\",\"name\":\"\u041c\u0430\u0433\u0430\u0437\u0438\u043d Xstyle\",\"description\":\"C\u043d\u0430\u0440\u044f\u0436\u0435\u043d\u0438\u0435 \u0434\u043b\u044f \u0442\u0443\u0440\u0438\u0437\u043c\u0430 \u0438 \u044d\u043a\u0441\u0442\u0440\u0435\u043c\u0430\u043b\u044c\u043d\u044b\u0445 \u0432\u0438\u0434\u043e\u0432 \u0441\u043f\u043e\u0440\u0442\u0430 \u0432 \u041c\u043e\u043b\u0434\u043e\u0432\u0435.. \u0426\u0435\u043d\u044b, \u0444\u043e\u0442\u043e, \u0445\u0430\u0440\u0430\u043a\u0442\u0435\u0440\u0438\u0441\u0442\u0438\u043a\u0438 \u0432 \u041c\u043e\u043b\u0434\u043e\u0432\u0435.\",\"publisher\":{\"@id\":\"https:\/\/xstyle.md\/#organization\"},\"alternateName\":\"X-Style\",\"potentialAction\":[{\"@type\":\"SearchAction\",\"target\":{\"@type\":\"EntryPoint\",\"urlTemplate\":\"https:\/\/xstyle.md\/?s={search_term_string}\"},\"query-input\":{\"@type\":\"PropertyValueSpecification\",\"valueRequired\":true,\"valueName\":\"search_term_string\"}}],\"inLanguage\":\"ro-RO\"},{\"@type\":\"Organization\",\"@id\":\"https:\/\/xstyle.md\/#organization\",\"name\":\"\u041c\u0430\u0433\u0430\u0437\u0438\u043d Xstyle\",\"alternateName\":\"x-style\",\"url\":\"https:\/\/xstyle.md\/\",\"logo\":{\"@type\":\"ImageObject\",\"inLanguage\":\"ro-RO\",\"@id\":\"https:\/\/xstyle.md\/#\/schema\/logo\/image\/\",\"url\":\"https:\/\/xstyle.md\/wp-content\/uploads\/2020\/06\/logoicon.svg\",\"contentUrl\":\"https:\/\/xstyle.md\/wp-content\/uploads\/2020\/06\/logoicon.svg\",\"caption\":\"\u041c\u0430\u0433\u0430\u0437\u0438\u043d Xstyle\"},\"image\":{\"@id\":\"https:\/\/xstyle.md\/#\/schema\/logo\/image\/\"},\"sameAs\":[\"https:\/\/www.facebook.com\/xstylemd\",\"https:\/\/www.instagram.com\/xstyle_md\/\",\"https:\/\/t.me\/xstyle_outdoor\"],\"hasMerchantReturnPolicy\":{\"@type\":\"MerchantReturnPolicy\",\"merchantReturnLink\":\"https:\/\/xstyle.md\/ro\/conditions\/\"}}]}<\/script>\n<meta property=\"product:price:amount\" content=\"1100.00\" \/>\n<meta property=\"product:price:currency\" content=\"MDL\" \/>\n<meta property=\"og:availability\" content=\"instock\" \/>\n<meta property=\"product:availability\" content=\"instock\" \/>\n<meta property=\"product:retailer_item_id\" content=\"5415182039673\" \/>\n<meta property=\"product:condition\" content=\"new\" \/>\n<!-- \/ Yoast SEO plugin. -->","yoast_head_json":{"title":"Organaizer Thule Shoe organizer for 10 pairs - Magazin Xstyle","description":"Organizator Thule pentru 10 perechi de \u00eenc\u0103l\u021b\u0103minte - solu\u021bia ideal\u0103 pentru p\u0103strarea ordonat\u0103. Un accesoriu confortabil \u0219i func\u021bional pentru casa dumneavoastr\u0103. Comanda\u021bi acum!","robots":{"index":"index","follow":"follow","max-snippet":"max-snippet:-1","max-image-preview":"max-image-preview:large","max-video-preview":"max-video-preview:-1"},"canonical":"https:\/\/xstyle.md\/ro\/produs\/organajzer-thule-shoe-organizer-for-10-pairs\/","og_locale":"ro_RO","og_type":"article","og_title":"\u041e\u0440\u0433\u0430\u043d\u0430\u0439\u0437\u0435\u0440 Thule Shoe organizer for 10 pairs - \u041c\u0430\u0433\u0430\u0437\u0438\u043d Xstyle","og_description":"\u041e\u0440\u0433\u0430\u043d\u0430\u0439\u0437\u0435\u0440 Thule \u0434\u043b\u044f 10 \u043f\u0430\u0440 \u043e\u0431\u0443\u0432\u0438 - \u0438\u0434\u0435\u0430\u043b\u044c\u043d\u043e\u0435 \u0440\u0435\u0448\u0435\u043d\u0438\u0435 \u0434\u043b\u044f \u0430\u043a\u043a\u0443\u0440\u0430\u0442\u043d\u043e\u0433\u043e \u0445\u0440\u0430\u043d\u0435\u043d\u0438\u044f. \u0423\u0434\u043e\u0431\u043d\u044b\u0439 \u0438 \u0444\u0443\u043d\u043a\u0446\u0438\u043e\u043d\u0430\u043b\u044c\u043d\u044b\u0439 \u0430\u043a\u0441\u0435\u0441\u0441\u0443\u0430\u0440 \u0434\u043b\u044f \u0432\u0430\u0448\u0435\u0433\u043e \u0434\u043e\u043c\u0430. \u0417\u0430\u043a\u0430\u0436\u0438\u0442\u0435 \u0441\u0435\u0439\u0447\u0430\u0441!","og_url":"https:\/\/xstyle.md\/ro\/produs\/organajzer-thule-shoe-organizer-for-10-pairs\/","og_site_name":"\u041c\u0430\u0433\u0430\u0437\u0438\u043d Xstyle","article_publisher":"https:\/\/www.facebook.com\/xstylemd","article_modified_time":"2024-10-21T06:29:43+00:00","og_image":[{"width":900,"height":595,"url":"https:\/\/xstyle.md\/wp-content\/uploads\/2021\/04\/s-l1600_15_.jpg","type":"image\/jpeg"}],"twitter_card":"summary_large_image","twitter_misc":{"Pre\u021b":"1.100&nbsp;MDL","Disponibilitate":"\u00cen stoc"},"schema":{"@context":"https:\/\/schema.org","@graph":[{"@type":"WebPage","@id":"https:\/\/xstyle.md\/product\/organajzer-thule-shoe-organizer-for-10-pairs\/","url":"https:\/\/xstyle.md\/product\/organajzer-thule-shoe-organizer-for-10-pairs\/","name":"Organaizer Thule Shoe organizer for 10 pairs - Magazin Xstyle","isPartOf":{"@id":"https:\/\/xstyle.md\/#website"},"primaryImageOfPage":{"@id":"https:\/\/xstyle.md\/product\/organajzer-thule-shoe-organizer-for-10-pairs\/#primaryimage"},"image":{"@id":"https:\/\/xstyle.md\/product\/organajzer-thule-shoe-organizer-for-10-pairs\/#primaryimage"},"thumbnailUrl":"https:\/\/xstyle.md\/wp-content\/uploads\/2021\/04\/s-l1600_15_.jpg","datePublished":"2021-04-28T11:24:08+00:00","dateModified":"2024-10-21T06:29:43+00:00","description":"Organizator Thule pentru 10 perechi de \u00eenc\u0103l\u021b\u0103minte - solu\u021bia ideal\u0103 pentru p\u0103strarea ordonat\u0103. Un accesoriu confortabil \u0219i func\u021bional pentru casa dumneavoastr\u0103. Comanda\u021bi acum!","breadcrumb":{"@id":"https:\/\/xstyle.md\/product\/organajzer-thule-shoe-organizer-for-10-pairs\/#breadcrumb"},"inLanguage":"ro-RO","potentialAction":[{"@type":"ReadAction","target":["https:\/\/xstyle.md\/product\/organajzer-thule-shoe-organizer-for-10-pairs\/"]}]},{"@type":"ImageObject","inLanguage":"ro-RO","@id":"https:\/\/xstyle.md\/product\/organajzer-thule-shoe-organizer-for-10-pairs\/#primaryimage","url":"https:\/\/xstyle.md\/wp-content\/uploads\/2021\/04\/s-l1600_15_.jpg","contentUrl":"https:\/\/xstyle.md\/wp-content\/uploads\/2021\/04\/s-l1600_15_.jpg","width":900,"height":595},{"@type":"BreadcrumbList","@id":"https:\/\/xstyle.md\/product\/organajzer-thule-shoe-organizer-for-10-pairs\/#breadcrumb","itemListElement":[{"@type":"ListItem","position":1,"name":"\u0413\u043b\u0430\u0432\u043d\u0430\u044f \u0441\u0442\u0440\u0430\u043d\u0438\u0446\u0430","item":"https:\/\/xstyle.md\/"},{"@type":"ListItem","position":2,"name":"\u041c\u0430\u0433\u0430\u0437\u0438\u043d","item":"https:\/\/xstyle.md\/shop\/"},{"@type":"ListItem","position":3,"name":"\u041e\u0440\u0433\u0430\u043d\u0430\u0439\u0437\u0435\u0440 Thule Shoe organizer for 10 pairs"}]},{"@type":"WebSite","@id":"https:\/\/xstyle.md\/#website","url":"https:\/\/xstyle.md\/","name":"Magazinul X-Style","description":"Echipamente pentru turism \u0219i sporturi extreme \u00een Moldova. Pre\u021buri, fotografii, caracteristici \u00een Moldova.","publisher":{"@id":"https:\/\/xstyle.md\/#organization"},"alternateName":"X-Style","potentialAction":[{"@type":"SearchAction","target":{"@type":"EntryPoint","urlTemplate":"https:\/\/xstyle.md\/?s={search_term_string}"},"query-input":{"@type":"PropertyValueSpecification","valueRequired":true,"valueName":"search_term_string"}}],"inLanguage":"ro-RO"},{"@type":"Organization","@id":"https:\/\/xstyle.md\/#organization","name":"Magazinul X-Style","alternateName":"x-style","url":"https:\/\/xstyle.md\/","logo":{"@type":"ImageObject","inLanguage":"ro-RO","@id":"https:\/\/xstyle.md\/#\/schema\/logo\/image\/","url":"https:\/\/xstyle.md\/wp-content\/uploads\/2020\/06\/logoicon.svg","contentUrl":"https:\/\/xstyle.md\/wp-content\/uploads\/2020\/06\/logoicon.svg","caption":"\u041c\u0430\u0433\u0430\u0437\u0438\u043d Xstyle"},"image":{"@id":"https:\/\/xstyle.md\/#\/schema\/logo\/image\/"},"sameAs":["https:\/\/www.facebook.com\/xstylemd","https:\/\/www.instagram.com\/xstyle_md\/","https:\/\/t.me\/xstyle_outdoor"],"hasMerchantReturnPolicy":{"@type":"MerchantReturnPolicy","merchantReturnLink":"https:\/\/xstyle.md\/ro\/conditions\/"}}]},"product_price_amount":"1100.00","product_price_currency":"MDL","og_availability":"instock","product_availability":"instock","product_retailer_item_id":"5415182039673","product_condition":"new"},"post_mailing_queue_ids":[],"_links":{"self":[{"href":"https:\/\/xstyle.md\/ro\/wp-json\/wp\/v2\/product\/30098","targetHints":{"allow":["GET"]}}],"collection":[{"href":"https:\/\/xstyle.md\/ro\/wp-json\/wp\/v2\/product"}],"about":[{"href":"https:\/\/xstyle.md\/ro\/wp-json\/wp\/v2\/types\/product"}],"replies":[{"embeddable":true,"href":"https:\/\/xstyle.md\/ro\/wp-json\/wp\/v2\/comments?post=30098"}],"wp:featuredmedia":[{"embeddable":true,"href":"https:\/\/xstyle.md\/ro\/wp-json\/wp\/v2\/media\/30094"}],"wp:attachment":[{"href":"https:\/\/xstyle.md\/ro\/wp-json\/wp\/v2\/media?parent=30098"}],"wp:term":[{"taxonomy":"product_brand","embeddable":true,"href":"https:\/\/xstyle.md\/ro\/wp-json\/wp\/v2\/product_brand?post=30098"},{"taxonomy":"product_cat","embeddable":true,"href":"https:\/\/xstyle.md\/ro\/wp-json\/wp\/v2\/product_cat?post=30098"},{"taxonomy":"product_tag","embeddable":true,"href":"https:\/\/xstyle.md\/ro\/wp-json\/wp\/v2\/product_tag?post=30098"}],"curies":[{"name":"wp","href":"https:\/\/api.w.org\/{rel}","templated":true}]}}