{"id":30076,"date":"2021-04-28T14:23:38","date_gmt":"2021-04-28T11:23:38","guid":{"rendered":"https:\/\/xstyle.md\/product\/aptechka-lifesystems-mountain-first-aid-kit\/"},"modified":"2024-12-16T22:32:53","modified_gmt":"2024-12-16T19:32:53","slug":"aptechka-lifesystems-mountain-first-aid-kit","status":"publish","type":"product","link":"https:\/\/xstyle.md\/ro\/produs\/aptechka-lifesystems-mountain-first-aid-kit\/","title":{"rendered":"Trus\u0103 medical\u0103 Lifesystems Mountain First Aid Kit"},"content":{"rendered":"<\/p>\n<p><strong>Lifesystems Mountain First Aid Kit<\/strong> &#8212; trus\u0103 de prim ajutor de munte mare \u0219i bine aprovizionat\u0103. Asamblat\u0103 de medicul de expedi\u021bie Hugh Montgomery \u0219i de o echip\u0103 de medici din for\u021bele speciale britanice. Trusa con\u021bine uneltele \u0219i pansamentele necesare pentru a acorda primul ajutor \u00een caz de arsuri, t\u0103ieturi, abraziuni, b\u0103\u0219ici sau alte r\u0103ni.<\/p>\n<h3>Particularit\u0103\u021bi<\/h3>\n<ul>\n<li>Material rezistent la uzur\u0103 cu acoperire din poliuretan<\/li>\n<li>Acces rapid \u0219i u\u0219or la con\u021binut<\/li>\n<li>Fermoar impermeabil \u00een jurul perimetrului trusei de prim ajutor<\/li>\n<li>Organizator inteligent cu buzunare transparente<\/li>\n<li>M\u00e2ner robust<\/li>\n<li>Con\u021bine 55 de componente<\/li>\n<\/ul>\n<h3>Setul include<\/h3>\n<p><strong>Instrumente:<\/strong><\/p>\n<ul>\n<li>1 penset\u0103<\/li>\n<li>6 ace engleze\u0219ti<\/li>\n<li>1 foarfec\u0103 cu lama de 5,5 cm<\/li>\n<li>1 foarfec\u0103 cu lama de 6 cm<\/li>\n<li>1 b\u0103\u021b luminos<\/li>\n<li>1 termometru<\/li>\n<li>2 perechi de m\u0103nu\u0219i de vinil<\/li>\n<li>1 masc\u0103 de protec\u021bie pentru respira\u021bie artificial\u0103<\/li>\n<\/ul>\n<p><strong>Materiale pentru pansamente:\u00a0<\/strong><\/p>\n<ul>\n<li>2 bandaje \u021besute nesterile 7,5 cm x 5 m<\/li>\n<li>1 bandaj elastic 5 cm x 4,5 m<\/li>\n<li>1 bandaj elastic 7,5 cm x 4,5 m<\/li>\n<li>2 bandaje triunghiulare din p\u00e2nz\u0103 90 x 90 x 127 cm<\/li>\n<li>8 \u0219erve\u021bele igienice de cur\u0103\u021bare<\/li>\n<li>1 band\u0103 microporoas\u0103 1,25 cm x 5 m<\/li>\n<li>1 plasture de oxid de zinc 1,25 cm x 2 m<\/li>\n<li>1 rol\u0103 de band\u0103 adeziv\u0103 (2 m)<\/li>\n<li>10 tampoane de tifon cu patru straturi de tifon 5 x 5 cm<\/li>\n<li>2 plicule\u021be de gel pentru arsuri de 3,5 g<\/li>\n<li>1 set de plasturi diferi\u021bi<\/li>\n<li>12 x 12 cm tifon uscat aseptic<\/li>\n<li>2 pansamente slab adezive de 5 x 5 cm<\/li>\n<li>2 pansamente cu adezivitate redus\u0103 10 x 10 cm<\/li>\n<li>1 f\u00e2\u0219ie mic\u0103 de p\u00e2nz\u0103 de ipsos 4 cm x 1 metru<\/li>\n<li>3 pansamente de str\u00e2ngere pentru acoperirea r\u0103nilor<\/li>\n<li>1 plasture mic pentru ochi<\/li>\n<li>2 plasturi \u00een blister<\/li>\n<\/ul>\n<h3>Caracteristici<\/h3>\n<ul>\n<li>Greutate &#8212; 700 g<\/li>\n<li>Dimensiuni &#8212; 20 x 14 x 9 cm<\/li>\n<\/ul>\n<h3>Marca<\/h3>\n<p>Lifesystems este o companie britanic\u0103 care produce echipamente \u0219i echipamente pentru turi\u0219ti \u0219i c\u0103l\u0103tori. Sub aceast\u0103 marc\u0103 se produc truse de prim ajutor, spray-uri \u00eempotriva insectelor, creme de protec\u021bie solar\u0103, produse de purificare \u0219i dezinfectare a apei, plase de \u021b\u00e2n\u021bari \u0219i alte lucruri utile pentru turi\u0219ti. Calit\u0103\u021bii produselor li se acord\u0103 o mare aten\u021bie. Acestea sunt foarte func\u021bionale, capabile s\u0103 satisfac\u0103 nevoile majorit\u0103\u021bii pasiona\u021bilor de activit\u0103\u021bi \u00een aer liber \u0219i a sportivilor extremi\u0219ti, testate pe teren, \u00een cele mai periculoase \u0219i greu accesibile locuri de pe planet\u0103.<\/p>\n<p><\/p>","protected":false},"excerpt":{"rendered":"<p>Trus\u0103 medical\u0103 Lifesystems Mountain First Aid Kit<\/p>","protected":false},"featured_media":35823,"comment_status":"open","ping_status":"closed","template":"","meta":{"_acf_changed":false,"inline_featured_image":false},"product_brand":[1417],"product_cat":[333],"product_tag":[],"class_list":{"0":"post-30076","1":"product","2":"type-product","3":"status-publish","4":"has-post-thumbnail","6":"product_brand-lifesystems","7":"product_cat-first-aid","9":"first","10":"instock","11":"shipping-taxable","12":"purchasable","13":"product-type-simple"},"acf":[],"yoast_head":"<!-- This site is optimized with the Yoast SEO plugin v27.2 - https:\/\/yoast.com\/product\/yoast-seo-wordpress\/ -->\n<title>\u0410\u043f\u0442\u0435\u0447\u043a\u0430 Lifesystems Mountain First Aid Kit - \u041c\u0430\u0433\u0430\u0437\u0438\u043d Xstyle<\/title>\n<meta name=\"description\" content=\"\u0410\u043f\u0442\u0435\u0447\u043a\u0430 Lifesystems Mountain - \u0432\u0430\u0448 \u043d\u0430\u0434\u0435\u0436\u043d\u044b\u0439 \u043f\u043e\u043c\u043e\u0449\u043d\u0438\u043a \u0432 \u0433\u043e\u0440\u0430\u0445! \u041f\u043e\u043b\u043d\u044b\u0439 \u043d\u0430\u0431\u043e\u0440 \u043f\u0435\u0440\u0432\u043e\u0439 \u043f\u043e\u043c\u043e\u0449\u0438 \u0434\u043b\u044f \u0431\u0435\u0437\u043e\u043f\u0430\u0441\u043d\u044b\u0445 \u043f\u0440\u0438\u043a\u043b\u044e\u0447\u0435\u043d\u0438\u0439. \u0411\u0443\u0434\u044c\u0442\u0435 \u0443\u0432\u0435\u0440\u0435\u043d\u044b \u0432 \u0431\u0435\u0437\u043e\u043f\u0430\u0441\u043d\u043e\u0441\u0442\u0438!\" \/>\n<meta name=\"robots\" content=\"index, follow, max-snippet:-1, max-image-preview:large, max-video-preview:-1\" \/>\n<link rel=\"canonical\" href=\"https:\/\/xstyle.md\/ro\/produs\/aptechka-lifesystems-mountain-first-aid-kit\/\" \/>\n<meta property=\"og:locale\" content=\"ro_RO\" \/>\n<meta property=\"og:type\" content=\"article\" \/>\n<meta property=\"og:title\" content=\"\u0410\u043f\u0442\u0435\u0447\u043a\u0430 Lifesystems Mountain First Aid Kit - \u041c\u0430\u0433\u0430\u0437\u0438\u043d Xstyle\" \/>\n<meta property=\"og:description\" content=\"\u0410\u043f\u0442\u0435\u0447\u043a\u0430 Lifesystems Mountain - \u0432\u0430\u0448 \u043d\u0430\u0434\u0435\u0436\u043d\u044b\u0439 \u043f\u043e\u043c\u043e\u0449\u043d\u0438\u043a \u0432 \u0433\u043e\u0440\u0430\u0445! \u041f\u043e\u043b\u043d\u044b\u0439 \u043d\u0430\u0431\u043e\u0440 \u043f\u0435\u0440\u0432\u043e\u0439 \u043f\u043e\u043c\u043e\u0449\u0438 \u0434\u043b\u044f \u0431\u0435\u0437\u043e\u043f\u0430\u0441\u043d\u044b\u0445 \u043f\u0440\u0438\u043a\u043b\u044e\u0447\u0435\u043d\u0438\u0439. \u0411\u0443\u0434\u044c\u0442\u0435 \u0443\u0432\u0435\u0440\u0435\u043d\u044b \u0432 \u0431\u0435\u0437\u043e\u043f\u0430\u0441\u043d\u043e\u0441\u0442\u0438!\" \/>\n<meta property=\"og:url\" content=\"https:\/\/xstyle.md\/ro\/produs\/aptechka-lifesystems-mountain-first-aid-kit\/\" \/>\n<meta property=\"og:site_name\" content=\"\u041c\u0430\u0433\u0430\u0437\u0438\u043d Xstyle\" \/>\n<meta property=\"article:publisher\" content=\"https:\/\/www.facebook.com\/xstylemd\" \/>\n<meta property=\"article:modified_time\" content=\"2024-12-16T19:32:53+00:00\" \/>\n<meta property=\"og:image\" content=\"https:\/\/xstyle.md\/wp-content\/uploads\/2021\/04\/lifesystems-mountain-first-aid-kit.jpg\" \/>\n\t<meta property=\"og:image:width\" content=\"1200\" \/>\n\t<meta property=\"og:image:height\" content=\"1200\" \/>\n\t<meta property=\"og:image:type\" content=\"image\/jpeg\" \/>\n<meta name=\"twitter:card\" content=\"summary_large_image\" \/>\n<meta name=\"twitter:label1\" content=\"Pre\u021b\" \/>\n\t<meta name=\"twitter:data1\" content=\"1.100&nbsp;MDL\" \/>\n\t<meta name=\"twitter:label2\" content=\"Disponibilitate\" \/>\n\t<meta name=\"twitter:data2\" content=\"\u00cen stoc\" \/>\n<script type=\"application\/ld+json\" class=\"yoast-schema-graph\">{\"@context\":\"https:\/\/schema.org\",\"@graph\":[{\"@type\":\"WebPage\",\"@id\":\"https:\/\/xstyle.md\/product\/aptechka-lifesystems-mountain-first-aid-kit\/\",\"url\":\"https:\/\/xstyle.md\/product\/aptechka-lifesystems-mountain-first-aid-kit\/\",\"name\":\"\u0410\u043f\u0442\u0435\u0447\u043a\u0430 Lifesystems Mountain First Aid Kit - \u041c\u0430\u0433\u0430\u0437\u0438\u043d Xstyle\",\"isPartOf\":{\"@id\":\"https:\/\/xstyle.md\/#website\"},\"primaryImageOfPage\":{\"@id\":\"https:\/\/xstyle.md\/product\/aptechka-lifesystems-mountain-first-aid-kit\/#primaryimage\"},\"image\":{\"@id\":\"https:\/\/xstyle.md\/product\/aptechka-lifesystems-mountain-first-aid-kit\/#primaryimage\"},\"thumbnailUrl\":\"https:\/\/xstyle.md\/wp-content\/uploads\/2021\/04\/lifesystems-mountain-first-aid-kit.jpg\",\"datePublished\":\"2021-04-28T11:23:38+00:00\",\"dateModified\":\"2024-12-16T19:32:53+00:00\",\"description\":\"\u0410\u043f\u0442\u0435\u0447\u043a\u0430 Lifesystems Mountain - \u0432\u0430\u0448 \u043d\u0430\u0434\u0435\u0436\u043d\u044b\u0439 \u043f\u043e\u043c\u043e\u0449\u043d\u0438\u043a \u0432 \u0433\u043e\u0440\u0430\u0445! \u041f\u043e\u043b\u043d\u044b\u0439 \u043d\u0430\u0431\u043e\u0440 \u043f\u0435\u0440\u0432\u043e\u0439 \u043f\u043e\u043c\u043e\u0449\u0438 \u0434\u043b\u044f \u0431\u0435\u0437\u043e\u043f\u0430\u0441\u043d\u044b\u0445 \u043f\u0440\u0438\u043a\u043b\u044e\u0447\u0435\u043d\u0438\u0439. \u0411\u0443\u0434\u044c\u0442\u0435 \u0443\u0432\u0435\u0440\u0435\u043d\u044b \u0432 \u0431\u0435\u0437\u043e\u043f\u0430\u0441\u043d\u043e\u0441\u0442\u0438!\",\"breadcrumb\":{\"@id\":\"https:\/\/xstyle.md\/product\/aptechka-lifesystems-mountain-first-aid-kit\/#breadcrumb\"},\"inLanguage\":\"ro-RO\",\"potentialAction\":[{\"@type\":\"ReadAction\",\"target\":[\"https:\/\/xstyle.md\/product\/aptechka-lifesystems-mountain-first-aid-kit\/\"]}]},{\"@type\":\"ImageObject\",\"inLanguage\":\"ro-RO\",\"@id\":\"https:\/\/xstyle.md\/product\/aptechka-lifesystems-mountain-first-aid-kit\/#primaryimage\",\"url\":\"https:\/\/xstyle.md\/wp-content\/uploads\/2021\/04\/lifesystems-mountain-first-aid-kit.jpg\",\"contentUrl\":\"https:\/\/xstyle.md\/wp-content\/uploads\/2021\/04\/lifesystems-mountain-first-aid-kit.jpg\",\"width\":1200,\"height\":1200,\"caption\":\"\u0410\u043f\u0442\u0435\u0447\u043a\u0430 Lifesystems Mountain First Aid Kit \u0434\u043b\u044f \u0430\u043a\u0442\u0438\u0432\u043d\u043e\u0433\u043e \u043e\u0442\u0434\u044b\u0445\u0430, \u043f\u0443\u0442\u0435\u0448\u0435\u0441\u0442\u0432\u0438\u0439 \u0438 \u0433\u043e\u0440\u043d\u044b\u0445 \u043f\u043e\u0445\u043e\u0434\u043e\u0432 - \u044d\u043a\u0438\u043f\u0438\u0440\u043e\u0432\u043a\u0430 \u0434\u043b\u044f \u0442\u0443\u0440\u0438\u0437\u043c\u0430, \u043b\u044b\u0436, \u0445\u0430\u0439\u043a\u0438\u043d\u0433\u0430 \u0438 \u0430\u043b\u044c\u043f\u0438\u043d\u0438\u0437\u043c\u0430 \u0432 \u043e\u043d\u043b\u0430\u0439\u043d \u043c\u0430\u0433\u0430\u0437\u0438\u043d\u0435\"},{\"@type\":\"BreadcrumbList\",\"@id\":\"https:\/\/xstyle.md\/product\/aptechka-lifesystems-mountain-first-aid-kit\/#breadcrumb\",\"itemListElement\":[{\"@type\":\"ListItem\",\"position\":1,\"name\":\"\u0413\u043b\u0430\u0432\u043d\u0430\u044f \u0441\u0442\u0440\u0430\u043d\u0438\u0446\u0430\",\"item\":\"https:\/\/xstyle.md\/\"},{\"@type\":\"ListItem\",\"position\":2,\"name\":\"\u041c\u0430\u0433\u0430\u0437\u0438\u043d\",\"item\":\"https:\/\/xstyle.md\/shop\/\"},{\"@type\":\"ListItem\",\"position\":3,\"name\":\"\u0410\u043f\u0442\u0435\u0447\u043a\u0430 Lifesystems Mountain First Aid Kit\"}]},{\"@type\":\"WebSite\",\"@id\":\"https:\/\/xstyle.md\/#website\",\"url\":\"https:\/\/xstyle.md\/\",\"name\":\"\u041c\u0430\u0433\u0430\u0437\u0438\u043d Xstyle\",\"description\":\"C\u043d\u0430\u0440\u044f\u0436\u0435\u043d\u0438\u0435 \u0434\u043b\u044f \u0442\u0443\u0440\u0438\u0437\u043c\u0430 \u0438 \u044d\u043a\u0441\u0442\u0440\u0435\u043c\u0430\u043b\u044c\u043d\u044b\u0445 \u0432\u0438\u0434\u043e\u0432 \u0441\u043f\u043e\u0440\u0442\u0430 \u0432 \u041c\u043e\u043b\u0434\u043e\u0432\u0435.. \u0426\u0435\u043d\u044b, \u0444\u043e\u0442\u043e, \u0445\u0430\u0440\u0430\u043a\u0442\u0435\u0440\u0438\u0441\u0442\u0438\u043a\u0438 \u0432 \u041c\u043e\u043b\u0434\u043e\u0432\u0435.\",\"publisher\":{\"@id\":\"https:\/\/xstyle.md\/#organization\"},\"alternateName\":\"X-Style\",\"potentialAction\":[{\"@type\":\"SearchAction\",\"target\":{\"@type\":\"EntryPoint\",\"urlTemplate\":\"https:\/\/xstyle.md\/?s={search_term_string}\"},\"query-input\":{\"@type\":\"PropertyValueSpecification\",\"valueRequired\":true,\"valueName\":\"search_term_string\"}}],\"inLanguage\":\"ro-RO\"},{\"@type\":\"Organization\",\"@id\":\"https:\/\/xstyle.md\/#organization\",\"name\":\"\u041c\u0430\u0433\u0430\u0437\u0438\u043d Xstyle\",\"alternateName\":\"x-style\",\"url\":\"https:\/\/xstyle.md\/\",\"logo\":{\"@type\":\"ImageObject\",\"inLanguage\":\"ro-RO\",\"@id\":\"https:\/\/xstyle.md\/#\/schema\/logo\/image\/\",\"url\":\"https:\/\/xstyle.md\/wp-content\/uploads\/2020\/06\/logoicon.svg\",\"contentUrl\":\"https:\/\/xstyle.md\/wp-content\/uploads\/2020\/06\/logoicon.svg\",\"caption\":\"\u041c\u0430\u0433\u0430\u0437\u0438\u043d Xstyle\"},\"image\":{\"@id\":\"https:\/\/xstyle.md\/#\/schema\/logo\/image\/\"},\"sameAs\":[\"https:\/\/www.facebook.com\/xstylemd\",\"https:\/\/www.instagram.com\/xstyle_md\/\",\"https:\/\/t.me\/xstyle_outdoor\"],\"hasMerchantReturnPolicy\":{\"@type\":\"MerchantReturnPolicy\",\"merchantReturnLink\":\"https:\/\/xstyle.md\/ro\/conditions\/\"}}]}<\/script>\n<meta property=\"product:price:amount\" content=\"1100.00\" \/>\n<meta property=\"product:price:currency\" content=\"MDL\" \/>\n<meta property=\"og:availability\" content=\"instock\" \/>\n<meta property=\"product:availability\" content=\"instock\" \/>\n<meta property=\"product:retailer_item_id\" content=\"5031863010450\" \/>\n<meta property=\"product:condition\" content=\"new\" \/>\n<!-- \/ Yoast SEO plugin. -->","yoast_head_json":{"title":"Trus\u0103 prim ajutor Lifesystems Mountain First Aid Kit - Magazin Xstyle","description":"Trusa de prim ajutor Lifesystems Mountain - asistentul t\u0103u de \u00eencredere \u00een mun\u021bi! Set complet de prim-ajutor pentru aventuri \u00een siguran\u021b\u0103. Fii sigur de siguran\u021b\u0103!","robots":{"index":"index","follow":"follow","max-snippet":"max-snippet:-1","max-image-preview":"max-image-preview:large","max-video-preview":"max-video-preview:-1"},"canonical":"https:\/\/xstyle.md\/ro\/produs\/aptechka-lifesystems-mountain-first-aid-kit\/","og_locale":"ro_RO","og_type":"article","og_title":"\u0410\u043f\u0442\u0435\u0447\u043a\u0430 Lifesystems Mountain First Aid Kit - \u041c\u0430\u0433\u0430\u0437\u0438\u043d Xstyle","og_description":"\u0410\u043f\u0442\u0435\u0447\u043a\u0430 Lifesystems Mountain - \u0432\u0430\u0448 \u043d\u0430\u0434\u0435\u0436\u043d\u044b\u0439 \u043f\u043e\u043c\u043e\u0449\u043d\u0438\u043a \u0432 \u0433\u043e\u0440\u0430\u0445! \u041f\u043e\u043b\u043d\u044b\u0439 \u043d\u0430\u0431\u043e\u0440 \u043f\u0435\u0440\u0432\u043e\u0439 \u043f\u043e\u043c\u043e\u0449\u0438 \u0434\u043b\u044f \u0431\u0435\u0437\u043e\u043f\u0430\u0441\u043d\u044b\u0445 \u043f\u0440\u0438\u043a\u043b\u044e\u0447\u0435\u043d\u0438\u0439. \u0411\u0443\u0434\u044c\u0442\u0435 \u0443\u0432\u0435\u0440\u0435\u043d\u044b \u0432 \u0431\u0435\u0437\u043e\u043f\u0430\u0441\u043d\u043e\u0441\u0442\u0438!","og_url":"https:\/\/xstyle.md\/ro\/produs\/aptechka-lifesystems-mountain-first-aid-kit\/","og_site_name":"\u041c\u0430\u0433\u0430\u0437\u0438\u043d Xstyle","article_publisher":"https:\/\/www.facebook.com\/xstylemd","article_modified_time":"2024-12-16T19:32:53+00:00","og_image":[{"width":1200,"height":1200,"url":"https:\/\/xstyle.md\/wp-content\/uploads\/2021\/04\/lifesystems-mountain-first-aid-kit.jpg","type":"image\/jpeg"}],"twitter_card":"summary_large_image","twitter_misc":{"Pre\u021b":"1.100&nbsp;MDL","Disponibilitate":"\u00cen stoc"},"schema":{"@context":"https:\/\/schema.org","@graph":[{"@type":"WebPage","@id":"https:\/\/xstyle.md\/product\/aptechka-lifesystems-mountain-first-aid-kit\/","url":"https:\/\/xstyle.md\/product\/aptechka-lifesystems-mountain-first-aid-kit\/","name":"Trus\u0103 prim ajutor Lifesystems Mountain First Aid Kit - Magazin Xstyle","isPartOf":{"@id":"https:\/\/xstyle.md\/#website"},"primaryImageOfPage":{"@id":"https:\/\/xstyle.md\/product\/aptechka-lifesystems-mountain-first-aid-kit\/#primaryimage"},"image":{"@id":"https:\/\/xstyle.md\/product\/aptechka-lifesystems-mountain-first-aid-kit\/#primaryimage"},"thumbnailUrl":"https:\/\/xstyle.md\/wp-content\/uploads\/2021\/04\/lifesystems-mountain-first-aid-kit.jpg","datePublished":"2021-04-28T11:23:38+00:00","dateModified":"2024-12-16T19:32:53+00:00","description":"Trusa de prim ajutor Lifesystems Mountain - asistentul t\u0103u de \u00eencredere \u00een mun\u021bi! Set complet de prim-ajutor pentru aventuri \u00een siguran\u021b\u0103. Fii sigur de siguran\u021b\u0103!","breadcrumb":{"@id":"https:\/\/xstyle.md\/product\/aptechka-lifesystems-mountain-first-aid-kit\/#breadcrumb"},"inLanguage":"ro-RO","potentialAction":[{"@type":"ReadAction","target":["https:\/\/xstyle.md\/product\/aptechka-lifesystems-mountain-first-aid-kit\/"]}]},{"@type":"ImageObject","inLanguage":"ro-RO","@id":"https:\/\/xstyle.md\/product\/aptechka-lifesystems-mountain-first-aid-kit\/#primaryimage","url":"https:\/\/xstyle.md\/wp-content\/uploads\/2021\/04\/lifesystems-mountain-first-aid-kit.jpg","contentUrl":"https:\/\/xstyle.md\/wp-content\/uploads\/2021\/04\/lifesystems-mountain-first-aid-kit.jpg","width":1200,"height":1200,"caption":"\u0410\u043f\u0442\u0435\u0447\u043a\u0430 Lifesystems Mountain First Aid Kit \u0434\u043b\u044f \u0430\u043a\u0442\u0438\u0432\u043d\u043e\u0433\u043e \u043e\u0442\u0434\u044b\u0445\u0430, \u043f\u0443\u0442\u0435\u0448\u0435\u0441\u0442\u0432\u0438\u0439 \u0438 \u0433\u043e\u0440\u043d\u044b\u0445 \u043f\u043e\u0445\u043e\u0434\u043e\u0432 - \u044d\u043a\u0438\u043f\u0438\u0440\u043e\u0432\u043a\u0430 \u0434\u043b\u044f \u0442\u0443\u0440\u0438\u0437\u043c\u0430, \u043b\u044b\u0436, \u0445\u0430\u0439\u043a\u0438\u043d\u0433\u0430 \u0438 \u0430\u043b\u044c\u043f\u0438\u043d\u0438\u0437\u043c\u0430 \u0432 \u043e\u043d\u043b\u0430\u0439\u043d \u043c\u0430\u0433\u0430\u0437\u0438\u043d\u0435"},{"@type":"BreadcrumbList","@id":"https:\/\/xstyle.md\/product\/aptechka-lifesystems-mountain-first-aid-kit\/#breadcrumb","itemListElement":[{"@type":"ListItem","position":1,"name":"\u0413\u043b\u0430\u0432\u043d\u0430\u044f \u0441\u0442\u0440\u0430\u043d\u0438\u0446\u0430","item":"https:\/\/xstyle.md\/"},{"@type":"ListItem","position":2,"name":"\u041c\u0430\u0433\u0430\u0437\u0438\u043d","item":"https:\/\/xstyle.md\/shop\/"},{"@type":"ListItem","position":3,"name":"\u0410\u043f\u0442\u0435\u0447\u043a\u0430 Lifesystems Mountain First Aid Kit"}]},{"@type":"WebSite","@id":"https:\/\/xstyle.md\/#website","url":"https:\/\/xstyle.md\/","name":"Magazinul X-Style","description":"Echipamente pentru turism \u0219i sporturi extreme \u00een Moldova. Pre\u021buri, fotografii, caracteristici \u00een Moldova.","publisher":{"@id":"https:\/\/xstyle.md\/#organization"},"alternateName":"X-Style","potentialAction":[{"@type":"SearchAction","target":{"@type":"EntryPoint","urlTemplate":"https:\/\/xstyle.md\/?s={search_term_string}"},"query-input":{"@type":"PropertyValueSpecification","valueRequired":true,"valueName":"search_term_string"}}],"inLanguage":"ro-RO"},{"@type":"Organization","@id":"https:\/\/xstyle.md\/#organization","name":"Magazinul X-Style","alternateName":"x-style","url":"https:\/\/xstyle.md\/","logo":{"@type":"ImageObject","inLanguage":"ro-RO","@id":"https:\/\/xstyle.md\/#\/schema\/logo\/image\/","url":"https:\/\/xstyle.md\/wp-content\/uploads\/2020\/06\/logoicon.svg","contentUrl":"https:\/\/xstyle.md\/wp-content\/uploads\/2020\/06\/logoicon.svg","caption":"\u041c\u0430\u0433\u0430\u0437\u0438\u043d Xstyle"},"image":{"@id":"https:\/\/xstyle.md\/#\/schema\/logo\/image\/"},"sameAs":["https:\/\/www.facebook.com\/xstylemd","https:\/\/www.instagram.com\/xstyle_md\/","https:\/\/t.me\/xstyle_outdoor"],"hasMerchantReturnPolicy":{"@type":"MerchantReturnPolicy","merchantReturnLink":"https:\/\/xstyle.md\/ro\/conditions\/"}}]},"product_price_amount":"1100.00","product_price_currency":"MDL","og_availability":"instock","product_availability":"instock","product_retailer_item_id":"5031863010450","product_condition":"new"},"post_mailing_queue_ids":[],"_links":{"self":[{"href":"https:\/\/xstyle.md\/ro\/wp-json\/wp\/v2\/product\/30076","targetHints":{"allow":["GET"]}}],"collection":[{"href":"https:\/\/xstyle.md\/ro\/wp-json\/wp\/v2\/product"}],"about":[{"href":"https:\/\/xstyle.md\/ro\/wp-json\/wp\/v2\/types\/product"}],"replies":[{"embeddable":true,"href":"https:\/\/xstyle.md\/ro\/wp-json\/wp\/v2\/comments?post=30076"}],"wp:featuredmedia":[{"embeddable":true,"href":"https:\/\/xstyle.md\/ro\/wp-json\/wp\/v2\/media\/35823"}],"wp:attachment":[{"href":"https:\/\/xstyle.md\/ro\/wp-json\/wp\/v2\/media?parent=30076"}],"wp:term":[{"taxonomy":"product_brand","embeddable":true,"href":"https:\/\/xstyle.md\/ro\/wp-json\/wp\/v2\/product_brand?post=30076"},{"taxonomy":"product_cat","embeddable":true,"href":"https:\/\/xstyle.md\/ro\/wp-json\/wp\/v2\/product_cat?post=30076"},{"taxonomy":"product_tag","embeddable":true,"href":"https:\/\/xstyle.md\/ro\/wp-json\/wp\/v2\/product_tag?post=30076"}],"curies":[{"name":"wp","href":"https:\/\/api.w.org\/{rel}","templated":true}]}}