{"id":3005,"date":"2020-07-16T17:34:59","date_gmt":"2020-07-16T14:34:59","guid":{"rendered":"https:\/\/xstyle.md\/product\/palatka-pinguin-nimbus-4"},"modified":"2026-03-20T19:38:34","modified_gmt":"2026-03-20T16:38:34","slug":"palatka-pinguin-nimbus-4","status":"publish","type":"product","link":"https:\/\/xstyle.md\/ro\/produs\/palatka-pinguin-nimbus-4\/","title":{"rendered":"Cort Pinguin Nimbus 4"},"content":{"rendered":"<\/p>\n<p><strong>Cort Pinguin Nimbus 4<\/strong> &#8212; 4 persoane pentru familie, foarte spa\u021bios cu o suprafa\u021b\u0103 de 6.16 mp \u0219i cu 1 antreu generos. Structura cortului este realizat\u0103 din 4 bete de cort Durawrap (Fibra de sticla) cu diametrul de 11 \/ 13 mm. Cortul este foarte stabil datorit\u0103 faptului c\u0103 are 5 puncte de intersec\u021bie fiind astfel rezistent la v\u00e2nt \u0219i ploi.<\/p>\n<ul>\n<li>Exteriorul este realizat din poliester cu protec\u021bie UV, acoperit cu un strat de poliuretan care asigur\u0103 o impermeabilitate de 3000 mm coloana de ap\u0103. Interiorul, foarte respirabil, realizat din nylon RipStop foarte u\u0219or. Podeaua cortului este fabricat\u0103 din material cu rezisten\u021b\u0103 la ap\u0103 de 10 000 mm coloana de apa, acoperit\u0103 cu un strat de poliuretan.<\/li>\n<li>Spa\u021biul interior al cortului este prev\u0103zut cu suport din plas\u0103, \u00een zona tavanului, unde se pot depozita diferite lucruri. Ventila\u021bia cortului este asigurat\u0103 cu 4 orificii care asigur\u0103 respirabilitatea necesar\u0103.<\/li>\n<li>Se poate utiliza \u0219i f\u0103r\u0103 cortul interior, iar fermoarul care este cu dublu sens, are suplimentar ap\u0103r\u0103tor \u00eempotriva murd\u0103riei, apei sau \u00eenghe\u021bului.<\/li>\n<li>Dimensiunea desf\u0103\u0219urat\u0103 a cortului este de 450 x 300 x 200 (215) cm, iar dimensiunea pachetului este de 68 x 28 cm. Greutatea cortului este de 16.4 kg si 14.9 kg f\u0103r\u0103 cortul interior. Cortul prezint\u0103 2 intr\u0103ri \u0219i 1 antreu.<\/li>\n<li>cort de familie, foarte spa\u021bios, 6.16 mp<\/li>\n<li>structura din be\u021be de cort 4 durawrap, 11 \/ 13 mm diametrul<\/li>\n<li>exterior din poliester cu PU, impermeabilitate 3000 mm coloana de apa<\/li>\n<li>interior din nylon RipStop respirabil si podea cu impermeabilitate 10 000 mm coloana de apa<\/li>\n<li>structura interioara pentru organizarea lucrurilor<\/li>\n<li>ventila\u021bie asigurat\u0103 prin 4 orificii<\/li>\n<li>dimensiune desf\u0103\u0219urat\u0103, 450 x 300 x 200 (215) cm<\/li>\n<li>dimensiune pachet, 68 x 28 cm<\/li>\n<li>greutate, 16.4 kg (14.9 fara cortul interior)<\/li>\n<li>2 intr\u0103ri, 1 antreu<\/li>\n<\/ul>\n<p><\/p>","protected":false},"excerpt":{"rendered":"<p>Cort Pinguin Nimbus 4<\/p>","protected":false},"featured_media":27590,"comment_status":"open","ping_status":"closed","template":"","meta":{"_acf_changed":false,"inline_featured_image":false},"product_brand":[1263],"product_cat":[78],"product_tag":[],"class_list":{"0":"post-3005","1":"product","2":"type-product","3":"status-publish","4":"has-post-thumbnail","6":"product_brand-pinguin","7":"product_cat-camping-tents","9":"first","10":"instock","11":"shipping-taxable","12":"purchasable","13":"product-type-simple"},"acf":[],"yoast_head":"<!-- This site is optimized with the Yoast SEO plugin v27.2 - https:\/\/yoast.com\/product\/yoast-seo-wordpress\/ -->\n<title>\u041f\u0430\u043b\u0430\u0442\u043a\u0430 Pinguin Nimbus 4 - \u041c\u0430\u0433\u0430\u0437\u0438\u043d Xstyle<\/title>\n<meta name=\"description\" content=\"\u041f\u0430\u043b\u0430\u0442\u043a\u0430 Pinguin Nimbus 4 - \u0438\u0434\u0435\u0430\u043b\u044c\u043d\u044b\u0439 \u0432\u044b\u0431\u043e\u0440 \u0434\u043b\u044f \u0441\u0435\u043c\u044c\u0438! \u041f\u0440\u043e\u0441\u0442\u043e\u0440\u043d\u0430\u044f, 4-\u043c\u0435\u0441\u0442\u043d\u0430\u044f, \u0441 \u043d\u0430\u0434\u0435\u0436\u043d\u043e\u0439 \u043a\u043e\u043d\u0441\u0442\u0440\u0443\u043a\u0446\u0438\u0435\u0439 \u0438 \u043a\u043e\u043c\u0444\u043e\u0440\u0442\u043d\u044b\u043c \u0432\u0445\u043e\u0434\u043e\u043c. \u041e\u0442\u043b\u0438\u0447\u043d\u044b\u0439 \u043e\u0442\u0434\u044b\u0445 \u043d\u0430 \u043f\u0440\u0438\u0440\u043e\u0434\u0435!\" \/>\n<meta name=\"robots\" content=\"index, follow, max-snippet:-1, max-image-preview:large, max-video-preview:-1\" \/>\n<link rel=\"canonical\" href=\"https:\/\/xstyle.md\/ro\/produs\/palatka-pinguin-nimbus-4\/\" \/>\n<meta property=\"og:locale\" content=\"ro_RO\" \/>\n<meta property=\"og:type\" content=\"article\" \/>\n<meta property=\"og:title\" content=\"\u041f\u0430\u043b\u0430\u0442\u043a\u0430 Pinguin Nimbus 4 - \u041c\u0430\u0433\u0430\u0437\u0438\u043d Xstyle\" \/>\n<meta property=\"og:description\" content=\"\u041f\u0430\u043b\u0430\u0442\u043a\u0430 Pinguin Nimbus 4 - \u0438\u0434\u0435\u0430\u043b\u044c\u043d\u044b\u0439 \u0432\u044b\u0431\u043e\u0440 \u0434\u043b\u044f \u0441\u0435\u043c\u044c\u0438! \u041f\u0440\u043e\u0441\u0442\u043e\u0440\u043d\u0430\u044f, 4-\u043c\u0435\u0441\u0442\u043d\u0430\u044f, \u0441 \u043d\u0430\u0434\u0435\u0436\u043d\u043e\u0439 \u043a\u043e\u043d\u0441\u0442\u0440\u0443\u043a\u0446\u0438\u0435\u0439 \u0438 \u043a\u043e\u043c\u0444\u043e\u0440\u0442\u043d\u044b\u043c \u0432\u0445\u043e\u0434\u043e\u043c. \u041e\u0442\u043b\u0438\u0447\u043d\u044b\u0439 \u043e\u0442\u0434\u044b\u0445 \u043d\u0430 \u043f\u0440\u0438\u0440\u043e\u0434\u0435!\" \/>\n<meta property=\"og:url\" content=\"https:\/\/xstyle.md\/ro\/produs\/palatka-pinguin-nimbus-4\/\" \/>\n<meta property=\"og:site_name\" content=\"\u041c\u0430\u0433\u0430\u0437\u0438\u043d Xstyle\" \/>\n<meta property=\"article:publisher\" content=\"https:\/\/www.facebook.com\/xstylemd\" \/>\n<meta property=\"article:modified_time\" content=\"2026-03-20T16:38:34+00:00\" \/>\n<meta property=\"og:image\" content=\"https:\/\/xstyle.md\/wp-content\/uploads\/2021\/04\/163-500x500-1.jpg\" \/>\n\t<meta property=\"og:image:width\" content=\"500\" \/>\n\t<meta property=\"og:image:height\" content=\"500\" \/>\n\t<meta property=\"og:image:type\" content=\"image\/jpeg\" \/>\n<meta name=\"twitter:card\" content=\"summary_large_image\" \/>\n<meta name=\"twitter:label1\" content=\"Pre\u021b\" \/>\n\t<meta name=\"twitter:data1\" content=\"9.990&nbsp;MDL\" \/>\n\t<meta name=\"twitter:label2\" content=\"Disponibilitate\" \/>\n\t<meta name=\"twitter:data2\" content=\"\u00cen stoc\" \/>\n<script type=\"application\/ld+json\" class=\"yoast-schema-graph\">{\"@context\":\"https:\/\/schema.org\",\"@graph\":[{\"@type\":\"WebPage\",\"@id\":\"https:\/\/xstyle.md\/product\/palatka-pinguin-nimbus-4\/\",\"url\":\"https:\/\/xstyle.md\/product\/palatka-pinguin-nimbus-4\/\",\"name\":\"\u041f\u0430\u043b\u0430\u0442\u043a\u0430 Pinguin Nimbus 4 - \u041c\u0430\u0433\u0430\u0437\u0438\u043d Xstyle\",\"isPartOf\":{\"@id\":\"https:\/\/xstyle.md\/#website\"},\"primaryImageOfPage\":{\"@id\":\"https:\/\/xstyle.md\/product\/palatka-pinguin-nimbus-4\/#primaryimage\"},\"image\":{\"@id\":\"https:\/\/xstyle.md\/product\/palatka-pinguin-nimbus-4\/#primaryimage\"},\"thumbnailUrl\":\"https:\/\/xstyle.md\/wp-content\/uploads\/2021\/04\/163-500x500-1.jpg\",\"datePublished\":\"2020-07-16T14:34:59+00:00\",\"dateModified\":\"2026-03-20T16:38:34+00:00\",\"description\":\"\u041f\u0430\u043b\u0430\u0442\u043a\u0430 Pinguin Nimbus 4 - \u0438\u0434\u0435\u0430\u043b\u044c\u043d\u044b\u0439 \u0432\u044b\u0431\u043e\u0440 \u0434\u043b\u044f \u0441\u0435\u043c\u044c\u0438! \u041f\u0440\u043e\u0441\u0442\u043e\u0440\u043d\u0430\u044f, 4-\u043c\u0435\u0441\u0442\u043d\u0430\u044f, \u0441 \u043d\u0430\u0434\u0435\u0436\u043d\u043e\u0439 \u043a\u043e\u043d\u0441\u0442\u0440\u0443\u043a\u0446\u0438\u0435\u0439 \u0438 \u043a\u043e\u043c\u0444\u043e\u0440\u0442\u043d\u044b\u043c \u0432\u0445\u043e\u0434\u043e\u043c. \u041e\u0442\u043b\u0438\u0447\u043d\u044b\u0439 \u043e\u0442\u0434\u044b\u0445 \u043d\u0430 \u043f\u0440\u0438\u0440\u043e\u0434\u0435!\",\"breadcrumb\":{\"@id\":\"https:\/\/xstyle.md\/product\/palatka-pinguin-nimbus-4\/#breadcrumb\"},\"inLanguage\":\"ro-RO\",\"potentialAction\":[{\"@type\":\"ReadAction\",\"target\":[\"https:\/\/xstyle.md\/product\/palatka-pinguin-nimbus-4\/\"]}]},{\"@type\":\"ImageObject\",\"inLanguage\":\"ro-RO\",\"@id\":\"https:\/\/xstyle.md\/product\/palatka-pinguin-nimbus-4\/#primaryimage\",\"url\":\"https:\/\/xstyle.md\/wp-content\/uploads\/2021\/04\/163-500x500-1.jpg\",\"contentUrl\":\"https:\/\/xstyle.md\/wp-content\/uploads\/2021\/04\/163-500x500-1.jpg\",\"width\":500,\"height\":500},{\"@type\":\"BreadcrumbList\",\"@id\":\"https:\/\/xstyle.md\/product\/palatka-pinguin-nimbus-4\/#breadcrumb\",\"itemListElement\":[{\"@type\":\"ListItem\",\"position\":1,\"name\":\"\u0413\u043b\u0430\u0432\u043d\u0430\u044f \u0441\u0442\u0440\u0430\u043d\u0438\u0446\u0430\",\"item\":\"https:\/\/xstyle.md\/\"},{\"@type\":\"ListItem\",\"position\":2,\"name\":\"\u041c\u0430\u0433\u0430\u0437\u0438\u043d\",\"item\":\"https:\/\/xstyle.md\/shop\/\"},{\"@type\":\"ListItem\",\"position\":3,\"name\":\"\u041f\u0430\u043b\u0430\u0442\u043a\u0430 Pinguin Nimbus 4\"}]},{\"@type\":\"WebSite\",\"@id\":\"https:\/\/xstyle.md\/#website\",\"url\":\"https:\/\/xstyle.md\/\",\"name\":\"\u041c\u0430\u0433\u0430\u0437\u0438\u043d Xstyle\",\"description\":\"C\u043d\u0430\u0440\u044f\u0436\u0435\u043d\u0438\u0435 \u0434\u043b\u044f \u0442\u0443\u0440\u0438\u0437\u043c\u0430 \u0438 \u044d\u043a\u0441\u0442\u0440\u0435\u043c\u0430\u043b\u044c\u043d\u044b\u0445 \u0432\u0438\u0434\u043e\u0432 \u0441\u043f\u043e\u0440\u0442\u0430 \u0432 \u041c\u043e\u043b\u0434\u043e\u0432\u0435.. \u0426\u0435\u043d\u044b, \u0444\u043e\u0442\u043e, \u0445\u0430\u0440\u0430\u043a\u0442\u0435\u0440\u0438\u0441\u0442\u0438\u043a\u0438 \u0432 \u041c\u043e\u043b\u0434\u043e\u0432\u0435.\",\"publisher\":{\"@id\":\"https:\/\/xstyle.md\/#organization\"},\"alternateName\":\"X-Style\",\"potentialAction\":[{\"@type\":\"SearchAction\",\"target\":{\"@type\":\"EntryPoint\",\"urlTemplate\":\"https:\/\/xstyle.md\/?s={search_term_string}\"},\"query-input\":{\"@type\":\"PropertyValueSpecification\",\"valueRequired\":true,\"valueName\":\"search_term_string\"}}],\"inLanguage\":\"ro-RO\"},{\"@type\":\"Organization\",\"@id\":\"https:\/\/xstyle.md\/#organization\",\"name\":\"\u041c\u0430\u0433\u0430\u0437\u0438\u043d Xstyle\",\"alternateName\":\"x-style\",\"url\":\"https:\/\/xstyle.md\/\",\"logo\":{\"@type\":\"ImageObject\",\"inLanguage\":\"ro-RO\",\"@id\":\"https:\/\/xstyle.md\/#\/schema\/logo\/image\/\",\"url\":\"https:\/\/xstyle.md\/wp-content\/uploads\/2020\/06\/logoicon.svg\",\"contentUrl\":\"https:\/\/xstyle.md\/wp-content\/uploads\/2020\/06\/logoicon.svg\",\"caption\":\"\u041c\u0430\u0433\u0430\u0437\u0438\u043d Xstyle\"},\"image\":{\"@id\":\"https:\/\/xstyle.md\/#\/schema\/logo\/image\/\"},\"sameAs\":[\"https:\/\/www.facebook.com\/xstylemd\",\"https:\/\/www.instagram.com\/xstyle_md\/\",\"https:\/\/t.me\/xstyle_outdoor\"],\"hasMerchantReturnPolicy\":{\"@type\":\"MerchantReturnPolicy\",\"merchantReturnLink\":\"https:\/\/xstyle.md\/ro\/conditions\/\"}}]}<\/script>\n<meta property=\"product:price:amount\" content=\"9990.00\" \/>\n<meta property=\"product:price:currency\" content=\"MDL\" \/>\n<meta property=\"og:availability\" content=\"instock\" \/>\n<meta property=\"product:availability\" content=\"instock\" \/>\n<meta property=\"product:retailer_item_id\" content=\"8592638144444\" \/>\n<meta property=\"product:condition\" content=\"new\" \/>\n<!-- \/ Yoast SEO plugin. -->","yoast_head_json":{"title":"Cort Pinguin Nimbus 4 - Magazin Xstyle","description":"Cortul Pinguin Nimbus 4 - alegerea ideal\u0103 pentru familie! Spa\u021bios, pentru 4 persoane, cu o construc\u021bie fiabil\u0103 \u0219i o intrare comfortabil\u0103. O odihn\u0103 grozav\u0103 \u00een natur\u0103!","robots":{"index":"index","follow":"follow","max-snippet":"max-snippet:-1","max-image-preview":"max-image-preview:large","max-video-preview":"max-video-preview:-1"},"canonical":"https:\/\/xstyle.md\/ro\/produs\/palatka-pinguin-nimbus-4\/","og_locale":"ro_RO","og_type":"article","og_title":"\u041f\u0430\u043b\u0430\u0442\u043a\u0430 Pinguin Nimbus 4 - \u041c\u0430\u0433\u0430\u0437\u0438\u043d Xstyle","og_description":"\u041f\u0430\u043b\u0430\u0442\u043a\u0430 Pinguin Nimbus 4 - \u0438\u0434\u0435\u0430\u043b\u044c\u043d\u044b\u0439 \u0432\u044b\u0431\u043e\u0440 \u0434\u043b\u044f \u0441\u0435\u043c\u044c\u0438! \u041f\u0440\u043e\u0441\u0442\u043e\u0440\u043d\u0430\u044f, 4-\u043c\u0435\u0441\u0442\u043d\u0430\u044f, \u0441 \u043d\u0430\u0434\u0435\u0436\u043d\u043e\u0439 \u043a\u043e\u043d\u0441\u0442\u0440\u0443\u043a\u0446\u0438\u0435\u0439 \u0438 \u043a\u043e\u043c\u0444\u043e\u0440\u0442\u043d\u044b\u043c \u0432\u0445\u043e\u0434\u043e\u043c. \u041e\u0442\u043b\u0438\u0447\u043d\u044b\u0439 \u043e\u0442\u0434\u044b\u0445 \u043d\u0430 \u043f\u0440\u0438\u0440\u043e\u0434\u0435!","og_url":"https:\/\/xstyle.md\/ro\/produs\/palatka-pinguin-nimbus-4\/","og_site_name":"\u041c\u0430\u0433\u0430\u0437\u0438\u043d Xstyle","article_publisher":"https:\/\/www.facebook.com\/xstylemd","article_modified_time":"2026-03-20T16:38:34+00:00","og_image":[{"width":500,"height":500,"url":"https:\/\/xstyle.md\/wp-content\/uploads\/2021\/04\/163-500x500-1.jpg","type":"image\/jpeg"}],"twitter_card":"summary_large_image","twitter_misc":{"Pre\u021b":"9.990&nbsp;MDL","Disponibilitate":"\u00cen stoc"},"schema":{"@context":"https:\/\/schema.org","@graph":[{"@type":"WebPage","@id":"https:\/\/xstyle.md\/product\/palatka-pinguin-nimbus-4\/","url":"https:\/\/xstyle.md\/product\/palatka-pinguin-nimbus-4\/","name":"Cort Pinguin Nimbus 4 - Magazin Xstyle","isPartOf":{"@id":"https:\/\/xstyle.md\/#website"},"primaryImageOfPage":{"@id":"https:\/\/xstyle.md\/product\/palatka-pinguin-nimbus-4\/#primaryimage"},"image":{"@id":"https:\/\/xstyle.md\/product\/palatka-pinguin-nimbus-4\/#primaryimage"},"thumbnailUrl":"https:\/\/xstyle.md\/wp-content\/uploads\/2021\/04\/163-500x500-1.jpg","datePublished":"2020-07-16T14:34:59+00:00","dateModified":"2026-03-20T16:38:34+00:00","description":"Cortul Pinguin Nimbus 4 - alegerea ideal\u0103 pentru familie! Spa\u021bios, pentru 4 persoane, cu o construc\u021bie fiabil\u0103 \u0219i o intrare comfortabil\u0103. O odihn\u0103 grozav\u0103 \u00een natur\u0103!","breadcrumb":{"@id":"https:\/\/xstyle.md\/product\/palatka-pinguin-nimbus-4\/#breadcrumb"},"inLanguage":"ro-RO","potentialAction":[{"@type":"ReadAction","target":["https:\/\/xstyle.md\/product\/palatka-pinguin-nimbus-4\/"]}]},{"@type":"ImageObject","inLanguage":"ro-RO","@id":"https:\/\/xstyle.md\/product\/palatka-pinguin-nimbus-4\/#primaryimage","url":"https:\/\/xstyle.md\/wp-content\/uploads\/2021\/04\/163-500x500-1.jpg","contentUrl":"https:\/\/xstyle.md\/wp-content\/uploads\/2021\/04\/163-500x500-1.jpg","width":500,"height":500},{"@type":"BreadcrumbList","@id":"https:\/\/xstyle.md\/product\/palatka-pinguin-nimbus-4\/#breadcrumb","itemListElement":[{"@type":"ListItem","position":1,"name":"\u0413\u043b\u0430\u0432\u043d\u0430\u044f \u0441\u0442\u0440\u0430\u043d\u0438\u0446\u0430","item":"https:\/\/xstyle.md\/"},{"@type":"ListItem","position":2,"name":"\u041c\u0430\u0433\u0430\u0437\u0438\u043d","item":"https:\/\/xstyle.md\/shop\/"},{"@type":"ListItem","position":3,"name":"\u041f\u0430\u043b\u0430\u0442\u043a\u0430 Pinguin Nimbus 4"}]},{"@type":"WebSite","@id":"https:\/\/xstyle.md\/#website","url":"https:\/\/xstyle.md\/","name":"Magazinul X-Style","description":"Echipamente pentru turism \u0219i sporturi extreme \u00een Moldova. Pre\u021buri, fotografii, caracteristici \u00een Moldova.","publisher":{"@id":"https:\/\/xstyle.md\/#organization"},"alternateName":"X-Style","potentialAction":[{"@type":"SearchAction","target":{"@type":"EntryPoint","urlTemplate":"https:\/\/xstyle.md\/?s={search_term_string}"},"query-input":{"@type":"PropertyValueSpecification","valueRequired":true,"valueName":"search_term_string"}}],"inLanguage":"ro-RO"},{"@type":"Organization","@id":"https:\/\/xstyle.md\/#organization","name":"Magazinul X-Style","alternateName":"x-style","url":"https:\/\/xstyle.md\/","logo":{"@type":"ImageObject","inLanguage":"ro-RO","@id":"https:\/\/xstyle.md\/#\/schema\/logo\/image\/","url":"https:\/\/xstyle.md\/wp-content\/uploads\/2020\/06\/logoicon.svg","contentUrl":"https:\/\/xstyle.md\/wp-content\/uploads\/2020\/06\/logoicon.svg","caption":"\u041c\u0430\u0433\u0430\u0437\u0438\u043d Xstyle"},"image":{"@id":"https:\/\/xstyle.md\/#\/schema\/logo\/image\/"},"sameAs":["https:\/\/www.facebook.com\/xstylemd","https:\/\/www.instagram.com\/xstyle_md\/","https:\/\/t.me\/xstyle_outdoor"],"hasMerchantReturnPolicy":{"@type":"MerchantReturnPolicy","merchantReturnLink":"https:\/\/xstyle.md\/ro\/conditions\/"}}]},"product_price_amount":"9990.00","product_price_currency":"MDL","og_availability":"instock","product_availability":"instock","product_retailer_item_id":"8592638144444","product_condition":"new"},"post_mailing_queue_ids":[],"_links":{"self":[{"href":"https:\/\/xstyle.md\/ro\/wp-json\/wp\/v2\/product\/3005","targetHints":{"allow":["GET"]}}],"collection":[{"href":"https:\/\/xstyle.md\/ro\/wp-json\/wp\/v2\/product"}],"about":[{"href":"https:\/\/xstyle.md\/ro\/wp-json\/wp\/v2\/types\/product"}],"replies":[{"embeddable":true,"href":"https:\/\/xstyle.md\/ro\/wp-json\/wp\/v2\/comments?post=3005"}],"wp:featuredmedia":[{"embeddable":true,"href":"https:\/\/xstyle.md\/ro\/wp-json\/wp\/v2\/media\/27590"}],"wp:attachment":[{"href":"https:\/\/xstyle.md\/ro\/wp-json\/wp\/v2\/media?parent=3005"}],"wp:term":[{"taxonomy":"product_brand","embeddable":true,"href":"https:\/\/xstyle.md\/ro\/wp-json\/wp\/v2\/product_brand?post=3005"},{"taxonomy":"product_cat","embeddable":true,"href":"https:\/\/xstyle.md\/ro\/wp-json\/wp\/v2\/product_cat?post=3005"},{"taxonomy":"product_tag","embeddable":true,"href":"https:\/\/xstyle.md\/ro\/wp-json\/wp\/v2\/product_tag?post=3005"}],"curies":[{"name":"wp","href":"https:\/\/api.w.org\/{rel}","templated":true}]}}