{"id":30030,"date":"2021-04-28T14:21:43","date_gmt":"2021-04-28T11:21:43","guid":{"rendered":"https:\/\/xstyle.md\/product\/kreplenie-dlja-velosipeda-thule-upride\/"},"modified":"2026-03-04T12:22:19","modified_gmt":"2026-03-04T09:22:19","slug":"kreplenie-dlja-velosipeda-thule-upride","status":"publish","type":"product","link":"https:\/\/xstyle.md\/ro\/produs\/kreplenie-dlja-velosipeda-thule-upride\/","title":{"rendered":"Suport biciclet\u0103 Thule UpRide"},"content":{"rendered":"<\/p>\n<p><strong>Suportul pentru biciclete Thule ProRide 598<\/strong>&#8212; se monteaz\u0103 pe barele transversale. Se instaleaz\u0103 rapid pe bare \u0219i se fixeaz\u0103 \u00een c\u00e2teva clipe. \u00ce\u0219i \u00eendeplinesc func\u021biile 100%, asigur\u00e2nd o str\u00e2ngere puternic\u0103 pe acoperi\u0219ul ma\u0219inii.<\/p>\n<p>Este una dintre cele mai v\u00e2ndute suporturi de fixare pe acoperi\u0219 pentru biciclete. Materiale excelente de design \u0219i calitate &#8212; o combina\u021bie excelent\u0103 a acestui model. Proiectat pentru orice ma\u0219in\u0103.<\/p>\n<p>\u00cen acest model, s-au f\u0103cut urm\u0103toarele \u00eembun\u0103t\u0103\u021biri &#8212; s-a modificat forma prinderii cadrului, partea inferioar\u0103 a fost extins\u0103 pentru a preveni c\u0103derea bicicletei \u00een timpul instal\u0103rii. Bara de instalare a ro\u021bii a fost schimbat\u0103, acum ajusteaz\u0103 automat pozi\u021bia corect\u0103 a ro\u021bii, ceea ce permite fixarea bicicletei cu mai pu\u021bin efort.<\/p>\n<p>Acum pute\u021bi instala fatbik-uri &#8212; o biciclet\u0103 cu anvelope groase. Centurile de sus\u021binere Thule 598, care acoper\u0103 roata, sunt amplasate \u00een raport cu ea, nu \u00een unghi drept, ci \u00een diagonal\u0103, care este conceput pentru a \u00eempiedica oscila\u021bia ro\u021bii din fa\u021b\u0103.\u00a0 A devenit mult mai u\u0219or s\u0103 remonta\u021bi sistemul de fixare de la pasager \u00een partea \u0219oferului (de la st\u00e2nga la dreapta \u0219i invers), nu este nevoie s\u0103 folosi\u021bi unelte speciale, sunt destule instrumentele pe care le ave\u021bi la \u00eendem\u00e2n\u0103 \u0219i aceast\u0103 opera\u021bie va dura doar c\u00e2teva secunde. A fost schimbat m\u00e2nerul de str\u00e2ngere a cadrului bicicletei, a fost echipat\u0103 cu un limitator.<\/p>\n<p>Compania creeaz\u00e3 produsele de cea mai \u00eenalt\u00e3 clas\u00e3, care este r\u00e3sp\u00eendit\u00e3 prin calitate superioar\u00e3, siguran\u021b\u00e3, simplitate prin utilizare \u015fi aspect robust. Compania suedez\u00e3 Thule produce boxe \u015fi alte accesorii pentru automobil dup\u00e3 cele mai inovative tehnologii. Toate produsele trec un control minu\u0163ios \u00een diverse condi\u021bii, pentru ca Dvs s\u00e3 fi\u0163i convin\u015fi de profesionalismul s\u00e3u.<\/p>\n<p>Garan\u021bia oficial\u00e3 de la produc\u00e3tor se r\u00e3sp\u00e2nde\u015fte asupra tuturor produselor Thule \u015fi este valabil\u0103 5 ani.<\/p>\n<h3>Specificatii<\/h3>\n<ul>\n<li>Monta\u021bi automat bicicleta \u00een momentul fix\u0103rii, datorit\u0103 designului unic al suportului cadrului \u0219i al ro\u021bilor Blocarea u\u0219oar\u0103 \u0219i rapid\u0103 a bicicletei &#8212; scara limitatorului controleaz\u0103 for\u021ba aplicat\u0103 cadrului cu un semn evident de instalare adecvat\u0103<\/li>\n<li>Presiunea este distribuit\u0103 uniform pe suporturi moi care se adapteaz\u0103 tuburilor cadrului bicicletei, reduc\u00e2nd la minimum riscul de deteriorare a acesteia<\/li>\n<li>Instalare fiabil\u0103 &#8212; partea inferioar\u0103 extins\u0103 a unei agrafe nu va permite c\u0103derea bicicletei<\/li>\n<li>Ro\u021bi fixe &#8212; \u00eenchise \u00een siguran\u021b\u0103 \u00een suporturile pentru ro\u021bi, cu bretele fixate diagonal cu eliberare rapid\u0103.<\/li>\n<li>Proiectare convenabil\u0103 pentru transferul de suporturi dintr-o parte a ma\u0219inii \u00een cealalt\u0103 f\u0103r\u0103 scule, nu sunt necesare unelte<\/li>\n<li>Fixa\u021bi bicicleta pe acoperi\u0219 \u0219i monta\u021bi-o singuri pe suportul pentru acoperi\u0219 (\u00eencuietori incluse)<\/li>\n<\/ul>\n<h3>Caracteristici<\/h3>\n<ul>\n<li>Sarcin\u0103 util\u0103 &#8212; 20 kg<\/li>\n<li>Dimensiuni &#8212; 145 x 32 x 8,5 cm<\/li>\n<li>Greutate &#8212; 4,2 kg<\/li>\n<li>Dimensiunile compatibile ale ramelor rotunde &#8212; 22-80 mm<\/li>\n<li>Dimensiunile maxime compatibile ale ramelor ovale &#8212; 80 x 100 mm<\/li>\n<li>Compatibilitatea axei \u2013 Da<\/li>\n<li>Potrivit pentru rame de carbon &#8212; Da, este necesar un adaptor de protec\u021bie pentru cadru Thule Carbon<\/li>\n<li>Potrivit pentru acoperi\u0219uri \u00een forma unui T 20 \u00d7 20 mm &#8212; Da<\/li>\n<li>Potrivit pentru acoperi\u0219uri \u00een forma unui T 24 \u00d7 30 mm &#8212; Da, este necesar Thule T-track Adaptor 889-1<\/li>\n<li>Potrivit pentru Thule SquareBar &#8212; Da, este necesar Thule ProRide SquareBar Adaptor<\/li>\n<li>Compatibil cu sistemul ONE KEY SYSTEM &#8212; Da<\/li>\n<\/ul>\n<p><\/p>","protected":false},"excerpt":{"rendered":"<p>Suport biciclet\u0103 Thule UpRide<\/p>","protected":false},"featured_media":30022,"comment_status":"open","ping_status":"closed","template":"","meta":{"_acf_changed":false,"inline_featured_image":false},"product_brand":[1269],"product_cat":[262],"product_tag":[],"class_list":{"0":"post-30030","1":"product","2":"type-product","3":"status-publish","4":"has-post-thumbnail","6":"product_brand-thule","7":"product_cat-pe-acoperisul","9":"first","10":"instock","11":"shipping-taxable","12":"purchasable","13":"product-type-simple"},"acf":[],"yoast_head":"<!-- This site is optimized with the Yoast SEO plugin v27.4 - https:\/\/yoast.com\/product\/yoast-seo-wordpress\/ -->\n<title>\u041a\u0440\u0435\u043f\u043b\u0435\u043d\u0438\u0435 \u0434\u043b\u044f \u0432\u0435\u043b\u043e\u0441\u0438\u043f\u0435\u0434\u0430 Thule UpRide - \u041c\u0430\u0433\u0430\u0437\u0438\u043d Xstyle<\/title>\n<meta name=\"description\" content=\"\u041a\u0440\u0435\u043f\u043b\u0435\u043d\u0438\u0435 Thule UpRide \u0438\u0434\u0435\u0430\u043b\u044c\u043d\u043e \u0434\u043b\u044f \u0432\u0435\u043b\u043e\u0441\u0438\u043f\u0435\u0434\u043e\u0432 20-29 \u0434\u044e\u0439\u043c\u043e\u0432. \u041b\u0435\u0433\u043a\u043e \u0443\u0441\u0442\u0430\u043d\u0430\u0432\u043b\u0438\u0432\u0430\u0435\u0442\u0441\u044f, \u043f\u043e\u0434\u0434\u0435\u0440\u0436\u0438\u0432\u0430\u0435\u0442 \u0434\u043e 20 \u043a\u0433. \u041f\u043e\u0434\u043e\u0439\u0434\u0435\u0442 \u0434\u043b\u044f \u0432\u0441\u0435\u0445 \u0442\u0438\u043f\u043e\u0432 \u0431\u0430\u0433\u0430\u0436\u043d\u0438\u043a\u043e\u0432 Thule.\" \/>\n<meta name=\"robots\" content=\"index, follow, max-snippet:-1, max-image-preview:large, max-video-preview:-1\" \/>\n<link rel=\"canonical\" href=\"https:\/\/xstyle.md\/ro\/produs\/kreplenie-dlja-velosipeda-thule-upride\/\" \/>\n<meta property=\"og:locale\" content=\"ro_RO\" \/>\n<meta property=\"og:type\" content=\"article\" \/>\n<meta property=\"og:title\" content=\"\u041a\u0440\u0435\u043f\u043b\u0435\u043d\u0438\u0435 \u0434\u043b\u044f \u0432\u0435\u043b\u043e\u0441\u0438\u043f\u0435\u0434\u0430 Thule UpRide - \u041c\u0430\u0433\u0430\u0437\u0438\u043d Xstyle\" \/>\n<meta property=\"og:description\" content=\"\u041a\u0440\u0435\u043f\u043b\u0435\u043d\u0438\u0435 Thule UpRide \u0438\u0434\u0435\u0430\u043b\u044c\u043d\u043e \u0434\u043b\u044f \u0432\u0435\u043b\u043e\u0441\u0438\u043f\u0435\u0434\u043e\u0432 20-29 \u0434\u044e\u0439\u043c\u043e\u0432. \u041b\u0435\u0433\u043a\u043e \u0443\u0441\u0442\u0430\u043d\u0430\u0432\u043b\u0438\u0432\u0430\u0435\u0442\u0441\u044f, \u043f\u043e\u0434\u0434\u0435\u0440\u0436\u0438\u0432\u0430\u0435\u0442 \u0434\u043e 20 \u043a\u0433. \u041f\u043e\u0434\u043e\u0439\u0434\u0435\u0442 \u0434\u043b\u044f \u0432\u0441\u0435\u0445 \u0442\u0438\u043f\u043e\u0432 \u0431\u0430\u0433\u0430\u0436\u043d\u0438\u043a\u043e\u0432 Thule.\" \/>\n<meta property=\"og:url\" content=\"https:\/\/xstyle.md\/ro\/produs\/kreplenie-dlja-velosipeda-thule-upride\/\" \/>\n<meta property=\"og:site_name\" content=\"\u041c\u0430\u0433\u0430\u0437\u0438\u043d Xstyle\" \/>\n<meta property=\"article:publisher\" content=\"https:\/\/www.facebook.com\/xstylemd\" \/>\n<meta property=\"article:modified_time\" content=\"2026-03-04T09:22:19+00:00\" \/>\n<meta property=\"og:image\" content=\"https:\/\/xstyle.md\/wp-content\/uploads\/2021\/04\/thule_upride-1.jpg\" \/>\n\t<meta property=\"og:image:width\" content=\"1800\" \/>\n\t<meta property=\"og:image:height\" content=\"1190\" \/>\n\t<meta property=\"og:image:type\" content=\"image\/jpeg\" \/>\n<meta name=\"twitter:card\" content=\"summary_large_image\" \/>\n<meta name=\"twitter:label1\" content=\"Pre\u021b\" \/>\n\t<meta name=\"twitter:data1\" content=\"6.290&nbsp;MDL\" \/>\n\t<meta name=\"twitter:label2\" content=\"Disponibilitate\" \/>\n\t<meta name=\"twitter:data2\" content=\"\u00cen stoc\" \/>\n<script type=\"application\/ld+json\" class=\"yoast-schema-graph\">{\"@context\":\"https:\\\/\\\/schema.org\",\"@graph\":[{\"@type\":\"WebPage\",\"@id\":\"https:\\\/\\\/xstyle.md\\\/product\\\/kreplenie-dlja-velosipeda-thule-upride\\\/\",\"url\":\"https:\\\/\\\/xstyle.md\\\/product\\\/kreplenie-dlja-velosipeda-thule-upride\\\/\",\"name\":\"\u041a\u0440\u0435\u043f\u043b\u0435\u043d\u0438\u0435 \u0434\u043b\u044f \u0432\u0435\u043b\u043e\u0441\u0438\u043f\u0435\u0434\u0430 Thule UpRide - \u041c\u0430\u0433\u0430\u0437\u0438\u043d Xstyle\",\"isPartOf\":{\"@id\":\"https:\\\/\\\/xstyle.md\\\/#website\"},\"primaryImageOfPage\":{\"@id\":\"https:\\\/\\\/xstyle.md\\\/product\\\/kreplenie-dlja-velosipeda-thule-upride\\\/#primaryimage\"},\"image\":{\"@id\":\"https:\\\/\\\/xstyle.md\\\/product\\\/kreplenie-dlja-velosipeda-thule-upride\\\/#primaryimage\"},\"thumbnailUrl\":\"https:\\\/\\\/xstyle.md\\\/wp-content\\\/uploads\\\/2021\\\/04\\\/thule_upride-1.jpg\",\"datePublished\":\"2021-04-28T11:21:43+00:00\",\"dateModified\":\"2026-03-04T09:22:19+00:00\",\"description\":\"\u041a\u0440\u0435\u043f\u043b\u0435\u043d\u0438\u0435 Thule UpRide \u0438\u0434\u0435\u0430\u043b\u044c\u043d\u043e \u0434\u043b\u044f \u0432\u0435\u043b\u043e\u0441\u0438\u043f\u0435\u0434\u043e\u0432 20-29 \u0434\u044e\u0439\u043c\u043e\u0432. \u041b\u0435\u0433\u043a\u043e \u0443\u0441\u0442\u0430\u043d\u0430\u0432\u043b\u0438\u0432\u0430\u0435\u0442\u0441\u044f, \u043f\u043e\u0434\u0434\u0435\u0440\u0436\u0438\u0432\u0430\u0435\u0442 \u0434\u043e 20 \u043a\u0433. \u041f\u043e\u0434\u043e\u0439\u0434\u0435\u0442 \u0434\u043b\u044f \u0432\u0441\u0435\u0445 \u0442\u0438\u043f\u043e\u0432 \u0431\u0430\u0433\u0430\u0436\u043d\u0438\u043a\u043e\u0432 Thule.\",\"breadcrumb\":{\"@id\":\"https:\\\/\\\/xstyle.md\\\/product\\\/kreplenie-dlja-velosipeda-thule-upride\\\/#breadcrumb\"},\"inLanguage\":\"ro-RO\",\"potentialAction\":[{\"@type\":\"ReadAction\",\"target\":[\"https:\\\/\\\/xstyle.md\\\/product\\\/kreplenie-dlja-velosipeda-thule-upride\\\/\"]}]},{\"@type\":\"ImageObject\",\"inLanguage\":\"ro-RO\",\"@id\":\"https:\\\/\\\/xstyle.md\\\/product\\\/kreplenie-dlja-velosipeda-thule-upride\\\/#primaryimage\",\"url\":\"https:\\\/\\\/xstyle.md\\\/wp-content\\\/uploads\\\/2021\\\/04\\\/thule_upride-1.jpg\",\"contentUrl\":\"https:\\\/\\\/xstyle.md\\\/wp-content\\\/uploads\\\/2021\\\/04\\\/thule_upride-1.jpg\",\"width\":1800,\"height\":1190},{\"@type\":\"BreadcrumbList\",\"@id\":\"https:\\\/\\\/xstyle.md\\\/product\\\/kreplenie-dlja-velosipeda-thule-upride\\\/#breadcrumb\",\"itemListElement\":[{\"@type\":\"ListItem\",\"position\":1,\"name\":\"\u0413\u043b\u0430\u0432\u043d\u0430\u044f \u0441\u0442\u0440\u0430\u043d\u0438\u0446\u0430\",\"item\":\"https:\\\/\\\/xstyle.md\\\/\"},{\"@type\":\"ListItem\",\"position\":2,\"name\":\"\u041c\u0430\u0433\u0430\u0437\u0438\u043d\",\"item\":\"https:\\\/\\\/xstyle.md\\\/shop\\\/\"},{\"@type\":\"ListItem\",\"position\":3,\"name\":\"\u041a\u0440\u0435\u043f\u043b\u0435\u043d\u0438\u0435 \u0434\u043b\u044f \u0432\u0435\u043b\u043e\u0441\u0438\u043f\u0435\u0434\u0430 Thule UpRide\"}]},{\"@type\":\"WebSite\",\"@id\":\"https:\\\/\\\/xstyle.md\\\/#website\",\"url\":\"https:\\\/\\\/xstyle.md\\\/\",\"name\":\"\u041c\u0430\u0433\u0430\u0437\u0438\u043d Xstyle\",\"description\":\"C\u043d\u0430\u0440\u044f\u0436\u0435\u043d\u0438\u0435 \u0434\u043b\u044f \u0442\u0443\u0440\u0438\u0437\u043c\u0430 \u0438 \u044d\u043a\u0441\u0442\u0440\u0435\u043c\u0430\u043b\u044c\u043d\u044b\u0445 \u0432\u0438\u0434\u043e\u0432 \u0441\u043f\u043e\u0440\u0442\u0430 \u0432 \u041c\u043e\u043b\u0434\u043e\u0432\u0435.. \u0426\u0435\u043d\u044b, \u0444\u043e\u0442\u043e, \u0445\u0430\u0440\u0430\u043a\u0442\u0435\u0440\u0438\u0441\u0442\u0438\u043a\u0438 \u0432 \u041c\u043e\u043b\u0434\u043e\u0432\u0435.\",\"publisher\":{\"@id\":\"https:\\\/\\\/xstyle.md\\\/#organization\"},\"alternateName\":\"X-Style\",\"potentialAction\":[{\"@type\":\"SearchAction\",\"target\":{\"@type\":\"EntryPoint\",\"urlTemplate\":\"https:\\\/\\\/xstyle.md\\\/?s={search_term_string}\"},\"query-input\":{\"@type\":\"PropertyValueSpecification\",\"valueRequired\":true,\"valueName\":\"search_term_string\"}}],\"inLanguage\":\"ro-RO\"},{\"@type\":\"Organization\",\"@id\":\"https:\\\/\\\/xstyle.md\\\/#organization\",\"name\":\"\u041c\u0430\u0433\u0430\u0437\u0438\u043d Xstyle\",\"alternateName\":\"x-style\",\"url\":\"https:\\\/\\\/xstyle.md\\\/\",\"logo\":{\"@type\":\"ImageObject\",\"inLanguage\":\"ro-RO\",\"@id\":\"https:\\\/\\\/xstyle.md\\\/#\\\/schema\\\/logo\\\/image\\\/\",\"url\":\"https:\\\/\\\/xstyle.md\\\/wp-content\\\/uploads\\\/2020\\\/06\\\/logoicon.svg\",\"contentUrl\":\"https:\\\/\\\/xstyle.md\\\/wp-content\\\/uploads\\\/2020\\\/06\\\/logoicon.svg\",\"caption\":\"\u041c\u0430\u0433\u0430\u0437\u0438\u043d Xstyle\"},\"image\":{\"@id\":\"https:\\\/\\\/xstyle.md\\\/#\\\/schema\\\/logo\\\/image\\\/\"},\"sameAs\":[\"https:\\\/\\\/www.facebook.com\\\/xstylemd\",\"https:\\\/\\\/www.instagram.com\\\/xstyle_md\\\/\",\"https:\\\/\\\/t.me\\\/xstyle_outdoor\"],\"hasMerchantReturnPolicy\":{\"@type\":\"MerchantReturnPolicy\",\"merchantReturnLink\":\"https:\\\/\\\/xstyle.md\\\/ro\\\/conditions\\\/\"}}]}<\/script>\n<meta property=\"product:price:amount\" content=\"6290.00\" \/>\n<meta property=\"product:price:currency\" content=\"MDL\" \/>\n<meta property=\"og:availability\" content=\"instock\" \/>\n<meta property=\"product:availability\" content=\"instock\" \/>\n<meta property=\"product:retailer_item_id\" content=\"91021831711\" \/>\n<meta property=\"product:condition\" content=\"new\" \/>\n<!-- \/ Yoast SEO plugin. -->","yoast_head_json":{"title":"Suport biciclet\u0103 Thule ProRide 598 Black - Magazin Xstyle","description":"Prinderea Thule UpRide este ideal\u0103 pentru biciclete de 20-29 inci. Se instaleaz\u0103 u\u0219or, suport\u0103 p\u00e2n\u0103 la 20 kg. Se potrive\u0219te pentru toate tipurile de suporturi Thule.","robots":{"index":"index","follow":"follow","max-snippet":"max-snippet:-1","max-image-preview":"max-image-preview:large","max-video-preview":"max-video-preview:-1"},"canonical":"https:\/\/xstyle.md\/ro\/produs\/kreplenie-dlja-velosipeda-thule-upride\/","og_locale":"ro_RO","og_type":"article","og_title":"\u041a\u0440\u0435\u043f\u043b\u0435\u043d\u0438\u0435 \u0434\u043b\u044f \u0432\u0435\u043b\u043e\u0441\u0438\u043f\u0435\u0434\u0430 Thule UpRide - \u041c\u0430\u0433\u0430\u0437\u0438\u043d Xstyle","og_description":"\u041a\u0440\u0435\u043f\u043b\u0435\u043d\u0438\u0435 Thule UpRide \u0438\u0434\u0435\u0430\u043b\u044c\u043d\u043e \u0434\u043b\u044f \u0432\u0435\u043b\u043e\u0441\u0438\u043f\u0435\u0434\u043e\u0432 20-29 \u0434\u044e\u0439\u043c\u043e\u0432. \u041b\u0435\u0433\u043a\u043e \u0443\u0441\u0442\u0430\u043d\u0430\u0432\u043b\u0438\u0432\u0430\u0435\u0442\u0441\u044f, \u043f\u043e\u0434\u0434\u0435\u0440\u0436\u0438\u0432\u0430\u0435\u0442 \u0434\u043e 20 \u043a\u0433. \u041f\u043e\u0434\u043e\u0439\u0434\u0435\u0442 \u0434\u043b\u044f \u0432\u0441\u0435\u0445 \u0442\u0438\u043f\u043e\u0432 \u0431\u0430\u0433\u0430\u0436\u043d\u0438\u043a\u043e\u0432 Thule.","og_url":"https:\/\/xstyle.md\/ro\/produs\/kreplenie-dlja-velosipeda-thule-upride\/","og_site_name":"\u041c\u0430\u0433\u0430\u0437\u0438\u043d Xstyle","article_publisher":"https:\/\/www.facebook.com\/xstylemd","article_modified_time":"2026-03-04T09:22:19+00:00","og_image":[{"width":1800,"height":1190,"url":"https:\/\/xstyle.md\/wp-content\/uploads\/2021\/04\/thule_upride-1.jpg","type":"image\/jpeg"}],"twitter_card":"summary_large_image","twitter_misc":{"Pre\u021b":"6.290&nbsp;MDL","Disponibilitate":"\u00cen stoc"},"schema":{"@context":"https:\/\/schema.org","@graph":[{"@type":"WebPage","@id":"https:\/\/xstyle.md\/product\/kreplenie-dlja-velosipeda-thule-upride\/","url":"https:\/\/xstyle.md\/product\/kreplenie-dlja-velosipeda-thule-upride\/","name":"Suport biciclet\u0103 Thule ProRide 598 Black - Magazin Xstyle","isPartOf":{"@id":"https:\/\/xstyle.md\/#website"},"primaryImageOfPage":{"@id":"https:\/\/xstyle.md\/product\/kreplenie-dlja-velosipeda-thule-upride\/#primaryimage"},"image":{"@id":"https:\/\/xstyle.md\/product\/kreplenie-dlja-velosipeda-thule-upride\/#primaryimage"},"thumbnailUrl":"https:\/\/xstyle.md\/wp-content\/uploads\/2021\/04\/thule_upride-1.jpg","datePublished":"2021-04-28T11:21:43+00:00","dateModified":"2026-03-04T09:22:19+00:00","description":"Prinderea Thule UpRide este ideal\u0103 pentru biciclete de 20-29 inci. Se instaleaz\u0103 u\u0219or, suport\u0103 p\u00e2n\u0103 la 20 kg. Se potrive\u0219te pentru toate tipurile de suporturi Thule.","breadcrumb":{"@id":"https:\/\/xstyle.md\/product\/kreplenie-dlja-velosipeda-thule-upride\/#breadcrumb"},"inLanguage":"ro-RO","potentialAction":[{"@type":"ReadAction","target":["https:\/\/xstyle.md\/product\/kreplenie-dlja-velosipeda-thule-upride\/"]}]},{"@type":"ImageObject","inLanguage":"ro-RO","@id":"https:\/\/xstyle.md\/product\/kreplenie-dlja-velosipeda-thule-upride\/#primaryimage","url":"https:\/\/xstyle.md\/wp-content\/uploads\/2021\/04\/thule_upride-1.jpg","contentUrl":"https:\/\/xstyle.md\/wp-content\/uploads\/2021\/04\/thule_upride-1.jpg","width":1800,"height":1190},{"@type":"BreadcrumbList","@id":"https:\/\/xstyle.md\/product\/kreplenie-dlja-velosipeda-thule-upride\/#breadcrumb","itemListElement":[{"@type":"ListItem","position":1,"name":"\u0413\u043b\u0430\u0432\u043d\u0430\u044f \u0441\u0442\u0440\u0430\u043d\u0438\u0446\u0430","item":"https:\/\/xstyle.md\/"},{"@type":"ListItem","position":2,"name":"\u041c\u0430\u0433\u0430\u0437\u0438\u043d","item":"https:\/\/xstyle.md\/shop\/"},{"@type":"ListItem","position":3,"name":"\u041a\u0440\u0435\u043f\u043b\u0435\u043d\u0438\u0435 \u0434\u043b\u044f \u0432\u0435\u043b\u043e\u0441\u0438\u043f\u0435\u0434\u0430 Thule UpRide"}]},{"@type":"WebSite","@id":"https:\/\/xstyle.md\/#website","url":"https:\/\/xstyle.md\/","name":"Magazinul X-Style","description":"Echipamente pentru turism \u0219i sporturi extreme \u00een Moldova. Pre\u021buri, fotografii, caracteristici \u00een Moldova.","publisher":{"@id":"https:\/\/xstyle.md\/#organization"},"alternateName":"X-Style","potentialAction":[{"@type":"SearchAction","target":{"@type":"EntryPoint","urlTemplate":"https:\/\/xstyle.md\/?s={search_term_string}"},"query-input":{"@type":"PropertyValueSpecification","valueRequired":true,"valueName":"search_term_string"}}],"inLanguage":"ro-RO"},{"@type":"Organization","@id":"https:\/\/xstyle.md\/#organization","name":"Magazinul X-Style","alternateName":"x-style","url":"https:\/\/xstyle.md\/","logo":{"@type":"ImageObject","inLanguage":"ro-RO","@id":"https:\/\/xstyle.md\/#\/schema\/logo\/image\/","url":"https:\/\/xstyle.md\/wp-content\/uploads\/2020\/06\/logoicon.svg","contentUrl":"https:\/\/xstyle.md\/wp-content\/uploads\/2020\/06\/logoicon.svg","caption":"\u041c\u0430\u0433\u0430\u0437\u0438\u043d Xstyle"},"image":{"@id":"https:\/\/xstyle.md\/#\/schema\/logo\/image\/"},"sameAs":["https:\/\/www.facebook.com\/xstylemd","https:\/\/www.instagram.com\/xstyle_md\/","https:\/\/t.me\/xstyle_outdoor"],"hasMerchantReturnPolicy":{"@type":"MerchantReturnPolicy","merchantReturnLink":"https:\/\/xstyle.md\/ro\/conditions\/"}}]},"product_price_amount":"6290.00","product_price_currency":"MDL","og_availability":"instock","product_availability":"instock","product_retailer_item_id":"91021831711","product_condition":"new"},"_links":{"self":[{"href":"https:\/\/xstyle.md\/ro\/wp-json\/wp\/v2\/product\/30030","targetHints":{"allow":["GET"]}}],"collection":[{"href":"https:\/\/xstyle.md\/ro\/wp-json\/wp\/v2\/product"}],"about":[{"href":"https:\/\/xstyle.md\/ro\/wp-json\/wp\/v2\/types\/product"}],"replies":[{"embeddable":true,"href":"https:\/\/xstyle.md\/ro\/wp-json\/wp\/v2\/comments?post=30030"}],"wp:featuredmedia":[{"embeddable":true,"href":"https:\/\/xstyle.md\/ro\/wp-json\/wp\/v2\/media\/30022"}],"wp:attachment":[{"href":"https:\/\/xstyle.md\/ro\/wp-json\/wp\/v2\/media?parent=30030"}],"wp:term":[{"taxonomy":"product_brand","embeddable":true,"href":"https:\/\/xstyle.md\/ro\/wp-json\/wp\/v2\/product_brand?post=30030"},{"taxonomy":"product_cat","embeddable":true,"href":"https:\/\/xstyle.md\/ro\/wp-json\/wp\/v2\/product_cat?post=30030"},{"taxonomy":"product_tag","embeddable":true,"href":"https:\/\/xstyle.md\/ro\/wp-json\/wp\/v2\/product_tag?post=30030"}],"curies":[{"name":"wp","href":"https:\/\/api.w.org\/{rel}","templated":true}]}}