{"id":29950,"date":"2021-04-28T14:19:02","date_gmt":"2021-04-28T11:19:02","guid":{"rendered":"https:\/\/xstyle.md\/product\/skrebok-dlja-chistki-chugunkov-petromax\/"},"modified":"2024-10-21T09:41:20","modified_gmt":"2024-10-21T06:41:20","slug":"skrebok-dlja-chistki-chugunkov-petromax","status":"publish","type":"product","link":"https:\/\/xstyle.md\/ro\/produs\/skrebok-dlja-chistki-chugunkov-petromax\/","title":{"rendered":"R\u0103zuitor pentru cur\u0103\u021barea fontei Petromax"},"content":{"rendered":"<\/p>\n<p>R\u0103zuitor pentru cur\u0103\u021barea fontei <strong>Petromax <\/strong>&#8212; cu aceast\u0103 raclet\u0103 la \u00eendem\u00e2n\u0103, pute\u021bi \u00eendep\u0103rta reziduurile de m\u00e2ncare rezistente din zonele greu accesibile ale plitei.<\/p>\n<p>Datorit\u0103 materialului s\u0103u moale, racleta va cur\u0103\u021ba tigaia f\u0103r\u0103 a deteriora pre\u021biosul strat antiaderent. Deoarece este flexibil, r\u0103zuitorul se adapteaz\u0103 la interiorul tig\u0103ii. Cur\u0103\u021b\u0103 fonta \u0219i fierul forjat f\u0103r\u0103 s\u0103 deterioreze patina pre\u021bioas\u0103 \u0219i, prin urmare, este ideal pentru interiorul fontelor, tig\u0103ilor de pr\u0103jit etc.<\/p>\n<p>Versatili \u00een form\u0103 \u0219i func\u021bie. Racla este rezistent\u0103 la c\u0103ldur\u0103 p\u00e2n\u0103 la 120 de grade \u0219i este fabricat\u0103 din plastic de calitate alimentar\u0103. Prin urmare, pute\u021bi utiliza r\u0103zuitorul \u0219i ca r\u0103zuitor de patiserie sau spatul\u0103.<\/p>\n<h3>Particularit\u0103\u021bi<\/h3>\n<ul>\n<li>Versatil (potrivit \u0219i pentru cur\u0103\u021barea vaselor \u0219i poate fi folosit ca instrument de buc\u0103t\u0103rie pentru aluat).<\/li>\n<li>Fabricat din material de calitate alimentar\u0103 rezistent la c\u0103ldur\u0103.<\/li>\n<li>Nu va deteriora stratul antiaderent.<\/li>\n<\/ul>\n<h3>Caracteristici<\/h3>\n<ul>\n<li>Material: polipropilen\u0103, sigur pentru alimente.<\/li>\n<li>Dimensiuni: 1 x 13,6 x 8 cm.<\/li>\n<li>Greutate: 42 g.<\/li>\n<\/ul>\n<p><\/p>","protected":false},"excerpt":{"rendered":"<p>R\u0103zuitor pentru cur\u0103\u021barea fontei Petromax<\/p>","protected":false},"featured_media":29945,"comment_status":"open","ping_status":"closed","template":"","meta":{"_acf_changed":false,"inline_featured_image":false},"product_brand":[1420],"product_cat":[911],"product_tag":[],"class_list":{"0":"post-29950","1":"product","2":"type-product","3":"status-publish","4":"has-post-thumbnail","6":"product_brand-petromax","7":"product_cat-accesorii-dutch-oven","9":"first","10":"instock","11":"shipping-taxable","12":"purchasable","13":"product-type-simple"},"acf":[],"yoast_head":"<!-- This site is optimized with the Yoast SEO plugin v27.4 - https:\/\/yoast.com\/product\/yoast-seo-wordpress\/ -->\n<title>\u0421\u043a\u0440\u0435\u0431\u043e\u043a \u0434\u043b\u044f \u0447\u0438\u0441\u0442\u043a\u0438 \u0447\u0443\u0433\u0443\u043d\u043a\u043e\u0432 Petromax - \u041c\u0430\u0433\u0430\u0437\u0438\u043d Xstyle<\/title>\n<meta name=\"description\" content=\"\u041e\u0447\u0438\u0441\u0442\u0438\u0442\u0435 \u0441\u0432\u043e\u0438 \u0447\u0443\u0433\u0443\u043d\u043a\u0438 \u0441 \u043f\u043e\u043c\u043e\u0449\u044c\u044e \u0441\u043a\u0440\u0435\u0431\u043a\u0430 Petromax! \u0423\u0434\u0430\u043b\u044f\u0439\u0442\u0435 \u0437\u0430\u0433\u0440\u044f\u0437\u043d\u0435\u043d\u0438\u044f, \u043d\u0435 \u043f\u043e\u0432\u0440\u0435\u0436\u0434\u0430\u044f \u0430\u043d\u0442\u0438\u043f\u0440\u0438\u0433\u0430\u0440\u043d\u043e\u0435 \u043f\u043e\u043a\u0440\u044b\u0442\u0438\u0435. \u0418\u0434\u0435\u0430\u043b\u0435\u043d \u0434\u043b\u044f \u0441\u043b\u043e\u0436\u043d\u043e\u0434\u043e\u0441\u0442\u0443\u043f\u043d\u044b\u0445 \u043c\u0435\u0441\u0442.\" \/>\n<meta name=\"robots\" content=\"index, follow, max-snippet:-1, max-image-preview:large, max-video-preview:-1\" \/>\n<link rel=\"canonical\" href=\"https:\/\/xstyle.md\/ro\/produs\/skrebok-dlja-chistki-chugunkov-petromax\/\" \/>\n<meta property=\"og:locale\" content=\"ro_RO\" \/>\n<meta property=\"og:type\" content=\"article\" \/>\n<meta property=\"og:title\" content=\"\u0421\u043a\u0440\u0435\u0431\u043e\u043a \u0434\u043b\u044f \u0447\u0438\u0441\u0442\u043a\u0438 \u0447\u0443\u0433\u0443\u043d\u043a\u043e\u0432 Petromax - \u041c\u0430\u0433\u0430\u0437\u0438\u043d Xstyle\" \/>\n<meta property=\"og:description\" content=\"\u041e\u0447\u0438\u0441\u0442\u0438\u0442\u0435 \u0441\u0432\u043e\u0438 \u0447\u0443\u0433\u0443\u043d\u043a\u0438 \u0441 \u043f\u043e\u043c\u043e\u0449\u044c\u044e \u0441\u043a\u0440\u0435\u0431\u043a\u0430 Petromax! \u0423\u0434\u0430\u043b\u044f\u0439\u0442\u0435 \u0437\u0430\u0433\u0440\u044f\u0437\u043d\u0435\u043d\u0438\u044f, \u043d\u0435 \u043f\u043e\u0432\u0440\u0435\u0436\u0434\u0430\u044f \u0430\u043d\u0442\u0438\u043f\u0440\u0438\u0433\u0430\u0440\u043d\u043e\u0435 \u043f\u043e\u043a\u0440\u044b\u0442\u0438\u0435. \u0418\u0434\u0435\u0430\u043b\u0435\u043d \u0434\u043b\u044f \u0441\u043b\u043e\u0436\u043d\u043e\u0434\u043e\u0441\u0442\u0443\u043f\u043d\u044b\u0445 \u043c\u0435\u0441\u0442.\" \/>\n<meta property=\"og:url\" content=\"https:\/\/xstyle.md\/ro\/produs\/skrebok-dlja-chistki-chugunkov-petromax\/\" \/>\n<meta property=\"og:site_name\" content=\"\u041c\u0430\u0433\u0430\u0437\u0438\u043d Xstyle\" \/>\n<meta property=\"article:publisher\" content=\"https:\/\/www.facebook.com\/xstylemd\" \/>\n<meta property=\"article:modified_time\" content=\"2024-10-21T06:41:20+00:00\" \/>\n<meta property=\"og:image\" content=\"https:\/\/xstyle.md\/wp-content\/uploads\/2021\/04\/jpg2_5.jpg\" \/>\n\t<meta property=\"og:image:width\" content=\"650\" \/>\n\t<meta property=\"og:image:height\" content=\"433\" \/>\n\t<meta property=\"og:image:type\" content=\"image\/jpeg\" \/>\n<meta name=\"twitter:card\" content=\"summary_large_image\" \/>\n<meta name=\"twitter:label1\" content=\"Pre\u021b\" \/>\n\t<meta name=\"twitter:data1\" content=\"125&nbsp;MDL\" \/>\n\t<meta name=\"twitter:label2\" content=\"Disponibilitate\" \/>\n\t<meta name=\"twitter:data2\" content=\"\u00cen stoc\" \/>\n<script type=\"application\/ld+json\" class=\"yoast-schema-graph\">{\"@context\":\"https:\\\/\\\/schema.org\",\"@graph\":[{\"@type\":\"WebPage\",\"@id\":\"https:\\\/\\\/xstyle.md\\\/product\\\/skrebok-dlja-chistki-chugunkov-petromax\\\/\",\"url\":\"https:\\\/\\\/xstyle.md\\\/product\\\/skrebok-dlja-chistki-chugunkov-petromax\\\/\",\"name\":\"\u0421\u043a\u0440\u0435\u0431\u043e\u043a \u0434\u043b\u044f \u0447\u0438\u0441\u0442\u043a\u0438 \u0447\u0443\u0433\u0443\u043d\u043a\u043e\u0432 Petromax - \u041c\u0430\u0433\u0430\u0437\u0438\u043d Xstyle\",\"isPartOf\":{\"@id\":\"https:\\\/\\\/xstyle.md\\\/#website\"},\"primaryImageOfPage\":{\"@id\":\"https:\\\/\\\/xstyle.md\\\/product\\\/skrebok-dlja-chistki-chugunkov-petromax\\\/#primaryimage\"},\"image\":{\"@id\":\"https:\\\/\\\/xstyle.md\\\/product\\\/skrebok-dlja-chistki-chugunkov-petromax\\\/#primaryimage\"},\"thumbnailUrl\":\"https:\\\/\\\/xstyle.md\\\/wp-content\\\/uploads\\\/2021\\\/04\\\/jpg2_5.jpg\",\"datePublished\":\"2021-04-28T11:19:02+00:00\",\"dateModified\":\"2024-10-21T06:41:20+00:00\",\"description\":\"\u041e\u0447\u0438\u0441\u0442\u0438\u0442\u0435 \u0441\u0432\u043e\u0438 \u0447\u0443\u0433\u0443\u043d\u043a\u0438 \u0441 \u043f\u043e\u043c\u043e\u0449\u044c\u044e \u0441\u043a\u0440\u0435\u0431\u043a\u0430 Petromax! \u0423\u0434\u0430\u043b\u044f\u0439\u0442\u0435 \u0437\u0430\u0433\u0440\u044f\u0437\u043d\u0435\u043d\u0438\u044f, \u043d\u0435 \u043f\u043e\u0432\u0440\u0435\u0436\u0434\u0430\u044f \u0430\u043d\u0442\u0438\u043f\u0440\u0438\u0433\u0430\u0440\u043d\u043e\u0435 \u043f\u043e\u043a\u0440\u044b\u0442\u0438\u0435. \u0418\u0434\u0435\u0430\u043b\u0435\u043d \u0434\u043b\u044f \u0441\u043b\u043e\u0436\u043d\u043e\u0434\u043e\u0441\u0442\u0443\u043f\u043d\u044b\u0445 \u043c\u0435\u0441\u0442.\",\"breadcrumb\":{\"@id\":\"https:\\\/\\\/xstyle.md\\\/product\\\/skrebok-dlja-chistki-chugunkov-petromax\\\/#breadcrumb\"},\"inLanguage\":\"ro-RO\",\"potentialAction\":[{\"@type\":\"ReadAction\",\"target\":[\"https:\\\/\\\/xstyle.md\\\/product\\\/skrebok-dlja-chistki-chugunkov-petromax\\\/\"]}]},{\"@type\":\"ImageObject\",\"inLanguage\":\"ro-RO\",\"@id\":\"https:\\\/\\\/xstyle.md\\\/product\\\/skrebok-dlja-chistki-chugunkov-petromax\\\/#primaryimage\",\"url\":\"https:\\\/\\\/xstyle.md\\\/wp-content\\\/uploads\\\/2021\\\/04\\\/jpg2_5.jpg\",\"contentUrl\":\"https:\\\/\\\/xstyle.md\\\/wp-content\\\/uploads\\\/2021\\\/04\\\/jpg2_5.jpg\",\"width\":650,\"height\":433},{\"@type\":\"BreadcrumbList\",\"@id\":\"https:\\\/\\\/xstyle.md\\\/product\\\/skrebok-dlja-chistki-chugunkov-petromax\\\/#breadcrumb\",\"itemListElement\":[{\"@type\":\"ListItem\",\"position\":1,\"name\":\"\u0413\u043b\u0430\u0432\u043d\u0430\u044f \u0441\u0442\u0440\u0430\u043d\u0438\u0446\u0430\",\"item\":\"https:\\\/\\\/xstyle.md\\\/\"},{\"@type\":\"ListItem\",\"position\":2,\"name\":\"\u041c\u0430\u0433\u0430\u0437\u0438\u043d\",\"item\":\"https:\\\/\\\/xstyle.md\\\/shop\\\/\"},{\"@type\":\"ListItem\",\"position\":3,\"name\":\"\u0421\u043a\u0440\u0435\u0431\u043e\u043a \u0434\u043b\u044f \u0447\u0438\u0441\u0442\u043a\u0438 \u0447\u0443\u0433\u0443\u043d\u043a\u043e\u0432 Petromax\"}]},{\"@type\":\"WebSite\",\"@id\":\"https:\\\/\\\/xstyle.md\\\/#website\",\"url\":\"https:\\\/\\\/xstyle.md\\\/\",\"name\":\"\u041c\u0430\u0433\u0430\u0437\u0438\u043d Xstyle\",\"description\":\"C\u043d\u0430\u0440\u044f\u0436\u0435\u043d\u0438\u0435 \u0434\u043b\u044f \u0442\u0443\u0440\u0438\u0437\u043c\u0430 \u0438 \u044d\u043a\u0441\u0442\u0440\u0435\u043c\u0430\u043b\u044c\u043d\u044b\u0445 \u0432\u0438\u0434\u043e\u0432 \u0441\u043f\u043e\u0440\u0442\u0430 \u0432 \u041c\u043e\u043b\u0434\u043e\u0432\u0435.. \u0426\u0435\u043d\u044b, \u0444\u043e\u0442\u043e, \u0445\u0430\u0440\u0430\u043a\u0442\u0435\u0440\u0438\u0441\u0442\u0438\u043a\u0438 \u0432 \u041c\u043e\u043b\u0434\u043e\u0432\u0435.\",\"publisher\":{\"@id\":\"https:\\\/\\\/xstyle.md\\\/#organization\"},\"alternateName\":\"X-Style\",\"potentialAction\":[{\"@type\":\"SearchAction\",\"target\":{\"@type\":\"EntryPoint\",\"urlTemplate\":\"https:\\\/\\\/xstyle.md\\\/?s={search_term_string}\"},\"query-input\":{\"@type\":\"PropertyValueSpecification\",\"valueRequired\":true,\"valueName\":\"search_term_string\"}}],\"inLanguage\":\"ro-RO\"},{\"@type\":\"Organization\",\"@id\":\"https:\\\/\\\/xstyle.md\\\/#organization\",\"name\":\"\u041c\u0430\u0433\u0430\u0437\u0438\u043d Xstyle\",\"alternateName\":\"x-style\",\"url\":\"https:\\\/\\\/xstyle.md\\\/\",\"logo\":{\"@type\":\"ImageObject\",\"inLanguage\":\"ro-RO\",\"@id\":\"https:\\\/\\\/xstyle.md\\\/#\\\/schema\\\/logo\\\/image\\\/\",\"url\":\"https:\\\/\\\/xstyle.md\\\/wp-content\\\/uploads\\\/2020\\\/06\\\/logoicon.svg\",\"contentUrl\":\"https:\\\/\\\/xstyle.md\\\/wp-content\\\/uploads\\\/2020\\\/06\\\/logoicon.svg\",\"caption\":\"\u041c\u0430\u0433\u0430\u0437\u0438\u043d Xstyle\"},\"image\":{\"@id\":\"https:\\\/\\\/xstyle.md\\\/#\\\/schema\\\/logo\\\/image\\\/\"},\"sameAs\":[\"https:\\\/\\\/www.facebook.com\\\/xstylemd\",\"https:\\\/\\\/www.instagram.com\\\/xstyle_md\\\/\",\"https:\\\/\\\/t.me\\\/xstyle_outdoor\"],\"hasMerchantReturnPolicy\":{\"@type\":\"MerchantReturnPolicy\",\"merchantReturnLink\":\"https:\\\/\\\/xstyle.md\\\/ro\\\/conditions\\\/\"}}]}<\/script>\n<meta property=\"product:price:amount\" content=\"125.00\" \/>\n<meta property=\"product:price:currency\" content=\"MDL\" \/>\n<meta property=\"og:availability\" content=\"instock\" \/>\n<meta property=\"product:availability\" content=\"instock\" \/>\n<meta property=\"product:retailer_item_id\" content=\"4250435701836\" \/>\n<meta property=\"product:condition\" content=\"new\" \/>\n<!-- \/ Yoast SEO plugin. -->","yoast_head_json":{"title":"R\u0103zuitor pentru cur\u0103\u021barea fontei Petromax - Magazin Xstyle","description":"Cur\u0103\u021ba\u021bi-v\u0103 tig\u0103ile din font\u0103 cu ajutorul racletei Petromax! \u00cendep\u0103rta\u021bi murd\u0103ria f\u0103r\u0103 a deteriora stratul antiaderent. Ideal pentru locuri greu accesibile.","robots":{"index":"index","follow":"follow","max-snippet":"max-snippet:-1","max-image-preview":"max-image-preview:large","max-video-preview":"max-video-preview:-1"},"canonical":"https:\/\/xstyle.md\/ro\/produs\/skrebok-dlja-chistki-chugunkov-petromax\/","og_locale":"ro_RO","og_type":"article","og_title":"\u0421\u043a\u0440\u0435\u0431\u043e\u043a \u0434\u043b\u044f \u0447\u0438\u0441\u0442\u043a\u0438 \u0447\u0443\u0433\u0443\u043d\u043a\u043e\u0432 Petromax - \u041c\u0430\u0433\u0430\u0437\u0438\u043d Xstyle","og_description":"\u041e\u0447\u0438\u0441\u0442\u0438\u0442\u0435 \u0441\u0432\u043e\u0438 \u0447\u0443\u0433\u0443\u043d\u043a\u0438 \u0441 \u043f\u043e\u043c\u043e\u0449\u044c\u044e \u0441\u043a\u0440\u0435\u0431\u043a\u0430 Petromax! \u0423\u0434\u0430\u043b\u044f\u0439\u0442\u0435 \u0437\u0430\u0433\u0440\u044f\u0437\u043d\u0435\u043d\u0438\u044f, \u043d\u0435 \u043f\u043e\u0432\u0440\u0435\u0436\u0434\u0430\u044f \u0430\u043d\u0442\u0438\u043f\u0440\u0438\u0433\u0430\u0440\u043d\u043e\u0435 \u043f\u043e\u043a\u0440\u044b\u0442\u0438\u0435. \u0418\u0434\u0435\u0430\u043b\u0435\u043d \u0434\u043b\u044f \u0441\u043b\u043e\u0436\u043d\u043e\u0434\u043e\u0441\u0442\u0443\u043f\u043d\u044b\u0445 \u043c\u0435\u0441\u0442.","og_url":"https:\/\/xstyle.md\/ro\/produs\/skrebok-dlja-chistki-chugunkov-petromax\/","og_site_name":"\u041c\u0430\u0433\u0430\u0437\u0438\u043d Xstyle","article_publisher":"https:\/\/www.facebook.com\/xstylemd","article_modified_time":"2024-10-21T06:41:20+00:00","og_image":[{"width":650,"height":433,"url":"https:\/\/xstyle.md\/wp-content\/uploads\/2021\/04\/jpg2_5.jpg","type":"image\/jpeg"}],"twitter_card":"summary_large_image","twitter_misc":{"Pre\u021b":"125&nbsp;MDL","Disponibilitate":"\u00cen stoc"},"schema":{"@context":"https:\/\/schema.org","@graph":[{"@type":"WebPage","@id":"https:\/\/xstyle.md\/product\/skrebok-dlja-chistki-chugunkov-petromax\/","url":"https:\/\/xstyle.md\/product\/skrebok-dlja-chistki-chugunkov-petromax\/","name":"R\u0103zuitor pentru cur\u0103\u021barea fontei Petromax - Magazin Xstyle","isPartOf":{"@id":"https:\/\/xstyle.md\/#website"},"primaryImageOfPage":{"@id":"https:\/\/xstyle.md\/product\/skrebok-dlja-chistki-chugunkov-petromax\/#primaryimage"},"image":{"@id":"https:\/\/xstyle.md\/product\/skrebok-dlja-chistki-chugunkov-petromax\/#primaryimage"},"thumbnailUrl":"https:\/\/xstyle.md\/wp-content\/uploads\/2021\/04\/jpg2_5.jpg","datePublished":"2021-04-28T11:19:02+00:00","dateModified":"2024-10-21T06:41:20+00:00","description":"Cur\u0103\u021ba\u021bi-v\u0103 tig\u0103ile din font\u0103 cu ajutorul racletei Petromax! \u00cendep\u0103rta\u021bi murd\u0103ria f\u0103r\u0103 a deteriora stratul antiaderent. Ideal pentru locuri greu accesibile.","breadcrumb":{"@id":"https:\/\/xstyle.md\/product\/skrebok-dlja-chistki-chugunkov-petromax\/#breadcrumb"},"inLanguage":"ro-RO","potentialAction":[{"@type":"ReadAction","target":["https:\/\/xstyle.md\/product\/skrebok-dlja-chistki-chugunkov-petromax\/"]}]},{"@type":"ImageObject","inLanguage":"ro-RO","@id":"https:\/\/xstyle.md\/product\/skrebok-dlja-chistki-chugunkov-petromax\/#primaryimage","url":"https:\/\/xstyle.md\/wp-content\/uploads\/2021\/04\/jpg2_5.jpg","contentUrl":"https:\/\/xstyle.md\/wp-content\/uploads\/2021\/04\/jpg2_5.jpg","width":650,"height":433},{"@type":"BreadcrumbList","@id":"https:\/\/xstyle.md\/product\/skrebok-dlja-chistki-chugunkov-petromax\/#breadcrumb","itemListElement":[{"@type":"ListItem","position":1,"name":"\u0413\u043b\u0430\u0432\u043d\u0430\u044f \u0441\u0442\u0440\u0430\u043d\u0438\u0446\u0430","item":"https:\/\/xstyle.md\/"},{"@type":"ListItem","position":2,"name":"\u041c\u0430\u0433\u0430\u0437\u0438\u043d","item":"https:\/\/xstyle.md\/shop\/"},{"@type":"ListItem","position":3,"name":"\u0421\u043a\u0440\u0435\u0431\u043e\u043a \u0434\u043b\u044f \u0447\u0438\u0441\u0442\u043a\u0438 \u0447\u0443\u0433\u0443\u043d\u043a\u043e\u0432 Petromax"}]},{"@type":"WebSite","@id":"https:\/\/xstyle.md\/#website","url":"https:\/\/xstyle.md\/","name":"Magazinul X-Style","description":"Echipamente pentru turism \u0219i sporturi extreme \u00een Moldova. Pre\u021buri, fotografii, caracteristici \u00een Moldova.","publisher":{"@id":"https:\/\/xstyle.md\/#organization"},"alternateName":"X-Style","potentialAction":[{"@type":"SearchAction","target":{"@type":"EntryPoint","urlTemplate":"https:\/\/xstyle.md\/?s={search_term_string}"},"query-input":{"@type":"PropertyValueSpecification","valueRequired":true,"valueName":"search_term_string"}}],"inLanguage":"ro-RO"},{"@type":"Organization","@id":"https:\/\/xstyle.md\/#organization","name":"Magazinul X-Style","alternateName":"x-style","url":"https:\/\/xstyle.md\/","logo":{"@type":"ImageObject","inLanguage":"ro-RO","@id":"https:\/\/xstyle.md\/#\/schema\/logo\/image\/","url":"https:\/\/xstyle.md\/wp-content\/uploads\/2020\/06\/logoicon.svg","contentUrl":"https:\/\/xstyle.md\/wp-content\/uploads\/2020\/06\/logoicon.svg","caption":"\u041c\u0430\u0433\u0430\u0437\u0438\u043d Xstyle"},"image":{"@id":"https:\/\/xstyle.md\/#\/schema\/logo\/image\/"},"sameAs":["https:\/\/www.facebook.com\/xstylemd","https:\/\/www.instagram.com\/xstyle_md\/","https:\/\/t.me\/xstyle_outdoor"],"hasMerchantReturnPolicy":{"@type":"MerchantReturnPolicy","merchantReturnLink":"https:\/\/xstyle.md\/ro\/conditions\/"}}]},"product_price_amount":"125.00","product_price_currency":"MDL","og_availability":"instock","product_availability":"instock","product_retailer_item_id":"4250435701836","product_condition":"new"},"_links":{"self":[{"href":"https:\/\/xstyle.md\/ro\/wp-json\/wp\/v2\/product\/29950","targetHints":{"allow":["GET"]}}],"collection":[{"href":"https:\/\/xstyle.md\/ro\/wp-json\/wp\/v2\/product"}],"about":[{"href":"https:\/\/xstyle.md\/ro\/wp-json\/wp\/v2\/types\/product"}],"replies":[{"embeddable":true,"href":"https:\/\/xstyle.md\/ro\/wp-json\/wp\/v2\/comments?post=29950"}],"wp:featuredmedia":[{"embeddable":true,"href":"https:\/\/xstyle.md\/ro\/wp-json\/wp\/v2\/media\/29945"}],"wp:attachment":[{"href":"https:\/\/xstyle.md\/ro\/wp-json\/wp\/v2\/media?parent=29950"}],"wp:term":[{"taxonomy":"product_brand","embeddable":true,"href":"https:\/\/xstyle.md\/ro\/wp-json\/wp\/v2\/product_brand?post=29950"},{"taxonomy":"product_cat","embeddable":true,"href":"https:\/\/xstyle.md\/ro\/wp-json\/wp\/v2\/product_cat?post=29950"},{"taxonomy":"product_tag","embeddable":true,"href":"https:\/\/xstyle.md\/ro\/wp-json\/wp\/v2\/product_tag?post=29950"}],"curies":[{"name":"wp","href":"https:\/\/api.w.org\/{rel}","templated":true}]}}