{"id":29858,"date":"2021-04-28T11:33:11","date_gmt":"2021-04-28T08:33:11","guid":{"rendered":"https:\/\/xstyle.md\/product\/velosipednyj-zamok-m-wave-d-12-9-mem-cable-lock\/"},"modified":"2026-03-19T16:41:28","modified_gmt":"2026-03-19T13:41:28","slug":"velosipednyj-zamok-m-wave-d-12-9-mem-cable-lock","status":"publish","type":"product","link":"https:\/\/xstyle.md\/ro\/produs\/velosipednyj-zamok-m-wave-d-12-9-mem-cable-lock\/","title":{"rendered":"Lac\u0103t biciclet\u0103 M-WAVE D 12.9 MEM cable lock"},"content":{"rendered":"<\/p>\n<p><strong>Lac\u0103t pentru biciclet\u0103 M-WAVE D 12.9 MEM cable lock &#8212;&nbsp;<\/strong>protejeaz\u0103 bicicleta de furt.<\/p>\n<p><strong>Specifica\u021bii:<\/strong><\/p>\n<ul>\n<li>Dimensiune: 12x900mm<\/li>\n<li>Diametru: 12 mm<\/li>\n<li>Cod, 4 cifre<\/li>\n<li>TPE cablu elastic \u0219i de &icirc;nalt\u0103 rezisten\u021b\u0103, se poate &icirc;ndoi sub orice unghi \u0219i s\u0103-\u0219i p\u0103streze forma<\/li>\n<\/ul>\n<p><\/p>","protected":false},"excerpt":{"rendered":"<p>Lac\u0103t biciclet\u0103 M-WAVE D 12.9 MEM cable lock<\/p>","protected":false},"featured_media":29856,"comment_status":"open","ping_status":"closed","template":"","meta":{"_acf_changed":false,"inline_featured_image":false},"product_brand":[1372],"product_cat":[537],"product_tag":[],"class_list":{"0":"post-29858","1":"product","2":"type-product","3":"status-publish","4":"has-post-thumbnail","6":"product_brand-messingschlager","7":"product_cat-bicycle-locks","9":"first","10":"instock","11":"shipping-taxable","12":"purchasable","13":"product-type-simple"},"acf":[],"yoast_head":"<!-- This site is optimized with the Yoast SEO plugin v27.2 - https:\/\/yoast.com\/product\/yoast-seo-wordpress\/ -->\n<title>\u0412\u0435\u043b\u043e\u0441\u0438\u043f\u0435\u0434\u043d\u044b\u0439 \u0437\u0430\u043c\u043e\u043a M-WAVE D 12.9 MEM cable lock - \u041c\u0430\u0433\u0430\u0437\u0438\u043d Xstyle<\/title>\n<meta name=\"description\" content=\"\u0417\u0430\u043c\u043e\u043a \u0434\u043b\u044f \u0432\u0435\u043b\u043e\u0441\u0438\u043f\u0435\u0434\u0430 M-WAVE D 12.9 MEM \u2014 \u043d\u0430\u0434\u0435\u0436\u043d\u0430\u044f \u0437\u0430\u0449\u0438\u0442\u0430 \u0441 \u044d\u043b\u0430\u0441\u0442\u0438\u0447\u043d\u044b\u043c \u043a\u0430\u0431\u0435\u043b\u0435\u043c 12x900\u043c\u043c. \u0414\u0438\u0430\u043c\u0435\u0442\u0440 12\u043c\u043c, \u043b\u0435\u0433\u043a\u043e \u0433\u043d\u0435\u0442\u0441\u044f \u0438 \u0441\u043e\u0445\u0440\u0430\u043d\u044f\u0435\u0442 \u0444\u043e\u0440\u043c\u0443.\" \/>\n<meta name=\"robots\" content=\"index, follow, max-snippet:-1, max-image-preview:large, max-video-preview:-1\" \/>\n<link rel=\"canonical\" href=\"https:\/\/xstyle.md\/ro\/produs\/velosipednyj-zamok-m-wave-d-12-9-mem-cable-lock\/\" \/>\n<meta property=\"og:locale\" content=\"ro_RO\" \/>\n<meta property=\"og:type\" content=\"article\" \/>\n<meta property=\"og:title\" content=\"\u0412\u0435\u043b\u043e\u0441\u0438\u043f\u0435\u0434\u043d\u044b\u0439 \u0437\u0430\u043c\u043e\u043a M-WAVE D 12.9 MEM cable lock - \u041c\u0430\u0433\u0430\u0437\u0438\u043d Xstyle\" \/>\n<meta property=\"og:description\" content=\"\u0417\u0430\u043c\u043e\u043a \u0434\u043b\u044f \u0432\u0435\u043b\u043e\u0441\u0438\u043f\u0435\u0434\u0430 M-WAVE D 12.9 MEM \u2014 \u043d\u0430\u0434\u0435\u0436\u043d\u0430\u044f \u0437\u0430\u0449\u0438\u0442\u0430 \u0441 \u044d\u043b\u0430\u0441\u0442\u0438\u0447\u043d\u044b\u043c \u043a\u0430\u0431\u0435\u043b\u0435\u043c 12x900\u043c\u043c. \u0414\u0438\u0430\u043c\u0435\u0442\u0440 12\u043c\u043c, \u043b\u0435\u0433\u043a\u043e \u0433\u043d\u0435\u0442\u0441\u044f \u0438 \u0441\u043e\u0445\u0440\u0430\u043d\u044f\u0435\u0442 \u0444\u043e\u0440\u043c\u0443.\" \/>\n<meta property=\"og:url\" content=\"https:\/\/xstyle.md\/ro\/produs\/velosipednyj-zamok-m-wave-d-12-9-mem-cable-lock\/\" \/>\n<meta property=\"og:site_name\" content=\"\u041c\u0430\u0433\u0430\u0437\u0438\u043d Xstyle\" \/>\n<meta property=\"article:publisher\" content=\"https:\/\/www.facebook.com\/xstylemd\" \/>\n<meta property=\"article:modified_time\" content=\"2026-03-19T13:41:28+00:00\" \/>\n<meta property=\"og:image\" content=\"https:\/\/xstyle.md\/wp-content\/uploads\/2021\/04\/231120_150813f.jpg\" \/>\n\t<meta property=\"og:image:width\" content=\"600\" \/>\n\t<meta property=\"og:image:height\" content=\"600\" \/>\n\t<meta property=\"og:image:type\" content=\"image\/jpeg\" \/>\n<meta name=\"twitter:card\" content=\"summary_large_image\" \/>\n<meta name=\"twitter:label1\" content=\"Pre\u021b\" \/>\n\t<meta name=\"twitter:data1\" content=\"250&nbsp;MDL\" \/>\n\t<meta name=\"twitter:label2\" content=\"Disponibilitate\" \/>\n\t<meta name=\"twitter:data2\" content=\"\u00cen stoc\" \/>\n<script type=\"application\/ld+json\" class=\"yoast-schema-graph\">{\"@context\":\"https:\/\/schema.org\",\"@graph\":[{\"@type\":\"WebPage\",\"@id\":\"https:\/\/xstyle.md\/product\/velosipednyj-zamok-m-wave-d-12-9-mem-cable-lock\/\",\"url\":\"https:\/\/xstyle.md\/product\/velosipednyj-zamok-m-wave-d-12-9-mem-cable-lock\/\",\"name\":\"\u0412\u0435\u043b\u043e\u0441\u0438\u043f\u0435\u0434\u043d\u044b\u0439 \u0437\u0430\u043c\u043e\u043a M-WAVE D 12.9 MEM cable lock - \u041c\u0430\u0433\u0430\u0437\u0438\u043d Xstyle\",\"isPartOf\":{\"@id\":\"https:\/\/xstyle.md\/#website\"},\"primaryImageOfPage\":{\"@id\":\"https:\/\/xstyle.md\/product\/velosipednyj-zamok-m-wave-d-12-9-mem-cable-lock\/#primaryimage\"},\"image\":{\"@id\":\"https:\/\/xstyle.md\/product\/velosipednyj-zamok-m-wave-d-12-9-mem-cable-lock\/#primaryimage\"},\"thumbnailUrl\":\"https:\/\/xstyle.md\/wp-content\/uploads\/2021\/04\/231120_150813f.jpg\",\"datePublished\":\"2021-04-28T08:33:11+00:00\",\"dateModified\":\"2026-03-19T13:41:28+00:00\",\"description\":\"\u0417\u0430\u043c\u043e\u043a \u0434\u043b\u044f \u0432\u0435\u043b\u043e\u0441\u0438\u043f\u0435\u0434\u0430 M-WAVE D 12.9 MEM \u2014 \u043d\u0430\u0434\u0435\u0436\u043d\u0430\u044f \u0437\u0430\u0449\u0438\u0442\u0430 \u0441 \u044d\u043b\u0430\u0441\u0442\u0438\u0447\u043d\u044b\u043c \u043a\u0430\u0431\u0435\u043b\u0435\u043c 12x900\u043c\u043c. \u0414\u0438\u0430\u043c\u0435\u0442\u0440 12\u043c\u043c, \u043b\u0435\u0433\u043a\u043e \u0433\u043d\u0435\u0442\u0441\u044f \u0438 \u0441\u043e\u0445\u0440\u0430\u043d\u044f\u0435\u0442 \u0444\u043e\u0440\u043c\u0443.\",\"breadcrumb\":{\"@id\":\"https:\/\/xstyle.md\/product\/velosipednyj-zamok-m-wave-d-12-9-mem-cable-lock\/#breadcrumb\"},\"inLanguage\":\"ro-RO\",\"potentialAction\":[{\"@type\":\"ReadAction\",\"target\":[\"https:\/\/xstyle.md\/product\/velosipednyj-zamok-m-wave-d-12-9-mem-cable-lock\/\"]}]},{\"@type\":\"ImageObject\",\"inLanguage\":\"ro-RO\",\"@id\":\"https:\/\/xstyle.md\/product\/velosipednyj-zamok-m-wave-d-12-9-mem-cable-lock\/#primaryimage\",\"url\":\"https:\/\/xstyle.md\/wp-content\/uploads\/2021\/04\/231120_150813f.jpg\",\"contentUrl\":\"https:\/\/xstyle.md\/wp-content\/uploads\/2021\/04\/231120_150813f.jpg\",\"width\":600,\"height\":600},{\"@type\":\"BreadcrumbList\",\"@id\":\"https:\/\/xstyle.md\/product\/velosipednyj-zamok-m-wave-d-12-9-mem-cable-lock\/#breadcrumb\",\"itemListElement\":[{\"@type\":\"ListItem\",\"position\":1,\"name\":\"\u0413\u043b\u0430\u0432\u043d\u0430\u044f \u0441\u0442\u0440\u0430\u043d\u0438\u0446\u0430\",\"item\":\"https:\/\/xstyle.md\/\"},{\"@type\":\"ListItem\",\"position\":2,\"name\":\"\u041c\u0430\u0433\u0430\u0437\u0438\u043d\",\"item\":\"https:\/\/xstyle.md\/shop\/\"},{\"@type\":\"ListItem\",\"position\":3,\"name\":\"\u0412\u0435\u043b\u043e\u0441\u0438\u043f\u0435\u0434\u043d\u044b\u0439 \u0437\u0430\u043c\u043e\u043a M-WAVE D 12.9 MEM cable lock\"}]},{\"@type\":\"WebSite\",\"@id\":\"https:\/\/xstyle.md\/#website\",\"url\":\"https:\/\/xstyle.md\/\",\"name\":\"\u041c\u0430\u0433\u0430\u0437\u0438\u043d Xstyle\",\"description\":\"C\u043d\u0430\u0440\u044f\u0436\u0435\u043d\u0438\u0435 \u0434\u043b\u044f \u0442\u0443\u0440\u0438\u0437\u043c\u0430 \u0438 \u044d\u043a\u0441\u0442\u0440\u0435\u043c\u0430\u043b\u044c\u043d\u044b\u0445 \u0432\u0438\u0434\u043e\u0432 \u0441\u043f\u043e\u0440\u0442\u0430 \u0432 \u041c\u043e\u043b\u0434\u043e\u0432\u0435.. \u0426\u0435\u043d\u044b, \u0444\u043e\u0442\u043e, \u0445\u0430\u0440\u0430\u043a\u0442\u0435\u0440\u0438\u0441\u0442\u0438\u043a\u0438 \u0432 \u041c\u043e\u043b\u0434\u043e\u0432\u0435.\",\"publisher\":{\"@id\":\"https:\/\/xstyle.md\/#organization\"},\"alternateName\":\"X-Style\",\"potentialAction\":[{\"@type\":\"SearchAction\",\"target\":{\"@type\":\"EntryPoint\",\"urlTemplate\":\"https:\/\/xstyle.md\/?s={search_term_string}\"},\"query-input\":{\"@type\":\"PropertyValueSpecification\",\"valueRequired\":true,\"valueName\":\"search_term_string\"}}],\"inLanguage\":\"ro-RO\"},{\"@type\":\"Organization\",\"@id\":\"https:\/\/xstyle.md\/#organization\",\"name\":\"\u041c\u0430\u0433\u0430\u0437\u0438\u043d Xstyle\",\"alternateName\":\"x-style\",\"url\":\"https:\/\/xstyle.md\/\",\"logo\":{\"@type\":\"ImageObject\",\"inLanguage\":\"ro-RO\",\"@id\":\"https:\/\/xstyle.md\/#\/schema\/logo\/image\/\",\"url\":\"https:\/\/xstyle.md\/wp-content\/uploads\/2020\/06\/logoicon.svg\",\"contentUrl\":\"https:\/\/xstyle.md\/wp-content\/uploads\/2020\/06\/logoicon.svg\",\"caption\":\"\u041c\u0430\u0433\u0430\u0437\u0438\u043d Xstyle\"},\"image\":{\"@id\":\"https:\/\/xstyle.md\/#\/schema\/logo\/image\/\"},\"sameAs\":[\"https:\/\/www.facebook.com\/xstylemd\",\"https:\/\/www.instagram.com\/xstyle_md\/\",\"https:\/\/t.me\/xstyle_outdoor\"],\"hasMerchantReturnPolicy\":{\"@type\":\"MerchantReturnPolicy\",\"merchantReturnLink\":\"https:\/\/xstyle.md\/ro\/conditions\/\"}}]}<\/script>\n<meta property=\"product:price:amount\" content=\"250.00\" \/>\n<meta property=\"product:price:currency\" content=\"MDL\" \/>\n<meta property=\"og:availability\" content=\"instock\" \/>\n<meta property=\"product:availability\" content=\"instock\" \/>\n<meta property=\"product:retailer_item_id\" content=\"887539013967\" \/>\n<meta property=\"product:condition\" content=\"new\" \/>\n<!-- \/ Yoast SEO plugin. -->","yoast_head_json":{"title":"Lac\u0103t pentru biciclet\u0103 M-WAVE D 12.9 MEM cable lock - Magazin Xstyle","description":"Lac\u0103t pentru biciclet\u0103 M-WAVE D 12.9 MEM \u2014 protec\u021bie fiabil\u0103 cu un cablu elastic de 12x900 mm. Diametru de 12 mm, se \u00eendoaie u\u0219or \u0219i \u00ee\u0219i p\u0103streaz\u0103 forma.","robots":{"index":"index","follow":"follow","max-snippet":"max-snippet:-1","max-image-preview":"max-image-preview:large","max-video-preview":"max-video-preview:-1"},"canonical":"https:\/\/xstyle.md\/ro\/produs\/velosipednyj-zamok-m-wave-d-12-9-mem-cable-lock\/","og_locale":"ro_RO","og_type":"article","og_title":"\u0412\u0435\u043b\u043e\u0441\u0438\u043f\u0435\u0434\u043d\u044b\u0439 \u0437\u0430\u043c\u043e\u043a M-WAVE D 12.9 MEM cable lock - \u041c\u0430\u0433\u0430\u0437\u0438\u043d Xstyle","og_description":"\u0417\u0430\u043c\u043e\u043a \u0434\u043b\u044f \u0432\u0435\u043b\u043e\u0441\u0438\u043f\u0435\u0434\u0430 M-WAVE D 12.9 MEM \u2014 \u043d\u0430\u0434\u0435\u0436\u043d\u0430\u044f \u0437\u0430\u0449\u0438\u0442\u0430 \u0441 \u044d\u043b\u0430\u0441\u0442\u0438\u0447\u043d\u044b\u043c \u043a\u0430\u0431\u0435\u043b\u0435\u043c 12x900\u043c\u043c. \u0414\u0438\u0430\u043c\u0435\u0442\u0440 12\u043c\u043c, \u043b\u0435\u0433\u043a\u043e \u0433\u043d\u0435\u0442\u0441\u044f \u0438 \u0441\u043e\u0445\u0440\u0430\u043d\u044f\u0435\u0442 \u0444\u043e\u0440\u043c\u0443.","og_url":"https:\/\/xstyle.md\/ro\/produs\/velosipednyj-zamok-m-wave-d-12-9-mem-cable-lock\/","og_site_name":"\u041c\u0430\u0433\u0430\u0437\u0438\u043d Xstyle","article_publisher":"https:\/\/www.facebook.com\/xstylemd","article_modified_time":"2026-03-19T13:41:28+00:00","og_image":[{"width":600,"height":600,"url":"https:\/\/xstyle.md\/wp-content\/uploads\/2021\/04\/231120_150813f.jpg","type":"image\/jpeg"}],"twitter_card":"summary_large_image","twitter_misc":{"Pre\u021b":"250&nbsp;MDL","Disponibilitate":"\u00cen stoc"},"schema":{"@context":"https:\/\/schema.org","@graph":[{"@type":"WebPage","@id":"https:\/\/xstyle.md\/product\/velosipednyj-zamok-m-wave-d-12-9-mem-cable-lock\/","url":"https:\/\/xstyle.md\/product\/velosipednyj-zamok-m-wave-d-12-9-mem-cable-lock\/","name":"Lac\u0103t pentru biciclet\u0103 M-WAVE D 12.9 MEM cable lock - Magazin Xstyle","isPartOf":{"@id":"https:\/\/xstyle.md\/#website"},"primaryImageOfPage":{"@id":"https:\/\/xstyle.md\/product\/velosipednyj-zamok-m-wave-d-12-9-mem-cable-lock\/#primaryimage"},"image":{"@id":"https:\/\/xstyle.md\/product\/velosipednyj-zamok-m-wave-d-12-9-mem-cable-lock\/#primaryimage"},"thumbnailUrl":"https:\/\/xstyle.md\/wp-content\/uploads\/2021\/04\/231120_150813f.jpg","datePublished":"2021-04-28T08:33:11+00:00","dateModified":"2026-03-19T13:41:28+00:00","description":"Lac\u0103t pentru biciclet\u0103 M-WAVE D 12.9 MEM \u2014 protec\u021bie fiabil\u0103 cu un cablu elastic de 12x900 mm. Diametru de 12 mm, se \u00eendoaie u\u0219or \u0219i \u00ee\u0219i p\u0103streaz\u0103 forma.","breadcrumb":{"@id":"https:\/\/xstyle.md\/product\/velosipednyj-zamok-m-wave-d-12-9-mem-cable-lock\/#breadcrumb"},"inLanguage":"ro-RO","potentialAction":[{"@type":"ReadAction","target":["https:\/\/xstyle.md\/product\/velosipednyj-zamok-m-wave-d-12-9-mem-cable-lock\/"]}]},{"@type":"ImageObject","inLanguage":"ro-RO","@id":"https:\/\/xstyle.md\/product\/velosipednyj-zamok-m-wave-d-12-9-mem-cable-lock\/#primaryimage","url":"https:\/\/xstyle.md\/wp-content\/uploads\/2021\/04\/231120_150813f.jpg","contentUrl":"https:\/\/xstyle.md\/wp-content\/uploads\/2021\/04\/231120_150813f.jpg","width":600,"height":600},{"@type":"BreadcrumbList","@id":"https:\/\/xstyle.md\/product\/velosipednyj-zamok-m-wave-d-12-9-mem-cable-lock\/#breadcrumb","itemListElement":[{"@type":"ListItem","position":1,"name":"\u0413\u043b\u0430\u0432\u043d\u0430\u044f \u0441\u0442\u0440\u0430\u043d\u0438\u0446\u0430","item":"https:\/\/xstyle.md\/"},{"@type":"ListItem","position":2,"name":"\u041c\u0430\u0433\u0430\u0437\u0438\u043d","item":"https:\/\/xstyle.md\/shop\/"},{"@type":"ListItem","position":3,"name":"\u0412\u0435\u043b\u043e\u0441\u0438\u043f\u0435\u0434\u043d\u044b\u0439 \u0437\u0430\u043c\u043e\u043a M-WAVE D 12.9 MEM cable lock"}]},{"@type":"WebSite","@id":"https:\/\/xstyle.md\/#website","url":"https:\/\/xstyle.md\/","name":"Magazinul X-Style","description":"Echipamente pentru turism \u0219i sporturi extreme \u00een Moldova. Pre\u021buri, fotografii, caracteristici \u00een Moldova.","publisher":{"@id":"https:\/\/xstyle.md\/#organization"},"alternateName":"X-Style","potentialAction":[{"@type":"SearchAction","target":{"@type":"EntryPoint","urlTemplate":"https:\/\/xstyle.md\/?s={search_term_string}"},"query-input":{"@type":"PropertyValueSpecification","valueRequired":true,"valueName":"search_term_string"}}],"inLanguage":"ro-RO"},{"@type":"Organization","@id":"https:\/\/xstyle.md\/#organization","name":"Magazinul X-Style","alternateName":"x-style","url":"https:\/\/xstyle.md\/","logo":{"@type":"ImageObject","inLanguage":"ro-RO","@id":"https:\/\/xstyle.md\/#\/schema\/logo\/image\/","url":"https:\/\/xstyle.md\/wp-content\/uploads\/2020\/06\/logoicon.svg","contentUrl":"https:\/\/xstyle.md\/wp-content\/uploads\/2020\/06\/logoicon.svg","caption":"\u041c\u0430\u0433\u0430\u0437\u0438\u043d Xstyle"},"image":{"@id":"https:\/\/xstyle.md\/#\/schema\/logo\/image\/"},"sameAs":["https:\/\/www.facebook.com\/xstylemd","https:\/\/www.instagram.com\/xstyle_md\/","https:\/\/t.me\/xstyle_outdoor"],"hasMerchantReturnPolicy":{"@type":"MerchantReturnPolicy","merchantReturnLink":"https:\/\/xstyle.md\/ro\/conditions\/"}}]},"product_price_amount":"250.00","product_price_currency":"MDL","og_availability":"instock","product_availability":"instock","product_retailer_item_id":"887539013967","product_condition":"new"},"post_mailing_queue_ids":[],"_links":{"self":[{"href":"https:\/\/xstyle.md\/ro\/wp-json\/wp\/v2\/product\/29858","targetHints":{"allow":["GET"]}}],"collection":[{"href":"https:\/\/xstyle.md\/ro\/wp-json\/wp\/v2\/product"}],"about":[{"href":"https:\/\/xstyle.md\/ro\/wp-json\/wp\/v2\/types\/product"}],"replies":[{"embeddable":true,"href":"https:\/\/xstyle.md\/ro\/wp-json\/wp\/v2\/comments?post=29858"}],"wp:featuredmedia":[{"embeddable":true,"href":"https:\/\/xstyle.md\/ro\/wp-json\/wp\/v2\/media\/29856"}],"wp:attachment":[{"href":"https:\/\/xstyle.md\/ro\/wp-json\/wp\/v2\/media?parent=29858"}],"wp:term":[{"taxonomy":"product_brand","embeddable":true,"href":"https:\/\/xstyle.md\/ro\/wp-json\/wp\/v2\/product_brand?post=29858"},{"taxonomy":"product_cat","embeddable":true,"href":"https:\/\/xstyle.md\/ro\/wp-json\/wp\/v2\/product_cat?post=29858"},{"taxonomy":"product_tag","embeddable":true,"href":"https:\/\/xstyle.md\/ro\/wp-json\/wp\/v2\/product_tag?post=29858"}],"curies":[{"name":"wp","href":"https:\/\/api.w.org\/{rel}","templated":true}]}}