{"id":29806,"date":"2021-04-28T11:31:56","date_gmt":"2021-04-28T08:31:56","guid":{"rendered":"https:\/\/xstyle.md\/product\/kreplenie-gopro-jaws-flex-clamp-acmpm-001\/"},"modified":"2026-02-12T19:57:53","modified_gmt":"2026-02-12T16:57:53","slug":"kreplenie-gopro-jaws-flex-clamp-acmpm-001","status":"publish","type":"product","link":"https:\/\/xstyle.md\/ro\/produs\/kreplenie-gopro-jaws-flex-clamp-acmpm-001\/","title":{"rendered":"Accesoriu GoPro Jaws Flex Clamp (ACMPM-001)"},"content":{"rendered":"<\/p>\n<p><strong>Sistem prindere GoPro Jaws Flex Clamp ACMPM-001<\/strong> &#8212; este conceput pentru montarea camerelor de ac\u021biune pe obiecte cu un diametru de 0,6 &#8212; 5 cm. Camera poate fi fixat\u0103 direct pe cuierul pentru haine sau \u00eempreun\u0103 cu un suport cu g\u00e2t de g\u00e2sc\u0103 pentru schimb\u0103ri rapide de unghi.<\/p>\n<h3>Caracteristici<\/h3>\n<ul>\n<li>Prinde \u00een siguran\u021b\u0103 camera dvs. de ac\u021biune pe marginea unei mese, pe un raft, u\u0219a dulapului \u0219i orice alte obiecte cu grosimea cuprins\u0103 \u00eentre 0,6 cm \u0219i 5 cm. Utiliza\u021bi Flex Clamp pe obiecte sta\u021bionare sau atunci c\u00e2nd filma\u021bi \u00een mi\u0219care la vitez\u0103 redus\u0103.<\/li>\n<li>Designul extensiei mobile poate schimba unghiul camerei atunci c\u00e2nd se deplaseaz\u0103 la viteze mari.<\/li>\n<li>Monta\u021bi orice model GoPro direct pe clem\u0103 sau \u00eempreun\u0103 cu extensia Gooseneck Flex. Suportul Gooseneck v\u0103 va permite s\u0103 roti\u021bi camera dvs. de ac\u021biune \u0219i s\u0103 schimba\u021bi unghiul dup\u0103 cum dori\u021bi. Datorit\u0103 pl\u0103cu\u021bei de eliberare rapid\u0103, pute\u021bi muta cu u\u0219urin\u021b\u0103 camera dvs. \u00eentre suporturi f\u0103r\u0103 a sl\u0103bi \u0219urubul micrometric. Cureaua reglabil\u0103 inclus\u0103 va asigura men\u021binerea \u00een siguran\u021b\u0103 a clemei, chiar \u0219i pe suprafe\u021be inegale sau cu diametru mic.<\/li>\n<\/ul>\n<p>Cump\u0103ra\u021bi GoPro Jaws: Flex Clamp este recomandat tuturor fanilor de monturi neobi\u0219nuite. De asemenea, dac\u0103 aprecia\u021bi mobilitatea \u00een film\u0103rile de ac\u021biune \u0219i accesoriile multifunc\u021bionale, v\u0103 recomand\u0103m s\u0103 cump\u0103ra\u021bi un suport cu ventuz\u0103 cu suport pivotant \u0219i trepied flexibil pentru GoPro.<\/p>\n<p><\/p>","protected":false},"excerpt":{"rendered":"<p>\u041a\u0440\u0435\u043f\u043b\u0435\u043d\u0438\u0435 GoPro Jaws Flex Clamp (ACMPM-001)<\/p>","protected":false},"featured_media":29804,"comment_status":"open","ping_status":"closed","template":"","meta":{"_acf_changed":false,"inline_featured_image":false},"product_brand":[1307],"product_cat":[866],"product_tag":[],"class_list":{"0":"post-29806","1":"product","2":"type-product","3":"status-publish","4":"has-post-thumbnail","6":"product_brand-gopro","7":"product_cat-mounting","9":"first","10":"instock","11":"shipping-taxable","12":"purchasable","13":"product-type-simple"},"acf":[],"yoast_head":"<!-- This site is optimized with the Yoast SEO plugin v27.4 - https:\/\/yoast.com\/product\/yoast-seo-wordpress\/ -->\n<title>\u041a\u0440\u0435\u043f\u043b\u0435\u043d\u0438\u0435-\u043f\u0440\u0438\u0449\u0435\u043f\u043a\u0430 GoPro Jaws Flex Clamp (ACMPM-001) - \u041c\u0430\u0433\u0430\u0437\u0438\u043d Xstyle<\/title>\n<meta name=\"description\" content=\"\u041a\u0440\u0435\u043f\u043b\u0435\u043d\u0438\u0435 GoPro Jaws Flex Clamp - \u043d\u0430\u0434\u0435\u0436\u043d\u043e\u0435 \u0440\u0435\u0448\u0435\u043d\u0438\u0435 \u0434\u043b\u044f \u0443\u0441\u0442\u0430\u043d\u043e\u0432\u043a\u0438 \u043a\u0430\u043c\u0435\u0440\u044b \u043d\u0430 \u043e\u0431\u044a\u0435\u043a\u0442\u0430\u0445 \u0434\u0438\u0430\u043c\u0435\u0442\u0440\u043e\u043c 0.6-5 \u0441\u043c. \u0418\u0434\u0435\u0430\u043b\u044c\u043d\u043e \u0434\u043b\u044f \u043b\u044e\u0431\u044b\u0445 \u0443\u0441\u043b\u043e\u0432\u0438\u0439 \u0441\u044a\u0435\u043c\u043a\u0438!\" \/>\n<meta name=\"robots\" content=\"index, follow, max-snippet:-1, max-image-preview:large, max-video-preview:-1\" \/>\n<link rel=\"canonical\" href=\"https:\/\/xstyle.md\/ro\/produs\/kreplenie-gopro-jaws-flex-clamp-acmpm-001\/\" \/>\n<meta property=\"og:locale\" content=\"ro_RO\" \/>\n<meta property=\"og:type\" content=\"article\" \/>\n<meta property=\"og:title\" content=\"\u041a\u0440\u0435\u043f\u043b\u0435\u043d\u0438\u0435-\u043f\u0440\u0438\u0449\u0435\u043f\u043a\u0430 GoPro Jaws Flex Clamp (ACMPM-001) - \u041c\u0430\u0433\u0430\u0437\u0438\u043d Xstyle\" \/>\n<meta property=\"og:description\" content=\"\u041a\u0440\u0435\u043f\u043b\u0435\u043d\u0438\u0435 GoPro Jaws Flex Clamp - \u043d\u0430\u0434\u0435\u0436\u043d\u043e\u0435 \u0440\u0435\u0448\u0435\u043d\u0438\u0435 \u0434\u043b\u044f \u0443\u0441\u0442\u0430\u043d\u043e\u0432\u043a\u0438 \u043a\u0430\u043c\u0435\u0440\u044b \u043d\u0430 \u043e\u0431\u044a\u0435\u043a\u0442\u0430\u0445 \u0434\u0438\u0430\u043c\u0435\u0442\u0440\u043e\u043c 0.6-5 \u0441\u043c. \u0418\u0434\u0435\u0430\u043b\u044c\u043d\u043e \u0434\u043b\u044f \u043b\u044e\u0431\u044b\u0445 \u0443\u0441\u043b\u043e\u0432\u0438\u0439 \u0441\u044a\u0435\u043c\u043a\u0438!\" \/>\n<meta property=\"og:url\" content=\"https:\/\/xstyle.md\/ro\/produs\/kreplenie-gopro-jaws-flex-clamp-acmpm-001\/\" \/>\n<meta property=\"og:site_name\" content=\"\u041c\u0430\u0433\u0430\u0437\u0438\u043d Xstyle\" \/>\n<meta property=\"article:publisher\" content=\"https:\/\/www.facebook.com\/xstylemd\" \/>\n<meta property=\"article:modified_time\" content=\"2026-02-12T16:57:53+00:00\" \/>\n<meta property=\"og:image\" content=\"https:\/\/xstyle.md\/wp-content\/uploads\/2021\/04\/acmpm-001-2.jpg\" \/>\n\t<meta property=\"og:image:width\" content=\"508\" \/>\n\t<meta property=\"og:image:height\" content=\"550\" \/>\n\t<meta property=\"og:image:type\" content=\"image\/jpeg\" \/>\n<meta name=\"twitter:card\" content=\"summary_large_image\" \/>\n<meta name=\"twitter:label1\" content=\"Pre\u021b\" \/>\n\t<meta name=\"twitter:data1\" content=\"1.390&nbsp;MDL\" \/>\n\t<meta name=\"twitter:label2\" content=\"Disponibilitate\" \/>\n\t<meta name=\"twitter:data2\" content=\"\u00cen stoc\" \/>\n<script type=\"application\/ld+json\" class=\"yoast-schema-graph\">{\"@context\":\"https:\\\/\\\/schema.org\",\"@graph\":[{\"@type\":\"WebPage\",\"@id\":\"https:\\\/\\\/xstyle.md\\\/product\\\/kreplenie-gopro-jaws-flex-clamp-acmpm-001\\\/\",\"url\":\"https:\\\/\\\/xstyle.md\\\/product\\\/kreplenie-gopro-jaws-flex-clamp-acmpm-001\\\/\",\"name\":\"\u041a\u0440\u0435\u043f\u043b\u0435\u043d\u0438\u0435-\u043f\u0440\u0438\u0449\u0435\u043f\u043a\u0430 GoPro Jaws Flex Clamp (ACMPM-001) - \u041c\u0430\u0433\u0430\u0437\u0438\u043d Xstyle\",\"isPartOf\":{\"@id\":\"https:\\\/\\\/xstyle.md\\\/#website\"},\"primaryImageOfPage\":{\"@id\":\"https:\\\/\\\/xstyle.md\\\/product\\\/kreplenie-gopro-jaws-flex-clamp-acmpm-001\\\/#primaryimage\"},\"image\":{\"@id\":\"https:\\\/\\\/xstyle.md\\\/product\\\/kreplenie-gopro-jaws-flex-clamp-acmpm-001\\\/#primaryimage\"},\"thumbnailUrl\":\"https:\\\/\\\/xstyle.md\\\/wp-content\\\/uploads\\\/2021\\\/04\\\/acmpm-001-2.jpg\",\"datePublished\":\"2021-04-28T08:31:56+00:00\",\"dateModified\":\"2026-02-12T16:57:53+00:00\",\"description\":\"\u041a\u0440\u0435\u043f\u043b\u0435\u043d\u0438\u0435 GoPro Jaws Flex Clamp - \u043d\u0430\u0434\u0435\u0436\u043d\u043e\u0435 \u0440\u0435\u0448\u0435\u043d\u0438\u0435 \u0434\u043b\u044f \u0443\u0441\u0442\u0430\u043d\u043e\u0432\u043a\u0438 \u043a\u0430\u043c\u0435\u0440\u044b \u043d\u0430 \u043e\u0431\u044a\u0435\u043a\u0442\u0430\u0445 \u0434\u0438\u0430\u043c\u0435\u0442\u0440\u043e\u043c 0.6-5 \u0441\u043c. \u0418\u0434\u0435\u0430\u043b\u044c\u043d\u043e \u0434\u043b\u044f \u043b\u044e\u0431\u044b\u0445 \u0443\u0441\u043b\u043e\u0432\u0438\u0439 \u0441\u044a\u0435\u043c\u043a\u0438!\",\"breadcrumb\":{\"@id\":\"https:\\\/\\\/xstyle.md\\\/product\\\/kreplenie-gopro-jaws-flex-clamp-acmpm-001\\\/#breadcrumb\"},\"inLanguage\":\"ro-RO\",\"potentialAction\":[{\"@type\":\"ReadAction\",\"target\":[\"https:\\\/\\\/xstyle.md\\\/product\\\/kreplenie-gopro-jaws-flex-clamp-acmpm-001\\\/\"]}]},{\"@type\":\"ImageObject\",\"inLanguage\":\"ro-RO\",\"@id\":\"https:\\\/\\\/xstyle.md\\\/product\\\/kreplenie-gopro-jaws-flex-clamp-acmpm-001\\\/#primaryimage\",\"url\":\"https:\\\/\\\/xstyle.md\\\/wp-content\\\/uploads\\\/2021\\\/04\\\/acmpm-001-2.jpg\",\"contentUrl\":\"https:\\\/\\\/xstyle.md\\\/wp-content\\\/uploads\\\/2021\\\/04\\\/acmpm-001-2.jpg\",\"width\":508,\"height\":550},{\"@type\":\"BreadcrumbList\",\"@id\":\"https:\\\/\\\/xstyle.md\\\/product\\\/kreplenie-gopro-jaws-flex-clamp-acmpm-001\\\/#breadcrumb\",\"itemListElement\":[{\"@type\":\"ListItem\",\"position\":1,\"name\":\"\u0413\u043b\u0430\u0432\u043d\u0430\u044f \u0441\u0442\u0440\u0430\u043d\u0438\u0446\u0430\",\"item\":\"https:\\\/\\\/xstyle.md\\\/\"},{\"@type\":\"ListItem\",\"position\":2,\"name\":\"\u041c\u0430\u0433\u0430\u0437\u0438\u043d\",\"item\":\"https:\\\/\\\/xstyle.md\\\/shop\\\/\"},{\"@type\":\"ListItem\",\"position\":3,\"name\":\"\u041a\u0440\u0435\u043f\u043b\u0435\u043d\u0438\u0435-\u043f\u0440\u0438\u0449\u0435\u043f\u043a\u0430 GoPro Jaws Flex Clamp (ACMPM-001)\"}]},{\"@type\":\"WebSite\",\"@id\":\"https:\\\/\\\/xstyle.md\\\/#website\",\"url\":\"https:\\\/\\\/xstyle.md\\\/\",\"name\":\"\u041c\u0430\u0433\u0430\u0437\u0438\u043d Xstyle\",\"description\":\"C\u043d\u0430\u0440\u044f\u0436\u0435\u043d\u0438\u0435 \u0434\u043b\u044f \u0442\u0443\u0440\u0438\u0437\u043c\u0430 \u0438 \u044d\u043a\u0441\u0442\u0440\u0435\u043c\u0430\u043b\u044c\u043d\u044b\u0445 \u0432\u0438\u0434\u043e\u0432 \u0441\u043f\u043e\u0440\u0442\u0430 \u0432 \u041c\u043e\u043b\u0434\u043e\u0432\u0435.. \u0426\u0435\u043d\u044b, \u0444\u043e\u0442\u043e, \u0445\u0430\u0440\u0430\u043a\u0442\u0435\u0440\u0438\u0441\u0442\u0438\u043a\u0438 \u0432 \u041c\u043e\u043b\u0434\u043e\u0432\u0435.\",\"publisher\":{\"@id\":\"https:\\\/\\\/xstyle.md\\\/#organization\"},\"alternateName\":\"X-Style\",\"potentialAction\":[{\"@type\":\"SearchAction\",\"target\":{\"@type\":\"EntryPoint\",\"urlTemplate\":\"https:\\\/\\\/xstyle.md\\\/?s={search_term_string}\"},\"query-input\":{\"@type\":\"PropertyValueSpecification\",\"valueRequired\":true,\"valueName\":\"search_term_string\"}}],\"inLanguage\":\"ro-RO\"},{\"@type\":\"Organization\",\"@id\":\"https:\\\/\\\/xstyle.md\\\/#organization\",\"name\":\"\u041c\u0430\u0433\u0430\u0437\u0438\u043d Xstyle\",\"alternateName\":\"x-style\",\"url\":\"https:\\\/\\\/xstyle.md\\\/\",\"logo\":{\"@type\":\"ImageObject\",\"inLanguage\":\"ro-RO\",\"@id\":\"https:\\\/\\\/xstyle.md\\\/#\\\/schema\\\/logo\\\/image\\\/\",\"url\":\"https:\\\/\\\/xstyle.md\\\/wp-content\\\/uploads\\\/2020\\\/06\\\/logoicon.svg\",\"contentUrl\":\"https:\\\/\\\/xstyle.md\\\/wp-content\\\/uploads\\\/2020\\\/06\\\/logoicon.svg\",\"caption\":\"\u041c\u0430\u0433\u0430\u0437\u0438\u043d Xstyle\"},\"image\":{\"@id\":\"https:\\\/\\\/xstyle.md\\\/#\\\/schema\\\/logo\\\/image\\\/\"},\"sameAs\":[\"https:\\\/\\\/www.facebook.com\\\/xstylemd\",\"https:\\\/\\\/www.instagram.com\\\/xstyle_md\\\/\",\"https:\\\/\\\/t.me\\\/xstyle_outdoor\"],\"hasMerchantReturnPolicy\":{\"@type\":\"MerchantReturnPolicy\",\"merchantReturnLink\":\"https:\\\/\\\/xstyle.md\\\/ro\\\/conditions\\\/\"}}]}<\/script>\n<meta property=\"product:price:amount\" content=\"1390.00\" \/>\n<meta property=\"product:price:currency\" content=\"MDL\" \/>\n<meta property=\"og:availability\" content=\"instock\" \/>\n<meta property=\"product:availability\" content=\"instock\" \/>\n<meta property=\"product:retailer_item_id\" content=\"ACMPM-001\" \/>\n<meta property=\"product:condition\" content=\"new\" \/>\n<!-- \/ Yoast SEO plugin. -->","yoast_head_json":{"title":"\u041a\u0440\u0435\u043f\u043b\u0435\u043d\u0438\u0435-\u043f\u0440\u0438\u0449\u0435\u043f\u043a\u0430 GoPro Jaws Flex Clamp (ACMPM-001) - \u041c\u0430\u0433\u0430\u0437\u0438\u043d Xstyle","description":"Krepling GoPro Jaws Flex Clamp - o solu\u021bie fiabil\u0103 pentru montarea camerei pe obiecte cu un diametru de 0.6-5 cm. Ideal\u0103 pentru orice condi\u021bii de filmare!","robots":{"index":"index","follow":"follow","max-snippet":"max-snippet:-1","max-image-preview":"max-image-preview:large","max-video-preview":"max-video-preview:-1"},"canonical":"https:\/\/xstyle.md\/ro\/produs\/kreplenie-gopro-jaws-flex-clamp-acmpm-001\/","og_locale":"ro_RO","og_type":"article","og_title":"\u041a\u0440\u0435\u043f\u043b\u0435\u043d\u0438\u0435-\u043f\u0440\u0438\u0449\u0435\u043f\u043a\u0430 GoPro Jaws Flex Clamp (ACMPM-001) - \u041c\u0430\u0433\u0430\u0437\u0438\u043d Xstyle","og_description":"\u041a\u0440\u0435\u043f\u043b\u0435\u043d\u0438\u0435 GoPro Jaws Flex Clamp - \u043d\u0430\u0434\u0435\u0436\u043d\u043e\u0435 \u0440\u0435\u0448\u0435\u043d\u0438\u0435 \u0434\u043b\u044f \u0443\u0441\u0442\u0430\u043d\u043e\u0432\u043a\u0438 \u043a\u0430\u043c\u0435\u0440\u044b \u043d\u0430 \u043e\u0431\u044a\u0435\u043a\u0442\u0430\u0445 \u0434\u0438\u0430\u043c\u0435\u0442\u0440\u043e\u043c 0.6-5 \u0441\u043c. \u0418\u0434\u0435\u0430\u043b\u044c\u043d\u043e \u0434\u043b\u044f \u043b\u044e\u0431\u044b\u0445 \u0443\u0441\u043b\u043e\u0432\u0438\u0439 \u0441\u044a\u0435\u043c\u043a\u0438!","og_url":"https:\/\/xstyle.md\/ro\/produs\/kreplenie-gopro-jaws-flex-clamp-acmpm-001\/","og_site_name":"\u041c\u0430\u0433\u0430\u0437\u0438\u043d Xstyle","article_publisher":"https:\/\/www.facebook.com\/xstylemd","article_modified_time":"2026-02-12T16:57:53+00:00","og_image":[{"width":508,"height":550,"url":"https:\/\/xstyle.md\/wp-content\/uploads\/2021\/04\/acmpm-001-2.jpg","type":"image\/jpeg"}],"twitter_card":"summary_large_image","twitter_misc":{"Pre\u021b":"1.390&nbsp;MDL","Disponibilitate":"\u00cen stoc"},"schema":{"@context":"https:\/\/schema.org","@graph":[{"@type":"WebPage","@id":"https:\/\/xstyle.md\/product\/kreplenie-gopro-jaws-flex-clamp-acmpm-001\/","url":"https:\/\/xstyle.md\/product\/kreplenie-gopro-jaws-flex-clamp-acmpm-001\/","name":"\u041a\u0440\u0435\u043f\u043b\u0435\u043d\u0438\u0435-\u043f\u0440\u0438\u0449\u0435\u043f\u043a\u0430 GoPro Jaws Flex Clamp (ACMPM-001) - \u041c\u0430\u0433\u0430\u0437\u0438\u043d Xstyle","isPartOf":{"@id":"https:\/\/xstyle.md\/#website"},"primaryImageOfPage":{"@id":"https:\/\/xstyle.md\/product\/kreplenie-gopro-jaws-flex-clamp-acmpm-001\/#primaryimage"},"image":{"@id":"https:\/\/xstyle.md\/product\/kreplenie-gopro-jaws-flex-clamp-acmpm-001\/#primaryimage"},"thumbnailUrl":"https:\/\/xstyle.md\/wp-content\/uploads\/2021\/04\/acmpm-001-2.jpg","datePublished":"2021-04-28T08:31:56+00:00","dateModified":"2026-02-12T16:57:53+00:00","description":"Krepling GoPro Jaws Flex Clamp - o solu\u021bie fiabil\u0103 pentru montarea camerei pe obiecte cu un diametru de 0.6-5 cm. Ideal\u0103 pentru orice condi\u021bii de filmare!","breadcrumb":{"@id":"https:\/\/xstyle.md\/product\/kreplenie-gopro-jaws-flex-clamp-acmpm-001\/#breadcrumb"},"inLanguage":"ro-RO","potentialAction":[{"@type":"ReadAction","target":["https:\/\/xstyle.md\/product\/kreplenie-gopro-jaws-flex-clamp-acmpm-001\/"]}]},{"@type":"ImageObject","inLanguage":"ro-RO","@id":"https:\/\/xstyle.md\/product\/kreplenie-gopro-jaws-flex-clamp-acmpm-001\/#primaryimage","url":"https:\/\/xstyle.md\/wp-content\/uploads\/2021\/04\/acmpm-001-2.jpg","contentUrl":"https:\/\/xstyle.md\/wp-content\/uploads\/2021\/04\/acmpm-001-2.jpg","width":508,"height":550},{"@type":"BreadcrumbList","@id":"https:\/\/xstyle.md\/product\/kreplenie-gopro-jaws-flex-clamp-acmpm-001\/#breadcrumb","itemListElement":[{"@type":"ListItem","position":1,"name":"\u0413\u043b\u0430\u0432\u043d\u0430\u044f \u0441\u0442\u0440\u0430\u043d\u0438\u0446\u0430","item":"https:\/\/xstyle.md\/"},{"@type":"ListItem","position":2,"name":"\u041c\u0430\u0433\u0430\u0437\u0438\u043d","item":"https:\/\/xstyle.md\/shop\/"},{"@type":"ListItem","position":3,"name":"\u041a\u0440\u0435\u043f\u043b\u0435\u043d\u0438\u0435-\u043f\u0440\u0438\u0449\u0435\u043f\u043a\u0430 GoPro Jaws Flex Clamp (ACMPM-001)"}]},{"@type":"WebSite","@id":"https:\/\/xstyle.md\/#website","url":"https:\/\/xstyle.md\/","name":"Magazinul X-Style","description":"Echipamente pentru turism \u0219i sporturi extreme \u00een Moldova. Pre\u021buri, fotografii, caracteristici \u00een Moldova.","publisher":{"@id":"https:\/\/xstyle.md\/#organization"},"alternateName":"X-Style","potentialAction":[{"@type":"SearchAction","target":{"@type":"EntryPoint","urlTemplate":"https:\/\/xstyle.md\/?s={search_term_string}"},"query-input":{"@type":"PropertyValueSpecification","valueRequired":true,"valueName":"search_term_string"}}],"inLanguage":"ro-RO"},{"@type":"Organization","@id":"https:\/\/xstyle.md\/#organization","name":"Magazinul X-Style","alternateName":"x-style","url":"https:\/\/xstyle.md\/","logo":{"@type":"ImageObject","inLanguage":"ro-RO","@id":"https:\/\/xstyle.md\/#\/schema\/logo\/image\/","url":"https:\/\/xstyle.md\/wp-content\/uploads\/2020\/06\/logoicon.svg","contentUrl":"https:\/\/xstyle.md\/wp-content\/uploads\/2020\/06\/logoicon.svg","caption":"\u041c\u0430\u0433\u0430\u0437\u0438\u043d Xstyle"},"image":{"@id":"https:\/\/xstyle.md\/#\/schema\/logo\/image\/"},"sameAs":["https:\/\/www.facebook.com\/xstylemd","https:\/\/www.instagram.com\/xstyle_md\/","https:\/\/t.me\/xstyle_outdoor"],"hasMerchantReturnPolicy":{"@type":"MerchantReturnPolicy","merchantReturnLink":"https:\/\/xstyle.md\/ro\/conditions\/"}}]},"product_price_amount":"1390.00","product_price_currency":"MDL","og_availability":"instock","product_availability":"instock","product_retailer_item_id":"ACMPM-001","product_condition":"new"},"_links":{"self":[{"href":"https:\/\/xstyle.md\/ro\/wp-json\/wp\/v2\/product\/29806","targetHints":{"allow":["GET"]}}],"collection":[{"href":"https:\/\/xstyle.md\/ro\/wp-json\/wp\/v2\/product"}],"about":[{"href":"https:\/\/xstyle.md\/ro\/wp-json\/wp\/v2\/types\/product"}],"replies":[{"embeddable":true,"href":"https:\/\/xstyle.md\/ro\/wp-json\/wp\/v2\/comments?post=29806"}],"wp:featuredmedia":[{"embeddable":true,"href":"https:\/\/xstyle.md\/ro\/wp-json\/wp\/v2\/media\/29804"}],"wp:attachment":[{"href":"https:\/\/xstyle.md\/ro\/wp-json\/wp\/v2\/media?parent=29806"}],"wp:term":[{"taxonomy":"product_brand","embeddable":true,"href":"https:\/\/xstyle.md\/ro\/wp-json\/wp\/v2\/product_brand?post=29806"},{"taxonomy":"product_cat","embeddable":true,"href":"https:\/\/xstyle.md\/ro\/wp-json\/wp\/v2\/product_cat?post=29806"},{"taxonomy":"product_tag","embeddable":true,"href":"https:\/\/xstyle.md\/ro\/wp-json\/wp\/v2\/product_tag?post=29806"}],"curies":[{"name":"wp","href":"https:\/\/api.w.org\/{rel}","templated":true}]}}