{"id":29709,"date":"2021-04-28T11:29:18","date_gmt":"2021-04-28T08:29:18","guid":{"rendered":"https:\/\/xstyle.md\/product\/shapka-viking-regular-212-10-6154-74\/"},"modified":"2026-03-19T16:20:35","modified_gmt":"2026-03-19T13:20:35","slug":"shapka-viking-regular-212-10-6154-74","status":"publish","type":"product","link":"https:\/\/xstyle.md\/ro\/produs\/shapka-viking-regular-212-10-6154-74\/","title":{"rendered":"C\u0103ciul\u0103 Viking Regular 212\/10\/6154\/74"},"content":{"rendered":"<\/p>\n<p>C\u0103ciul\u0103 clasic\u0103 de la produc\u0103torul polonez <strong>Viking Regular 212\/10\/6154\/74\u00a0<\/strong>va fi un accesoriu excelent pentru a v\u0103 proteja capul de \u00eenghe\u021b \u0219i v\u00e2nt \u00een timpul sezonului rece. Aceast\u0103 p\u0103l\u0103rie este convenabil\u0103 nu numai pentru a v\u0103 plimba prin ora\u0219, ci \u0219i pentru a face sporturi active, de exemplu, schi sau snowboarding. P\u0103l\u0103ria tricotat\u0103 se caracterizeaz\u0103 printr-o izolare termic\u0103 ridicat\u0103, exist\u0103 un strat de fleece, care contribuie la o mai bun\u0103 protec\u021bie termic\u0103.<\/p>\n<h3>Particularit\u0103\u021bi<\/h3>\n<ul>\n<li>Produsul are un design original<\/li>\n<li>T\u0103ietur\u0103 ergonomic\u0103<\/li>\n<li>Sunt folosite doar materiale de cea mai bun\u0103 calitate<\/li>\n<li>Asigur\u0103 un confort maxim<\/li>\n<li>C\u0103ptu\u0219eala din fleece protejeaz\u0103 fruntea \u0219i urechile de v\u00e2nt \u0219i \u00eenghe\u021b.<\/li>\n<li>Ideal pentru plimb\u0103ri lungi pe vreme rece, precum \u0219i pentru sporturile de iarn\u0103.<\/li>\n<\/ul>\n<h3>Caracteristici<\/h3>\n<ul>\n<li>Material &#8212; acrilic<\/li>\n<li>Scop &#8212; urban, sporturi de iarn\u0103<\/li>\n<li>Model - b\u0103rba\u021bi.<\/li>\n<\/ul>\n<h3>Marca<\/h3>\n<p>VIKING este o marc\u0103 polonez\u0103 de \u00eembr\u0103c\u0103minte sportiv\u0103 care opereaz\u0103 cu succes pe pia\u021ba polonez\u0103 de mul\u021bi ani \u0219i este distribuitor al m\u0103rcilor sportive globale. A fost \u00eenfiin\u021bat\u0103 \u00een 1996, la acea vreme fiind produse doar dou\u0103 categorii de produse: m\u0103nu\u0219i de schi \u0219i m\u0103nu\u0219i de snowboard. \u00cenc\u0103 de la \u00eenceput, au fost definite principiile care ghideaz\u0103 compania p\u00e2n\u0103 \u00een prezent: selectarea materialelor moderne, performan\u021b\u0103 de \u00eenalt\u0103 calitate, func\u021bionalitate, precum \u0219i conformitatea designului cu cele mai recente tendin\u021be ale modei sportive.<\/p>\n<p>Prestigiul m\u0103rcii a crescut propor\u021bional cu participarea sa pe pia\u021ba polonez\u0103 de accesorii sportive, r\u0103m\u00e2n\u00e2nd lider pentru o perioad\u0103 foarte lung\u0103 de timp. \u00cen plus, produsele Viking sunt disponibile \u00een Ucraina, Slovacia \u0219i Moldova, precum \u0219i \u00een Rusia, Spania, Fran\u021ba, Republica Ceh\u0103, Serbia \u0219i Germania. Viking \u00eembin\u0103 pasiunea, solu\u021biile tehnologice moderne \u0219i cele mai relevante, f\u0103r\u0103 nicio limit\u0103.<\/p>\n<p><\/p>","protected":false},"excerpt":{"rendered":"<p>C\u0103ciul\u0103 Viking Regular 212\/10\/6154\/74<\/p>","protected":false},"featured_media":46642,"comment_status":"open","ping_status":"closed","template":"","meta":{"_acf_changed":false,"inline_featured_image":false},"product_brand":[1314],"product_cat":[369],"product_tag":[],"class_list":{"0":"post-29709","1":"product","2":"type-product","3":"status-publish","4":"has-post-thumbnail","6":"product_brand-viking","7":"product_cat-shapki-viking","9":"first","10":"instock","11":"shipping-taxable","12":"purchasable","13":"product-type-simple"},"acf":[],"yoast_head":"<!-- This site is optimized with the Yoast SEO plugin v27.4 - https:\/\/yoast.com\/product\/yoast-seo-wordpress\/ -->\n<title>\u0428\u0430\u043f\u043a\u0430 Viking Regular 212\/10\/6154\/74 - \u041c\u0430\u0433\u0430\u0437\u0438\u043d Xstyle<\/title>\n<meta name=\"description\" content=\"\u0428\u0430\u043f\u043a\u0430 Viking Regular 212\/10\/6154\/74 - \u0438\u0434\u0435\u0430\u043b\u044c\u043d\u044b\u0439 \u0430\u043a\u0441\u0435\u0441\u0441\u0443\u0430\u0440 \u0434\u043b\u044f \u0437\u0430\u0449\u0438\u0442\u044b \u043e\u0442 \u0445\u043e\u043b\u043e\u0434\u0430 \u0438 \u0432\u0435\u0442\u0440\u0430. \u041e\u0442\u043b\u0438\u0447\u043d\u043e \u043f\u043e\u0434\u0445\u043e\u0434\u0438\u0442 \u0434\u043b\u044f \u043f\u0440\u043e\u0433\u0443\u043b\u043e\u043a \u0438 \u0430\u043a\u0442\u0438\u0432\u043d\u043e\u0433\u043e \u043e\u0442\u0434\u044b\u0445\u0430!\" \/>\n<meta name=\"robots\" content=\"index, follow, max-snippet:-1, max-image-preview:large, max-video-preview:-1\" \/>\n<link rel=\"canonical\" href=\"https:\/\/xstyle.md\/ro\/produs\/shapka-viking-regular-212-10-6154-74\/\" \/>\n<meta property=\"og:locale\" content=\"ro_RO\" \/>\n<meta property=\"og:type\" content=\"article\" \/>\n<meta property=\"og:title\" content=\"\u0428\u0430\u043f\u043a\u0430 Viking Regular 212\/10\/6154\/74 - \u041c\u0430\u0433\u0430\u0437\u0438\u043d Xstyle\" \/>\n<meta property=\"og:description\" content=\"\u0428\u0430\u043f\u043a\u0430 Viking Regular 212\/10\/6154\/74 - \u0438\u0434\u0435\u0430\u043b\u044c\u043d\u044b\u0439 \u0430\u043a\u0441\u0435\u0441\u0441\u0443\u0430\u0440 \u0434\u043b\u044f \u0437\u0430\u0449\u0438\u0442\u044b \u043e\u0442 \u0445\u043e\u043b\u043e\u0434\u0430 \u0438 \u0432\u0435\u0442\u0440\u0430. \u041e\u0442\u043b\u0438\u0447\u043d\u043e \u043f\u043e\u0434\u0445\u043e\u0434\u0438\u0442 \u0434\u043b\u044f \u043f\u0440\u043e\u0433\u0443\u043b\u043e\u043a \u0438 \u0430\u043a\u0442\u0438\u0432\u043d\u043e\u0433\u043e \u043e\u0442\u0434\u044b\u0445\u0430!\" \/>\n<meta property=\"og:url\" content=\"https:\/\/xstyle.md\/ro\/produs\/shapka-viking-regular-212-10-6154-74\/\" \/>\n<meta property=\"og:site_name\" content=\"\u041c\u0430\u0433\u0430\u0437\u0438\u043d Xstyle\" \/>\n<meta property=\"article:publisher\" content=\"https:\/\/www.facebook.com\/xstylemd\" \/>\n<meta property=\"article:modified_time\" content=\"2026-03-19T13:20:35+00:00\" \/>\n<meta property=\"og:image\" content=\"https:\/\/xstyle.md\/wp-content\/uploads\/2021\/04\/viking-regular74.jpg\" \/>\n\t<meta property=\"og:image:width\" content=\"375\" \/>\n\t<meta property=\"og:image:height\" content=\"375\" \/>\n\t<meta property=\"og:image:type\" content=\"image\/jpeg\" \/>\n<meta name=\"twitter:card\" content=\"summary_large_image\" \/>\n<meta name=\"twitter:label1\" content=\"Pre\u021b\" \/>\n\t<meta name=\"twitter:data1\" content=\"295&nbsp;MDL\" \/>\n\t<meta name=\"twitter:label2\" content=\"Disponibilitate\" \/>\n\t<meta name=\"twitter:data2\" content=\"\u00cen stoc\" \/>\n<script type=\"application\/ld+json\" class=\"yoast-schema-graph\">{\"@context\":\"https:\\\/\\\/schema.org\",\"@graph\":[{\"@type\":\"WebPage\",\"@id\":\"https:\\\/\\\/xstyle.md\\\/product\\\/shapka-viking-regular-212-10-6154-74\\\/\",\"url\":\"https:\\\/\\\/xstyle.md\\\/product\\\/shapka-viking-regular-212-10-6154-74\\\/\",\"name\":\"\u0428\u0430\u043f\u043a\u0430 Viking Regular 212\\\/10\\\/6154\\\/74 - \u041c\u0430\u0433\u0430\u0437\u0438\u043d Xstyle\",\"isPartOf\":{\"@id\":\"https:\\\/\\\/xstyle.md\\\/#website\"},\"primaryImageOfPage\":{\"@id\":\"https:\\\/\\\/xstyle.md\\\/product\\\/shapka-viking-regular-212-10-6154-74\\\/#primaryimage\"},\"image\":{\"@id\":\"https:\\\/\\\/xstyle.md\\\/product\\\/shapka-viking-regular-212-10-6154-74\\\/#primaryimage\"},\"thumbnailUrl\":\"https:\\\/\\\/xstyle.md\\\/wp-content\\\/uploads\\\/2021\\\/04\\\/viking-regular74.jpg\",\"datePublished\":\"2021-04-28T08:29:18+00:00\",\"dateModified\":\"2026-03-19T13:20:35+00:00\",\"description\":\"\u0428\u0430\u043f\u043a\u0430 Viking Regular 212\\\/10\\\/6154\\\/74 - \u0438\u0434\u0435\u0430\u043b\u044c\u043d\u044b\u0439 \u0430\u043a\u0441\u0435\u0441\u0441\u0443\u0430\u0440 \u0434\u043b\u044f \u0437\u0430\u0449\u0438\u0442\u044b \u043e\u0442 \u0445\u043e\u043b\u043e\u0434\u0430 \u0438 \u0432\u0435\u0442\u0440\u0430. \u041e\u0442\u043b\u0438\u0447\u043d\u043e \u043f\u043e\u0434\u0445\u043e\u0434\u0438\u0442 \u0434\u043b\u044f \u043f\u0440\u043e\u0433\u0443\u043b\u043e\u043a \u0438 \u0430\u043a\u0442\u0438\u0432\u043d\u043e\u0433\u043e \u043e\u0442\u0434\u044b\u0445\u0430!\",\"breadcrumb\":{\"@id\":\"https:\\\/\\\/xstyle.md\\\/product\\\/shapka-viking-regular-212-10-6154-74\\\/#breadcrumb\"},\"inLanguage\":\"ro-RO\",\"potentialAction\":[{\"@type\":\"ReadAction\",\"target\":[\"https:\\\/\\\/xstyle.md\\\/product\\\/shapka-viking-regular-212-10-6154-74\\\/\"]}]},{\"@type\":\"ImageObject\",\"inLanguage\":\"ro-RO\",\"@id\":\"https:\\\/\\\/xstyle.md\\\/product\\\/shapka-viking-regular-212-10-6154-74\\\/#primaryimage\",\"url\":\"https:\\\/\\\/xstyle.md\\\/wp-content\\\/uploads\\\/2021\\\/04\\\/viking-regular74.jpg\",\"contentUrl\":\"https:\\\/\\\/xstyle.md\\\/wp-content\\\/uploads\\\/2021\\\/04\\\/viking-regular74.jpg\",\"width\":375,\"height\":375,\"caption\":\"\u0428\u0430\u043f\u043a\u0430 Viking Regular 212\\\/10\\\/6154\\\/74 \u0434\u043b\u044f \u0430\u043a\u0442\u0438\u0432\u043d\u043e\u0433\u043e \u043e\u0442\u0434\u044b\u0445\u0430, \u043f\u043e\u0445\u043e\u0434\u043e\u0432 \u0438 \u043f\u0443\u0442\u0435\u0448\u0435\u0441\u0442\u0432\u0438\u0439, \u043e\u0434\u0435\u0436\u0434\u0430 \u0438 \u043e\u0431\u0443\u0432\u044c \u0434\u043b\u044f \u0430\u043b\u044c\u043f\u0438\u043d\u0438\u0437\u043c\u0430 \u0438 \u0442\u0443\u0440\u0438\u0437\u043c\u0430\"},{\"@type\":\"BreadcrumbList\",\"@id\":\"https:\\\/\\\/xstyle.md\\\/product\\\/shapka-viking-regular-212-10-6154-74\\\/#breadcrumb\",\"itemListElement\":[{\"@type\":\"ListItem\",\"position\":1,\"name\":\"\u0413\u043b\u0430\u0432\u043d\u0430\u044f \u0441\u0442\u0440\u0430\u043d\u0438\u0446\u0430\",\"item\":\"https:\\\/\\\/xstyle.md\\\/\"},{\"@type\":\"ListItem\",\"position\":2,\"name\":\"\u041c\u0430\u0433\u0430\u0437\u0438\u043d\",\"item\":\"https:\\\/\\\/xstyle.md\\\/shop\\\/\"},{\"@type\":\"ListItem\",\"position\":3,\"name\":\"\u0428\u0430\u043f\u043a\u0430 Viking Regular 212\\\/10\\\/6154\\\/74\"}]},{\"@type\":\"WebSite\",\"@id\":\"https:\\\/\\\/xstyle.md\\\/#website\",\"url\":\"https:\\\/\\\/xstyle.md\\\/\",\"name\":\"\u041c\u0430\u0433\u0430\u0437\u0438\u043d Xstyle\",\"description\":\"C\u043d\u0430\u0440\u044f\u0436\u0435\u043d\u0438\u0435 \u0434\u043b\u044f \u0442\u0443\u0440\u0438\u0437\u043c\u0430 \u0438 \u044d\u043a\u0441\u0442\u0440\u0435\u043c\u0430\u043b\u044c\u043d\u044b\u0445 \u0432\u0438\u0434\u043e\u0432 \u0441\u043f\u043e\u0440\u0442\u0430 \u0432 \u041c\u043e\u043b\u0434\u043e\u0432\u0435.. \u0426\u0435\u043d\u044b, \u0444\u043e\u0442\u043e, \u0445\u0430\u0440\u0430\u043a\u0442\u0435\u0440\u0438\u0441\u0442\u0438\u043a\u0438 \u0432 \u041c\u043e\u043b\u0434\u043e\u0432\u0435.\",\"publisher\":{\"@id\":\"https:\\\/\\\/xstyle.md\\\/#organization\"},\"alternateName\":\"X-Style\",\"potentialAction\":[{\"@type\":\"SearchAction\",\"target\":{\"@type\":\"EntryPoint\",\"urlTemplate\":\"https:\\\/\\\/xstyle.md\\\/?s={search_term_string}\"},\"query-input\":{\"@type\":\"PropertyValueSpecification\",\"valueRequired\":true,\"valueName\":\"search_term_string\"}}],\"inLanguage\":\"ro-RO\"},{\"@type\":\"Organization\",\"@id\":\"https:\\\/\\\/xstyle.md\\\/#organization\",\"name\":\"\u041c\u0430\u0433\u0430\u0437\u0438\u043d Xstyle\",\"alternateName\":\"x-style\",\"url\":\"https:\\\/\\\/xstyle.md\\\/\",\"logo\":{\"@type\":\"ImageObject\",\"inLanguage\":\"ro-RO\",\"@id\":\"https:\\\/\\\/xstyle.md\\\/#\\\/schema\\\/logo\\\/image\\\/\",\"url\":\"https:\\\/\\\/xstyle.md\\\/wp-content\\\/uploads\\\/2020\\\/06\\\/logoicon.svg\",\"contentUrl\":\"https:\\\/\\\/xstyle.md\\\/wp-content\\\/uploads\\\/2020\\\/06\\\/logoicon.svg\",\"caption\":\"\u041c\u0430\u0433\u0430\u0437\u0438\u043d Xstyle\"},\"image\":{\"@id\":\"https:\\\/\\\/xstyle.md\\\/#\\\/schema\\\/logo\\\/image\\\/\"},\"sameAs\":[\"https:\\\/\\\/www.facebook.com\\\/xstylemd\",\"https:\\\/\\\/www.instagram.com\\\/xstyle_md\\\/\",\"https:\\\/\\\/t.me\\\/xstyle_outdoor\"],\"hasMerchantReturnPolicy\":{\"@type\":\"MerchantReturnPolicy\",\"merchantReturnLink\":\"https:\\\/\\\/xstyle.md\\\/ro\\\/conditions\\\/\"}}]}<\/script>\n<meta property=\"product:price:amount\" content=\"295.00\" \/>\n<meta property=\"product:price:currency\" content=\"MDL\" \/>\n<meta property=\"og:availability\" content=\"instock\" \/>\n<meta property=\"product:availability\" content=\"instock\" \/>\n<meta property=\"product:retailer_item_id\" content=\"5908234765953\" \/>\n<meta property=\"product:condition\" content=\"new\" \/>\n<!-- \/ Yoast SEO plugin. -->","yoast_head_json":{"title":"C\u0103ciul\u0103 Viking Regular 212\/10\/6154\/74 - Magazin Xstyle","description":"\u0218apca Viking Regular 212\/10\/6154\/74 - accesoriul ideal pentru protec\u021bia \u00eempotriva frigului \u0219i v\u00e2ntului. Perfect\u0103 pentru plimb\u0103ri \u0219i activit\u0103\u021bi \u00een aer liber!","robots":{"index":"index","follow":"follow","max-snippet":"max-snippet:-1","max-image-preview":"max-image-preview:large","max-video-preview":"max-video-preview:-1"},"canonical":"https:\/\/xstyle.md\/ro\/produs\/shapka-viking-regular-212-10-6154-74\/","og_locale":"ro_RO","og_type":"article","og_title":"\u0428\u0430\u043f\u043a\u0430 Viking Regular 212\/10\/6154\/74 - \u041c\u0430\u0433\u0430\u0437\u0438\u043d Xstyle","og_description":"\u0428\u0430\u043f\u043a\u0430 Viking Regular 212\/10\/6154\/74 - \u0438\u0434\u0435\u0430\u043b\u044c\u043d\u044b\u0439 \u0430\u043a\u0441\u0435\u0441\u0441\u0443\u0430\u0440 \u0434\u043b\u044f \u0437\u0430\u0449\u0438\u0442\u044b \u043e\u0442 \u0445\u043e\u043b\u043e\u0434\u0430 \u0438 \u0432\u0435\u0442\u0440\u0430. \u041e\u0442\u043b\u0438\u0447\u043d\u043e \u043f\u043e\u0434\u0445\u043e\u0434\u0438\u0442 \u0434\u043b\u044f \u043f\u0440\u043e\u0433\u0443\u043b\u043e\u043a \u0438 \u0430\u043a\u0442\u0438\u0432\u043d\u043e\u0433\u043e \u043e\u0442\u0434\u044b\u0445\u0430!","og_url":"https:\/\/xstyle.md\/ro\/produs\/shapka-viking-regular-212-10-6154-74\/","og_site_name":"\u041c\u0430\u0433\u0430\u0437\u0438\u043d Xstyle","article_publisher":"https:\/\/www.facebook.com\/xstylemd","article_modified_time":"2026-03-19T13:20:35+00:00","og_image":[{"width":375,"height":375,"url":"https:\/\/xstyle.md\/wp-content\/uploads\/2021\/04\/viking-regular74.jpg","type":"image\/jpeg"}],"twitter_card":"summary_large_image","twitter_misc":{"Pre\u021b":"295&nbsp;MDL","Disponibilitate":"\u00cen stoc"},"schema":{"@context":"https:\/\/schema.org","@graph":[{"@type":"WebPage","@id":"https:\/\/xstyle.md\/product\/shapka-viking-regular-212-10-6154-74\/","url":"https:\/\/xstyle.md\/product\/shapka-viking-regular-212-10-6154-74\/","name":"C\u0103ciul\u0103 Viking Regular 212\/10\/6154\/74 - Magazin Xstyle","isPartOf":{"@id":"https:\/\/xstyle.md\/#website"},"primaryImageOfPage":{"@id":"https:\/\/xstyle.md\/product\/shapka-viking-regular-212-10-6154-74\/#primaryimage"},"image":{"@id":"https:\/\/xstyle.md\/product\/shapka-viking-regular-212-10-6154-74\/#primaryimage"},"thumbnailUrl":"https:\/\/xstyle.md\/wp-content\/uploads\/2021\/04\/viking-regular74.jpg","datePublished":"2021-04-28T08:29:18+00:00","dateModified":"2026-03-19T13:20:35+00:00","description":"\u0218apca Viking Regular 212\/10\/6154\/74 - accesoriul ideal pentru protec\u021bia \u00eempotriva frigului \u0219i v\u00e2ntului. Perfect\u0103 pentru plimb\u0103ri \u0219i activit\u0103\u021bi \u00een aer liber!","breadcrumb":{"@id":"https:\/\/xstyle.md\/product\/shapka-viking-regular-212-10-6154-74\/#breadcrumb"},"inLanguage":"ro-RO","potentialAction":[{"@type":"ReadAction","target":["https:\/\/xstyle.md\/product\/shapka-viking-regular-212-10-6154-74\/"]}]},{"@type":"ImageObject","inLanguage":"ro-RO","@id":"https:\/\/xstyle.md\/product\/shapka-viking-regular-212-10-6154-74\/#primaryimage","url":"https:\/\/xstyle.md\/wp-content\/uploads\/2021\/04\/viking-regular74.jpg","contentUrl":"https:\/\/xstyle.md\/wp-content\/uploads\/2021\/04\/viking-regular74.jpg","width":375,"height":375,"caption":"\u0428\u0430\u043f\u043a\u0430 Viking Regular 212\/10\/6154\/74 \u0434\u043b\u044f \u0430\u043a\u0442\u0438\u0432\u043d\u043e\u0433\u043e \u043e\u0442\u0434\u044b\u0445\u0430, \u043f\u043e\u0445\u043e\u0434\u043e\u0432 \u0438 \u043f\u0443\u0442\u0435\u0448\u0435\u0441\u0442\u0432\u0438\u0439, \u043e\u0434\u0435\u0436\u0434\u0430 \u0438 \u043e\u0431\u0443\u0432\u044c \u0434\u043b\u044f \u0430\u043b\u044c\u043f\u0438\u043d\u0438\u0437\u043c\u0430 \u0438 \u0442\u0443\u0440\u0438\u0437\u043c\u0430"},{"@type":"BreadcrumbList","@id":"https:\/\/xstyle.md\/product\/shapka-viking-regular-212-10-6154-74\/#breadcrumb","itemListElement":[{"@type":"ListItem","position":1,"name":"\u0413\u043b\u0430\u0432\u043d\u0430\u044f \u0441\u0442\u0440\u0430\u043d\u0438\u0446\u0430","item":"https:\/\/xstyle.md\/"},{"@type":"ListItem","position":2,"name":"\u041c\u0430\u0433\u0430\u0437\u0438\u043d","item":"https:\/\/xstyle.md\/shop\/"},{"@type":"ListItem","position":3,"name":"\u0428\u0430\u043f\u043a\u0430 Viking Regular 212\/10\/6154\/74"}]},{"@type":"WebSite","@id":"https:\/\/xstyle.md\/#website","url":"https:\/\/xstyle.md\/","name":"Magazinul X-Style","description":"Echipamente pentru turism \u0219i sporturi extreme \u00een Moldova. Pre\u021buri, fotografii, caracteristici \u00een Moldova.","publisher":{"@id":"https:\/\/xstyle.md\/#organization"},"alternateName":"X-Style","potentialAction":[{"@type":"SearchAction","target":{"@type":"EntryPoint","urlTemplate":"https:\/\/xstyle.md\/?s={search_term_string}"},"query-input":{"@type":"PropertyValueSpecification","valueRequired":true,"valueName":"search_term_string"}}],"inLanguage":"ro-RO"},{"@type":"Organization","@id":"https:\/\/xstyle.md\/#organization","name":"Magazinul X-Style","alternateName":"x-style","url":"https:\/\/xstyle.md\/","logo":{"@type":"ImageObject","inLanguage":"ro-RO","@id":"https:\/\/xstyle.md\/#\/schema\/logo\/image\/","url":"https:\/\/xstyle.md\/wp-content\/uploads\/2020\/06\/logoicon.svg","contentUrl":"https:\/\/xstyle.md\/wp-content\/uploads\/2020\/06\/logoicon.svg","caption":"\u041c\u0430\u0433\u0430\u0437\u0438\u043d Xstyle"},"image":{"@id":"https:\/\/xstyle.md\/#\/schema\/logo\/image\/"},"sameAs":["https:\/\/www.facebook.com\/xstylemd","https:\/\/www.instagram.com\/xstyle_md\/","https:\/\/t.me\/xstyle_outdoor"],"hasMerchantReturnPolicy":{"@type":"MerchantReturnPolicy","merchantReturnLink":"https:\/\/xstyle.md\/ro\/conditions\/"}}]},"product_price_amount":"295.00","product_price_currency":"MDL","og_availability":"instock","product_availability":"instock","product_retailer_item_id":"5908234765953","product_condition":"new"},"_links":{"self":[{"href":"https:\/\/xstyle.md\/ro\/wp-json\/wp\/v2\/product\/29709","targetHints":{"allow":["GET"]}}],"collection":[{"href":"https:\/\/xstyle.md\/ro\/wp-json\/wp\/v2\/product"}],"about":[{"href":"https:\/\/xstyle.md\/ro\/wp-json\/wp\/v2\/types\/product"}],"replies":[{"embeddable":true,"href":"https:\/\/xstyle.md\/ro\/wp-json\/wp\/v2\/comments?post=29709"}],"wp:featuredmedia":[{"embeddable":true,"href":"https:\/\/xstyle.md\/ro\/wp-json\/wp\/v2\/media\/46642"}],"wp:attachment":[{"href":"https:\/\/xstyle.md\/ro\/wp-json\/wp\/v2\/media?parent=29709"}],"wp:term":[{"taxonomy":"product_brand","embeddable":true,"href":"https:\/\/xstyle.md\/ro\/wp-json\/wp\/v2\/product_brand?post=29709"},{"taxonomy":"product_cat","embeddable":true,"href":"https:\/\/xstyle.md\/ro\/wp-json\/wp\/v2\/product_cat?post=29709"},{"taxonomy":"product_tag","embeddable":true,"href":"https:\/\/xstyle.md\/ro\/wp-json\/wp\/v2\/product_tag?post=29709"}],"curies":[{"name":"wp","href":"https:\/\/api.w.org\/{rel}","templated":true}]}}