{"id":2944,"date":"2020-07-16T17:32:05","date_gmt":"2020-07-16T14:32:05","guid":{"rendered":"https:\/\/xstyle.md\/product\/shorty-zhenskie-warmpeace-muriel-ladies-shorts"},"modified":"2024-10-19T23:40:29","modified_gmt":"2024-10-19T20:40:29","slug":"shorty-warmpeace-muriel-w","status":"publish","type":"product","link":"https:\/\/xstyle.md\/ro\/produs\/shorty-warmpeace-muriel-w\/","title":{"rendered":"Pantaloni scur\u021bi Warmpeace Muriel Wmn mahagonny"},"content":{"rendered":"<\/p>\n<p><strong>Warmpeace Muriel<\/strong> &#8212; pantaloni scur\u021bi colora\u021bi pentru femei, din \u021bes\u0103tur\u0103 u\u0219oar\u0103 \u0219i elastic\u0103 Smile Skin. Croiala ergonomic\u0103 combinat\u0103 cu elasticitatea \u021bes\u0103turii ofer\u0103 o libertate de mi\u0219care de neegalat. Nu se aburesc la c\u0103ldur\u0103, se usuc\u0103 rapid \u0219i sunt foarte rezisten\u021bi &#8212; un articol indispensabil pe timp de var\u0103.<\/p>\n<h3>Particularit\u0103\u021bi<\/h3>\n<ul>\n<li>Material u\u0219or, elastic<\/li>\n<li>Curea reglabil\u0103 (inclus\u0103)<\/li>\n<li>T\u0103ietur\u0103 anatomic\u0103, care nu constr\u00e2nge mi\u0219c\u0103rile<\/li>\n<li>Dou\u0103 buzunare frontale ad\u00e2nci<\/li>\n<li>Un buzunar spate<\/li>\n<li>Buzunar lateral cu fermoar<\/li>\n<li>Cus\u0103turi durabile.<\/li>\n<\/ul>\n<h3>Caracteristici<\/h3>\n<ul>\n<li>Material &#8212; Smile Skin (95,8% nailon, 4,2% Spandex)<\/li>\n<li>Sezonul &#8212; prim\u0103var\u0103\/var\u0103<\/li>\n<li>Aplica\u021bie &#8212; drume\u021bii montane \/ multisport \/ casual \/ c\u0103l\u0103torii \/ alpinism<\/li>\n<li>Model - pentru femei.<\/li>\n<\/ul>\n<h3>Tehnologie<\/h3>\n<ul>\n<li><strong>SmileSkin Stretch<\/strong> \u2013 un grup de materiale de \u00eenalt\u0103 tehnologie care men\u021bin pielea uman\u0103 \u00eentr-un climat confortabil. Printre avantaje se num\u0103r\u0103 elasticitatea ridicat\u0103, respirabilitatea, rezisten\u021ba la \u00eencre\u021bire, p\u0103strarea formei \u0219i u\u0219urin\u021ba de \u00eengrijire.<\/li>\n<\/ul>\n<h3>Marca<\/h3>\n<p>Warmpeace este o companie ceh\u0103 de outdoor, fondat\u0103 \u00een 1986. La \u00eenceputul activit\u0103\u021bii sale, compania s-a axat pe produc\u021bia de saci de dormit \u0219i echipamente din puf. Dar, cu timpul, linia de produc\u021bie a fost extins\u0103, iar ast\u0103zi Warmpeace ofer\u0103 \u00eembr\u0103c\u0103minte pentru activit\u0103\u021bi \u00een aer liber, drume\u021bii, precum \u0219i echipamente de puf de prim\u0103 clas\u0103 pentru cele mai dure condi\u021bii. \u00cen produc\u021bia de \u00eembr\u0103c\u0103minte \u0219i echipament, Warmpeace folose\u0219te doar cele mai moderne materiale.<\/p>\n<p><\/p>","protected":false},"excerpt":{"rendered":"<p>Pantaloni scur\u021bi Warmpeace Muriel Wmn mahagonny<\/p>","protected":false},"featured_media":27584,"comment_status":"open","ping_status":"closed","template":"","meta":{"_acf_changed":false,"inline_featured_image":false},"product_brand":[1323],"product_cat":[253],"product_tag":[],"class_list":{"0":"post-2944","1":"product","2":"type-product","3":"status-publish","4":"has-post-thumbnail","6":"product_brand-warmpeace","7":"product_cat-pantaloni-scurti-femei","9":"first","10":"instock","11":"sale","12":"shipping-taxable","13":"purchasable","14":"product-type-simple"},"acf":[],"yoast_head":"<!-- This site is optimized with the Yoast SEO plugin v27.4 - https:\/\/yoast.com\/product\/yoast-seo-wordpress\/ -->\n<title>\u0428\u043e\u0440\u0442\u044b Warmpeace Muriel Wmn mahagonny - \u041c\u0430\u0433\u0430\u0437\u0438\u043d Xstyle<\/title>\n<meta name=\"description\" content=\"\u0428\u043e\u0440\u0442\u044b Warmpeace Muriel Wmn mahagonny \u0438\u0437 \u043b\u0435\u0433\u043a\u043e\u0439 \u0438 \u044d\u043b\u0430\u0441\u0442\u0438\u0447\u043d\u043e\u0439 \u0442\u043a\u0430\u043d\u0438 Smile Skin \u0438\u0434\u0435\u0430\u043b\u044c\u043d\u043e \u043f\u043e\u0434\u0445\u043e\u0434\u044f\u0442 \u0434\u043b\u044f \u0430\u043a\u0442\u0438\u0432\u043d\u043e\u0433\u043e \u043e\u0442\u0434\u044b\u0445\u0430. \u0421\u0432\u043e\u0431\u043e\u0434\u0430 \u0434\u0432\u0438\u0436\u0435\u043d\u0438\u0439, \u0431\u044b\u0441\u0442\u0440\u043e\u0435 \u0432\u044b\u0441\u044b\u0445\u0430\u043d\u0438\u0435!\" \/>\n<meta name=\"robots\" content=\"index, follow, max-snippet:-1, max-image-preview:large, max-video-preview:-1\" \/>\n<link rel=\"canonical\" href=\"https:\/\/xstyle.md\/ro\/produs\/shorty-warmpeace-muriel-w\/\" \/>\n<meta property=\"og:locale\" content=\"ro_RO\" \/>\n<meta property=\"og:type\" content=\"article\" \/>\n<meta property=\"og:title\" content=\"\u0428\u043e\u0440\u0442\u044b Warmpeace Muriel Wmn mahagonny - \u041c\u0430\u0433\u0430\u0437\u0438\u043d Xstyle\" \/>\n<meta property=\"og:description\" content=\"\u0428\u043e\u0440\u0442\u044b Warmpeace Muriel Wmn mahagonny \u0438\u0437 \u043b\u0435\u0433\u043a\u043e\u0439 \u0438 \u044d\u043b\u0430\u0441\u0442\u0438\u0447\u043d\u043e\u0439 \u0442\u043a\u0430\u043d\u0438 Smile Skin \u0438\u0434\u0435\u0430\u043b\u044c\u043d\u043e \u043f\u043e\u0434\u0445\u043e\u0434\u044f\u0442 \u0434\u043b\u044f \u0430\u043a\u0442\u0438\u0432\u043d\u043e\u0433\u043e \u043e\u0442\u0434\u044b\u0445\u0430. \u0421\u0432\u043e\u0431\u043e\u0434\u0430 \u0434\u0432\u0438\u0436\u0435\u043d\u0438\u0439, \u0431\u044b\u0441\u0442\u0440\u043e\u0435 \u0432\u044b\u0441\u044b\u0445\u0430\u043d\u0438\u0435!\" \/>\n<meta property=\"og:url\" content=\"https:\/\/xstyle.md\/ro\/produs\/shorty-warmpeace-muriel-w\/\" \/>\n<meta property=\"og:site_name\" content=\"\u041c\u0430\u0433\u0430\u0437\u0438\u043d Xstyle\" \/>\n<meta property=\"article:publisher\" content=\"https:\/\/www.facebook.com\/xstylemd\" \/>\n<meta property=\"article:modified_time\" content=\"2024-10-19T20:40:29+00:00\" \/>\n<meta property=\"og:image\" content=\"https:\/\/xstyle.md\/wp-content\/uploads\/2021\/04\/mahagonny.jpg\" \/>\n\t<meta property=\"og:image:width\" content=\"516\" \/>\n\t<meta property=\"og:image:height\" content=\"550\" \/>\n\t<meta property=\"og:image:type\" content=\"image\/jpeg\" \/>\n<meta name=\"twitter:card\" content=\"summary_large_image\" \/>\n<meta name=\"twitter:label1\" content=\"Pre\u021b\" \/>\n\t<meta name=\"twitter:data1\" content=\"654&nbsp;MDL\" \/>\n\t<meta name=\"twitter:label2\" content=\"Disponibilitate\" \/>\n\t<meta name=\"twitter:data2\" content=\"\u00cen stoc\" \/>\n<script type=\"application\/ld+json\" class=\"yoast-schema-graph\">{\"@context\":\"https:\\\/\\\/schema.org\",\"@graph\":[{\"@type\":\"WebPage\",\"@id\":\"https:\\\/\\\/xstyle.md\\\/product\\\/shorty-warmpeace-muriel-w\\\/\",\"url\":\"https:\\\/\\\/xstyle.md\\\/product\\\/shorty-warmpeace-muriel-w\\\/\",\"name\":\"\u0428\u043e\u0440\u0442\u044b Warmpeace Muriel Wmn mahagonny - \u041c\u0430\u0433\u0430\u0437\u0438\u043d Xstyle\",\"isPartOf\":{\"@id\":\"https:\\\/\\\/xstyle.md\\\/#website\"},\"primaryImageOfPage\":{\"@id\":\"https:\\\/\\\/xstyle.md\\\/product\\\/shorty-warmpeace-muriel-w\\\/#primaryimage\"},\"image\":{\"@id\":\"https:\\\/\\\/xstyle.md\\\/product\\\/shorty-warmpeace-muriel-w\\\/#primaryimage\"},\"thumbnailUrl\":\"https:\\\/\\\/xstyle.md\\\/wp-content\\\/uploads\\\/2021\\\/04\\\/mahagonny.jpg\",\"datePublished\":\"2020-07-16T14:32:05+00:00\",\"dateModified\":\"2024-10-19T20:40:29+00:00\",\"description\":\"\u0428\u043e\u0440\u0442\u044b Warmpeace Muriel Wmn mahagonny \u0438\u0437 \u043b\u0435\u0433\u043a\u043e\u0439 \u0438 \u044d\u043b\u0430\u0441\u0442\u0438\u0447\u043d\u043e\u0439 \u0442\u043a\u0430\u043d\u0438 Smile Skin \u0438\u0434\u0435\u0430\u043b\u044c\u043d\u043e \u043f\u043e\u0434\u0445\u043e\u0434\u044f\u0442 \u0434\u043b\u044f \u0430\u043a\u0442\u0438\u0432\u043d\u043e\u0433\u043e \u043e\u0442\u0434\u044b\u0445\u0430. \u0421\u0432\u043e\u0431\u043e\u0434\u0430 \u0434\u0432\u0438\u0436\u0435\u043d\u0438\u0439, \u0431\u044b\u0441\u0442\u0440\u043e\u0435 \u0432\u044b\u0441\u044b\u0445\u0430\u043d\u0438\u0435!\",\"breadcrumb\":{\"@id\":\"https:\\\/\\\/xstyle.md\\\/product\\\/shorty-warmpeace-muriel-w\\\/#breadcrumb\"},\"inLanguage\":\"ro-RO\",\"potentialAction\":[{\"@type\":\"ReadAction\",\"target\":[\"https:\\\/\\\/xstyle.md\\\/product\\\/shorty-warmpeace-muriel-w\\\/\"]}]},{\"@type\":\"ImageObject\",\"inLanguage\":\"ro-RO\",\"@id\":\"https:\\\/\\\/xstyle.md\\\/product\\\/shorty-warmpeace-muriel-w\\\/#primaryimage\",\"url\":\"https:\\\/\\\/xstyle.md\\\/wp-content\\\/uploads\\\/2021\\\/04\\\/mahagonny.jpg\",\"contentUrl\":\"https:\\\/\\\/xstyle.md\\\/wp-content\\\/uploads\\\/2021\\\/04\\\/mahagonny.jpg\",\"width\":516,\"height\":550},{\"@type\":\"BreadcrumbList\",\"@id\":\"https:\\\/\\\/xstyle.md\\\/product\\\/shorty-warmpeace-muriel-w\\\/#breadcrumb\",\"itemListElement\":[{\"@type\":\"ListItem\",\"position\":1,\"name\":\"\u0413\u043b\u0430\u0432\u043d\u0430\u044f \u0441\u0442\u0440\u0430\u043d\u0438\u0446\u0430\",\"item\":\"https:\\\/\\\/xstyle.md\\\/\"},{\"@type\":\"ListItem\",\"position\":2,\"name\":\"\u041c\u0430\u0433\u0430\u0437\u0438\u043d\",\"item\":\"https:\\\/\\\/xstyle.md\\\/shop\\\/\"},{\"@type\":\"ListItem\",\"position\":3,\"name\":\"\u0428\u043e\u0440\u0442\u044b Warmpeace Muriel Wmn mahagonny\"}]},{\"@type\":\"WebSite\",\"@id\":\"https:\\\/\\\/xstyle.md\\\/#website\",\"url\":\"https:\\\/\\\/xstyle.md\\\/\",\"name\":\"\u041c\u0430\u0433\u0430\u0437\u0438\u043d Xstyle\",\"description\":\"C\u043d\u0430\u0440\u044f\u0436\u0435\u043d\u0438\u0435 \u0434\u043b\u044f \u0442\u0443\u0440\u0438\u0437\u043c\u0430 \u0438 \u044d\u043a\u0441\u0442\u0440\u0435\u043c\u0430\u043b\u044c\u043d\u044b\u0445 \u0432\u0438\u0434\u043e\u0432 \u0441\u043f\u043e\u0440\u0442\u0430 \u0432 \u041c\u043e\u043b\u0434\u043e\u0432\u0435.. \u0426\u0435\u043d\u044b, \u0444\u043e\u0442\u043e, \u0445\u0430\u0440\u0430\u043a\u0442\u0435\u0440\u0438\u0441\u0442\u0438\u043a\u0438 \u0432 \u041c\u043e\u043b\u0434\u043e\u0432\u0435.\",\"publisher\":{\"@id\":\"https:\\\/\\\/xstyle.md\\\/#organization\"},\"alternateName\":\"X-Style\",\"potentialAction\":[{\"@type\":\"SearchAction\",\"target\":{\"@type\":\"EntryPoint\",\"urlTemplate\":\"https:\\\/\\\/xstyle.md\\\/?s={search_term_string}\"},\"query-input\":{\"@type\":\"PropertyValueSpecification\",\"valueRequired\":true,\"valueName\":\"search_term_string\"}}],\"inLanguage\":\"ro-RO\"},{\"@type\":\"Organization\",\"@id\":\"https:\\\/\\\/xstyle.md\\\/#organization\",\"name\":\"\u041c\u0430\u0433\u0430\u0437\u0438\u043d Xstyle\",\"alternateName\":\"x-style\",\"url\":\"https:\\\/\\\/xstyle.md\\\/\",\"logo\":{\"@type\":\"ImageObject\",\"inLanguage\":\"ro-RO\",\"@id\":\"https:\\\/\\\/xstyle.md\\\/#\\\/schema\\\/logo\\\/image\\\/\",\"url\":\"https:\\\/\\\/xstyle.md\\\/wp-content\\\/uploads\\\/2020\\\/06\\\/logoicon.svg\",\"contentUrl\":\"https:\\\/\\\/xstyle.md\\\/wp-content\\\/uploads\\\/2020\\\/06\\\/logoicon.svg\",\"caption\":\"\u041c\u0430\u0433\u0430\u0437\u0438\u043d Xstyle\"},\"image\":{\"@id\":\"https:\\\/\\\/xstyle.md\\\/#\\\/schema\\\/logo\\\/image\\\/\"},\"sameAs\":[\"https:\\\/\\\/www.facebook.com\\\/xstylemd\",\"https:\\\/\\\/www.instagram.com\\\/xstyle_md\\\/\",\"https:\\\/\\\/t.me\\\/xstyle_outdoor\"],\"hasMerchantReturnPolicy\":{\"@type\":\"MerchantReturnPolicy\",\"merchantReturnLink\":\"https:\\\/\\\/xstyle.md\\\/ro\\\/conditions\\\/\"}}]}<\/script>\n<meta property=\"product:price:amount\" content=\"654.00\" \/>\n<meta property=\"product:price:currency\" content=\"MDL\" \/>\n<meta property=\"og:availability\" content=\"instock\" \/>\n<meta property=\"product:availability\" content=\"instock\" \/>\n<meta property=\"product:retailer_item_id\" content=\"8591037029505\" \/>\n<meta property=\"product:condition\" content=\"new\" \/>\n<!-- \/ Yoast SEO plugin. -->","yoast_head_json":{"title":"Pantaloni scur\u021bi Warmpeace Muriel Wmn mahagonny - Magazin Xstyle","description":"\u0218orturile Warmpeace Muriel Wmn mahagonny dintr-un material u\u0219or \u0219i elastic Smile Skin sunt ideale pentru activit\u0103\u021bi \u00een aer liber. Libertate de mi\u0219care, uscare rapid\u0103!","robots":{"index":"index","follow":"follow","max-snippet":"max-snippet:-1","max-image-preview":"max-image-preview:large","max-video-preview":"max-video-preview:-1"},"canonical":"https:\/\/xstyle.md\/ro\/produs\/shorty-warmpeace-muriel-w\/","og_locale":"ro_RO","og_type":"article","og_title":"\u0428\u043e\u0440\u0442\u044b Warmpeace Muriel Wmn mahagonny - \u041c\u0430\u0433\u0430\u0437\u0438\u043d Xstyle","og_description":"\u0428\u043e\u0440\u0442\u044b Warmpeace Muriel Wmn mahagonny \u0438\u0437 \u043b\u0435\u0433\u043a\u043e\u0439 \u0438 \u044d\u043b\u0430\u0441\u0442\u0438\u0447\u043d\u043e\u0439 \u0442\u043a\u0430\u043d\u0438 Smile Skin \u0438\u0434\u0435\u0430\u043b\u044c\u043d\u043e \u043f\u043e\u0434\u0445\u043e\u0434\u044f\u0442 \u0434\u043b\u044f \u0430\u043a\u0442\u0438\u0432\u043d\u043e\u0433\u043e \u043e\u0442\u0434\u044b\u0445\u0430. \u0421\u0432\u043e\u0431\u043e\u0434\u0430 \u0434\u0432\u0438\u0436\u0435\u043d\u0438\u0439, \u0431\u044b\u0441\u0442\u0440\u043e\u0435 \u0432\u044b\u0441\u044b\u0445\u0430\u043d\u0438\u0435!","og_url":"https:\/\/xstyle.md\/ro\/produs\/shorty-warmpeace-muriel-w\/","og_site_name":"\u041c\u0430\u0433\u0430\u0437\u0438\u043d Xstyle","article_publisher":"https:\/\/www.facebook.com\/xstylemd","article_modified_time":"2024-10-19T20:40:29+00:00","og_image":[{"width":516,"height":550,"url":"https:\/\/xstyle.md\/wp-content\/uploads\/2021\/04\/mahagonny.jpg","type":"image\/jpeg"}],"twitter_card":"summary_large_image","twitter_misc":{"Pre\u021b":"654&nbsp;MDL","Disponibilitate":"\u00cen stoc"},"schema":{"@context":"https:\/\/schema.org","@graph":[{"@type":"WebPage","@id":"https:\/\/xstyle.md\/product\/shorty-warmpeace-muriel-w\/","url":"https:\/\/xstyle.md\/product\/shorty-warmpeace-muriel-w\/","name":"Pantaloni scur\u021bi Warmpeace Muriel Wmn mahagonny - Magazin Xstyle","isPartOf":{"@id":"https:\/\/xstyle.md\/#website"},"primaryImageOfPage":{"@id":"https:\/\/xstyle.md\/product\/shorty-warmpeace-muriel-w\/#primaryimage"},"image":{"@id":"https:\/\/xstyle.md\/product\/shorty-warmpeace-muriel-w\/#primaryimage"},"thumbnailUrl":"https:\/\/xstyle.md\/wp-content\/uploads\/2021\/04\/mahagonny.jpg","datePublished":"2020-07-16T14:32:05+00:00","dateModified":"2024-10-19T20:40:29+00:00","description":"\u0218orturile Warmpeace Muriel Wmn mahagonny dintr-un material u\u0219or \u0219i elastic Smile Skin sunt ideale pentru activit\u0103\u021bi \u00een aer liber. Libertate de mi\u0219care, uscare rapid\u0103!","breadcrumb":{"@id":"https:\/\/xstyle.md\/product\/shorty-warmpeace-muriel-w\/#breadcrumb"},"inLanguage":"ro-RO","potentialAction":[{"@type":"ReadAction","target":["https:\/\/xstyle.md\/product\/shorty-warmpeace-muriel-w\/"]}]},{"@type":"ImageObject","inLanguage":"ro-RO","@id":"https:\/\/xstyle.md\/product\/shorty-warmpeace-muriel-w\/#primaryimage","url":"https:\/\/xstyle.md\/wp-content\/uploads\/2021\/04\/mahagonny.jpg","contentUrl":"https:\/\/xstyle.md\/wp-content\/uploads\/2021\/04\/mahagonny.jpg","width":516,"height":550},{"@type":"BreadcrumbList","@id":"https:\/\/xstyle.md\/product\/shorty-warmpeace-muriel-w\/#breadcrumb","itemListElement":[{"@type":"ListItem","position":1,"name":"\u0413\u043b\u0430\u0432\u043d\u0430\u044f \u0441\u0442\u0440\u0430\u043d\u0438\u0446\u0430","item":"https:\/\/xstyle.md\/"},{"@type":"ListItem","position":2,"name":"\u041c\u0430\u0433\u0430\u0437\u0438\u043d","item":"https:\/\/xstyle.md\/shop\/"},{"@type":"ListItem","position":3,"name":"\u0428\u043e\u0440\u0442\u044b Warmpeace Muriel Wmn mahagonny"}]},{"@type":"WebSite","@id":"https:\/\/xstyle.md\/#website","url":"https:\/\/xstyle.md\/","name":"Magazinul X-Style","description":"Echipamente pentru turism \u0219i sporturi extreme \u00een Moldova. Pre\u021buri, fotografii, caracteristici \u00een Moldova.","publisher":{"@id":"https:\/\/xstyle.md\/#organization"},"alternateName":"X-Style","potentialAction":[{"@type":"SearchAction","target":{"@type":"EntryPoint","urlTemplate":"https:\/\/xstyle.md\/?s={search_term_string}"},"query-input":{"@type":"PropertyValueSpecification","valueRequired":true,"valueName":"search_term_string"}}],"inLanguage":"ro-RO"},{"@type":"Organization","@id":"https:\/\/xstyle.md\/#organization","name":"Magazinul X-Style","alternateName":"x-style","url":"https:\/\/xstyle.md\/","logo":{"@type":"ImageObject","inLanguage":"ro-RO","@id":"https:\/\/xstyle.md\/#\/schema\/logo\/image\/","url":"https:\/\/xstyle.md\/wp-content\/uploads\/2020\/06\/logoicon.svg","contentUrl":"https:\/\/xstyle.md\/wp-content\/uploads\/2020\/06\/logoicon.svg","caption":"\u041c\u0430\u0433\u0430\u0437\u0438\u043d Xstyle"},"image":{"@id":"https:\/\/xstyle.md\/#\/schema\/logo\/image\/"},"sameAs":["https:\/\/www.facebook.com\/xstylemd","https:\/\/www.instagram.com\/xstyle_md\/","https:\/\/t.me\/xstyle_outdoor"],"hasMerchantReturnPolicy":{"@type":"MerchantReturnPolicy","merchantReturnLink":"https:\/\/xstyle.md\/ro\/conditions\/"}}]},"product_price_amount":"654.00","product_price_currency":"MDL","og_availability":"instock","product_availability":"instock","product_retailer_item_id":"8591037029505","product_condition":"new"},"post_mailing_queue_ids":[],"_links":{"self":[{"href":"https:\/\/xstyle.md\/ro\/wp-json\/wp\/v2\/product\/2944","targetHints":{"allow":["GET"]}}],"collection":[{"href":"https:\/\/xstyle.md\/ro\/wp-json\/wp\/v2\/product"}],"about":[{"href":"https:\/\/xstyle.md\/ro\/wp-json\/wp\/v2\/types\/product"}],"replies":[{"embeddable":true,"href":"https:\/\/xstyle.md\/ro\/wp-json\/wp\/v2\/comments?post=2944"}],"wp:featuredmedia":[{"embeddable":true,"href":"https:\/\/xstyle.md\/ro\/wp-json\/wp\/v2\/media\/27584"}],"wp:attachment":[{"href":"https:\/\/xstyle.md\/ro\/wp-json\/wp\/v2\/media?parent=2944"}],"wp:term":[{"taxonomy":"product_brand","embeddable":true,"href":"https:\/\/xstyle.md\/ro\/wp-json\/wp\/v2\/product_brand?post=2944"},{"taxonomy":"product_cat","embeddable":true,"href":"https:\/\/xstyle.md\/ro\/wp-json\/wp\/v2\/product_cat?post=2944"},{"taxonomy":"product_tag","embeddable":true,"href":"https:\/\/xstyle.md\/ro\/wp-json\/wp\/v2\/product_tag?post=2944"}],"curies":[{"name":"wp","href":"https:\/\/api.w.org\/{rel}","templated":true}]}}