{"id":2872,"date":"2020-07-16T17:27:59","date_gmt":"2020-07-16T14:27:59","guid":{"rendered":"https:\/\/xstyle.md\/product\/sumka-dlja-gornolyzhnyh-botinok-rossignol"},"modified":"2026-03-19T16:24:08","modified_gmt":"2026-03-19T13:24:08","slug":"sumka-dlja-gornolyzhnyh-botinok-rossignol","status":"publish","type":"product","link":"https:\/\/xstyle.md\/ro\/produs\/sumka-dlja-gornolyzhnyh-botinok-rossignol\/","title":{"rendered":"Geant\u0103 pentru cl\u0103pari Rossignol BASIC BOOT BAG"},"content":{"rendered":"<\/p>\n<p><strong>Geant\u0103 pentru cl\u0103pari Rossignol BASIC BOOT BAG\u00a0&#8212;\u00a0<\/strong>geant\u0103 durabil\u0103 pentru cl\u0103pari \u0219i protec\u021bie. Fabricat\u0103 din material poliester de \u00eenalt\u0103 rezisten\u021b\u0103 \u0219i PVC. Cu compartimentul principal pentru \u00eenc\u0103l\u021b\u0103minte, buzunare pentru accesorii \u0219i alte echipamente, o curea reglabil\u0103 pentru um\u0103r \u0219i un m\u00e2ner.<\/p>\n<h3>Particularit\u0103\u021bi<\/h3>\n<ul>\n<li>Fabricat din poliester durabil \u0219i rezistent la intemperii<\/li>\n<li>Echipat cu o \u00eenchidere cu fermoar pe toat\u0103 circumferin\u021ba<\/li>\n<li>Dispune de o curea de um\u0103r reglabil\u0103 pentru transport u\u0219or<\/li>\n<\/ul>\n<h3>Caracteristici<\/h3>\n<ul>\n<li>Material &#8212; poliester 600D<\/li>\n<li>Acoperire &#8212; PVC<\/li>\n<li>Dimensiuni &#8212; 425 x 450 x 245 mm<\/li>\n<li>Greutate &#8212; 0.78kg<\/li>\n<\/ul>\n<h3>Marca<\/h3>\n<p>Acum mai bine de 100 de ani, \u00een 1907, \u00een Voiron, l\u00e2ng\u0103 Grenoble (Fran\u021ba), t\u00e2mplarul Abel Rossignol a creat o mic\u0103 companie specializat\u0103 \u00een produc\u021bia de produse din lemn pentru industria textil\u0103. Chiar \u0219i la acea vreme, Abel Rossignol se g\u00e2ndea deja cum s\u0103 produc\u0103 propriile schiuri din lemn. Patru ani mai t\u00e2rziu, prima pereche de schiuri a v\u0103zut lumina zilei.<\/p>\n<p>Deja \u00een 1911, dup\u0103 o expedi\u021bie \u00een Scandinavia, \u00een cadrul companiei a fost \u00eenfiin\u021bat un departament dedicat exclusiv schiurilor. Ast\u0103zi, Rossignol combin\u0103 mai multe m\u0103rci: Rossignol, Dynastar, Lange \u0219i Risport \u0219i ofer\u0103 o gam\u0103 complet\u0103 de echipamente pentru sporturile de iarn\u0103 &#8212; toate pentru oamenii \u00eendr\u0103gosti\u021bi de sport.<\/p>\n<p><\/p>","protected":false},"excerpt":{"rendered":"<p>Geant\u0103 pentru cl\u0103pari Rossignol BASIC BOOT BAG<\/p>","protected":false},"featured_media":2871,"comment_status":"open","ping_status":"closed","template":"","meta":{"_acf_changed":false,"inline_featured_image":false},"product_brand":[1320],"product_cat":[859,397],"product_tag":[],"class_list":{"0":"post-2872","1":"product","2":"type-product","3":"status-publish","4":"has-post-thumbnail","6":"product_brand-rossignol","7":"product_cat-shoe-covers-bags","8":"product_cat-husa-pentru-echipamente","10":"first","11":"outofstock","12":"shipping-taxable","13":"product-type-simple"},"acf":[],"yoast_head":"<!-- This site is optimized with the Yoast SEO plugin v27.4 - https:\/\/yoast.com\/product\/yoast-seo-wordpress\/ -->\n<title>\u0421\u0443\u043c\u043a\u0430 \u0434\u043b\u044f \u0433\u043e\u0440\u043d\u043e\u043b\u044b\u0436\u043d\u044b\u0445 \u0431\u043e\u0442\u0438\u043d\u043e\u043a Rossignol BASIC BOOT BAG - \u041c\u0430\u0433\u0430\u0437\u0438\u043d Xstyle<\/title>\n<meta name=\"description\" content=\"\u0421\u0443\u043c\u043a\u0430 Rossignol BASIC BOOT BAG \u0434\u043b\u044f \u0433\u043e\u0440\u043d\u043e\u043b\u044b\u0436\u043d\u044b\u0445 \u0431\u043e\u0442\u0438\u043d\u043e\u043a \u0441 \u043f\u0440\u043e\u0447\u043d\u044b\u043c \u043f\u043e\u043b\u0438\u044d\u0441\u0442\u0435\u0440\u043e\u043c \u0438 PVC. \u0418\u0434\u0435\u0430\u043b\u044c\u043d\u043e \u0437\u0430\u0449\u0438\u0449\u0430\u0435\u0442 \u0432\u0430\u0448\u0443 \u043e\u0431\u0443\u0432\u044c \u0438 \u0430\u043a\u0441\u0435\u0441\u0441\u0443\u0430\u0440\u044b. \u041e\u0442\u043a\u0440\u043e\u0439\u0442\u0435 \u0434\u043b\u044f \u0441\u0435\u0431\u044f \u0443\u0434\u043e\u0431\u0441\u0442\u0432\u043e!\" \/>\n<meta name=\"robots\" content=\"index, follow, max-snippet:-1, max-image-preview:large, max-video-preview:-1\" \/>\n<link rel=\"canonical\" href=\"https:\/\/xstyle.md\/ro\/produs\/sumka-dlja-gornolyzhnyh-botinok-rossignol\/\" \/>\n<meta property=\"og:locale\" content=\"ro_RO\" \/>\n<meta property=\"og:type\" content=\"article\" \/>\n<meta property=\"og:title\" content=\"\u0421\u0443\u043c\u043a\u0430 \u0434\u043b\u044f \u0433\u043e\u0440\u043d\u043e\u043b\u044b\u0436\u043d\u044b\u0445 \u0431\u043e\u0442\u0438\u043d\u043e\u043a Rossignol BASIC BOOT BAG - \u041c\u0430\u0433\u0430\u0437\u0438\u043d Xstyle\" \/>\n<meta property=\"og:description\" content=\"\u0421\u0443\u043c\u043a\u0430 Rossignol BASIC BOOT BAG \u0434\u043b\u044f \u0433\u043e\u0440\u043d\u043e\u043b\u044b\u0436\u043d\u044b\u0445 \u0431\u043e\u0442\u0438\u043d\u043e\u043a \u0441 \u043f\u0440\u043e\u0447\u043d\u044b\u043c \u043f\u043e\u043b\u0438\u044d\u0441\u0442\u0435\u0440\u043e\u043c \u0438 PVC. \u0418\u0434\u0435\u0430\u043b\u044c\u043d\u043e \u0437\u0430\u0449\u0438\u0449\u0430\u0435\u0442 \u0432\u0430\u0448\u0443 \u043e\u0431\u0443\u0432\u044c \u0438 \u0430\u043a\u0441\u0435\u0441\u0441\u0443\u0430\u0440\u044b. \u041e\u0442\u043a\u0440\u043e\u0439\u0442\u0435 \u0434\u043b\u044f \u0441\u0435\u0431\u044f \u0443\u0434\u043e\u0431\u0441\u0442\u0432\u043e!\" \/>\n<meta property=\"og:url\" content=\"https:\/\/xstyle.md\/ro\/produs\/sumka-dlja-gornolyzhnyh-botinok-rossignol\/\" \/>\n<meta property=\"og:site_name\" content=\"\u041c\u0430\u0433\u0430\u0437\u0438\u043d Xstyle\" \/>\n<meta property=\"article:publisher\" content=\"https:\/\/www.facebook.com\/xstylemd\" \/>\n<meta property=\"article:modified_time\" content=\"2026-03-19T13:24:08+00:00\" \/>\n<meta property=\"og:image\" content=\"https:\/\/xstyle.md\/wp-content\/uploads\/2020\/07\/boot_bag.jpg\" \/>\n\t<meta property=\"og:image:width\" content=\"1000\" \/>\n\t<meta property=\"og:image:height\" content=\"1000\" \/>\n\t<meta property=\"og:image:type\" content=\"image\/jpeg\" \/>\n<meta name=\"twitter:card\" content=\"summary_large_image\" \/>\n<meta name=\"twitter:label1\" content=\"Pre\u021b\" \/>\n\t<meta name=\"twitter:data1\" content=\"495&nbsp;MDL\" \/>\n\t<meta name=\"twitter:label2\" content=\"Disponibilitate\" \/>\n\t<meta name=\"twitter:data2\" content=\"Stoc epuizat\" \/>\n<script type=\"application\/ld+json\" class=\"yoast-schema-graph\">{\"@context\":\"https:\\\/\\\/schema.org\",\"@graph\":[{\"@type\":\"WebPage\",\"@id\":\"https:\\\/\\\/xstyle.md\\\/product\\\/sumka-dlja-gornolyzhnyh-botinok-rossignol\\\/\",\"url\":\"https:\\\/\\\/xstyle.md\\\/product\\\/sumka-dlja-gornolyzhnyh-botinok-rossignol\\\/\",\"name\":\"\u0421\u0443\u043c\u043a\u0430 \u0434\u043b\u044f \u0433\u043e\u0440\u043d\u043e\u043b\u044b\u0436\u043d\u044b\u0445 \u0431\u043e\u0442\u0438\u043d\u043e\u043a Rossignol BASIC BOOT BAG - \u041c\u0430\u0433\u0430\u0437\u0438\u043d Xstyle\",\"isPartOf\":{\"@id\":\"https:\\\/\\\/xstyle.md\\\/#website\"},\"primaryImageOfPage\":{\"@id\":\"https:\\\/\\\/xstyle.md\\\/product\\\/sumka-dlja-gornolyzhnyh-botinok-rossignol\\\/#primaryimage\"},\"image\":{\"@id\":\"https:\\\/\\\/xstyle.md\\\/product\\\/sumka-dlja-gornolyzhnyh-botinok-rossignol\\\/#primaryimage\"},\"thumbnailUrl\":\"https:\\\/\\\/xstyle.md\\\/wp-content\\\/uploads\\\/2020\\\/07\\\/boot_bag.jpg\",\"datePublished\":\"2020-07-16T14:27:59+00:00\",\"dateModified\":\"2026-03-19T13:24:08+00:00\",\"description\":\"\u0421\u0443\u043c\u043a\u0430 Rossignol BASIC BOOT BAG \u0434\u043b\u044f \u0433\u043e\u0440\u043d\u043e\u043b\u044b\u0436\u043d\u044b\u0445 \u0431\u043e\u0442\u0438\u043d\u043e\u043a \u0441 \u043f\u0440\u043e\u0447\u043d\u044b\u043c \u043f\u043e\u043b\u0438\u044d\u0441\u0442\u0435\u0440\u043e\u043c \u0438 PVC. \u0418\u0434\u0435\u0430\u043b\u044c\u043d\u043e \u0437\u0430\u0449\u0438\u0449\u0430\u0435\u0442 \u0432\u0430\u0448\u0443 \u043e\u0431\u0443\u0432\u044c \u0438 \u0430\u043a\u0441\u0435\u0441\u0441\u0443\u0430\u0440\u044b. \u041e\u0442\u043a\u0440\u043e\u0439\u0442\u0435 \u0434\u043b\u044f \u0441\u0435\u0431\u044f \u0443\u0434\u043e\u0431\u0441\u0442\u0432\u043e!\",\"breadcrumb\":{\"@id\":\"https:\\\/\\\/xstyle.md\\\/product\\\/sumka-dlja-gornolyzhnyh-botinok-rossignol\\\/#breadcrumb\"},\"inLanguage\":\"ro-RO\",\"potentialAction\":[{\"@type\":\"ReadAction\",\"target\":[\"https:\\\/\\\/xstyle.md\\\/product\\\/sumka-dlja-gornolyzhnyh-botinok-rossignol\\\/\"]}]},{\"@type\":\"ImageObject\",\"inLanguage\":\"ro-RO\",\"@id\":\"https:\\\/\\\/xstyle.md\\\/product\\\/sumka-dlja-gornolyzhnyh-botinok-rossignol\\\/#primaryimage\",\"url\":\"https:\\\/\\\/xstyle.md\\\/wp-content\\\/uploads\\\/2020\\\/07\\\/boot_bag.jpg\",\"contentUrl\":\"https:\\\/\\\/xstyle.md\\\/wp-content\\\/uploads\\\/2020\\\/07\\\/boot_bag.jpg\",\"width\":1000,\"height\":1000},{\"@type\":\"BreadcrumbList\",\"@id\":\"https:\\\/\\\/xstyle.md\\\/product\\\/sumka-dlja-gornolyzhnyh-botinok-rossignol\\\/#breadcrumb\",\"itemListElement\":[{\"@type\":\"ListItem\",\"position\":1,\"name\":\"\u0413\u043b\u0430\u0432\u043d\u0430\u044f \u0441\u0442\u0440\u0430\u043d\u0438\u0446\u0430\",\"item\":\"https:\\\/\\\/xstyle.md\\\/\"},{\"@type\":\"ListItem\",\"position\":2,\"name\":\"\u041c\u0430\u0433\u0430\u0437\u0438\u043d\",\"item\":\"https:\\\/\\\/xstyle.md\\\/shop\\\/\"},{\"@type\":\"ListItem\",\"position\":3,\"name\":\"\u0421\u0443\u043c\u043a\u0430 \u0434\u043b\u044f \u0433\u043e\u0440\u043d\u043e\u043b\u044b\u0436\u043d\u044b\u0445 \u0431\u043e\u0442\u0438\u043d\u043e\u043a Rossignol BASIC BOOT BAG\"}]},{\"@type\":\"WebSite\",\"@id\":\"https:\\\/\\\/xstyle.md\\\/#website\",\"url\":\"https:\\\/\\\/xstyle.md\\\/\",\"name\":\"\u041c\u0430\u0433\u0430\u0437\u0438\u043d Xstyle\",\"description\":\"C\u043d\u0430\u0440\u044f\u0436\u0435\u043d\u0438\u0435 \u0434\u043b\u044f \u0442\u0443\u0440\u0438\u0437\u043c\u0430 \u0438 \u044d\u043a\u0441\u0442\u0440\u0435\u043c\u0430\u043b\u044c\u043d\u044b\u0445 \u0432\u0438\u0434\u043e\u0432 \u0441\u043f\u043e\u0440\u0442\u0430 \u0432 \u041c\u043e\u043b\u0434\u043e\u0432\u0435.. \u0426\u0435\u043d\u044b, \u0444\u043e\u0442\u043e, \u0445\u0430\u0440\u0430\u043a\u0442\u0435\u0440\u0438\u0441\u0442\u0438\u043a\u0438 \u0432 \u041c\u043e\u043b\u0434\u043e\u0432\u0435.\",\"publisher\":{\"@id\":\"https:\\\/\\\/xstyle.md\\\/#organization\"},\"alternateName\":\"X-Style\",\"potentialAction\":[{\"@type\":\"SearchAction\",\"target\":{\"@type\":\"EntryPoint\",\"urlTemplate\":\"https:\\\/\\\/xstyle.md\\\/?s={search_term_string}\"},\"query-input\":{\"@type\":\"PropertyValueSpecification\",\"valueRequired\":true,\"valueName\":\"search_term_string\"}}],\"inLanguage\":\"ro-RO\"},{\"@type\":\"Organization\",\"@id\":\"https:\\\/\\\/xstyle.md\\\/#organization\",\"name\":\"\u041c\u0430\u0433\u0430\u0437\u0438\u043d Xstyle\",\"alternateName\":\"x-style\",\"url\":\"https:\\\/\\\/xstyle.md\\\/\",\"logo\":{\"@type\":\"ImageObject\",\"inLanguage\":\"ro-RO\",\"@id\":\"https:\\\/\\\/xstyle.md\\\/#\\\/schema\\\/logo\\\/image\\\/\",\"url\":\"https:\\\/\\\/xstyle.md\\\/wp-content\\\/uploads\\\/2020\\\/06\\\/logoicon.svg\",\"contentUrl\":\"https:\\\/\\\/xstyle.md\\\/wp-content\\\/uploads\\\/2020\\\/06\\\/logoicon.svg\",\"caption\":\"\u041c\u0430\u0433\u0430\u0437\u0438\u043d Xstyle\"},\"image\":{\"@id\":\"https:\\\/\\\/xstyle.md\\\/#\\\/schema\\\/logo\\\/image\\\/\"},\"sameAs\":[\"https:\\\/\\\/www.facebook.com\\\/xstylemd\",\"https:\\\/\\\/www.instagram.com\\\/xstyle_md\\\/\",\"https:\\\/\\\/t.me\\\/xstyle_outdoor\"],\"hasMerchantReturnPolicy\":{\"@type\":\"MerchantReturnPolicy\",\"merchantReturnLink\":\"https:\\\/\\\/xstyle.md\\\/ro\\\/conditions\\\/\"}}]}<\/script>\n<meta property=\"product:price:amount\" content=\"495.00\" \/>\n<meta property=\"product:price:currency\" content=\"MDL\" \/>\n<meta property=\"og:availability\" content=\"out of stock\" \/>\n<meta property=\"product:availability\" content=\"out of stock\" \/>\n<meta property=\"product:retailer_item_id\" content=\"3607681138908\" \/>\n<meta property=\"product:condition\" content=\"new\" \/>\n<!-- \/ Yoast SEO plugin. -->","yoast_head_json":{"title":"Geant\u0103 pentru cl\u0103pari Rossignol BASIC BOOT BAG - Magazin Xstyle","description":"Geanta Rossignol BASIC BOOT BAG pentru bocanci de schi este fabricat\u0103 din poliester rezistent \u0219i PVC. Protejeaz\u0103 perfect \u00eenc\u0103l\u021b\u0103mintea \u0219i accesoriile tale. Descoper\u0103 confortul!","robots":{"index":"index","follow":"follow","max-snippet":"max-snippet:-1","max-image-preview":"max-image-preview:large","max-video-preview":"max-video-preview:-1"},"canonical":"https:\/\/xstyle.md\/ro\/produs\/sumka-dlja-gornolyzhnyh-botinok-rossignol\/","og_locale":"ro_RO","og_type":"article","og_title":"\u0421\u0443\u043c\u043a\u0430 \u0434\u043b\u044f \u0433\u043e\u0440\u043d\u043e\u043b\u044b\u0436\u043d\u044b\u0445 \u0431\u043e\u0442\u0438\u043d\u043e\u043a Rossignol BASIC BOOT BAG - \u041c\u0430\u0433\u0430\u0437\u0438\u043d Xstyle","og_description":"\u0421\u0443\u043c\u043a\u0430 Rossignol BASIC BOOT BAG \u0434\u043b\u044f \u0433\u043e\u0440\u043d\u043e\u043b\u044b\u0436\u043d\u044b\u0445 \u0431\u043e\u0442\u0438\u043d\u043e\u043a \u0441 \u043f\u0440\u043e\u0447\u043d\u044b\u043c \u043f\u043e\u043b\u0438\u044d\u0441\u0442\u0435\u0440\u043e\u043c \u0438 PVC. \u0418\u0434\u0435\u0430\u043b\u044c\u043d\u043e \u0437\u0430\u0449\u0438\u0449\u0430\u0435\u0442 \u0432\u0430\u0448\u0443 \u043e\u0431\u0443\u0432\u044c \u0438 \u0430\u043a\u0441\u0435\u0441\u0441\u0443\u0430\u0440\u044b. \u041e\u0442\u043a\u0440\u043e\u0439\u0442\u0435 \u0434\u043b\u044f \u0441\u0435\u0431\u044f \u0443\u0434\u043e\u0431\u0441\u0442\u0432\u043e!","og_url":"https:\/\/xstyle.md\/ro\/produs\/sumka-dlja-gornolyzhnyh-botinok-rossignol\/","og_site_name":"\u041c\u0430\u0433\u0430\u0437\u0438\u043d Xstyle","article_publisher":"https:\/\/www.facebook.com\/xstylemd","article_modified_time":"2026-03-19T13:24:08+00:00","og_image":[{"width":1000,"height":1000,"url":"https:\/\/xstyle.md\/wp-content\/uploads\/2020\/07\/boot_bag.jpg","type":"image\/jpeg"}],"twitter_card":"summary_large_image","twitter_misc":{"Pre\u021b":"495&nbsp;MDL","Disponibilitate":"Stoc epuizat"},"schema":{"@context":"https:\/\/schema.org","@graph":[{"@type":"WebPage","@id":"https:\/\/xstyle.md\/product\/sumka-dlja-gornolyzhnyh-botinok-rossignol\/","url":"https:\/\/xstyle.md\/product\/sumka-dlja-gornolyzhnyh-botinok-rossignol\/","name":"Geant\u0103 pentru cl\u0103pari Rossignol BASIC BOOT BAG - Magazin Xstyle","isPartOf":{"@id":"https:\/\/xstyle.md\/#website"},"primaryImageOfPage":{"@id":"https:\/\/xstyle.md\/product\/sumka-dlja-gornolyzhnyh-botinok-rossignol\/#primaryimage"},"image":{"@id":"https:\/\/xstyle.md\/product\/sumka-dlja-gornolyzhnyh-botinok-rossignol\/#primaryimage"},"thumbnailUrl":"https:\/\/xstyle.md\/wp-content\/uploads\/2020\/07\/boot_bag.jpg","datePublished":"2020-07-16T14:27:59+00:00","dateModified":"2026-03-19T13:24:08+00:00","description":"Geanta Rossignol BASIC BOOT BAG pentru bocanci de schi este fabricat\u0103 din poliester rezistent \u0219i PVC. Protejeaz\u0103 perfect \u00eenc\u0103l\u021b\u0103mintea \u0219i accesoriile tale. Descoper\u0103 confortul!","breadcrumb":{"@id":"https:\/\/xstyle.md\/product\/sumka-dlja-gornolyzhnyh-botinok-rossignol\/#breadcrumb"},"inLanguage":"ro-RO","potentialAction":[{"@type":"ReadAction","target":["https:\/\/xstyle.md\/product\/sumka-dlja-gornolyzhnyh-botinok-rossignol\/"]}]},{"@type":"ImageObject","inLanguage":"ro-RO","@id":"https:\/\/xstyle.md\/product\/sumka-dlja-gornolyzhnyh-botinok-rossignol\/#primaryimage","url":"https:\/\/xstyle.md\/wp-content\/uploads\/2020\/07\/boot_bag.jpg","contentUrl":"https:\/\/xstyle.md\/wp-content\/uploads\/2020\/07\/boot_bag.jpg","width":1000,"height":1000},{"@type":"BreadcrumbList","@id":"https:\/\/xstyle.md\/product\/sumka-dlja-gornolyzhnyh-botinok-rossignol\/#breadcrumb","itemListElement":[{"@type":"ListItem","position":1,"name":"\u0413\u043b\u0430\u0432\u043d\u0430\u044f \u0441\u0442\u0440\u0430\u043d\u0438\u0446\u0430","item":"https:\/\/xstyle.md\/"},{"@type":"ListItem","position":2,"name":"\u041c\u0430\u0433\u0430\u0437\u0438\u043d","item":"https:\/\/xstyle.md\/shop\/"},{"@type":"ListItem","position":3,"name":"\u0421\u0443\u043c\u043a\u0430 \u0434\u043b\u044f \u0433\u043e\u0440\u043d\u043e\u043b\u044b\u0436\u043d\u044b\u0445 \u0431\u043e\u0442\u0438\u043d\u043e\u043a Rossignol BASIC BOOT BAG"}]},{"@type":"WebSite","@id":"https:\/\/xstyle.md\/#website","url":"https:\/\/xstyle.md\/","name":"Magazinul X-Style","description":"Echipamente pentru turism \u0219i sporturi extreme \u00een Moldova. Pre\u021buri, fotografii, caracteristici \u00een Moldova.","publisher":{"@id":"https:\/\/xstyle.md\/#organization"},"alternateName":"X-Style","potentialAction":[{"@type":"SearchAction","target":{"@type":"EntryPoint","urlTemplate":"https:\/\/xstyle.md\/?s={search_term_string}"},"query-input":{"@type":"PropertyValueSpecification","valueRequired":true,"valueName":"search_term_string"}}],"inLanguage":"ro-RO"},{"@type":"Organization","@id":"https:\/\/xstyle.md\/#organization","name":"Magazinul X-Style","alternateName":"x-style","url":"https:\/\/xstyle.md\/","logo":{"@type":"ImageObject","inLanguage":"ro-RO","@id":"https:\/\/xstyle.md\/#\/schema\/logo\/image\/","url":"https:\/\/xstyle.md\/wp-content\/uploads\/2020\/06\/logoicon.svg","contentUrl":"https:\/\/xstyle.md\/wp-content\/uploads\/2020\/06\/logoicon.svg","caption":"\u041c\u0430\u0433\u0430\u0437\u0438\u043d Xstyle"},"image":{"@id":"https:\/\/xstyle.md\/#\/schema\/logo\/image\/"},"sameAs":["https:\/\/www.facebook.com\/xstylemd","https:\/\/www.instagram.com\/xstyle_md\/","https:\/\/t.me\/xstyle_outdoor"],"hasMerchantReturnPolicy":{"@type":"MerchantReturnPolicy","merchantReturnLink":"https:\/\/xstyle.md\/ro\/conditions\/"}}]},"product_price_amount":"495.00","product_price_currency":"MDL","og_availability":"out of stock","product_availability":"out of stock","product_retailer_item_id":"3607681138908","product_condition":"new"},"post_mailing_queue_ids":[],"_links":{"self":[{"href":"https:\/\/xstyle.md\/ro\/wp-json\/wp\/v2\/product\/2872","targetHints":{"allow":["GET"]}}],"collection":[{"href":"https:\/\/xstyle.md\/ro\/wp-json\/wp\/v2\/product"}],"about":[{"href":"https:\/\/xstyle.md\/ro\/wp-json\/wp\/v2\/types\/product"}],"replies":[{"embeddable":true,"href":"https:\/\/xstyle.md\/ro\/wp-json\/wp\/v2\/comments?post=2872"}],"wp:featuredmedia":[{"embeddable":true,"href":"https:\/\/xstyle.md\/ro\/wp-json\/wp\/v2\/media\/2871"}],"wp:attachment":[{"href":"https:\/\/xstyle.md\/ro\/wp-json\/wp\/v2\/media?parent=2872"}],"wp:term":[{"taxonomy":"product_brand","embeddable":true,"href":"https:\/\/xstyle.md\/ro\/wp-json\/wp\/v2\/product_brand?post=2872"},{"taxonomy":"product_cat","embeddable":true,"href":"https:\/\/xstyle.md\/ro\/wp-json\/wp\/v2\/product_cat?post=2872"},{"taxonomy":"product_tag","embeddable":true,"href":"https:\/\/xstyle.md\/ro\/wp-json\/wp\/v2\/product_tag?post=2872"}],"curies":[{"name":"wp","href":"https:\/\/api.w.org\/{rel}","templated":true}]}}