{"id":2815,"date":"2020-07-16T17:25:26","date_gmt":"2020-07-16T14:25:26","guid":{"rendered":"https:\/\/xstyle.md\/product\/brjuki-hannah-idea-ii"},"modified":"2026-02-12T20:08:20","modified_gmt":"2026-02-12T17:08:20","slug":"brjuki-hannah-idea-ii","status":"publish","type":"product","link":"https:\/\/xstyle.md\/ro\/produs\/brjuki-hannah-idea-ii\/","title":{"rendered":"Pantaloni schi Hannah Idea II Wmn anthracite"},"content":{"rendered":"<\/p>\n<p><strong>Hannah Idea II Wmn anthracite<\/strong> \u2013 pantalonii cu membran\u0103 pentru femei, cu bretele deta\u0219abile \u0219i protec\u021bie la abraziune pe partea interioar\u0103 a pantalonilor, sunt potrivi\u021bi pentru activit\u0103\u021bile dvs. sportive active de iarn\u0103. Datorit\u0103 membranei impermeabile Climatic Element, ve\u021bi r\u0103m\u00e2ne mereu uscat\u0103 chiar \u0219i atunci c\u00e2nd schia\u021bi. Iar izola\u021bia Duratherm Classic asigur\u0103 izolare \u0219i confort chiar \u0219i \u00een condi\u021bii de umezeal\u0103.<\/p>\n<h3>Particularit\u0103\u021bi<\/h3>\n<ul>\n<li>Talie \u00eenalt\u0103, cu fermoar \u0219i band\u0103 Velcro reglabil\u0103 \u00een talie<\/li>\n<li>Bretele deta\u0219abile cu catarame rezistente<\/li>\n<li>Genunchi anatomici \u0219i potrivire ergonomic\u0103<\/li>\n<li>Permite o libertate total\u0103 de mi\u0219care<\/li>\n<li>Cizmele de z\u0103pad\u0103 protejeaz\u0103 \u00eempotriva v\u00e2ntului \u0219i a z\u0103pezii \u00een interiorul pantalonilor<\/li>\n<li>Buzunare laterale externe<\/li>\n<li>Cus\u0103turi impermeabile lipite cu adeziv<\/li>\n<li>Feronerie de \u00eenalt\u0103 calitate a renumitei companii YKK.<\/li>\n<\/ul>\n<h3>Caracteristici<\/h3>\n<ul>\n<li>Material &#8212; 100% poliamid\u0103<\/li>\n<li>Membran\u0103 &#8212; Element climatic<\/li>\n<li>Izola\u021bie &#8212; Duratherm Classic<\/li>\n<li>Model - pentru femei.<\/li>\n<\/ul>\n<h3>Tehnologie<\/h3>\n<ul>\n<li><strong>Climatic Element<\/strong> \u2013 membrana din poliuretan neporos este impermeabil\u0103, rezistent\u0103 la v\u00e2nt \u0219i are o respirabilitate excelent\u0103. Propriet\u0103\u021bile func\u021bionale ale \u00eembr\u0103c\u0103mintei cu Climatic Element sunt deosebit de apreciate \u00een timpul schiului, trekking-ului \u0219i drume\u021biilor montane.<\/li>\n<li><strong>Duratherm Classic<\/strong> &#8212; este un material izolator din poliester de \u00eenalt\u0103 calitate, cu o izola\u021bie termic\u0103 excelent\u0103. Garanteaz\u0103 o func\u021bionalitate optim\u0103 \u0219i un confort termic suficient chiar \u0219i \u00een condi\u021bii de umiditate. Perfect pentru \u00eembr\u0103c\u0103minte sportiv\u0103 \u0219i urban\u0103.<\/li>\n<\/ul>\n<h3>Marca<\/h3>\n<p>Hannah este un brand interna\u021bional specializat \u00een articole de c\u0103l\u0103torie \u0219i \u00eembr\u0103c\u0103minte sport pentru fiecare sezon. Marca Hannah a fost fondat\u0103 \u00een Republica Ceh\u0103 \u00een 1991. Compania a ob\u021binut un succes bun pe pia\u021ba intern\u0103 datorit\u0103 politicii sale de \u00eenalt\u0103 calitate \u0219i a pre\u021burilor accesibile pentru fiecare produs.<\/p>\n<p>\u00cenc\u0103 de la \u00eenceput, compania a \u00eenceput s\u0103 fabrice produse \u00een conformitate cu standardele interna\u021bionale, deoarece a realizat pe deplin importan\u021ba unei reputa\u021bii curate. \u00cen acest sens, s-a petrecut mult timp cu selectarea materialelor de calitate, ale c\u0103ror produse puteau fi caracterizate prin rezisten\u021b\u0103 la uzur\u0103 \u0219i durabilitate, iar unele produse erau, de asemenea, impermeabile. Ast\u0103zi, marca nu st\u0103 pe loc, catalogul lor este actualizat \u0219i extins \u00een mod constant, iar produsele pot fi g\u0103site \u00een \u00eentreaga lume.<\/p>\n<p><\/p>","protected":false},"excerpt":{"rendered":"<p>\u0411\u0440\u044e\u043a\u0438 Hannah Idea II<\/p>","protected":false},"featured_media":2814,"comment_status":"open","ping_status":"closed","template":"","meta":{"_acf_changed":false,"inline_featured_image":false},"product_brand":[1271],"product_cat":[307],"product_tag":[],"class_list":{"0":"post-2815","1":"product","2":"type-product","3":"status-publish","4":"has-post-thumbnail","6":"product_brand-hannah","7":"product_cat-pantaloni-de-schi-femei","9":"first","10":"outofstock","11":"shipping-taxable","12":"product-type-simple"},"acf":[],"yoast_head":"<!-- This site is optimized with the Yoast SEO plugin v27.4 - https:\/\/yoast.com\/product\/yoast-seo-wordpress\/ -->\n<title>\u0413\u043e\u0440\u043d\u043e\u043b\u044b\u0436\u043d\u044b\u0435 \u0448\u0442\u0430\u043d\u044b Hannah Idea II Wmn anthracite - \u041c\u0430\u0433\u0430\u0437\u0438\u043d Xstyle<\/title>\n<meta name=\"description\" content=\"\u041a\u0443\u043f\u0438\u0442\u0435 \u0431\u0440\u044e\u043a\u0438 Hannah Idea II Wmn anthracite \u0441 \u043c\u0435\u043c\u0431\u0440\u0430\u043d\u043e\u0439 Climatic Element Duratherm Classic. \u0418\u0434\u0435\u0430\u043b\u044c\u043d\u044b \u0434\u043b\u044f \u0437\u0438\u043c\u043d\u0438\u0445 \u0430\u043a\u0442\u0438\u0432\u043d\u043e\u0441\u0442\u0435\u0439, \u0437\u0430\u0449\u0438\u0449\u0430\u044e\u0442 \u043e\u0442 \u0432\u043b\u0430\u0433\u0438 \u0438 \u0438\u0437\u043d\u043e\u0441\u0430.\" \/>\n<meta name=\"robots\" content=\"index, follow, max-snippet:-1, max-image-preview:large, max-video-preview:-1\" \/>\n<link rel=\"canonical\" href=\"https:\/\/xstyle.md\/ro\/produs\/brjuki-hannah-idea-ii\/\" \/>\n<meta property=\"og:locale\" content=\"ro_RO\" \/>\n<meta property=\"og:type\" content=\"article\" \/>\n<meta property=\"og:title\" content=\"\u0413\u043e\u0440\u043d\u043e\u043b\u044b\u0436\u043d\u044b\u0435 \u0448\u0442\u0430\u043d\u044b Hannah Idea II Wmn anthracite - \u041c\u0430\u0433\u0430\u0437\u0438\u043d Xstyle\" \/>\n<meta property=\"og:description\" content=\"\u041a\u0443\u043f\u0438\u0442\u0435 \u0431\u0440\u044e\u043a\u0438 Hannah Idea II Wmn anthracite \u0441 \u043c\u0435\u043c\u0431\u0440\u0430\u043d\u043e\u0439 Climatic Element Duratherm Classic. \u0418\u0434\u0435\u0430\u043b\u044c\u043d\u044b \u0434\u043b\u044f \u0437\u0438\u043c\u043d\u0438\u0445 \u0430\u043a\u0442\u0438\u0432\u043d\u043e\u0441\u0442\u0435\u0439, \u0437\u0430\u0449\u0438\u0449\u0430\u044e\u0442 \u043e\u0442 \u0432\u043b\u0430\u0433\u0438 \u0438 \u0438\u0437\u043d\u043e\u0441\u0430.\" \/>\n<meta property=\"og:url\" content=\"https:\/\/xstyle.md\/ro\/produs\/brjuki-hannah-idea-ii\/\" \/>\n<meta property=\"og:site_name\" content=\"\u041c\u0430\u0433\u0430\u0437\u0438\u043d Xstyle\" \/>\n<meta property=\"article:publisher\" content=\"https:\/\/www.facebook.com\/xstylemd\" \/>\n<meta property=\"article:modified_time\" content=\"2026-02-12T17:08:20+00:00\" \/>\n<meta property=\"og:image\" content=\"https:\/\/xstyle.md\/wp-content\/uploads\/2020\/07\/idea23.jpg\" \/>\n\t<meta property=\"og:image:width\" content=\"170\" \/>\n\t<meta property=\"og:image:height\" content=\"505\" \/>\n\t<meta property=\"og:image:type\" content=\"image\/jpeg\" \/>\n<meta name=\"twitter:card\" content=\"summary_large_image\" \/>\n<meta name=\"twitter:label1\" content=\"Pre\u021b\" \/>\n\t<meta name=\"twitter:data1\" content=\"3.290&nbsp;MDL\" \/>\n\t<meta name=\"twitter:label2\" content=\"Disponibilitate\" \/>\n\t<meta name=\"twitter:data2\" content=\"Stoc epuizat\" \/>\n<script type=\"application\/ld+json\" class=\"yoast-schema-graph\">{\"@context\":\"https:\\\/\\\/schema.org\",\"@graph\":[{\"@type\":\"WebPage\",\"@id\":\"https:\\\/\\\/xstyle.md\\\/product\\\/brjuki-hannah-idea-ii\\\/\",\"url\":\"https:\\\/\\\/xstyle.md\\\/product\\\/brjuki-hannah-idea-ii\\\/\",\"name\":\"\u0413\u043e\u0440\u043d\u043e\u043b\u044b\u0436\u043d\u044b\u0435 \u0448\u0442\u0430\u043d\u044b Hannah Idea II Wmn anthracite - \u041c\u0430\u0433\u0430\u0437\u0438\u043d Xstyle\",\"isPartOf\":{\"@id\":\"https:\\\/\\\/xstyle.md\\\/#website\"},\"primaryImageOfPage\":{\"@id\":\"https:\\\/\\\/xstyle.md\\\/product\\\/brjuki-hannah-idea-ii\\\/#primaryimage\"},\"image\":{\"@id\":\"https:\\\/\\\/xstyle.md\\\/product\\\/brjuki-hannah-idea-ii\\\/#primaryimage\"},\"thumbnailUrl\":\"https:\\\/\\\/xstyle.md\\\/wp-content\\\/uploads\\\/2020\\\/07\\\/idea23.jpg\",\"datePublished\":\"2020-07-16T14:25:26+00:00\",\"dateModified\":\"2026-02-12T17:08:20+00:00\",\"description\":\"\u041a\u0443\u043f\u0438\u0442\u0435 \u0431\u0440\u044e\u043a\u0438 Hannah Idea II Wmn anthracite \u0441 \u043c\u0435\u043c\u0431\u0440\u0430\u043d\u043e\u0439 Climatic Element Duratherm Classic. \u0418\u0434\u0435\u0430\u043b\u044c\u043d\u044b \u0434\u043b\u044f \u0437\u0438\u043c\u043d\u0438\u0445 \u0430\u043a\u0442\u0438\u0432\u043d\u043e\u0441\u0442\u0435\u0439, \u0437\u0430\u0449\u0438\u0449\u0430\u044e\u0442 \u043e\u0442 \u0432\u043b\u0430\u0433\u0438 \u0438 \u0438\u0437\u043d\u043e\u0441\u0430.\",\"breadcrumb\":{\"@id\":\"https:\\\/\\\/xstyle.md\\\/product\\\/brjuki-hannah-idea-ii\\\/#breadcrumb\"},\"inLanguage\":\"ro-RO\",\"potentialAction\":[{\"@type\":\"ReadAction\",\"target\":[\"https:\\\/\\\/xstyle.md\\\/product\\\/brjuki-hannah-idea-ii\\\/\"]}]},{\"@type\":\"ImageObject\",\"inLanguage\":\"ro-RO\",\"@id\":\"https:\\\/\\\/xstyle.md\\\/product\\\/brjuki-hannah-idea-ii\\\/#primaryimage\",\"url\":\"https:\\\/\\\/xstyle.md\\\/wp-content\\\/uploads\\\/2020\\\/07\\\/idea23.jpg\",\"contentUrl\":\"https:\\\/\\\/xstyle.md\\\/wp-content\\\/uploads\\\/2020\\\/07\\\/idea23.jpg\",\"width\":170,\"height\":505},{\"@type\":\"BreadcrumbList\",\"@id\":\"https:\\\/\\\/xstyle.md\\\/product\\\/brjuki-hannah-idea-ii\\\/#breadcrumb\",\"itemListElement\":[{\"@type\":\"ListItem\",\"position\":1,\"name\":\"\u0413\u043b\u0430\u0432\u043d\u0430\u044f \u0441\u0442\u0440\u0430\u043d\u0438\u0446\u0430\",\"item\":\"https:\\\/\\\/xstyle.md\\\/\"},{\"@type\":\"ListItem\",\"position\":2,\"name\":\"\u041c\u0430\u0433\u0430\u0437\u0438\u043d\",\"item\":\"https:\\\/\\\/xstyle.md\\\/shop\\\/\"},{\"@type\":\"ListItem\",\"position\":3,\"name\":\"\u0413\u043e\u0440\u043d\u043e\u043b\u044b\u0436\u043d\u044b\u0435 \u0448\u0442\u0430\u043d\u044b Hannah Idea II Wmn anthracite\"}]},{\"@type\":\"WebSite\",\"@id\":\"https:\\\/\\\/xstyle.md\\\/#website\",\"url\":\"https:\\\/\\\/xstyle.md\\\/\",\"name\":\"\u041c\u0430\u0433\u0430\u0437\u0438\u043d Xstyle\",\"description\":\"C\u043d\u0430\u0440\u044f\u0436\u0435\u043d\u0438\u0435 \u0434\u043b\u044f \u0442\u0443\u0440\u0438\u0437\u043c\u0430 \u0438 \u044d\u043a\u0441\u0442\u0440\u0435\u043c\u0430\u043b\u044c\u043d\u044b\u0445 \u0432\u0438\u0434\u043e\u0432 \u0441\u043f\u043e\u0440\u0442\u0430 \u0432 \u041c\u043e\u043b\u0434\u043e\u0432\u0435.. \u0426\u0435\u043d\u044b, \u0444\u043e\u0442\u043e, \u0445\u0430\u0440\u0430\u043a\u0442\u0435\u0440\u0438\u0441\u0442\u0438\u043a\u0438 \u0432 \u041c\u043e\u043b\u0434\u043e\u0432\u0435.\",\"publisher\":{\"@id\":\"https:\\\/\\\/xstyle.md\\\/#organization\"},\"alternateName\":\"X-Style\",\"potentialAction\":[{\"@type\":\"SearchAction\",\"target\":{\"@type\":\"EntryPoint\",\"urlTemplate\":\"https:\\\/\\\/xstyle.md\\\/?s={search_term_string}\"},\"query-input\":{\"@type\":\"PropertyValueSpecification\",\"valueRequired\":true,\"valueName\":\"search_term_string\"}}],\"inLanguage\":\"ro-RO\"},{\"@type\":\"Organization\",\"@id\":\"https:\\\/\\\/xstyle.md\\\/#organization\",\"name\":\"\u041c\u0430\u0433\u0430\u0437\u0438\u043d Xstyle\",\"alternateName\":\"x-style\",\"url\":\"https:\\\/\\\/xstyle.md\\\/\",\"logo\":{\"@type\":\"ImageObject\",\"inLanguage\":\"ro-RO\",\"@id\":\"https:\\\/\\\/xstyle.md\\\/#\\\/schema\\\/logo\\\/image\\\/\",\"url\":\"https:\\\/\\\/xstyle.md\\\/wp-content\\\/uploads\\\/2020\\\/06\\\/logoicon.svg\",\"contentUrl\":\"https:\\\/\\\/xstyle.md\\\/wp-content\\\/uploads\\\/2020\\\/06\\\/logoicon.svg\",\"caption\":\"\u041c\u0430\u0433\u0430\u0437\u0438\u043d Xstyle\"},\"image\":{\"@id\":\"https:\\\/\\\/xstyle.md\\\/#\\\/schema\\\/logo\\\/image\\\/\"},\"sameAs\":[\"https:\\\/\\\/www.facebook.com\\\/xstylemd\",\"https:\\\/\\\/www.instagram.com\\\/xstyle_md\\\/\",\"https:\\\/\\\/t.me\\\/xstyle_outdoor\"],\"hasMerchantReturnPolicy\":{\"@type\":\"MerchantReturnPolicy\",\"merchantReturnLink\":\"https:\\\/\\\/xstyle.md\\\/ro\\\/conditions\\\/\"}}]}<\/script>\n<meta property=\"product:price:amount\" content=\"3290.00\" \/>\n<meta property=\"product:price:currency\" content=\"MDL\" \/>\n<meta property=\"og:availability\" content=\"out of stock\" \/>\n<meta property=\"product:availability\" content=\"out of stock\" \/>\n<meta property=\"product:retailer_item_id\" content=\"8591203477895\" \/>\n<meta property=\"product:condition\" content=\"new\" \/>\n<!-- \/ Yoast SEO plugin. -->","yoast_head_json":{"title":"\u0413\u043e\u0440\u043d\u043e\u043b\u044b\u0436\u043d\u044b\u0435 \u0448\u0442\u0430\u043d\u044b Hannah Idea II Wmn anthracite - \u041c\u0430\u0433\u0430\u0437\u0438\u043d Xstyle","description":"Cump\u0103ra\u021bi pantaloni Hannah Idea II Wmn anthracite cu membran\u0103 Climatic Element Duratherm Classic. Ideali pentru activit\u0103\u021bi de iarn\u0103, protejeaz\u0103 \u00eempotriva umidit\u0103\u021bii \u0219i uzurii.","robots":{"index":"index","follow":"follow","max-snippet":"max-snippet:-1","max-image-preview":"max-image-preview:large","max-video-preview":"max-video-preview:-1"},"canonical":"https:\/\/xstyle.md\/ro\/produs\/brjuki-hannah-idea-ii\/","og_locale":"ro_RO","og_type":"article","og_title":"\u0413\u043e\u0440\u043d\u043e\u043b\u044b\u0436\u043d\u044b\u0435 \u0448\u0442\u0430\u043d\u044b Hannah Idea II Wmn anthracite - \u041c\u0430\u0433\u0430\u0437\u0438\u043d Xstyle","og_description":"\u041a\u0443\u043f\u0438\u0442\u0435 \u0431\u0440\u044e\u043a\u0438 Hannah Idea II Wmn anthracite \u0441 \u043c\u0435\u043c\u0431\u0440\u0430\u043d\u043e\u0439 Climatic Element Duratherm Classic. \u0418\u0434\u0435\u0430\u043b\u044c\u043d\u044b \u0434\u043b\u044f \u0437\u0438\u043c\u043d\u0438\u0445 \u0430\u043a\u0442\u0438\u0432\u043d\u043e\u0441\u0442\u0435\u0439, \u0437\u0430\u0449\u0438\u0449\u0430\u044e\u0442 \u043e\u0442 \u0432\u043b\u0430\u0433\u0438 \u0438 \u0438\u0437\u043d\u043e\u0441\u0430.","og_url":"https:\/\/xstyle.md\/ro\/produs\/brjuki-hannah-idea-ii\/","og_site_name":"\u041c\u0430\u0433\u0430\u0437\u0438\u043d Xstyle","article_publisher":"https:\/\/www.facebook.com\/xstylemd","article_modified_time":"2026-02-12T17:08:20+00:00","og_image":[{"width":170,"height":505,"url":"https:\/\/xstyle.md\/wp-content\/uploads\/2020\/07\/idea23.jpg","type":"image\/jpeg"}],"twitter_card":"summary_large_image","twitter_misc":{"Pre\u021b":"3.290&nbsp;MDL","Disponibilitate":"Stoc epuizat"},"schema":{"@context":"https:\/\/schema.org","@graph":[{"@type":"WebPage","@id":"https:\/\/xstyle.md\/product\/brjuki-hannah-idea-ii\/","url":"https:\/\/xstyle.md\/product\/brjuki-hannah-idea-ii\/","name":"\u0413\u043e\u0440\u043d\u043e\u043b\u044b\u0436\u043d\u044b\u0435 \u0448\u0442\u0430\u043d\u044b Hannah Idea II Wmn anthracite - \u041c\u0430\u0433\u0430\u0437\u0438\u043d Xstyle","isPartOf":{"@id":"https:\/\/xstyle.md\/#website"},"primaryImageOfPage":{"@id":"https:\/\/xstyle.md\/product\/brjuki-hannah-idea-ii\/#primaryimage"},"image":{"@id":"https:\/\/xstyle.md\/product\/brjuki-hannah-idea-ii\/#primaryimage"},"thumbnailUrl":"https:\/\/xstyle.md\/wp-content\/uploads\/2020\/07\/idea23.jpg","datePublished":"2020-07-16T14:25:26+00:00","dateModified":"2026-02-12T17:08:20+00:00","description":"Cump\u0103ra\u021bi pantaloni Hannah Idea II Wmn anthracite cu membran\u0103 Climatic Element Duratherm Classic. Ideali pentru activit\u0103\u021bi de iarn\u0103, protejeaz\u0103 \u00eempotriva umidit\u0103\u021bii \u0219i uzurii.","breadcrumb":{"@id":"https:\/\/xstyle.md\/product\/brjuki-hannah-idea-ii\/#breadcrumb"},"inLanguage":"ro-RO","potentialAction":[{"@type":"ReadAction","target":["https:\/\/xstyle.md\/product\/brjuki-hannah-idea-ii\/"]}]},{"@type":"ImageObject","inLanguage":"ro-RO","@id":"https:\/\/xstyle.md\/product\/brjuki-hannah-idea-ii\/#primaryimage","url":"https:\/\/xstyle.md\/wp-content\/uploads\/2020\/07\/idea23.jpg","contentUrl":"https:\/\/xstyle.md\/wp-content\/uploads\/2020\/07\/idea23.jpg","width":170,"height":505},{"@type":"BreadcrumbList","@id":"https:\/\/xstyle.md\/product\/brjuki-hannah-idea-ii\/#breadcrumb","itemListElement":[{"@type":"ListItem","position":1,"name":"\u0413\u043b\u0430\u0432\u043d\u0430\u044f \u0441\u0442\u0440\u0430\u043d\u0438\u0446\u0430","item":"https:\/\/xstyle.md\/"},{"@type":"ListItem","position":2,"name":"\u041c\u0430\u0433\u0430\u0437\u0438\u043d","item":"https:\/\/xstyle.md\/shop\/"},{"@type":"ListItem","position":3,"name":"\u0413\u043e\u0440\u043d\u043e\u043b\u044b\u0436\u043d\u044b\u0435 \u0448\u0442\u0430\u043d\u044b Hannah Idea II Wmn anthracite"}]},{"@type":"WebSite","@id":"https:\/\/xstyle.md\/#website","url":"https:\/\/xstyle.md\/","name":"Magazinul X-Style","description":"Echipamente pentru turism \u0219i sporturi extreme \u00een Moldova. Pre\u021buri, fotografii, caracteristici \u00een Moldova.","publisher":{"@id":"https:\/\/xstyle.md\/#organization"},"alternateName":"X-Style","potentialAction":[{"@type":"SearchAction","target":{"@type":"EntryPoint","urlTemplate":"https:\/\/xstyle.md\/?s={search_term_string}"},"query-input":{"@type":"PropertyValueSpecification","valueRequired":true,"valueName":"search_term_string"}}],"inLanguage":"ro-RO"},{"@type":"Organization","@id":"https:\/\/xstyle.md\/#organization","name":"Magazinul X-Style","alternateName":"x-style","url":"https:\/\/xstyle.md\/","logo":{"@type":"ImageObject","inLanguage":"ro-RO","@id":"https:\/\/xstyle.md\/#\/schema\/logo\/image\/","url":"https:\/\/xstyle.md\/wp-content\/uploads\/2020\/06\/logoicon.svg","contentUrl":"https:\/\/xstyle.md\/wp-content\/uploads\/2020\/06\/logoicon.svg","caption":"\u041c\u0430\u0433\u0430\u0437\u0438\u043d Xstyle"},"image":{"@id":"https:\/\/xstyle.md\/#\/schema\/logo\/image\/"},"sameAs":["https:\/\/www.facebook.com\/xstylemd","https:\/\/www.instagram.com\/xstyle_md\/","https:\/\/t.me\/xstyle_outdoor"],"hasMerchantReturnPolicy":{"@type":"MerchantReturnPolicy","merchantReturnLink":"https:\/\/xstyle.md\/ro\/conditions\/"}}]},"product_price_amount":"3290.00","product_price_currency":"MDL","og_availability":"out of stock","product_availability":"out of stock","product_retailer_item_id":"8591203477895","product_condition":"new"},"_links":{"self":[{"href":"https:\/\/xstyle.md\/ro\/wp-json\/wp\/v2\/product\/2815","targetHints":{"allow":["GET"]}}],"collection":[{"href":"https:\/\/xstyle.md\/ro\/wp-json\/wp\/v2\/product"}],"about":[{"href":"https:\/\/xstyle.md\/ro\/wp-json\/wp\/v2\/types\/product"}],"replies":[{"embeddable":true,"href":"https:\/\/xstyle.md\/ro\/wp-json\/wp\/v2\/comments?post=2815"}],"wp:featuredmedia":[{"embeddable":true,"href":"https:\/\/xstyle.md\/ro\/wp-json\/wp\/v2\/media\/2814"}],"wp:attachment":[{"href":"https:\/\/xstyle.md\/ro\/wp-json\/wp\/v2\/media?parent=2815"}],"wp:term":[{"taxonomy":"product_brand","embeddable":true,"href":"https:\/\/xstyle.md\/ro\/wp-json\/wp\/v2\/product_brand?post=2815"},{"taxonomy":"product_cat","embeddable":true,"href":"https:\/\/xstyle.md\/ro\/wp-json\/wp\/v2\/product_cat?post=2815"},{"taxonomy":"product_tag","embeddable":true,"href":"https:\/\/xstyle.md\/ro\/wp-json\/wp\/v2\/product_tag?post=2815"}],"curies":[{"name":"wp","href":"https:\/\/api.w.org\/{rel}","templated":true}]}}