{"id":27454,"date":"2021-01-11T16:24:41","date_gmt":"2021-01-11T13:24:41","guid":{"rendered":"https:\/\/xstyle.md\/product\/gornolyzhnyj-shlem-elan-impulse-black\/"},"modified":"2026-03-19T16:41:20","modified_gmt":"2026-03-19T13:41:20","slug":"gornolyzhnyj-shlem-elan-impulse-black","status":"publish","type":"product","link":"https:\/\/xstyle.md\/ro\/produs\/gornolyzhnyj-shlem-elan-impulse-black\/","title":{"rendered":"Casc\u0103 schi Elan Impulse Black"},"content":{"rendered":"<\/p>\n<p><strong>Elan Impulse<\/strong>\u00a0&#8212; este o casc\u0103 de schi \u0219i snowboard fabricat\u0103 \u00een conformitate cu tehnologia de ultim\u0103 or\u0103 \u0219i ofer\u0103 cea mai bun\u0103 protec\u021bie a capului \u00eempotriva deterior\u0103rilor externe. Cu toate acestea, nu poate fi folosit\u0103 ca o garan\u021bie pentru a preveni daunele.<\/p>\n<p>C\u0103\u0219tile de schi \u0219i snowboard Elam sunt conforme cu standardul european EN 1077. Toate c\u0103\u0219tile sunt etichetate cu marcajul CE. Ca parte a acestui standard, toate c\u0103\u0219tile sunt testate pentru deformare, permeabilitate, potrivirea capului \u0219i rezisten\u021ba curelei pentru b\u0103rbie.<\/p>\n<p>C\u0103\u0219tile Elan sunt formate din trei componente principale: cochilia exterioar\u0103 din plastic de \u00eenalt\u0103 calitate confer\u0103 stabilitate c\u0103\u0219tii \u0219i distribuie energia de impact pe o suprafa\u021b\u0103 c\u00e2t mai mare \u00een timpul unei c\u0103deri. \u00cenveli\u0219ul interior este alc\u0103tuit din polistiren special spumat. Aceasta amortizeaz\u0103 energia generat\u0103 de impact \u0219i o reduce prin deformare.<\/p>\n<p>Canalele de ventila\u021bie amplasate \u00een zone strategice maximizeaz\u0103 fluxul de aer \u0219i disiparea c\u0103ldurii \u00een orice condi\u021bii.<\/p>\n<p>C\u0103ptu\u0219eala din material moale asigur\u0103 un contact confortabil \u00eentre casc\u0103 \u0219i piele. Aceasta este conceput\u0103 pentru a \u00eendep\u0103rta umezeala de la suprafa\u021b\u0103 \u0219i pentru a se usca c\u00e2t mai repede posibil. C\u0103ptu\u0219eala are propriet\u0103\u021bi antibacteriene pentru un plus de confort. Aceasta este deta\u0219abil\u0103 pentru sp\u0103lare.<\/p>\n<h3>Particularit\u0103\u021bi<\/h3>\n<ul>\n<li>Tehnologia Inmold<\/li>\n<li>Protec\u021bie moale deta\u0219abil\u0103 pentru urechi<\/li>\n<li>Ventila\u021bie pasiv\u0103<\/li>\n<li>C\u0103ptu\u0219eal\u0103 c\u0103ptu\u0219it\u0103 deta\u0219abil\u0103<\/li>\n<li>C\u0103ptu\u0219eal\u0103 antibacterian\u0103<\/li>\n<li>Greutate redus\u0103<\/li>\n<li>\u00cenchidere ergonomic\u0103 cu curea<\/li>\n<li>Sistem de reglare R &#8212; Fit System.<\/li>\n<\/ul>\n<h3>Caracteristici<\/h3>\n<ul>\n<li>Scop &#8212; universal<\/li>\n<li>Ventila\u021bie &#8212; pasiv\u0103<\/li>\n<li>Construc\u021bie &#8212; \u00een mucegai<\/li>\n<li>Certificare &#8212; EN 1077<\/li>\n<li>Greutate &#8212; 450 g.<\/li>\n<\/ul>\n<h3>Tehnologie<\/h3>\n<ul>\n<li><strong>In-mold<\/strong> &#8212; \u00eenveli\u0219ul interior din EPS este acoperit cu un strat sub\u021bire de policarbonat turnat prin injec\u021bie. De aici \u0219i denumirea In-Mold, prescurtare de la &#171;injec\u021bie turnat\u0103&#187;. Aceast\u0103 construc\u021bie este mult mai u\u0219oar\u0103 dec\u00e2t omologii s\u0103i \u0219i este potrivit\u0103 pentru majoritatea schiorilor care nu \u00ee\u0219i sfideaz\u0103 soarta \u00een c\u0103utare de adrenalin\u0103.<\/li>\n<li><strong>R-Fit<\/strong> &#8212; v\u0103 permite s\u0103 regla\u021bi cu precizie casca pentru un suport \u0219i mai mare, pentru mai mult\u0103 siguran\u021b\u0103 \u0219i confort. Simplitatea sistemului &#8212; cu dou\u0103 chingi ata\u0219ate la casc\u0103 \u0219i un disc de reglare, pute\u021bi ajusta rapid \u0219i u\u0219or casca la orice condi\u021bii de utilizare.<\/li>\n<\/ul>\n<h3>Marca<\/h3>\n<p>Elan Group este un produc\u0103tor \u0219i furnizor de top de echipamente sportive \u0219i de agrement. Compania este prezent\u0103 pe aceast\u0103 pia\u021b\u0103 de mai bine de 60 de ani. Toate activit\u0103\u021bile Elan sunt axate pe dezvoltarea tehnic\u0103 a produselor \u0219i pe tehnologia avansat\u0103 exprimat\u0103 prin design progresiv. Printre activit\u0103\u021bile Grupului Elan se num\u0103r\u0103: schi alpin \u0219i snowboarding, iahturi cu vele \u00een larg \u0219i furnizarea de facilit\u0103\u021bi sportive cu toate echipamentele necesare.<\/p>\n<p><\/p>","protected":false},"excerpt":{"rendered":"<p>Casc\u0103 schi Elan Impulse Black<\/p>","protected":false},"featured_media":29660,"comment_status":"open","ping_status":"closed","template":"","meta":{"_acf_changed":false,"inline_featured_image":false},"product_brand":[1315],"product_cat":[355],"product_tag":[],"class_list":{"0":"post-27454","1":"product","2":"type-product","3":"status-publish","4":"has-post-thumbnail","6":"product_brand-elan","7":"product_cat-ski-helmet","9":"first","10":"instock","11":"shipping-taxable","12":"purchasable","13":"product-type-simple"},"acf":[],"yoast_head":"<!-- This site is optimized with the Yoast SEO plugin v27.2 - https:\/\/yoast.com\/product\/yoast-seo-wordpress\/ -->\n<title>\u0413\u043e\u0440\u043d\u043e\u043b\u044b\u0436\u043d\u044b\u0439 \u0448\u043b\u0435\u043c Elan Impulse Black - \u041c\u0430\u0433\u0430\u0437\u0438\u043d Xstyle<\/title>\n<meta name=\"description\" content=\"\u0413\u043e\u0440\u043d\u043e\u043b\u044b\u0436\u043d\u044b\u0439 \u0448\u043b\u0435\u043c Elan Impulse Black \u043e\u0431\u0435\u0441\u043f\u0435\u0447\u0438\u0432\u0430\u0435\u0442 \u043d\u0430\u0434\u0435\u0436\u043d\u0443\u044e \u0437\u0430\u0449\u0438\u0442\u0443 \u0431\u043b\u0430\u0433\u043e\u0434\u0430\u0440\u044f \u0442\u0435\u0445\u043d\u043e\u043b\u043e\u0433\u0438\u0438 Inmold \u0438 \u0441\u0442\u0430\u043d\u0434\u0430\u0440\u0442\u0443 EN 1077. \u0418\u0434\u0435\u0430\u043b\u0435\u043d \u0434\u043b\u044f \u043b\u044b\u0436\u043d\u0438\u043a\u043e\u0432 \u0438 \u0441\u043d\u043e\u0443\u0431\u043e\u0440\u0434\u0438\u0441\u0442\u043e\u0432!\" \/>\n<meta name=\"robots\" content=\"index, follow, max-snippet:-1, max-image-preview:large, max-video-preview:-1\" \/>\n<link rel=\"canonical\" href=\"https:\/\/xstyle.md\/ro\/produs\/gornolyzhnyj-shlem-elan-impulse-black\/\" \/>\n<meta property=\"og:locale\" content=\"ro_RO\" \/>\n<meta property=\"og:type\" content=\"article\" \/>\n<meta property=\"og:title\" content=\"\u0413\u043e\u0440\u043d\u043e\u043b\u044b\u0436\u043d\u044b\u0439 \u0448\u043b\u0435\u043c Elan Impulse Black - \u041c\u0430\u0433\u0430\u0437\u0438\u043d Xstyle\" \/>\n<meta property=\"og:description\" content=\"\u0413\u043e\u0440\u043d\u043e\u043b\u044b\u0436\u043d\u044b\u0439 \u0448\u043b\u0435\u043c Elan Impulse Black \u043e\u0431\u0435\u0441\u043f\u0435\u0447\u0438\u0432\u0430\u0435\u0442 \u043d\u0430\u0434\u0435\u0436\u043d\u0443\u044e \u0437\u0430\u0449\u0438\u0442\u0443 \u0431\u043b\u0430\u0433\u043e\u0434\u0430\u0440\u044f \u0442\u0435\u0445\u043d\u043e\u043b\u043e\u0433\u0438\u0438 Inmold \u0438 \u0441\u0442\u0430\u043d\u0434\u0430\u0440\u0442\u0443 EN 1077. \u0418\u0434\u0435\u0430\u043b\u0435\u043d \u0434\u043b\u044f \u043b\u044b\u0436\u043d\u0438\u043a\u043e\u0432 \u0438 \u0441\u043d\u043e\u0443\u0431\u043e\u0440\u0434\u0438\u0441\u0442\u043e\u0432!\" \/>\n<meta property=\"og:url\" content=\"https:\/\/xstyle.md\/ro\/produs\/gornolyzhnyj-shlem-elan-impulse-black\/\" \/>\n<meta property=\"og:site_name\" content=\"\u041c\u0430\u0433\u0430\u0437\u0438\u043d Xstyle\" \/>\n<meta property=\"article:publisher\" content=\"https:\/\/www.facebook.com\/xstylemd\" \/>\n<meta property=\"article:modified_time\" content=\"2026-03-19T13:41:20+00:00\" \/>\n<meta property=\"og:image\" content=\"https:\/\/xstyle.md\/wp-content\/uploads\/2021\/04\/elan-helmet-impulse-black-ce201620-3d.png\" \/>\n\t<meta property=\"og:image:width\" content=\"1200\" \/>\n\t<meta property=\"og:image:height\" content=\"1200\" \/>\n\t<meta property=\"og:image:type\" content=\"image\/png\" \/>\n<meta name=\"twitter:card\" content=\"summary_large_image\" \/>\n<meta name=\"twitter:label1\" content=\"Pre\u021b\" \/>\n\t<meta name=\"twitter:data1\" content=\"1.290&nbsp;MDL\" \/>\n\t<meta name=\"twitter:label2\" content=\"Disponibilitate\" \/>\n\t<meta name=\"twitter:data2\" content=\"\u00cen stoc\" \/>\n<script type=\"application\/ld+json\" class=\"yoast-schema-graph\">{\"@context\":\"https:\/\/schema.org\",\"@graph\":[{\"@type\":\"WebPage\",\"@id\":\"https:\/\/xstyle.md\/product\/gornolyzhnyj-shlem-elan-impulse-black\/\",\"url\":\"https:\/\/xstyle.md\/product\/gornolyzhnyj-shlem-elan-impulse-black\/\",\"name\":\"\u0413\u043e\u0440\u043d\u043e\u043b\u044b\u0436\u043d\u044b\u0439 \u0448\u043b\u0435\u043c Elan Impulse Black - \u041c\u0430\u0433\u0430\u0437\u0438\u043d Xstyle\",\"isPartOf\":{\"@id\":\"https:\/\/xstyle.md\/#website\"},\"primaryImageOfPage\":{\"@id\":\"https:\/\/xstyle.md\/product\/gornolyzhnyj-shlem-elan-impulse-black\/#primaryimage\"},\"image\":{\"@id\":\"https:\/\/xstyle.md\/product\/gornolyzhnyj-shlem-elan-impulse-black\/#primaryimage\"},\"thumbnailUrl\":\"https:\/\/xstyle.md\/wp-content\/uploads\/2021\/04\/elan-helmet-impulse-black-ce201620-3d.png\",\"datePublished\":\"2021-01-11T13:24:41+00:00\",\"dateModified\":\"2026-03-19T13:41:20+00:00\",\"description\":\"\u0413\u043e\u0440\u043d\u043e\u043b\u044b\u0436\u043d\u044b\u0439 \u0448\u043b\u0435\u043c Elan Impulse Black \u043e\u0431\u0435\u0441\u043f\u0435\u0447\u0438\u0432\u0430\u0435\u0442 \u043d\u0430\u0434\u0435\u0436\u043d\u0443\u044e \u0437\u0430\u0449\u0438\u0442\u0443 \u0431\u043b\u0430\u0433\u043e\u0434\u0430\u0440\u044f \u0442\u0435\u0445\u043d\u043e\u043b\u043e\u0433\u0438\u0438 Inmold \u0438 \u0441\u0442\u0430\u043d\u0434\u0430\u0440\u0442\u0443 EN 1077. \u0418\u0434\u0435\u0430\u043b\u0435\u043d \u0434\u043b\u044f \u043b\u044b\u0436\u043d\u0438\u043a\u043e\u0432 \u0438 \u0441\u043d\u043e\u0443\u0431\u043e\u0440\u0434\u0438\u0441\u0442\u043e\u0432!\",\"breadcrumb\":{\"@id\":\"https:\/\/xstyle.md\/product\/gornolyzhnyj-shlem-elan-impulse-black\/#breadcrumb\"},\"inLanguage\":\"ro-RO\",\"potentialAction\":[{\"@type\":\"ReadAction\",\"target\":[\"https:\/\/xstyle.md\/product\/gornolyzhnyj-shlem-elan-impulse-black\/\"]}]},{\"@type\":\"ImageObject\",\"inLanguage\":\"ro-RO\",\"@id\":\"https:\/\/xstyle.md\/product\/gornolyzhnyj-shlem-elan-impulse-black\/#primaryimage\",\"url\":\"https:\/\/xstyle.md\/wp-content\/uploads\/2021\/04\/elan-helmet-impulse-black-ce201620-3d.png\",\"contentUrl\":\"https:\/\/xstyle.md\/wp-content\/uploads\/2021\/04\/elan-helmet-impulse-black-ce201620-3d.png\",\"width\":1200,\"height\":1200},{\"@type\":\"BreadcrumbList\",\"@id\":\"https:\/\/xstyle.md\/product\/gornolyzhnyj-shlem-elan-impulse-black\/#breadcrumb\",\"itemListElement\":[{\"@type\":\"ListItem\",\"position\":1,\"name\":\"\u0413\u043b\u0430\u0432\u043d\u0430\u044f \u0441\u0442\u0440\u0430\u043d\u0438\u0446\u0430\",\"item\":\"https:\/\/xstyle.md\/\"},{\"@type\":\"ListItem\",\"position\":2,\"name\":\"\u041c\u0430\u0433\u0430\u0437\u0438\u043d\",\"item\":\"https:\/\/xstyle.md\/shop\/\"},{\"@type\":\"ListItem\",\"position\":3,\"name\":\"\u0413\u043e\u0440\u043d\u043e\u043b\u044b\u0436\u043d\u044b\u0439 \u0448\u043b\u0435\u043c Elan Impulse Black\"}]},{\"@type\":\"WebSite\",\"@id\":\"https:\/\/xstyle.md\/#website\",\"url\":\"https:\/\/xstyle.md\/\",\"name\":\"\u041c\u0430\u0433\u0430\u0437\u0438\u043d Xstyle\",\"description\":\"C\u043d\u0430\u0440\u044f\u0436\u0435\u043d\u0438\u0435 \u0434\u043b\u044f \u0442\u0443\u0440\u0438\u0437\u043c\u0430 \u0438 \u044d\u043a\u0441\u0442\u0440\u0435\u043c\u0430\u043b\u044c\u043d\u044b\u0445 \u0432\u0438\u0434\u043e\u0432 \u0441\u043f\u043e\u0440\u0442\u0430 \u0432 \u041c\u043e\u043b\u0434\u043e\u0432\u0435.. \u0426\u0435\u043d\u044b, \u0444\u043e\u0442\u043e, \u0445\u0430\u0440\u0430\u043a\u0442\u0435\u0440\u0438\u0441\u0442\u0438\u043a\u0438 \u0432 \u041c\u043e\u043b\u0434\u043e\u0432\u0435.\",\"publisher\":{\"@id\":\"https:\/\/xstyle.md\/#organization\"},\"alternateName\":\"X-Style\",\"potentialAction\":[{\"@type\":\"SearchAction\",\"target\":{\"@type\":\"EntryPoint\",\"urlTemplate\":\"https:\/\/xstyle.md\/?s={search_term_string}\"},\"query-input\":{\"@type\":\"PropertyValueSpecification\",\"valueRequired\":true,\"valueName\":\"search_term_string\"}}],\"inLanguage\":\"ro-RO\"},{\"@type\":\"Organization\",\"@id\":\"https:\/\/xstyle.md\/#organization\",\"name\":\"\u041c\u0430\u0433\u0430\u0437\u0438\u043d Xstyle\",\"alternateName\":\"x-style\",\"url\":\"https:\/\/xstyle.md\/\",\"logo\":{\"@type\":\"ImageObject\",\"inLanguage\":\"ro-RO\",\"@id\":\"https:\/\/xstyle.md\/#\/schema\/logo\/image\/\",\"url\":\"https:\/\/xstyle.md\/wp-content\/uploads\/2020\/06\/logoicon.svg\",\"contentUrl\":\"https:\/\/xstyle.md\/wp-content\/uploads\/2020\/06\/logoicon.svg\",\"caption\":\"\u041c\u0430\u0433\u0430\u0437\u0438\u043d Xstyle\"},\"image\":{\"@id\":\"https:\/\/xstyle.md\/#\/schema\/logo\/image\/\"},\"sameAs\":[\"https:\/\/www.facebook.com\/xstylemd\",\"https:\/\/www.instagram.com\/xstyle_md\/\",\"https:\/\/t.me\/xstyle_outdoor\"],\"hasMerchantReturnPolicy\":{\"@type\":\"MerchantReturnPolicy\",\"merchantReturnLink\":\"https:\/\/xstyle.md\/ro\/conditions\/\"}}]}<\/script>\n<meta property=\"product:price:amount\" content=\"1290.00\" \/>\n<meta property=\"product:price:currency\" content=\"MDL\" \/>\n<meta property=\"og:availability\" content=\"instock\" \/>\n<meta property=\"product:availability\" content=\"instock\" \/>\n<meta property=\"product:retailer_item_id\" content=\"3838878612387\" \/>\n<meta property=\"product:condition\" content=\"new\" \/>\n<!-- \/ Yoast SEO plugin. -->","yoast_head_json":{"title":"Casc\u0103 schi Elan Impulse Black - Magazin Xstyle","description":"Castrul de schi Elan Impulse Black ofer\u0103 o protec\u021bie fiabil\u0103 datorit\u0103 tehnologiei Inmold \u0219i standardului EN 1077. Ideal pentru schiori \u0219i snowboarderi!","robots":{"index":"index","follow":"follow","max-snippet":"max-snippet:-1","max-image-preview":"max-image-preview:large","max-video-preview":"max-video-preview:-1"},"canonical":"https:\/\/xstyle.md\/ro\/produs\/gornolyzhnyj-shlem-elan-impulse-black\/","og_locale":"ro_RO","og_type":"article","og_title":"\u0413\u043e\u0440\u043d\u043e\u043b\u044b\u0436\u043d\u044b\u0439 \u0448\u043b\u0435\u043c Elan Impulse Black - \u041c\u0430\u0433\u0430\u0437\u0438\u043d Xstyle","og_description":"\u0413\u043e\u0440\u043d\u043e\u043b\u044b\u0436\u043d\u044b\u0439 \u0448\u043b\u0435\u043c Elan Impulse Black \u043e\u0431\u0435\u0441\u043f\u0435\u0447\u0438\u0432\u0430\u0435\u0442 \u043d\u0430\u0434\u0435\u0436\u043d\u0443\u044e \u0437\u0430\u0449\u0438\u0442\u0443 \u0431\u043b\u0430\u0433\u043e\u0434\u0430\u0440\u044f \u0442\u0435\u0445\u043d\u043e\u043b\u043e\u0433\u0438\u0438 Inmold \u0438 \u0441\u0442\u0430\u043d\u0434\u0430\u0440\u0442\u0443 EN 1077. \u0418\u0434\u0435\u0430\u043b\u0435\u043d \u0434\u043b\u044f \u043b\u044b\u0436\u043d\u0438\u043a\u043e\u0432 \u0438 \u0441\u043d\u043e\u0443\u0431\u043e\u0440\u0434\u0438\u0441\u0442\u043e\u0432!","og_url":"https:\/\/xstyle.md\/ro\/produs\/gornolyzhnyj-shlem-elan-impulse-black\/","og_site_name":"\u041c\u0430\u0433\u0430\u0437\u0438\u043d Xstyle","article_publisher":"https:\/\/www.facebook.com\/xstylemd","article_modified_time":"2026-03-19T13:41:20+00:00","og_image":[{"width":1200,"height":1200,"url":"https:\/\/xstyle.md\/wp-content\/uploads\/2021\/04\/elan-helmet-impulse-black-ce201620-3d.png","type":"image\/png"}],"twitter_card":"summary_large_image","twitter_misc":{"Pre\u021b":"1.290&nbsp;MDL","Disponibilitate":"\u00cen stoc"},"schema":{"@context":"https:\/\/schema.org","@graph":[{"@type":"WebPage","@id":"https:\/\/xstyle.md\/product\/gornolyzhnyj-shlem-elan-impulse-black\/","url":"https:\/\/xstyle.md\/product\/gornolyzhnyj-shlem-elan-impulse-black\/","name":"Casc\u0103 schi Elan Impulse Black - Magazin Xstyle","isPartOf":{"@id":"https:\/\/xstyle.md\/#website"},"primaryImageOfPage":{"@id":"https:\/\/xstyle.md\/product\/gornolyzhnyj-shlem-elan-impulse-black\/#primaryimage"},"image":{"@id":"https:\/\/xstyle.md\/product\/gornolyzhnyj-shlem-elan-impulse-black\/#primaryimage"},"thumbnailUrl":"https:\/\/xstyle.md\/wp-content\/uploads\/2021\/04\/elan-helmet-impulse-black-ce201620-3d.png","datePublished":"2021-01-11T13:24:41+00:00","dateModified":"2026-03-19T13:41:20+00:00","description":"Castrul de schi Elan Impulse Black ofer\u0103 o protec\u021bie fiabil\u0103 datorit\u0103 tehnologiei Inmold \u0219i standardului EN 1077. Ideal pentru schiori \u0219i snowboarderi!","breadcrumb":{"@id":"https:\/\/xstyle.md\/product\/gornolyzhnyj-shlem-elan-impulse-black\/#breadcrumb"},"inLanguage":"ro-RO","potentialAction":[{"@type":"ReadAction","target":["https:\/\/xstyle.md\/product\/gornolyzhnyj-shlem-elan-impulse-black\/"]}]},{"@type":"ImageObject","inLanguage":"ro-RO","@id":"https:\/\/xstyle.md\/product\/gornolyzhnyj-shlem-elan-impulse-black\/#primaryimage","url":"https:\/\/xstyle.md\/wp-content\/uploads\/2021\/04\/elan-helmet-impulse-black-ce201620-3d.png","contentUrl":"https:\/\/xstyle.md\/wp-content\/uploads\/2021\/04\/elan-helmet-impulse-black-ce201620-3d.png","width":1200,"height":1200},{"@type":"BreadcrumbList","@id":"https:\/\/xstyle.md\/product\/gornolyzhnyj-shlem-elan-impulse-black\/#breadcrumb","itemListElement":[{"@type":"ListItem","position":1,"name":"\u0413\u043b\u0430\u0432\u043d\u0430\u044f \u0441\u0442\u0440\u0430\u043d\u0438\u0446\u0430","item":"https:\/\/xstyle.md\/"},{"@type":"ListItem","position":2,"name":"\u041c\u0430\u0433\u0430\u0437\u0438\u043d","item":"https:\/\/xstyle.md\/shop\/"},{"@type":"ListItem","position":3,"name":"\u0413\u043e\u0440\u043d\u043e\u043b\u044b\u0436\u043d\u044b\u0439 \u0448\u043b\u0435\u043c Elan Impulse Black"}]},{"@type":"WebSite","@id":"https:\/\/xstyle.md\/#website","url":"https:\/\/xstyle.md\/","name":"Magazinul X-Style","description":"Echipamente pentru turism \u0219i sporturi extreme \u00een Moldova. Pre\u021buri, fotografii, caracteristici \u00een Moldova.","publisher":{"@id":"https:\/\/xstyle.md\/#organization"},"alternateName":"X-Style","potentialAction":[{"@type":"SearchAction","target":{"@type":"EntryPoint","urlTemplate":"https:\/\/xstyle.md\/?s={search_term_string}"},"query-input":{"@type":"PropertyValueSpecification","valueRequired":true,"valueName":"search_term_string"}}],"inLanguage":"ro-RO"},{"@type":"Organization","@id":"https:\/\/xstyle.md\/#organization","name":"Magazinul X-Style","alternateName":"x-style","url":"https:\/\/xstyle.md\/","logo":{"@type":"ImageObject","inLanguage":"ro-RO","@id":"https:\/\/xstyle.md\/#\/schema\/logo\/image\/","url":"https:\/\/xstyle.md\/wp-content\/uploads\/2020\/06\/logoicon.svg","contentUrl":"https:\/\/xstyle.md\/wp-content\/uploads\/2020\/06\/logoicon.svg","caption":"\u041c\u0430\u0433\u0430\u0437\u0438\u043d Xstyle"},"image":{"@id":"https:\/\/xstyle.md\/#\/schema\/logo\/image\/"},"sameAs":["https:\/\/www.facebook.com\/xstylemd","https:\/\/www.instagram.com\/xstyle_md\/","https:\/\/t.me\/xstyle_outdoor"],"hasMerchantReturnPolicy":{"@type":"MerchantReturnPolicy","merchantReturnLink":"https:\/\/xstyle.md\/ro\/conditions\/"}}]},"product_price_amount":"1290.00","product_price_currency":"MDL","og_availability":"instock","product_availability":"instock","product_retailer_item_id":"3838878612387","product_condition":"new"},"post_mailing_queue_ids":[],"_links":{"self":[{"href":"https:\/\/xstyle.md\/ro\/wp-json\/wp\/v2\/product\/27454","targetHints":{"allow":["GET"]}}],"collection":[{"href":"https:\/\/xstyle.md\/ro\/wp-json\/wp\/v2\/product"}],"about":[{"href":"https:\/\/xstyle.md\/ro\/wp-json\/wp\/v2\/types\/product"}],"replies":[{"embeddable":true,"href":"https:\/\/xstyle.md\/ro\/wp-json\/wp\/v2\/comments?post=27454"}],"wp:featuredmedia":[{"embeddable":true,"href":"https:\/\/xstyle.md\/ro\/wp-json\/wp\/v2\/media\/29660"}],"wp:attachment":[{"href":"https:\/\/xstyle.md\/ro\/wp-json\/wp\/v2\/media?parent=27454"}],"wp:term":[{"taxonomy":"product_brand","embeddable":true,"href":"https:\/\/xstyle.md\/ro\/wp-json\/wp\/v2\/product_brand?post=27454"},{"taxonomy":"product_cat","embeddable":true,"href":"https:\/\/xstyle.md\/ro\/wp-json\/wp\/v2\/product_cat?post=27454"},{"taxonomy":"product_tag","embeddable":true,"href":"https:\/\/xstyle.md\/ro\/wp-json\/wp\/v2\/product_tag?post=27454"}],"curies":[{"name":"wp","href":"https:\/\/api.w.org\/{rel}","templated":true}]}}