{"id":27450,"date":"2021-01-11T16:24:36","date_gmt":"2021-01-11T13:24:36","guid":{"rendered":"https:\/\/xstyle.md\/product\/termofutbolka-smartwool-merino-250-crew-black-men\/"},"modified":"2026-03-19T16:41:18","modified_gmt":"2026-03-19T13:41:18","slug":"smartwool-merino-250-crew-mns-black","status":"publish","type":"product","link":"https:\/\/xstyle.md\/ro\/produs\/smartwool-merino-250-crew-mns-black\/","title":{"rendered":"Tricou termic Smartwool Merino 250 Crew Mns black"},"content":{"rendered":"<\/p>\n<p>Tricou termic <strong>Smartwool Merino 250 Crew Black<\/strong> confec\u021bionat\u0103 din 100% l\u00e2n\u0103 merino pentru confort sporit, respirabilitate, termoreglare \u0219i protec\u021bie \u00eempotriva mirosurilor. Acest strat de baz\u0103 cu inser\u021bii pentru umeri \u0219i construc\u021bie cu cus\u0103turi plate ofer\u0103 confort, precum \u0219i c\u0103ldur\u0103 \u0219i durabilitate de \u00eencredere pentru drume\u021bii de iarn\u0103, alergare \u0219i schi.<\/p>\n<h3>Particularit\u0103\u021bi<\/h3>\n<ul>\n<li>Protec\u021bia \u00eempotriva mirosului<\/li>\n<li>Permeabilitatea aerului<\/li>\n<li>Termoreglare bun\u0103<\/li>\n<li>Inser\u021biile pentru umeri elimin\u0103 cus\u0103turile din partea superioar\u0103 a umerilor<\/li>\n<li>Designul cu cus\u0103turi plate minimizeaz\u0103 irita\u021biile<\/li>\n<\/ul>\n<h3>Caracteristici<\/h3>\n<ul>\n<li>Material - 100% l\u00e2n\u0103 Merino<\/li>\n<li>Sezonul &#8212; prim\u0103var\u0103\/toamn\u0103\/iarn\u0103<\/li>\n<li>Aplicare &#8212; sport activ\/turism activ<\/li>\n<li>Model - b\u0103rba\u021bi<\/li>\n<\/ul>\n<h3>Tehnologie<\/h3>\n<ul>\n<li><strong>L\u00e2n\u0103 Merino<\/strong> \u2013 este l\u00e2n\u0103 Merino australian\u0103, care are caracteristici unice. Este un material natural, foarte moale, al c\u0103rui centru de fibre este higroscopic. Acest material v\u0103 men\u021bine cald chiar \u0219i atunci c\u00e2nd este ud \u0219i izoleaz\u0103 umezeala de piele. Aceast\u0103 tehnologie v\u0103 va ajuta s\u0103 rezista\u021bi chiar \u0219i la temperaturi foarte sc\u0103zute. Datorit\u0103 lungimii sale mari (65-100 mm) \u0219i a diametrului mic (mai pu\u021bin de 24 microni), firul este foarte sub\u021bire, iar materialul \u00een sine are o termoreglare excelent\u0103 cu disiparea transpira\u021biei, permi\u021b\u00e2nd pielii s\u0103 respire.<\/li>\n<\/ul>\n<p><\/p>\n<h3>Marca<\/h3>\n<p>Smartwool - este un brand american care a devenit un etalon mondial \u00een produc\u021bia de \u00eembr\u0103c\u0103minte \u0219i accesorii din l\u00e2n\u0103 merino de \u00eenalt\u0103 calitate. Compania a revolu\u021bionat pia\u021ba demonstr\u00e2nd c\u0103 l\u00e2na poate fi incredibil de moale, nu provoac\u0103 m\u00e2nc\u0103rimi \u0219i este ideal\u0103 pentru sport: elimin\u0103 eficient umiditatea, regleaz\u0103 temperatura corpului \u0219i previne natural apari\u021bia mirosurilor nepl\u0103cute. \u0218osetele \u0219i lenjeria termic\u0103 Smartwool sunt apreciate de drume\u021bi \u0219i schiori din \u00eentreaga lume pentru confortul lor de neegalat \u0219i durabilitate.<\/p>","protected":false},"excerpt":{"rendered":"<p>Tricou termic Smartwool Merino 250 Crew Mns black<\/p>","protected":false},"featured_media":29648,"comment_status":"open","ping_status":"closed","template":"","meta":{"_acf_changed":false,"inline_featured_image":false},"product_brand":[1352],"product_cat":[288],"product_tag":[],"class_list":{"0":"post-27450","1":"product","2":"type-product","3":"status-publish","4":"has-post-thumbnail","6":"product_brand-smartwool","7":"product_cat-thermals-barbati","9":"first","10":"instock","11":"shipping-taxable","12":"purchasable","13":"product-type-simple"},"acf":[],"yoast_head":"<!-- This site is optimized with the Yoast SEO plugin v27.4 - https:\/\/yoast.com\/product\/yoast-seo-wordpress\/ -->\n<title>\u0422\u0435\u0440\u043c\u043e\u0444\u0443\u0442\u0431\u043e\u043b\u043a\u0430 Smartwool Merino 250 Crew Mns black - \u041c\u0430\u0433\u0430\u0437\u0438\u043d Xstyle<\/title>\n<meta name=\"description\" content=\"\u0422\u0435\u0440\u043c\u043e\u0444\u0443\u0442\u0431\u043e\u043b\u043a\u0430 Smartwool Merino 250 Crew Mns \u0447\u0435\u0440\u043d\u043e\u0433\u043e \u0446\u0432\u0435\u0442\u0430 \u0438\u0437 100% \u043c\u0435\u0440\u0438\u043d\u043e\u0441\u043e\u0432\u043e\u0439 \u0448\u0435\u0440\u0441\u0442\u0438. \u0418\u0434\u0435\u0430\u043b\u044c\u043d\u0430 \u0434\u043b\u044f \u0437\u0438\u043c\u043d\u0438\u0445 \u043f\u043e\u0445\u043e\u0434\u043e\u0432, \u0431\u0435\u0433\u0430 \u0438 \u043a\u0430\u0442\u0430\u043d\u0438\u044f \u043d\u0430 \u043b\u044b\u0436\u0430\u0445.\" \/>\n<meta name=\"robots\" content=\"index, follow, max-snippet:-1, max-image-preview:large, max-video-preview:-1\" \/>\n<link rel=\"canonical\" href=\"https:\/\/xstyle.md\/ro\/produs\/smartwool-merino-250-crew-mns-black\/\" \/>\n<meta property=\"og:locale\" content=\"ro_RO\" \/>\n<meta property=\"og:type\" content=\"article\" \/>\n<meta property=\"og:title\" content=\"\u0422\u0435\u0440\u043c\u043e\u0444\u0443\u0442\u0431\u043e\u043b\u043a\u0430 Smartwool Merino 250 Crew Mns black - \u041c\u0430\u0433\u0430\u0437\u0438\u043d Xstyle\" \/>\n<meta property=\"og:description\" content=\"\u0422\u0435\u0440\u043c\u043e\u0444\u0443\u0442\u0431\u043e\u043b\u043a\u0430 Smartwool Merino 250 Crew Mns \u0447\u0435\u0440\u043d\u043e\u0433\u043e \u0446\u0432\u0435\u0442\u0430 \u0438\u0437 100% \u043c\u0435\u0440\u0438\u043d\u043e\u0441\u043e\u0432\u043e\u0439 \u0448\u0435\u0440\u0441\u0442\u0438. \u0418\u0434\u0435\u0430\u043b\u044c\u043d\u0430 \u0434\u043b\u044f \u0437\u0438\u043c\u043d\u0438\u0445 \u043f\u043e\u0445\u043e\u0434\u043e\u0432, \u0431\u0435\u0433\u0430 \u0438 \u043a\u0430\u0442\u0430\u043d\u0438\u044f \u043d\u0430 \u043b\u044b\u0436\u0430\u0445.\" \/>\n<meta property=\"og:url\" content=\"https:\/\/xstyle.md\/ro\/produs\/smartwool-merino-250-crew-mns-black\/\" \/>\n<meta property=\"og:site_name\" content=\"\u041c\u0430\u0433\u0430\u0437\u0438\u043d Xstyle\" \/>\n<meta property=\"article:publisher\" content=\"https:\/\/www.facebook.com\/xstylemd\" \/>\n<meta property=\"article:modified_time\" content=\"2026-03-19T13:41:18+00:00\" \/>\n<meta property=\"og:image\" content=\"https:\/\/xstyle.md\/wp-content\/uploads\/2021\/04\/16350.001-350x350-1.jpg\" \/>\n\t<meta property=\"og:image:width\" content=\"350\" \/>\n\t<meta property=\"og:image:height\" content=\"350\" \/>\n\t<meta property=\"og:image:type\" content=\"image\/jpeg\" \/>\n<meta name=\"twitter:card\" content=\"summary_large_image\" \/>\n<meta name=\"twitter:label1\" content=\"Pre\u021b\" \/>\n\t<meta name=\"twitter:data1\" content=\"1.990&nbsp;MDL\" \/>\n\t<meta name=\"twitter:label2\" content=\"Disponibilitate\" \/>\n\t<meta name=\"twitter:data2\" content=\"\u00cen stoc\" \/>\n<script type=\"application\/ld+json\" class=\"yoast-schema-graph\">{\"@context\":\"https:\\\/\\\/schema.org\",\"@graph\":[{\"@type\":\"WebPage\",\"@id\":\"https:\\\/\\\/xstyle.md\\\/product\\\/smartwool-merino-250-crew-mns-black\\\/\",\"url\":\"https:\\\/\\\/xstyle.md\\\/product\\\/smartwool-merino-250-crew-mns-black\\\/\",\"name\":\"\u0422\u0435\u0440\u043c\u043e\u0444\u0443\u0442\u0431\u043e\u043b\u043a\u0430 Smartwool Merino 250 Crew Mns black - \u041c\u0430\u0433\u0430\u0437\u0438\u043d Xstyle\",\"isPartOf\":{\"@id\":\"https:\\\/\\\/xstyle.md\\\/#website\"},\"primaryImageOfPage\":{\"@id\":\"https:\\\/\\\/xstyle.md\\\/product\\\/smartwool-merino-250-crew-mns-black\\\/#primaryimage\"},\"image\":{\"@id\":\"https:\\\/\\\/xstyle.md\\\/product\\\/smartwool-merino-250-crew-mns-black\\\/#primaryimage\"},\"thumbnailUrl\":\"https:\\\/\\\/xstyle.md\\\/wp-content\\\/uploads\\\/2021\\\/04\\\/16350.001-350x350-1.jpg\",\"datePublished\":\"2021-01-11T13:24:36+00:00\",\"dateModified\":\"2026-03-19T13:41:18+00:00\",\"description\":\"\u0422\u0435\u0440\u043c\u043e\u0444\u0443\u0442\u0431\u043e\u043b\u043a\u0430 Smartwool Merino 250 Crew Mns \u0447\u0435\u0440\u043d\u043e\u0433\u043e \u0446\u0432\u0435\u0442\u0430 \u0438\u0437 100% \u043c\u0435\u0440\u0438\u043d\u043e\u0441\u043e\u0432\u043e\u0439 \u0448\u0435\u0440\u0441\u0442\u0438. \u0418\u0434\u0435\u0430\u043b\u044c\u043d\u0430 \u0434\u043b\u044f \u0437\u0438\u043c\u043d\u0438\u0445 \u043f\u043e\u0445\u043e\u0434\u043e\u0432, \u0431\u0435\u0433\u0430 \u0438 \u043a\u0430\u0442\u0430\u043d\u0438\u044f \u043d\u0430 \u043b\u044b\u0436\u0430\u0445.\",\"breadcrumb\":{\"@id\":\"https:\\\/\\\/xstyle.md\\\/product\\\/smartwool-merino-250-crew-mns-black\\\/#breadcrumb\"},\"inLanguage\":\"ro-RO\",\"potentialAction\":[{\"@type\":\"ReadAction\",\"target\":[\"https:\\\/\\\/xstyle.md\\\/product\\\/smartwool-merino-250-crew-mns-black\\\/\"]}]},{\"@type\":\"ImageObject\",\"inLanguage\":\"ro-RO\",\"@id\":\"https:\\\/\\\/xstyle.md\\\/product\\\/smartwool-merino-250-crew-mns-black\\\/#primaryimage\",\"url\":\"https:\\\/\\\/xstyle.md\\\/wp-content\\\/uploads\\\/2021\\\/04\\\/16350.001-350x350-1.jpg\",\"contentUrl\":\"https:\\\/\\\/xstyle.md\\\/wp-content\\\/uploads\\\/2021\\\/04\\\/16350.001-350x350-1.jpg\",\"width\":350,\"height\":350},{\"@type\":\"BreadcrumbList\",\"@id\":\"https:\\\/\\\/xstyle.md\\\/product\\\/smartwool-merino-250-crew-mns-black\\\/#breadcrumb\",\"itemListElement\":[{\"@type\":\"ListItem\",\"position\":1,\"name\":\"\u0413\u043b\u0430\u0432\u043d\u0430\u044f \u0441\u0442\u0440\u0430\u043d\u0438\u0446\u0430\",\"item\":\"https:\\\/\\\/xstyle.md\\\/\"},{\"@type\":\"ListItem\",\"position\":2,\"name\":\"\u041c\u0430\u0433\u0430\u0437\u0438\u043d\",\"item\":\"https:\\\/\\\/xstyle.md\\\/shop\\\/\"},{\"@type\":\"ListItem\",\"position\":3,\"name\":\"\u0422\u0435\u0440\u043c\u043e\u0444\u0443\u0442\u0431\u043e\u043b\u043a\u0430 Smartwool Merino 250 Crew Mns black\"}]},{\"@type\":\"WebSite\",\"@id\":\"https:\\\/\\\/xstyle.md\\\/#website\",\"url\":\"https:\\\/\\\/xstyle.md\\\/\",\"name\":\"\u041c\u0430\u0433\u0430\u0437\u0438\u043d Xstyle\",\"description\":\"C\u043d\u0430\u0440\u044f\u0436\u0435\u043d\u0438\u0435 \u0434\u043b\u044f \u0442\u0443\u0440\u0438\u0437\u043c\u0430 \u0438 \u044d\u043a\u0441\u0442\u0440\u0435\u043c\u0430\u043b\u044c\u043d\u044b\u0445 \u0432\u0438\u0434\u043e\u0432 \u0441\u043f\u043e\u0440\u0442\u0430 \u0432 \u041c\u043e\u043b\u0434\u043e\u0432\u0435.. \u0426\u0435\u043d\u044b, \u0444\u043e\u0442\u043e, \u0445\u0430\u0440\u0430\u043a\u0442\u0435\u0440\u0438\u0441\u0442\u0438\u043a\u0438 \u0432 \u041c\u043e\u043b\u0434\u043e\u0432\u0435.\",\"publisher\":{\"@id\":\"https:\\\/\\\/xstyle.md\\\/#organization\"},\"alternateName\":\"X-Style\",\"potentialAction\":[{\"@type\":\"SearchAction\",\"target\":{\"@type\":\"EntryPoint\",\"urlTemplate\":\"https:\\\/\\\/xstyle.md\\\/?s={search_term_string}\"},\"query-input\":{\"@type\":\"PropertyValueSpecification\",\"valueRequired\":true,\"valueName\":\"search_term_string\"}}],\"inLanguage\":\"ro-RO\"},{\"@type\":\"Organization\",\"@id\":\"https:\\\/\\\/xstyle.md\\\/#organization\",\"name\":\"\u041c\u0430\u0433\u0430\u0437\u0438\u043d Xstyle\",\"alternateName\":\"x-style\",\"url\":\"https:\\\/\\\/xstyle.md\\\/\",\"logo\":{\"@type\":\"ImageObject\",\"inLanguage\":\"ro-RO\",\"@id\":\"https:\\\/\\\/xstyle.md\\\/#\\\/schema\\\/logo\\\/image\\\/\",\"url\":\"https:\\\/\\\/xstyle.md\\\/wp-content\\\/uploads\\\/2020\\\/06\\\/logoicon.svg\",\"contentUrl\":\"https:\\\/\\\/xstyle.md\\\/wp-content\\\/uploads\\\/2020\\\/06\\\/logoicon.svg\",\"caption\":\"\u041c\u0430\u0433\u0430\u0437\u0438\u043d Xstyle\"},\"image\":{\"@id\":\"https:\\\/\\\/xstyle.md\\\/#\\\/schema\\\/logo\\\/image\\\/\"},\"sameAs\":[\"https:\\\/\\\/www.facebook.com\\\/xstylemd\",\"https:\\\/\\\/www.instagram.com\\\/xstyle_md\\\/\",\"https:\\\/\\\/t.me\\\/xstyle_outdoor\"],\"hasMerchantReturnPolicy\":{\"@type\":\"MerchantReturnPolicy\",\"merchantReturnLink\":\"https:\\\/\\\/xstyle.md\\\/ro\\\/conditions\\\/\"}}]}<\/script>\n<meta property=\"product:price:amount\" content=\"1990.00\" \/>\n<meta property=\"product:price:currency\" content=\"MDL\" \/>\n<meta property=\"og:availability\" content=\"instock\" \/>\n<meta property=\"product:availability\" content=\"instock\" \/>\n<meta property=\"product:retailer_item_id\" content=\"193392646908\" \/>\n<meta property=\"product:condition\" content=\"new\" \/>\n<!-- \/ Yoast SEO plugin. -->","yoast_head_json":{"title":"Tricou termic Smartwool Merino 250 Crew Mns black - Magazin Xstyle","description":"C\u0103ma\u0219a termic\u0103 Smartwool Merino 250 Crew Mns de culoare neagr\u0103 este fabricat\u0103 din 100% l\u00e2n\u0103 merino. Este ideal\u0103 pentru excursii de iarn\u0103, alergare \u0219i schi.","robots":{"index":"index","follow":"follow","max-snippet":"max-snippet:-1","max-image-preview":"max-image-preview:large","max-video-preview":"max-video-preview:-1"},"canonical":"https:\/\/xstyle.md\/ro\/produs\/smartwool-merino-250-crew-mns-black\/","og_locale":"ro_RO","og_type":"article","og_title":"\u0422\u0435\u0440\u043c\u043e\u0444\u0443\u0442\u0431\u043e\u043b\u043a\u0430 Smartwool Merino 250 Crew Mns black - \u041c\u0430\u0433\u0430\u0437\u0438\u043d Xstyle","og_description":"\u0422\u0435\u0440\u043c\u043e\u0444\u0443\u0442\u0431\u043e\u043b\u043a\u0430 Smartwool Merino 250 Crew Mns \u0447\u0435\u0440\u043d\u043e\u0433\u043e \u0446\u0432\u0435\u0442\u0430 \u0438\u0437 100% \u043c\u0435\u0440\u0438\u043d\u043e\u0441\u043e\u0432\u043e\u0439 \u0448\u0435\u0440\u0441\u0442\u0438. \u0418\u0434\u0435\u0430\u043b\u044c\u043d\u0430 \u0434\u043b\u044f \u0437\u0438\u043c\u043d\u0438\u0445 \u043f\u043e\u0445\u043e\u0434\u043e\u0432, \u0431\u0435\u0433\u0430 \u0438 \u043a\u0430\u0442\u0430\u043d\u0438\u044f \u043d\u0430 \u043b\u044b\u0436\u0430\u0445.","og_url":"https:\/\/xstyle.md\/ro\/produs\/smartwool-merino-250-crew-mns-black\/","og_site_name":"\u041c\u0430\u0433\u0430\u0437\u0438\u043d Xstyle","article_publisher":"https:\/\/www.facebook.com\/xstylemd","article_modified_time":"2026-03-19T13:41:18+00:00","og_image":[{"width":350,"height":350,"url":"https:\/\/xstyle.md\/wp-content\/uploads\/2021\/04\/16350.001-350x350-1.jpg","type":"image\/jpeg"}],"twitter_card":"summary_large_image","twitter_misc":{"Pre\u021b":"1.990&nbsp;MDL","Disponibilitate":"\u00cen stoc"},"schema":{"@context":"https:\/\/schema.org","@graph":[{"@type":"WebPage","@id":"https:\/\/xstyle.md\/product\/smartwool-merino-250-crew-mns-black\/","url":"https:\/\/xstyle.md\/product\/smartwool-merino-250-crew-mns-black\/","name":"Tricou termic Smartwool Merino 250 Crew Mns black - Magazin Xstyle","isPartOf":{"@id":"https:\/\/xstyle.md\/#website"},"primaryImageOfPage":{"@id":"https:\/\/xstyle.md\/product\/smartwool-merino-250-crew-mns-black\/#primaryimage"},"image":{"@id":"https:\/\/xstyle.md\/product\/smartwool-merino-250-crew-mns-black\/#primaryimage"},"thumbnailUrl":"https:\/\/xstyle.md\/wp-content\/uploads\/2021\/04\/16350.001-350x350-1.jpg","datePublished":"2021-01-11T13:24:36+00:00","dateModified":"2026-03-19T13:41:18+00:00","description":"C\u0103ma\u0219a termic\u0103 Smartwool Merino 250 Crew Mns de culoare neagr\u0103 este fabricat\u0103 din 100% l\u00e2n\u0103 merino. Este ideal\u0103 pentru excursii de iarn\u0103, alergare \u0219i schi.","breadcrumb":{"@id":"https:\/\/xstyle.md\/product\/smartwool-merino-250-crew-mns-black\/#breadcrumb"},"inLanguage":"ro-RO","potentialAction":[{"@type":"ReadAction","target":["https:\/\/xstyle.md\/product\/smartwool-merino-250-crew-mns-black\/"]}]},{"@type":"ImageObject","inLanguage":"ro-RO","@id":"https:\/\/xstyle.md\/product\/smartwool-merino-250-crew-mns-black\/#primaryimage","url":"https:\/\/xstyle.md\/wp-content\/uploads\/2021\/04\/16350.001-350x350-1.jpg","contentUrl":"https:\/\/xstyle.md\/wp-content\/uploads\/2021\/04\/16350.001-350x350-1.jpg","width":350,"height":350},{"@type":"BreadcrumbList","@id":"https:\/\/xstyle.md\/product\/smartwool-merino-250-crew-mns-black\/#breadcrumb","itemListElement":[{"@type":"ListItem","position":1,"name":"\u0413\u043b\u0430\u0432\u043d\u0430\u044f \u0441\u0442\u0440\u0430\u043d\u0438\u0446\u0430","item":"https:\/\/xstyle.md\/"},{"@type":"ListItem","position":2,"name":"\u041c\u0430\u0433\u0430\u0437\u0438\u043d","item":"https:\/\/xstyle.md\/shop\/"},{"@type":"ListItem","position":3,"name":"\u0422\u0435\u0440\u043c\u043e\u0444\u0443\u0442\u0431\u043e\u043b\u043a\u0430 Smartwool Merino 250 Crew Mns black"}]},{"@type":"WebSite","@id":"https:\/\/xstyle.md\/#website","url":"https:\/\/xstyle.md\/","name":"Magazinul X-Style","description":"Echipamente pentru turism \u0219i sporturi extreme \u00een Moldova. Pre\u021buri, fotografii, caracteristici \u00een Moldova.","publisher":{"@id":"https:\/\/xstyle.md\/#organization"},"alternateName":"X-Style","potentialAction":[{"@type":"SearchAction","target":{"@type":"EntryPoint","urlTemplate":"https:\/\/xstyle.md\/?s={search_term_string}"},"query-input":{"@type":"PropertyValueSpecification","valueRequired":true,"valueName":"search_term_string"}}],"inLanguage":"ro-RO"},{"@type":"Organization","@id":"https:\/\/xstyle.md\/#organization","name":"Magazinul X-Style","alternateName":"x-style","url":"https:\/\/xstyle.md\/","logo":{"@type":"ImageObject","inLanguage":"ro-RO","@id":"https:\/\/xstyle.md\/#\/schema\/logo\/image\/","url":"https:\/\/xstyle.md\/wp-content\/uploads\/2020\/06\/logoicon.svg","contentUrl":"https:\/\/xstyle.md\/wp-content\/uploads\/2020\/06\/logoicon.svg","caption":"\u041c\u0430\u0433\u0430\u0437\u0438\u043d Xstyle"},"image":{"@id":"https:\/\/xstyle.md\/#\/schema\/logo\/image\/"},"sameAs":["https:\/\/www.facebook.com\/xstylemd","https:\/\/www.instagram.com\/xstyle_md\/","https:\/\/t.me\/xstyle_outdoor"],"hasMerchantReturnPolicy":{"@type":"MerchantReturnPolicy","merchantReturnLink":"https:\/\/xstyle.md\/ro\/conditions\/"}}]},"product_price_amount":"1990.00","product_price_currency":"MDL","og_availability":"instock","product_availability":"instock","product_retailer_item_id":"193392646908","product_condition":"new"},"_links":{"self":[{"href":"https:\/\/xstyle.md\/ro\/wp-json\/wp\/v2\/product\/27450","targetHints":{"allow":["GET"]}}],"collection":[{"href":"https:\/\/xstyle.md\/ro\/wp-json\/wp\/v2\/product"}],"about":[{"href":"https:\/\/xstyle.md\/ro\/wp-json\/wp\/v2\/types\/product"}],"replies":[{"embeddable":true,"href":"https:\/\/xstyle.md\/ro\/wp-json\/wp\/v2\/comments?post=27450"}],"wp:featuredmedia":[{"embeddable":true,"href":"https:\/\/xstyle.md\/ro\/wp-json\/wp\/v2\/media\/29648"}],"wp:attachment":[{"href":"https:\/\/xstyle.md\/ro\/wp-json\/wp\/v2\/media?parent=27450"}],"wp:term":[{"taxonomy":"product_brand","embeddable":true,"href":"https:\/\/xstyle.md\/ro\/wp-json\/wp\/v2\/product_brand?post=27450"},{"taxonomy":"product_cat","embeddable":true,"href":"https:\/\/xstyle.md\/ro\/wp-json\/wp\/v2\/product_cat?post=27450"},{"taxonomy":"product_tag","embeddable":true,"href":"https:\/\/xstyle.md\/ro\/wp-json\/wp\/v2\/product_tag?post=27450"}],"curies":[{"name":"wp","href":"https:\/\/api.w.org\/{rel}","templated":true}]}}