{"id":27445,"date":"2021-01-11T16:24:34","date_gmt":"2021-01-11T13:24:34","guid":{"rendered":"https:\/\/xstyle.md\/product\/termoshtany-smartwool-merino-250-black-women\/"},"modified":"2026-03-19T16:41:17","modified_gmt":"2026-03-19T13:41:17","slug":"smartwool-merino-250-baselayer-bottom-wmn-black","status":"publish","type":"product","link":"https:\/\/xstyle.md\/ro\/produs\/smartwool-merino-250-baselayer-bottom-wmn-black\/","title":{"rendered":"Pantaloni termici Smartwool Merino 250 Baselayer Bottom Wmn black"},"content":{"rendered":"<p><\/p>\n<p><strong>Pantalonii termici Smartwool Merino 250 Baselayer B\u043ett\u043em Wmn black<\/strong> &#8212; sunt confec\u021biona\u021bi din l\u00e2n\u0103 Merino Wool Superfine, cu o densitate de 250 g\/m\u00b2. Aceast\u0103 lenjerie termic\u0103 este proiectat\u0103 pentru a fi utilizat\u0103 \u00een cele mai reci condi\u021bii: iarna \u0219i pe ger \u2014 ca prim strat direct pe piele, iar \u00een perioadele de tranzi\u021bie sau mai calde \u2014 ca strat unic.<\/p>\n<p>Dispune de propriet\u0103\u021bi excelente de \u00eenc\u0103lzire \u0219i elimin\u0103 eficient umiditatea. Este alegerea ideal\u0103 pentru purtarea zilnic\u0103 \u00een ora\u0219, \u00een special pentru persoanele foarte sensibile la frig.<\/p>\n<h3>Particularit\u0103\u021bi<\/h3>\n<ul>\n<li>Cus\u0103turi plate \u0219i croial\u0103 ergonomic\u0103 \u2014 asigur\u0103 o purtare confortabil\u0103 f\u0103r\u0103 irita\u021bii<\/li>\n<li>Termoreglare natural\u0103 a l\u00e2nii \u2014 men\u021bine corpul cald, dar previne supra\u00eenc\u0103lzirea acestuia<\/li>\n<li>Evaporare rapid\u0103 a transpira\u021biei \u2014 men\u021bine pielea uscat\u0103 chiar \u0219i \u00een timpul efortului<\/li>\n<li>Propriet\u0103\u021bi antibacteriene superioare \u2014 specifice l\u00e2nii merino, prevenind apari\u021bia mirosurilor nepl\u0103cute<\/li>\n<\/ul>\n<h3>Caracteristici<\/h3>\n<ul>\n<li>Material &#8212; l\u00e2n\u0103 Merino 16 \u00b5m (microni)<\/li>\n<li>Sezon &#8212; toamn\u0103 \/ iarn\u0103<\/li>\n<li>Activit\u0103\u021bi &#8212; odihn\u0103 activ\u0103, turism, schi, ski-tour, snowboard, uz cotidian<\/li>\n<li>Model &#8212; dam\u0103<\/li>\n<\/ul>\n<h3>Tehnologii<\/h3>\n<ul>\n<li><strong>L\u00e2na Merino<\/strong> &#8212; provine de la oile Merino din Australia \u0219i are caracteristici unice. Este un material natural, extrem de moale \u0219i higroscopic (absoarbe umiditatea \u00een centrul fibrei). Men\u021bine c\u0103ldura chiar \u0219i c\u00e2nd este umed \u0219i izoleaz\u0103 umezeala de piele. Datorit\u0103 fibrei lungi (65-100 mm) \u0219i sub\u021biri (sub 24 microni), materialul este foarte fin, oferind o termoreglare excelent\u0103 \u0219i permi\u021b\u00e2nd pielii s\u0103 respire.<\/li>\n<\/ul>\n<p><\/p>\n<h3>Marca<\/h3>\n<p>Smartwool - este un brand american care a devenit un etalon mondial \u00een produc\u021bia de \u00eembr\u0103c\u0103minte \u0219i accesorii din l\u00e2n\u0103 merino de \u00eenalt\u0103 calitate. Compania a revolu\u021bionat pia\u021ba demonstr\u00e2nd c\u0103 l\u00e2na poate fi incredibil de moale, nu provoac\u0103 m\u00e2nc\u0103rimi \u0219i este ideal\u0103 pentru sport: elimin\u0103 eficient umiditatea, regleaz\u0103 temperatura corpului \u0219i previne natural apari\u021bia mirosurilor nepl\u0103cute. \u0218osetele \u0219i lenjeria termic\u0103 Smartwool sunt apreciate de drume\u021bi \u0219i schiori din \u00eentreaga lume pentru confortul lor de neegalat \u0219i durabilitate.<\/p>","protected":false},"excerpt":{"rendered":"<p>Pantaloni termici Smartwool Merino 250 Baselayer Bottom Wmn black<\/p>","protected":false},"featured_media":29638,"comment_status":"open","ping_status":"closed","template":"","meta":{"_acf_changed":false,"inline_featured_image":false},"product_brand":[1352],"product_cat":[274],"product_tag":[],"class_list":{"0":"post-27445","1":"product","2":"type-product","3":"status-publish","4":"has-post-thumbnail","6":"product_brand-smartwool","7":"product_cat-thermals-femei","9":"first","10":"instock","11":"shipping-taxable","12":"purchasable","13":"product-type-simple"},"acf":[],"yoast_head":"<!-- This site is optimized with the Yoast SEO plugin v27.2 - https:\/\/yoast.com\/product\/yoast-seo-wordpress\/ -->\n<title>\u0422\u0435\u0440\u043c\u043e\u0448\u0442\u0430\u043d\u044b Smartwool Merino 250 Baselayer B\u043ett\u043em Wmn black - \u041c\u0430\u0433\u0430\u0437\u0438\u043d Xstyle<\/title>\n<meta name=\"description\" content=\"\u041a\u0443\u043f\u0438\u0442\u0435 \u0442\u0435\u0440\u043c\u043e \u0448\u0442\u0430\u043d\u044b Smartwool Merino 250 Baselayer Bottom Wmn \u0447\u0435\u0440\u043d\u044b\u0435. \u0418\u0434\u0435\u0430\u043b\u044c\u043d\u043e\u0435 \u0441\u043e\u0447\u0435\u0442\u0430\u043d\u0438\u0435 \u0441\u0443\u043f\u0435\u0440\u0444\u0438\u043d\u043d\u043e\u0439 \u043c\u0435\u0440\u0438\u043d\u043e\u0441\u043e\u0432\u043e\u0439 \u0448\u0435\u0440\u0441\u0442\u0438 \u0434\u043b\u044f \u043a\u043e\u043c\u0444\u043e\u0440\u0442\u0430 \u0438 \u0442\u0435\u043f\u043b\u0430!\" \/>\n<meta name=\"robots\" content=\"index, follow, max-snippet:-1, max-image-preview:large, max-video-preview:-1\" \/>\n<link rel=\"canonical\" href=\"https:\/\/xstyle.md\/ro\/produs\/smartwool-merino-250-baselayer-bottom-wmn-black\/\" \/>\n<meta property=\"og:locale\" content=\"ro_RO\" \/>\n<meta property=\"og:type\" content=\"article\" \/>\n<meta property=\"og:title\" content=\"\u0422\u0435\u0440\u043c\u043e\u0448\u0442\u0430\u043d\u044b Smartwool Merino 250 Baselayer B\u043ett\u043em Wmn black - \u041c\u0430\u0433\u0430\u0437\u0438\u043d Xstyle\" \/>\n<meta property=\"og:description\" content=\"\u041a\u0443\u043f\u0438\u0442\u0435 \u0442\u0435\u0440\u043c\u043e \u0448\u0442\u0430\u043d\u044b Smartwool Merino 250 Baselayer Bottom Wmn \u0447\u0435\u0440\u043d\u044b\u0435. \u0418\u0434\u0435\u0430\u043b\u044c\u043d\u043e\u0435 \u0441\u043e\u0447\u0435\u0442\u0430\u043d\u0438\u0435 \u0441\u0443\u043f\u0435\u0440\u0444\u0438\u043d\u043d\u043e\u0439 \u043c\u0435\u0440\u0438\u043d\u043e\u0441\u043e\u0432\u043e\u0439 \u0448\u0435\u0440\u0441\u0442\u0438 \u0434\u043b\u044f \u043a\u043e\u043c\u0444\u043e\u0440\u0442\u0430 \u0438 \u0442\u0435\u043f\u043b\u0430!\" \/>\n<meta property=\"og:url\" content=\"https:\/\/xstyle.md\/ro\/produs\/smartwool-merino-250-baselayer-bottom-wmn-black\/\" \/>\n<meta property=\"og:site_name\" content=\"\u041c\u0430\u0433\u0430\u0437\u0438\u043d Xstyle\" \/>\n<meta property=\"article:publisher\" content=\"https:\/\/www.facebook.com\/xstylemd\" \/>\n<meta property=\"article:modified_time\" content=\"2026-03-19T13:41:17+00:00\" \/>\n<meta property=\"og:image\" content=\"https:\/\/xstyle.md\/wp-content\/uploads\/2021\/04\/4_.png\" \/>\n\t<meta property=\"og:image:width\" content=\"929\" \/>\n\t<meta property=\"og:image:height\" content=\"922\" \/>\n\t<meta property=\"og:image:type\" content=\"image\/png\" \/>\n<meta name=\"twitter:card\" content=\"summary_large_image\" \/>\n<meta name=\"twitter:label1\" content=\"Pre\u021b\" \/>\n\t<meta name=\"twitter:data1\" content=\"1.990&nbsp;MDL\" \/>\n\t<meta name=\"twitter:label2\" content=\"Disponibilitate\" \/>\n\t<meta name=\"twitter:data2\" content=\"\u00cen stoc\" \/>\n<script type=\"application\/ld+json\" class=\"yoast-schema-graph\">{\"@context\":\"https:\/\/schema.org\",\"@graph\":[{\"@type\":\"WebPage\",\"@id\":\"https:\/\/xstyle.md\/product\/smartwool-merino-250-baselayer-bottom-wmn-black\/\",\"url\":\"https:\/\/xstyle.md\/product\/smartwool-merino-250-baselayer-bottom-wmn-black\/\",\"name\":\"\u0422\u0435\u0440\u043c\u043e\u0448\u0442\u0430\u043d\u044b Smartwool Merino 250 Baselayer B\u043ett\u043em Wmn black - \u041c\u0430\u0433\u0430\u0437\u0438\u043d Xstyle\",\"isPartOf\":{\"@id\":\"https:\/\/xstyle.md\/#website\"},\"primaryImageOfPage\":{\"@id\":\"https:\/\/xstyle.md\/product\/smartwool-merino-250-baselayer-bottom-wmn-black\/#primaryimage\"},\"image\":{\"@id\":\"https:\/\/xstyle.md\/product\/smartwool-merino-250-baselayer-bottom-wmn-black\/#primaryimage\"},\"thumbnailUrl\":\"https:\/\/xstyle.md\/wp-content\/uploads\/2021\/04\/4_.png\",\"datePublished\":\"2021-01-11T13:24:34+00:00\",\"dateModified\":\"2026-03-19T13:41:17+00:00\",\"description\":\"\u041a\u0443\u043f\u0438\u0442\u0435 \u0442\u0435\u0440\u043c\u043e \u0448\u0442\u0430\u043d\u044b Smartwool Merino 250 Baselayer Bottom Wmn \u0447\u0435\u0440\u043d\u044b\u0435. \u0418\u0434\u0435\u0430\u043b\u044c\u043d\u043e\u0435 \u0441\u043e\u0447\u0435\u0442\u0430\u043d\u0438\u0435 \u0441\u0443\u043f\u0435\u0440\u0444\u0438\u043d\u043d\u043e\u0439 \u043c\u0435\u0440\u0438\u043d\u043e\u0441\u043e\u0432\u043e\u0439 \u0448\u0435\u0440\u0441\u0442\u0438 \u0434\u043b\u044f \u043a\u043e\u043c\u0444\u043e\u0440\u0442\u0430 \u0438 \u0442\u0435\u043f\u043b\u0430!\",\"breadcrumb\":{\"@id\":\"https:\/\/xstyle.md\/product\/smartwool-merino-250-baselayer-bottom-wmn-black\/#breadcrumb\"},\"inLanguage\":\"ro-RO\",\"potentialAction\":[{\"@type\":\"ReadAction\",\"target\":[\"https:\/\/xstyle.md\/product\/smartwool-merino-250-baselayer-bottom-wmn-black\/\"]}]},{\"@type\":\"ImageObject\",\"inLanguage\":\"ro-RO\",\"@id\":\"https:\/\/xstyle.md\/product\/smartwool-merino-250-baselayer-bottom-wmn-black\/#primaryimage\",\"url\":\"https:\/\/xstyle.md\/wp-content\/uploads\/2021\/04\/4_.png\",\"contentUrl\":\"https:\/\/xstyle.md\/wp-content\/uploads\/2021\/04\/4_.png\",\"width\":929,\"height\":922},{\"@type\":\"BreadcrumbList\",\"@id\":\"https:\/\/xstyle.md\/product\/smartwool-merino-250-baselayer-bottom-wmn-black\/#breadcrumb\",\"itemListElement\":[{\"@type\":\"ListItem\",\"position\":1,\"name\":\"\u0413\u043b\u0430\u0432\u043d\u0430\u044f \u0441\u0442\u0440\u0430\u043d\u0438\u0446\u0430\",\"item\":\"https:\/\/xstyle.md\/\"},{\"@type\":\"ListItem\",\"position\":2,\"name\":\"\u041c\u0430\u0433\u0430\u0437\u0438\u043d\",\"item\":\"https:\/\/xstyle.md\/shop\/\"},{\"@type\":\"ListItem\",\"position\":3,\"name\":\"\u0422\u0435\u0440\u043c\u043e\u0448\u0442\u0430\u043d\u044b Smartwool Merino 250 Baselayer B\u043ett\u043em Wmn black\"}]},{\"@type\":\"WebSite\",\"@id\":\"https:\/\/xstyle.md\/#website\",\"url\":\"https:\/\/xstyle.md\/\",\"name\":\"\u041c\u0430\u0433\u0430\u0437\u0438\u043d Xstyle\",\"description\":\"C\u043d\u0430\u0440\u044f\u0436\u0435\u043d\u0438\u0435 \u0434\u043b\u044f \u0442\u0443\u0440\u0438\u0437\u043c\u0430 \u0438 \u044d\u043a\u0441\u0442\u0440\u0435\u043c\u0430\u043b\u044c\u043d\u044b\u0445 \u0432\u0438\u0434\u043e\u0432 \u0441\u043f\u043e\u0440\u0442\u0430 \u0432 \u041c\u043e\u043b\u0434\u043e\u0432\u0435.. \u0426\u0435\u043d\u044b, \u0444\u043e\u0442\u043e, \u0445\u0430\u0440\u0430\u043a\u0442\u0435\u0440\u0438\u0441\u0442\u0438\u043a\u0438 \u0432 \u041c\u043e\u043b\u0434\u043e\u0432\u0435.\",\"publisher\":{\"@id\":\"https:\/\/xstyle.md\/#organization\"},\"alternateName\":\"X-Style\",\"potentialAction\":[{\"@type\":\"SearchAction\",\"target\":{\"@type\":\"EntryPoint\",\"urlTemplate\":\"https:\/\/xstyle.md\/?s={search_term_string}\"},\"query-input\":{\"@type\":\"PropertyValueSpecification\",\"valueRequired\":true,\"valueName\":\"search_term_string\"}}],\"inLanguage\":\"ro-RO\"},{\"@type\":\"Organization\",\"@id\":\"https:\/\/xstyle.md\/#organization\",\"name\":\"\u041c\u0430\u0433\u0430\u0437\u0438\u043d Xstyle\",\"alternateName\":\"x-style\",\"url\":\"https:\/\/xstyle.md\/\",\"logo\":{\"@type\":\"ImageObject\",\"inLanguage\":\"ro-RO\",\"@id\":\"https:\/\/xstyle.md\/#\/schema\/logo\/image\/\",\"url\":\"https:\/\/xstyle.md\/wp-content\/uploads\/2020\/06\/logoicon.svg\",\"contentUrl\":\"https:\/\/xstyle.md\/wp-content\/uploads\/2020\/06\/logoicon.svg\",\"caption\":\"\u041c\u0430\u0433\u0430\u0437\u0438\u043d Xstyle\"},\"image\":{\"@id\":\"https:\/\/xstyle.md\/#\/schema\/logo\/image\/\"},\"sameAs\":[\"https:\/\/www.facebook.com\/xstylemd\",\"https:\/\/www.instagram.com\/xstyle_md\/\",\"https:\/\/t.me\/xstyle_outdoor\"],\"hasMerchantReturnPolicy\":{\"@type\":\"MerchantReturnPolicy\",\"merchantReturnLink\":\"https:\/\/xstyle.md\/ro\/conditions\/\"}}]}<\/script>\n<meta property=\"product:price:amount\" content=\"1990.00\" \/>\n<meta property=\"product:price:currency\" content=\"MDL\" \/>\n<meta property=\"og:availability\" content=\"instock\" \/>\n<meta property=\"product:availability\" content=\"instock\" \/>\n<meta property=\"product:retailer_item_id\" content=\"192361504966\" \/>\n<meta property=\"product:condition\" content=\"new\" \/>\n<!-- \/ Yoast SEO plugin. -->","yoast_head_json":{"title":"Smartwool Merino 250 Baselayer Thermal Pants Wmn negru - Magazin Xstyle","description":"Cump\u0103ra\u021bi pantaloni termici Smartwool Merino 250 Baselayer Bottom Wmn negri. O combina\u021bie perfect\u0103 de l\u00e2n\u0103 merinos superfin\u0103 pentru confort \u0219i c\u0103ldur\u0103!","robots":{"index":"index","follow":"follow","max-snippet":"max-snippet:-1","max-image-preview":"max-image-preview:large","max-video-preview":"max-video-preview:-1"},"canonical":"https:\/\/xstyle.md\/ro\/produs\/smartwool-merino-250-baselayer-bottom-wmn-black\/","og_locale":"ro_RO","og_type":"article","og_title":"\u0422\u0435\u0440\u043c\u043e\u0448\u0442\u0430\u043d\u044b Smartwool Merino 250 Baselayer B\u043ett\u043em Wmn black - \u041c\u0430\u0433\u0430\u0437\u0438\u043d Xstyle","og_description":"\u041a\u0443\u043f\u0438\u0442\u0435 \u0442\u0435\u0440\u043c\u043e \u0448\u0442\u0430\u043d\u044b Smartwool Merino 250 Baselayer Bottom Wmn \u0447\u0435\u0440\u043d\u044b\u0435. \u0418\u0434\u0435\u0430\u043b\u044c\u043d\u043e\u0435 \u0441\u043e\u0447\u0435\u0442\u0430\u043d\u0438\u0435 \u0441\u0443\u043f\u0435\u0440\u0444\u0438\u043d\u043d\u043e\u0439 \u043c\u0435\u0440\u0438\u043d\u043e\u0441\u043e\u0432\u043e\u0439 \u0448\u0435\u0440\u0441\u0442\u0438 \u0434\u043b\u044f \u043a\u043e\u043c\u0444\u043e\u0440\u0442\u0430 \u0438 \u0442\u0435\u043f\u043b\u0430!","og_url":"https:\/\/xstyle.md\/ro\/produs\/smartwool-merino-250-baselayer-bottom-wmn-black\/","og_site_name":"\u041c\u0430\u0433\u0430\u0437\u0438\u043d Xstyle","article_publisher":"https:\/\/www.facebook.com\/xstylemd","article_modified_time":"2026-03-19T13:41:17+00:00","og_image":[{"width":929,"height":922,"url":"https:\/\/xstyle.md\/wp-content\/uploads\/2021\/04\/4_.png","type":"image\/png"}],"twitter_card":"summary_large_image","twitter_misc":{"Pre\u021b":"1.990&nbsp;MDL","Disponibilitate":"\u00cen stoc"},"schema":{"@context":"https:\/\/schema.org","@graph":[{"@type":"WebPage","@id":"https:\/\/xstyle.md\/product\/smartwool-merino-250-baselayer-bottom-wmn-black\/","url":"https:\/\/xstyle.md\/product\/smartwool-merino-250-baselayer-bottom-wmn-black\/","name":"Smartwool Merino 250 Baselayer Thermal Pants Wmn negru - Magazin Xstyle","isPartOf":{"@id":"https:\/\/xstyle.md\/#website"},"primaryImageOfPage":{"@id":"https:\/\/xstyle.md\/product\/smartwool-merino-250-baselayer-bottom-wmn-black\/#primaryimage"},"image":{"@id":"https:\/\/xstyle.md\/product\/smartwool-merino-250-baselayer-bottom-wmn-black\/#primaryimage"},"thumbnailUrl":"https:\/\/xstyle.md\/wp-content\/uploads\/2021\/04\/4_.png","datePublished":"2021-01-11T13:24:34+00:00","dateModified":"2026-03-19T13:41:17+00:00","description":"Cump\u0103ra\u021bi pantaloni termici Smartwool Merino 250 Baselayer Bottom Wmn negri. O combina\u021bie perfect\u0103 de l\u00e2n\u0103 merinos superfin\u0103 pentru confort \u0219i c\u0103ldur\u0103!","breadcrumb":{"@id":"https:\/\/xstyle.md\/product\/smartwool-merino-250-baselayer-bottom-wmn-black\/#breadcrumb"},"inLanguage":"ro-RO","potentialAction":[{"@type":"ReadAction","target":["https:\/\/xstyle.md\/product\/smartwool-merino-250-baselayer-bottom-wmn-black\/"]}]},{"@type":"ImageObject","inLanguage":"ro-RO","@id":"https:\/\/xstyle.md\/product\/smartwool-merino-250-baselayer-bottom-wmn-black\/#primaryimage","url":"https:\/\/xstyle.md\/wp-content\/uploads\/2021\/04\/4_.png","contentUrl":"https:\/\/xstyle.md\/wp-content\/uploads\/2021\/04\/4_.png","width":929,"height":922},{"@type":"BreadcrumbList","@id":"https:\/\/xstyle.md\/product\/smartwool-merino-250-baselayer-bottom-wmn-black\/#breadcrumb","itemListElement":[{"@type":"ListItem","position":1,"name":"\u0413\u043b\u0430\u0432\u043d\u0430\u044f \u0441\u0442\u0440\u0430\u043d\u0438\u0446\u0430","item":"https:\/\/xstyle.md\/"},{"@type":"ListItem","position":2,"name":"\u041c\u0430\u0433\u0430\u0437\u0438\u043d","item":"https:\/\/xstyle.md\/shop\/"},{"@type":"ListItem","position":3,"name":"\u0422\u0435\u0440\u043c\u043e\u0448\u0442\u0430\u043d\u044b Smartwool Merino 250 Baselayer B\u043ett\u043em Wmn black"}]},{"@type":"WebSite","@id":"https:\/\/xstyle.md\/#website","url":"https:\/\/xstyle.md\/","name":"Magazinul X-Style","description":"Echipamente pentru turism \u0219i sporturi extreme \u00een Moldova. Pre\u021buri, fotografii, caracteristici \u00een Moldova.","publisher":{"@id":"https:\/\/xstyle.md\/#organization"},"alternateName":"X-Style","potentialAction":[{"@type":"SearchAction","target":{"@type":"EntryPoint","urlTemplate":"https:\/\/xstyle.md\/?s={search_term_string}"},"query-input":{"@type":"PropertyValueSpecification","valueRequired":true,"valueName":"search_term_string"}}],"inLanguage":"ro-RO"},{"@type":"Organization","@id":"https:\/\/xstyle.md\/#organization","name":"Magazinul X-Style","alternateName":"x-style","url":"https:\/\/xstyle.md\/","logo":{"@type":"ImageObject","inLanguage":"ro-RO","@id":"https:\/\/xstyle.md\/#\/schema\/logo\/image\/","url":"https:\/\/xstyle.md\/wp-content\/uploads\/2020\/06\/logoicon.svg","contentUrl":"https:\/\/xstyle.md\/wp-content\/uploads\/2020\/06\/logoicon.svg","caption":"\u041c\u0430\u0433\u0430\u0437\u0438\u043d Xstyle"},"image":{"@id":"https:\/\/xstyle.md\/#\/schema\/logo\/image\/"},"sameAs":["https:\/\/www.facebook.com\/xstylemd","https:\/\/www.instagram.com\/xstyle_md\/","https:\/\/t.me\/xstyle_outdoor"],"hasMerchantReturnPolicy":{"@type":"MerchantReturnPolicy","merchantReturnLink":"https:\/\/xstyle.md\/ro\/conditions\/"}}]},"product_price_amount":"1990.00","product_price_currency":"MDL","og_availability":"instock","product_availability":"instock","product_retailer_item_id":"192361504966","product_condition":"new"},"post_mailing_queue_ids":[],"_links":{"self":[{"href":"https:\/\/xstyle.md\/ro\/wp-json\/wp\/v2\/product\/27445","targetHints":{"allow":["GET"]}}],"collection":[{"href":"https:\/\/xstyle.md\/ro\/wp-json\/wp\/v2\/product"}],"about":[{"href":"https:\/\/xstyle.md\/ro\/wp-json\/wp\/v2\/types\/product"}],"replies":[{"embeddable":true,"href":"https:\/\/xstyle.md\/ro\/wp-json\/wp\/v2\/comments?post=27445"}],"wp:featuredmedia":[{"embeddable":true,"href":"https:\/\/xstyle.md\/ro\/wp-json\/wp\/v2\/media\/29638"}],"wp:attachment":[{"href":"https:\/\/xstyle.md\/ro\/wp-json\/wp\/v2\/media?parent=27445"}],"wp:term":[{"taxonomy":"product_brand","embeddable":true,"href":"https:\/\/xstyle.md\/ro\/wp-json\/wp\/v2\/product_brand?post=27445"},{"taxonomy":"product_cat","embeddable":true,"href":"https:\/\/xstyle.md\/ro\/wp-json\/wp\/v2\/product_cat?post=27445"},{"taxonomy":"product_tag","embeddable":true,"href":"https:\/\/xstyle.md\/ro\/wp-json\/wp\/v2\/product_tag?post=27445"}],"curies":[{"name":"wp","href":"https:\/\/api.w.org\/{rel}","templated":true}]}}