{"id":27424,"date":"2021-01-11T16:24:26","date_gmt":"2021-01-11T13:24:26","guid":{"rendered":"https:\/\/xstyle.md\/product\/kurtka-detskaja-reima-frost-light-turguoise\/"},"modified":"2025-12-24T18:42:34","modified_gmt":"2025-12-24T15:42:34","slug":"reima-frost-jr-light-turguoise","status":"publish","type":"product","link":"https:\/\/xstyle.md\/ro\/produs\/reima-frost-jr-light-turguoise\/","title":{"rendered":"Geac\u0103 Reimatec Frost JR light turguoise"},"content":{"rendered":"<\/p>\n<p><strong>Reimatec Frost JR &#8212;\u00a0<\/strong>complet impermeabil\u0103 \u0219i rezistent\u0103 la v\u00e2nt, aceast\u0103 geac\u0103 de iarn\u0103 pentru copii este confec\u021bionat\u0103 dintr-un material special care este respirabil \u0219i respinge apa \u0219i murd\u0103ria. Toate cus\u0103turile sunt lipite \u0219i impermeabile.<\/p>\n<p data-reader-unique-id=\"4\">Datorit\u0103 nodurilor confortabile, firul de la c\u0103\u0219ti nu se va \u00eencurca. Man\u0219etele ajustabile v\u0103 vor ajuta s\u0103 g\u0103si\u021bi l\u0103\u021bimea potrivit\u0103 pentru m\u00e2neci, \u00een timp ce man\u0219etele interioare din lycra ofer\u0103 un confort suplimentar. O fust\u0103 de z\u0103pad\u0103 \u00een talie \u00eempiedic\u0103 z\u0103pada s\u0103 intre.<\/p>\n<p data-reader-unique-id=\"5\">Gluga deta\u0219abil\u0103 \u0219i reglabil\u0103 protejeaz\u0103 \u00eempotriva v\u00e2ntului puternic \u0219i v\u0103 \u021bine \u00een siguran\u021b\u0103 \u00een timp ce schia\u021bi. Deflectoarele de v\u00e2nt practice de pe glug\u0103 ofer\u0103 protec\u021bie suplimentar\u0103 \u00eempotriva v\u00e2ntului rece. Geaca este special conceput\u0103 pentru tinerii schiori \u0219i pentru iubitorii de a se da cu sania.<\/p>\n<p data-reader-unique-id=\"6\">Este dotat\u0103 cu multe detalii func\u021bionale: un buzunar pentru Ski-pass pe m\u00e2nec\u0103, dou\u0103 buzunare cu fermoar, un buzunar intern la piept. Aceasta geac\u0103 este foarte u\u0219or de \u00eentre\u021binut \u0219i poate fi uscat\u0103 \u00een ma\u0219ina de sp\u0103lat rufe.<\/p>\n<h3 class=\"clear\" data-reader-unique-id=\"7\">Particularit\u0103\u021bi<\/h3>\n<ul data-reader-unique-id=\"8\">\n<li data-reader-unique-id=\"9\">Toate cus\u0103turile sunt sigilate \u0219i rezistente la ap\u0103;<\/li>\n<li data-reader-unique-id=\"10\">Impregnare BIONIC-FINISH\u00aeECO f\u0103r\u0103 fluorocarboni, rezistent\u0103 la ap\u0103 \u0219i la murd\u0103rie;<\/li>\n<li data-reader-unique-id=\"11\">Locul de conexiune a gecii \u0441u pantalonii este ascuns sub man\u0219eta de protec\u021bie \u00eempotriva z\u0103pezii;<\/li>\n<li data-reader-unique-id=\"12\">C\u0103ptu\u0219eal\u0103 neted\u0103 din poliester;<\/li>\n<li data-reader-unique-id=\"13\">Glug\u0103 securizat\u0103, deta\u0219abil\u0103 \u0219i reglabil\u0103;<\/li>\n<li data-reader-unique-id=\"14\">Man\u0219ete ajustabile \u0219i man\u0219ete interioare din lycra;<\/li>\n<li data-reader-unique-id=\"15\">Partea inferioar\u0103 reglabil\u0103, man\u0219ete pentru z\u0103pad\u0103 \u00een talie;<\/li>\n<li data-reader-unique-id=\"16\">Buzunare cu fermoar, buzunar pentru Ski-pass pe m\u00e2nec\u0103;<\/li>\n<li data-reader-unique-id=\"17\">Buzunar pentru ochelari, buzunar interior pe piept \u0219i un nod pentru cablurile c\u0103\u0219tilor;<\/li>\n<li data-reader-unique-id=\"18\">Rezisten\u021b\u0103 la abraziune de cel pu\u021bin 30.000 de cicluri.<\/li>\n<\/ul>\n<h3 class=\"clear\" data-reader-unique-id=\"19\">Caracteristici<\/h3>\n<ul data-reader-unique-id=\"20\">\n<li data-reader-unique-id=\"21\">Material \u2014 100% Poliester;<\/li>\n<li data-reader-unique-id=\"22\">Izolant termic \u2013 Reima Flex;<\/li>\n<li data-reader-unique-id=\"23\">Grad de izolare \u2014 mediu de la 0 p\u00e2n\u0103 la -20 \u00b0C;<\/li>\n<li data-reader-unique-id=\"24\">Rezisten\u021b\u0103 la ap\u0103 \u2014 12 000 mm;<\/li>\n<li data-reader-unique-id=\"25\">Conductibilitatea aerului \u2013 7 000 g\/m2\/24h;<\/li>\n<li data-reader-unique-id=\"26\">Model \u2014 pentru copii.<\/li>\n<\/ul>\n<h3 class=\"clear\" data-reader-unique-id=\"27\">Tehnologie<\/h3>\n<ul data-reader-unique-id=\"28\">\n<li data-reader-unique-id=\"29\"><strong data-reader-unique-id=\"30\">BIONIC-FINISH<\/strong>\u00ae<strong data-reader-unique-id=\"31\">ECO \u2014\u00a0<\/strong>un sistem unic patentat care protejeaz\u0103 textilele \u00eempotriva apei \u0219i a altor influen\u021be. Aceasta ofer\u0103 o protec\u021bie uniform\u0103 a fibrelor, f\u0103c\u00e2nd materialul mai puternic \u0219i mai durabil. \u00cenveli\u0219ul are propriet\u0103\u021bi hidrofuge \u0219i permeabile la aer, protejeaz\u0103 de poluare \u0219i, \u00een plus, este hipoalergenic\u0103. Aceast\u0103 impregnare va permite materialului gecii Dumneavoastr\u0103 s\u0103-\u0219i p\u0103streze propriet\u0103\u021bile \u0219i aspectul original pentru o lung\u0103 perioad\u0103 de timp.<\/li>\n<\/ul>\n<h3 class=\"clear\" data-reader-unique-id=\"32\">Marca<\/h3>\n<p data-reader-unique-id=\"33\">Reima \u2014 lider mondial \u00een produc\u021bia de \u00eembr\u0103c\u0103minte func\u021bional\u0103 \u0219i \u00eenc\u0103l\u021b\u0103minte pentru copii pentru plimb\u0103ri active pe strad\u0103 \u00een orice vreme. Este asociat cu cea mai \u00eenalt\u0103 calitate \u0219i este v\u00e2ndut \u00een multe \u021b\u0103ri din \u00eentreaga lume. Principiile fundamentale ale designului sunt: func\u021bionalitate, siguran\u021b\u0103, fiabilitate \u0219i inova\u021bie. Reima satisface nevoile copiilor activi cu \u00eembr\u0103c\u0103minte exterioar\u0103 u\u0219oar\u0103, respirabil\u0103, cu o membran\u0103 care poate fi asortat\u0103 cu lenjerie termic\u0103 \u0219i lenjerie de corp.<\/p>\n<p data-reader-unique-id=\"34\">Misiunea principal\u0103 a m\u0103rcii este de a \u00eencuraja copiii s\u0103 descopere bucuria mi\u0219c\u0103rii, iar ideea de afaceri este aceea de a oferi copiilor activi cu v\u00e2rsta cuprins\u0103 \u00eentre 0 \u0219i 12 ani o garderob\u0103 cuprinz\u0103toare de calitate pentru orice anotimp.<\/p>\n<p><\/p>","protected":false},"excerpt":{"rendered":"<p>\u041a\u0443\u0440\u0442\u043a\u0430 Reima Frost JR light turguoise<\/p>","protected":false},"featured_media":29561,"comment_status":"open","ping_status":"closed","template":"","meta":{"_acf_changed":false,"inline_featured_image":false},"product_brand":[1403],"product_cat":[308],"product_tag":[],"class_list":{"0":"post-27424","1":"product","2":"type-product","3":"status-publish","4":"has-post-thumbnail","6":"product_brand-reima","7":"product_cat-kid-jackets","9":"first","10":"outofstock","11":"shipping-taxable","12":"product-type-simple"},"acf":[],"yoast_head":"<!-- This site is optimized with the Yoast SEO plugin v27.4 - https:\/\/yoast.com\/product\/yoast-seo-wordpress\/ -->\n<title>\u041a\u0443\u0440\u0442\u043a\u0430 Reimatec Frost JR light turguoise - \u041c\u0430\u0433\u0430\u0437\u0438\u043d Xstyle<\/title>\n<meta name=\"description\" content=\"\u041a\u0443\u0440\u0442\u043a\u0430 Reimatec Frost JR light turquoise - \u0438\u0434\u0435\u0430\u043b\u044c\u043d\u0430\u044f \u0437\u0438\u043c\u043d\u044f\u044f \u043e\u0434\u0435\u0436\u0434\u0430 \u0434\u043b\u044f \u0434\u0435\u0442\u0435\u0439. \u0412\u043e\u0434\u043e\u043d\u0435\u043f\u0440\u043e\u043d\u0438\u0446\u0430\u0435\u043c\u0430\u044f, \u0434\u044b\u0448\u0430\u0449\u0430\u044f \u0438 \u0437\u0430\u0449\u0438\u0449\u0430\u0435\u0442 \u043e\u0442 \u0432\u0435\u0442\u0440\u0430. \u041a\u043e\u043c\u0444\u043e\u0440\u0442 \u0438 \u0441\u0442\u0438\u043b\u044c!\" \/>\n<meta name=\"robots\" content=\"index, follow, max-snippet:-1, max-image-preview:large, max-video-preview:-1\" \/>\n<link rel=\"canonical\" href=\"https:\/\/xstyle.md\/ro\/produs\/reima-frost-jr-light-turguoise\/\" \/>\n<meta property=\"og:locale\" content=\"ro_RO\" \/>\n<meta property=\"og:type\" content=\"article\" \/>\n<meta property=\"og:title\" content=\"\u041a\u0443\u0440\u0442\u043a\u0430 Reimatec Frost JR light turguoise - \u041c\u0430\u0433\u0430\u0437\u0438\u043d Xstyle\" \/>\n<meta property=\"og:description\" content=\"\u041a\u0443\u0440\u0442\u043a\u0430 Reimatec Frost JR light turquoise - \u0438\u0434\u0435\u0430\u043b\u044c\u043d\u0430\u044f \u0437\u0438\u043c\u043d\u044f\u044f \u043e\u0434\u0435\u0436\u0434\u0430 \u0434\u043b\u044f \u0434\u0435\u0442\u0435\u0439. \u0412\u043e\u0434\u043e\u043d\u0435\u043f\u0440\u043e\u043d\u0438\u0446\u0430\u0435\u043c\u0430\u044f, \u0434\u044b\u0448\u0430\u0449\u0430\u044f \u0438 \u0437\u0430\u0449\u0438\u0449\u0430\u0435\u0442 \u043e\u0442 \u0432\u0435\u0442\u0440\u0430. \u041a\u043e\u043c\u0444\u043e\u0440\u0442 \u0438 \u0441\u0442\u0438\u043b\u044c!\" \/>\n<meta property=\"og:url\" content=\"https:\/\/xstyle.md\/ro\/produs\/reima-frost-jr-light-turguoise\/\" \/>\n<meta property=\"og:site_name\" content=\"\u041c\u0430\u0433\u0430\u0437\u0438\u043d Xstyle\" \/>\n<meta property=\"article:publisher\" content=\"https:\/\/www.facebook.com\/xstylemd\" \/>\n<meta property=\"article:modified_time\" content=\"2025-12-24T15:42:34+00:00\" \/>\n<meta property=\"og:image\" content=\"https:\/\/xstyle.md\/wp-content\/uploads\/2021\/04\/d6c22d6f330aec94199b0cb3890794cd.jpg\" \/>\n\t<meta property=\"og:image:width\" content=\"592\" \/>\n\t<meta property=\"og:image:height\" content=\"854\" \/>\n\t<meta property=\"og:image:type\" content=\"image\/jpeg\" \/>\n<meta name=\"twitter:card\" content=\"summary_large_image\" \/>\n<meta name=\"twitter:label1\" content=\"Pre\u021b\" \/>\n\t<meta name=\"twitter:data1\" content=\"3.260&nbsp;MDL\" \/>\n\t<meta name=\"twitter:label2\" content=\"Disponibilitate\" \/>\n\t<meta name=\"twitter:data2\" content=\"Stoc epuizat\" \/>\n<script type=\"application\/ld+json\" class=\"yoast-schema-graph\">{\"@context\":\"https:\\\/\\\/schema.org\",\"@graph\":[{\"@type\":\"WebPage\",\"@id\":\"https:\\\/\\\/xstyle.md\\\/product\\\/reima-frost-jr-light-turguoise\\\/\",\"url\":\"https:\\\/\\\/xstyle.md\\\/product\\\/reima-frost-jr-light-turguoise\\\/\",\"name\":\"\u041a\u0443\u0440\u0442\u043a\u0430 Reimatec Frost JR light turguoise - \u041c\u0430\u0433\u0430\u0437\u0438\u043d Xstyle\",\"isPartOf\":{\"@id\":\"https:\\\/\\\/xstyle.md\\\/#website\"},\"primaryImageOfPage\":{\"@id\":\"https:\\\/\\\/xstyle.md\\\/product\\\/reima-frost-jr-light-turguoise\\\/#primaryimage\"},\"image\":{\"@id\":\"https:\\\/\\\/xstyle.md\\\/product\\\/reima-frost-jr-light-turguoise\\\/#primaryimage\"},\"thumbnailUrl\":\"https:\\\/\\\/xstyle.md\\\/wp-content\\\/uploads\\\/2021\\\/04\\\/d6c22d6f330aec94199b0cb3890794cd.jpg\",\"datePublished\":\"2021-01-11T13:24:26+00:00\",\"dateModified\":\"2025-12-24T15:42:34+00:00\",\"description\":\"\u041a\u0443\u0440\u0442\u043a\u0430 Reimatec Frost JR light turquoise - \u0438\u0434\u0435\u0430\u043b\u044c\u043d\u0430\u044f \u0437\u0438\u043c\u043d\u044f\u044f \u043e\u0434\u0435\u0436\u0434\u0430 \u0434\u043b\u044f \u0434\u0435\u0442\u0435\u0439. \u0412\u043e\u0434\u043e\u043d\u0435\u043f\u0440\u043e\u043d\u0438\u0446\u0430\u0435\u043c\u0430\u044f, \u0434\u044b\u0448\u0430\u0449\u0430\u044f \u0438 \u0437\u0430\u0449\u0438\u0449\u0430\u0435\u0442 \u043e\u0442 \u0432\u0435\u0442\u0440\u0430. \u041a\u043e\u043c\u0444\u043e\u0440\u0442 \u0438 \u0441\u0442\u0438\u043b\u044c!\",\"breadcrumb\":{\"@id\":\"https:\\\/\\\/xstyle.md\\\/product\\\/reima-frost-jr-light-turguoise\\\/#breadcrumb\"},\"inLanguage\":\"ro-RO\",\"potentialAction\":[{\"@type\":\"ReadAction\",\"target\":[\"https:\\\/\\\/xstyle.md\\\/product\\\/reima-frost-jr-light-turguoise\\\/\"]}]},{\"@type\":\"ImageObject\",\"inLanguage\":\"ro-RO\",\"@id\":\"https:\\\/\\\/xstyle.md\\\/product\\\/reima-frost-jr-light-turguoise\\\/#primaryimage\",\"url\":\"https:\\\/\\\/xstyle.md\\\/wp-content\\\/uploads\\\/2021\\\/04\\\/d6c22d6f330aec94199b0cb3890794cd.jpg\",\"contentUrl\":\"https:\\\/\\\/xstyle.md\\\/wp-content\\\/uploads\\\/2021\\\/04\\\/d6c22d6f330aec94199b0cb3890794cd.jpg\",\"width\":592,\"height\":854},{\"@type\":\"BreadcrumbList\",\"@id\":\"https:\\\/\\\/xstyle.md\\\/product\\\/reima-frost-jr-light-turguoise\\\/#breadcrumb\",\"itemListElement\":[{\"@type\":\"ListItem\",\"position\":1,\"name\":\"\u0413\u043b\u0430\u0432\u043d\u0430\u044f \u0441\u0442\u0440\u0430\u043d\u0438\u0446\u0430\",\"item\":\"https:\\\/\\\/xstyle.md\\\/\"},{\"@type\":\"ListItem\",\"position\":2,\"name\":\"\u041c\u0430\u0433\u0430\u0437\u0438\u043d\",\"item\":\"https:\\\/\\\/xstyle.md\\\/shop\\\/\"},{\"@type\":\"ListItem\",\"position\":3,\"name\":\"\u041a\u0443\u0440\u0442\u043a\u0430 Reimatec Frost JR light turguoise\"}]},{\"@type\":\"WebSite\",\"@id\":\"https:\\\/\\\/xstyle.md\\\/#website\",\"url\":\"https:\\\/\\\/xstyle.md\\\/\",\"name\":\"\u041c\u0430\u0433\u0430\u0437\u0438\u043d Xstyle\",\"description\":\"C\u043d\u0430\u0440\u044f\u0436\u0435\u043d\u0438\u0435 \u0434\u043b\u044f \u0442\u0443\u0440\u0438\u0437\u043c\u0430 \u0438 \u044d\u043a\u0441\u0442\u0440\u0435\u043c\u0430\u043b\u044c\u043d\u044b\u0445 \u0432\u0438\u0434\u043e\u0432 \u0441\u043f\u043e\u0440\u0442\u0430 \u0432 \u041c\u043e\u043b\u0434\u043e\u0432\u0435.. \u0426\u0435\u043d\u044b, \u0444\u043e\u0442\u043e, \u0445\u0430\u0440\u0430\u043a\u0442\u0435\u0440\u0438\u0441\u0442\u0438\u043a\u0438 \u0432 \u041c\u043e\u043b\u0434\u043e\u0432\u0435.\",\"publisher\":{\"@id\":\"https:\\\/\\\/xstyle.md\\\/#organization\"},\"alternateName\":\"X-Style\",\"potentialAction\":[{\"@type\":\"SearchAction\",\"target\":{\"@type\":\"EntryPoint\",\"urlTemplate\":\"https:\\\/\\\/xstyle.md\\\/?s={search_term_string}\"},\"query-input\":{\"@type\":\"PropertyValueSpecification\",\"valueRequired\":true,\"valueName\":\"search_term_string\"}}],\"inLanguage\":\"ro-RO\"},{\"@type\":\"Organization\",\"@id\":\"https:\\\/\\\/xstyle.md\\\/#organization\",\"name\":\"\u041c\u0430\u0433\u0430\u0437\u0438\u043d Xstyle\",\"alternateName\":\"x-style\",\"url\":\"https:\\\/\\\/xstyle.md\\\/\",\"logo\":{\"@type\":\"ImageObject\",\"inLanguage\":\"ro-RO\",\"@id\":\"https:\\\/\\\/xstyle.md\\\/#\\\/schema\\\/logo\\\/image\\\/\",\"url\":\"https:\\\/\\\/xstyle.md\\\/wp-content\\\/uploads\\\/2020\\\/06\\\/logoicon.svg\",\"contentUrl\":\"https:\\\/\\\/xstyle.md\\\/wp-content\\\/uploads\\\/2020\\\/06\\\/logoicon.svg\",\"caption\":\"\u041c\u0430\u0433\u0430\u0437\u0438\u043d Xstyle\"},\"image\":{\"@id\":\"https:\\\/\\\/xstyle.md\\\/#\\\/schema\\\/logo\\\/image\\\/\"},\"sameAs\":[\"https:\\\/\\\/www.facebook.com\\\/xstylemd\",\"https:\\\/\\\/www.instagram.com\\\/xstyle_md\\\/\",\"https:\\\/\\\/t.me\\\/xstyle_outdoor\"],\"hasMerchantReturnPolicy\":{\"@type\":\"MerchantReturnPolicy\",\"merchantReturnLink\":\"https:\\\/\\\/xstyle.md\\\/ro\\\/conditions\\\/\"}}]}<\/script>\n<meta property=\"product:price:amount\" content=\"3260.00\" \/>\n<meta property=\"product:price:currency\" content=\"MDL\" \/>\n<meta property=\"og:availability\" content=\"out of stock\" \/>\n<meta property=\"product:availability\" content=\"out of stock\" \/>\n<meta property=\"product:retailer_item_id\" content=\"6438429364801\" \/>\n<meta property=\"product:condition\" content=\"new\" \/>\n<!-- \/ Yoast SEO plugin. -->","yoast_head_json":{"title":"Geac\u0103 Reimatec Frost JR light turguoise - Magazin Xstyle","description":"Jacheta Reimatec Frost JR de culoare turcoaz deschis - \u00eembr\u0103c\u0103minte ideal\u0103 de iarn\u0103 pentru copii. Este impermeabil\u0103, respirabil\u0103 \u0219i protejeaz\u0103 contra v\u00e2ntului. Confort \u0219i stil!","robots":{"index":"index","follow":"follow","max-snippet":"max-snippet:-1","max-image-preview":"max-image-preview:large","max-video-preview":"max-video-preview:-1"},"canonical":"https:\/\/xstyle.md\/ro\/produs\/reima-frost-jr-light-turguoise\/","og_locale":"ro_RO","og_type":"article","og_title":"\u041a\u0443\u0440\u0442\u043a\u0430 Reimatec Frost JR light turguoise - \u041c\u0430\u0433\u0430\u0437\u0438\u043d Xstyle","og_description":"\u041a\u0443\u0440\u0442\u043a\u0430 Reimatec Frost JR light turquoise - \u0438\u0434\u0435\u0430\u043b\u044c\u043d\u0430\u044f \u0437\u0438\u043c\u043d\u044f\u044f \u043e\u0434\u0435\u0436\u0434\u0430 \u0434\u043b\u044f \u0434\u0435\u0442\u0435\u0439. \u0412\u043e\u0434\u043e\u043d\u0435\u043f\u0440\u043e\u043d\u0438\u0446\u0430\u0435\u043c\u0430\u044f, \u0434\u044b\u0448\u0430\u0449\u0430\u044f \u0438 \u0437\u0430\u0449\u0438\u0449\u0430\u0435\u0442 \u043e\u0442 \u0432\u0435\u0442\u0440\u0430. \u041a\u043e\u043c\u0444\u043e\u0440\u0442 \u0438 \u0441\u0442\u0438\u043b\u044c!","og_url":"https:\/\/xstyle.md\/ro\/produs\/reima-frost-jr-light-turguoise\/","og_site_name":"\u041c\u0430\u0433\u0430\u0437\u0438\u043d Xstyle","article_publisher":"https:\/\/www.facebook.com\/xstylemd","article_modified_time":"2025-12-24T15:42:34+00:00","og_image":[{"width":592,"height":854,"url":"https:\/\/xstyle.md\/wp-content\/uploads\/2021\/04\/d6c22d6f330aec94199b0cb3890794cd.jpg","type":"image\/jpeg"}],"twitter_card":"summary_large_image","twitter_misc":{"Pre\u021b":"3.260&nbsp;MDL","Disponibilitate":"Stoc epuizat"},"schema":{"@context":"https:\/\/schema.org","@graph":[{"@type":"WebPage","@id":"https:\/\/xstyle.md\/product\/reima-frost-jr-light-turguoise\/","url":"https:\/\/xstyle.md\/product\/reima-frost-jr-light-turguoise\/","name":"Geac\u0103 Reimatec Frost JR light turguoise - Magazin Xstyle","isPartOf":{"@id":"https:\/\/xstyle.md\/#website"},"primaryImageOfPage":{"@id":"https:\/\/xstyle.md\/product\/reima-frost-jr-light-turguoise\/#primaryimage"},"image":{"@id":"https:\/\/xstyle.md\/product\/reima-frost-jr-light-turguoise\/#primaryimage"},"thumbnailUrl":"https:\/\/xstyle.md\/wp-content\/uploads\/2021\/04\/d6c22d6f330aec94199b0cb3890794cd.jpg","datePublished":"2021-01-11T13:24:26+00:00","dateModified":"2025-12-24T15:42:34+00:00","description":"Jacheta Reimatec Frost JR de culoare turcoaz deschis - \u00eembr\u0103c\u0103minte ideal\u0103 de iarn\u0103 pentru copii. Este impermeabil\u0103, respirabil\u0103 \u0219i protejeaz\u0103 contra v\u00e2ntului. Confort \u0219i stil!","breadcrumb":{"@id":"https:\/\/xstyle.md\/product\/reima-frost-jr-light-turguoise\/#breadcrumb"},"inLanguage":"ro-RO","potentialAction":[{"@type":"ReadAction","target":["https:\/\/xstyle.md\/product\/reima-frost-jr-light-turguoise\/"]}]},{"@type":"ImageObject","inLanguage":"ro-RO","@id":"https:\/\/xstyle.md\/product\/reima-frost-jr-light-turguoise\/#primaryimage","url":"https:\/\/xstyle.md\/wp-content\/uploads\/2021\/04\/d6c22d6f330aec94199b0cb3890794cd.jpg","contentUrl":"https:\/\/xstyle.md\/wp-content\/uploads\/2021\/04\/d6c22d6f330aec94199b0cb3890794cd.jpg","width":592,"height":854},{"@type":"BreadcrumbList","@id":"https:\/\/xstyle.md\/product\/reima-frost-jr-light-turguoise\/#breadcrumb","itemListElement":[{"@type":"ListItem","position":1,"name":"\u0413\u043b\u0430\u0432\u043d\u0430\u044f \u0441\u0442\u0440\u0430\u043d\u0438\u0446\u0430","item":"https:\/\/xstyle.md\/"},{"@type":"ListItem","position":2,"name":"\u041c\u0430\u0433\u0430\u0437\u0438\u043d","item":"https:\/\/xstyle.md\/shop\/"},{"@type":"ListItem","position":3,"name":"\u041a\u0443\u0440\u0442\u043a\u0430 Reimatec Frost JR light turguoise"}]},{"@type":"WebSite","@id":"https:\/\/xstyle.md\/#website","url":"https:\/\/xstyle.md\/","name":"Magazinul X-Style","description":"Echipamente pentru turism \u0219i sporturi extreme \u00een Moldova. Pre\u021buri, fotografii, caracteristici \u00een Moldova.","publisher":{"@id":"https:\/\/xstyle.md\/#organization"},"alternateName":"X-Style","potentialAction":[{"@type":"SearchAction","target":{"@type":"EntryPoint","urlTemplate":"https:\/\/xstyle.md\/?s={search_term_string}"},"query-input":{"@type":"PropertyValueSpecification","valueRequired":true,"valueName":"search_term_string"}}],"inLanguage":"ro-RO"},{"@type":"Organization","@id":"https:\/\/xstyle.md\/#organization","name":"Magazinul X-Style","alternateName":"x-style","url":"https:\/\/xstyle.md\/","logo":{"@type":"ImageObject","inLanguage":"ro-RO","@id":"https:\/\/xstyle.md\/#\/schema\/logo\/image\/","url":"https:\/\/xstyle.md\/wp-content\/uploads\/2020\/06\/logoicon.svg","contentUrl":"https:\/\/xstyle.md\/wp-content\/uploads\/2020\/06\/logoicon.svg","caption":"\u041c\u0430\u0433\u0430\u0437\u0438\u043d Xstyle"},"image":{"@id":"https:\/\/xstyle.md\/#\/schema\/logo\/image\/"},"sameAs":["https:\/\/www.facebook.com\/xstylemd","https:\/\/www.instagram.com\/xstyle_md\/","https:\/\/t.me\/xstyle_outdoor"],"hasMerchantReturnPolicy":{"@type":"MerchantReturnPolicy","merchantReturnLink":"https:\/\/xstyle.md\/ro\/conditions\/"}}]},"product_price_amount":"3260.00","product_price_currency":"MDL","og_availability":"out of stock","product_availability":"out of stock","product_retailer_item_id":"6438429364801","product_condition":"new"},"_links":{"self":[{"href":"https:\/\/xstyle.md\/ro\/wp-json\/wp\/v2\/product\/27424","targetHints":{"allow":["GET"]}}],"collection":[{"href":"https:\/\/xstyle.md\/ro\/wp-json\/wp\/v2\/product"}],"about":[{"href":"https:\/\/xstyle.md\/ro\/wp-json\/wp\/v2\/types\/product"}],"replies":[{"embeddable":true,"href":"https:\/\/xstyle.md\/ro\/wp-json\/wp\/v2\/comments?post=27424"}],"wp:featuredmedia":[{"embeddable":true,"href":"https:\/\/xstyle.md\/ro\/wp-json\/wp\/v2\/media\/29561"}],"wp:attachment":[{"href":"https:\/\/xstyle.md\/ro\/wp-json\/wp\/v2\/media?parent=27424"}],"wp:term":[{"taxonomy":"product_brand","embeddable":true,"href":"https:\/\/xstyle.md\/ro\/wp-json\/wp\/v2\/product_brand?post=27424"},{"taxonomy":"product_cat","embeddable":true,"href":"https:\/\/xstyle.md\/ro\/wp-json\/wp\/v2\/product_cat?post=27424"},{"taxonomy":"product_tag","embeddable":true,"href":"https:\/\/xstyle.md\/ro\/wp-json\/wp\/v2\/product_tag?post=27424"}],"curies":[{"name":"wp","href":"https:\/\/api.w.org\/{rel}","templated":true}]}}