{"id":27413,"date":"2021-01-11T16:24:19","date_gmt":"2021-01-11T13:24:19","guid":{"rendered":"https:\/\/xstyle.md\/product\/brjuki-detskie-reimatec-takeoff-dark-sea-blue\/"},"modified":"2026-03-19T16:41:10","modified_gmt":"2026-03-19T13:41:10","slug":"reimatec-takeoff-jr-dark-sea-blue","status":"publish","type":"product","link":"https:\/\/xstyle.md\/ro\/produs\/reimatec-takeoff-jr-dark-sea-blue\/","title":{"rendered":"Pantaloni schi Reimatec Takeoff JR dark sea blue"},"content":{"rendered":"<p><\/p>\n<p><strong>Reimatec Takeoff<\/strong> &#8212; sunt pantaloni de iarn\u0103 practici, crea\u021bi special pentru copiii activi: ace\u0219tia resping eficient apa \u0219i murd\u0103ria, av\u00e2nd toate cus\u0103turile sigilate \u0219i impermeabile.<\/p>\n<p>Materialul rezistent la v\u00e2nt, dar \u00een acela\u0219i timp respirabil, asigur\u0103 confortul \u00een timpul plimb\u0103rilor prelungite \u2013 copilul va avea parte de c\u0103ldur\u0103 f\u0103r\u0103 s\u0103 transpire. Bretelele deta\u0219abile \u0219i reglabile sunt extrem de practice, oferind o sus\u021binere sigur\u0103 \u00een timpul tuturor aventurilor active. \u00cent\u0103riturile durabile de la baza pantalonilor protejeaz\u0103 eficient zona gleznelor.<\/p>\n<p>Datorit\u0103 paraz\u0103pezilor interioare, z\u0103pada \u0219i gerul nu pot p\u0103trunde \u00een interior, ceea ce face ca ace\u0219ti pantaloni s\u0103 fie ideali pentru snowboarding \u0219i schi alpin. Talia reglabil\u0103 garanteaz\u0103 o potrivire perfect\u0103 pe corp. P\u00e2rtiile de schi \u0219i derdelu\u0219urile v\u0103 a\u0219teapt\u0103!<\/p>\n<h3>Particularit\u0103\u021bi<\/h3>\n<ul>\n<li>Toate cus\u0103turile sunt etan\u0219e \u0219i impermeabile.<\/li>\n<li>Material extra-rezistent la baz\u0103 pentru a preveni ruperea pantalonilor \u00een timpul activit\u0103\u021bilor intense pe p\u00e2rtie.<\/li>\n<li>Protec\u021bia BIONIC-FINISH\u00aeECO f\u0103r\u0103 fluorocarburi, care respinge apa \u0219i murd\u0103ria.<\/li>\n<li>Ofer\u0103 libertate total\u0103 de mi\u0219care \u0219i un aspect modern.<\/li>\n<li>Talie ajustabil\u0103 \u0219i bretele elastice care se pot deta\u0219a.<\/li>\n<li>Man\u0219ete anti-z\u0103pad\u0103 (paraz\u0103pezi) \u0219i buzunare securizate cu fermoar.<\/li>\n<li>Rezisten\u021b\u0103 ridicat\u0103 la abraziune (peste 30.000 de cicluri de frecare).<\/li>\n<li>Concepu\u021bi pentru temperaturi \u00eentre 0 \u00b0C \u0219i -20 \u00b0C.<\/li>\n<\/ul>\n<h3>Caracteristici<\/h3>\n<ul>\n<li>Material &#8212; 100% poliamid\u0103, strat protector de poliuretan<\/li>\n<li>Respirabilitate &#8212; 7000 g\/m\u00b2\/24h<\/li>\n<li>Impermeabilitate &#8212; 8000 mm<\/li>\n<li>Model &#8212; Copii (Junior)<\/li>\n<\/ul>\n<h3>Tehnologii<\/h3>\n<ul>\n<li><strong>BIONIC-FINISH<\/strong>\u00ae <strong>ECO<\/strong> &#8212; este un sistem unic \u0219i patentat care protejeaz\u0103 materialele textile \u00eempotriva apei \u0219i a altor influen\u021be externe. Acesta asigur\u0103 o protec\u021bie uniform\u0103 a fibrelor, f\u0103c\u00e2nd \u021bes\u0103tura mai rezistent\u0103 \u0219i mai durabil\u0103 la uzur\u0103. \u00cenveli\u0219ul are propriet\u0103\u021bi hidrofobe (respinge apa) \u0219i respirabile, protejeaz\u0103 \u00eempotriva murd\u0103riei \u0219i, \u00een plus, este hipoalergenic. Aceast\u0103 impregnare va permite materialului jachetei dumneavoastr\u0103 s\u0103 \u00ee\u0219i p\u0103streze propriet\u0103\u021bile ini\u021biale \u0219i aspectul impecabil pentru o perioad\u0103 lung\u0103 de timp.<br \/>\n<\/li>\n<\/ul>\n<h3>Marca<\/h3>\n<p>Reima \u2014 lider mondial \u00een produc\u021bia de \u00eembr\u0103c\u0103minte func\u021bional\u0103 \u0219i \u00eenc\u0103l\u021b\u0103minte pentru copii pentru plimb\u0103ri active pe strad\u0103 \u00een orice vreme. Este asociat cu cea mai \u00eenalt\u0103 calitate \u0219i este v\u00e2ndut \u00een multe \u021b\u0103ri din \u00eentreaga lume. Principiile fundamentale ale designului sunt: func\u021bionalitate, siguran\u021b\u0103, fiabilitate \u0219i inova\u021bie. Reima satisface nevoile copiilor activi cu \u00eembr\u0103c\u0103minte exterioar\u0103 u\u0219oar\u0103, respirabil\u0103, cu o membran\u0103 care poate fi asortat\u0103 cu lenjerie termic\u0103 \u0219i lenjerie de corp.<\/p>\n<p>Misiunea principal\u0103 a m\u0103rcii este de a \u00eencuraja copiii s\u0103 descopere bucuria mi\u0219c\u0103rii, iar ideea de afaceri este aceea de a oferi copiilor activi cu v\u00e2rsta cuprins\u0103 \u00eentre 0 \u0219i 12 ani o garderob\u0103 cuprinz\u0103toare de calitate pentru orice anotimp.<\/p>","protected":false},"excerpt":{"rendered":"<p>Pantaloni schi Reimatec Takeoff JR dark sea blue<\/p>","protected":false},"featured_media":100014,"comment_status":"open","ping_status":"closed","template":"","meta":{"_acf_changed":false,"inline_featured_image":false},"product_brand":[1403],"product_cat":[281],"product_tag":[],"class_list":{"0":"post-27413","1":"product","2":"type-product","3":"status-publish","4":"has-post-thumbnail","6":"product_brand-reima","7":"product_cat-kid-trousers","9":"first","10":"instock","11":"shipping-taxable","12":"purchasable","13":"product-type-simple"},"acf":[],"yoast_head":"<!-- This site is optimized with the Yoast SEO plugin v27.2 - https:\/\/yoast.com\/product\/yoast-seo-wordpress\/ -->\n<title>\u0411\u0440\u044e\u043a\u0438 Reimatec Takeoff JR dark sea blue - \u041c\u0430\u0433\u0430\u0437\u0438\u043d Xstyle<\/title>\n<meta name=\"description\" content=\"\u041a\u0443\u043f\u0438\u0442\u0435 \u0431\u0440\u044e\u043a\u0438 Reimatec Takeoff JR \u0442\u0435\u043c\u043d\u043e-\u0441\u0438\u043d\u0435\u0433\u043e \u0446\u0432\u0435\u0442\u0430. \u0418\u0434\u0435\u0430\u043b\u044c\u043d\u044b \u0434\u043b\u044f \u0430\u043a\u0442\u0438\u0432\u043d\u044b\u0445 \u0434\u0435\u0442\u0435\u0439, \u0432\u043e\u0434\u043e- \u0438 \u0432\u0435\u0442\u0440\u043e\u043d\u0435\u043f\u0440\u043e\u043d\u0438\u0446\u0430\u0435\u043c\u044b\u0435, \u0434\u044b\u0448\u0430\u0449\u0438\u0435 \u0438 \u0443\u0434\u043e\u0431\u043d\u044b\u0435.\" \/>\n<meta name=\"robots\" content=\"index, follow, max-snippet:-1, max-image-preview:large, max-video-preview:-1\" \/>\n<link rel=\"canonical\" href=\"https:\/\/xstyle.md\/ro\/produs\/reimatec-takeoff-jr-dark-sea-blue\/\" \/>\n<meta property=\"og:locale\" content=\"ro_RO\" \/>\n<meta property=\"og:type\" content=\"article\" \/>\n<meta property=\"og:title\" content=\"\u0411\u0440\u044e\u043a\u0438 Reimatec Takeoff JR dark sea blue - \u041c\u0430\u0433\u0430\u0437\u0438\u043d Xstyle\" \/>\n<meta property=\"og:description\" content=\"\u041a\u0443\u043f\u0438\u0442\u0435 \u0431\u0440\u044e\u043a\u0438 Reimatec Takeoff JR \u0442\u0435\u043c\u043d\u043e-\u0441\u0438\u043d\u0435\u0433\u043e \u0446\u0432\u0435\u0442\u0430. \u0418\u0434\u0435\u0430\u043b\u044c\u043d\u044b \u0434\u043b\u044f \u0430\u043a\u0442\u0438\u0432\u043d\u044b\u0445 \u0434\u0435\u0442\u0435\u0439, \u0432\u043e\u0434\u043e- \u0438 \u0432\u0435\u0442\u0440\u043e\u043d\u0435\u043f\u0440\u043e\u043d\u0438\u0446\u0430\u0435\u043c\u044b\u0435, \u0434\u044b\u0448\u0430\u0449\u0438\u0435 \u0438 \u0443\u0434\u043e\u0431\u043d\u044b\u0435.\" \/>\n<meta property=\"og:url\" content=\"https:\/\/xstyle.md\/ro\/produs\/reimatec-takeoff-jr-dark-sea-blue\/\" \/>\n<meta property=\"og:site_name\" content=\"\u041c\u0430\u0433\u0430\u0437\u0438\u043d Xstyle\" \/>\n<meta property=\"article:publisher\" content=\"https:\/\/www.facebook.com\/xstylemd\" \/>\n<meta property=\"article:modified_time\" content=\"2026-03-19T13:41:10+00:00\" \/>\n<meta property=\"og:image\" content=\"https:\/\/xstyle.md\/wp-content\/uploads\/2021\/01\/reimatec-takeoff-jr-dark-sea-blue1.webp\" \/>\n\t<meta property=\"og:image:width\" content=\"1200\" \/>\n\t<meta property=\"og:image:height\" content=\"1200\" \/>\n\t<meta property=\"og:image:type\" content=\"image\/webp\" \/>\n<meta name=\"twitter:card\" content=\"summary_large_image\" \/>\n<meta name=\"twitter:label1\" content=\"Pre\u021b\" \/>\n\t<meta name=\"twitter:data1\" content=\"1.730&nbsp;MDL\" \/>\n\t<meta name=\"twitter:label2\" content=\"Disponibilitate\" \/>\n\t<meta name=\"twitter:data2\" content=\"\u00cen stoc\" \/>\n<script type=\"application\/ld+json\" class=\"yoast-schema-graph\">{\"@context\":\"https:\/\/schema.org\",\"@graph\":[{\"@type\":\"WebPage\",\"@id\":\"https:\/\/xstyle.md\/product\/reimatec-takeoff-jr-dark-sea-blue\/\",\"url\":\"https:\/\/xstyle.md\/product\/reimatec-takeoff-jr-dark-sea-blue\/\",\"name\":\"\u0411\u0440\u044e\u043a\u0438 Reimatec Takeoff JR dark sea blue - \u041c\u0430\u0433\u0430\u0437\u0438\u043d Xstyle\",\"isPartOf\":{\"@id\":\"https:\/\/xstyle.md\/#website\"},\"primaryImageOfPage\":{\"@id\":\"https:\/\/xstyle.md\/product\/reimatec-takeoff-jr-dark-sea-blue\/#primaryimage\"},\"image\":{\"@id\":\"https:\/\/xstyle.md\/product\/reimatec-takeoff-jr-dark-sea-blue\/#primaryimage\"},\"thumbnailUrl\":\"https:\/\/xstyle.md\/wp-content\/uploads\/2021\/01\/reimatec-takeoff-jr-dark-sea-blue1.webp\",\"datePublished\":\"2021-01-11T13:24:19+00:00\",\"dateModified\":\"2026-03-19T13:41:10+00:00\",\"description\":\"\u041a\u0443\u043f\u0438\u0442\u0435 \u0431\u0440\u044e\u043a\u0438 Reimatec Takeoff JR \u0442\u0435\u043c\u043d\u043e-\u0441\u0438\u043d\u0435\u0433\u043e \u0446\u0432\u0435\u0442\u0430. \u0418\u0434\u0435\u0430\u043b\u044c\u043d\u044b \u0434\u043b\u044f \u0430\u043a\u0442\u0438\u0432\u043d\u044b\u0445 \u0434\u0435\u0442\u0435\u0439, \u0432\u043e\u0434\u043e- \u0438 \u0432\u0435\u0442\u0440\u043e\u043d\u0435\u043f\u0440\u043e\u043d\u0438\u0446\u0430\u0435\u043c\u044b\u0435, \u0434\u044b\u0448\u0430\u0449\u0438\u0435 \u0438 \u0443\u0434\u043e\u0431\u043d\u044b\u0435.\",\"breadcrumb\":{\"@id\":\"https:\/\/xstyle.md\/product\/reimatec-takeoff-jr-dark-sea-blue\/#breadcrumb\"},\"inLanguage\":\"ro-RO\",\"potentialAction\":[{\"@type\":\"ReadAction\",\"target\":[\"https:\/\/xstyle.md\/product\/reimatec-takeoff-jr-dark-sea-blue\/\"]}]},{\"@type\":\"ImageObject\",\"inLanguage\":\"ro-RO\",\"@id\":\"https:\/\/xstyle.md\/product\/reimatec-takeoff-jr-dark-sea-blue\/#primaryimage\",\"url\":\"https:\/\/xstyle.md\/wp-content\/uploads\/2021\/01\/reimatec-takeoff-jr-dark-sea-blue1.webp\",\"contentUrl\":\"https:\/\/xstyle.md\/wp-content\/uploads\/2021\/01\/reimatec-takeoff-jr-dark-sea-blue1.webp\",\"width\":1200,\"height\":1200,\"caption\":\"\u0422\u0451\u043c\u043d\u043e-\u0441\u0438\u043d\u0438\u0435 \u0431\u0440\u044e\u043a\u0438 Reimatec Takeoff JR \u0434\u043b\u044f \u0430\u043a\u0442\u0438\u0432\u043d\u043e\u0433\u043e \u043e\u0442\u0434\u044b\u0445\u0430, \u043f\u043e\u0445\u043e\u0434\u043e\u0432 \u0438 \u043f\u0443\u0442\u0435\u0448\u0435\u0441\u0442\u0432\u0438\u0439, \u043e\u0434\u0435\u0436\u0434\u0430 \u0438 \u043e\u0431\u0443\u0432\u044c \u0434\u043b\u044f \u0442\u0443\u0440\u0438\u0437\u043c\u0430 \u0438 \u0430\u043b\u044c\u043f\u0438\u043d\u0438\u0437\u043c\u0430 \u0434\u043b\u044f \u0434\u0435\u0442\u0435\u0439\"},{\"@type\":\"BreadcrumbList\",\"@id\":\"https:\/\/xstyle.md\/product\/reimatec-takeoff-jr-dark-sea-blue\/#breadcrumb\",\"itemListElement\":[{\"@type\":\"ListItem\",\"position\":1,\"name\":\"\u0413\u043b\u0430\u0432\u043d\u0430\u044f \u0441\u0442\u0440\u0430\u043d\u0438\u0446\u0430\",\"item\":\"https:\/\/xstyle.md\/\"},{\"@type\":\"ListItem\",\"position\":2,\"name\":\"\u041c\u0430\u0433\u0430\u0437\u0438\u043d\",\"item\":\"https:\/\/xstyle.md\/shop\/\"},{\"@type\":\"ListItem\",\"position\":3,\"name\":\"\u0411\u0440\u044e\u043a\u0438 Reimatec Takeoff JR dark sea blue\"}]},{\"@type\":\"WebSite\",\"@id\":\"https:\/\/xstyle.md\/#website\",\"url\":\"https:\/\/xstyle.md\/\",\"name\":\"\u041c\u0430\u0433\u0430\u0437\u0438\u043d Xstyle\",\"description\":\"C\u043d\u0430\u0440\u044f\u0436\u0435\u043d\u0438\u0435 \u0434\u043b\u044f \u0442\u0443\u0440\u0438\u0437\u043c\u0430 \u0438 \u044d\u043a\u0441\u0442\u0440\u0435\u043c\u0430\u043b\u044c\u043d\u044b\u0445 \u0432\u0438\u0434\u043e\u0432 \u0441\u043f\u043e\u0440\u0442\u0430 \u0432 \u041c\u043e\u043b\u0434\u043e\u0432\u0435.. \u0426\u0435\u043d\u044b, \u0444\u043e\u0442\u043e, \u0445\u0430\u0440\u0430\u043a\u0442\u0435\u0440\u0438\u0441\u0442\u0438\u043a\u0438 \u0432 \u041c\u043e\u043b\u0434\u043e\u0432\u0435.\",\"publisher\":{\"@id\":\"https:\/\/xstyle.md\/#organization\"},\"alternateName\":\"X-Style\",\"potentialAction\":[{\"@type\":\"SearchAction\",\"target\":{\"@type\":\"EntryPoint\",\"urlTemplate\":\"https:\/\/xstyle.md\/?s={search_term_string}\"},\"query-input\":{\"@type\":\"PropertyValueSpecification\",\"valueRequired\":true,\"valueName\":\"search_term_string\"}}],\"inLanguage\":\"ro-RO\"},{\"@type\":\"Organization\",\"@id\":\"https:\/\/xstyle.md\/#organization\",\"name\":\"\u041c\u0430\u0433\u0430\u0437\u0438\u043d Xstyle\",\"alternateName\":\"x-style\",\"url\":\"https:\/\/xstyle.md\/\",\"logo\":{\"@type\":\"ImageObject\",\"inLanguage\":\"ro-RO\",\"@id\":\"https:\/\/xstyle.md\/#\/schema\/logo\/image\/\",\"url\":\"https:\/\/xstyle.md\/wp-content\/uploads\/2020\/06\/logoicon.svg\",\"contentUrl\":\"https:\/\/xstyle.md\/wp-content\/uploads\/2020\/06\/logoicon.svg\",\"caption\":\"\u041c\u0430\u0433\u0430\u0437\u0438\u043d Xstyle\"},\"image\":{\"@id\":\"https:\/\/xstyle.md\/#\/schema\/logo\/image\/\"},\"sameAs\":[\"https:\/\/www.facebook.com\/xstylemd\",\"https:\/\/www.instagram.com\/xstyle_md\/\",\"https:\/\/t.me\/xstyle_outdoor\"],\"hasMerchantReturnPolicy\":{\"@type\":\"MerchantReturnPolicy\",\"merchantReturnLink\":\"https:\/\/xstyle.md\/ro\/conditions\/\"}}]}<\/script>\n<meta property=\"product:price:amount\" content=\"1730.00\" \/>\n<meta property=\"product:price:currency\" content=\"MDL\" \/>\n<meta property=\"og:availability\" content=\"instock\" \/>\n<meta property=\"product:availability\" content=\"instock\" \/>\n<meta property=\"product:retailer_item_id\" content=\"6438429366195\" \/>\n<meta property=\"product:condition\" content=\"new\" \/>\n<!-- \/ Yoast SEO plugin. -->","yoast_head_json":{"title":"Pantaloni copii Reimatec Takeoff dark sea blue - Magazin Xstyle","description":"Cump\u0103ra\u021bi pantalonii Reimatec Takeoff JR de culoare albastru \u00eenchis. Ideali pentru copii activi, impermeabili \u0219i rezisten\u021bi la v\u00e2nt, respirabili \u0219i confortabili.","robots":{"index":"index","follow":"follow","max-snippet":"max-snippet:-1","max-image-preview":"max-image-preview:large","max-video-preview":"max-video-preview:-1"},"canonical":"https:\/\/xstyle.md\/ro\/produs\/reimatec-takeoff-jr-dark-sea-blue\/","og_locale":"ro_RO","og_type":"article","og_title":"\u0411\u0440\u044e\u043a\u0438 Reimatec Takeoff JR dark sea blue - \u041c\u0430\u0433\u0430\u0437\u0438\u043d Xstyle","og_description":"\u041a\u0443\u043f\u0438\u0442\u0435 \u0431\u0440\u044e\u043a\u0438 Reimatec Takeoff JR \u0442\u0435\u043c\u043d\u043e-\u0441\u0438\u043d\u0435\u0433\u043e \u0446\u0432\u0435\u0442\u0430. \u0418\u0434\u0435\u0430\u043b\u044c\u043d\u044b \u0434\u043b\u044f \u0430\u043a\u0442\u0438\u0432\u043d\u044b\u0445 \u0434\u0435\u0442\u0435\u0439, \u0432\u043e\u0434\u043e- \u0438 \u0432\u0435\u0442\u0440\u043e\u043d\u0435\u043f\u0440\u043e\u043d\u0438\u0446\u0430\u0435\u043c\u044b\u0435, \u0434\u044b\u0448\u0430\u0449\u0438\u0435 \u0438 \u0443\u0434\u043e\u0431\u043d\u044b\u0435.","og_url":"https:\/\/xstyle.md\/ro\/produs\/reimatec-takeoff-jr-dark-sea-blue\/","og_site_name":"\u041c\u0430\u0433\u0430\u0437\u0438\u043d Xstyle","article_publisher":"https:\/\/www.facebook.com\/xstylemd","article_modified_time":"2026-03-19T13:41:10+00:00","og_image":[{"width":1200,"height":1200,"url":"https:\/\/xstyle.md\/wp-content\/uploads\/2021\/01\/reimatec-takeoff-jr-dark-sea-blue1.webp","type":"image\/webp"}],"twitter_card":"summary_large_image","twitter_misc":{"Pre\u021b":"1.730&nbsp;MDL","Disponibilitate":"\u00cen stoc"},"schema":{"@context":"https:\/\/schema.org","@graph":[{"@type":"WebPage","@id":"https:\/\/xstyle.md\/product\/reimatec-takeoff-jr-dark-sea-blue\/","url":"https:\/\/xstyle.md\/product\/reimatec-takeoff-jr-dark-sea-blue\/","name":"Pantaloni copii Reimatec Takeoff dark sea blue - Magazin Xstyle","isPartOf":{"@id":"https:\/\/xstyle.md\/#website"},"primaryImageOfPage":{"@id":"https:\/\/xstyle.md\/product\/reimatec-takeoff-jr-dark-sea-blue\/#primaryimage"},"image":{"@id":"https:\/\/xstyle.md\/product\/reimatec-takeoff-jr-dark-sea-blue\/#primaryimage"},"thumbnailUrl":"https:\/\/xstyle.md\/wp-content\/uploads\/2021\/01\/reimatec-takeoff-jr-dark-sea-blue1.webp","datePublished":"2021-01-11T13:24:19+00:00","dateModified":"2026-03-19T13:41:10+00:00","description":"Cump\u0103ra\u021bi pantalonii Reimatec Takeoff JR de culoare albastru \u00eenchis. Ideali pentru copii activi, impermeabili \u0219i rezisten\u021bi la v\u00e2nt, respirabili \u0219i confortabili.","breadcrumb":{"@id":"https:\/\/xstyle.md\/product\/reimatec-takeoff-jr-dark-sea-blue\/#breadcrumb"},"inLanguage":"ro-RO","potentialAction":[{"@type":"ReadAction","target":["https:\/\/xstyle.md\/product\/reimatec-takeoff-jr-dark-sea-blue\/"]}]},{"@type":"ImageObject","inLanguage":"ro-RO","@id":"https:\/\/xstyle.md\/product\/reimatec-takeoff-jr-dark-sea-blue\/#primaryimage","url":"https:\/\/xstyle.md\/wp-content\/uploads\/2021\/01\/reimatec-takeoff-jr-dark-sea-blue1.webp","contentUrl":"https:\/\/xstyle.md\/wp-content\/uploads\/2021\/01\/reimatec-takeoff-jr-dark-sea-blue1.webp","width":1200,"height":1200,"caption":"\u0422\u0451\u043c\u043d\u043e-\u0441\u0438\u043d\u0438\u0435 \u0431\u0440\u044e\u043a\u0438 Reimatec Takeoff JR \u0434\u043b\u044f \u0430\u043a\u0442\u0438\u0432\u043d\u043e\u0433\u043e \u043e\u0442\u0434\u044b\u0445\u0430, \u043f\u043e\u0445\u043e\u0434\u043e\u0432 \u0438 \u043f\u0443\u0442\u0435\u0448\u0435\u0441\u0442\u0432\u0438\u0439, \u043e\u0434\u0435\u0436\u0434\u0430 \u0438 \u043e\u0431\u0443\u0432\u044c \u0434\u043b\u044f \u0442\u0443\u0440\u0438\u0437\u043c\u0430 \u0438 \u0430\u043b\u044c\u043f\u0438\u043d\u0438\u0437\u043c\u0430 \u0434\u043b\u044f \u0434\u0435\u0442\u0435\u0439"},{"@type":"BreadcrumbList","@id":"https:\/\/xstyle.md\/product\/reimatec-takeoff-jr-dark-sea-blue\/#breadcrumb","itemListElement":[{"@type":"ListItem","position":1,"name":"\u0413\u043b\u0430\u0432\u043d\u0430\u044f \u0441\u0442\u0440\u0430\u043d\u0438\u0446\u0430","item":"https:\/\/xstyle.md\/"},{"@type":"ListItem","position":2,"name":"\u041c\u0430\u0433\u0430\u0437\u0438\u043d","item":"https:\/\/xstyle.md\/shop\/"},{"@type":"ListItem","position":3,"name":"\u0411\u0440\u044e\u043a\u0438 Reimatec Takeoff JR dark sea blue"}]},{"@type":"WebSite","@id":"https:\/\/xstyle.md\/#website","url":"https:\/\/xstyle.md\/","name":"Magazinul X-Style","description":"Echipamente pentru turism \u0219i sporturi extreme \u00een Moldova. Pre\u021buri, fotografii, caracteristici \u00een Moldova.","publisher":{"@id":"https:\/\/xstyle.md\/#organization"},"alternateName":"X-Style","potentialAction":[{"@type":"SearchAction","target":{"@type":"EntryPoint","urlTemplate":"https:\/\/xstyle.md\/?s={search_term_string}"},"query-input":{"@type":"PropertyValueSpecification","valueRequired":true,"valueName":"search_term_string"}}],"inLanguage":"ro-RO"},{"@type":"Organization","@id":"https:\/\/xstyle.md\/#organization","name":"Magazinul X-Style","alternateName":"x-style","url":"https:\/\/xstyle.md\/","logo":{"@type":"ImageObject","inLanguage":"ro-RO","@id":"https:\/\/xstyle.md\/#\/schema\/logo\/image\/","url":"https:\/\/xstyle.md\/wp-content\/uploads\/2020\/06\/logoicon.svg","contentUrl":"https:\/\/xstyle.md\/wp-content\/uploads\/2020\/06\/logoicon.svg","caption":"\u041c\u0430\u0433\u0430\u0437\u0438\u043d Xstyle"},"image":{"@id":"https:\/\/xstyle.md\/#\/schema\/logo\/image\/"},"sameAs":["https:\/\/www.facebook.com\/xstylemd","https:\/\/www.instagram.com\/xstyle_md\/","https:\/\/t.me\/xstyle_outdoor"],"hasMerchantReturnPolicy":{"@type":"MerchantReturnPolicy","merchantReturnLink":"https:\/\/xstyle.md\/ro\/conditions\/"}}]},"product_price_amount":"1730.00","product_price_currency":"MDL","og_availability":"instock","product_availability":"instock","product_retailer_item_id":"6438429366195","product_condition":"new"},"post_mailing_queue_ids":[],"_links":{"self":[{"href":"https:\/\/xstyle.md\/ro\/wp-json\/wp\/v2\/product\/27413","targetHints":{"allow":["GET"]}}],"collection":[{"href":"https:\/\/xstyle.md\/ro\/wp-json\/wp\/v2\/product"}],"about":[{"href":"https:\/\/xstyle.md\/ro\/wp-json\/wp\/v2\/types\/product"}],"replies":[{"embeddable":true,"href":"https:\/\/xstyle.md\/ro\/wp-json\/wp\/v2\/comments?post=27413"}],"wp:featuredmedia":[{"embeddable":true,"href":"https:\/\/xstyle.md\/ro\/wp-json\/wp\/v2\/media\/100014"}],"wp:attachment":[{"href":"https:\/\/xstyle.md\/ro\/wp-json\/wp\/v2\/media?parent=27413"}],"wp:term":[{"taxonomy":"product_brand","embeddable":true,"href":"https:\/\/xstyle.md\/ro\/wp-json\/wp\/v2\/product_brand?post=27413"},{"taxonomy":"product_cat","embeddable":true,"href":"https:\/\/xstyle.md\/ro\/wp-json\/wp\/v2\/product_cat?post=27413"},{"taxonomy":"product_tag","embeddable":true,"href":"https:\/\/xstyle.md\/ro\/wp-json\/wp\/v2\/product_tag?post=27413"}],"curies":[{"name":"wp","href":"https:\/\/api.w.org\/{rel}","templated":true}]}}