{"id":27397,"date":"2021-01-11T16:24:14","date_gmt":"2021-01-11T13:24:14","guid":{"rendered":"https:\/\/xstyle.md\/product\/termofutbolka-zhenskaja-accapi-ergoracing-ls-antracite-black\/"},"modified":"2026-03-19T16:41:08","modified_gmt":"2026-03-19T13:41:08","slug":"accapi-ergoracing-ls-mns-antracite-black-2","status":"publish","type":"product","link":"https:\/\/xstyle.md\/ro\/produs\/accapi-ergoracing-ls-mns-antracite-black-2\/","title":{"rendered":"Tricou termic Accapi Ergoracing LS Wmn Anthracite\/Black"},"content":{"rendered":"<\/p>\n<p><strong>Accapi Ergoracing LS<\/strong> &#8212; este o bluz\u0103 termic\u0103 dezvoltat\u0103 special pentru sporturi cu sarcini extreme, competi\u021bii \u0219i antrenamente intense. Este destinat\u0103 celor care au nevoie de o protec\u021bie fiabil\u0103 \u00eempotriva frigului, precum \u0219i de o sus\u021binere puternic\u0103 a mu\u0219chilor \u0219i articula\u021biilor. Bluza este ideal\u0103 pentru utilizare \u00een sezonul rece \u0219i \u00een perioadele de tranzi\u021bie (demi-sezon), asigur\u00e2nd protec\u021bie termic\u0103 \u0219i sus\u021binere muscular\u0103 \u00een timpul efortului intens. Tehnologia \u00een dou\u0103 straturi elimin\u0103 eficient umiditatea, men\u021bin\u00e2nd pielea uscat\u0103.<\/p>\n<p>Bee Memo &#8212; structur\u0103 tridimensional\u0103 cu efect de memorie, capabil\u0103 s\u0103 se extind\u0103 sau s\u0103 se comprime \u00een func\u021bie de necesit\u0103\u021bi. Zone cu densitate redus\u0103 a \u021beserii sunt plasate sub bra\u021be \u0219i sub piept pentru o circula\u021bie eficient\u0103 a aerului. Materialul ofer\u0103 un nivel ridicat de izolare termic\u0103, ventila\u021bie \u0219i confort. Inser\u021bii verticale de \u00eenalt\u0103 densitate pe spate \u0219i zone de \u021besere special\u0103 pe conturul mu\u0219chilor pectorali pentru sus\u021binere \u0219i reducerea tensiunii \u00een timpul sarcinilor mari. Design f\u0103r\u0103 cus\u0103turi cu dou\u0103 straturi, utiliz\u00e2nd tehnologiile 3D circular cut, Connecting Ribs \u0219i Accordion Fitting Band.<\/p>\n<h3>Particularit\u0103\u021bi:<\/h3>\n<ul>\n<li>Favorizeaz\u0103 evaporarea rapid\u0103 a umidit\u0103\u021bii;<\/li>\n<li>Respirabil \u0219i elimin\u0103 umezeala;<\/li>\n<li>Cus\u0103turi plate pentru a rezista la uzur\u0103 \u0219i presiune;<\/li>\n<li>Potrivire confortabil\u0103 \u0219i potrivire confortabil\u0103;<\/li>\n<li>Zonarea special\u0103 \u00eembun\u0103t\u0103\u021be\u0219te circula\u021bia aerului.<\/li>\n<\/ul>\n<h3>Caracteristici:<\/h3>\n<ul>\n<li>Sezon \u2013 iarn\u0103\/demi-sezon;<\/li>\n<li>Compozi\u021bie \u2013 93% Poliamid\u0103, 7% Elastan;<\/li>\n<li>Aplicare \u2013 odihn\u0103 activ\u0103\/turism\/snowboard;<\/li>\n<li>Model - pentru femei.<\/li>\n<\/ul>\n<h3><strong>Tehnologie<\/strong><strong>:<\/strong><\/h3>\n<ul>\n<li data-path-to-node=\"1,0,0\"><b data-path-to-node=\"1,0,0\" data-index-in-node=\"0\">Connecting Ribs\u00ae<\/b> \u2013 conexiune structural\u0103 pentru o durabilitate sporit\u0103, care ofer\u0103 sus\u021binere mu\u0219chilor spatelui, abdomenului, bra\u021belor \u0219i picioarelor.<\/li>\n<li data-path-to-node=\"1,1,0\"><b data-path-to-node=\"1,1,0\" data-index-in-node=\"0\">AEC<\/b> \u2013 grade diferite de compresie care sus\u021bin circula\u021bia sanguin\u0103 \u00een membre \u0219i faciliteaz\u0103 revenirea s\u00e2ngelui venos c\u0103tre inim\u0103.<\/li>\n<li data-path-to-node=\"1,2,0\"><b data-path-to-node=\"1,2,0\" data-index-in-node=\"0\">U-Dry<\/b> \u2013 una dintre cele mai avansate fibre dezvoltate de laboratoarele ACCAPI. \u00cen compara\u021bie cu alte fibre tehnice sau naturale, aceasta s-a dovedit a fi hidrofob\u0103 (\u00eenregistr\u00e2nd cele mai mici valori de absorb\u021bie a umidit\u0103\u021bii), izolatoare (cu cea mai sc\u0103zut\u0103 rat\u0103 de disipare a c\u0103ldurii), u\u0219oar\u0103 (cu cea mai mic\u0103 greutate specific\u0103), bacteriostatic\u0103 \u0219i cu o vitez\u0103 de uscare excelent\u0103.<\/li>\n<li data-path-to-node=\"1,3,0\"><b data-path-to-node=\"1,3,0\" data-index-in-node=\"0\">Bee Memo\u00ae<\/b> \u2013 structur\u0103 tridimensional\u0103 cu efect de memorie, capabil\u0103 s\u0103 se extind\u0103 sau s\u0103 se comprime \u00een func\u021bie de necesit\u0103\u021bi.<\/li>\n<\/ul>\n<p><\/p>\n<h3>Marca<\/h3>\n<p>Compania italian\u0103 Accapi este un exemplu al modului \u00een care tradi\u021biile vechi \u0219i experien\u021ba trecutului tr\u0103iesc \u00een perfect\u0103 armonie cu cele mai avansate tehnologii \u0219i echipamente moderne. Fondat\u0103 \u00een 1958 de familia Chiaruttini, care s-a angajat ini\u021bial \u00een produc\u021bia de \u0219osete obi\u0219nuite, \u0219i av\u00e2nd o experien\u021b\u0103 considerabil\u0103 acumulat\u0103, \u00een 1994 au \u00eenceput s\u0103 produc\u0103 \u0219osete tehnice pentru toate sporturile. \u0218i de trei genera\u021bii la r\u00e2nd, fabricarea de lenjerie termic\u0103 este o afacere de familie care garanteaz\u0103 o calitate \u00eenalt\u0103 constant\u0103, deoarece toate modelele sunt realizate \u00een propria noastr\u0103 fabric\u0103 din Italia. Introducerea noilor tehnologii \u00een 2006 a f\u0103cut posibil\u0103 extinderea liniei de produse \u0219i refacerea calitativ\u0103 a modelelor existente. \u00cen acela\u0219i timp, pre\u021burile pentru Accapi au r\u0103mas la acela\u0219i nivel. Brandul Accapi sponsorizeaz\u0103 diver\u0219i sportivi din ciclism rutier, curse de motociclete, atletism, schi alpin, inclusiv medalia\u021bi olimpici.<\/p>","protected":false},"excerpt":{"rendered":"<p>Tricou termic Accapi Ergoracing LS Wmn Anthracite\/Black<\/p>","protected":false},"featured_media":53905,"comment_status":"open","ping_status":"closed","template":"","meta":{"_acf_changed":false,"inline_featured_image":false},"product_brand":[1407],"product_cat":[274],"product_tag":[],"class_list":{"0":"post-27397","1":"product","2":"type-product","3":"status-publish","4":"has-post-thumbnail","6":"product_brand-accapi","7":"product_cat-thermals-femei","9":"first","10":"instock","11":"shipping-taxable","12":"purchasable","13":"product-type-simple"},"acf":[],"yoast_head":"<!-- This site is optimized with the Yoast SEO plugin v27.2 - https:\/\/yoast.com\/product\/yoast-seo-wordpress\/ -->\n<title>\u0422\u0435\u0440\u043c\u043e\u0444\u0443\u0442\u0431\u043e\u043b\u043a\u0430 Accapi Ergoracing LS Wmn antracite\/black - \u041c\u0430\u0433\u0430\u0437\u0438\u043d Xstyle<\/title>\n<meta name=\"description\" content=\"\u0422\u0435\u0440\u043c\u043e\u0444\u0443\u0442\u0431\u043e\u043b\u043a\u0430 Accapi Ergoracing LS Wmn \u0432 \u0430\u043d\u0442\u0440\u0430\u0446\u0438\u0442\u0435\/\u0447\u0435\u0440\u043d\u043e\u043c \u2014 \u0438\u0434\u0435\u0430\u043b\u044c\u043d\u0430\u044f \u0434\u043b\u044f \u0430\u043a\u0442\u0438\u0432\u043d\u043e\u0433\u043e \u043e\u0431\u0440\u0430\u0437\u0430 \u0436\u0438\u0437\u043d\u0438. \u0423\u043b\u044c\u0442\u0440\u0430\u0442\u0435\u043f\u043b\u043e\u0435 \u0438 \u044d\u043b\u0430\u0441\u0442\u0438\u0447\u043d\u043e\u0435 \u043a\u043e\u043c\u043f\u0440\u0435\u0441\u0441\u0438\u043e\u043d\u043d\u043e\u0435 \u0431\u0435\u043b\u044c\u0435 \u0434\u043b\u044f \u0437\u0438\u043c\u043d\u0438\u0445 \u0432\u0438\u0434\u043e\u0432 \u0441\u043f\u043e\u0440\u0442\u0430.\" \/>\n<meta name=\"robots\" content=\"index, follow, max-snippet:-1, max-image-preview:large, max-video-preview:-1\" \/>\n<link rel=\"canonical\" href=\"https:\/\/xstyle.md\/ro\/produs\/accapi-ergoracing-ls-mns-antracite-black-2\/\" \/>\n<meta property=\"og:locale\" content=\"ro_RO\" \/>\n<meta property=\"og:type\" content=\"article\" \/>\n<meta property=\"og:title\" content=\"\u0422\u0435\u0440\u043c\u043e\u0444\u0443\u0442\u0431\u043e\u043b\u043a\u0430 Accapi Ergoracing LS Wmn antracite\/black - \u041c\u0430\u0433\u0430\u0437\u0438\u043d Xstyle\" \/>\n<meta property=\"og:description\" content=\"\u0422\u0435\u0440\u043c\u043e\u0444\u0443\u0442\u0431\u043e\u043b\u043a\u0430 Accapi Ergoracing LS Wmn \u0432 \u0430\u043d\u0442\u0440\u0430\u0446\u0438\u0442\u0435\/\u0447\u0435\u0440\u043d\u043e\u043c \u2014 \u0438\u0434\u0435\u0430\u043b\u044c\u043d\u0430\u044f \u0434\u043b\u044f \u0430\u043a\u0442\u0438\u0432\u043d\u043e\u0433\u043e \u043e\u0431\u0440\u0430\u0437\u0430 \u0436\u0438\u0437\u043d\u0438. \u0423\u043b\u044c\u0442\u0440\u0430\u0442\u0435\u043f\u043b\u043e\u0435 \u0438 \u044d\u043b\u0430\u0441\u0442\u0438\u0447\u043d\u043e\u0435 \u043a\u043e\u043c\u043f\u0440\u0435\u0441\u0441\u0438\u043e\u043d\u043d\u043e\u0435 \u0431\u0435\u043b\u044c\u0435 \u0434\u043b\u044f \u0437\u0438\u043c\u043d\u0438\u0445 \u0432\u0438\u0434\u043e\u0432 \u0441\u043f\u043e\u0440\u0442\u0430.\" \/>\n<meta property=\"og:url\" content=\"https:\/\/xstyle.md\/ro\/produs\/accapi-ergoracing-ls-mns-antracite-black-2\/\" \/>\n<meta property=\"og:site_name\" content=\"\u041c\u0430\u0433\u0430\u0437\u0438\u043d Xstyle\" \/>\n<meta property=\"article:publisher\" content=\"https:\/\/www.facebook.com\/xstylemd\" \/>\n<meta property=\"article:modified_time\" content=\"2026-03-19T13:41:08+00:00\" \/>\n<meta property=\"og:image\" content=\"https:\/\/xstyle.md\/wp-content\/uploads\/2021\/01\/accapi-ergoracing-ls-wmn-antraciteblack.jpg\" \/>\n\t<meta property=\"og:image:width\" content=\"1625\" \/>\n\t<meta property=\"og:image:height\" content=\"1800\" \/>\n\t<meta property=\"og:image:type\" content=\"image\/jpeg\" \/>\n<meta name=\"twitter:card\" content=\"summary_large_image\" \/>\n<meta name=\"twitter:label1\" content=\"Pre\u021b\" \/>\n\t<meta name=\"twitter:data1\" content=\"1.625&nbsp;MDL\" \/>\n\t<meta name=\"twitter:label2\" content=\"Disponibilitate\" \/>\n\t<meta name=\"twitter:data2\" content=\"\u00cen stoc\" \/>\n<script type=\"application\/ld+json\" class=\"yoast-schema-graph\">{\"@context\":\"https:\/\/schema.org\",\"@graph\":[{\"@type\":\"WebPage\",\"@id\":\"https:\/\/xstyle.md\/product\/accapi-ergoracing-ls-mns-antracite-black-2\/\",\"url\":\"https:\/\/xstyle.md\/product\/accapi-ergoracing-ls-mns-antracite-black-2\/\",\"name\":\"\u0422\u0435\u0440\u043c\u043e\u0444\u0443\u0442\u0431\u043e\u043b\u043a\u0430 Accapi Ergoracing LS Wmn antracite\/black - \u041c\u0430\u0433\u0430\u0437\u0438\u043d Xstyle\",\"isPartOf\":{\"@id\":\"https:\/\/xstyle.md\/#website\"},\"primaryImageOfPage\":{\"@id\":\"https:\/\/xstyle.md\/product\/accapi-ergoracing-ls-mns-antracite-black-2\/#primaryimage\"},\"image\":{\"@id\":\"https:\/\/xstyle.md\/product\/accapi-ergoracing-ls-mns-antracite-black-2\/#primaryimage\"},\"thumbnailUrl\":\"https:\/\/xstyle.md\/wp-content\/uploads\/2021\/01\/accapi-ergoracing-ls-wmn-antraciteblack.jpg\",\"datePublished\":\"2021-01-11T13:24:14+00:00\",\"dateModified\":\"2026-03-19T13:41:08+00:00\",\"description\":\"\u0422\u0435\u0440\u043c\u043e\u0444\u0443\u0442\u0431\u043e\u043b\u043a\u0430 Accapi Ergoracing LS Wmn \u0432 \u0430\u043d\u0442\u0440\u0430\u0446\u0438\u0442\u0435\/\u0447\u0435\u0440\u043d\u043e\u043c \u2014 \u0438\u0434\u0435\u0430\u043b\u044c\u043d\u0430\u044f \u0434\u043b\u044f \u0430\u043a\u0442\u0438\u0432\u043d\u043e\u0433\u043e \u043e\u0431\u0440\u0430\u0437\u0430 \u0436\u0438\u0437\u043d\u0438. \u0423\u043b\u044c\u0442\u0440\u0430\u0442\u0435\u043f\u043b\u043e\u0435 \u0438 \u044d\u043b\u0430\u0441\u0442\u0438\u0447\u043d\u043e\u0435 \u043a\u043e\u043c\u043f\u0440\u0435\u0441\u0441\u0438\u043e\u043d\u043d\u043e\u0435 \u0431\u0435\u043b\u044c\u0435 \u0434\u043b\u044f \u0437\u0438\u043c\u043d\u0438\u0445 \u0432\u0438\u0434\u043e\u0432 \u0441\u043f\u043e\u0440\u0442\u0430.\",\"breadcrumb\":{\"@id\":\"https:\/\/xstyle.md\/product\/accapi-ergoracing-ls-mns-antracite-black-2\/#breadcrumb\"},\"inLanguage\":\"ro-RO\",\"potentialAction\":[{\"@type\":\"ReadAction\",\"target\":[\"https:\/\/xstyle.md\/product\/accapi-ergoracing-ls-mns-antracite-black-2\/\"]}]},{\"@type\":\"ImageObject\",\"inLanguage\":\"ro-RO\",\"@id\":\"https:\/\/xstyle.md\/product\/accapi-ergoracing-ls-mns-antracite-black-2\/#primaryimage\",\"url\":\"https:\/\/xstyle.md\/wp-content\/uploads\/2021\/01\/accapi-ergoracing-ls-wmn-antraciteblack.jpg\",\"contentUrl\":\"https:\/\/xstyle.md\/wp-content\/uploads\/2021\/01\/accapi-ergoracing-ls-wmn-antraciteblack.jpg\",\"width\":1625,\"height\":1800,\"caption\":\"\u0422\u0435\u0440\u043c\u043e\u0444\u0443\u0442\u0431\u043e\u043b\u043a\u0430 Accapi Ergoracing LS Wmn \u0430\u043d\u0442\u0440\u0430\u0446\u0438\u0442\u043e\u0432\u044b\u0439 \u0447\u0435\u0440\u043d\u044b\u0439 \u0434\u043b\u044f \u0430\u043a\u0442\u0438\u0432\u043d\u043e\u0433\u043e \u043e\u0442\u0434\u044b\u0445\u0430, \u043f\u043e\u0445\u043e\u0434\u043e\u0432, \u043f\u0443\u0442\u0435\u0448\u0435\u0441\u0442\u0432\u0438\u0439 \u0438 \u0441\u043f\u043e\u0440\u0442\u0438\u0432\u043d\u043e\u0439 \u043e\u0434\u0435\u0436\u0434\u044b \u0432 \u0438\u043d\u0442\u0435\u0440\u043d\u0435\u0442-\u043c\u0430\u0433\u0430\u0437\u0438\u043d\u0435\"},{\"@type\":\"BreadcrumbList\",\"@id\":\"https:\/\/xstyle.md\/product\/accapi-ergoracing-ls-mns-antracite-black-2\/#breadcrumb\",\"itemListElement\":[{\"@type\":\"ListItem\",\"position\":1,\"name\":\"\u0413\u043b\u0430\u0432\u043d\u0430\u044f \u0441\u0442\u0440\u0430\u043d\u0438\u0446\u0430\",\"item\":\"https:\/\/xstyle.md\/\"},{\"@type\":\"ListItem\",\"position\":2,\"name\":\"\u041c\u0430\u0433\u0430\u0437\u0438\u043d\",\"item\":\"https:\/\/xstyle.md\/shop\/\"},{\"@type\":\"ListItem\",\"position\":3,\"name\":\"\u0422\u0435\u0440\u043c\u043e\u0444\u0443\u0442\u0431\u043e\u043b\u043a\u0430 Accapi Ergoracing LS Wmn antracite\/black\"}]},{\"@type\":\"WebSite\",\"@id\":\"https:\/\/xstyle.md\/#website\",\"url\":\"https:\/\/xstyle.md\/\",\"name\":\"\u041c\u0430\u0433\u0430\u0437\u0438\u043d Xstyle\",\"description\":\"C\u043d\u0430\u0440\u044f\u0436\u0435\u043d\u0438\u0435 \u0434\u043b\u044f \u0442\u0443\u0440\u0438\u0437\u043c\u0430 \u0438 \u044d\u043a\u0441\u0442\u0440\u0435\u043c\u0430\u043b\u044c\u043d\u044b\u0445 \u0432\u0438\u0434\u043e\u0432 \u0441\u043f\u043e\u0440\u0442\u0430 \u0432 \u041c\u043e\u043b\u0434\u043e\u0432\u0435.. \u0426\u0435\u043d\u044b, \u0444\u043e\u0442\u043e, \u0445\u0430\u0440\u0430\u043a\u0442\u0435\u0440\u0438\u0441\u0442\u0438\u043a\u0438 \u0432 \u041c\u043e\u043b\u0434\u043e\u0432\u0435.\",\"publisher\":{\"@id\":\"https:\/\/xstyle.md\/#organization\"},\"alternateName\":\"X-Style\",\"potentialAction\":[{\"@type\":\"SearchAction\",\"target\":{\"@type\":\"EntryPoint\",\"urlTemplate\":\"https:\/\/xstyle.md\/?s={search_term_string}\"},\"query-input\":{\"@type\":\"PropertyValueSpecification\",\"valueRequired\":true,\"valueName\":\"search_term_string\"}}],\"inLanguage\":\"ro-RO\"},{\"@type\":\"Organization\",\"@id\":\"https:\/\/xstyle.md\/#organization\",\"name\":\"\u041c\u0430\u0433\u0430\u0437\u0438\u043d Xstyle\",\"alternateName\":\"x-style\",\"url\":\"https:\/\/xstyle.md\/\",\"logo\":{\"@type\":\"ImageObject\",\"inLanguage\":\"ro-RO\",\"@id\":\"https:\/\/xstyle.md\/#\/schema\/logo\/image\/\",\"url\":\"https:\/\/xstyle.md\/wp-content\/uploads\/2020\/06\/logoicon.svg\",\"contentUrl\":\"https:\/\/xstyle.md\/wp-content\/uploads\/2020\/06\/logoicon.svg\",\"caption\":\"\u041c\u0430\u0433\u0430\u0437\u0438\u043d Xstyle\"},\"image\":{\"@id\":\"https:\/\/xstyle.md\/#\/schema\/logo\/image\/\"},\"sameAs\":[\"https:\/\/www.facebook.com\/xstylemd\",\"https:\/\/www.instagram.com\/xstyle_md\/\",\"https:\/\/t.me\/xstyle_outdoor\"],\"hasMerchantReturnPolicy\":{\"@type\":\"MerchantReturnPolicy\",\"merchantReturnLink\":\"https:\/\/xstyle.md\/ro\/conditions\/\"}}]}<\/script>\n<meta property=\"product:price:amount\" content=\"1625.00\" \/>\n<meta property=\"product:price:currency\" content=\"MDL\" \/>\n<meta property=\"og:availability\" content=\"instock\" \/>\n<meta property=\"product:availability\" content=\"instock\" \/>\n<meta property=\"product:retailer_item_id\" content=\"8053307521121\" \/>\n<meta property=\"product:condition\" content=\"new\" \/>\n<!-- \/ Yoast SEO plugin. -->","yoast_head_json":{"title":"Tricou termic Accapi Ergoracing LS Wmn Anthracite\/Black - Magazin Xstyle","description":"Tricou termic Accapi Ergoracing LS Wmn \u00een antracit\/negru \u2014 ideal pentru un stil de via\u021b\u0103 activ. Lenjerie de compresie ultracalduroas\u0103 \u0219i elastica pentru sporturile de iarn\u0103.","robots":{"index":"index","follow":"follow","max-snippet":"max-snippet:-1","max-image-preview":"max-image-preview:large","max-video-preview":"max-video-preview:-1"},"canonical":"https:\/\/xstyle.md\/ro\/produs\/accapi-ergoracing-ls-mns-antracite-black-2\/","og_locale":"ro_RO","og_type":"article","og_title":"\u0422\u0435\u0440\u043c\u043e\u0444\u0443\u0442\u0431\u043e\u043b\u043a\u0430 Accapi Ergoracing LS Wmn antracite\/black - \u041c\u0430\u0433\u0430\u0437\u0438\u043d Xstyle","og_description":"\u0422\u0435\u0440\u043c\u043e\u0444\u0443\u0442\u0431\u043e\u043b\u043a\u0430 Accapi Ergoracing LS Wmn \u0432 \u0430\u043d\u0442\u0440\u0430\u0446\u0438\u0442\u0435\/\u0447\u0435\u0440\u043d\u043e\u043c \u2014 \u0438\u0434\u0435\u0430\u043b\u044c\u043d\u0430\u044f \u0434\u043b\u044f \u0430\u043a\u0442\u0438\u0432\u043d\u043e\u0433\u043e \u043e\u0431\u0440\u0430\u0437\u0430 \u0436\u0438\u0437\u043d\u0438. \u0423\u043b\u044c\u0442\u0440\u0430\u0442\u0435\u043f\u043b\u043e\u0435 \u0438 \u044d\u043b\u0430\u0441\u0442\u0438\u0447\u043d\u043e\u0435 \u043a\u043e\u043c\u043f\u0440\u0435\u0441\u0441\u0438\u043e\u043d\u043d\u043e\u0435 \u0431\u0435\u043b\u044c\u0435 \u0434\u043b\u044f \u0437\u0438\u043c\u043d\u0438\u0445 \u0432\u0438\u0434\u043e\u0432 \u0441\u043f\u043e\u0440\u0442\u0430.","og_url":"https:\/\/xstyle.md\/ro\/produs\/accapi-ergoracing-ls-mns-antracite-black-2\/","og_site_name":"\u041c\u0430\u0433\u0430\u0437\u0438\u043d Xstyle","article_publisher":"https:\/\/www.facebook.com\/xstylemd","article_modified_time":"2026-03-19T13:41:08+00:00","og_image":[{"width":1625,"height":1800,"url":"https:\/\/xstyle.md\/wp-content\/uploads\/2021\/01\/accapi-ergoracing-ls-wmn-antraciteblack.jpg","type":"image\/jpeg"}],"twitter_card":"summary_large_image","twitter_misc":{"Pre\u021b":"1.625&nbsp;MDL","Disponibilitate":"\u00cen stoc"},"schema":{"@context":"https:\/\/schema.org","@graph":[{"@type":"WebPage","@id":"https:\/\/xstyle.md\/product\/accapi-ergoracing-ls-mns-antracite-black-2\/","url":"https:\/\/xstyle.md\/product\/accapi-ergoracing-ls-mns-antracite-black-2\/","name":"Tricou termic Accapi Ergoracing LS Wmn Anthracite\/Black - Magazin Xstyle","isPartOf":{"@id":"https:\/\/xstyle.md\/#website"},"primaryImageOfPage":{"@id":"https:\/\/xstyle.md\/product\/accapi-ergoracing-ls-mns-antracite-black-2\/#primaryimage"},"image":{"@id":"https:\/\/xstyle.md\/product\/accapi-ergoracing-ls-mns-antracite-black-2\/#primaryimage"},"thumbnailUrl":"https:\/\/xstyle.md\/wp-content\/uploads\/2021\/01\/accapi-ergoracing-ls-wmn-antraciteblack.jpg","datePublished":"2021-01-11T13:24:14+00:00","dateModified":"2026-03-19T13:41:08+00:00","description":"Tricou termic Accapi Ergoracing LS Wmn \u00een antracit\/negru \u2014 ideal pentru un stil de via\u021b\u0103 activ. Lenjerie de compresie ultracalduroas\u0103 \u0219i elastica pentru sporturile de iarn\u0103.","breadcrumb":{"@id":"https:\/\/xstyle.md\/product\/accapi-ergoracing-ls-mns-antracite-black-2\/#breadcrumb"},"inLanguage":"ro-RO","potentialAction":[{"@type":"ReadAction","target":["https:\/\/xstyle.md\/product\/accapi-ergoracing-ls-mns-antracite-black-2\/"]}]},{"@type":"ImageObject","inLanguage":"ro-RO","@id":"https:\/\/xstyle.md\/product\/accapi-ergoracing-ls-mns-antracite-black-2\/#primaryimage","url":"https:\/\/xstyle.md\/wp-content\/uploads\/2021\/01\/accapi-ergoracing-ls-wmn-antraciteblack.jpg","contentUrl":"https:\/\/xstyle.md\/wp-content\/uploads\/2021\/01\/accapi-ergoracing-ls-wmn-antraciteblack.jpg","width":1625,"height":1800,"caption":"\u0422\u0435\u0440\u043c\u043e\u0444\u0443\u0442\u0431\u043e\u043b\u043a\u0430 Accapi Ergoracing LS Wmn \u0430\u043d\u0442\u0440\u0430\u0446\u0438\u0442\u043e\u0432\u044b\u0439 \u0447\u0435\u0440\u043d\u044b\u0439 \u0434\u043b\u044f \u0430\u043a\u0442\u0438\u0432\u043d\u043e\u0433\u043e \u043e\u0442\u0434\u044b\u0445\u0430, \u043f\u043e\u0445\u043e\u0434\u043e\u0432, \u043f\u0443\u0442\u0435\u0448\u0435\u0441\u0442\u0432\u0438\u0439 \u0438 \u0441\u043f\u043e\u0440\u0442\u0438\u0432\u043d\u043e\u0439 \u043e\u0434\u0435\u0436\u0434\u044b \u0432 \u0438\u043d\u0442\u0435\u0440\u043d\u0435\u0442-\u043c\u0430\u0433\u0430\u0437\u0438\u043d\u0435"},{"@type":"BreadcrumbList","@id":"https:\/\/xstyle.md\/product\/accapi-ergoracing-ls-mns-antracite-black-2\/#breadcrumb","itemListElement":[{"@type":"ListItem","position":1,"name":"\u0413\u043b\u0430\u0432\u043d\u0430\u044f \u0441\u0442\u0440\u0430\u043d\u0438\u0446\u0430","item":"https:\/\/xstyle.md\/"},{"@type":"ListItem","position":2,"name":"\u041c\u0430\u0433\u0430\u0437\u0438\u043d","item":"https:\/\/xstyle.md\/shop\/"},{"@type":"ListItem","position":3,"name":"\u0422\u0435\u0440\u043c\u043e\u0444\u0443\u0442\u0431\u043e\u043b\u043a\u0430 Accapi Ergoracing LS Wmn antracite\/black"}]},{"@type":"WebSite","@id":"https:\/\/xstyle.md\/#website","url":"https:\/\/xstyle.md\/","name":"Magazinul X-Style","description":"Echipamente pentru turism \u0219i sporturi extreme \u00een Moldova. Pre\u021buri, fotografii, caracteristici \u00een Moldova.","publisher":{"@id":"https:\/\/xstyle.md\/#organization"},"alternateName":"X-Style","potentialAction":[{"@type":"SearchAction","target":{"@type":"EntryPoint","urlTemplate":"https:\/\/xstyle.md\/?s={search_term_string}"},"query-input":{"@type":"PropertyValueSpecification","valueRequired":true,"valueName":"search_term_string"}}],"inLanguage":"ro-RO"},{"@type":"Organization","@id":"https:\/\/xstyle.md\/#organization","name":"Magazinul X-Style","alternateName":"x-style","url":"https:\/\/xstyle.md\/","logo":{"@type":"ImageObject","inLanguage":"ro-RO","@id":"https:\/\/xstyle.md\/#\/schema\/logo\/image\/","url":"https:\/\/xstyle.md\/wp-content\/uploads\/2020\/06\/logoicon.svg","contentUrl":"https:\/\/xstyle.md\/wp-content\/uploads\/2020\/06\/logoicon.svg","caption":"\u041c\u0430\u0433\u0430\u0437\u0438\u043d Xstyle"},"image":{"@id":"https:\/\/xstyle.md\/#\/schema\/logo\/image\/"},"sameAs":["https:\/\/www.facebook.com\/xstylemd","https:\/\/www.instagram.com\/xstyle_md\/","https:\/\/t.me\/xstyle_outdoor"],"hasMerchantReturnPolicy":{"@type":"MerchantReturnPolicy","merchantReturnLink":"https:\/\/xstyle.md\/ro\/conditions\/"}}]},"product_price_amount":"1625.00","product_price_currency":"MDL","og_availability":"instock","product_availability":"instock","product_retailer_item_id":"8053307521121","product_condition":"new"},"post_mailing_queue_ids":[],"_links":{"self":[{"href":"https:\/\/xstyle.md\/ro\/wp-json\/wp\/v2\/product\/27397","targetHints":{"allow":["GET"]}}],"collection":[{"href":"https:\/\/xstyle.md\/ro\/wp-json\/wp\/v2\/product"}],"about":[{"href":"https:\/\/xstyle.md\/ro\/wp-json\/wp\/v2\/types\/product"}],"replies":[{"embeddable":true,"href":"https:\/\/xstyle.md\/ro\/wp-json\/wp\/v2\/comments?post=27397"}],"wp:featuredmedia":[{"embeddable":true,"href":"https:\/\/xstyle.md\/ro\/wp-json\/wp\/v2\/media\/53905"}],"wp:attachment":[{"href":"https:\/\/xstyle.md\/ro\/wp-json\/wp\/v2\/media?parent=27397"}],"wp:term":[{"taxonomy":"product_brand","embeddable":true,"href":"https:\/\/xstyle.md\/ro\/wp-json\/wp\/v2\/product_brand?post=27397"},{"taxonomy":"product_cat","embeddable":true,"href":"https:\/\/xstyle.md\/ro\/wp-json\/wp\/v2\/product_cat?post=27397"},{"taxonomy":"product_tag","embeddable":true,"href":"https:\/\/xstyle.md\/ro\/wp-json\/wp\/v2\/product_tag?post=27397"}],"curies":[{"name":"wp","href":"https:\/\/api.w.org\/{rel}","templated":true}]}}