{"id":27395,"date":"2021-01-11T16:24:13","date_gmt":"2021-01-11T13:24:13","guid":{"rendered":"https:\/\/xstyle.md\/product\/termoshtany-zhenskie-accapi-ergoracing-antracite-black\/"},"modified":"2026-03-19T16:41:06","modified_gmt":"2026-03-19T13:41:06","slug":"accapi-ergoracing-wmn-antracite-black","status":"publish","type":"product","link":"https:\/\/xstyle.md\/ro\/produs\/accapi-ergoracing-wmn-antracite-black\/","title":{"rendered":"Pantaloni termici Accapi Ergoracing Wmn Anthracite\/Black"},"content":{"rendered":"<\/p>\n<p><strong>Accapi Ergoracing<\/strong>\u00a0\u2013 lenjerie de compresie func\u021bional\u0103 pentru un stil de via\u021b\u0103 activ, inclusiv sporturi extreme de iarn\u0103. Materialul dens tridimensional \u00eembr\u0103\u021bi\u0219eaz\u0103 corpul, re\u021bin\u00e2nd c\u0103ldura, sus\u021bin\u00e2nd mu\u0219chii \u0219i protej\u00e2nd articula\u021biile.<\/p>\n<p>\u021aes\u0103tura elastic\u0103 ofer\u0103 respirabilitate natural\u0103, eliminarea rapid\u0103 a umezelii. Ajut\u0103 la u\u0219urarea greut\u0103\u021bilor pe anumite zone ale mu\u0219chilor \u0219i la redistribuirea presiunii.<\/p>\n<p>Tehnologia de compresie variabil\u0103 este aplicat\u0103 sub forma a zece scheme textile diferite, care difer\u0103 prin \u021besutul fibrelor. Acest lucru ajut\u0103 la reducerea efectelor stresului activ \u0219i pasiv asupra organismului.<\/p>\n<p>Pantalonii de compresie m\u0103resc eficien\u021ba antrenamentului pentru a \u00eent\u0103ri scheletul muscular. Aceast\u0103 lenjerie termic\u0103 poate fi folosit\u0103 at\u00e2t \u00een \u200b\u200bclimatele aspre de iarn\u0103, c\u00e2t \u0219i \u00een extrasezon.<\/p>\n<h3>Particularit\u0103\u021bi<\/h3>\n<ul>\n<li>Protejeaz\u0103 \u0219i sus\u021bine organismul \u00een timpul sporturilor intense sau competi\u021biilor;<\/li>\n<li>Atenueaz\u0103 vibra\u021biile pentru o eficien\u021b\u0103 muscular\u0103 maxim\u0103;<\/li>\n<li>Creeaz\u0103 un nivel \u00eenalt de izolare termic\u0103, ventila\u021bie \u0219i confort;<\/li>\n<li>Materialul cu dou\u0103 straturi elimin\u0103 eficient umiditatea pentru a men\u021bine pielea uscat\u0103;<\/li>\n<li>Tehnologie de t\u0103iere circular\u0103 3D f\u0103r\u0103 cus\u0103tur\u0103;<\/li>\n<li>Foarte elastic, nu \u00eempiedic\u0103 deloc mi\u0219carea.<\/li>\n<\/ul>\n<h3>Caracteristici<\/h3>\n<ul>\n<li>Compozi\u021bie &#8212; 93% Poliamid\u0103, 7% Elastan;<\/li>\n<li>Sezon &#8212; toamn\u0103\/iarn\u0103;<\/li>\n<li>Aplicare &#8212; odihn\u0103 activ\u0103\/turism\/schi\/turism cu schi\/snowboarding\/patinaj;<\/li>\n<li>Model - pentru femei.<\/li>\n<\/ul>\n<h3><strong>Tehnologie<\/strong><\/h3>\n<ul>\n<li><strong>Bee Memo\u00ae<\/strong> \u2013 o structur\u0103 tridimensional\u0103 cu efect de memorie, capabil\u0103 s\u0103 se extind\u0103 sau s\u0103 se contracte \u00een func\u021bie de necesit\u0103\u021bi.<\/li>\n<li><strong>Accordion Fitting Band<\/strong> \u2013 inser\u021biile elastice laterale \u0219i interioare elimin\u0103 eficient umezeala.<\/li>\n<li><strong>Connecting Ribs\u00ae<\/strong>\u00a0 Zonele musculare conturate pentru sprijin \u0219i ameliorarea stresului.<\/li>\n<li><strong>Adaptive Energy Compression<\/strong> \u2013 tehnologie de compresie variabil\u0103 adaptat\u0103 diferitelor grupe musculare; cre\u0219te eficien\u021ba mu\u0219chilor.<\/li>\n<\/ul>\n<p><\/p>\n<h3>Marca<\/h3>\n<p>Compania italian\u0103 Accapi este un exemplu al modului \u00een care tradi\u021biile vechi \u0219i experien\u021ba trecutului tr\u0103iesc \u00een perfect\u0103 armonie cu cele mai avansate tehnologii \u0219i echipamente moderne. Fondat\u0103 \u00een 1958 de familia Chiaruttini, care s-a angajat ini\u021bial \u00een produc\u021bia de \u0219osete obi\u0219nuite, \u0219i av\u00e2nd o experien\u021b\u0103 considerabil\u0103 acumulat\u0103, \u00een 1994 au \u00eenceput s\u0103 produc\u0103 \u0219osete tehnice pentru toate sporturile. \u0218i de trei genera\u021bii la r\u00e2nd, fabricarea de lenjerie termic\u0103 este o afacere de familie care garanteaz\u0103 o calitate \u00eenalt\u0103 constant\u0103, deoarece toate modelele sunt realizate \u00een propria noastr\u0103 fabric\u0103 din Italia. Introducerea noilor tehnologii \u00een 2006 a f\u0103cut posibil\u0103 extinderea liniei de produse \u0219i refacerea calitativ\u0103 a modelelor existente. \u00cen acela\u0219i timp, pre\u021burile pentru Accapi au r\u0103mas la acela\u0219i nivel. Brandul Accapi sponsorizeaz\u0103 diver\u0219i sportivi din ciclism rutier, curse de motociclete, atletism, schi alpin, inclusiv medalia\u021bi olimpici.<\/p>","protected":false},"excerpt":{"rendered":"<p>Pantaloni termici Accapi Ergoracing Wmn Anthracite\/Black<\/p>","protected":false},"featured_media":53910,"comment_status":"open","ping_status":"closed","template":"","meta":{"_acf_changed":false,"inline_featured_image":false},"product_brand":[1407],"product_cat":[274],"product_tag":[],"class_list":{"0":"post-27395","1":"product","2":"type-product","3":"status-publish","4":"has-post-thumbnail","6":"product_brand-accapi","7":"product_cat-thermals-femei","9":"first","10":"instock","11":"shipping-taxable","12":"purchasable","13":"product-type-simple"},"acf":[],"yoast_head":"<!-- This site is optimized with the Yoast SEO plugin v27.2 - https:\/\/yoast.com\/product\/yoast-seo-wordpress\/ -->\n<title>\u0422\u0435\u0440\u043c\u043e\u0448\u0442\u0430\u043d\u044b Accapi Ergoracing Wmn antracite\/black - \u041c\u0430\u0433\u0430\u0437\u0438\u043d Xstyle<\/title>\n<meta name=\"description\" content=\"\u0422\u0435\u0440\u043c\u043e\u0448\u0442\u0430\u043d\u044b Accapi Ergoracing Wmn \u0432 \u0430\u043d\u0442\u0440\u0430\u0446\u0438\u0442\u0435 \u0438 \u0447\u0435\u0440\u043d\u043e\u043c \u2013 \u0438\u0434\u0435\u0430\u043b\u044c\u043d\u044b \u0434\u043b\u044f \u0430\u043a\u0442\u0438\u0432\u043d\u043e\u0433\u043e \u043e\u0431\u0440\u0430\u0437\u0430 \u0436\u0438\u0437\u043d\u0438 \u0438 \u0437\u0438\u043c\u043d\u0438\u0445 \u0432\u0438\u0434\u043e\u0432 \u0441\u043f\u043e\u0440\u0442\u0430! \u041a\u043e\u043c\u043f\u0440\u0435\u0441\u0441\u0438\u044f, \u0442\u0435\u043f\u043b\u043e \u0438 \u043a\u043e\u043c\u0444\u043e\u0440\u0442 \u0432 \u043a\u0430\u0436\u0434\u043e\u0439 \u0434\u0435\u0442\u0430\u043b\u0438.\" \/>\n<meta name=\"robots\" content=\"index, follow, max-snippet:-1, max-image-preview:large, max-video-preview:-1\" \/>\n<link rel=\"canonical\" href=\"https:\/\/xstyle.md\/ro\/produs\/accapi-ergoracing-wmn-antracite-black\/\" \/>\n<meta property=\"og:locale\" content=\"ro_RO\" \/>\n<meta property=\"og:type\" content=\"article\" \/>\n<meta property=\"og:title\" content=\"\u0422\u0435\u0440\u043c\u043e\u0448\u0442\u0430\u043d\u044b Accapi Ergoracing Wmn antracite\/black - \u041c\u0430\u0433\u0430\u0437\u0438\u043d Xstyle\" \/>\n<meta property=\"og:description\" content=\"\u0422\u0435\u0440\u043c\u043e\u0448\u0442\u0430\u043d\u044b Accapi Ergoracing Wmn \u0432 \u0430\u043d\u0442\u0440\u0430\u0446\u0438\u0442\u0435 \u0438 \u0447\u0435\u0440\u043d\u043e\u043c \u2013 \u0438\u0434\u0435\u0430\u043b\u044c\u043d\u044b \u0434\u043b\u044f \u0430\u043a\u0442\u0438\u0432\u043d\u043e\u0433\u043e \u043e\u0431\u0440\u0430\u0437\u0430 \u0436\u0438\u0437\u043d\u0438 \u0438 \u0437\u0438\u043c\u043d\u0438\u0445 \u0432\u0438\u0434\u043e\u0432 \u0441\u043f\u043e\u0440\u0442\u0430! \u041a\u043e\u043c\u043f\u0440\u0435\u0441\u0441\u0438\u044f, \u0442\u0435\u043f\u043b\u043e \u0438 \u043a\u043e\u043c\u0444\u043e\u0440\u0442 \u0432 \u043a\u0430\u0436\u0434\u043e\u0439 \u0434\u0435\u0442\u0430\u043b\u0438.\" \/>\n<meta property=\"og:url\" content=\"https:\/\/xstyle.md\/ro\/produs\/accapi-ergoracing-wmn-antracite-black\/\" \/>\n<meta property=\"og:site_name\" content=\"\u041c\u0430\u0433\u0430\u0437\u0438\u043d Xstyle\" \/>\n<meta property=\"article:publisher\" content=\"https:\/\/www.facebook.com\/xstylemd\" \/>\n<meta property=\"article:modified_time\" content=\"2026-03-19T13:41:06+00:00\" \/>\n<meta property=\"og:image\" content=\"https:\/\/xstyle.md\/wp-content\/uploads\/2021\/01\/accapi-ergoracing-wmn-antraciteblack.jpg\" \/>\n\t<meta property=\"og:image:width\" content=\"1592\" \/>\n\t<meta property=\"og:image:height\" content=\"1800\" \/>\n\t<meta property=\"og:image:type\" content=\"image\/jpeg\" \/>\n<meta name=\"twitter:card\" content=\"summary_large_image\" \/>\n<meta name=\"twitter:label1\" content=\"Pre\u021b\" \/>\n\t<meta name=\"twitter:data1\" content=\"1.390&nbsp;MDL\" \/>\n\t<meta name=\"twitter:label2\" content=\"Disponibilitate\" \/>\n\t<meta name=\"twitter:data2\" content=\"\u00cen stoc\" \/>\n<script type=\"application\/ld+json\" class=\"yoast-schema-graph\">{\"@context\":\"https:\/\/schema.org\",\"@graph\":[{\"@type\":\"WebPage\",\"@id\":\"https:\/\/xstyle.md\/product\/accapi-ergoracing-wmn-antracite-black\/\",\"url\":\"https:\/\/xstyle.md\/product\/accapi-ergoracing-wmn-antracite-black\/\",\"name\":\"\u0422\u0435\u0440\u043c\u043e\u0448\u0442\u0430\u043d\u044b Accapi Ergoracing Wmn antracite\/black - \u041c\u0430\u0433\u0430\u0437\u0438\u043d Xstyle\",\"isPartOf\":{\"@id\":\"https:\/\/xstyle.md\/#website\"},\"primaryImageOfPage\":{\"@id\":\"https:\/\/xstyle.md\/product\/accapi-ergoracing-wmn-antracite-black\/#primaryimage\"},\"image\":{\"@id\":\"https:\/\/xstyle.md\/product\/accapi-ergoracing-wmn-antracite-black\/#primaryimage\"},\"thumbnailUrl\":\"https:\/\/xstyle.md\/wp-content\/uploads\/2021\/01\/accapi-ergoracing-wmn-antraciteblack.jpg\",\"datePublished\":\"2021-01-11T13:24:13+00:00\",\"dateModified\":\"2026-03-19T13:41:06+00:00\",\"description\":\"\u0422\u0435\u0440\u043c\u043e\u0448\u0442\u0430\u043d\u044b Accapi Ergoracing Wmn \u0432 \u0430\u043d\u0442\u0440\u0430\u0446\u0438\u0442\u0435 \u0438 \u0447\u0435\u0440\u043d\u043e\u043c \u2013 \u0438\u0434\u0435\u0430\u043b\u044c\u043d\u044b \u0434\u043b\u044f \u0430\u043a\u0442\u0438\u0432\u043d\u043e\u0433\u043e \u043e\u0431\u0440\u0430\u0437\u0430 \u0436\u0438\u0437\u043d\u0438 \u0438 \u0437\u0438\u043c\u043d\u0438\u0445 \u0432\u0438\u0434\u043e\u0432 \u0441\u043f\u043e\u0440\u0442\u0430! \u041a\u043e\u043c\u043f\u0440\u0435\u0441\u0441\u0438\u044f, \u0442\u0435\u043f\u043b\u043e \u0438 \u043a\u043e\u043c\u0444\u043e\u0440\u0442 \u0432 \u043a\u0430\u0436\u0434\u043e\u0439 \u0434\u0435\u0442\u0430\u043b\u0438.\",\"breadcrumb\":{\"@id\":\"https:\/\/xstyle.md\/product\/accapi-ergoracing-wmn-antracite-black\/#breadcrumb\"},\"inLanguage\":\"ro-RO\",\"potentialAction\":[{\"@type\":\"ReadAction\",\"target\":[\"https:\/\/xstyle.md\/product\/accapi-ergoracing-wmn-antracite-black\/\"]}]},{\"@type\":\"ImageObject\",\"inLanguage\":\"ro-RO\",\"@id\":\"https:\/\/xstyle.md\/product\/accapi-ergoracing-wmn-antracite-black\/#primaryimage\",\"url\":\"https:\/\/xstyle.md\/wp-content\/uploads\/2021\/01\/accapi-ergoracing-wmn-antraciteblack.jpg\",\"contentUrl\":\"https:\/\/xstyle.md\/wp-content\/uploads\/2021\/01\/accapi-ergoracing-wmn-antraciteblack.jpg\",\"width\":1592,\"height\":1800,\"caption\":\"\u0422\u0435\u0440\u043c\u043e\u0448\u0442\u0430\u043d\u044b Accapi Ergoracing Wmn \u0430\u043d\u0442\u0440\u0430\u0446\u0438\u0442-\u0447\u0435\u0440\u043d\u044b\u0435 \u0434\u043b\u044f \u0430\u043a\u0442\u0438\u0432\u043d\u043e\u0433\u043e \u043e\u0442\u0434\u044b\u0445\u0430, \u043f\u043e\u0445\u043e\u0434\u043e\u0432, \u043f\u0443\u0442\u0435\u0448\u0435\u0441\u0442\u0432\u0438\u0439, \u0441\u043f\u043e\u0440\u0442\u0438\u0432\u043d\u043e\u0439 \u043e\u0434\u0435\u0436\u0434\u044b \u0438 \u043e\u0431\u0443\u0432\u0438 \u0434\u043b\u044f \u0442\u0443\u0440\u0438\u0437\u043c\u0430 \u0438 \u0430\u043b\u044c\u043f\u0438\u043d\u0438\u0437\u043c\u0430\"},{\"@type\":\"BreadcrumbList\",\"@id\":\"https:\/\/xstyle.md\/product\/accapi-ergoracing-wmn-antracite-black\/#breadcrumb\",\"itemListElement\":[{\"@type\":\"ListItem\",\"position\":1,\"name\":\"\u0413\u043b\u0430\u0432\u043d\u0430\u044f \u0441\u0442\u0440\u0430\u043d\u0438\u0446\u0430\",\"item\":\"https:\/\/xstyle.md\/\"},{\"@type\":\"ListItem\",\"position\":2,\"name\":\"\u041c\u0430\u0433\u0430\u0437\u0438\u043d\",\"item\":\"https:\/\/xstyle.md\/shop\/\"},{\"@type\":\"ListItem\",\"position\":3,\"name\":\"\u0422\u0435\u0440\u043c\u043e\u0448\u0442\u0430\u043d\u044b Accapi Ergoracing Wmn antracite\/black\"}]},{\"@type\":\"WebSite\",\"@id\":\"https:\/\/xstyle.md\/#website\",\"url\":\"https:\/\/xstyle.md\/\",\"name\":\"\u041c\u0430\u0433\u0430\u0437\u0438\u043d Xstyle\",\"description\":\"C\u043d\u0430\u0440\u044f\u0436\u0435\u043d\u0438\u0435 \u0434\u043b\u044f \u0442\u0443\u0440\u0438\u0437\u043c\u0430 \u0438 \u044d\u043a\u0441\u0442\u0440\u0435\u043c\u0430\u043b\u044c\u043d\u044b\u0445 \u0432\u0438\u0434\u043e\u0432 \u0441\u043f\u043e\u0440\u0442\u0430 \u0432 \u041c\u043e\u043b\u0434\u043e\u0432\u0435.. \u0426\u0435\u043d\u044b, \u0444\u043e\u0442\u043e, \u0445\u0430\u0440\u0430\u043a\u0442\u0435\u0440\u0438\u0441\u0442\u0438\u043a\u0438 \u0432 \u041c\u043e\u043b\u0434\u043e\u0432\u0435.\",\"publisher\":{\"@id\":\"https:\/\/xstyle.md\/#organization\"},\"alternateName\":\"X-Style\",\"potentialAction\":[{\"@type\":\"SearchAction\",\"target\":{\"@type\":\"EntryPoint\",\"urlTemplate\":\"https:\/\/xstyle.md\/?s={search_term_string}\"},\"query-input\":{\"@type\":\"PropertyValueSpecification\",\"valueRequired\":true,\"valueName\":\"search_term_string\"}}],\"inLanguage\":\"ro-RO\"},{\"@type\":\"Organization\",\"@id\":\"https:\/\/xstyle.md\/#organization\",\"name\":\"\u041c\u0430\u0433\u0430\u0437\u0438\u043d Xstyle\",\"alternateName\":\"x-style\",\"url\":\"https:\/\/xstyle.md\/\",\"logo\":{\"@type\":\"ImageObject\",\"inLanguage\":\"ro-RO\",\"@id\":\"https:\/\/xstyle.md\/#\/schema\/logo\/image\/\",\"url\":\"https:\/\/xstyle.md\/wp-content\/uploads\/2020\/06\/logoicon.svg\",\"contentUrl\":\"https:\/\/xstyle.md\/wp-content\/uploads\/2020\/06\/logoicon.svg\",\"caption\":\"\u041c\u0430\u0433\u0430\u0437\u0438\u043d Xstyle\"},\"image\":{\"@id\":\"https:\/\/xstyle.md\/#\/schema\/logo\/image\/\"},\"sameAs\":[\"https:\/\/www.facebook.com\/xstylemd\",\"https:\/\/www.instagram.com\/xstyle_md\/\",\"https:\/\/t.me\/xstyle_outdoor\"],\"hasMerchantReturnPolicy\":{\"@type\":\"MerchantReturnPolicy\",\"merchantReturnLink\":\"https:\/\/xstyle.md\/ro\/conditions\/\"}}]}<\/script>\n<meta property=\"product:price:amount\" content=\"1390.00\" \/>\n<meta property=\"product:price:currency\" content=\"MDL\" \/>\n<meta property=\"og:availability\" content=\"instock\" \/>\n<meta property=\"product:availability\" content=\"instock\" \/>\n<meta property=\"product:retailer_item_id\" content=\"8053307521183\" \/>\n<meta property=\"product:condition\" content=\"new\" \/>\n<!-- \/ Yoast SEO plugin. -->","yoast_head_json":{"title":"Pantaloni termici Accapi Ergoracing Wmn Anthracite\/Black - Magazin Xstyle","description":"Pantalonii termici Accapi Ergoracing Wmn \u00een antracit \u0219i negru sunt ideali pentru un stil de via\u021b\u0103 activ \u0219i sporturile de iarn\u0103! Compresie, c\u0103ldur\u0103 \u0219i confort \u00een fiecare detaliu.","robots":{"index":"index","follow":"follow","max-snippet":"max-snippet:-1","max-image-preview":"max-image-preview:large","max-video-preview":"max-video-preview:-1"},"canonical":"https:\/\/xstyle.md\/ro\/produs\/accapi-ergoracing-wmn-antracite-black\/","og_locale":"ro_RO","og_type":"article","og_title":"\u0422\u0435\u0440\u043c\u043e\u0448\u0442\u0430\u043d\u044b Accapi Ergoracing Wmn antracite\/black - \u041c\u0430\u0433\u0430\u0437\u0438\u043d Xstyle","og_description":"\u0422\u0435\u0440\u043c\u043e\u0448\u0442\u0430\u043d\u044b Accapi Ergoracing Wmn \u0432 \u0430\u043d\u0442\u0440\u0430\u0446\u0438\u0442\u0435 \u0438 \u0447\u0435\u0440\u043d\u043e\u043c \u2013 \u0438\u0434\u0435\u0430\u043b\u044c\u043d\u044b \u0434\u043b\u044f \u0430\u043a\u0442\u0438\u0432\u043d\u043e\u0433\u043e \u043e\u0431\u0440\u0430\u0437\u0430 \u0436\u0438\u0437\u043d\u0438 \u0438 \u0437\u0438\u043c\u043d\u0438\u0445 \u0432\u0438\u0434\u043e\u0432 \u0441\u043f\u043e\u0440\u0442\u0430! \u041a\u043e\u043c\u043f\u0440\u0435\u0441\u0441\u0438\u044f, \u0442\u0435\u043f\u043b\u043e \u0438 \u043a\u043e\u043c\u0444\u043e\u0440\u0442 \u0432 \u043a\u0430\u0436\u0434\u043e\u0439 \u0434\u0435\u0442\u0430\u043b\u0438.","og_url":"https:\/\/xstyle.md\/ro\/produs\/accapi-ergoracing-wmn-antracite-black\/","og_site_name":"\u041c\u0430\u0433\u0430\u0437\u0438\u043d Xstyle","article_publisher":"https:\/\/www.facebook.com\/xstylemd","article_modified_time":"2026-03-19T13:41:06+00:00","og_image":[{"width":1592,"height":1800,"url":"https:\/\/xstyle.md\/wp-content\/uploads\/2021\/01\/accapi-ergoracing-wmn-antraciteblack.jpg","type":"image\/jpeg"}],"twitter_card":"summary_large_image","twitter_misc":{"Pre\u021b":"1.390&nbsp;MDL","Disponibilitate":"\u00cen stoc"},"schema":{"@context":"https:\/\/schema.org","@graph":[{"@type":"WebPage","@id":"https:\/\/xstyle.md\/product\/accapi-ergoracing-wmn-antracite-black\/","url":"https:\/\/xstyle.md\/product\/accapi-ergoracing-wmn-antracite-black\/","name":"Pantaloni termici Accapi Ergoracing Wmn Anthracite\/Black - Magazin Xstyle","isPartOf":{"@id":"https:\/\/xstyle.md\/#website"},"primaryImageOfPage":{"@id":"https:\/\/xstyle.md\/product\/accapi-ergoracing-wmn-antracite-black\/#primaryimage"},"image":{"@id":"https:\/\/xstyle.md\/product\/accapi-ergoracing-wmn-antracite-black\/#primaryimage"},"thumbnailUrl":"https:\/\/xstyle.md\/wp-content\/uploads\/2021\/01\/accapi-ergoracing-wmn-antraciteblack.jpg","datePublished":"2021-01-11T13:24:13+00:00","dateModified":"2026-03-19T13:41:06+00:00","description":"Pantalonii termici Accapi Ergoracing Wmn \u00een antracit \u0219i negru sunt ideali pentru un stil de via\u021b\u0103 activ \u0219i sporturile de iarn\u0103! Compresie, c\u0103ldur\u0103 \u0219i confort \u00een fiecare detaliu.","breadcrumb":{"@id":"https:\/\/xstyle.md\/product\/accapi-ergoracing-wmn-antracite-black\/#breadcrumb"},"inLanguage":"ro-RO","potentialAction":[{"@type":"ReadAction","target":["https:\/\/xstyle.md\/product\/accapi-ergoracing-wmn-antracite-black\/"]}]},{"@type":"ImageObject","inLanguage":"ro-RO","@id":"https:\/\/xstyle.md\/product\/accapi-ergoracing-wmn-antracite-black\/#primaryimage","url":"https:\/\/xstyle.md\/wp-content\/uploads\/2021\/01\/accapi-ergoracing-wmn-antraciteblack.jpg","contentUrl":"https:\/\/xstyle.md\/wp-content\/uploads\/2021\/01\/accapi-ergoracing-wmn-antraciteblack.jpg","width":1592,"height":1800,"caption":"\u0422\u0435\u0440\u043c\u043e\u0448\u0442\u0430\u043d\u044b Accapi Ergoracing Wmn \u0430\u043d\u0442\u0440\u0430\u0446\u0438\u0442-\u0447\u0435\u0440\u043d\u044b\u0435 \u0434\u043b\u044f \u0430\u043a\u0442\u0438\u0432\u043d\u043e\u0433\u043e \u043e\u0442\u0434\u044b\u0445\u0430, \u043f\u043e\u0445\u043e\u0434\u043e\u0432, \u043f\u0443\u0442\u0435\u0448\u0435\u0441\u0442\u0432\u0438\u0439, \u0441\u043f\u043e\u0440\u0442\u0438\u0432\u043d\u043e\u0439 \u043e\u0434\u0435\u0436\u0434\u044b \u0438 \u043e\u0431\u0443\u0432\u0438 \u0434\u043b\u044f \u0442\u0443\u0440\u0438\u0437\u043c\u0430 \u0438 \u0430\u043b\u044c\u043f\u0438\u043d\u0438\u0437\u043c\u0430"},{"@type":"BreadcrumbList","@id":"https:\/\/xstyle.md\/product\/accapi-ergoracing-wmn-antracite-black\/#breadcrumb","itemListElement":[{"@type":"ListItem","position":1,"name":"\u0413\u043b\u0430\u0432\u043d\u0430\u044f \u0441\u0442\u0440\u0430\u043d\u0438\u0446\u0430","item":"https:\/\/xstyle.md\/"},{"@type":"ListItem","position":2,"name":"\u041c\u0430\u0433\u0430\u0437\u0438\u043d","item":"https:\/\/xstyle.md\/shop\/"},{"@type":"ListItem","position":3,"name":"\u0422\u0435\u0440\u043c\u043e\u0448\u0442\u0430\u043d\u044b Accapi Ergoracing Wmn antracite\/black"}]},{"@type":"WebSite","@id":"https:\/\/xstyle.md\/#website","url":"https:\/\/xstyle.md\/","name":"Magazinul X-Style","description":"Echipamente pentru turism \u0219i sporturi extreme \u00een Moldova. Pre\u021buri, fotografii, caracteristici \u00een Moldova.","publisher":{"@id":"https:\/\/xstyle.md\/#organization"},"alternateName":"X-Style","potentialAction":[{"@type":"SearchAction","target":{"@type":"EntryPoint","urlTemplate":"https:\/\/xstyle.md\/?s={search_term_string}"},"query-input":{"@type":"PropertyValueSpecification","valueRequired":true,"valueName":"search_term_string"}}],"inLanguage":"ro-RO"},{"@type":"Organization","@id":"https:\/\/xstyle.md\/#organization","name":"Magazinul X-Style","alternateName":"x-style","url":"https:\/\/xstyle.md\/","logo":{"@type":"ImageObject","inLanguage":"ro-RO","@id":"https:\/\/xstyle.md\/#\/schema\/logo\/image\/","url":"https:\/\/xstyle.md\/wp-content\/uploads\/2020\/06\/logoicon.svg","contentUrl":"https:\/\/xstyle.md\/wp-content\/uploads\/2020\/06\/logoicon.svg","caption":"\u041c\u0430\u0433\u0430\u0437\u0438\u043d Xstyle"},"image":{"@id":"https:\/\/xstyle.md\/#\/schema\/logo\/image\/"},"sameAs":["https:\/\/www.facebook.com\/xstylemd","https:\/\/www.instagram.com\/xstyle_md\/","https:\/\/t.me\/xstyle_outdoor"],"hasMerchantReturnPolicy":{"@type":"MerchantReturnPolicy","merchantReturnLink":"https:\/\/xstyle.md\/ro\/conditions\/"}}]},"product_price_amount":"1390.00","product_price_currency":"MDL","og_availability":"instock","product_availability":"instock","product_retailer_item_id":"8053307521183","product_condition":"new"},"post_mailing_queue_ids":[],"_links":{"self":[{"href":"https:\/\/xstyle.md\/ro\/wp-json\/wp\/v2\/product\/27395","targetHints":{"allow":["GET"]}}],"collection":[{"href":"https:\/\/xstyle.md\/ro\/wp-json\/wp\/v2\/product"}],"about":[{"href":"https:\/\/xstyle.md\/ro\/wp-json\/wp\/v2\/types\/product"}],"replies":[{"embeddable":true,"href":"https:\/\/xstyle.md\/ro\/wp-json\/wp\/v2\/comments?post=27395"}],"wp:featuredmedia":[{"embeddable":true,"href":"https:\/\/xstyle.md\/ro\/wp-json\/wp\/v2\/media\/53910"}],"wp:attachment":[{"href":"https:\/\/xstyle.md\/ro\/wp-json\/wp\/v2\/media?parent=27395"}],"wp:term":[{"taxonomy":"product_brand","embeddable":true,"href":"https:\/\/xstyle.md\/ro\/wp-json\/wp\/v2\/product_brand?post=27395"},{"taxonomy":"product_cat","embeddable":true,"href":"https:\/\/xstyle.md\/ro\/wp-json\/wp\/v2\/product_cat?post=27395"},{"taxonomy":"product_tag","embeddable":true,"href":"https:\/\/xstyle.md\/ro\/wp-json\/wp\/v2\/product_tag?post=27395"}],"curies":[{"name":"wp","href":"https:\/\/api.w.org\/{rel}","templated":true}]}}