{"id":27394,"date":"2021-01-11T16:24:13","date_gmt":"2021-01-11T13:24:13","guid":{"rendered":"https:\/\/xstyle.md\/product\/komplekt-jemalirovannyh-tarelok-petromax-enamel-plates\/"},"modified":"2025-10-24T12:59:59","modified_gmt":"2025-10-24T09:59:59","slug":"komplekt-jemalirovannyh-tarelok-petromax-enamel-plates","status":"publish","type":"product","link":"https:\/\/xstyle.md\/ro\/produs\/komplekt-jemalirovannyh-tarelok-petromax-enamel-plates\/","title":{"rendered":"Set de farfurii de email Petromax Enamel Plates"},"content":{"rendered":"<\/p>\n<p><strong>Petromax Enamel Plates<\/strong> &#8212; farfurii compacte, stabile \u0219i spa\u021bioase, cu o form\u0103 optim\u0103 pentru a m\u00e2nca \u00een aer liber, potrivite pentru mese reci \u0219i calde. Fabricate din o\u021bel durabil cu un strat care face ca vasele de g\u0103tit Petromax s\u0103 fie rezistente la foc \u0219i u\u0219or de cur\u0103\u021bat. Nu numai c\u0103 este rezistent\u0103 la c\u0103ldur\u0103, dar este \u0219i c\u00e2t se poate de u\u0219oar\u0103 (pentru vasele de g\u0103tit din o\u021bel) \u0219i rezistent\u0103 la zg\u00e2rieturi. U\u0219or de cur\u0103\u021bat, confortabil\u0103 \u0219i elegant\u0103.<\/p>\n<p>Funinginea focului de tab\u0103r\u0103, zg\u00e2rieturile care vor ap\u0103rea numai dup\u0103 ani de utilizare, vor spune povestea aventurilor dumneavoastr\u0103.<\/p>\n<h3>Caracteristici<\/h3>\n<ul>\n<li>Material &#8212; o\u021bel emailat<\/li>\n<li>Cantitate &#8212; 2 buc\u0103\u021bi<\/li>\n<li>Greutatea unei pl\u0103ci &#8212; 229 g.<\/li>\n<\/ul>\n<h3>Marca<\/h3>\n<p>Petromax &#8212; cel mai important produc\u0103tor german de echipamente de g\u0103tit \u0219i echipamente de locuit \u00een aer liber, iar gama sa coordonat\u0103 de produse combin\u0103 \u00een mod unic tradi\u021bia \u0219i inova\u021bia. Toate produsele Petromax se caracterizeaz\u0103 prin cea mai \u00eenalt\u0103 calitate, durabilitate, detalii atent g\u00e2ndite \u0219i sunt concepute pentru to\u021bi cei care caut\u0103 o compensa\u021bie pentru rutina lor \u00een aer liber \u0219i, prin urmare, campeaz\u0103 \u00een aer liber. Lumea produselor Petromax se concentreaz\u0103 pe explorarea naturii neatinse folosind echipamente tradi\u021bionale, dar bine concepute.<\/p>\n<p><\/p>","protected":false},"excerpt":{"rendered":"<p>Set de farfurii de email Petromax Enamel Plates<\/p>","protected":false},"featured_media":29425,"comment_status":"open","ping_status":"closed","template":"","meta":{"_acf_changed":false,"inline_featured_image":false},"product_brand":[1420],"product_cat":[915,911,151],"product_tag":[],"class_list":{"0":"post-27394","1":"product","2":"type-product","3":"status-publish","4":"has-post-thumbnail","6":"product_brand-petromax","7":"product_cat-accesorii-gratar","8":"product_cat-accesorii-dutch-oven","9":"product_cat-bowls-and-mugs","11":"first","12":"instock","13":"shipping-taxable","14":"purchasable","15":"product-type-simple"},"acf":[],"yoast_head":"<!-- This site is optimized with the Yoast SEO plugin v27.4 - https:\/\/yoast.com\/product\/yoast-seo-wordpress\/ -->\n<title>\u041a\u043e\u043c\u043f\u043b\u0435\u043a\u0442 \u044d\u043c\u0430\u043b\u0438\u0440\u043e\u0432\u0430\u043d\u043d\u044b\u0445 \u0442\u0430\u0440\u0435\u043b\u043e\u043a Petromax Enamel Plates - \u041c\u0430\u0433\u0430\u0437\u0438\u043d Xstyle<\/title>\n<meta name=\"description\" content=\"\u041a\u043e\u043c\u043f\u043b\u0435\u043a\u0442 \u044d\u043c\u0430\u043b\u0438\u0440\u043e\u0432\u0430\u043d\u043d\u044b\u0445 \u0442\u0430\u0440\u0435\u043b\u043e\u043a Petromax - \u0438\u0434\u0435\u0430\u043b\u044c\u043d\u044b\u0435 \u0434\u043b\u044f \u043f\u0438\u043a\u043d\u0438\u043a\u0430. \u0423\u0434\u043e\u0431\u043d\u044b\u0435, \u043b\u0435\u0433\u043a\u0438\u0435, \u0443\u0441\u0442\u043e\u0439\u0447\u0438\u0432\u044b\u0435 \u043a \u0436\u0430\u0440\u0443. \u041b\u0435\u0433\u043a\u043e \u0447\u0438\u0441\u0442\u044f\u0442\u0441\u044f \u0438 \u043f\u043e\u0434\u0445\u043e\u0434\u044f\u0442 \u0434\u043b\u044f \u0433\u043e\u0440\u044f\u0447\u0438\u0445 \u0438 \u0445\u043e\u043b\u043e\u0434\u043d\u044b\u0445 \u0431\u043b\u044e\u0434.\" \/>\n<meta name=\"robots\" content=\"index, follow, max-snippet:-1, max-image-preview:large, max-video-preview:-1\" \/>\n<link rel=\"canonical\" href=\"https:\/\/xstyle.md\/ro\/produs\/komplekt-jemalirovannyh-tarelok-petromax-enamel-plates\/\" \/>\n<meta property=\"og:locale\" content=\"ro_RO\" \/>\n<meta property=\"og:type\" content=\"article\" \/>\n<meta property=\"og:title\" content=\"\u041a\u043e\u043c\u043f\u043b\u0435\u043a\u0442 \u044d\u043c\u0430\u043b\u0438\u0440\u043e\u0432\u0430\u043d\u043d\u044b\u0445 \u0442\u0430\u0440\u0435\u043b\u043e\u043a Petromax Enamel Plates - \u041c\u0430\u0433\u0430\u0437\u0438\u043d Xstyle\" \/>\n<meta property=\"og:description\" content=\"\u041a\u043e\u043c\u043f\u043b\u0435\u043a\u0442 \u044d\u043c\u0430\u043b\u0438\u0440\u043e\u0432\u0430\u043d\u043d\u044b\u0445 \u0442\u0430\u0440\u0435\u043b\u043e\u043a Petromax - \u0438\u0434\u0435\u0430\u043b\u044c\u043d\u044b\u0435 \u0434\u043b\u044f \u043f\u0438\u043a\u043d\u0438\u043a\u0430. \u0423\u0434\u043e\u0431\u043d\u044b\u0435, \u043b\u0435\u0433\u043a\u0438\u0435, \u0443\u0441\u0442\u043e\u0439\u0447\u0438\u0432\u044b\u0435 \u043a \u0436\u0430\u0440\u0443. \u041b\u0435\u0433\u043a\u043e \u0447\u0438\u0441\u0442\u044f\u0442\u0441\u044f \u0438 \u043f\u043e\u0434\u0445\u043e\u0434\u044f\u0442 \u0434\u043b\u044f \u0433\u043e\u0440\u044f\u0447\u0438\u0445 \u0438 \u0445\u043e\u043b\u043e\u0434\u043d\u044b\u0445 \u0431\u043b\u044e\u0434.\" \/>\n<meta property=\"og:url\" content=\"https:\/\/xstyle.md\/ro\/produs\/komplekt-jemalirovannyh-tarelok-petromax-enamel-plates\/\" \/>\n<meta property=\"og:site_name\" content=\"\u041c\u0430\u0433\u0430\u0437\u0438\u043d Xstyle\" \/>\n<meta property=\"article:publisher\" content=\"https:\/\/www.facebook.com\/xstylemd\" \/>\n<meta property=\"article:modified_time\" content=\"2025-10-24T09:59:59+00:00\" \/>\n<meta property=\"og:image\" content=\"https:\/\/xstyle.md\/wp-content\/uploads\/2021\/04\/emaille-teller-beide.jpg\" \/>\n\t<meta property=\"og:image:width\" content=\"602\" \/>\n\t<meta property=\"og:image:height\" content=\"401\" \/>\n\t<meta property=\"og:image:type\" content=\"image\/jpeg\" \/>\n<meta name=\"twitter:card\" content=\"summary_large_image\" \/>\n<meta name=\"twitter:label1\" content=\"Pre\u021b\" \/>\n\t<meta name=\"twitter:data1\" content=\"540&nbsp;MDL\" \/>\n\t<meta name=\"twitter:label2\" content=\"Disponibilitate\" \/>\n\t<meta name=\"twitter:data2\" content=\"\u00cen stoc\" \/>\n<script type=\"application\/ld+json\" class=\"yoast-schema-graph\">{\"@context\":\"https:\\\/\\\/schema.org\",\"@graph\":[{\"@type\":\"WebPage\",\"@id\":\"https:\\\/\\\/xstyle.md\\\/product\\\/komplekt-jemalirovannyh-tarelok-petromax-enamel-plates\\\/\",\"url\":\"https:\\\/\\\/xstyle.md\\\/product\\\/komplekt-jemalirovannyh-tarelok-petromax-enamel-plates\\\/\",\"name\":\"\u041a\u043e\u043c\u043f\u043b\u0435\u043a\u0442 \u044d\u043c\u0430\u043b\u0438\u0440\u043e\u0432\u0430\u043d\u043d\u044b\u0445 \u0442\u0430\u0440\u0435\u043b\u043e\u043a Petromax Enamel Plates - \u041c\u0430\u0433\u0430\u0437\u0438\u043d Xstyle\",\"isPartOf\":{\"@id\":\"https:\\\/\\\/xstyle.md\\\/#website\"},\"primaryImageOfPage\":{\"@id\":\"https:\\\/\\\/xstyle.md\\\/product\\\/komplekt-jemalirovannyh-tarelok-petromax-enamel-plates\\\/#primaryimage\"},\"image\":{\"@id\":\"https:\\\/\\\/xstyle.md\\\/product\\\/komplekt-jemalirovannyh-tarelok-petromax-enamel-plates\\\/#primaryimage\"},\"thumbnailUrl\":\"https:\\\/\\\/xstyle.md\\\/wp-content\\\/uploads\\\/2021\\\/04\\\/emaille-teller-beide.jpg\",\"datePublished\":\"2021-01-11T13:24:13+00:00\",\"dateModified\":\"2025-10-24T09:59:59+00:00\",\"description\":\"\u041a\u043e\u043c\u043f\u043b\u0435\u043a\u0442 \u044d\u043c\u0430\u043b\u0438\u0440\u043e\u0432\u0430\u043d\u043d\u044b\u0445 \u0442\u0430\u0440\u0435\u043b\u043e\u043a Petromax - \u0438\u0434\u0435\u0430\u043b\u044c\u043d\u044b\u0435 \u0434\u043b\u044f \u043f\u0438\u043a\u043d\u0438\u043a\u0430. \u0423\u0434\u043e\u0431\u043d\u044b\u0435, \u043b\u0435\u0433\u043a\u0438\u0435, \u0443\u0441\u0442\u043e\u0439\u0447\u0438\u0432\u044b\u0435 \u043a \u0436\u0430\u0440\u0443. \u041b\u0435\u0433\u043a\u043e \u0447\u0438\u0441\u0442\u044f\u0442\u0441\u044f \u0438 \u043f\u043e\u0434\u0445\u043e\u0434\u044f\u0442 \u0434\u043b\u044f \u0433\u043e\u0440\u044f\u0447\u0438\u0445 \u0438 \u0445\u043e\u043b\u043e\u0434\u043d\u044b\u0445 \u0431\u043b\u044e\u0434.\",\"breadcrumb\":{\"@id\":\"https:\\\/\\\/xstyle.md\\\/product\\\/komplekt-jemalirovannyh-tarelok-petromax-enamel-plates\\\/#breadcrumb\"},\"inLanguage\":\"ro-RO\",\"potentialAction\":[{\"@type\":\"ReadAction\",\"target\":[\"https:\\\/\\\/xstyle.md\\\/product\\\/komplekt-jemalirovannyh-tarelok-petromax-enamel-plates\\\/\"]}]},{\"@type\":\"ImageObject\",\"inLanguage\":\"ro-RO\",\"@id\":\"https:\\\/\\\/xstyle.md\\\/product\\\/komplekt-jemalirovannyh-tarelok-petromax-enamel-plates\\\/#primaryimage\",\"url\":\"https:\\\/\\\/xstyle.md\\\/wp-content\\\/uploads\\\/2021\\\/04\\\/emaille-teller-beide.jpg\",\"contentUrl\":\"https:\\\/\\\/xstyle.md\\\/wp-content\\\/uploads\\\/2021\\\/04\\\/emaille-teller-beide.jpg\",\"width\":602,\"height\":401},{\"@type\":\"BreadcrumbList\",\"@id\":\"https:\\\/\\\/xstyle.md\\\/product\\\/komplekt-jemalirovannyh-tarelok-petromax-enamel-plates\\\/#breadcrumb\",\"itemListElement\":[{\"@type\":\"ListItem\",\"position\":1,\"name\":\"\u0413\u043b\u0430\u0432\u043d\u0430\u044f \u0441\u0442\u0440\u0430\u043d\u0438\u0446\u0430\",\"item\":\"https:\\\/\\\/xstyle.md\\\/\"},{\"@type\":\"ListItem\",\"position\":2,\"name\":\"\u041c\u0430\u0433\u0430\u0437\u0438\u043d\",\"item\":\"https:\\\/\\\/xstyle.md\\\/shop\\\/\"},{\"@type\":\"ListItem\",\"position\":3,\"name\":\"\u041a\u043e\u043c\u043f\u043b\u0435\u043a\u0442 \u044d\u043c\u0430\u043b\u0438\u0440\u043e\u0432\u0430\u043d\u043d\u044b\u0445 \u0442\u0430\u0440\u0435\u043b\u043e\u043a Petromax Enamel Plates\"}]},{\"@type\":\"WebSite\",\"@id\":\"https:\\\/\\\/xstyle.md\\\/#website\",\"url\":\"https:\\\/\\\/xstyle.md\\\/\",\"name\":\"\u041c\u0430\u0433\u0430\u0437\u0438\u043d Xstyle\",\"description\":\"C\u043d\u0430\u0440\u044f\u0436\u0435\u043d\u0438\u0435 \u0434\u043b\u044f \u0442\u0443\u0440\u0438\u0437\u043c\u0430 \u0438 \u044d\u043a\u0441\u0442\u0440\u0435\u043c\u0430\u043b\u044c\u043d\u044b\u0445 \u0432\u0438\u0434\u043e\u0432 \u0441\u043f\u043e\u0440\u0442\u0430 \u0432 \u041c\u043e\u043b\u0434\u043e\u0432\u0435.. \u0426\u0435\u043d\u044b, \u0444\u043e\u0442\u043e, \u0445\u0430\u0440\u0430\u043a\u0442\u0435\u0440\u0438\u0441\u0442\u0438\u043a\u0438 \u0432 \u041c\u043e\u043b\u0434\u043e\u0432\u0435.\",\"publisher\":{\"@id\":\"https:\\\/\\\/xstyle.md\\\/#organization\"},\"alternateName\":\"X-Style\",\"potentialAction\":[{\"@type\":\"SearchAction\",\"target\":{\"@type\":\"EntryPoint\",\"urlTemplate\":\"https:\\\/\\\/xstyle.md\\\/?s={search_term_string}\"},\"query-input\":{\"@type\":\"PropertyValueSpecification\",\"valueRequired\":true,\"valueName\":\"search_term_string\"}}],\"inLanguage\":\"ro-RO\"},{\"@type\":\"Organization\",\"@id\":\"https:\\\/\\\/xstyle.md\\\/#organization\",\"name\":\"\u041c\u0430\u0433\u0430\u0437\u0438\u043d Xstyle\",\"alternateName\":\"x-style\",\"url\":\"https:\\\/\\\/xstyle.md\\\/\",\"logo\":{\"@type\":\"ImageObject\",\"inLanguage\":\"ro-RO\",\"@id\":\"https:\\\/\\\/xstyle.md\\\/#\\\/schema\\\/logo\\\/image\\\/\",\"url\":\"https:\\\/\\\/xstyle.md\\\/wp-content\\\/uploads\\\/2020\\\/06\\\/logoicon.svg\",\"contentUrl\":\"https:\\\/\\\/xstyle.md\\\/wp-content\\\/uploads\\\/2020\\\/06\\\/logoicon.svg\",\"caption\":\"\u041c\u0430\u0433\u0430\u0437\u0438\u043d Xstyle\"},\"image\":{\"@id\":\"https:\\\/\\\/xstyle.md\\\/#\\\/schema\\\/logo\\\/image\\\/\"},\"sameAs\":[\"https:\\\/\\\/www.facebook.com\\\/xstylemd\",\"https:\\\/\\\/www.instagram.com\\\/xstyle_md\\\/\",\"https:\\\/\\\/t.me\\\/xstyle_outdoor\"],\"hasMerchantReturnPolicy\":{\"@type\":\"MerchantReturnPolicy\",\"merchantReturnLink\":\"https:\\\/\\\/xstyle.md\\\/ro\\\/conditions\\\/\"}}]}<\/script>\n<meta property=\"product:price:amount\" content=\"540.00\" \/>\n<meta property=\"product:price:currency\" content=\"MDL\" \/>\n<meta property=\"og:availability\" content=\"instock\" \/>\n<meta property=\"product:availability\" content=\"instock\" \/>\n<meta property=\"product:retailer_item_id\" content=\"4250435730645\" \/>\n<meta property=\"product:condition\" content=\"new\" \/>\n<!-- \/ Yoast SEO plugin. -->","yoast_head_json":{"title":"Set de farfurii de email Petromax Enamel Plates - Magazin Xstyle","description":"Setul de farfurii emailate Petromax - ideale pentru picnic. Convenabile, u\u0219oare, rezistente la c\u0103ldur\u0103. Se cur\u0103\u021b\u0103 u\u0219or \u0219i sunt potrivite pentru preparate calde \u0219i reci.","robots":{"index":"index","follow":"follow","max-snippet":"max-snippet:-1","max-image-preview":"max-image-preview:large","max-video-preview":"max-video-preview:-1"},"canonical":"https:\/\/xstyle.md\/ro\/produs\/komplekt-jemalirovannyh-tarelok-petromax-enamel-plates\/","og_locale":"ro_RO","og_type":"article","og_title":"\u041a\u043e\u043c\u043f\u043b\u0435\u043a\u0442 \u044d\u043c\u0430\u043b\u0438\u0440\u043e\u0432\u0430\u043d\u043d\u044b\u0445 \u0442\u0430\u0440\u0435\u043b\u043e\u043a Petromax Enamel Plates - \u041c\u0430\u0433\u0430\u0437\u0438\u043d Xstyle","og_description":"\u041a\u043e\u043c\u043f\u043b\u0435\u043a\u0442 \u044d\u043c\u0430\u043b\u0438\u0440\u043e\u0432\u0430\u043d\u043d\u044b\u0445 \u0442\u0430\u0440\u0435\u043b\u043e\u043a Petromax - \u0438\u0434\u0435\u0430\u043b\u044c\u043d\u044b\u0435 \u0434\u043b\u044f \u043f\u0438\u043a\u043d\u0438\u043a\u0430. \u0423\u0434\u043e\u0431\u043d\u044b\u0435, \u043b\u0435\u0433\u043a\u0438\u0435, \u0443\u0441\u0442\u043e\u0439\u0447\u0438\u0432\u044b\u0435 \u043a \u0436\u0430\u0440\u0443. \u041b\u0435\u0433\u043a\u043e \u0447\u0438\u0441\u0442\u044f\u0442\u0441\u044f \u0438 \u043f\u043e\u0434\u0445\u043e\u0434\u044f\u0442 \u0434\u043b\u044f \u0433\u043e\u0440\u044f\u0447\u0438\u0445 \u0438 \u0445\u043e\u043b\u043e\u0434\u043d\u044b\u0445 \u0431\u043b\u044e\u0434.","og_url":"https:\/\/xstyle.md\/ro\/produs\/komplekt-jemalirovannyh-tarelok-petromax-enamel-plates\/","og_site_name":"\u041c\u0430\u0433\u0430\u0437\u0438\u043d Xstyle","article_publisher":"https:\/\/www.facebook.com\/xstylemd","article_modified_time":"2025-10-24T09:59:59+00:00","og_image":[{"width":602,"height":401,"url":"https:\/\/xstyle.md\/wp-content\/uploads\/2021\/04\/emaille-teller-beide.jpg","type":"image\/jpeg"}],"twitter_card":"summary_large_image","twitter_misc":{"Pre\u021b":"540&nbsp;MDL","Disponibilitate":"\u00cen stoc"},"schema":{"@context":"https:\/\/schema.org","@graph":[{"@type":"WebPage","@id":"https:\/\/xstyle.md\/product\/komplekt-jemalirovannyh-tarelok-petromax-enamel-plates\/","url":"https:\/\/xstyle.md\/product\/komplekt-jemalirovannyh-tarelok-petromax-enamel-plates\/","name":"Set de farfurii de email Petromax Enamel Plates - Magazin Xstyle","isPartOf":{"@id":"https:\/\/xstyle.md\/#website"},"primaryImageOfPage":{"@id":"https:\/\/xstyle.md\/product\/komplekt-jemalirovannyh-tarelok-petromax-enamel-plates\/#primaryimage"},"image":{"@id":"https:\/\/xstyle.md\/product\/komplekt-jemalirovannyh-tarelok-petromax-enamel-plates\/#primaryimage"},"thumbnailUrl":"https:\/\/xstyle.md\/wp-content\/uploads\/2021\/04\/emaille-teller-beide.jpg","datePublished":"2021-01-11T13:24:13+00:00","dateModified":"2025-10-24T09:59:59+00:00","description":"Setul de farfurii emailate Petromax - ideale pentru picnic. Convenabile, u\u0219oare, rezistente la c\u0103ldur\u0103. Se cur\u0103\u021b\u0103 u\u0219or \u0219i sunt potrivite pentru preparate calde \u0219i reci.","breadcrumb":{"@id":"https:\/\/xstyle.md\/product\/komplekt-jemalirovannyh-tarelok-petromax-enamel-plates\/#breadcrumb"},"inLanguage":"ro-RO","potentialAction":[{"@type":"ReadAction","target":["https:\/\/xstyle.md\/product\/komplekt-jemalirovannyh-tarelok-petromax-enamel-plates\/"]}]},{"@type":"ImageObject","inLanguage":"ro-RO","@id":"https:\/\/xstyle.md\/product\/komplekt-jemalirovannyh-tarelok-petromax-enamel-plates\/#primaryimage","url":"https:\/\/xstyle.md\/wp-content\/uploads\/2021\/04\/emaille-teller-beide.jpg","contentUrl":"https:\/\/xstyle.md\/wp-content\/uploads\/2021\/04\/emaille-teller-beide.jpg","width":602,"height":401},{"@type":"BreadcrumbList","@id":"https:\/\/xstyle.md\/product\/komplekt-jemalirovannyh-tarelok-petromax-enamel-plates\/#breadcrumb","itemListElement":[{"@type":"ListItem","position":1,"name":"\u0413\u043b\u0430\u0432\u043d\u0430\u044f \u0441\u0442\u0440\u0430\u043d\u0438\u0446\u0430","item":"https:\/\/xstyle.md\/"},{"@type":"ListItem","position":2,"name":"\u041c\u0430\u0433\u0430\u0437\u0438\u043d","item":"https:\/\/xstyle.md\/shop\/"},{"@type":"ListItem","position":3,"name":"\u041a\u043e\u043c\u043f\u043b\u0435\u043a\u0442 \u044d\u043c\u0430\u043b\u0438\u0440\u043e\u0432\u0430\u043d\u043d\u044b\u0445 \u0442\u0430\u0440\u0435\u043b\u043e\u043a Petromax Enamel Plates"}]},{"@type":"WebSite","@id":"https:\/\/xstyle.md\/#website","url":"https:\/\/xstyle.md\/","name":"Magazinul X-Style","description":"Echipamente pentru turism \u0219i sporturi extreme \u00een Moldova. Pre\u021buri, fotografii, caracteristici \u00een Moldova.","publisher":{"@id":"https:\/\/xstyle.md\/#organization"},"alternateName":"X-Style","potentialAction":[{"@type":"SearchAction","target":{"@type":"EntryPoint","urlTemplate":"https:\/\/xstyle.md\/?s={search_term_string}"},"query-input":{"@type":"PropertyValueSpecification","valueRequired":true,"valueName":"search_term_string"}}],"inLanguage":"ro-RO"},{"@type":"Organization","@id":"https:\/\/xstyle.md\/#organization","name":"Magazinul X-Style","alternateName":"x-style","url":"https:\/\/xstyle.md\/","logo":{"@type":"ImageObject","inLanguage":"ro-RO","@id":"https:\/\/xstyle.md\/#\/schema\/logo\/image\/","url":"https:\/\/xstyle.md\/wp-content\/uploads\/2020\/06\/logoicon.svg","contentUrl":"https:\/\/xstyle.md\/wp-content\/uploads\/2020\/06\/logoicon.svg","caption":"\u041c\u0430\u0433\u0430\u0437\u0438\u043d Xstyle"},"image":{"@id":"https:\/\/xstyle.md\/#\/schema\/logo\/image\/"},"sameAs":["https:\/\/www.facebook.com\/xstylemd","https:\/\/www.instagram.com\/xstyle_md\/","https:\/\/t.me\/xstyle_outdoor"],"hasMerchantReturnPolicy":{"@type":"MerchantReturnPolicy","merchantReturnLink":"https:\/\/xstyle.md\/ro\/conditions\/"}}]},"product_price_amount":"540.00","product_price_currency":"MDL","og_availability":"instock","product_availability":"instock","product_retailer_item_id":"4250435730645","product_condition":"new"},"_links":{"self":[{"href":"https:\/\/xstyle.md\/ro\/wp-json\/wp\/v2\/product\/27394","targetHints":{"allow":["GET"]}}],"collection":[{"href":"https:\/\/xstyle.md\/ro\/wp-json\/wp\/v2\/product"}],"about":[{"href":"https:\/\/xstyle.md\/ro\/wp-json\/wp\/v2\/types\/product"}],"replies":[{"embeddable":true,"href":"https:\/\/xstyle.md\/ro\/wp-json\/wp\/v2\/comments?post=27394"}],"wp:featuredmedia":[{"embeddable":true,"href":"https:\/\/xstyle.md\/ro\/wp-json\/wp\/v2\/media\/29425"}],"wp:attachment":[{"href":"https:\/\/xstyle.md\/ro\/wp-json\/wp\/v2\/media?parent=27394"}],"wp:term":[{"taxonomy":"product_brand","embeddable":true,"href":"https:\/\/xstyle.md\/ro\/wp-json\/wp\/v2\/product_brand?post=27394"},{"taxonomy":"product_cat","embeddable":true,"href":"https:\/\/xstyle.md\/ro\/wp-json\/wp\/v2\/product_cat?post=27394"},{"taxonomy":"product_tag","embeddable":true,"href":"https:\/\/xstyle.md\/ro\/wp-json\/wp\/v2\/product_tag?post=27394"}],"curies":[{"name":"wp","href":"https:\/\/api.w.org\/{rel}","templated":true}]}}