{"id":27392,"date":"2021-01-11T16:24:09","date_gmt":"2021-01-11T13:24:09","guid":{"rendered":"https:\/\/xstyle.md\/product\/perchatki-petromax-aramid-pro-300\/"},"modified":"2024-10-21T09:42:00","modified_gmt":"2024-10-21T06:42:00","slug":"perchatki-petromax-aramid-pro-300","status":"publish","type":"product","link":"https:\/\/xstyle.md\/ro\/produs\/perchatki-petromax-aramid-pro-300\/","title":{"rendered":"M\u0103nu\u0219ile Petromax Aramid Pro 300"},"content":{"rendered":"<\/p>\n<p>M\u0103nu\u0219ile de la Petromax din piele rezistent\u0103 cu fir de aramid ignifug &nbsp;ofer\u0103 protec\u021bie de n\u0103dejde la temperaturi de p&acirc;n\u0103 la 250 &deg; C (482 &deg; F). Acestea pot fi folosite &icirc;n procesul de aprindere a unui foc, &icirc;ncinderea unui gr\u0103tar, \u0219emineu sau pentru a controla focul deschis.<\/p>\n<p>Man\u0219eta extins\u0103 protejeaz\u0103 antebra\u021bul de sc&acirc;ntei \u0219i fl\u0103c\u0103ri.<\/p>\n<p>Suprafa\u021ba aspr\u0103 ofer\u0103 o aderen\u021b\u0103 care minimizeaz\u0103 riscul de a sc\u0103pa un obiect fierbinte.<\/p>\n<p>Rezisten\u021b\u0103 crescut\u0103 la uzur\u0103.<\/p>\n<div>\n<p>M\u0103rime unic\u0103. Materiale: fire de aramid\u0103 + piele.<\/p>\n<p>Dimensiuni: 14 x 35 x 4 cm (L x H x l).<\/p>\n<\/div>\n<div>\n<div>\n<p>Petromax (Germania)&ndash; este cel mai vechi \u0219i cel mai celebru produc\u0103tor de l\u0103mpi cu kerosen de &icirc;nalt\u0103 presiune, gr\u0103tare, echipamente de g\u0103tit &icirc;n aer liber. Varietatea larg\u0103 de accesorii pentru &icirc;ntre\u021binerea \u0219i aprinderea focului este destinat\u0103 persoanelor care iubesc aventura \u0219i prefer\u0103 mesele preg\u0103tite &icirc;n natur\u0103. Gama include gr\u0103tare, vesel\u0103 \u0219i chiar o carte de bucate pentru o cin\u0103 delicioas\u0103 &icirc;n camping sau la \u021bar\u0103. De peste 100 de ani, numele &bdquo;Petromax&rdquo; a fost asociat cu o fiabilitate excep\u021bional\u0103 \u0219i o calitate german\u0103 autentic\u0103.<\/p>\n<\/div>\n<\/div>\n<p><\/p>","protected":false},"excerpt":{"rendered":"<p>M\u0103nu\u0219ile Petromax Aramid Pro 300<\/p>","protected":false},"featured_media":29419,"comment_status":"open","ping_status":"closed","template":"","meta":{"_acf_changed":false,"inline_featured_image":false},"product_brand":[1420],"product_cat":[911],"product_tag":[],"class_list":{"0":"post-27392","1":"product","2":"type-product","3":"status-publish","4":"has-post-thumbnail","6":"product_brand-petromax","7":"product_cat-accesorii-dutch-oven","9":"first","10":"instock","11":"shipping-taxable","12":"purchasable","13":"product-type-simple"},"acf":[],"yoast_head":"<!-- This site is optimized with the Yoast SEO plugin v27.2 - https:\/\/yoast.com\/product\/yoast-seo-wordpress\/ -->\n<title>\u041f\u0435\u0440\u0447\u0430\u0442\u043a\u0438 Petromax Aramid Pro 300 - \u041c\u0430\u0433\u0430\u0437\u0438\u043d Xstyle<\/title>\n<meta name=\"description\" content=\"\u041f\u0435\u0440\u0447\u0430\u0442\u043a\u0438 Petromax Aramid Pro 300 \u043e\u0431\u0435\u0441\u043f\u0435\u0447\u0438\u0432\u0430\u044e\u0442 \u043d\u0430\u0434\u0435\u0436\u043d\u0443\u044e \u0437\u0430\u0449\u0438\u0442\u0443 \u043e\u0442 \u0432\u044b\u0441\u043e\u043a\u0438\u0445 \u0442\u0435\u043c\u043f\u0435\u0440\u0430\u0442\u0443\u0440 \u0434\u043e 250\u00b0C. \u0418\u0434\u0435\u0430\u043b\u044c\u043d\u044b \u0434\u043b\u044f \u0433\u0440\u0438\u043b\u044f, \u043a\u0430\u043c\u0438\u043d\u0430 \u0438 \u043e\u0442\u043a\u0440\u044b\u0442\u043e\u0433\u043e \u043e\u0433\u043d\u044f.\" \/>\n<meta name=\"robots\" content=\"index, follow, max-snippet:-1, max-image-preview:large, max-video-preview:-1\" \/>\n<link rel=\"canonical\" href=\"https:\/\/xstyle.md\/ro\/produs\/perchatki-petromax-aramid-pro-300\/\" \/>\n<meta property=\"og:locale\" content=\"ro_RO\" \/>\n<meta property=\"og:type\" content=\"article\" \/>\n<meta property=\"og:title\" content=\"\u041f\u0435\u0440\u0447\u0430\u0442\u043a\u0438 Petromax Aramid Pro 300 - \u041c\u0430\u0433\u0430\u0437\u0438\u043d Xstyle\" \/>\n<meta property=\"og:description\" content=\"\u041f\u0435\u0440\u0447\u0430\u0442\u043a\u0438 Petromax Aramid Pro 300 \u043e\u0431\u0435\u0441\u043f\u0435\u0447\u0438\u0432\u0430\u044e\u0442 \u043d\u0430\u0434\u0435\u0436\u043d\u0443\u044e \u0437\u0430\u0449\u0438\u0442\u0443 \u043e\u0442 \u0432\u044b\u0441\u043e\u043a\u0438\u0445 \u0442\u0435\u043c\u043f\u0435\u0440\u0430\u0442\u0443\u0440 \u0434\u043e 250\u00b0C. \u0418\u0434\u0435\u0430\u043b\u044c\u043d\u044b \u0434\u043b\u044f \u0433\u0440\u0438\u043b\u044f, \u043a\u0430\u043c\u0438\u043d\u0430 \u0438 \u043e\u0442\u043a\u0440\u044b\u0442\u043e\u0433\u043e \u043e\u0433\u043d\u044f.\" \/>\n<meta property=\"og:url\" content=\"https:\/\/xstyle.md\/ro\/produs\/perchatki-petromax-aramid-pro-300\/\" \/>\n<meta property=\"og:site_name\" content=\"\u041c\u0430\u0433\u0430\u0437\u0438\u043d Xstyle\" \/>\n<meta property=\"article:publisher\" content=\"https:\/\/www.facebook.com\/xstylemd\" \/>\n<meta property=\"article:modified_time\" content=\"2024-10-21T06:42:00+00:00\" \/>\n<meta property=\"og:image\" content=\"https:\/\/xstyle.md\/wp-content\/uploads\/2021\/04\/px-aramid_pro_300_handschuhe_h300_gloves_gants.jpg\" \/>\n\t<meta property=\"og:image:width\" content=\"1600\" \/>\n\t<meta property=\"og:image:height\" content=\"1066\" \/>\n\t<meta property=\"og:image:type\" content=\"image\/jpeg\" \/>\n<meta name=\"twitter:card\" content=\"summary_large_image\" \/>\n<meta name=\"twitter:label1\" content=\"Pre\u021b\" \/>\n\t<meta name=\"twitter:data1\" content=\"880&nbsp;MDL\" \/>\n\t<meta name=\"twitter:label2\" content=\"Disponibilitate\" \/>\n\t<meta name=\"twitter:data2\" content=\"\u00cen stoc\" \/>\n<script type=\"application\/ld+json\" class=\"yoast-schema-graph\">{\"@context\":\"https:\/\/schema.org\",\"@graph\":[{\"@type\":\"WebPage\",\"@id\":\"https:\/\/xstyle.md\/product\/perchatki-petromax-aramid-pro-300\/\",\"url\":\"https:\/\/xstyle.md\/product\/perchatki-petromax-aramid-pro-300\/\",\"name\":\"\u041f\u0435\u0440\u0447\u0430\u0442\u043a\u0438 Petromax Aramid Pro 300 - \u041c\u0430\u0433\u0430\u0437\u0438\u043d Xstyle\",\"isPartOf\":{\"@id\":\"https:\/\/xstyle.md\/#website\"},\"primaryImageOfPage\":{\"@id\":\"https:\/\/xstyle.md\/product\/perchatki-petromax-aramid-pro-300\/#primaryimage\"},\"image\":{\"@id\":\"https:\/\/xstyle.md\/product\/perchatki-petromax-aramid-pro-300\/#primaryimage\"},\"thumbnailUrl\":\"https:\/\/xstyle.md\/wp-content\/uploads\/2021\/04\/px-aramid_pro_300_handschuhe_h300_gloves_gants.jpg\",\"datePublished\":\"2021-01-11T13:24:09+00:00\",\"dateModified\":\"2024-10-21T06:42:00+00:00\",\"description\":\"\u041f\u0435\u0440\u0447\u0430\u0442\u043a\u0438 Petromax Aramid Pro 300 \u043e\u0431\u0435\u0441\u043f\u0435\u0447\u0438\u0432\u0430\u044e\u0442 \u043d\u0430\u0434\u0435\u0436\u043d\u0443\u044e \u0437\u0430\u0449\u0438\u0442\u0443 \u043e\u0442 \u0432\u044b\u0441\u043e\u043a\u0438\u0445 \u0442\u0435\u043c\u043f\u0435\u0440\u0430\u0442\u0443\u0440 \u0434\u043e 250\u00b0C. \u0418\u0434\u0435\u0430\u043b\u044c\u043d\u044b \u0434\u043b\u044f \u0433\u0440\u0438\u043b\u044f, \u043a\u0430\u043c\u0438\u043d\u0430 \u0438 \u043e\u0442\u043a\u0440\u044b\u0442\u043e\u0433\u043e \u043e\u0433\u043d\u044f.\",\"breadcrumb\":{\"@id\":\"https:\/\/xstyle.md\/product\/perchatki-petromax-aramid-pro-300\/#breadcrumb\"},\"inLanguage\":\"ro-RO\",\"potentialAction\":[{\"@type\":\"ReadAction\",\"target\":[\"https:\/\/xstyle.md\/product\/perchatki-petromax-aramid-pro-300\/\"]}]},{\"@type\":\"ImageObject\",\"inLanguage\":\"ro-RO\",\"@id\":\"https:\/\/xstyle.md\/product\/perchatki-petromax-aramid-pro-300\/#primaryimage\",\"url\":\"https:\/\/xstyle.md\/wp-content\/uploads\/2021\/04\/px-aramid_pro_300_handschuhe_h300_gloves_gants.jpg\",\"contentUrl\":\"https:\/\/xstyle.md\/wp-content\/uploads\/2021\/04\/px-aramid_pro_300_handschuhe_h300_gloves_gants.jpg\",\"width\":1600,\"height\":1066},{\"@type\":\"BreadcrumbList\",\"@id\":\"https:\/\/xstyle.md\/product\/perchatki-petromax-aramid-pro-300\/#breadcrumb\",\"itemListElement\":[{\"@type\":\"ListItem\",\"position\":1,\"name\":\"\u0413\u043b\u0430\u0432\u043d\u0430\u044f \u0441\u0442\u0440\u0430\u043d\u0438\u0446\u0430\",\"item\":\"https:\/\/xstyle.md\/\"},{\"@type\":\"ListItem\",\"position\":2,\"name\":\"\u041c\u0430\u0433\u0430\u0437\u0438\u043d\",\"item\":\"https:\/\/xstyle.md\/shop\/\"},{\"@type\":\"ListItem\",\"position\":3,\"name\":\"\u041f\u0435\u0440\u0447\u0430\u0442\u043a\u0438 Petromax Aramid Pro 300\"}]},{\"@type\":\"WebSite\",\"@id\":\"https:\/\/xstyle.md\/#website\",\"url\":\"https:\/\/xstyle.md\/\",\"name\":\"\u041c\u0430\u0433\u0430\u0437\u0438\u043d Xstyle\",\"description\":\"C\u043d\u0430\u0440\u044f\u0436\u0435\u043d\u0438\u0435 \u0434\u043b\u044f \u0442\u0443\u0440\u0438\u0437\u043c\u0430 \u0438 \u044d\u043a\u0441\u0442\u0440\u0435\u043c\u0430\u043b\u044c\u043d\u044b\u0445 \u0432\u0438\u0434\u043e\u0432 \u0441\u043f\u043e\u0440\u0442\u0430 \u0432 \u041c\u043e\u043b\u0434\u043e\u0432\u0435.. \u0426\u0435\u043d\u044b, \u0444\u043e\u0442\u043e, \u0445\u0430\u0440\u0430\u043a\u0442\u0435\u0440\u0438\u0441\u0442\u0438\u043a\u0438 \u0432 \u041c\u043e\u043b\u0434\u043e\u0432\u0435.\",\"publisher\":{\"@id\":\"https:\/\/xstyle.md\/#organization\"},\"alternateName\":\"X-Style\",\"potentialAction\":[{\"@type\":\"SearchAction\",\"target\":{\"@type\":\"EntryPoint\",\"urlTemplate\":\"https:\/\/xstyle.md\/?s={search_term_string}\"},\"query-input\":{\"@type\":\"PropertyValueSpecification\",\"valueRequired\":true,\"valueName\":\"search_term_string\"}}],\"inLanguage\":\"ro-RO\"},{\"@type\":\"Organization\",\"@id\":\"https:\/\/xstyle.md\/#organization\",\"name\":\"\u041c\u0430\u0433\u0430\u0437\u0438\u043d Xstyle\",\"alternateName\":\"x-style\",\"url\":\"https:\/\/xstyle.md\/\",\"logo\":{\"@type\":\"ImageObject\",\"inLanguage\":\"ro-RO\",\"@id\":\"https:\/\/xstyle.md\/#\/schema\/logo\/image\/\",\"url\":\"https:\/\/xstyle.md\/wp-content\/uploads\/2020\/06\/logoicon.svg\",\"contentUrl\":\"https:\/\/xstyle.md\/wp-content\/uploads\/2020\/06\/logoicon.svg\",\"caption\":\"\u041c\u0430\u0433\u0430\u0437\u0438\u043d Xstyle\"},\"image\":{\"@id\":\"https:\/\/xstyle.md\/#\/schema\/logo\/image\/\"},\"sameAs\":[\"https:\/\/www.facebook.com\/xstylemd\",\"https:\/\/www.instagram.com\/xstyle_md\/\",\"https:\/\/t.me\/xstyle_outdoor\"],\"hasMerchantReturnPolicy\":{\"@type\":\"MerchantReturnPolicy\",\"merchantReturnLink\":\"https:\/\/xstyle.md\/ro\/conditions\/\"}}]}<\/script>\n<meta property=\"product:price:amount\" content=\"880.00\" \/>\n<meta property=\"product:price:currency\" content=\"MDL\" \/>\n<meta property=\"og:availability\" content=\"instock\" \/>\n<meta property=\"product:availability\" content=\"instock\" \/>\n<meta property=\"product:retailer_item_id\" content=\"4250435701294\" \/>\n<meta property=\"product:condition\" content=\"new\" \/>\n<!-- \/ Yoast SEO plugin. -->","yoast_head_json":{"title":"M\u0103nu\u0219ile Petromax Aramid Pro 300 - Magazin Xstyle","description":"M\u0103nu\u0219ile Petromax Aramid Pro 300 ofer\u0103 o protec\u021bie fiabil\u0103 \u00eempotriva temperaturilor ridicate de p\u00e2n\u0103 la 250\u00b0C. Sunt ideale pentru gr\u0103tare, \u0219eminee \u0219i foc deschis.","robots":{"index":"index","follow":"follow","max-snippet":"max-snippet:-1","max-image-preview":"max-image-preview:large","max-video-preview":"max-video-preview:-1"},"canonical":"https:\/\/xstyle.md\/ro\/produs\/perchatki-petromax-aramid-pro-300\/","og_locale":"ro_RO","og_type":"article","og_title":"\u041f\u0435\u0440\u0447\u0430\u0442\u043a\u0438 Petromax Aramid Pro 300 - \u041c\u0430\u0433\u0430\u0437\u0438\u043d Xstyle","og_description":"\u041f\u0435\u0440\u0447\u0430\u0442\u043a\u0438 Petromax Aramid Pro 300 \u043e\u0431\u0435\u0441\u043f\u0435\u0447\u0438\u0432\u0430\u044e\u0442 \u043d\u0430\u0434\u0435\u0436\u043d\u0443\u044e \u0437\u0430\u0449\u0438\u0442\u0443 \u043e\u0442 \u0432\u044b\u0441\u043e\u043a\u0438\u0445 \u0442\u0435\u043c\u043f\u0435\u0440\u0430\u0442\u0443\u0440 \u0434\u043e 250\u00b0C. \u0418\u0434\u0435\u0430\u043b\u044c\u043d\u044b \u0434\u043b\u044f \u0433\u0440\u0438\u043b\u044f, \u043a\u0430\u043c\u0438\u043d\u0430 \u0438 \u043e\u0442\u043a\u0440\u044b\u0442\u043e\u0433\u043e \u043e\u0433\u043d\u044f.","og_url":"https:\/\/xstyle.md\/ro\/produs\/perchatki-petromax-aramid-pro-300\/","og_site_name":"\u041c\u0430\u0433\u0430\u0437\u0438\u043d Xstyle","article_publisher":"https:\/\/www.facebook.com\/xstylemd","article_modified_time":"2024-10-21T06:42:00+00:00","og_image":[{"width":1600,"height":1066,"url":"https:\/\/xstyle.md\/wp-content\/uploads\/2021\/04\/px-aramid_pro_300_handschuhe_h300_gloves_gants.jpg","type":"image\/jpeg"}],"twitter_card":"summary_large_image","twitter_misc":{"Pre\u021b":"880&nbsp;MDL","Disponibilitate":"\u00cen stoc"},"schema":{"@context":"https:\/\/schema.org","@graph":[{"@type":"WebPage","@id":"https:\/\/xstyle.md\/product\/perchatki-petromax-aramid-pro-300\/","url":"https:\/\/xstyle.md\/product\/perchatki-petromax-aramid-pro-300\/","name":"M\u0103nu\u0219ile Petromax Aramid Pro 300 - Magazin Xstyle","isPartOf":{"@id":"https:\/\/xstyle.md\/#website"},"primaryImageOfPage":{"@id":"https:\/\/xstyle.md\/product\/perchatki-petromax-aramid-pro-300\/#primaryimage"},"image":{"@id":"https:\/\/xstyle.md\/product\/perchatki-petromax-aramid-pro-300\/#primaryimage"},"thumbnailUrl":"https:\/\/xstyle.md\/wp-content\/uploads\/2021\/04\/px-aramid_pro_300_handschuhe_h300_gloves_gants.jpg","datePublished":"2021-01-11T13:24:09+00:00","dateModified":"2024-10-21T06:42:00+00:00","description":"M\u0103nu\u0219ile Petromax Aramid Pro 300 ofer\u0103 o protec\u021bie fiabil\u0103 \u00eempotriva temperaturilor ridicate de p\u00e2n\u0103 la 250\u00b0C. Sunt ideale pentru gr\u0103tare, \u0219eminee \u0219i foc deschis.","breadcrumb":{"@id":"https:\/\/xstyle.md\/product\/perchatki-petromax-aramid-pro-300\/#breadcrumb"},"inLanguage":"ro-RO","potentialAction":[{"@type":"ReadAction","target":["https:\/\/xstyle.md\/product\/perchatki-petromax-aramid-pro-300\/"]}]},{"@type":"ImageObject","inLanguage":"ro-RO","@id":"https:\/\/xstyle.md\/product\/perchatki-petromax-aramid-pro-300\/#primaryimage","url":"https:\/\/xstyle.md\/wp-content\/uploads\/2021\/04\/px-aramid_pro_300_handschuhe_h300_gloves_gants.jpg","contentUrl":"https:\/\/xstyle.md\/wp-content\/uploads\/2021\/04\/px-aramid_pro_300_handschuhe_h300_gloves_gants.jpg","width":1600,"height":1066},{"@type":"BreadcrumbList","@id":"https:\/\/xstyle.md\/product\/perchatki-petromax-aramid-pro-300\/#breadcrumb","itemListElement":[{"@type":"ListItem","position":1,"name":"\u0413\u043b\u0430\u0432\u043d\u0430\u044f \u0441\u0442\u0440\u0430\u043d\u0438\u0446\u0430","item":"https:\/\/xstyle.md\/"},{"@type":"ListItem","position":2,"name":"\u041c\u0430\u0433\u0430\u0437\u0438\u043d","item":"https:\/\/xstyle.md\/shop\/"},{"@type":"ListItem","position":3,"name":"\u041f\u0435\u0440\u0447\u0430\u0442\u043a\u0438 Petromax Aramid Pro 300"}]},{"@type":"WebSite","@id":"https:\/\/xstyle.md\/#website","url":"https:\/\/xstyle.md\/","name":"Magazinul X-Style","description":"Echipamente pentru turism \u0219i sporturi extreme \u00een Moldova. Pre\u021buri, fotografii, caracteristici \u00een Moldova.","publisher":{"@id":"https:\/\/xstyle.md\/#organization"},"alternateName":"X-Style","potentialAction":[{"@type":"SearchAction","target":{"@type":"EntryPoint","urlTemplate":"https:\/\/xstyle.md\/?s={search_term_string}"},"query-input":{"@type":"PropertyValueSpecification","valueRequired":true,"valueName":"search_term_string"}}],"inLanguage":"ro-RO"},{"@type":"Organization","@id":"https:\/\/xstyle.md\/#organization","name":"Magazinul X-Style","alternateName":"x-style","url":"https:\/\/xstyle.md\/","logo":{"@type":"ImageObject","inLanguage":"ro-RO","@id":"https:\/\/xstyle.md\/#\/schema\/logo\/image\/","url":"https:\/\/xstyle.md\/wp-content\/uploads\/2020\/06\/logoicon.svg","contentUrl":"https:\/\/xstyle.md\/wp-content\/uploads\/2020\/06\/logoicon.svg","caption":"\u041c\u0430\u0433\u0430\u0437\u0438\u043d Xstyle"},"image":{"@id":"https:\/\/xstyle.md\/#\/schema\/logo\/image\/"},"sameAs":["https:\/\/www.facebook.com\/xstylemd","https:\/\/www.instagram.com\/xstyle_md\/","https:\/\/t.me\/xstyle_outdoor"],"hasMerchantReturnPolicy":{"@type":"MerchantReturnPolicy","merchantReturnLink":"https:\/\/xstyle.md\/ro\/conditions\/"}}]},"product_price_amount":"880.00","product_price_currency":"MDL","og_availability":"instock","product_availability":"instock","product_retailer_item_id":"4250435701294","product_condition":"new"},"post_mailing_queue_ids":[],"_links":{"self":[{"href":"https:\/\/xstyle.md\/ro\/wp-json\/wp\/v2\/product\/27392","targetHints":{"allow":["GET"]}}],"collection":[{"href":"https:\/\/xstyle.md\/ro\/wp-json\/wp\/v2\/product"}],"about":[{"href":"https:\/\/xstyle.md\/ro\/wp-json\/wp\/v2\/types\/product"}],"replies":[{"embeddable":true,"href":"https:\/\/xstyle.md\/ro\/wp-json\/wp\/v2\/comments?post=27392"}],"wp:featuredmedia":[{"embeddable":true,"href":"https:\/\/xstyle.md\/ro\/wp-json\/wp\/v2\/media\/29419"}],"wp:attachment":[{"href":"https:\/\/xstyle.md\/ro\/wp-json\/wp\/v2\/media?parent=27392"}],"wp:term":[{"taxonomy":"product_brand","embeddable":true,"href":"https:\/\/xstyle.md\/ro\/wp-json\/wp\/v2\/product_brand?post=27392"},{"taxonomy":"product_cat","embeddable":true,"href":"https:\/\/xstyle.md\/ro\/wp-json\/wp\/v2\/product_cat?post=27392"},{"taxonomy":"product_tag","embeddable":true,"href":"https:\/\/xstyle.md\/ro\/wp-json\/wp\/v2\/product_tag?post=27392"}],"curies":[{"name":"wp","href":"https:\/\/api.w.org\/{rel}","templated":true}]}}