{"id":27381,"date":"2021-01-11T16:24:05","date_gmt":"2021-01-11T13:24:05","guid":{"rendered":"https:\/\/xstyle.md\/product\/rjukzak-deuter-freerider-30\/"},"modified":"2026-03-19T16:41:05","modified_gmt":"2026-03-19T13:41:05","slug":"rjukzak-deuter-freerider-30-papaya-lava","status":"publish","type":"product","link":"https:\/\/xstyle.md\/ro\/produs\/rjukzak-deuter-freerider-30-papaya-lava\/","title":{"rendered":"Rucsac Deuter Freerider 30 papaya-lava"},"content":{"rendered":"<\/p>\n<p>Rucsac <strong>Deuter Freerider 30<\/strong> &#8212; rucsac u\u0219or \u0219i func\u021bional pentru freeride \u0219i excursii de o zi. Un compartiment special pentru echipamentul de avalan\u0219\u0103 \u00een partea din fa\u021b\u0103 v\u0103 permite s\u0103 recupera\u021bi rapid \u0219i u\u0219or ceea ce ave\u021bi nevoie. O intrare suplimentar\u0103 \u00een compartimentul principal prin panoul din spate men\u021bine accesul u\u0219or chiar \u0219i atunci c\u00e2nd schiurile sau snowboardurile sunt legate pe rucsac. Design minimalist \u0219i func\u021bionalitate ridicat\u0103.<\/p>\n<p>Datorit\u0103 sistemului de suspensie Alpine, ajustarea este confortabil\u0103 \u0219i sigur\u0103, maximiz\u00e2nd confortul \u0219i o bun\u0103 ventila\u021bie. \u00cempreun\u0103 cu cadrul Delrin\u00ae U-Frame, practic f\u0103r\u0103 greutate, asigur\u0103 distribu\u021bia corect\u0103 a \u00eenc\u0103rc\u0103turii, ceea ce este important pentru schiul pe snowpark, pe p\u00e2rtie \u0219i \u00een afara p\u00e2rtiei.<\/p>\n<h3>Particularit\u0103\u021bi<\/h3>\n<ul>\n<li>Sistem de spate Deuter Alpine Back System cu cadru foarte u\u0219or \u00een form\u0103 de U din plastic Delrin\u00ae.<\/li>\n<li>Sistemul de blocare modular v\u0103 permite s\u0103 fixa\u021bi schiurile, snowboard-urile sau snowshoes \u00een exterior, schiurile \u00een diagonal\u0103 sau \u00een bretele A, snowshoes sau snowboards \u00een pozi\u021bie vertical\u0103<\/li>\n<li>Curelele de fixare a schiurilor\/snowboard-urilor pot fi folosite \u0219i pentru compresie, bine ascunse \u00een interior dac\u0103 este necesar<\/li>\n<li>Cureaua de talie cu bucl\u0103 pentru echipament \u0219i buzunar cu fermoar<\/li>\n<li>Curea de piept reglabil\u0103 cu fluier de semnalizare \u00een \u00eenchiz\u0103toare<\/li>\n<li>Curele de um\u0103r stabilizatoare<\/li>\n<li>Bucle pentru fixarea pioletului \u0219i a be\u021belor de trekking<\/li>\n<li>Compartiment special pentru echipamentul de avalan\u0219\u0103 cu man\u0219on pentru lopat\u0103 \u0219i organizator \u00eent\u0103rit<\/li>\n<li>Acces cu fermoar prin panoul din spate<\/li>\n<li>Bucle pentru fixarea unui suport pentru casc\u0103 (furnizat separat)<\/li>\n<li>Bucle pentru fixarea ochelarilor de protec\u021bie<\/li>\n<li>Infografic SOS<\/li>\n<li>Compatibil cu sistemul de b\u0103utur\u0103<\/li>\n<li>Buzunar intern pentru obiecte de valoare cu clips pentru chei<\/li>\n<li>Buzunar cu fermoar cu plas\u0103 \u00een interiorul compartimentului principal<\/li>\n<li>Curele de compresie laterale<\/li>\n<li>Fabricat din \u021bes\u0103turi durabile, rezistente la abraziune, u\u0219oare \u0219i neabsorbante 330D PA Ripstop \u0219i 210D PA Ripstop<\/li>\n<\/ul>\n<h3>Caracteristici<\/h3>\n<ul>\n<li>Greutate &#8212; 1000 g<\/li>\n<li>Volum &#8212; 30 litri<\/li>\n<li>Dimensiuni &#8212; 54 x 34 x 18 (H x L x P) cm<\/li>\n<li>Material &#8212; 330D PA 6.6 Ripstop\/210D PA Ripstop<\/li>\n<li>Potrivit pentru bagajele de m\u00e2n\u0103<\/li>\n<li>Hus\u0103 de ploaie &#8212; nu<\/li>\n<li>Ventila\u021bie &#8212; da<\/li>\n<li>Scop &#8212; freeride, skitour<\/li>\n<li>Model &#8212; unisex<\/li>\n<\/ul>\n<h3>Tehnologie<\/h3>\n<ul>\n<li><strong>Alpine Backsystem<\/strong> &#8212; un sistem de suspensie special conceput pentru rucsacurile de alpinism care necesit\u0103 cea mai bun\u0103 combina\u021bie de confort, func\u021bionalitate \u0219i cea mai mic\u0103 greutate posibil\u0103. Acest sistem este alc\u0103tuit din dou\u0103 benzi elastice \u0219i moi de c\u0103ptu\u0219eal\u0103 de pe sp\u0103tar, care se muleaz\u0103 pe forma spatelui dumneavoastr\u0103 \u0219i v\u0103 urm\u0103resc mi\u0219c\u0103rile. Combinat cu designul compact al rucsacului \u00een sine, acest lucru permite ca greutatea s\u0103 fie plasat\u0103 c\u00e2t mai aproape de centrul de greutate, asigur\u00e2nd o stabilitate maxim\u0103.<\/li>\n<li><strong>DWR\u00a0\u00abdurable water repellent\u00bb<\/strong> &#8212; &#171;impregnarea hidrofug\u0103 rezistent\u0103 la uzur\u0103&#187; este utilizat\u0103 pentru a trata \u021bes\u0103turile care sunt folosite la \u00eembr\u0103c\u0103minte, rucsacuri, corturi \u0219i chiar saci de dormit. DWR este un strat de un polimer hidrofob puternic care este aplicat pe material \u0219i formeaz\u0103 o structur\u0103 specific\u0103 care reduce coeficientul de tensiune superficial\u0103. Acest lucru face ca pic\u0103turile de ap\u0103 s\u0103 se rostogoleasc\u0103 de pe materialul tratat f\u0103r\u0103 a-l uda.<\/li>\n<li><strong>Ripstop 210<\/strong> &#8212; o \u021bes\u0103tur\u0103 foarte rigid\u0103 din fibre de nailon de 210 denari. Textura Ripstop cu ochiuri fine face ca \u021bes\u0103tura s\u0103 fie mai durabil\u0103 \u0219i mai rezistent\u0103 la rupere, \u00een timp ce impregnarea cu poliuretan adaug\u0103 propriet\u0103\u021bi hidrofuge.<\/li>\n<li><strong>330D Micro Rip Pro 6.6<\/strong> &#8212; aceast\u0103 \u021bes\u0103tur\u0103 combinat\u0103 din nailon 330 den are o rezisten\u021b\u0103 fantastic\u0103 la rupere. Datorit\u0103 utiliz\u0103rii nailonului 6.6, \u021bes\u0103tura este foarte durabil\u0103 \u0219i puternic\u0103. Rezisten\u021b\u0103 ridicat\u0103 la ap\u0103 (2000 mm coloan\u0103 de ap\u0103) datorit\u0103 \u00eenveli\u0219ului PU.<\/li>\n<\/ul>\n<h3>Marca<\/h3>\n<p>Deuter este o marc\u0103 german\u0103 de gen\u021bi de sport \u0219i gen\u021bi pentru drume\u021bii, trekking, sporturi de iarn\u0103 \u0219i alte scopuri. Istoria companiei dateaz\u0103 de mai bine de 100 de ani: fondat\u0103 de Hans Deuter \u00een 1898, la \u00eenceputul secolului XX Deuter furniza deja saci po\u0219tali pentru Po\u0219ta Regal\u0103 Bavarez\u0103, iar \u00een anii 1910 &#8212; rucsacuri, gen\u021bi, curele \u0219i corturi pentru armat\u0103.<\/p>\n<p>Fiind unul dintre cei mai importan\u021bi produc\u0103tori de rucsacuri, Deuter a cooperat \u00eentotdeauna cu alpini\u0219ti experimenta\u021bi, care \u00eemp\u0103rt\u0103\u0219esc din experien\u021ba \u0219i cuno\u0219tin\u021bele lor bogate. Deuter nu se opre\u0219te la rezultatele ob\u021binute, lucr\u00e2nd \u00een mod constant la calitate \u0219i la \u00eembun\u0103t\u0103\u021birea produselor sale. Speciali\u0219tii companiei sunt mereu \u00een c\u0103utare de noi solu\u021bii tehnice care s\u0103 v\u0103 asigure confortul \u0219i siguran\u021ba.<\/p>\n<p><\/p>","protected":false},"excerpt":{"rendered":"<p>\u0420\u044e\u043a\u0437\u0430\u043a Deuter Freerider 30<\/p>","protected":false},"featured_media":69720,"comment_status":"open","ping_status":"closed","template":"","meta":{"_acf_changed":false,"inline_featured_image":false},"product_brand":[1261],"product_cat":[847],"product_tag":[],"class_list":{"0":"post-27381","1":"product","2":"type-product","3":"status-publish","4":"has-post-thumbnail","6":"product_brand-deuter","7":"product_cat-freeridebag","9":"first","10":"instock","11":"shipping-taxable","12":"purchasable","13":"product-type-simple"},"acf":[],"yoast_head":"<!-- This site is optimized with the Yoast SEO plugin v27.2 - https:\/\/yoast.com\/product\/yoast-seo-wordpress\/ -->\n<title>\u0420\u044e\u043a\u0437\u0430\u043a Deuter Freerider 30 papaya-lava - \u041c\u0430\u0433\u0430\u0437\u0438\u043d Xstyle<\/title>\n<meta name=\"description\" content=\"\u041e\u0442\u043a\u0440\u043e\u0439\u0442\u0435 \u043c\u0438\u0440 \u043f\u0440\u0438\u043a\u043b\u044e\u0447\u0435\u043d\u0438\u0439 \u0441 \u0440\u044e\u043a\u0437\u0430\u043a\u043e\u043c Deuter Freerider 30 papaya-lava. \u041b\u0435\u0433\u043a\u0438\u0439 \u0438 \u043f\u0440\u043e\u0447\u043d\u044b\u0439, \u0438\u0434\u0435\u0430\u043b\u0435\u043d \u0434\u043b\u044f \u0430\u043b\u044c\u043f\u0438\u043d\u0438\u0437\u043c\u0430 \u0438 \u0430\u043a\u0442\u0438\u0432\u043d\u043e\u0433\u043e \u043e\u0442\u0434\u044b\u0445\u0430!\" \/>\n<meta name=\"robots\" content=\"index, follow, max-snippet:-1, max-image-preview:large, max-video-preview:-1\" \/>\n<link rel=\"canonical\" href=\"https:\/\/xstyle.md\/ro\/produs\/rjukzak-deuter-freerider-30-papaya-lava\/\" \/>\n<meta property=\"og:locale\" content=\"ro_RO\" \/>\n<meta property=\"og:type\" content=\"article\" \/>\n<meta property=\"og:title\" content=\"\u0420\u044e\u043a\u0437\u0430\u043a Deuter Freerider 30 papaya-lava - \u041c\u0430\u0433\u0430\u0437\u0438\u043d Xstyle\" \/>\n<meta property=\"og:description\" content=\"\u041e\u0442\u043a\u0440\u043e\u0439\u0442\u0435 \u043c\u0438\u0440 \u043f\u0440\u0438\u043a\u043b\u044e\u0447\u0435\u043d\u0438\u0439 \u0441 \u0440\u044e\u043a\u0437\u0430\u043a\u043e\u043c Deuter Freerider 30 papaya-lava. \u041b\u0435\u0433\u043a\u0438\u0439 \u0438 \u043f\u0440\u043e\u0447\u043d\u044b\u0439, \u0438\u0434\u0435\u0430\u043b\u0435\u043d \u0434\u043b\u044f \u0430\u043b\u044c\u043f\u0438\u043d\u0438\u0437\u043c\u0430 \u0438 \u0430\u043a\u0442\u0438\u0432\u043d\u043e\u0433\u043e \u043e\u0442\u0434\u044b\u0445\u0430!\" \/>\n<meta property=\"og:url\" content=\"https:\/\/xstyle.md\/ro\/produs\/rjukzak-deuter-freerider-30-papaya-lava\/\" \/>\n<meta property=\"og:site_name\" content=\"\u041c\u0430\u0433\u0430\u0437\u0438\u043d Xstyle\" \/>\n<meta property=\"article:publisher\" content=\"https:\/\/www.facebook.com\/xstylemd\" \/>\n<meta property=\"article:modified_time\" content=\"2026-03-19T13:41:05+00:00\" \/>\n<meta property=\"og:image\" content=\"https:\/\/xstyle.md\/wp-content\/uploads\/2021\/01\/deuter-freerider-30-papaya-lava.jpg\" \/>\n\t<meta property=\"og:image:width\" content=\"2259\" \/>\n\t<meta property=\"og:image:height\" content=\"2238\" \/>\n\t<meta property=\"og:image:type\" content=\"image\/jpeg\" \/>\n<meta name=\"twitter:card\" content=\"summary_large_image\" \/>\n<meta name=\"twitter:label1\" content=\"Pre\u021b\" \/>\n\t<meta name=\"twitter:data1\" content=\"3.100&nbsp;MDL\" \/>\n\t<meta name=\"twitter:label2\" content=\"Disponibilitate\" \/>\n\t<meta name=\"twitter:data2\" content=\"\u00cen stoc\" \/>\n<script type=\"application\/ld+json\" class=\"yoast-schema-graph\">{\"@context\":\"https:\/\/schema.org\",\"@graph\":[{\"@type\":\"WebPage\",\"@id\":\"https:\/\/xstyle.md\/product\/rjukzak-deuter-freerider-30-papaya-lava\/\",\"url\":\"https:\/\/xstyle.md\/product\/rjukzak-deuter-freerider-30-papaya-lava\/\",\"name\":\"\u0420\u044e\u043a\u0437\u0430\u043a Deuter Freerider 30 papaya-lava - \u041c\u0430\u0433\u0430\u0437\u0438\u043d Xstyle\",\"isPartOf\":{\"@id\":\"https:\/\/xstyle.md\/#website\"},\"primaryImageOfPage\":{\"@id\":\"https:\/\/xstyle.md\/product\/rjukzak-deuter-freerider-30-papaya-lava\/#primaryimage\"},\"image\":{\"@id\":\"https:\/\/xstyle.md\/product\/rjukzak-deuter-freerider-30-papaya-lava\/#primaryimage\"},\"thumbnailUrl\":\"https:\/\/xstyle.md\/wp-content\/uploads\/2021\/01\/deuter-freerider-30-papaya-lava.jpg\",\"datePublished\":\"2021-01-11T13:24:05+00:00\",\"dateModified\":\"2026-03-19T13:41:05+00:00\",\"description\":\"\u041e\u0442\u043a\u0440\u043e\u0439\u0442\u0435 \u043c\u0438\u0440 \u043f\u0440\u0438\u043a\u043b\u044e\u0447\u0435\u043d\u0438\u0439 \u0441 \u0440\u044e\u043a\u0437\u0430\u043a\u043e\u043c Deuter Freerider 30 papaya-lava. \u041b\u0435\u0433\u043a\u0438\u0439 \u0438 \u043f\u0440\u043e\u0447\u043d\u044b\u0439, \u0438\u0434\u0435\u0430\u043b\u0435\u043d \u0434\u043b\u044f \u0430\u043b\u044c\u043f\u0438\u043d\u0438\u0437\u043c\u0430 \u0438 \u0430\u043a\u0442\u0438\u0432\u043d\u043e\u0433\u043e \u043e\u0442\u0434\u044b\u0445\u0430!\",\"breadcrumb\":{\"@id\":\"https:\/\/xstyle.md\/product\/rjukzak-deuter-freerider-30-papaya-lava\/#breadcrumb\"},\"inLanguage\":\"ro-RO\",\"potentialAction\":[{\"@type\":\"ReadAction\",\"target\":[\"https:\/\/xstyle.md\/product\/rjukzak-deuter-freerider-30-papaya-lava\/\"]}]},{\"@type\":\"ImageObject\",\"inLanguage\":\"ro-RO\",\"@id\":\"https:\/\/xstyle.md\/product\/rjukzak-deuter-freerider-30-papaya-lava\/#primaryimage\",\"url\":\"https:\/\/xstyle.md\/wp-content\/uploads\/2021\/01\/deuter-freerider-30-papaya-lava.jpg\",\"contentUrl\":\"https:\/\/xstyle.md\/wp-content\/uploads\/2021\/01\/deuter-freerider-30-papaya-lava.jpg\",\"width\":1920,\"height\":1902,\"caption\":\"\u0420\u044e\u043a\u0437\u0430\u043a Deuter Freerider 30 papaya-lava \u0434\u043b\u044f \u0430\u043a\u0442\u0438\u0432\u043d\u043e\u0433\u043e \u043e\u0442\u0434\u044b\u0445\u0430, \u043f\u043e\u0445\u043e\u0434\u043e\u0432 \u0438 \u043f\u0443\u0442\u0435\u0448\u0435\u0441\u0442\u0432\u0438\u0439, \u043e\u0434\u0435\u0436\u0434\u0430 \u0438 \u043e\u0431\u0443\u0432\u044c \u0434\u043b\u044f \u0430\u043b\u044c\u043f\u0438\u043d\u0438\u0437\u043c\u0430, \u0445\u0430\u0439\u043a\u0438\u043d\u0433\u0430 \u0438 \u0442\u0443\u0440\u0438\u0437\u043c\u0430\"},{\"@type\":\"BreadcrumbList\",\"@id\":\"https:\/\/xstyle.md\/product\/rjukzak-deuter-freerider-30-papaya-lava\/#breadcrumb\",\"itemListElement\":[{\"@type\":\"ListItem\",\"position\":1,\"name\":\"\u0413\u043b\u0430\u0432\u043d\u0430\u044f \u0441\u0442\u0440\u0430\u043d\u0438\u0446\u0430\",\"item\":\"https:\/\/xstyle.md\/\"},{\"@type\":\"ListItem\",\"position\":2,\"name\":\"\u041c\u0430\u0433\u0430\u0437\u0438\u043d\",\"item\":\"https:\/\/xstyle.md\/shop\/\"},{\"@type\":\"ListItem\",\"position\":3,\"name\":\"\u0420\u044e\u043a\u0437\u0430\u043a Deuter Freerider 30 papaya-lava\"}]},{\"@type\":\"WebSite\",\"@id\":\"https:\/\/xstyle.md\/#website\",\"url\":\"https:\/\/xstyle.md\/\",\"name\":\"\u041c\u0430\u0433\u0430\u0437\u0438\u043d Xstyle\",\"description\":\"C\u043d\u0430\u0440\u044f\u0436\u0435\u043d\u0438\u0435 \u0434\u043b\u044f \u0442\u0443\u0440\u0438\u0437\u043c\u0430 \u0438 \u044d\u043a\u0441\u0442\u0440\u0435\u043c\u0430\u043b\u044c\u043d\u044b\u0445 \u0432\u0438\u0434\u043e\u0432 \u0441\u043f\u043e\u0440\u0442\u0430 \u0432 \u041c\u043e\u043b\u0434\u043e\u0432\u0435.. \u0426\u0435\u043d\u044b, \u0444\u043e\u0442\u043e, \u0445\u0430\u0440\u0430\u043a\u0442\u0435\u0440\u0438\u0441\u0442\u0438\u043a\u0438 \u0432 \u041c\u043e\u043b\u0434\u043e\u0432\u0435.\",\"publisher\":{\"@id\":\"https:\/\/xstyle.md\/#organization\"},\"alternateName\":\"X-Style\",\"potentialAction\":[{\"@type\":\"SearchAction\",\"target\":{\"@type\":\"EntryPoint\",\"urlTemplate\":\"https:\/\/xstyle.md\/?s={search_term_string}\"},\"query-input\":{\"@type\":\"PropertyValueSpecification\",\"valueRequired\":true,\"valueName\":\"search_term_string\"}}],\"inLanguage\":\"ro-RO\"},{\"@type\":\"Organization\",\"@id\":\"https:\/\/xstyle.md\/#organization\",\"name\":\"\u041c\u0430\u0433\u0430\u0437\u0438\u043d Xstyle\",\"alternateName\":\"x-style\",\"url\":\"https:\/\/xstyle.md\/\",\"logo\":{\"@type\":\"ImageObject\",\"inLanguage\":\"ro-RO\",\"@id\":\"https:\/\/xstyle.md\/#\/schema\/logo\/image\/\",\"url\":\"https:\/\/xstyle.md\/wp-content\/uploads\/2020\/06\/logoicon.svg\",\"contentUrl\":\"https:\/\/xstyle.md\/wp-content\/uploads\/2020\/06\/logoicon.svg\",\"caption\":\"\u041c\u0430\u0433\u0430\u0437\u0438\u043d Xstyle\"},\"image\":{\"@id\":\"https:\/\/xstyle.md\/#\/schema\/logo\/image\/\"},\"sameAs\":[\"https:\/\/www.facebook.com\/xstylemd\",\"https:\/\/www.instagram.com\/xstyle_md\/\",\"https:\/\/t.me\/xstyle_outdoor\"],\"hasMerchantReturnPolicy\":{\"@type\":\"MerchantReturnPolicy\",\"merchantReturnLink\":\"https:\/\/xstyle.md\/ro\/conditions\/\"}}]}<\/script>\n<meta property=\"product:price:amount\" content=\"3100.00\" \/>\n<meta property=\"product:price:currency\" content=\"MDL\" \/>\n<meta property=\"og:availability\" content=\"instock\" \/>\n<meta property=\"product:availability\" content=\"instock\" \/>\n<meta property=\"product:retailer_item_id\" content=\"4046051108230\" \/>\n<meta property=\"product:condition\" content=\"new\" \/>\n<!-- \/ Yoast SEO plugin. -->","yoast_head_json":{"title":"Rucsac Deuter Freerider 30 papaya-lava - Magazin Xstyle","description":"Descoperi\u021bi lumea aventurilor cu rucsacul Deuter Freerider 30 papaya-lava. U\u0219or \u0219i rezistent, ideal pentru alpinism \u0219i activit\u0103\u021bi \u00een aer liber!","robots":{"index":"index","follow":"follow","max-snippet":"max-snippet:-1","max-image-preview":"max-image-preview:large","max-video-preview":"max-video-preview:-1"},"canonical":"https:\/\/xstyle.md\/ro\/produs\/rjukzak-deuter-freerider-30-papaya-lava\/","og_locale":"ro_RO","og_type":"article","og_title":"\u0420\u044e\u043a\u0437\u0430\u043a Deuter Freerider 30 papaya-lava - \u041c\u0430\u0433\u0430\u0437\u0438\u043d Xstyle","og_description":"\u041e\u0442\u043a\u0440\u043e\u0439\u0442\u0435 \u043c\u0438\u0440 \u043f\u0440\u0438\u043a\u043b\u044e\u0447\u0435\u043d\u0438\u0439 \u0441 \u0440\u044e\u043a\u0437\u0430\u043a\u043e\u043c Deuter Freerider 30 papaya-lava. \u041b\u0435\u0433\u043a\u0438\u0439 \u0438 \u043f\u0440\u043e\u0447\u043d\u044b\u0439, \u0438\u0434\u0435\u0430\u043b\u0435\u043d \u0434\u043b\u044f \u0430\u043b\u044c\u043f\u0438\u043d\u0438\u0437\u043c\u0430 \u0438 \u0430\u043a\u0442\u0438\u0432\u043d\u043e\u0433\u043e \u043e\u0442\u0434\u044b\u0445\u0430!","og_url":"https:\/\/xstyle.md\/ro\/produs\/rjukzak-deuter-freerider-30-papaya-lava\/","og_site_name":"\u041c\u0430\u0433\u0430\u0437\u0438\u043d Xstyle","article_publisher":"https:\/\/www.facebook.com\/xstylemd","article_modified_time":"2026-03-19T13:41:05+00:00","og_image":[{"width":2259,"height":2238,"url":"https:\/\/xstyle.md\/wp-content\/uploads\/2021\/01\/deuter-freerider-30-papaya-lava.jpg","type":"image\/jpeg"}],"twitter_card":"summary_large_image","twitter_misc":{"Pre\u021b":"3.100&nbsp;MDL","Disponibilitate":"\u00cen stoc"},"schema":{"@context":"https:\/\/schema.org","@graph":[{"@type":"WebPage","@id":"https:\/\/xstyle.md\/product\/rjukzak-deuter-freerider-30-papaya-lava\/","url":"https:\/\/xstyle.md\/product\/rjukzak-deuter-freerider-30-papaya-lava\/","name":"Rucsac Deuter Freerider 30 papaya-lava - Magazin Xstyle","isPartOf":{"@id":"https:\/\/xstyle.md\/#website"},"primaryImageOfPage":{"@id":"https:\/\/xstyle.md\/product\/rjukzak-deuter-freerider-30-papaya-lava\/#primaryimage"},"image":{"@id":"https:\/\/xstyle.md\/product\/rjukzak-deuter-freerider-30-papaya-lava\/#primaryimage"},"thumbnailUrl":"https:\/\/xstyle.md\/wp-content\/uploads\/2021\/01\/deuter-freerider-30-papaya-lava.jpg","datePublished":"2021-01-11T13:24:05+00:00","dateModified":"2026-03-19T13:41:05+00:00","description":"Descoperi\u021bi lumea aventurilor cu rucsacul Deuter Freerider 30 papaya-lava. U\u0219or \u0219i rezistent, ideal pentru alpinism \u0219i activit\u0103\u021bi \u00een aer liber!","breadcrumb":{"@id":"https:\/\/xstyle.md\/product\/rjukzak-deuter-freerider-30-papaya-lava\/#breadcrumb"},"inLanguage":"ro-RO","potentialAction":[{"@type":"ReadAction","target":["https:\/\/xstyle.md\/product\/rjukzak-deuter-freerider-30-papaya-lava\/"]}]},{"@type":"ImageObject","inLanguage":"ro-RO","@id":"https:\/\/xstyle.md\/product\/rjukzak-deuter-freerider-30-papaya-lava\/#primaryimage","url":"https:\/\/xstyle.md\/wp-content\/uploads\/2021\/01\/deuter-freerider-30-papaya-lava.jpg","contentUrl":"https:\/\/xstyle.md\/wp-content\/uploads\/2021\/01\/deuter-freerider-30-papaya-lava.jpg","width":1920,"height":1902,"caption":"\u0420\u044e\u043a\u0437\u0430\u043a Deuter Freerider 30 papaya-lava \u0434\u043b\u044f \u0430\u043a\u0442\u0438\u0432\u043d\u043e\u0433\u043e \u043e\u0442\u0434\u044b\u0445\u0430, \u043f\u043e\u0445\u043e\u0434\u043e\u0432 \u0438 \u043f\u0443\u0442\u0435\u0448\u0435\u0441\u0442\u0432\u0438\u0439, \u043e\u0434\u0435\u0436\u0434\u0430 \u0438 \u043e\u0431\u0443\u0432\u044c \u0434\u043b\u044f \u0430\u043b\u044c\u043f\u0438\u043d\u0438\u0437\u043c\u0430, \u0445\u0430\u0439\u043a\u0438\u043d\u0433\u0430 \u0438 \u0442\u0443\u0440\u0438\u0437\u043c\u0430"},{"@type":"BreadcrumbList","@id":"https:\/\/xstyle.md\/product\/rjukzak-deuter-freerider-30-papaya-lava\/#breadcrumb","itemListElement":[{"@type":"ListItem","position":1,"name":"\u0413\u043b\u0430\u0432\u043d\u0430\u044f \u0441\u0442\u0440\u0430\u043d\u0438\u0446\u0430","item":"https:\/\/xstyle.md\/"},{"@type":"ListItem","position":2,"name":"\u041c\u0430\u0433\u0430\u0437\u0438\u043d","item":"https:\/\/xstyle.md\/shop\/"},{"@type":"ListItem","position":3,"name":"\u0420\u044e\u043a\u0437\u0430\u043a Deuter Freerider 30 papaya-lava"}]},{"@type":"WebSite","@id":"https:\/\/xstyle.md\/#website","url":"https:\/\/xstyle.md\/","name":"Magazinul X-Style","description":"Echipamente pentru turism \u0219i sporturi extreme \u00een Moldova. Pre\u021buri, fotografii, caracteristici \u00een Moldova.","publisher":{"@id":"https:\/\/xstyle.md\/#organization"},"alternateName":"X-Style","potentialAction":[{"@type":"SearchAction","target":{"@type":"EntryPoint","urlTemplate":"https:\/\/xstyle.md\/?s={search_term_string}"},"query-input":{"@type":"PropertyValueSpecification","valueRequired":true,"valueName":"search_term_string"}}],"inLanguage":"ro-RO"},{"@type":"Organization","@id":"https:\/\/xstyle.md\/#organization","name":"Magazinul X-Style","alternateName":"x-style","url":"https:\/\/xstyle.md\/","logo":{"@type":"ImageObject","inLanguage":"ro-RO","@id":"https:\/\/xstyle.md\/#\/schema\/logo\/image\/","url":"https:\/\/xstyle.md\/wp-content\/uploads\/2020\/06\/logoicon.svg","contentUrl":"https:\/\/xstyle.md\/wp-content\/uploads\/2020\/06\/logoicon.svg","caption":"\u041c\u0430\u0433\u0430\u0437\u0438\u043d Xstyle"},"image":{"@id":"https:\/\/xstyle.md\/#\/schema\/logo\/image\/"},"sameAs":["https:\/\/www.facebook.com\/xstylemd","https:\/\/www.instagram.com\/xstyle_md\/","https:\/\/t.me\/xstyle_outdoor"],"hasMerchantReturnPolicy":{"@type":"MerchantReturnPolicy","merchantReturnLink":"https:\/\/xstyle.md\/ro\/conditions\/"}}]},"product_price_amount":"3100.00","product_price_currency":"MDL","og_availability":"instock","product_availability":"instock","product_retailer_item_id":"4046051108230","product_condition":"new"},"post_mailing_queue_ids":[],"_links":{"self":[{"href":"https:\/\/xstyle.md\/ro\/wp-json\/wp\/v2\/product\/27381","targetHints":{"allow":["GET"]}}],"collection":[{"href":"https:\/\/xstyle.md\/ro\/wp-json\/wp\/v2\/product"}],"about":[{"href":"https:\/\/xstyle.md\/ro\/wp-json\/wp\/v2\/types\/product"}],"replies":[{"embeddable":true,"href":"https:\/\/xstyle.md\/ro\/wp-json\/wp\/v2\/comments?post=27381"}],"wp:featuredmedia":[{"embeddable":true,"href":"https:\/\/xstyle.md\/ro\/wp-json\/wp\/v2\/media\/69720"}],"wp:attachment":[{"href":"https:\/\/xstyle.md\/ro\/wp-json\/wp\/v2\/media?parent=27381"}],"wp:term":[{"taxonomy":"product_brand","embeddable":true,"href":"https:\/\/xstyle.md\/ro\/wp-json\/wp\/v2\/product_brand?post=27381"},{"taxonomy":"product_cat","embeddable":true,"href":"https:\/\/xstyle.md\/ro\/wp-json\/wp\/v2\/product_cat?post=27381"},{"taxonomy":"product_tag","embeddable":true,"href":"https:\/\/xstyle.md\/ro\/wp-json\/wp\/v2\/product_tag?post=27381"}],"curies":[{"name":"wp","href":"https:\/\/api.w.org\/{rel}","templated":true}]}}