{"id":27378,"date":"2021-01-11T16:24:04","date_gmt":"2021-01-11T13:24:04","guid":{"rendered":"https:\/\/xstyle.md\/product\/podsedelnaja-sumka-deuter-bike-race-i\/"},"modified":"2026-03-19T16:41:04","modified_gmt":"2026-03-19T13:41:04","slug":"podsedelnaja-sumka-deuter-bike-race-i","status":"publish","type":"product","link":"https:\/\/xstyle.md\/ro\/produs\/podsedelnaja-sumka-deuter-bike-race-i\/","title":{"rendered":"Geant\u0103 Deuter Bike Race I"},"content":{"rendered":"<\/p>\n<p>Geanta de sub \u0219a <strong>Deuter Bike Race I<\/strong> pentru bicicli\u0219ti \u0219i mountain bikeri. \u00cen ea pot \u00eenc\u0103pea cu u\u0219urin\u021b\u0103 un tub de biciclet\u0103, chei \u0219i uneltele necesare. C\u0103ptu\u0219eala de culoare deschis\u0103 face ca \u0219i \u0219uruburile mici s\u0103 fie u\u0219or de g\u0103sit. \u021aes\u0103tura gen\u021bii este u\u0219or de cur\u0103\u021bat. Se fixeaz\u0103 u\u0219or \u0219i sigur pe \u0219a cu ajutorul \u00eenchiz\u0103toarei Velcro.<\/p>\n<h3>Particularit\u0103\u021bi<\/h3>\n<ul>\n<li>Husa compact\u0103 \u0219i u\u0219oar\u0103, cu fermoar, permite p\u0103strarea aparatului foto, a banilor \u0219i a cheilor<\/li>\n<li>C\u00e2rlig \u0219i curea pentru fixarea gen\u021bii pe tubul de \u0219a<\/li>\n<li>Montare pentru o lantern\u0103<\/li>\n<li>Reflectoare 3M<\/li>\n<li>Material exterior rezistent, lavabil, pe partea inferioar\u0103 a gen\u021bii.<\/li>\n<\/ul>\n<h3>Caracteristici<\/h3>\n<ul>\n<li>Greutate &#8212; 45 g<\/li>\n<li>Volum &#8212; 0,3 litri<\/li>\n<li>Dimensiuni &#8212; 6 x 7 x 13 cm<\/li>\n<li>Material &#8212; Matrix RS 150D<\/li>\n<li>Destina\u021bie &#8212; drume\u021bii, trekking, utilizare zilnic\u0103<\/li>\n<li>Model &#8212; unisex.<\/li>\n<\/ul>\n<h3>Tehnologie<\/h3>\n<ul>\n<li><strong>Matrix RS 150D<\/strong> &#8212; material din nailon durabil \u0219i u\u0219or, m\u0103t\u0103sos la atingere. Are o structur\u0103 cu \u021bes\u0103tur\u0103 diagonal\u0103 pentru o rezisten\u021b\u0103 ridicat\u0103 la abraziune. Acoperirea PU garanteaz\u0103 o rezisten\u021b\u0103 excelent\u0103 la ap\u0103.<\/li>\n<\/ul>\n<h3>Marca<\/h3>\n<p>Deuter este o marc\u0103 german\u0103 de gen\u021bi de sport \u0219i gen\u021bi pentru drume\u021bii, trekking, sporturi de iarn\u0103 \u0219i alte scopuri. Istoria companiei dateaz\u0103 de mai bine de 100 de ani: fondat\u0103 de Hans Deuter \u00een 1898, la \u00eenceputul secolului XX Deuter furniza deja saci po\u0219tali pentru Po\u0219ta Regal\u0103 Bavarez\u0103, iar \u00een anii 1910 &#8212; rucsaci, gen\u021bi, curele \u0219i corturi pentru armat\u0103.<\/p>\n<p>Fiind unul dintre cei mai importan\u021bi produc\u0103tori de rucsacuri, Deuter a cooperat \u00eentotdeauna cu alpini\u0219ti experimenta\u021bi, care \u00eemp\u0103rt\u0103\u0219esc din experien\u021ba \u0219i cuno\u0219tin\u021bele lor bogate. Deuter nu se opre\u0219te la rezultatele ob\u021binute, lucr\u00e2nd \u00een mod constant la calitate \u0219i la \u00eembun\u0103t\u0103\u021birea produselor sale. Speciali\u0219tii companiei sunt mereu \u00een c\u0103utarea de noi solu\u021bii tehnice care s\u0103 v\u0103 asigure confortul \u0219i siguran\u021ba.<\/p>\n<p><\/p>","protected":false},"excerpt":{"rendered":"<p>Geant\u0103 Deuter Bike Race I<\/p>","protected":false},"featured_media":29344,"comment_status":"open","ping_status":"closed","template":"","meta":{"_acf_changed":false,"inline_featured_image":false},"product_brand":[1261],"product_cat":[845],"product_tag":[],"class_list":{"0":"post-27378","1":"product","2":"type-product","3":"status-publish","4":"has-post-thumbnail","6":"product_brand-deuter","7":"product_cat-backpacks-velo","9":"first","10":"instock","11":"shipping-taxable","12":"purchasable","13":"product-type-simple"},"acf":[],"yoast_head":"<!-- This site is optimized with the Yoast SEO plugin v27.4 - https:\/\/yoast.com\/product\/yoast-seo-wordpress\/ -->\n<title>\u041f\u043e\u0434\u0441\u0435\u0434\u0435\u043b\u044c\u043d\u0430\u044f \u0441\u0443\u043c\u043a\u0430 Deuter Bike Race I - \u041c\u0430\u0433\u0430\u0437\u0438\u043d Xstyle<\/title>\n<meta name=\"description\" content=\"\u041f\u043e\u0434\u0441\u0435\u0434\u0435\u043b\u044c\u043d\u0430\u044f \u0441\u0443\u043c\u043a\u0430 Deuter Bike Race I \u2014 \u0438\u0434\u0435\u0430\u043b\u044c\u043d\u044b\u0439 \u0432\u044b\u0431\u043e\u0440 \u0434\u043b\u044f \u0432\u0435\u043b\u043e\u0441\u0438\u043f\u0435\u0434\u0438\u0441\u0442\u043e\u0432. \u0412\u043c\u0435\u0441\u0442\u0438\u0442\u0435\u043b\u044c\u043d\u0430\u044f, \u043b\u0435\u0433\u043a\u0430\u044f \u0432 \u0447\u0438\u0441\u0442\u043a\u0435, \u0443\u0434\u043e\u0431\u043d\u043e \u043a\u0440\u0435\u043f\u0438\u0442\u0441\u044f. \u0425\u0440\u0430\u043d\u0438\u0442\u0435 \u0432\u0441\u0435 \u043d\u0435\u043e\u0431\u0445\u043e\u0434\u0438\u043c\u043e\u0435 \u043f\u043e\u0434 \u0440\u0443\u043a\u043e\u0439!\" \/>\n<meta name=\"robots\" content=\"index, follow, max-snippet:-1, max-image-preview:large, max-video-preview:-1\" \/>\n<link rel=\"canonical\" href=\"https:\/\/xstyle.md\/ro\/produs\/podsedelnaja-sumka-deuter-bike-race-i\/\" \/>\n<meta property=\"og:locale\" content=\"ro_RO\" \/>\n<meta property=\"og:type\" content=\"article\" \/>\n<meta property=\"og:title\" content=\"\u041f\u043e\u0434\u0441\u0435\u0434\u0435\u043b\u044c\u043d\u0430\u044f \u0441\u0443\u043c\u043a\u0430 Deuter Bike Race I - \u041c\u0430\u0433\u0430\u0437\u0438\u043d Xstyle\" \/>\n<meta property=\"og:description\" content=\"\u041f\u043e\u0434\u0441\u0435\u0434\u0435\u043b\u044c\u043d\u0430\u044f \u0441\u0443\u043c\u043a\u0430 Deuter Bike Race I \u2014 \u0438\u0434\u0435\u0430\u043b\u044c\u043d\u044b\u0439 \u0432\u044b\u0431\u043e\u0440 \u0434\u043b\u044f \u0432\u0435\u043b\u043e\u0441\u0438\u043f\u0435\u0434\u0438\u0441\u0442\u043e\u0432. \u0412\u043c\u0435\u0441\u0442\u0438\u0442\u0435\u043b\u044c\u043d\u0430\u044f, \u043b\u0435\u0433\u043a\u0430\u044f \u0432 \u0447\u0438\u0441\u0442\u043a\u0435, \u0443\u0434\u043e\u0431\u043d\u043e \u043a\u0440\u0435\u043f\u0438\u0442\u0441\u044f. \u0425\u0440\u0430\u043d\u0438\u0442\u0435 \u0432\u0441\u0435 \u043d\u0435\u043e\u0431\u0445\u043e\u0434\u0438\u043c\u043e\u0435 \u043f\u043e\u0434 \u0440\u0443\u043a\u043e\u0439!\" \/>\n<meta property=\"og:url\" content=\"https:\/\/xstyle.md\/ro\/produs\/podsedelnaja-sumka-deuter-bike-race-i\/\" \/>\n<meta property=\"og:site_name\" content=\"\u041c\u0430\u0433\u0430\u0437\u0438\u043d Xstyle\" \/>\n<meta property=\"article:publisher\" content=\"https:\/\/www.facebook.com\/xstylemd\" \/>\n<meta property=\"article:modified_time\" content=\"2026-03-19T13:41:04+00:00\" \/>\n<meta property=\"og:image\" content=\"https:\/\/xstyle.md\/wp-content\/uploads\/2021\/04\/file_13_1.png\" \/>\n\t<meta property=\"og:image:width\" content=\"485\" \/>\n\t<meta property=\"og:image:height\" content=\"646\" \/>\n\t<meta property=\"og:image:type\" content=\"image\/png\" \/>\n<meta name=\"twitter:card\" content=\"summary_large_image\" \/>\n<meta name=\"twitter:label1\" content=\"Pre\u021b\" \/>\n\t<meta name=\"twitter:data1\" content=\"295&nbsp;MDL\" \/>\n\t<meta name=\"twitter:label2\" content=\"Disponibilitate\" \/>\n\t<meta name=\"twitter:data2\" content=\"\u00cen stoc\" \/>\n<script type=\"application\/ld+json\" class=\"yoast-schema-graph\">{\"@context\":\"https:\\\/\\\/schema.org\",\"@graph\":[{\"@type\":\"WebPage\",\"@id\":\"https:\\\/\\\/xstyle.md\\\/product\\\/podsedelnaja-sumka-deuter-bike-race-i\\\/\",\"url\":\"https:\\\/\\\/xstyle.md\\\/product\\\/podsedelnaja-sumka-deuter-bike-race-i\\\/\",\"name\":\"\u041f\u043e\u0434\u0441\u0435\u0434\u0435\u043b\u044c\u043d\u0430\u044f \u0441\u0443\u043c\u043a\u0430 Deuter Bike Race I - \u041c\u0430\u0433\u0430\u0437\u0438\u043d Xstyle\",\"isPartOf\":{\"@id\":\"https:\\\/\\\/xstyle.md\\\/#website\"},\"primaryImageOfPage\":{\"@id\":\"https:\\\/\\\/xstyle.md\\\/product\\\/podsedelnaja-sumka-deuter-bike-race-i\\\/#primaryimage\"},\"image\":{\"@id\":\"https:\\\/\\\/xstyle.md\\\/product\\\/podsedelnaja-sumka-deuter-bike-race-i\\\/#primaryimage\"},\"thumbnailUrl\":\"https:\\\/\\\/xstyle.md\\\/wp-content\\\/uploads\\\/2021\\\/04\\\/file_13_1.png\",\"datePublished\":\"2021-01-11T13:24:04+00:00\",\"dateModified\":\"2026-03-19T13:41:04+00:00\",\"description\":\"\u041f\u043e\u0434\u0441\u0435\u0434\u0435\u043b\u044c\u043d\u0430\u044f \u0441\u0443\u043c\u043a\u0430 Deuter Bike Race I \u2014 \u0438\u0434\u0435\u0430\u043b\u044c\u043d\u044b\u0439 \u0432\u044b\u0431\u043e\u0440 \u0434\u043b\u044f \u0432\u0435\u043b\u043e\u0441\u0438\u043f\u0435\u0434\u0438\u0441\u0442\u043e\u0432. \u0412\u043c\u0435\u0441\u0442\u0438\u0442\u0435\u043b\u044c\u043d\u0430\u044f, \u043b\u0435\u0433\u043a\u0430\u044f \u0432 \u0447\u0438\u0441\u0442\u043a\u0435, \u0443\u0434\u043e\u0431\u043d\u043e \u043a\u0440\u0435\u043f\u0438\u0442\u0441\u044f. \u0425\u0440\u0430\u043d\u0438\u0442\u0435 \u0432\u0441\u0435 \u043d\u0435\u043e\u0431\u0445\u043e\u0434\u0438\u043c\u043e\u0435 \u043f\u043e\u0434 \u0440\u0443\u043a\u043e\u0439!\",\"breadcrumb\":{\"@id\":\"https:\\\/\\\/xstyle.md\\\/product\\\/podsedelnaja-sumka-deuter-bike-race-i\\\/#breadcrumb\"},\"inLanguage\":\"ro-RO\",\"potentialAction\":[{\"@type\":\"ReadAction\",\"target\":[\"https:\\\/\\\/xstyle.md\\\/product\\\/podsedelnaja-sumka-deuter-bike-race-i\\\/\"]}]},{\"@type\":\"ImageObject\",\"inLanguage\":\"ro-RO\",\"@id\":\"https:\\\/\\\/xstyle.md\\\/product\\\/podsedelnaja-sumka-deuter-bike-race-i\\\/#primaryimage\",\"url\":\"https:\\\/\\\/xstyle.md\\\/wp-content\\\/uploads\\\/2021\\\/04\\\/file_13_1.png\",\"contentUrl\":\"https:\\\/\\\/xstyle.md\\\/wp-content\\\/uploads\\\/2021\\\/04\\\/file_13_1.png\",\"width\":485,\"height\":646},{\"@type\":\"BreadcrumbList\",\"@id\":\"https:\\\/\\\/xstyle.md\\\/product\\\/podsedelnaja-sumka-deuter-bike-race-i\\\/#breadcrumb\",\"itemListElement\":[{\"@type\":\"ListItem\",\"position\":1,\"name\":\"\u0413\u043b\u0430\u0432\u043d\u0430\u044f \u0441\u0442\u0440\u0430\u043d\u0438\u0446\u0430\",\"item\":\"https:\\\/\\\/xstyle.md\\\/\"},{\"@type\":\"ListItem\",\"position\":2,\"name\":\"\u041c\u0430\u0433\u0430\u0437\u0438\u043d\",\"item\":\"https:\\\/\\\/xstyle.md\\\/shop\\\/\"},{\"@type\":\"ListItem\",\"position\":3,\"name\":\"\u041f\u043e\u0434\u0441\u0435\u0434\u0435\u043b\u044c\u043d\u0430\u044f \u0441\u0443\u043c\u043a\u0430 Deuter Bike Race I\"}]},{\"@type\":\"WebSite\",\"@id\":\"https:\\\/\\\/xstyle.md\\\/#website\",\"url\":\"https:\\\/\\\/xstyle.md\\\/\",\"name\":\"\u041c\u0430\u0433\u0430\u0437\u0438\u043d Xstyle\",\"description\":\"C\u043d\u0430\u0440\u044f\u0436\u0435\u043d\u0438\u0435 \u0434\u043b\u044f \u0442\u0443\u0440\u0438\u0437\u043c\u0430 \u0438 \u044d\u043a\u0441\u0442\u0440\u0435\u043c\u0430\u043b\u044c\u043d\u044b\u0445 \u0432\u0438\u0434\u043e\u0432 \u0441\u043f\u043e\u0440\u0442\u0430 \u0432 \u041c\u043e\u043b\u0434\u043e\u0432\u0435.. \u0426\u0435\u043d\u044b, \u0444\u043e\u0442\u043e, \u0445\u0430\u0440\u0430\u043a\u0442\u0435\u0440\u0438\u0441\u0442\u0438\u043a\u0438 \u0432 \u041c\u043e\u043b\u0434\u043e\u0432\u0435.\",\"publisher\":{\"@id\":\"https:\\\/\\\/xstyle.md\\\/#organization\"},\"alternateName\":\"X-Style\",\"potentialAction\":[{\"@type\":\"SearchAction\",\"target\":{\"@type\":\"EntryPoint\",\"urlTemplate\":\"https:\\\/\\\/xstyle.md\\\/?s={search_term_string}\"},\"query-input\":{\"@type\":\"PropertyValueSpecification\",\"valueRequired\":true,\"valueName\":\"search_term_string\"}}],\"inLanguage\":\"ro-RO\"},{\"@type\":\"Organization\",\"@id\":\"https:\\\/\\\/xstyle.md\\\/#organization\",\"name\":\"\u041c\u0430\u0433\u0430\u0437\u0438\u043d Xstyle\",\"alternateName\":\"x-style\",\"url\":\"https:\\\/\\\/xstyle.md\\\/\",\"logo\":{\"@type\":\"ImageObject\",\"inLanguage\":\"ro-RO\",\"@id\":\"https:\\\/\\\/xstyle.md\\\/#\\\/schema\\\/logo\\\/image\\\/\",\"url\":\"https:\\\/\\\/xstyle.md\\\/wp-content\\\/uploads\\\/2020\\\/06\\\/logoicon.svg\",\"contentUrl\":\"https:\\\/\\\/xstyle.md\\\/wp-content\\\/uploads\\\/2020\\\/06\\\/logoicon.svg\",\"caption\":\"\u041c\u0430\u0433\u0430\u0437\u0438\u043d Xstyle\"},\"image\":{\"@id\":\"https:\\\/\\\/xstyle.md\\\/#\\\/schema\\\/logo\\\/image\\\/\"},\"sameAs\":[\"https:\\\/\\\/www.facebook.com\\\/xstylemd\",\"https:\\\/\\\/www.instagram.com\\\/xstyle_md\\\/\",\"https:\\\/\\\/t.me\\\/xstyle_outdoor\"],\"hasMerchantReturnPolicy\":{\"@type\":\"MerchantReturnPolicy\",\"merchantReturnLink\":\"https:\\\/\\\/xstyle.md\\\/ro\\\/conditions\\\/\"}}]}<\/script>\n<meta property=\"product:price:amount\" content=\"295.00\" \/>\n<meta property=\"product:price:currency\" content=\"MDL\" \/>\n<meta property=\"og:availability\" content=\"instock\" \/>\n<meta property=\"product:availability\" content=\"instock\" \/>\n<meta property=\"product:retailer_item_id\" content=\"4046051079301\" \/>\n<meta property=\"product:condition\" content=\"new\" \/>\n<!-- \/ Yoast SEO plugin. -->","yoast_head_json":{"title":"Geant\u0103 de \u0219a Deuter Bike Race I - Magazin Xstyle","description":"Cureaua de sub \u0219a Deuter Bike Race I este alegerea ideal\u0103 pentru bicicli\u0219ti. Spa\u021bioas\u0103, u\u0219or de cur\u0103\u021bat, se prinde convenabil. P\u0103stra\u021bi tot ce ave\u021bi nevoie la \u00eendem\u00e2n\u0103!","robots":{"index":"index","follow":"follow","max-snippet":"max-snippet:-1","max-image-preview":"max-image-preview:large","max-video-preview":"max-video-preview:-1"},"canonical":"https:\/\/xstyle.md\/ro\/produs\/podsedelnaja-sumka-deuter-bike-race-i\/","og_locale":"ro_RO","og_type":"article","og_title":"\u041f\u043e\u0434\u0441\u0435\u0434\u0435\u043b\u044c\u043d\u0430\u044f \u0441\u0443\u043c\u043a\u0430 Deuter Bike Race I - \u041c\u0430\u0433\u0430\u0437\u0438\u043d Xstyle","og_description":"\u041f\u043e\u0434\u0441\u0435\u0434\u0435\u043b\u044c\u043d\u0430\u044f \u0441\u0443\u043c\u043a\u0430 Deuter Bike Race I \u2014 \u0438\u0434\u0435\u0430\u043b\u044c\u043d\u044b\u0439 \u0432\u044b\u0431\u043e\u0440 \u0434\u043b\u044f \u0432\u0435\u043b\u043e\u0441\u0438\u043f\u0435\u0434\u0438\u0441\u0442\u043e\u0432. \u0412\u043c\u0435\u0441\u0442\u0438\u0442\u0435\u043b\u044c\u043d\u0430\u044f, \u043b\u0435\u0433\u043a\u0430\u044f \u0432 \u0447\u0438\u0441\u0442\u043a\u0435, \u0443\u0434\u043e\u0431\u043d\u043e \u043a\u0440\u0435\u043f\u0438\u0442\u0441\u044f. \u0425\u0440\u0430\u043d\u0438\u0442\u0435 \u0432\u0441\u0435 \u043d\u0435\u043e\u0431\u0445\u043e\u0434\u0438\u043c\u043e\u0435 \u043f\u043e\u0434 \u0440\u0443\u043a\u043e\u0439!","og_url":"https:\/\/xstyle.md\/ro\/produs\/podsedelnaja-sumka-deuter-bike-race-i\/","og_site_name":"\u041c\u0430\u0433\u0430\u0437\u0438\u043d Xstyle","article_publisher":"https:\/\/www.facebook.com\/xstylemd","article_modified_time":"2026-03-19T13:41:04+00:00","og_image":[{"width":485,"height":646,"url":"https:\/\/xstyle.md\/wp-content\/uploads\/2021\/04\/file_13_1.png","type":"image\/png"}],"twitter_card":"summary_large_image","twitter_misc":{"Pre\u021b":"295&nbsp;MDL","Disponibilitate":"\u00cen stoc"},"schema":{"@context":"https:\/\/schema.org","@graph":[{"@type":"WebPage","@id":"https:\/\/xstyle.md\/product\/podsedelnaja-sumka-deuter-bike-race-i\/","url":"https:\/\/xstyle.md\/product\/podsedelnaja-sumka-deuter-bike-race-i\/","name":"Geant\u0103 de \u0219a Deuter Bike Race I - Magazin Xstyle","isPartOf":{"@id":"https:\/\/xstyle.md\/#website"},"primaryImageOfPage":{"@id":"https:\/\/xstyle.md\/product\/podsedelnaja-sumka-deuter-bike-race-i\/#primaryimage"},"image":{"@id":"https:\/\/xstyle.md\/product\/podsedelnaja-sumka-deuter-bike-race-i\/#primaryimage"},"thumbnailUrl":"https:\/\/xstyle.md\/wp-content\/uploads\/2021\/04\/file_13_1.png","datePublished":"2021-01-11T13:24:04+00:00","dateModified":"2026-03-19T13:41:04+00:00","description":"Cureaua de sub \u0219a Deuter Bike Race I este alegerea ideal\u0103 pentru bicicli\u0219ti. Spa\u021bioas\u0103, u\u0219or de cur\u0103\u021bat, se prinde convenabil. P\u0103stra\u021bi tot ce ave\u021bi nevoie la \u00eendem\u00e2n\u0103!","breadcrumb":{"@id":"https:\/\/xstyle.md\/product\/podsedelnaja-sumka-deuter-bike-race-i\/#breadcrumb"},"inLanguage":"ro-RO","potentialAction":[{"@type":"ReadAction","target":["https:\/\/xstyle.md\/product\/podsedelnaja-sumka-deuter-bike-race-i\/"]}]},{"@type":"ImageObject","inLanguage":"ro-RO","@id":"https:\/\/xstyle.md\/product\/podsedelnaja-sumka-deuter-bike-race-i\/#primaryimage","url":"https:\/\/xstyle.md\/wp-content\/uploads\/2021\/04\/file_13_1.png","contentUrl":"https:\/\/xstyle.md\/wp-content\/uploads\/2021\/04\/file_13_1.png","width":485,"height":646},{"@type":"BreadcrumbList","@id":"https:\/\/xstyle.md\/product\/podsedelnaja-sumka-deuter-bike-race-i\/#breadcrumb","itemListElement":[{"@type":"ListItem","position":1,"name":"\u0413\u043b\u0430\u0432\u043d\u0430\u044f \u0441\u0442\u0440\u0430\u043d\u0438\u0446\u0430","item":"https:\/\/xstyle.md\/"},{"@type":"ListItem","position":2,"name":"\u041c\u0430\u0433\u0430\u0437\u0438\u043d","item":"https:\/\/xstyle.md\/shop\/"},{"@type":"ListItem","position":3,"name":"\u041f\u043e\u0434\u0441\u0435\u0434\u0435\u043b\u044c\u043d\u0430\u044f \u0441\u0443\u043c\u043a\u0430 Deuter Bike Race I"}]},{"@type":"WebSite","@id":"https:\/\/xstyle.md\/#website","url":"https:\/\/xstyle.md\/","name":"Magazinul X-Style","description":"Echipamente pentru turism \u0219i sporturi extreme \u00een Moldova. Pre\u021buri, fotografii, caracteristici \u00een Moldova.","publisher":{"@id":"https:\/\/xstyle.md\/#organization"},"alternateName":"X-Style","potentialAction":[{"@type":"SearchAction","target":{"@type":"EntryPoint","urlTemplate":"https:\/\/xstyle.md\/?s={search_term_string}"},"query-input":{"@type":"PropertyValueSpecification","valueRequired":true,"valueName":"search_term_string"}}],"inLanguage":"ro-RO"},{"@type":"Organization","@id":"https:\/\/xstyle.md\/#organization","name":"Magazinul X-Style","alternateName":"x-style","url":"https:\/\/xstyle.md\/","logo":{"@type":"ImageObject","inLanguage":"ro-RO","@id":"https:\/\/xstyle.md\/#\/schema\/logo\/image\/","url":"https:\/\/xstyle.md\/wp-content\/uploads\/2020\/06\/logoicon.svg","contentUrl":"https:\/\/xstyle.md\/wp-content\/uploads\/2020\/06\/logoicon.svg","caption":"\u041c\u0430\u0433\u0430\u0437\u0438\u043d Xstyle"},"image":{"@id":"https:\/\/xstyle.md\/#\/schema\/logo\/image\/"},"sameAs":["https:\/\/www.facebook.com\/xstylemd","https:\/\/www.instagram.com\/xstyle_md\/","https:\/\/t.me\/xstyle_outdoor"],"hasMerchantReturnPolicy":{"@type":"MerchantReturnPolicy","merchantReturnLink":"https:\/\/xstyle.md\/ro\/conditions\/"}}]},"product_price_amount":"295.00","product_price_currency":"MDL","og_availability":"instock","product_availability":"instock","product_retailer_item_id":"4046051079301","product_condition":"new"},"_links":{"self":[{"href":"https:\/\/xstyle.md\/ro\/wp-json\/wp\/v2\/product\/27378","targetHints":{"allow":["GET"]}}],"collection":[{"href":"https:\/\/xstyle.md\/ro\/wp-json\/wp\/v2\/product"}],"about":[{"href":"https:\/\/xstyle.md\/ro\/wp-json\/wp\/v2\/types\/product"}],"replies":[{"embeddable":true,"href":"https:\/\/xstyle.md\/ro\/wp-json\/wp\/v2\/comments?post=27378"}],"wp:featuredmedia":[{"embeddable":true,"href":"https:\/\/xstyle.md\/ro\/wp-json\/wp\/v2\/media\/29344"}],"wp:attachment":[{"href":"https:\/\/xstyle.md\/ro\/wp-json\/wp\/v2\/media?parent=27378"}],"wp:term":[{"taxonomy":"product_brand","embeddable":true,"href":"https:\/\/xstyle.md\/ro\/wp-json\/wp\/v2\/product_brand?post=27378"},{"taxonomy":"product_cat","embeddable":true,"href":"https:\/\/xstyle.md\/ro\/wp-json\/wp\/v2\/product_cat?post=27378"},{"taxonomy":"product_tag","embeddable":true,"href":"https:\/\/xstyle.md\/ro\/wp-json\/wp\/v2\/product_tag?post=27378"}],"curies":[{"name":"wp","href":"https:\/\/api.w.org\/{rel}","templated":true}]}}