{"id":27303,"date":"2021-01-11T16:23:30","date_gmt":"2021-01-11T13:23:30","guid":{"rendered":"https:\/\/xstyle.md\/product\/kaska-singing-rock-flash-industry\/"},"modified":"2024-10-23T10:35:47","modified_gmt":"2024-10-23T07:35:47","slug":"kaska-singing-rock-flash-industry","status":"publish","type":"product","link":"https:\/\/xstyle.md\/ro\/produs\/kaska-singing-rock-flash-industry\/","title":{"rendered":"Casc\u0103 Singing Rock Flash Industry"},"content":{"rendered":"<p>\u041a\u0430\u0441\u043a\u0430 <strong>Singing Rock Flash Industry<\/strong> &#8212;\u00a0\u043d\u0430\u0434\u0435\u0436\u043d\u0430\u044f \u0438 \u0434\u043e\u043b\u0433\u043e\u0432\u0435\u0447\u043d\u0430\u044f \u043a\u0430\u0441\u043a\u0430 \u0440\u0430\u0437\u0440\u0430\u0431\u043e\u0442\u0430\u043d\u043d\u0430\u044f \u0441\u043f\u0435\u0446\u0438\u0430\u043b\u044c\u043d\u043e \u0434\u043b\u044f \u043f\u0440\u0438\u043c\u0435\u043d\u0435\u043d\u0438\u044f \u0432 \u0442\u044f\u0436\u0435\u043b\u044b\u0445 \u0443\u0441\u043b\u043e\u0432\u0438\u044f\u0445.<\/p>\n<p>\u041f\u0440\u043e\u0444\u0435\u0441\u0441\u0438\u043e\u043d\u0430\u043b\u044c\u043d\u0430\u044f \u0437\u0430\u0449\u0438\u0442\u043d\u0430\u044f \u043a\u0430\u0441\u043a\u0430 \u0434\u043b\u044f \u043f\u0440\u043e\u043c\u044b\u0448\u043b\u0435\u043d\u043d\u044b\u0445 \u0440\u0430\u0431\u043e\u0442 \u0438 \u0441\u0442\u0440\u043e\u0438\u0442\u0435\u043b\u044c\u043d\u044b\u0445 \u043f\u043b\u043e\u0449\u0430\u0434\u043e\u043a. \u041f\u043e\u043b\u043d\u043e\u0441\u0442\u044c\u044e \u0441\u043e\u043e\u0442\u0432\u0435\u0442\u0441\u0442\u0432\u0443\u0435\u0442 \u0441\u0442\u0430\u043d\u0434\u0430\u0440\u0442\u0443 EN 397. \u0415\u0433\u043e \u043e\u0441\u043d\u043e\u0432\u043d\u0430\u044f \u0446\u0435\u043b\u044c &#8212; \u0437\u0430\u0449\u0438\u0442\u0438\u0442\u044c \u043f\u043e\u043b\u044c\u0437\u043e\u0432\u0430\u0442\u0435\u043b\u044f \u043e\u0442 \u043f\u0430\u0434\u0430\u044e\u0449\u0438\u0445 \u043f\u0440\u0435\u0434\u043c\u0435\u0442\u043e\u0432 \u0438 \u043d\u0430\u043f\u0440\u044f\u0436\u0435\u043d\u0438\u044f.<\/p>\n<h3>Particularit\u0103\u021bi<\/h3>\n<ul>\n<li>\u041f\u043e\u043b\u0430\u044f \u043a\u043e\u043c\u043f\u043e\u043d\u043e\u0432\u043a\u0430 \u043a\u0430\u0441\u043a\u0438, \u0438\u0437 ABS \u043f\u043b\u0430\u0441\u0442\u0438\u043a\u0430, \u0431\u0435\u0437 \u0432\u043d\u0443\u0442\u0440\u0435\u043d\u043d\u0435\u0439 \u043f\u043e\u0434\u043a\u043b\u0430\u0434\u043a\u0438 \u043e\u0431\u0435\u0441\u043f\u0435\u0447\u0438\u0432\u0430\u0435\u0442 \u043d\u0430\u0438\u043b\u0443\u0447\u0448\u0443\u044e \u0432\u0435\u043d\u0442\u0438\u043b\u044f\u0446\u0438\u044e<\/li>\n<li>\u041f\u043e\u043b\u043d\u043e\u0441\u0442\u044c\u044e \u0440\u0435\u0433\u0443\u043b\u0438\u0440\u0443\u0435\u043c\u0430\u044f \u043f\u043e\u0434\u0432\u0435\u0441\u043d\u0430\u044f \u0441\u0438\u0441\u0442\u0435\u043c\u0430<\/li>\n<li>\u0411\u044b\u0441\u0442\u0440\u044b\u0439, \u043b\u0435\u0433\u043a\u0438\u0439 \u0438 \u043f\u0440\u043e\u0447\u043d\u044b\u0439 \u043c\u0435\u0445\u0430\u043d\u0438\u0437\u043c \u0440\u0435\u0433\u0443\u043b\u0438\u0440\u043e\u0432\u043a\u0438 \u0440\u0430\u0437\u043c\u0435\u0440\u0430 \u043e\u0431\u0445\u0432\u0430\u0442\u0430 \u0433\u043e\u043b\u043e\u0432\u044b (53 &#8212; 63 \u0441\u043c)<\/li>\n<li>\u0421\u0438\u0441\u0442\u0435\u043c\u0430 \u043f\u043e\u0434\u0432\u0435\u0441\u043a\u0438 \u0438\u043c\u0435\u0435\u0442 \u0442\u0440\u0438 \u0443\u0440\u043e\u0432\u043d\u044f \u0443\u0441\u0442\u0430\u043d\u043e\u0432\u043a\u0438 \u043f\u043e \u0433\u043b\u0443\u0431\u0438\u043d\u0435<\/li>\n<li>\u0427\u0435\u0442\u044b\u0440\u0435 \u0434\u0435\u0440\u0436\u0430\u0442\u0435\u043b\u044f \u043f\u043e\u0437\u0432\u043e\u043b\u044f\u044e\u0442 \u0437\u0430\u043a\u0440\u0435\u043f\u0438\u0442\u044c \u043d\u0430 \u043a\u0430\u0441\u043a\u0435 \u043b\u044e\u0431\u043e\u0439 \u043d\u0430\u043b\u043e\u0431\u043d\u044b\u0439 \u0444\u043e\u043d\u0430\u0440\u044c<\/li>\n<li>\u0412\u043d\u0443\u0442\u0440\u0435\u043d\u043d\u0438\u0435 \u0441\u0442\u0440\u043e\u043f\u044b \u043b\u0435\u0433\u043a\u043e \u0441\u043d\u0438\u043c\u0430\u044e\u0442\u0441\u044f \u0438 \u0434\u043e\u043f\u0443\u0441\u043a\u0430\u044e\u0442 \u0440\u0443\u0447\u043d\u0443\u044e, \u0430 \u0442\u0430\u043a\u0436\u0435 \u043c\u0435\u0445\u0430\u043d\u0438\u0447\u0435\u0441\u043a\u0443\u044e \u0441\u0442\u0438\u0440\u043a\u0443<\/li>\n<li>\u0414\u0430\u043d\u043d\u0443\u044e \u043a\u0430\u0441\u043a\u0443 \u0431\u0435\u0437\u043e\u043f\u0430\u0441\u043d\u043e \u043f\u0440\u0438\u043c\u0435\u043d\u044f\u0442\u044c \u043f\u0440\u0438 \u0442\u0435\u043c\u043f\u0435\u0440\u0430\u0442\u0443\u0440\u0430\u0445 \u043e\u0442 -30 \u0434\u043e +50 \u0433\u0440\u0430\u0434\u0443\u0441\u043e\u0432 \u0446\u0435\u043b\u044c\u0441\u0438\u044f<\/li>\n<li>\u0421\u043f\u0435\u0446\u0438\u0430\u043b\u044c\u043d\u044b\u0435 \u043a\u0440\u0435\u043f\u043b\u0435\u043d\u0438\u044f \u043f\u043e\u0437\u0432\u043e\u043b\u044f\u044e\u0442 \u043f\u0440\u0438\u043c\u0435\u043d\u044f\u0442\u044c \u0431\u043e\u043b\u044c\u0448\u0438\u043d\u0441\u0442\u0432\u043e \u043d\u0430\u0443\u0448\u043d\u0438\u043a\u043e\u0432<\/li>\n<li>\u0412 \u043a\u043e\u043c\u043f\u043b\u0435\u043a\u0442 \u043f\u043e\u0441\u0442\u0430\u0432\u043a\u0438 \u0432\u043a\u043b\u044e\u0447\u0435\u043d\u044b \u0441\u0432\u0435\u0442\u043e\u043e\u0442\u0440\u0430\u0436\u0430\u044e\u0449\u0438\u0435 \u043d\u0430\u043a\u043b\u0435\u0439\u043a\u0438<\/li>\n<\/ul>\n<h3>Caracteristici<\/h3>\n<ul>\n<li>\u041c\u0430\u0442\u0435\u0440\u0438\u0430\u043b\u044b &#8212; ABS \u043f\u043b\u0430\u0441\u0442\u0438\u043a \/ \u043f\u043e\u043b\u0438\u043a\u0430\u0440\u0431\u043e\u043d\u0430\u0442<\/li>\n<li>\u0420\u0430\u0437\u043c\u0435\u0440 &#8212; 53-63 \u0441\u043c (\u043e\u0431\u0445\u0432\u0430\u0442 \u0433\u043e\u043b\u043e\u0432\u044b), 455 \u0433 (\u0432\u0435\u0441)<\/li>\n<li>\u0421\u0435\u0440\u0442\u0438\u0444\u0438\u043a\u0430\u0446\u0438\u044f &#8212; CE 1015, EN 397<\/li>\n<\/ul>\n<h3>Marca<\/h3>\n<p>SINGING ROCK \u2014 este o companie ceh\u0103 care se ocup\u0103 de produc\u021bia de echipamente pentru alpinism. A fost fondat\u0103 \u00een 1992 de doi alpini\u0219ti cehi \u0219i un om de afaceri belgian. Din momentul \u00eenfiin\u021b\u0103rii \u0219i p\u00e2n\u0103 \u00een prezent, compania a avut drept scop utilizarea celor mai moderne realiz\u0103ri \u0219i dezvolt\u0103ri \u00een produc\u021bie. SingingRock lucreaz\u0103 \u00eendeaproape cu mul\u021bi alpini\u0219ti renumi\u021bi care testeaz\u0103 produse noi \u0219i ale c\u0103ror opinii sunt \u00eentotdeauna luate \u00een considerare \u00een dezvoltare.<\/p>\n<p>Actualmente SINGING ROCK \u2014 este unul dintre liderii mondiali pe pia\u021ba echipamentelor profesionale pentru munca la \u00een\u0103l\u021bime, servicii militare \u0219i de urgen\u021b\u0103. Compania ofer\u0103 hamuri, cabluri, scripe\u021bi, instrumente de cobor\u00e2re, dispozitive de asigurare pentru lucru la \u00een\u0103l\u021bime, prinderi de ancor\u0103, linii de siguran\u021b\u0103 \u0219i alte echipamente necesare acestui tip de lucr\u0103ri. Toate aceste produse sunt dezvoltate \u0219i fabricate \u00een Republica Ceh\u0103, \u00een Europa. Sunt certificate \u0219i respect\u0103 \u00een totalitate standardele interna\u021bionale de siguran\u021b\u0103 a muncii.<\/p>","protected":false},"excerpt":{"rendered":"<p>Casc\u0103 Singing Rock Flash Industry<\/p>","protected":false},"featured_media":29205,"comment_status":"open","ping_status":"closed","template":"","meta":{"_acf_changed":false,"inline_featured_image":false},"product_brand":[1276],"product_cat":[106],"product_tag":[],"class_list":{"0":"post-27303","1":"product","2":"type-product","3":"status-publish","4":"has-post-thumbnail","6":"product_brand-singing-rock","7":"product_cat-ra-helmets","9":"first","10":"instock","11":"shipping-taxable","12":"purchasable","13":"product-type-simple"},"acf":[],"yoast_head":"<!-- This site is optimized with the Yoast SEO plugin v27.4 - https:\/\/yoast.com\/product\/yoast-seo-wordpress\/ -->\n<title>\u041a\u0430\u0441\u043a\u0430 Singing Rock Flash Industry - \u041c\u0430\u0433\u0430\u0437\u0438\u043d Xstyle<\/title>\n<meta name=\"description\" content=\"\u041a\u0430\u0441\u043a\u0430 Singing Rock Flash Industry: \u043d\u0430\u0434\u0435\u0436\u043d\u0430\u044f \u0437\u0430\u0449\u0438\u0442\u0430 \u0434\u043b\u044f \u043f\u0440\u043e\u0444\u0435\u0441\u0441\u0438\u043e\u043d\u0430\u043b\u043e\u0432. \u0421\u0435\u0440\u0442\u0438\u0444\u0438\u043a\u0430\u0446\u0438\u044f EN 397, \u043f\u043e\u0434\u0445\u043e\u0434\u0438\u0442 \u0434\u043b\u044f \u0440\u0430\u0437\u043c\u0435\u0440\u043e\u0432 53-63 \u0441\u043c. \u041a\u0430\u0447\u0435\u0441\u0442\u0432\u043e \u043e\u0442 Singing Rock!\" \/>\n<meta name=\"robots\" content=\"index, follow, max-snippet:-1, max-image-preview:large, max-video-preview:-1\" \/>\n<link rel=\"canonical\" href=\"https:\/\/xstyle.md\/ro\/produs\/kaska-singing-rock-flash-industry\/\" \/>\n<meta property=\"og:locale\" content=\"ro_RO\" \/>\n<meta property=\"og:type\" content=\"article\" \/>\n<meta property=\"og:title\" content=\"\u041a\u0430\u0441\u043a\u0430 Singing Rock Flash Industry - \u041c\u0430\u0433\u0430\u0437\u0438\u043d Xstyle\" \/>\n<meta property=\"og:description\" content=\"\u041a\u0430\u0441\u043a\u0430 Singing Rock Flash Industry: \u043d\u0430\u0434\u0435\u0436\u043d\u0430\u044f \u0437\u0430\u0449\u0438\u0442\u0430 \u0434\u043b\u044f \u043f\u0440\u043e\u0444\u0435\u0441\u0441\u0438\u043e\u043d\u0430\u043b\u043e\u0432. \u0421\u0435\u0440\u0442\u0438\u0444\u0438\u043a\u0430\u0446\u0438\u044f EN 397, \u043f\u043e\u0434\u0445\u043e\u0434\u0438\u0442 \u0434\u043b\u044f \u0440\u0430\u0437\u043c\u0435\u0440\u043e\u0432 53-63 \u0441\u043c. \u041a\u0430\u0447\u0435\u0441\u0442\u0432\u043e \u043e\u0442 Singing Rock!\" \/>\n<meta property=\"og:url\" content=\"https:\/\/xstyle.md\/ro\/produs\/kaska-singing-rock-flash-industry\/\" \/>\n<meta property=\"og:site_name\" content=\"\u041c\u0430\u0433\u0430\u0437\u0438\u043d Xstyle\" \/>\n<meta property=\"article:publisher\" content=\"https:\/\/www.facebook.com\/xstylemd\" \/>\n<meta property=\"article:modified_time\" content=\"2024-10-23T07:35:47+00:00\" \/>\n<meta property=\"og:image\" content=\"https:\/\/xstyle.md\/wp-content\/uploads\/2021\/04\/file_41_1.jpg\" \/>\n\t<meta property=\"og:image:width\" content=\"336\" \/>\n\t<meta property=\"og:image:height\" content=\"382\" \/>\n\t<meta property=\"og:image:type\" content=\"image\/jpeg\" \/>\n<meta name=\"twitter:card\" content=\"summary_large_image\" \/>\n<meta name=\"twitter:label1\" content=\"Pre\u021b\" \/>\n\t<meta name=\"twitter:data1\" content=\"1.290&nbsp;MDL\" \/>\n\t<meta name=\"twitter:label2\" content=\"Disponibilitate\" \/>\n\t<meta name=\"twitter:data2\" content=\"\u00cen stoc\" \/>\n<script type=\"application\/ld+json\" class=\"yoast-schema-graph\">{\"@context\":\"https:\\\/\\\/schema.org\",\"@graph\":[{\"@type\":\"WebPage\",\"@id\":\"https:\\\/\\\/xstyle.md\\\/product\\\/kaska-singing-rock-flash-industry\\\/\",\"url\":\"https:\\\/\\\/xstyle.md\\\/product\\\/kaska-singing-rock-flash-industry\\\/\",\"name\":\"\u041a\u0430\u0441\u043a\u0430 Singing Rock Flash Industry - \u041c\u0430\u0433\u0430\u0437\u0438\u043d Xstyle\",\"isPartOf\":{\"@id\":\"https:\\\/\\\/xstyle.md\\\/#website\"},\"primaryImageOfPage\":{\"@id\":\"https:\\\/\\\/xstyle.md\\\/product\\\/kaska-singing-rock-flash-industry\\\/#primaryimage\"},\"image\":{\"@id\":\"https:\\\/\\\/xstyle.md\\\/product\\\/kaska-singing-rock-flash-industry\\\/#primaryimage\"},\"thumbnailUrl\":\"https:\\\/\\\/xstyle.md\\\/wp-content\\\/uploads\\\/2021\\\/04\\\/file_41_1.jpg\",\"datePublished\":\"2021-01-11T13:23:30+00:00\",\"dateModified\":\"2024-10-23T07:35:47+00:00\",\"description\":\"\u041a\u0430\u0441\u043a\u0430 Singing Rock Flash Industry: \u043d\u0430\u0434\u0435\u0436\u043d\u0430\u044f \u0437\u0430\u0449\u0438\u0442\u0430 \u0434\u043b\u044f \u043f\u0440\u043e\u0444\u0435\u0441\u0441\u0438\u043e\u043d\u0430\u043b\u043e\u0432. \u0421\u0435\u0440\u0442\u0438\u0444\u0438\u043a\u0430\u0446\u0438\u044f EN 397, \u043f\u043e\u0434\u0445\u043e\u0434\u0438\u0442 \u0434\u043b\u044f \u0440\u0430\u0437\u043c\u0435\u0440\u043e\u0432 53-63 \u0441\u043c. \u041a\u0430\u0447\u0435\u0441\u0442\u0432\u043e \u043e\u0442 Singing Rock!\",\"breadcrumb\":{\"@id\":\"https:\\\/\\\/xstyle.md\\\/product\\\/kaska-singing-rock-flash-industry\\\/#breadcrumb\"},\"inLanguage\":\"ro-RO\",\"potentialAction\":[{\"@type\":\"ReadAction\",\"target\":[\"https:\\\/\\\/xstyle.md\\\/product\\\/kaska-singing-rock-flash-industry\\\/\"]}]},{\"@type\":\"ImageObject\",\"inLanguage\":\"ro-RO\",\"@id\":\"https:\\\/\\\/xstyle.md\\\/product\\\/kaska-singing-rock-flash-industry\\\/#primaryimage\",\"url\":\"https:\\\/\\\/xstyle.md\\\/wp-content\\\/uploads\\\/2021\\\/04\\\/file_41_1.jpg\",\"contentUrl\":\"https:\\\/\\\/xstyle.md\\\/wp-content\\\/uploads\\\/2021\\\/04\\\/file_41_1.jpg\",\"width\":336,\"height\":382},{\"@type\":\"BreadcrumbList\",\"@id\":\"https:\\\/\\\/xstyle.md\\\/product\\\/kaska-singing-rock-flash-industry\\\/#breadcrumb\",\"itemListElement\":[{\"@type\":\"ListItem\",\"position\":1,\"name\":\"\u0413\u043b\u0430\u0432\u043d\u0430\u044f \u0441\u0442\u0440\u0430\u043d\u0438\u0446\u0430\",\"item\":\"https:\\\/\\\/xstyle.md\\\/\"},{\"@type\":\"ListItem\",\"position\":2,\"name\":\"\u041c\u0430\u0433\u0430\u0437\u0438\u043d\",\"item\":\"https:\\\/\\\/xstyle.md\\\/shop\\\/\"},{\"@type\":\"ListItem\",\"position\":3,\"name\":\"\u041a\u0430\u0441\u043a\u0430 Singing Rock Flash Industry\"}]},{\"@type\":\"WebSite\",\"@id\":\"https:\\\/\\\/xstyle.md\\\/#website\",\"url\":\"https:\\\/\\\/xstyle.md\\\/\",\"name\":\"\u041c\u0430\u0433\u0430\u0437\u0438\u043d Xstyle\",\"description\":\"C\u043d\u0430\u0440\u044f\u0436\u0435\u043d\u0438\u0435 \u0434\u043b\u044f \u0442\u0443\u0440\u0438\u0437\u043c\u0430 \u0438 \u044d\u043a\u0441\u0442\u0440\u0435\u043c\u0430\u043b\u044c\u043d\u044b\u0445 \u0432\u0438\u0434\u043e\u0432 \u0441\u043f\u043e\u0440\u0442\u0430 \u0432 \u041c\u043e\u043b\u0434\u043e\u0432\u0435.. \u0426\u0435\u043d\u044b, \u0444\u043e\u0442\u043e, \u0445\u0430\u0440\u0430\u043a\u0442\u0435\u0440\u0438\u0441\u0442\u0438\u043a\u0438 \u0432 \u041c\u043e\u043b\u0434\u043e\u0432\u0435.\",\"publisher\":{\"@id\":\"https:\\\/\\\/xstyle.md\\\/#organization\"},\"alternateName\":\"X-Style\",\"potentialAction\":[{\"@type\":\"SearchAction\",\"target\":{\"@type\":\"EntryPoint\",\"urlTemplate\":\"https:\\\/\\\/xstyle.md\\\/?s={search_term_string}\"},\"query-input\":{\"@type\":\"PropertyValueSpecification\",\"valueRequired\":true,\"valueName\":\"search_term_string\"}}],\"inLanguage\":\"ro-RO\"},{\"@type\":\"Organization\",\"@id\":\"https:\\\/\\\/xstyle.md\\\/#organization\",\"name\":\"\u041c\u0430\u0433\u0430\u0437\u0438\u043d Xstyle\",\"alternateName\":\"x-style\",\"url\":\"https:\\\/\\\/xstyle.md\\\/\",\"logo\":{\"@type\":\"ImageObject\",\"inLanguage\":\"ro-RO\",\"@id\":\"https:\\\/\\\/xstyle.md\\\/#\\\/schema\\\/logo\\\/image\\\/\",\"url\":\"https:\\\/\\\/xstyle.md\\\/wp-content\\\/uploads\\\/2020\\\/06\\\/logoicon.svg\",\"contentUrl\":\"https:\\\/\\\/xstyle.md\\\/wp-content\\\/uploads\\\/2020\\\/06\\\/logoicon.svg\",\"caption\":\"\u041c\u0430\u0433\u0430\u0437\u0438\u043d Xstyle\"},\"image\":{\"@id\":\"https:\\\/\\\/xstyle.md\\\/#\\\/schema\\\/logo\\\/image\\\/\"},\"sameAs\":[\"https:\\\/\\\/www.facebook.com\\\/xstylemd\",\"https:\\\/\\\/www.instagram.com\\\/xstyle_md\\\/\",\"https:\\\/\\\/t.me\\\/xstyle_outdoor\"],\"hasMerchantReturnPolicy\":{\"@type\":\"MerchantReturnPolicy\",\"merchantReturnLink\":\"https:\\\/\\\/xstyle.md\\\/ro\\\/conditions\\\/\"}}]}<\/script>\n<meta property=\"product:price:amount\" content=\"1290.00\" \/>\n<meta property=\"product:price:currency\" content=\"MDL\" \/>\n<meta property=\"og:availability\" content=\"instock\" \/>\n<meta property=\"product:availability\" content=\"instock\" \/>\n<meta property=\"product:retailer_item_id\" content=\"8595033350564\" \/>\n<meta property=\"product:condition\" content=\"new\" \/>\n<!-- \/ Yoast SEO plugin. -->","yoast_head_json":{"title":"\u041a\u0430\u0441\u043a\u0430 Singing Rock Flash Industry - \u041c\u0430\u0433\u0430\u0437\u0438\u043d Xstyle","description":"Casca Singing Rock Flash Industry: protec\u021bie fiabil\u0103 pentru profesioni\u0219ti. Certificare EN 397, potrivit\u0103 pentru dimensiuni de 53-63 cm. Calitate de la Singing Rock!","robots":{"index":"index","follow":"follow","max-snippet":"max-snippet:-1","max-image-preview":"max-image-preview:large","max-video-preview":"max-video-preview:-1"},"canonical":"https:\/\/xstyle.md\/ro\/produs\/kaska-singing-rock-flash-industry\/","og_locale":"ro_RO","og_type":"article","og_title":"\u041a\u0430\u0441\u043a\u0430 Singing Rock Flash Industry - \u041c\u0430\u0433\u0430\u0437\u0438\u043d Xstyle","og_description":"\u041a\u0430\u0441\u043a\u0430 Singing Rock Flash Industry: \u043d\u0430\u0434\u0435\u0436\u043d\u0430\u044f \u0437\u0430\u0449\u0438\u0442\u0430 \u0434\u043b\u044f \u043f\u0440\u043e\u0444\u0435\u0441\u0441\u0438\u043e\u043d\u0430\u043b\u043e\u0432. \u0421\u0435\u0440\u0442\u0438\u0444\u0438\u043a\u0430\u0446\u0438\u044f EN 397, \u043f\u043e\u0434\u0445\u043e\u0434\u0438\u0442 \u0434\u043b\u044f \u0440\u0430\u0437\u043c\u0435\u0440\u043e\u0432 53-63 \u0441\u043c. \u041a\u0430\u0447\u0435\u0441\u0442\u0432\u043e \u043e\u0442 Singing Rock!","og_url":"https:\/\/xstyle.md\/ro\/produs\/kaska-singing-rock-flash-industry\/","og_site_name":"\u041c\u0430\u0433\u0430\u0437\u0438\u043d Xstyle","article_publisher":"https:\/\/www.facebook.com\/xstylemd","article_modified_time":"2024-10-23T07:35:47+00:00","og_image":[{"width":336,"height":382,"url":"https:\/\/xstyle.md\/wp-content\/uploads\/2021\/04\/file_41_1.jpg","type":"image\/jpeg"}],"twitter_card":"summary_large_image","twitter_misc":{"Pre\u021b":"1.290&nbsp;MDL","Disponibilitate":"\u00cen stoc"},"schema":{"@context":"https:\/\/schema.org","@graph":[{"@type":"WebPage","@id":"https:\/\/xstyle.md\/product\/kaska-singing-rock-flash-industry\/","url":"https:\/\/xstyle.md\/product\/kaska-singing-rock-flash-industry\/","name":"\u041a\u0430\u0441\u043a\u0430 Singing Rock Flash Industry - \u041c\u0430\u0433\u0430\u0437\u0438\u043d Xstyle","isPartOf":{"@id":"https:\/\/xstyle.md\/#website"},"primaryImageOfPage":{"@id":"https:\/\/xstyle.md\/product\/kaska-singing-rock-flash-industry\/#primaryimage"},"image":{"@id":"https:\/\/xstyle.md\/product\/kaska-singing-rock-flash-industry\/#primaryimage"},"thumbnailUrl":"https:\/\/xstyle.md\/wp-content\/uploads\/2021\/04\/file_41_1.jpg","datePublished":"2021-01-11T13:23:30+00:00","dateModified":"2024-10-23T07:35:47+00:00","description":"Casca Singing Rock Flash Industry: protec\u021bie fiabil\u0103 pentru profesioni\u0219ti. Certificare EN 397, potrivit\u0103 pentru dimensiuni de 53-63 cm. Calitate de la Singing Rock!","breadcrumb":{"@id":"https:\/\/xstyle.md\/product\/kaska-singing-rock-flash-industry\/#breadcrumb"},"inLanguage":"ro-RO","potentialAction":[{"@type":"ReadAction","target":["https:\/\/xstyle.md\/product\/kaska-singing-rock-flash-industry\/"]}]},{"@type":"ImageObject","inLanguage":"ro-RO","@id":"https:\/\/xstyle.md\/product\/kaska-singing-rock-flash-industry\/#primaryimage","url":"https:\/\/xstyle.md\/wp-content\/uploads\/2021\/04\/file_41_1.jpg","contentUrl":"https:\/\/xstyle.md\/wp-content\/uploads\/2021\/04\/file_41_1.jpg","width":336,"height":382},{"@type":"BreadcrumbList","@id":"https:\/\/xstyle.md\/product\/kaska-singing-rock-flash-industry\/#breadcrumb","itemListElement":[{"@type":"ListItem","position":1,"name":"\u0413\u043b\u0430\u0432\u043d\u0430\u044f \u0441\u0442\u0440\u0430\u043d\u0438\u0446\u0430","item":"https:\/\/xstyle.md\/"},{"@type":"ListItem","position":2,"name":"\u041c\u0430\u0433\u0430\u0437\u0438\u043d","item":"https:\/\/xstyle.md\/shop\/"},{"@type":"ListItem","position":3,"name":"\u041a\u0430\u0441\u043a\u0430 Singing Rock Flash Industry"}]},{"@type":"WebSite","@id":"https:\/\/xstyle.md\/#website","url":"https:\/\/xstyle.md\/","name":"Magazinul X-Style","description":"Echipamente pentru turism \u0219i sporturi extreme \u00een Moldova. Pre\u021buri, fotografii, caracteristici \u00een Moldova.","publisher":{"@id":"https:\/\/xstyle.md\/#organization"},"alternateName":"X-Style","potentialAction":[{"@type":"SearchAction","target":{"@type":"EntryPoint","urlTemplate":"https:\/\/xstyle.md\/?s={search_term_string}"},"query-input":{"@type":"PropertyValueSpecification","valueRequired":true,"valueName":"search_term_string"}}],"inLanguage":"ro-RO"},{"@type":"Organization","@id":"https:\/\/xstyle.md\/#organization","name":"Magazinul X-Style","alternateName":"x-style","url":"https:\/\/xstyle.md\/","logo":{"@type":"ImageObject","inLanguage":"ro-RO","@id":"https:\/\/xstyle.md\/#\/schema\/logo\/image\/","url":"https:\/\/xstyle.md\/wp-content\/uploads\/2020\/06\/logoicon.svg","contentUrl":"https:\/\/xstyle.md\/wp-content\/uploads\/2020\/06\/logoicon.svg","caption":"\u041c\u0430\u0433\u0430\u0437\u0438\u043d Xstyle"},"image":{"@id":"https:\/\/xstyle.md\/#\/schema\/logo\/image\/"},"sameAs":["https:\/\/www.facebook.com\/xstylemd","https:\/\/www.instagram.com\/xstyle_md\/","https:\/\/t.me\/xstyle_outdoor"],"hasMerchantReturnPolicy":{"@type":"MerchantReturnPolicy","merchantReturnLink":"https:\/\/xstyle.md\/ro\/conditions\/"}}]},"product_price_amount":"1290.00","product_price_currency":"MDL","og_availability":"instock","product_availability":"instock","product_retailer_item_id":"8595033350564","product_condition":"new"},"post_mailing_queue_ids":[],"_links":{"self":[{"href":"https:\/\/xstyle.md\/ro\/wp-json\/wp\/v2\/product\/27303","targetHints":{"allow":["GET"]}}],"collection":[{"href":"https:\/\/xstyle.md\/ro\/wp-json\/wp\/v2\/product"}],"about":[{"href":"https:\/\/xstyle.md\/ro\/wp-json\/wp\/v2\/types\/product"}],"replies":[{"embeddable":true,"href":"https:\/\/xstyle.md\/ro\/wp-json\/wp\/v2\/comments?post=27303"}],"wp:featuredmedia":[{"embeddable":true,"href":"https:\/\/xstyle.md\/ro\/wp-json\/wp\/v2\/media\/29205"}],"wp:attachment":[{"href":"https:\/\/xstyle.md\/ro\/wp-json\/wp\/v2\/media?parent=27303"}],"wp:term":[{"taxonomy":"product_brand","embeddable":true,"href":"https:\/\/xstyle.md\/ro\/wp-json\/wp\/v2\/product_brand?post=27303"},{"taxonomy":"product_cat","embeddable":true,"href":"https:\/\/xstyle.md\/ro\/wp-json\/wp\/v2\/product_cat?post=27303"},{"taxonomy":"product_tag","embeddable":true,"href":"https:\/\/xstyle.md\/ro\/wp-json\/wp\/v2\/product_tag?post=27303"}],"curies":[{"name":"wp","href":"https:\/\/api.w.org\/{rel}","templated":true}]}}