{"id":27301,"date":"2021-01-11T16:23:26","date_gmt":"2021-01-11T13:23:26","guid":{"rendered":"https:\/\/xstyle.md\/product\/kastrjulja-sea-to-summit-sigma-pot-2-7\/"},"modified":"2026-04-07T15:23:27","modified_gmt":"2026-04-07T12:23:27","slug":"kastrjulja-sea-to-summit-sigma-pot-2-7","status":"publish","type":"product","link":"https:\/\/xstyle.md\/ro\/produs\/kastrjulja-sea-to-summit-sigma-pot-2-7\/","title":{"rendered":"Crati\u021b\u0103 Sea to Summit Sigma Pot 2.7"},"content":{"rendered":"<\/p>\n<p>Crati\u021b\u0103 <strong>Sea to Summit Sigma Pot 2.7<\/strong> este creat\u0103 din o\u021bel premium, aceast\u0103 oal\u0103 are toate caracteristicile necesare pentru vasele de g\u0103tit pentru camping &#8212; durabilitate, greutate redus\u0103, rezisten\u021b\u0103 la coroziune \u0219i zg\u00e2rieturi, u\u0219or de cur\u0103\u021bat.<\/p>\n<p>Pentru o ambalare compact\u0103 \u0219i o u\u0219urin\u021b\u0103 maxim\u0103 de utilizare, este echipat cu un m\u00e2ner pliabil cu Pivot-Lock de marc\u0103. Acest m\u00e2ner nu se va plia \u00een timpul utiliz\u0103rii, iar atunci c\u00e2nd este transportat, blocheaz\u0103 bine capacul pe wok.<\/p>\n<p>Factorul de form\u0103 al acestor wok-uri este conceput pentru a fi compatibil cu linia de vase de g\u0103tit Alpha (AlphaPot\u2122, AlphaPan\u2122) \u0219i cu vasele de g\u0103tit din seria DeltaLight, pe care le pute\u021bi plasa \u00een interior pentru transportare.<\/p>\n<p>Wok-ul durabil \u0219i func\u021bional de la Sea To Summit va fi un instrument pe care \u00eel ve\u021bi folosi \u00een orice c\u0103l\u0103torie.<\/p>\n<h3>Particularit\u0103\u021bi<\/h3>\n<ul>\n<li>Fabricat din o\u021bel inoxidabil premium<\/li>\n<li>F\u0103r\u0103 BPA<\/li>\n<li>Construc\u021bie u\u0219oar\u0103<\/li>\n<li>M\u00e2ner Pivot-Lock\u2122 patentat cu blocare pentru transportul \u00een siguran\u021b\u0103 al con\u021binutului<\/li>\n<li>Acoperire Fluxtherm pe partea exterioar\u0103 pentru o distribu\u021bie uniform\u0103 a c\u0103ldurii \u00een timpul g\u0103titului la flac\u0103r\u0103<\/li>\n<li>Raza interioar\u0103 mare face ca acesta s\u0103 fie u\u0219or de sp\u0103lat \u0219i de pus \u00een interiorul gamei de vase de g\u0103tit Delta<\/li>\n<li>Capac convenabil cu o sit\u0103 \u00eencorporat\u0103 \u0219i un m\u00e2ner, care faciliteaz\u0103 ata\u0219area la oal\u0103 pentru a evita murd\u0103rirea \u00een timpul g\u0103titului<\/li>\n<li>\u00cen interior se afl\u0103 un c\u00e2ntar de m\u0103surare.<\/li>\n<\/ul>\n<h3>Caracteristici<\/h3>\n<ul>\n<li>Material - o\u021bel inoxidabil<\/li>\n<li>Dimensiuni &#8212; 18,2 x 12 cm<\/li>\n<li>Volum &#8212; 2,7 litri<\/li>\n<li>Greutate &#8212; 382 g.<\/li>\n<\/ul>\n<h3>Tehnologie<\/h3>\n<ul>\n<li>BPA \u2013 este un compus chimic organic \u0219i este utilizat pentru fabricarea materialelor plastice, a policarbonatului \u0219i a r\u0103\u0219inii epoxidice. De asemenea, este ad\u0103ugat la produsele din plastic \u0219i la conservele alimentare. Principalele propriet\u0103\u021bi ale bisfenolului-A sunt propriet\u0103\u021bile de \u00eent\u0103rire \u0219i antioxidante. BPA este capabil s\u0103 p\u0103trund\u0103 \u00een corpul uman nu numai cu ajutorul alimentelor \u0219i al apei, ci \u0219i prin piele \u0219i pl\u0103m\u00e2ni. Contactul prelungit al lichidelor \u0219i al alimentelor umede cu plasticul care con\u021bine bisfenol-A contribuie la eliberarea acestei substan\u021be \u00een alimente. \u00cenc\u0103lzirea unor astfel de recipiente accelereaz\u0103 semnificativ eliberarea de bisfenol-A. Aceast\u0103 tigaie este etichetat\u0103 bpa fre\u0435, ceea ce indic\u0103 faptul c\u0103 la fabricarea acestui recipient nu a fost utilizat bisfenol-A.<\/li>\n<\/ul>\n<h3>Marca<\/h3>\n<p>Sea to Summit \u2013 o marc\u0103 fondat\u0103 \u00een 1990 \u00een Australia. Sortimentul s\u0103u include echipamente unice \u0219i utile pentru turism \u0219i c\u0103l\u0103torii: huse impermeabile, prosoape din microfibr\u0103, ustensile pliabile din silicon, gen\u021bi, rucsacuri, corturi, saci de dormit. Fiecare articol proiectat \u00een cadrul companiei are o greutate minim\u0103 \u0219i o func\u021bionalitate maxim\u0103.<\/p>\n<p><\/p>","protected":false},"excerpt":{"rendered":"<p>Crati\u021b\u0103 Sea to Summit Sigma Pot 2.7<\/p>","protected":false},"featured_media":29195,"comment_status":"open","ping_status":"closed","template":"","meta":{"_acf_changed":false,"inline_featured_image":false},"product_brand":[1281],"product_cat":[84],"product_tag":[],"class_list":{"0":"post-27301","1":"product","2":"type-product","3":"status-publish","4":"has-post-thumbnail","6":"product_brand-sea-to-summit","7":"product_cat-pots","9":"first","10":"instock","11":"shipping-taxable","12":"purchasable","13":"product-type-simple"},"acf":[],"yoast_head":"<!-- This site is optimized with the Yoast SEO plugin v27.4 - https:\/\/yoast.com\/product\/yoast-seo-wordpress\/ -->\n<title>\u041a\u0430\u0441\u0442\u0440\u044e\u043b\u044f Sea to Summit Sigma Pot 2.7 - \u041c\u0430\u0433\u0430\u0437\u0438\u043d Xstyle<\/title>\n<meta name=\"description\" content=\"\u041a\u0430\u0441\u0442\u0440\u044e\u043b\u044f Sea to Summit Sigma Pot 2.7 \u2014 \u0438\u0434\u0435\u0430\u043b\u044c\u043d\u0430\u044f \u0434\u043b\u044f \u043a\u0435\u043c\u043f\u0438\u043d\u0433\u0430: \u043b\u0435\u0433\u043a\u0430\u044f, \u043f\u0440\u043e\u0447\u043d\u0430\u044f, \u0443\u0441\u0442\u043e\u0439\u0447\u0438\u0432\u0430\u044f \u043a \u043a\u043e\u0440\u0440\u043e\u0437\u0438\u0438, \u043b\u0435\u0433\u043a\u043e \u043e\u0447\u0438\u0449\u0430\u0435\u0442\u0441\u044f. \u041e\u043f\u0442\u0438\u043c\u0430\u043b\u044c\u043d\u044b\u0439 \u0432\u044b\u0431\u043e\u0440 \u0434\u043b\u044f \u043b\u044e\u0431\u0438\u0442\u0435\u043b\u0435\u0439 \u043f\u0440\u0438\u0440\u043e\u0434\u044b!\" \/>\n<meta name=\"robots\" content=\"index, follow, max-snippet:-1, max-image-preview:large, max-video-preview:-1\" \/>\n<link rel=\"canonical\" href=\"https:\/\/xstyle.md\/ro\/produs\/kastrjulja-sea-to-summit-sigma-pot-2-7\/\" \/>\n<meta property=\"og:locale\" content=\"ro_RO\" \/>\n<meta property=\"og:type\" content=\"article\" \/>\n<meta property=\"og:title\" content=\"\u041a\u0430\u0441\u0442\u0440\u044e\u043b\u044f Sea to Summit Sigma Pot 2.7 - \u041c\u0430\u0433\u0430\u0437\u0438\u043d Xstyle\" \/>\n<meta property=\"og:description\" content=\"\u041a\u0430\u0441\u0442\u0440\u044e\u043b\u044f Sea to Summit Sigma Pot 2.7 \u2014 \u0438\u0434\u0435\u0430\u043b\u044c\u043d\u0430\u044f \u0434\u043b\u044f \u043a\u0435\u043c\u043f\u0438\u043d\u0433\u0430: \u043b\u0435\u0433\u043a\u0430\u044f, \u043f\u0440\u043e\u0447\u043d\u0430\u044f, \u0443\u0441\u0442\u043e\u0439\u0447\u0438\u0432\u0430\u044f \u043a \u043a\u043e\u0440\u0440\u043e\u0437\u0438\u0438, \u043b\u0435\u0433\u043a\u043e \u043e\u0447\u0438\u0449\u0430\u0435\u0442\u0441\u044f. \u041e\u043f\u0442\u0438\u043c\u0430\u043b\u044c\u043d\u044b\u0439 \u0432\u044b\u0431\u043e\u0440 \u0434\u043b\u044f \u043b\u044e\u0431\u0438\u0442\u0435\u043b\u0435\u0439 \u043f\u0440\u0438\u0440\u043e\u0434\u044b!\" \/>\n<meta property=\"og:url\" content=\"https:\/\/xstyle.md\/ro\/produs\/kastrjulja-sea-to-summit-sigma-pot-2-7\/\" \/>\n<meta property=\"og:site_name\" content=\"\u041c\u0430\u0433\u0430\u0437\u0438\u043d Xstyle\" \/>\n<meta property=\"article:publisher\" content=\"https:\/\/www.facebook.com\/xstylemd\" \/>\n<meta property=\"article:modified_time\" content=\"2026-04-07T12:23:27+00:00\" \/>\n<meta property=\"og:image\" content=\"https:\/\/xstyle.md\/wp-content\/uploads\/2021\/04\/jpg1_1.png\" \/>\n\t<meta property=\"og:image:width\" content=\"300\" \/>\n\t<meta property=\"og:image:height\" content=\"300\" \/>\n\t<meta property=\"og:image:type\" content=\"image\/png\" \/>\n<meta name=\"twitter:card\" content=\"summary_large_image\" \/>\n<meta name=\"twitter:label1\" content=\"Pre\u021b\" \/>\n\t<meta name=\"twitter:data1\" content=\"890&nbsp;MDL\" \/>\n\t<meta name=\"twitter:label2\" content=\"Disponibilitate\" \/>\n\t<meta name=\"twitter:data2\" content=\"\u00cen stoc\" \/>\n<script type=\"application\/ld+json\" class=\"yoast-schema-graph\">{\"@context\":\"https:\\\/\\\/schema.org\",\"@graph\":[{\"@type\":\"WebPage\",\"@id\":\"https:\\\/\\\/xstyle.md\\\/product\\\/kastrjulja-sea-to-summit-sigma-pot-2-7\\\/\",\"url\":\"https:\\\/\\\/xstyle.md\\\/product\\\/kastrjulja-sea-to-summit-sigma-pot-2-7\\\/\",\"name\":\"\u041a\u0430\u0441\u0442\u0440\u044e\u043b\u044f Sea to Summit Sigma Pot 2.7 - \u041c\u0430\u0433\u0430\u0437\u0438\u043d Xstyle\",\"isPartOf\":{\"@id\":\"https:\\\/\\\/xstyle.md\\\/#website\"},\"primaryImageOfPage\":{\"@id\":\"https:\\\/\\\/xstyle.md\\\/product\\\/kastrjulja-sea-to-summit-sigma-pot-2-7\\\/#primaryimage\"},\"image\":{\"@id\":\"https:\\\/\\\/xstyle.md\\\/product\\\/kastrjulja-sea-to-summit-sigma-pot-2-7\\\/#primaryimage\"},\"thumbnailUrl\":\"https:\\\/\\\/xstyle.md\\\/wp-content\\\/uploads\\\/2021\\\/04\\\/jpg1_1.png\",\"datePublished\":\"2021-01-11T13:23:26+00:00\",\"dateModified\":\"2026-04-07T12:23:27+00:00\",\"description\":\"\u041a\u0430\u0441\u0442\u0440\u044e\u043b\u044f Sea to Summit Sigma Pot 2.7 \u2014 \u0438\u0434\u0435\u0430\u043b\u044c\u043d\u0430\u044f \u0434\u043b\u044f \u043a\u0435\u043c\u043f\u0438\u043d\u0433\u0430: \u043b\u0435\u0433\u043a\u0430\u044f, \u043f\u0440\u043e\u0447\u043d\u0430\u044f, \u0443\u0441\u0442\u043e\u0439\u0447\u0438\u0432\u0430\u044f \u043a \u043a\u043e\u0440\u0440\u043e\u0437\u0438\u0438, \u043b\u0435\u0433\u043a\u043e \u043e\u0447\u0438\u0449\u0430\u0435\u0442\u0441\u044f. \u041e\u043f\u0442\u0438\u043c\u0430\u043b\u044c\u043d\u044b\u0439 \u0432\u044b\u0431\u043e\u0440 \u0434\u043b\u044f \u043b\u044e\u0431\u0438\u0442\u0435\u043b\u0435\u0439 \u043f\u0440\u0438\u0440\u043e\u0434\u044b!\",\"breadcrumb\":{\"@id\":\"https:\\\/\\\/xstyle.md\\\/product\\\/kastrjulja-sea-to-summit-sigma-pot-2-7\\\/#breadcrumb\"},\"inLanguage\":\"ro-RO\",\"potentialAction\":[{\"@type\":\"ReadAction\",\"target\":[\"https:\\\/\\\/xstyle.md\\\/product\\\/kastrjulja-sea-to-summit-sigma-pot-2-7\\\/\"]}]},{\"@type\":\"ImageObject\",\"inLanguage\":\"ro-RO\",\"@id\":\"https:\\\/\\\/xstyle.md\\\/product\\\/kastrjulja-sea-to-summit-sigma-pot-2-7\\\/#primaryimage\",\"url\":\"https:\\\/\\\/xstyle.md\\\/wp-content\\\/uploads\\\/2021\\\/04\\\/jpg1_1.png\",\"contentUrl\":\"https:\\\/\\\/xstyle.md\\\/wp-content\\\/uploads\\\/2021\\\/04\\\/jpg1_1.png\",\"width\":300,\"height\":300},{\"@type\":\"BreadcrumbList\",\"@id\":\"https:\\\/\\\/xstyle.md\\\/product\\\/kastrjulja-sea-to-summit-sigma-pot-2-7\\\/#breadcrumb\",\"itemListElement\":[{\"@type\":\"ListItem\",\"position\":1,\"name\":\"\u0413\u043b\u0430\u0432\u043d\u0430\u044f \u0441\u0442\u0440\u0430\u043d\u0438\u0446\u0430\",\"item\":\"https:\\\/\\\/xstyle.md\\\/\"},{\"@type\":\"ListItem\",\"position\":2,\"name\":\"\u041c\u0430\u0433\u0430\u0437\u0438\u043d\",\"item\":\"https:\\\/\\\/xstyle.md\\\/shop\\\/\"},{\"@type\":\"ListItem\",\"position\":3,\"name\":\"\u041a\u0430\u0441\u0442\u0440\u044e\u043b\u044f Sea to Summit Sigma Pot 2.7\"}]},{\"@type\":\"WebSite\",\"@id\":\"https:\\\/\\\/xstyle.md\\\/#website\",\"url\":\"https:\\\/\\\/xstyle.md\\\/\",\"name\":\"\u041c\u0430\u0433\u0430\u0437\u0438\u043d Xstyle\",\"description\":\"C\u043d\u0430\u0440\u044f\u0436\u0435\u043d\u0438\u0435 \u0434\u043b\u044f \u0442\u0443\u0440\u0438\u0437\u043c\u0430 \u0438 \u044d\u043a\u0441\u0442\u0440\u0435\u043c\u0430\u043b\u044c\u043d\u044b\u0445 \u0432\u0438\u0434\u043e\u0432 \u0441\u043f\u043e\u0440\u0442\u0430 \u0432 \u041c\u043e\u043b\u0434\u043e\u0432\u0435.. \u0426\u0435\u043d\u044b, \u0444\u043e\u0442\u043e, \u0445\u0430\u0440\u0430\u043a\u0442\u0435\u0440\u0438\u0441\u0442\u0438\u043a\u0438 \u0432 \u041c\u043e\u043b\u0434\u043e\u0432\u0435.\",\"publisher\":{\"@id\":\"https:\\\/\\\/xstyle.md\\\/#organization\"},\"alternateName\":\"X-Style\",\"potentialAction\":[{\"@type\":\"SearchAction\",\"target\":{\"@type\":\"EntryPoint\",\"urlTemplate\":\"https:\\\/\\\/xstyle.md\\\/?s={search_term_string}\"},\"query-input\":{\"@type\":\"PropertyValueSpecification\",\"valueRequired\":true,\"valueName\":\"search_term_string\"}}],\"inLanguage\":\"ro-RO\"},{\"@type\":\"Organization\",\"@id\":\"https:\\\/\\\/xstyle.md\\\/#organization\",\"name\":\"\u041c\u0430\u0433\u0430\u0437\u0438\u043d Xstyle\",\"alternateName\":\"x-style\",\"url\":\"https:\\\/\\\/xstyle.md\\\/\",\"logo\":{\"@type\":\"ImageObject\",\"inLanguage\":\"ro-RO\",\"@id\":\"https:\\\/\\\/xstyle.md\\\/#\\\/schema\\\/logo\\\/image\\\/\",\"url\":\"https:\\\/\\\/xstyle.md\\\/wp-content\\\/uploads\\\/2020\\\/06\\\/logoicon.svg\",\"contentUrl\":\"https:\\\/\\\/xstyle.md\\\/wp-content\\\/uploads\\\/2020\\\/06\\\/logoicon.svg\",\"caption\":\"\u041c\u0430\u0433\u0430\u0437\u0438\u043d Xstyle\"},\"image\":{\"@id\":\"https:\\\/\\\/xstyle.md\\\/#\\\/schema\\\/logo\\\/image\\\/\"},\"sameAs\":[\"https:\\\/\\\/www.facebook.com\\\/xstylemd\",\"https:\\\/\\\/www.instagram.com\\\/xstyle_md\\\/\",\"https:\\\/\\\/t.me\\\/xstyle_outdoor\"],\"hasMerchantReturnPolicy\":{\"@type\":\"MerchantReturnPolicy\",\"merchantReturnLink\":\"https:\\\/\\\/xstyle.md\\\/ro\\\/conditions\\\/\"}}]}<\/script>\n<meta property=\"product:price:amount\" content=\"890.00\" \/>\n<meta property=\"product:price:currency\" content=\"MDL\" \/>\n<meta property=\"og:availability\" content=\"instock\" \/>\n<meta property=\"product:availability\" content=\"instock\" \/>\n<meta property=\"product:retailer_item_id\" content=\"9327868097678\" \/>\n<meta property=\"product:condition\" content=\"new\" \/>\n<!-- \/ Yoast SEO plugin. -->","yoast_head_json":{"title":"Crati\u021b\u0103 Sea to Summit Sigma Pot 2.7 - Magazin Xstyle","description":"Oal\u0103 Sea to Summit Sigma Pot 2.7 \u2014 ideal\u0103 pentru camping: u\u0219oar\u0103, durabil\u0103, rezistent\u0103 la coroziune, u\u0219or de cur\u0103\u021bat. Alegerea optim\u0103 pentru iubitorii de natur\u0103!","robots":{"index":"index","follow":"follow","max-snippet":"max-snippet:-1","max-image-preview":"max-image-preview:large","max-video-preview":"max-video-preview:-1"},"canonical":"https:\/\/xstyle.md\/ro\/produs\/kastrjulja-sea-to-summit-sigma-pot-2-7\/","og_locale":"ro_RO","og_type":"article","og_title":"\u041a\u0430\u0441\u0442\u0440\u044e\u043b\u044f Sea to Summit Sigma Pot 2.7 - \u041c\u0430\u0433\u0430\u0437\u0438\u043d Xstyle","og_description":"\u041a\u0430\u0441\u0442\u0440\u044e\u043b\u044f Sea to Summit Sigma Pot 2.7 \u2014 \u0438\u0434\u0435\u0430\u043b\u044c\u043d\u0430\u044f \u0434\u043b\u044f \u043a\u0435\u043c\u043f\u0438\u043d\u0433\u0430: \u043b\u0435\u0433\u043a\u0430\u044f, \u043f\u0440\u043e\u0447\u043d\u0430\u044f, \u0443\u0441\u0442\u043e\u0439\u0447\u0438\u0432\u0430\u044f \u043a \u043a\u043e\u0440\u0440\u043e\u0437\u0438\u0438, \u043b\u0435\u0433\u043a\u043e \u043e\u0447\u0438\u0449\u0430\u0435\u0442\u0441\u044f. \u041e\u043f\u0442\u0438\u043c\u0430\u043b\u044c\u043d\u044b\u0439 \u0432\u044b\u0431\u043e\u0440 \u0434\u043b\u044f \u043b\u044e\u0431\u0438\u0442\u0435\u043b\u0435\u0439 \u043f\u0440\u0438\u0440\u043e\u0434\u044b!","og_url":"https:\/\/xstyle.md\/ro\/produs\/kastrjulja-sea-to-summit-sigma-pot-2-7\/","og_site_name":"\u041c\u0430\u0433\u0430\u0437\u0438\u043d Xstyle","article_publisher":"https:\/\/www.facebook.com\/xstylemd","article_modified_time":"2026-04-07T12:23:27+00:00","og_image":[{"width":300,"height":300,"url":"https:\/\/xstyle.md\/wp-content\/uploads\/2021\/04\/jpg1_1.png","type":"image\/png"}],"twitter_card":"summary_large_image","twitter_misc":{"Pre\u021b":"890&nbsp;MDL","Disponibilitate":"\u00cen stoc"},"schema":{"@context":"https:\/\/schema.org","@graph":[{"@type":"WebPage","@id":"https:\/\/xstyle.md\/product\/kastrjulja-sea-to-summit-sigma-pot-2-7\/","url":"https:\/\/xstyle.md\/product\/kastrjulja-sea-to-summit-sigma-pot-2-7\/","name":"Crati\u021b\u0103 Sea to Summit Sigma Pot 2.7 - Magazin Xstyle","isPartOf":{"@id":"https:\/\/xstyle.md\/#website"},"primaryImageOfPage":{"@id":"https:\/\/xstyle.md\/product\/kastrjulja-sea-to-summit-sigma-pot-2-7\/#primaryimage"},"image":{"@id":"https:\/\/xstyle.md\/product\/kastrjulja-sea-to-summit-sigma-pot-2-7\/#primaryimage"},"thumbnailUrl":"https:\/\/xstyle.md\/wp-content\/uploads\/2021\/04\/jpg1_1.png","datePublished":"2021-01-11T13:23:26+00:00","dateModified":"2026-04-07T12:23:27+00:00","description":"Oal\u0103 Sea to Summit Sigma Pot 2.7 \u2014 ideal\u0103 pentru camping: u\u0219oar\u0103, durabil\u0103, rezistent\u0103 la coroziune, u\u0219or de cur\u0103\u021bat. Alegerea optim\u0103 pentru iubitorii de natur\u0103!","breadcrumb":{"@id":"https:\/\/xstyle.md\/product\/kastrjulja-sea-to-summit-sigma-pot-2-7\/#breadcrumb"},"inLanguage":"ro-RO","potentialAction":[{"@type":"ReadAction","target":["https:\/\/xstyle.md\/product\/kastrjulja-sea-to-summit-sigma-pot-2-7\/"]}]},{"@type":"ImageObject","inLanguage":"ro-RO","@id":"https:\/\/xstyle.md\/product\/kastrjulja-sea-to-summit-sigma-pot-2-7\/#primaryimage","url":"https:\/\/xstyle.md\/wp-content\/uploads\/2021\/04\/jpg1_1.png","contentUrl":"https:\/\/xstyle.md\/wp-content\/uploads\/2021\/04\/jpg1_1.png","width":300,"height":300},{"@type":"BreadcrumbList","@id":"https:\/\/xstyle.md\/product\/kastrjulja-sea-to-summit-sigma-pot-2-7\/#breadcrumb","itemListElement":[{"@type":"ListItem","position":1,"name":"\u0413\u043b\u0430\u0432\u043d\u0430\u044f \u0441\u0442\u0440\u0430\u043d\u0438\u0446\u0430","item":"https:\/\/xstyle.md\/"},{"@type":"ListItem","position":2,"name":"\u041c\u0430\u0433\u0430\u0437\u0438\u043d","item":"https:\/\/xstyle.md\/shop\/"},{"@type":"ListItem","position":3,"name":"\u041a\u0430\u0441\u0442\u0440\u044e\u043b\u044f Sea to Summit Sigma Pot 2.7"}]},{"@type":"WebSite","@id":"https:\/\/xstyle.md\/#website","url":"https:\/\/xstyle.md\/","name":"Magazinul X-Style","description":"Echipamente pentru turism \u0219i sporturi extreme \u00een Moldova. Pre\u021buri, fotografii, caracteristici \u00een Moldova.","publisher":{"@id":"https:\/\/xstyle.md\/#organization"},"alternateName":"X-Style","potentialAction":[{"@type":"SearchAction","target":{"@type":"EntryPoint","urlTemplate":"https:\/\/xstyle.md\/?s={search_term_string}"},"query-input":{"@type":"PropertyValueSpecification","valueRequired":true,"valueName":"search_term_string"}}],"inLanguage":"ro-RO"},{"@type":"Organization","@id":"https:\/\/xstyle.md\/#organization","name":"Magazinul X-Style","alternateName":"x-style","url":"https:\/\/xstyle.md\/","logo":{"@type":"ImageObject","inLanguage":"ro-RO","@id":"https:\/\/xstyle.md\/#\/schema\/logo\/image\/","url":"https:\/\/xstyle.md\/wp-content\/uploads\/2020\/06\/logoicon.svg","contentUrl":"https:\/\/xstyle.md\/wp-content\/uploads\/2020\/06\/logoicon.svg","caption":"\u041c\u0430\u0433\u0430\u0437\u0438\u043d Xstyle"},"image":{"@id":"https:\/\/xstyle.md\/#\/schema\/logo\/image\/"},"sameAs":["https:\/\/www.facebook.com\/xstylemd","https:\/\/www.instagram.com\/xstyle_md\/","https:\/\/t.me\/xstyle_outdoor"],"hasMerchantReturnPolicy":{"@type":"MerchantReturnPolicy","merchantReturnLink":"https:\/\/xstyle.md\/ro\/conditions\/"}}]},"product_price_amount":"890.00","product_price_currency":"MDL","og_availability":"instock","product_availability":"instock","product_retailer_item_id":"9327868097678","product_condition":"new"},"_links":{"self":[{"href":"https:\/\/xstyle.md\/ro\/wp-json\/wp\/v2\/product\/27301","targetHints":{"allow":["GET"]}}],"collection":[{"href":"https:\/\/xstyle.md\/ro\/wp-json\/wp\/v2\/product"}],"about":[{"href":"https:\/\/xstyle.md\/ro\/wp-json\/wp\/v2\/types\/product"}],"replies":[{"embeddable":true,"href":"https:\/\/xstyle.md\/ro\/wp-json\/wp\/v2\/comments?post=27301"}],"wp:featuredmedia":[{"embeddable":true,"href":"https:\/\/xstyle.md\/ro\/wp-json\/wp\/v2\/media\/29195"}],"wp:attachment":[{"href":"https:\/\/xstyle.md\/ro\/wp-json\/wp\/v2\/media?parent=27301"}],"wp:term":[{"taxonomy":"product_brand","embeddable":true,"href":"https:\/\/xstyle.md\/ro\/wp-json\/wp\/v2\/product_brand?post=27301"},{"taxonomy":"product_cat","embeddable":true,"href":"https:\/\/xstyle.md\/ro\/wp-json\/wp\/v2\/product_cat?post=27301"},{"taxonomy":"product_tag","embeddable":true,"href":"https:\/\/xstyle.md\/ro\/wp-json\/wp\/v2\/product_tag?post=27301"}],"curies":[{"name":"wp","href":"https:\/\/api.w.org\/{rel}","templated":true}]}}