{"id":27298,"date":"2021-01-11T16:23:25","date_gmt":"2021-01-11T13:23:25","guid":{"rendered":"https:\/\/xstyle.md\/product\/kovrik-sea-to-summit-ultralight-insulated-air-mat-l\/"},"modified":"2026-04-22T17:07:34","modified_gmt":"2026-04-22T14:07:34","slug":"kovrik-sea-to-summit-ultralight-insulated-air-mat-l","status":"publish","type":"product","link":"https:\/\/xstyle.md\/ro\/produs\/kovrik-sea-to-summit-ultralight-insulated-air-mat-l\/","title":{"rendered":"Saltea Sea to Summit UltraLight Insulated Air Mat L"},"content":{"rendered":"<\/p>\n<p>Covoras <strong>Sea to Summit UltraLight Insulated Air Mat L <\/strong>&#8212; este copilul de aur al saltelelor de dormit pentru rucsaci, demonstr\u00e2nd c\u0103 nu trebuie s\u0103 sacrifici greutatea pentru confort.<\/p>\n<p>Covora\u0219ul de dormit cu R-Value 3,1 este ideal pentru drume\u021bii ultrau\u0219oare \u0219i excursii cu bicicleta. Include o pomp\u0103 integrat\u0103 Airstream Pumpsack. Aceast\u0103 pomp\u0103 permite covora\u0219ului s\u0103 se umfle \u00een doar 2-3 cicluri, rezult\u00e2nd o umflare rapid\u0103 ca fulgerul, cu o condensare minim\u0103 la respira\u021bie.<\/p>\n<p>De asemenea, este inclus un set de repara\u021bii care con\u021bine \u0219ase plasturi autoadezivi \u0219i o clapet\u0103 de rezerv\u0103 pentru supapa unidirec\u021bional\u0103 din silicon. Pur \u0219i simplu desf\u0103\u0219ura\u021bi covora\u0219ul pentru a g\u0103si acest set de repara\u021bii \u00een pliu.<\/p>\n<p>Caracteristicile seriei Ultralight cu izola\u021bie: 2 tipuri de izola\u021bie: izola\u021bia Thermolite previne circula\u021bia aerului \u0219i pierderea de c\u0103ldur\u0103 prin convec\u021bie, \u00een timp ce \u021bes\u0103tura Exkin Platinum reflect\u0103 c\u0103ldura corpului c\u0103tre tine.<\/p>\n<p>Celule cu suspensie de aer: o matrice cu suprafa\u021b\u0103 mare de camere interconectate, \u00een care fiecare celul\u0103 se mi\u0219c\u0103 independent. Ca urmare, salteaua se va conforma formei corpului dumneavoastr\u0103, dar se va sim\u021bi \u0219i mai moale \u0219i mai confortabil datorit\u0103 unei mai bune distribu\u021bii a presiunii.<\/p>\n<p>O supap\u0103 multifunc\u021bional\u0103 care conecteaz\u0103 toate straturile \u0219i asigur\u0103 c\u0103 salteaua poate fi umflat\u0103 cu u\u0219urin\u021b\u0103, reglat\u0103 fin \u0219i dezumflat\u0103 rapid, f\u0103r\u0103 a fi nevoie de mai multe supape voluminoase.<\/p>\n<p>\u021aes\u0103tur\u0103 din nailon Ripstop de 40 denari pentru un echilibru \u00eentre greutate \u0219i durabilitate. Laminat TPU antimicrobian pentru a elimina delaminarea, a reduce alunecarea \u0219i a cre\u0219te rezisten\u021ba la \u00een\u021bep\u0103turi. Tratamentul antimicrobian previne problemele cauzate de p\u0103trunderea aerului cald \u0219i umed \u00een interiorul covora\u0219ului.<\/p>\n<p>Dac\u0103 dori\u021bi combina\u021bia perfect\u0103 de confort \u0219i design u\u0219or, covora\u0219ul izolat ultrau\u0219or Sea To Summit este ceea ce v\u0103 trebuie!<\/p>\n<h3>Particularit\u0103\u021bi<\/h3>\n<ul>\n<li>Pung\u0103 cu pomp\u0103 Airstream\u2122 pentru o umflare u\u0219oar\u0103.<\/li>\n<li>Cantitate crescut\u0103 de izola\u021bie THERMOLITE\u00ae.<\/li>\n<li>\u021aes\u0103tur\u0103 u\u0219oar\u0103 din nailon 40 D.<\/li>\n<li>Acoperire Exkin Platinum\u00ae reflectorizant\u0103 la c\u0103ldur\u0103.<\/li>\n<li>Air Sprung Cells\u2122 distribuie uniform \u00eenc\u0103rc\u0103tura pe covor \u00een timpul somnului.<\/li>\n<li>Tratament antimicrobian Ultra-Fresh\u00ae pentru a preveni apari\u021bia mucegaiului \u00een interiorul covorului.<\/li>\n<li>Pillow Lock\u2122 pentru a preveni alunecarea pernei Aeros \u00een timpul somnului.<\/li>\n<li>Valv\u0103 multifunc\u021bional\u0103 cu debit mare.<\/li>\n<li>Pomp\u0103 inclus\u0103.<\/li>\n<\/ul>\n<h3>Caracteristici<\/h3>\n<ul>\n<li>Dimensiune: mare.<\/li>\n<li>Lungime: 198 cm.<\/li>\n<li>L\u0103\u021bime: 64 cm.<\/li>\n<li>Grosime: 5 cm.<\/li>\n<li>Valoare R: 3,1.<\/li>\n<li>Greutate: 595 g.<\/li>\n<li>Dimensiune pliat\u0103: 10 x 23 cm.<\/li>\n<\/ul>\n<p><\/p>\n<p><strong>\u00a0<\/strong><\/p>","protected":false},"excerpt":{"rendered":"<p>Saltea Sea to Summit UltraLight Insulated Air Mat L<\/p>","protected":false},"featured_media":29187,"comment_status":"open","ping_status":"closed","template":"","meta":{"_acf_changed":false,"inline_featured_image":false},"product_brand":[1281],"product_cat":[201],"product_tag":[],"class_list":{"0":"post-27298","1":"product","2":"type-product","3":"status-publish","4":"has-post-thumbnail","6":"product_brand-sea-to-summit","7":"product_cat-inflatable-mats","9":"first","10":"instock","11":"shipping-taxable","12":"purchasable","13":"product-type-simple"},"acf":[],"yoast_head":"<!-- This site is optimized with the Yoast SEO plugin v27.4 - https:\/\/yoast.com\/product\/yoast-seo-wordpress\/ -->\n<title>\u041a\u043e\u0432\u0440\u0438\u043a Sea to Summit UltraLight Insulated Air Mat L - \u041c\u0430\u0433\u0430\u0437\u0438\u043d Xstyle<\/title>\n<meta name=\"description\" content=\"\u041a\u043e\u0432\u0440\u0438\u043a Sea to Summit UltraLight Insulated Air Mat L \u043e\u0431\u0435\u0441\u043f\u0435\u0447\u0438\u0442 \u043a\u043e\u043c\u0444\u043e\u0440\u0442 \u0438 \u0442\u0435\u043f\u043b\u043e \u0441 RValue 3.1. \u041b\u0435\u0433\u043a\u0438\u0439, \u043f\u0440\u043e\u0447\u043d\u044b\u0439 \u0438 \u0438\u0434\u0435\u0430\u043b\u044c\u043d\u044b\u0439 \u0434\u043b\u044f \u043a\u0435\u043c\u043f\u0438\u043d\u0433\u0430.\" \/>\n<meta name=\"robots\" content=\"index, follow, max-snippet:-1, max-image-preview:large, max-video-preview:-1\" \/>\n<link rel=\"canonical\" href=\"https:\/\/xstyle.md\/ro\/produs\/kovrik-sea-to-summit-ultralight-insulated-air-mat-l\/\" \/>\n<meta property=\"og:locale\" content=\"ro_RO\" \/>\n<meta property=\"og:type\" content=\"article\" \/>\n<meta property=\"og:title\" content=\"\u041a\u043e\u0432\u0440\u0438\u043a Sea to Summit UltraLight Insulated Air Mat L - \u041c\u0430\u0433\u0430\u0437\u0438\u043d Xstyle\" \/>\n<meta property=\"og:description\" content=\"\u041a\u043e\u0432\u0440\u0438\u043a Sea to Summit UltraLight Insulated Air Mat L \u043e\u0431\u0435\u0441\u043f\u0435\u0447\u0438\u0442 \u043a\u043e\u043c\u0444\u043e\u0440\u0442 \u0438 \u0442\u0435\u043f\u043b\u043e \u0441 RValue 3.1. \u041b\u0435\u0433\u043a\u0438\u0439, \u043f\u0440\u043e\u0447\u043d\u044b\u0439 \u0438 \u0438\u0434\u0435\u0430\u043b\u044c\u043d\u044b\u0439 \u0434\u043b\u044f \u043a\u0435\u043c\u043f\u0438\u043d\u0433\u0430.\" \/>\n<meta property=\"og:url\" content=\"https:\/\/xstyle.md\/ro\/produs\/kovrik-sea-to-summit-ultralight-insulated-air-mat-l\/\" \/>\n<meta property=\"og:site_name\" content=\"\u041c\u0430\u0433\u0430\u0437\u0438\u043d Xstyle\" \/>\n<meta property=\"article:publisher\" content=\"https:\/\/www.facebook.com\/xstylemd\" \/>\n<meta property=\"article:modified_time\" content=\"2026-04-22T14:07:34+00:00\" \/>\n<meta property=\"og:image\" content=\"https:\/\/xstyle.md\/wp-content\/uploads\/2021\/04\/file_1_1.jpeg\" \/>\n\t<meta property=\"og:image:width\" content=\"1800\" \/>\n\t<meta property=\"og:image:height\" content=\"1800\" \/>\n\t<meta property=\"og:image:type\" content=\"image\/jpeg\" \/>\n<meta name=\"twitter:card\" content=\"summary_large_image\" \/>\n<meta name=\"twitter:label1\" content=\"Pre\u021b\" \/>\n\t<meta name=\"twitter:data1\" content=\"3.990&nbsp;MDL\" \/>\n\t<meta name=\"twitter:label2\" content=\"Disponibilitate\" \/>\n\t<meta name=\"twitter:data2\" content=\"\u00cen stoc\" \/>\n<script type=\"application\/ld+json\" class=\"yoast-schema-graph\">{\"@context\":\"https:\\\/\\\/schema.org\",\"@graph\":[{\"@type\":\"WebPage\",\"@id\":\"https:\\\/\\\/xstyle.md\\\/product\\\/kovrik-sea-to-summit-ultralight-insulated-air-mat-l\\\/\",\"url\":\"https:\\\/\\\/xstyle.md\\\/product\\\/kovrik-sea-to-summit-ultralight-insulated-air-mat-l\\\/\",\"name\":\"\u041a\u043e\u0432\u0440\u0438\u043a Sea to Summit UltraLight Insulated Air Mat L - \u041c\u0430\u0433\u0430\u0437\u0438\u043d Xstyle\",\"isPartOf\":{\"@id\":\"https:\\\/\\\/xstyle.md\\\/#website\"},\"primaryImageOfPage\":{\"@id\":\"https:\\\/\\\/xstyle.md\\\/product\\\/kovrik-sea-to-summit-ultralight-insulated-air-mat-l\\\/#primaryimage\"},\"image\":{\"@id\":\"https:\\\/\\\/xstyle.md\\\/product\\\/kovrik-sea-to-summit-ultralight-insulated-air-mat-l\\\/#primaryimage\"},\"thumbnailUrl\":\"https:\\\/\\\/xstyle.md\\\/wp-content\\\/uploads\\\/2021\\\/04\\\/file_1_1.jpeg\",\"datePublished\":\"2021-01-11T13:23:25+00:00\",\"dateModified\":\"2026-04-22T14:07:34+00:00\",\"description\":\"\u041a\u043e\u0432\u0440\u0438\u043a Sea to Summit UltraLight Insulated Air Mat L \u043e\u0431\u0435\u0441\u043f\u0435\u0447\u0438\u0442 \u043a\u043e\u043c\u0444\u043e\u0440\u0442 \u0438 \u0442\u0435\u043f\u043b\u043e \u0441 RValue 3.1. \u041b\u0435\u0433\u043a\u0438\u0439, \u043f\u0440\u043e\u0447\u043d\u044b\u0439 \u0438 \u0438\u0434\u0435\u0430\u043b\u044c\u043d\u044b\u0439 \u0434\u043b\u044f \u043a\u0435\u043c\u043f\u0438\u043d\u0433\u0430.\",\"breadcrumb\":{\"@id\":\"https:\\\/\\\/xstyle.md\\\/product\\\/kovrik-sea-to-summit-ultralight-insulated-air-mat-l\\\/#breadcrumb\"},\"inLanguage\":\"ro-RO\",\"potentialAction\":[{\"@type\":\"ReadAction\",\"target\":[\"https:\\\/\\\/xstyle.md\\\/product\\\/kovrik-sea-to-summit-ultralight-insulated-air-mat-l\\\/\"]}]},{\"@type\":\"ImageObject\",\"inLanguage\":\"ro-RO\",\"@id\":\"https:\\\/\\\/xstyle.md\\\/product\\\/kovrik-sea-to-summit-ultralight-insulated-air-mat-l\\\/#primaryimage\",\"url\":\"https:\\\/\\\/xstyle.md\\\/wp-content\\\/uploads\\\/2021\\\/04\\\/file_1_1.jpeg\",\"contentUrl\":\"https:\\\/\\\/xstyle.md\\\/wp-content\\\/uploads\\\/2021\\\/04\\\/file_1_1.jpeg\",\"width\":1800,\"height\":1800},{\"@type\":\"BreadcrumbList\",\"@id\":\"https:\\\/\\\/xstyle.md\\\/product\\\/kovrik-sea-to-summit-ultralight-insulated-air-mat-l\\\/#breadcrumb\",\"itemListElement\":[{\"@type\":\"ListItem\",\"position\":1,\"name\":\"\u0413\u043b\u0430\u0432\u043d\u0430\u044f \u0441\u0442\u0440\u0430\u043d\u0438\u0446\u0430\",\"item\":\"https:\\\/\\\/xstyle.md\\\/\"},{\"@type\":\"ListItem\",\"position\":2,\"name\":\"\u041c\u0430\u0433\u0430\u0437\u0438\u043d\",\"item\":\"https:\\\/\\\/xstyle.md\\\/shop\\\/\"},{\"@type\":\"ListItem\",\"position\":3,\"name\":\"\u041a\u043e\u0432\u0440\u0438\u043a Sea to Summit UltraLight Insulated Air Mat L\"}]},{\"@type\":\"WebSite\",\"@id\":\"https:\\\/\\\/xstyle.md\\\/#website\",\"url\":\"https:\\\/\\\/xstyle.md\\\/\",\"name\":\"\u041c\u0430\u0433\u0430\u0437\u0438\u043d Xstyle\",\"description\":\"C\u043d\u0430\u0440\u044f\u0436\u0435\u043d\u0438\u0435 \u0434\u043b\u044f \u0442\u0443\u0440\u0438\u0437\u043c\u0430 \u0438 \u044d\u043a\u0441\u0442\u0440\u0435\u043c\u0430\u043b\u044c\u043d\u044b\u0445 \u0432\u0438\u0434\u043e\u0432 \u0441\u043f\u043e\u0440\u0442\u0430 \u0432 \u041c\u043e\u043b\u0434\u043e\u0432\u0435.. \u0426\u0435\u043d\u044b, \u0444\u043e\u0442\u043e, \u0445\u0430\u0440\u0430\u043a\u0442\u0435\u0440\u0438\u0441\u0442\u0438\u043a\u0438 \u0432 \u041c\u043e\u043b\u0434\u043e\u0432\u0435.\",\"publisher\":{\"@id\":\"https:\\\/\\\/xstyle.md\\\/#organization\"},\"alternateName\":\"X-Style\",\"potentialAction\":[{\"@type\":\"SearchAction\",\"target\":{\"@type\":\"EntryPoint\",\"urlTemplate\":\"https:\\\/\\\/xstyle.md\\\/?s={search_term_string}\"},\"query-input\":{\"@type\":\"PropertyValueSpecification\",\"valueRequired\":true,\"valueName\":\"search_term_string\"}}],\"inLanguage\":\"ro-RO\"},{\"@type\":\"Organization\",\"@id\":\"https:\\\/\\\/xstyle.md\\\/#organization\",\"name\":\"\u041c\u0430\u0433\u0430\u0437\u0438\u043d Xstyle\",\"alternateName\":\"x-style\",\"url\":\"https:\\\/\\\/xstyle.md\\\/\",\"logo\":{\"@type\":\"ImageObject\",\"inLanguage\":\"ro-RO\",\"@id\":\"https:\\\/\\\/xstyle.md\\\/#\\\/schema\\\/logo\\\/image\\\/\",\"url\":\"https:\\\/\\\/xstyle.md\\\/wp-content\\\/uploads\\\/2020\\\/06\\\/logoicon.svg\",\"contentUrl\":\"https:\\\/\\\/xstyle.md\\\/wp-content\\\/uploads\\\/2020\\\/06\\\/logoicon.svg\",\"caption\":\"\u041c\u0430\u0433\u0430\u0437\u0438\u043d Xstyle\"},\"image\":{\"@id\":\"https:\\\/\\\/xstyle.md\\\/#\\\/schema\\\/logo\\\/image\\\/\"},\"sameAs\":[\"https:\\\/\\\/www.facebook.com\\\/xstylemd\",\"https:\\\/\\\/www.instagram.com\\\/xstyle_md\\\/\",\"https:\\\/\\\/t.me\\\/xstyle_outdoor\"],\"hasMerchantReturnPolicy\":{\"@type\":\"MerchantReturnPolicy\",\"merchantReturnLink\":\"https:\\\/\\\/xstyle.md\\\/ro\\\/conditions\\\/\"}}]}<\/script>\n<meta property=\"product:price:amount\" content=\"3990.00\" \/>\n<meta property=\"product:price:currency\" content=\"MDL\" \/>\n<meta property=\"og:availability\" content=\"instock\" \/>\n<meta property=\"product:availability\" content=\"instock\" \/>\n<meta property=\"product:retailer_item_id\" content=\"9327868131488\" \/>\n<meta property=\"product:condition\" content=\"new\" \/>\n<!-- \/ Yoast SEO plugin. -->","yoast_head_json":{"title":"Covoras Sea to Summit UltraLight Insulated Air Mat L - Magazin Xstyle","description":"Saltea Sea to Summit UltraLight Insulated Air Mat L va oferi confort \u0219i c\u0103ldur\u0103 cu un RValue de 3.1. U\u0219oar\u0103, durabil\u0103 \u0219i perfect\u0103 pentru camping.","robots":{"index":"index","follow":"follow","max-snippet":"max-snippet:-1","max-image-preview":"max-image-preview:large","max-video-preview":"max-video-preview:-1"},"canonical":"https:\/\/xstyle.md\/ro\/produs\/kovrik-sea-to-summit-ultralight-insulated-air-mat-l\/","og_locale":"ro_RO","og_type":"article","og_title":"\u041a\u043e\u0432\u0440\u0438\u043a Sea to Summit UltraLight Insulated Air Mat L - \u041c\u0430\u0433\u0430\u0437\u0438\u043d Xstyle","og_description":"\u041a\u043e\u0432\u0440\u0438\u043a Sea to Summit UltraLight Insulated Air Mat L \u043e\u0431\u0435\u0441\u043f\u0435\u0447\u0438\u0442 \u043a\u043e\u043c\u0444\u043e\u0440\u0442 \u0438 \u0442\u0435\u043f\u043b\u043e \u0441 RValue 3.1. \u041b\u0435\u0433\u043a\u0438\u0439, \u043f\u0440\u043e\u0447\u043d\u044b\u0439 \u0438 \u0438\u0434\u0435\u0430\u043b\u044c\u043d\u044b\u0439 \u0434\u043b\u044f \u043a\u0435\u043c\u043f\u0438\u043d\u0433\u0430.","og_url":"https:\/\/xstyle.md\/ro\/produs\/kovrik-sea-to-summit-ultralight-insulated-air-mat-l\/","og_site_name":"\u041c\u0430\u0433\u0430\u0437\u0438\u043d Xstyle","article_publisher":"https:\/\/www.facebook.com\/xstylemd","article_modified_time":"2026-04-22T14:07:34+00:00","og_image":[{"width":1800,"height":1800,"url":"https:\/\/xstyle.md\/wp-content\/uploads\/2021\/04\/file_1_1.jpeg","type":"image\/jpeg"}],"twitter_card":"summary_large_image","twitter_misc":{"Pre\u021b":"3.990&nbsp;MDL","Disponibilitate":"\u00cen stoc"},"schema":{"@context":"https:\/\/schema.org","@graph":[{"@type":"WebPage","@id":"https:\/\/xstyle.md\/product\/kovrik-sea-to-summit-ultralight-insulated-air-mat-l\/","url":"https:\/\/xstyle.md\/product\/kovrik-sea-to-summit-ultralight-insulated-air-mat-l\/","name":"Covoras Sea to Summit UltraLight Insulated Air Mat L - Magazin Xstyle","isPartOf":{"@id":"https:\/\/xstyle.md\/#website"},"primaryImageOfPage":{"@id":"https:\/\/xstyle.md\/product\/kovrik-sea-to-summit-ultralight-insulated-air-mat-l\/#primaryimage"},"image":{"@id":"https:\/\/xstyle.md\/product\/kovrik-sea-to-summit-ultralight-insulated-air-mat-l\/#primaryimage"},"thumbnailUrl":"https:\/\/xstyle.md\/wp-content\/uploads\/2021\/04\/file_1_1.jpeg","datePublished":"2021-01-11T13:23:25+00:00","dateModified":"2026-04-22T14:07:34+00:00","description":"Saltea Sea to Summit UltraLight Insulated Air Mat L va oferi confort \u0219i c\u0103ldur\u0103 cu un RValue de 3.1. U\u0219oar\u0103, durabil\u0103 \u0219i perfect\u0103 pentru camping.","breadcrumb":{"@id":"https:\/\/xstyle.md\/product\/kovrik-sea-to-summit-ultralight-insulated-air-mat-l\/#breadcrumb"},"inLanguage":"ro-RO","potentialAction":[{"@type":"ReadAction","target":["https:\/\/xstyle.md\/product\/kovrik-sea-to-summit-ultralight-insulated-air-mat-l\/"]}]},{"@type":"ImageObject","inLanguage":"ro-RO","@id":"https:\/\/xstyle.md\/product\/kovrik-sea-to-summit-ultralight-insulated-air-mat-l\/#primaryimage","url":"https:\/\/xstyle.md\/wp-content\/uploads\/2021\/04\/file_1_1.jpeg","contentUrl":"https:\/\/xstyle.md\/wp-content\/uploads\/2021\/04\/file_1_1.jpeg","width":1800,"height":1800},{"@type":"BreadcrumbList","@id":"https:\/\/xstyle.md\/product\/kovrik-sea-to-summit-ultralight-insulated-air-mat-l\/#breadcrumb","itemListElement":[{"@type":"ListItem","position":1,"name":"\u0413\u043b\u0430\u0432\u043d\u0430\u044f \u0441\u0442\u0440\u0430\u043d\u0438\u0446\u0430","item":"https:\/\/xstyle.md\/"},{"@type":"ListItem","position":2,"name":"\u041c\u0430\u0433\u0430\u0437\u0438\u043d","item":"https:\/\/xstyle.md\/shop\/"},{"@type":"ListItem","position":3,"name":"\u041a\u043e\u0432\u0440\u0438\u043a Sea to Summit UltraLight Insulated Air Mat L"}]},{"@type":"WebSite","@id":"https:\/\/xstyle.md\/#website","url":"https:\/\/xstyle.md\/","name":"Magazinul X-Style","description":"Echipamente pentru turism \u0219i sporturi extreme \u00een Moldova. Pre\u021buri, fotografii, caracteristici \u00een Moldova.","publisher":{"@id":"https:\/\/xstyle.md\/#organization"},"alternateName":"X-Style","potentialAction":[{"@type":"SearchAction","target":{"@type":"EntryPoint","urlTemplate":"https:\/\/xstyle.md\/?s={search_term_string}"},"query-input":{"@type":"PropertyValueSpecification","valueRequired":true,"valueName":"search_term_string"}}],"inLanguage":"ro-RO"},{"@type":"Organization","@id":"https:\/\/xstyle.md\/#organization","name":"Magazinul X-Style","alternateName":"x-style","url":"https:\/\/xstyle.md\/","logo":{"@type":"ImageObject","inLanguage":"ro-RO","@id":"https:\/\/xstyle.md\/#\/schema\/logo\/image\/","url":"https:\/\/xstyle.md\/wp-content\/uploads\/2020\/06\/logoicon.svg","contentUrl":"https:\/\/xstyle.md\/wp-content\/uploads\/2020\/06\/logoicon.svg","caption":"\u041c\u0430\u0433\u0430\u0437\u0438\u043d Xstyle"},"image":{"@id":"https:\/\/xstyle.md\/#\/schema\/logo\/image\/"},"sameAs":["https:\/\/www.facebook.com\/xstylemd","https:\/\/www.instagram.com\/xstyle_md\/","https:\/\/t.me\/xstyle_outdoor"],"hasMerchantReturnPolicy":{"@type":"MerchantReturnPolicy","merchantReturnLink":"https:\/\/xstyle.md\/ro\/conditions\/"}}]},"product_price_amount":"3990.00","product_price_currency":"MDL","og_availability":"instock","product_availability":"instock","product_retailer_item_id":"9327868131488","product_condition":"new"},"_links":{"self":[{"href":"https:\/\/xstyle.md\/ro\/wp-json\/wp\/v2\/product\/27298","targetHints":{"allow":["GET"]}}],"collection":[{"href":"https:\/\/xstyle.md\/ro\/wp-json\/wp\/v2\/product"}],"about":[{"href":"https:\/\/xstyle.md\/ro\/wp-json\/wp\/v2\/types\/product"}],"replies":[{"embeddable":true,"href":"https:\/\/xstyle.md\/ro\/wp-json\/wp\/v2\/comments?post=27298"}],"wp:featuredmedia":[{"embeddable":true,"href":"https:\/\/xstyle.md\/ro\/wp-json\/wp\/v2\/media\/29187"}],"wp:attachment":[{"href":"https:\/\/xstyle.md\/ro\/wp-json\/wp\/v2\/media?parent=27298"}],"wp:term":[{"taxonomy":"product_brand","embeddable":true,"href":"https:\/\/xstyle.md\/ro\/wp-json\/wp\/v2\/product_brand?post=27298"},{"taxonomy":"product_cat","embeddable":true,"href":"https:\/\/xstyle.md\/ro\/wp-json\/wp\/v2\/product_cat?post=27298"},{"taxonomy":"product_tag","embeddable":true,"href":"https:\/\/xstyle.md\/ro\/wp-json\/wp\/v2\/product_tag?post=27298"}],"curies":[{"name":"wp","href":"https:\/\/api.w.org\/{rel}","templated":true}]}}