{"id":27293,"date":"2021-01-11T16:23:23","date_gmt":"2021-01-11T13:23:23","guid":{"rendered":"https:\/\/xstyle.md\/product\/nakidka-ot-dozhdja-sea-to-summit-poncho-15d\/"},"modified":"2026-03-14T21:36:09","modified_gmt":"2026-03-14T18:36:09","slug":"nakidka-ot-dozhdja-sea-to-summit-poncho-15d","status":"publish","type":"product","link":"https:\/\/xstyle.md\/ro\/produs\/nakidka-ot-dozhdja-sea-to-summit-poncho-15d\/","title":{"rendered":"Pelerin\u0103 Sea to Summit Poncho 15D"},"content":{"rendered":"<p><strong>\u041d\u0430\u043a\u0438\u0434\u043a\u0430 \u043e\u0442 \u0434\u043e\u0436\u0434\u044f Sea to Summit Poncho 15D &#8212;&nbsp;<\/strong>\u0443\u0434\u043e\u0431\u043d\u043e\u0435 \u043f\u043e\u043d\u0447\u043e \u0441 \u043a\u0430\u043f\u044e\u0448\u043e\u043d\u043e\u043c. \u041e\u0447\u0435\u043d\u044c \u043a\u043e\u043c\u043f\u0430\u043a\u0442\u043d\u043e\u0435 \u0432 \u0441\u043b\u043e\u0436\u0435\u043d\u043d\u043e\u043c \u0432\u0438\u0434\u0435.<\/p>\n<p><span>\u041e\u0442\u043b\u0438\u0447\u043d\u044b\u0439 \u0432\u0430\u0440\u0438\u0430\u043d\u0442 \u0437\u0430\u0449\u0438\u0442\u044b \u043e\u0442 \u0434\u043e\u0436\u0434\u044f \u0432\u043e \u0432\u0440\u0435\u043c\u044f \u043f\u043e\u0445\u043e\u0434\u0430, \u0440\u044b\u0431\u0430\u043b\u043a\u0438 \u0438\u043b\u0438 \u043f\u0440\u043e\u0441\u0442\u043e \u0432 \u0433\u043e\u0440\u043e\u0434\u0435. \u041f\u043e\u043d\u0447\u043e 15D \u043e\u0431\u0435\u0441\u043f\u0435\u0447\u0438\u0432\u0430\u0435\u0442 \u0435\u0449\u0435 \u043c\u0435\u043d\u044c\u0448\u0438\u0439 \u0440\u0430\u0437\u043c\u0435\u0440 \u0432 \u0443\u043f\u0430\u043a\u043e\u0432\u0430\u043d\u043d\u043e\u043c \u0432\u0438\u0434\u0435 \u0438 \u043c\u0430\u043b\u044b\u0439 \u0432\u0435\u0441, \u0447\u0435\u043c \u043a\u043b\u0430\u0441\u0441\u0438\u0447\u0435\u0441\u043a\u043e\u0435 \u043f\u043e\u043d\u0447\u043e. \u0414\u0430\u043d\u043d\u0430\u044f \u043c\u043e\u0434\u0435\u043b\u044c \u0441\u043f\u0430\u0441\u0435\u0442 \u0432\u0430\u0441 \u0432 \u0441\u0438\u0442\u0443\u0430\u0446\u0438\u044f\u0445, \u043a\u043e\u0433\u0434\u0430 \u0432\u0430\u043c \u043d\u0443\u0436\u0435\u043d \u0431\u043e\u043b\u0435\u0435 \u043b\u0435\u0433\u043a\u0438\u0439 \u0438 \u043a\u043e\u043c\u043f\u0430\u043a\u0442\u043d\u044b\u0439 \u0432\u0430\u0440\u0438\u0430\u043d\u0442, \u0447\u0435\u043c \u043f\u043e\u043d\u0447\u043e Tarp \u0434\u0430\u043d\u043d\u043e\u0433\u043e \u043f\u0440\u043e\u0438\u0437\u0432\u043e\u0434\u0438\u0442\u0435\u043b\u044f.<\/span><\/p>\n<p><span>\u0421\u0434\u0435\u043b\u0430\u043d\u043e \u0438\u0437 \u0442\u0435\u0445\u043d\u043e\u043b\u043e\u0433\u0438\u0447\u043d\u043e\u0433\u043e \u043c\u0430\u0442\u0435\u0440\u0438\u0430\u043b\u0430 15D Nano Ultra-Sil. \u0428\u0432\u044b \u043f\u043e\u043b\u043d\u043e\u0441\u0442\u044c\u044e \u043f\u0440\u043e\u043a\u043b\u0435\u0435\u043d\u044b, \u0434\u043b\u044f \u043b\u0443\u0447\u0448\u0435\u0439 \u0437\u0430\u0449\u0438\u0442\u044b \u043e\u0442 \u043e\u0441\u0430\u0434\u043a\u043e\u0432. <\/span><\/p>\n<p><span>\u0418\u0434\u0435\u0430\u043b\u044c\u043d\u043e \u043f\u043e\u0434\u0445\u043e\u0434\u0438\u0442 \u0434\u043b\u044f \u0438\u0441\u043f\u043e\u043b\u044c\u0437\u043e\u0432\u0430\u043d\u0438\u044f \u0432 \u0436\u0430\u0440\u043a\u043e\u043c \u043a\u043b\u0438\u043c\u0430\u0442\u0435, \u0433\u0434\u0435 \u043e\u0431\u044b\u0447\u043d\u044b\u0439 \u043f\u043b\u0430\u0449 \u043d\u0435 \u043e\u0431\u0435\u0441\u043f\u0435\u0447\u0438\u0432\u0430\u0435\u0442 \u0434\u043e\u0441\u0442\u0430\u0442\u043e\u0447\u043d\u043e\u0439 \u0432\u0435\u043d\u0442\u0438\u043b\u044f\u0446\u0438\u0438. \u0422\u0430\u043a\u0436\u0435 \u0431\u043b\u0435\u0441\u0442\u044f\u0449\u0435 \u0440\u0430\u0431\u043e\u0442\u0430\u0435\u0442 \u043a\u0430\u043a \u0430\u0432\u0430\u0440\u0438\u0439\u043d\u044b\u0439 \u0447\u0435\u0445\u043e\u043b \u043e\u0442 \u0434\u043e\u0436\u0434\u044f \u043d\u0430 \u0444\u0443\u0442\u0431\u043e\u043b\u0435!<\/span><\/p>\n<h3><span>Particularit\u0103\u021bi<\/span><\/h3>\n<div>\n<ul>\n<li>\u041b\u0435\u0433\u043a\u0430\u044f \u0432\u043e\u0434\u043e\u043d\u0435\u043f\u0440\u043e\u043d\u0438\u0446\u0430\u0435\u043c\u0430\u044f \u0442\u043a\u0430\u043d\u044c.<\/li>\n<li>\u0414\u0432\u043e\u0439\u043d\u0430\u044f \u043f\u0440\u043e\u043a\u043b\u0435\u0439\u043a\u0430 \u0448\u0432\u043e\u0432.<\/li>\n<li>\u0422\u0440\u0435\u0445\u043c\u0435\u0440\u043d\u0430\u044f \u043a\u043e\u043d\u0441\u0442\u0440\u0443\u043a\u0446\u0438\u044f \u043a\u0430\u043f\u044e\u0448\u043e\u043d\u0430.<\/li>\n<li>\u041a\u043e\u043c\u043f\u0430\u043a\u0442\u043d\u044b\u0435 \u0440\u0430\u0437\u043c\u0435\u0440\u044b.<\/li>\n<li>\u0425\u043e\u0440\u043e\u0448\u0430\u044f \u0432\u0435\u043d\u0442\u0438\u043b\u044f\u0446\u0438\u044f.<\/li>\n<\/ul>\n<h3>Caracteristici<\/h3>\n<ul>\n<li>\u041c\u0430\u0442\u0435\u0440\u0438\u0430\u043b:&nbsp;15D Nano Ultra-Sil.<\/li>\n<li>\u0420\u0430\u0437\u043c\u0435\u0440: 9 x 9 x 15 \u0441\u043c.<\/li>\n<li>\u0426\u0432\u0435\u0442: \u043b\u0430\u0439\u043c.<\/li>\n<li>\u0412\u0435\u0441: 145 \u0441\u043c.<\/li>\n<\/ul>\n<\/div>\n<p><iframe loading=\"lazy\" title=\"Sea to Summit - Ultra-Sil Nano Poncho\" width=\"640\" height=\"360\" src=\"https:\/\/www.youtube.com\/embed\/vH1QIZohZvc?feature=oembed\" frameborder=\"0\" allow=\"accelerometer; autoplay; clipboard-write; encrypted-media; gyroscope; picture-in-picture; web-share\" referrerpolicy=\"strict-origin-when-cross-origin\" allowfullscreen><\/iframe><\/p>","protected":false},"excerpt":{"rendered":"<p>Pelerin\u0103 Sea to Summit Poncho 15D<\/p>","protected":false},"featured_media":29172,"comment_status":"open","ping_status":"closed","template":"","meta":{"_acf_changed":false,"inline_featured_image":false},"product_brand":[1281],"product_cat":[339],"product_tag":[],"class_list":{"0":"post-27293","1":"product","2":"type-product","3":"status-publish","4":"has-post-thumbnail","6":"product_brand-sea-to-summit","7":"product_cat-rain-coats","9":"first","10":"instock","11":"shipping-taxable","12":"purchasable","13":"product-type-simple"},"acf":[],"yoast_head":"<!-- This site is optimized with the Yoast SEO plugin v27.4 - https:\/\/yoast.com\/product\/yoast-seo-wordpress\/ -->\n<title>\u041d\u0430\u043a\u0438\u0434\u043a\u0430 \u043e\u0442 \u0434\u043e\u0436\u0434\u044f Sea to Summit Poncho 15D - \u041c\u0430\u0433\u0430\u0437\u0438\u043d Xstyle<\/title>\n<meta name=\"description\" content=\"\u041d\u0430\u043a\u0438\u0434\u043a\u0430 \u043e\u0442 \u0434\u043e\u0436\u0434\u044f Sea to Summit Poncho 15D - \u043b\u0435\u0433\u043a\u0430\u044f \u0438 \u043a\u043e\u043c\u043f\u0430\u043a\u0442\u043d\u0430\u044f \u0437\u0430\u0449\u0438\u0442\u043d\u0430\u044f \u043e\u0434\u0435\u0436\u0434\u0430. \u0418\u0434\u0435\u0430\u043b\u044c\u043d\u0430 \u0434\u043b\u044f \u0442\u0443\u0440\u0438\u0441\u0442\u043e\u0432 \u0438 \u0430\u043a\u0442\u0438\u0432\u043d\u044b\u0445 \u043f\u0443\u0442\u0435\u0448\u0435\u0441\u0442\u0432\u0435\u043d\u043d\u0438\u043a\u043e\u0432.\" \/>\n<meta name=\"robots\" content=\"index, follow, max-snippet:-1, max-image-preview:large, max-video-preview:-1\" \/>\n<link rel=\"canonical\" href=\"https:\/\/xstyle.md\/ro\/produs\/nakidka-ot-dozhdja-sea-to-summit-poncho-15d\/\" \/>\n<meta property=\"og:locale\" content=\"ro_RO\" \/>\n<meta property=\"og:type\" content=\"article\" \/>\n<meta property=\"og:title\" content=\"\u041d\u0430\u043a\u0438\u0434\u043a\u0430 \u043e\u0442 \u0434\u043e\u0436\u0434\u044f Sea to Summit Poncho 15D - \u041c\u0430\u0433\u0430\u0437\u0438\u043d Xstyle\" \/>\n<meta property=\"og:description\" content=\"\u041d\u0430\u043a\u0438\u0434\u043a\u0430 \u043e\u0442 \u0434\u043e\u0436\u0434\u044f Sea to Summit Poncho 15D - \u043b\u0435\u0433\u043a\u0430\u044f \u0438 \u043a\u043e\u043c\u043f\u0430\u043a\u0442\u043d\u0430\u044f \u0437\u0430\u0449\u0438\u0442\u043d\u0430\u044f \u043e\u0434\u0435\u0436\u0434\u0430. \u0418\u0434\u0435\u0430\u043b\u044c\u043d\u0430 \u0434\u043b\u044f \u0442\u0443\u0440\u0438\u0441\u0442\u043e\u0432 \u0438 \u0430\u043a\u0442\u0438\u0432\u043d\u044b\u0445 \u043f\u0443\u0442\u0435\u0448\u0435\u0441\u0442\u0432\u0435\u043d\u043d\u0438\u043a\u043e\u0432.\" \/>\n<meta property=\"og:url\" content=\"https:\/\/xstyle.md\/ro\/produs\/nakidka-ot-dozhdja-sea-to-summit-poncho-15d\/\" \/>\n<meta property=\"og:site_name\" content=\"\u041c\u0430\u0433\u0430\u0437\u0438\u043d Xstyle\" \/>\n<meta property=\"article:publisher\" content=\"https:\/\/www.facebook.com\/xstylemd\" \/>\n<meta property=\"article:modified_time\" content=\"2026-03-14T18:36:09+00:00\" \/>\n<meta property=\"og:image\" content=\"https:\/\/xstyle.md\/wp-content\/uploads\/2021\/04\/sts-aponstd15dli_03.jpg\" \/>\n\t<meta property=\"og:image:width\" content=\"720\" \/>\n\t<meta property=\"og:image:height\" content=\"720\" \/>\n\t<meta property=\"og:image:type\" content=\"image\/jpeg\" \/>\n<meta name=\"twitter:card\" content=\"summary_large_image\" \/>\n<meta name=\"twitter:label1\" content=\"Pre\u021b\" \/>\n\t<meta name=\"twitter:data1\" content=\"1.950&nbsp;MDL\" \/>\n\t<meta name=\"twitter:label2\" content=\"Disponibilitate\" \/>\n\t<meta name=\"twitter:data2\" content=\"\u00cen stoc\" \/>\n<script type=\"application\/ld+json\" class=\"yoast-schema-graph\">{\"@context\":\"https:\\\/\\\/schema.org\",\"@graph\":[{\"@type\":\"WebPage\",\"@id\":\"https:\\\/\\\/xstyle.md\\\/product\\\/nakidka-ot-dozhdja-sea-to-summit-poncho-15d\\\/\",\"url\":\"https:\\\/\\\/xstyle.md\\\/product\\\/nakidka-ot-dozhdja-sea-to-summit-poncho-15d\\\/\",\"name\":\"\u041d\u0430\u043a\u0438\u0434\u043a\u0430 \u043e\u0442 \u0434\u043e\u0436\u0434\u044f Sea to Summit Poncho 15D - \u041c\u0430\u0433\u0430\u0437\u0438\u043d Xstyle\",\"isPartOf\":{\"@id\":\"https:\\\/\\\/xstyle.md\\\/#website\"},\"primaryImageOfPage\":{\"@id\":\"https:\\\/\\\/xstyle.md\\\/product\\\/nakidka-ot-dozhdja-sea-to-summit-poncho-15d\\\/#primaryimage\"},\"image\":{\"@id\":\"https:\\\/\\\/xstyle.md\\\/product\\\/nakidka-ot-dozhdja-sea-to-summit-poncho-15d\\\/#primaryimage\"},\"thumbnailUrl\":\"https:\\\/\\\/xstyle.md\\\/wp-content\\\/uploads\\\/2021\\\/04\\\/sts-aponstd15dli_03.jpg\",\"datePublished\":\"2021-01-11T13:23:23+00:00\",\"dateModified\":\"2026-03-14T18:36:09+00:00\",\"description\":\"\u041d\u0430\u043a\u0438\u0434\u043a\u0430 \u043e\u0442 \u0434\u043e\u0436\u0434\u044f Sea to Summit Poncho 15D - \u043b\u0435\u0433\u043a\u0430\u044f \u0438 \u043a\u043e\u043c\u043f\u0430\u043a\u0442\u043d\u0430\u044f \u0437\u0430\u0449\u0438\u0442\u043d\u0430\u044f \u043e\u0434\u0435\u0436\u0434\u0430. \u0418\u0434\u0435\u0430\u043b\u044c\u043d\u0430 \u0434\u043b\u044f \u0442\u0443\u0440\u0438\u0441\u0442\u043e\u0432 \u0438 \u0430\u043a\u0442\u0438\u0432\u043d\u044b\u0445 \u043f\u0443\u0442\u0435\u0448\u0435\u0441\u0442\u0432\u0435\u043d\u043d\u0438\u043a\u043e\u0432.\",\"breadcrumb\":{\"@id\":\"https:\\\/\\\/xstyle.md\\\/product\\\/nakidka-ot-dozhdja-sea-to-summit-poncho-15d\\\/#breadcrumb\"},\"inLanguage\":\"ro-RO\",\"potentialAction\":[{\"@type\":\"ReadAction\",\"target\":[\"https:\\\/\\\/xstyle.md\\\/product\\\/nakidka-ot-dozhdja-sea-to-summit-poncho-15d\\\/\"]}]},{\"@type\":\"ImageObject\",\"inLanguage\":\"ro-RO\",\"@id\":\"https:\\\/\\\/xstyle.md\\\/product\\\/nakidka-ot-dozhdja-sea-to-summit-poncho-15d\\\/#primaryimage\",\"url\":\"https:\\\/\\\/xstyle.md\\\/wp-content\\\/uploads\\\/2021\\\/04\\\/sts-aponstd15dli_03.jpg\",\"contentUrl\":\"https:\\\/\\\/xstyle.md\\\/wp-content\\\/uploads\\\/2021\\\/04\\\/sts-aponstd15dli_03.jpg\",\"width\":720,\"height\":720},{\"@type\":\"BreadcrumbList\",\"@id\":\"https:\\\/\\\/xstyle.md\\\/product\\\/nakidka-ot-dozhdja-sea-to-summit-poncho-15d\\\/#breadcrumb\",\"itemListElement\":[{\"@type\":\"ListItem\",\"position\":1,\"name\":\"\u0413\u043b\u0430\u0432\u043d\u0430\u044f \u0441\u0442\u0440\u0430\u043d\u0438\u0446\u0430\",\"item\":\"https:\\\/\\\/xstyle.md\\\/\"},{\"@type\":\"ListItem\",\"position\":2,\"name\":\"\u041c\u0430\u0433\u0430\u0437\u0438\u043d\",\"item\":\"https:\\\/\\\/xstyle.md\\\/shop\\\/\"},{\"@type\":\"ListItem\",\"position\":3,\"name\":\"\u041d\u0430\u043a\u0438\u0434\u043a\u0430 \u043e\u0442 \u0434\u043e\u0436\u0434\u044f Sea to Summit Poncho 15D\"}]},{\"@type\":\"WebSite\",\"@id\":\"https:\\\/\\\/xstyle.md\\\/#website\",\"url\":\"https:\\\/\\\/xstyle.md\\\/\",\"name\":\"\u041c\u0430\u0433\u0430\u0437\u0438\u043d Xstyle\",\"description\":\"C\u043d\u0430\u0440\u044f\u0436\u0435\u043d\u0438\u0435 \u0434\u043b\u044f \u0442\u0443\u0440\u0438\u0437\u043c\u0430 \u0438 \u044d\u043a\u0441\u0442\u0440\u0435\u043c\u0430\u043b\u044c\u043d\u044b\u0445 \u0432\u0438\u0434\u043e\u0432 \u0441\u043f\u043e\u0440\u0442\u0430 \u0432 \u041c\u043e\u043b\u0434\u043e\u0432\u0435.. \u0426\u0435\u043d\u044b, \u0444\u043e\u0442\u043e, \u0445\u0430\u0440\u0430\u043a\u0442\u0435\u0440\u0438\u0441\u0442\u0438\u043a\u0438 \u0432 \u041c\u043e\u043b\u0434\u043e\u0432\u0435.\",\"publisher\":{\"@id\":\"https:\\\/\\\/xstyle.md\\\/#organization\"},\"alternateName\":\"X-Style\",\"potentialAction\":[{\"@type\":\"SearchAction\",\"target\":{\"@type\":\"EntryPoint\",\"urlTemplate\":\"https:\\\/\\\/xstyle.md\\\/?s={search_term_string}\"},\"query-input\":{\"@type\":\"PropertyValueSpecification\",\"valueRequired\":true,\"valueName\":\"search_term_string\"}}],\"inLanguage\":\"ro-RO\"},{\"@type\":\"Organization\",\"@id\":\"https:\\\/\\\/xstyle.md\\\/#organization\",\"name\":\"\u041c\u0430\u0433\u0430\u0437\u0438\u043d Xstyle\",\"alternateName\":\"x-style\",\"url\":\"https:\\\/\\\/xstyle.md\\\/\",\"logo\":{\"@type\":\"ImageObject\",\"inLanguage\":\"ro-RO\",\"@id\":\"https:\\\/\\\/xstyle.md\\\/#\\\/schema\\\/logo\\\/image\\\/\",\"url\":\"https:\\\/\\\/xstyle.md\\\/wp-content\\\/uploads\\\/2020\\\/06\\\/logoicon.svg\",\"contentUrl\":\"https:\\\/\\\/xstyle.md\\\/wp-content\\\/uploads\\\/2020\\\/06\\\/logoicon.svg\",\"caption\":\"\u041c\u0430\u0433\u0430\u0437\u0438\u043d Xstyle\"},\"image\":{\"@id\":\"https:\\\/\\\/xstyle.md\\\/#\\\/schema\\\/logo\\\/image\\\/\"},\"sameAs\":[\"https:\\\/\\\/www.facebook.com\\\/xstylemd\",\"https:\\\/\\\/www.instagram.com\\\/xstyle_md\\\/\",\"https:\\\/\\\/t.me\\\/xstyle_outdoor\"],\"hasMerchantReturnPolicy\":{\"@type\":\"MerchantReturnPolicy\",\"merchantReturnLink\":\"https:\\\/\\\/xstyle.md\\\/ro\\\/conditions\\\/\"}}]}<\/script>\n<meta property=\"product:price:amount\" content=\"1950.00\" \/>\n<meta property=\"product:price:currency\" content=\"MDL\" \/>\n<meta property=\"og:availability\" content=\"instock\" \/>\n<meta property=\"product:availability\" content=\"instock\" \/>\n<meta property=\"product:retailer_item_id\" content=\"9327868051335\" \/>\n<meta property=\"product:condition\" content=\"new\" \/>\n<!-- \/ Yoast SEO plugin. -->","yoast_head_json":{"title":"\u041d\u0430\u043a\u0438\u0434\u043a\u0430 \u043e\u0442 \u0434\u043e\u0436\u0434\u044f Sea to Summit Poncho 15D - \u041c\u0430\u0433\u0430\u0437\u0438\u043d Xstyle","description":"Pelerina de ploaie Sea to Summit Poncho 15D - \u00eembr\u0103c\u0103minte de protec\u021bie u\u0219oar\u0103 \u0219i compact\u0103. Ideal\u0103 pentru turi\u0219ti \u0219i c\u0103l\u0103tori activi.","robots":{"index":"index","follow":"follow","max-snippet":"max-snippet:-1","max-image-preview":"max-image-preview:large","max-video-preview":"max-video-preview:-1"},"canonical":"https:\/\/xstyle.md\/ro\/produs\/nakidka-ot-dozhdja-sea-to-summit-poncho-15d\/","og_locale":"ro_RO","og_type":"article","og_title":"\u041d\u0430\u043a\u0438\u0434\u043a\u0430 \u043e\u0442 \u0434\u043e\u0436\u0434\u044f Sea to Summit Poncho 15D - \u041c\u0430\u0433\u0430\u0437\u0438\u043d Xstyle","og_description":"\u041d\u0430\u043a\u0438\u0434\u043a\u0430 \u043e\u0442 \u0434\u043e\u0436\u0434\u044f Sea to Summit Poncho 15D - \u043b\u0435\u0433\u043a\u0430\u044f \u0438 \u043a\u043e\u043c\u043f\u0430\u043a\u0442\u043d\u0430\u044f \u0437\u0430\u0449\u0438\u0442\u043d\u0430\u044f \u043e\u0434\u0435\u0436\u0434\u0430. \u0418\u0434\u0435\u0430\u043b\u044c\u043d\u0430 \u0434\u043b\u044f \u0442\u0443\u0440\u0438\u0441\u0442\u043e\u0432 \u0438 \u0430\u043a\u0442\u0438\u0432\u043d\u044b\u0445 \u043f\u0443\u0442\u0435\u0448\u0435\u0441\u0442\u0432\u0435\u043d\u043d\u0438\u043a\u043e\u0432.","og_url":"https:\/\/xstyle.md\/ro\/produs\/nakidka-ot-dozhdja-sea-to-summit-poncho-15d\/","og_site_name":"\u041c\u0430\u0433\u0430\u0437\u0438\u043d Xstyle","article_publisher":"https:\/\/www.facebook.com\/xstylemd","article_modified_time":"2026-03-14T18:36:09+00:00","og_image":[{"width":720,"height":720,"url":"https:\/\/xstyle.md\/wp-content\/uploads\/2021\/04\/sts-aponstd15dli_03.jpg","type":"image\/jpeg"}],"twitter_card":"summary_large_image","twitter_misc":{"Pre\u021b":"1.950&nbsp;MDL","Disponibilitate":"\u00cen stoc"},"schema":{"@context":"https:\/\/schema.org","@graph":[{"@type":"WebPage","@id":"https:\/\/xstyle.md\/product\/nakidka-ot-dozhdja-sea-to-summit-poncho-15d\/","url":"https:\/\/xstyle.md\/product\/nakidka-ot-dozhdja-sea-to-summit-poncho-15d\/","name":"\u041d\u0430\u043a\u0438\u0434\u043a\u0430 \u043e\u0442 \u0434\u043e\u0436\u0434\u044f Sea to Summit Poncho 15D - \u041c\u0430\u0433\u0430\u0437\u0438\u043d Xstyle","isPartOf":{"@id":"https:\/\/xstyle.md\/#website"},"primaryImageOfPage":{"@id":"https:\/\/xstyle.md\/product\/nakidka-ot-dozhdja-sea-to-summit-poncho-15d\/#primaryimage"},"image":{"@id":"https:\/\/xstyle.md\/product\/nakidka-ot-dozhdja-sea-to-summit-poncho-15d\/#primaryimage"},"thumbnailUrl":"https:\/\/xstyle.md\/wp-content\/uploads\/2021\/04\/sts-aponstd15dli_03.jpg","datePublished":"2021-01-11T13:23:23+00:00","dateModified":"2026-03-14T18:36:09+00:00","description":"Pelerina de ploaie Sea to Summit Poncho 15D - \u00eembr\u0103c\u0103minte de protec\u021bie u\u0219oar\u0103 \u0219i compact\u0103. Ideal\u0103 pentru turi\u0219ti \u0219i c\u0103l\u0103tori activi.","breadcrumb":{"@id":"https:\/\/xstyle.md\/product\/nakidka-ot-dozhdja-sea-to-summit-poncho-15d\/#breadcrumb"},"inLanguage":"ro-RO","potentialAction":[{"@type":"ReadAction","target":["https:\/\/xstyle.md\/product\/nakidka-ot-dozhdja-sea-to-summit-poncho-15d\/"]}]},{"@type":"ImageObject","inLanguage":"ro-RO","@id":"https:\/\/xstyle.md\/product\/nakidka-ot-dozhdja-sea-to-summit-poncho-15d\/#primaryimage","url":"https:\/\/xstyle.md\/wp-content\/uploads\/2021\/04\/sts-aponstd15dli_03.jpg","contentUrl":"https:\/\/xstyle.md\/wp-content\/uploads\/2021\/04\/sts-aponstd15dli_03.jpg","width":720,"height":720},{"@type":"BreadcrumbList","@id":"https:\/\/xstyle.md\/product\/nakidka-ot-dozhdja-sea-to-summit-poncho-15d\/#breadcrumb","itemListElement":[{"@type":"ListItem","position":1,"name":"\u0413\u043b\u0430\u0432\u043d\u0430\u044f \u0441\u0442\u0440\u0430\u043d\u0438\u0446\u0430","item":"https:\/\/xstyle.md\/"},{"@type":"ListItem","position":2,"name":"\u041c\u0430\u0433\u0430\u0437\u0438\u043d","item":"https:\/\/xstyle.md\/shop\/"},{"@type":"ListItem","position":3,"name":"\u041d\u0430\u043a\u0438\u0434\u043a\u0430 \u043e\u0442 \u0434\u043e\u0436\u0434\u044f Sea to Summit Poncho 15D"}]},{"@type":"WebSite","@id":"https:\/\/xstyle.md\/#website","url":"https:\/\/xstyle.md\/","name":"Magazinul X-Style","description":"Echipamente pentru turism \u0219i sporturi extreme \u00een Moldova. Pre\u021buri, fotografii, caracteristici \u00een Moldova.","publisher":{"@id":"https:\/\/xstyle.md\/#organization"},"alternateName":"X-Style","potentialAction":[{"@type":"SearchAction","target":{"@type":"EntryPoint","urlTemplate":"https:\/\/xstyle.md\/?s={search_term_string}"},"query-input":{"@type":"PropertyValueSpecification","valueRequired":true,"valueName":"search_term_string"}}],"inLanguage":"ro-RO"},{"@type":"Organization","@id":"https:\/\/xstyle.md\/#organization","name":"Magazinul X-Style","alternateName":"x-style","url":"https:\/\/xstyle.md\/","logo":{"@type":"ImageObject","inLanguage":"ro-RO","@id":"https:\/\/xstyle.md\/#\/schema\/logo\/image\/","url":"https:\/\/xstyle.md\/wp-content\/uploads\/2020\/06\/logoicon.svg","contentUrl":"https:\/\/xstyle.md\/wp-content\/uploads\/2020\/06\/logoicon.svg","caption":"\u041c\u0430\u0433\u0430\u0437\u0438\u043d Xstyle"},"image":{"@id":"https:\/\/xstyle.md\/#\/schema\/logo\/image\/"},"sameAs":["https:\/\/www.facebook.com\/xstylemd","https:\/\/www.instagram.com\/xstyle_md\/","https:\/\/t.me\/xstyle_outdoor"],"hasMerchantReturnPolicy":{"@type":"MerchantReturnPolicy","merchantReturnLink":"https:\/\/xstyle.md\/ro\/conditions\/"}}]},"product_price_amount":"1950.00","product_price_currency":"MDL","og_availability":"instock","product_availability":"instock","product_retailer_item_id":"9327868051335","product_condition":"new"},"post_mailing_queue_ids":[],"_links":{"self":[{"href":"https:\/\/xstyle.md\/ro\/wp-json\/wp\/v2\/product\/27293","targetHints":{"allow":["GET"]}}],"collection":[{"href":"https:\/\/xstyle.md\/ro\/wp-json\/wp\/v2\/product"}],"about":[{"href":"https:\/\/xstyle.md\/ro\/wp-json\/wp\/v2\/types\/product"}],"replies":[{"embeddable":true,"href":"https:\/\/xstyle.md\/ro\/wp-json\/wp\/v2\/comments?post=27293"}],"wp:featuredmedia":[{"embeddable":true,"href":"https:\/\/xstyle.md\/ro\/wp-json\/wp\/v2\/media\/29172"}],"wp:attachment":[{"href":"https:\/\/xstyle.md\/ro\/wp-json\/wp\/v2\/media?parent=27293"}],"wp:term":[{"taxonomy":"product_brand","embeddable":true,"href":"https:\/\/xstyle.md\/ro\/wp-json\/wp\/v2\/product_brand?post=27293"},{"taxonomy":"product_cat","embeddable":true,"href":"https:\/\/xstyle.md\/ro\/wp-json\/wp\/v2\/product_cat?post=27293"},{"taxonomy":"product_tag","embeddable":true,"href":"https:\/\/xstyle.md\/ro\/wp-json\/wp\/v2\/product_tag?post=27293"}],"curies":[{"name":"wp","href":"https:\/\/api.w.org\/{rel}","templated":true}]}}