{"id":27276,"date":"2021-01-11T16:23:16","date_gmt":"2021-01-11T13:23:16","guid":{"rendered":"https:\/\/xstyle.md\/product\/skovorodka-cadac-skottel-49cm\/"},"modified":"2024-10-21T09:29:47","modified_gmt":"2024-10-21T06:29:47","slug":"skovorodka-cadac-skottel-49cm","status":"publish","type":"product","link":"https:\/\/xstyle.md\/ro\/produs\/skovorodka-cadac-skottel-49cm\/","title":{"rendered":"Tigaie Cadac Skottel 49cm"},"content":{"rendered":"<\/p>\n<p>Tigaie <strong>Cadac Skottel 49cm <\/strong>&#8212; este o plit\u0103 deta\u0219abil\u0103 cu un strat ceramic, neaderent. Prezinta o suprafa\u021b\u0103 de g\u0103tit deta\u0219abil\u0103, care poate fi utilizat\u0103 ca supliment op\u021bional. Este ideal\u0103 pentru a preg\u0103ti totul, de la wok-uri, fripturi, paste, sosuri \u0219i m\u00e2nc\u0103ruri pentru micul dejun.<\/p>\n<p>U\u0219or de cur\u0103\u021bat \u0219i are g\u0103uri de scurgere pentru o g\u0103tire mai s\u0103n\u0103toas\u0103.<\/p>\n<p>Excelent pentru a preg\u0103ti mese pentru a hr\u0103ni prietenii \u0219i familia. Farfuria plat\u0103 este unul dintre accesoriile din seria potrivit\u0103, pentru utilizare cu gama Cadac Carri Chef \u0219i Citi Chef Range.<\/p>\n<h3>Particularit\u0103\u021bi<\/h3>\n<ul>\n<li>GreenGrill &#8212; \u00eenveli\u0219ul ceramic este realizat din materiale organice care nu con\u021bin substan\u021be toxice \u0219i poate rezista la temperaturi de p\u00e2n\u0103 la 400\u00b0C.<\/li>\n<li>Nu con\u021bine PTFE \u0219i PFOA.<\/li>\n<li>Cadac GreenGrill este mai puternic \u0219i mai dur dec\u00e2t straturile antiaderente conven\u021bionale realizate din PTFE.<\/li>\n<li>Permite g\u0103titul s\u0103n\u0103tos.<\/li>\n<li>Material durabil, puternic \u0219i robust, va dura mult timp.<\/li>\n<li>Suprafe\u021bele de g\u0103tit sunt acoperite cu un strat antiaderent.<\/li>\n<li>Este livrat cu o geant\u0103 de transport practic\u0103.<\/li>\n<li>U\u0219or de cur\u0103\u021bat cu s\u0103pun, ap\u0103 cald\u0103 \u0219i un burete.<\/li>\n<\/ul>\n<h3>Caracteristici<\/h3>\n<ul>\n<li>Zona de g\u0103tit &#8212; diametru: 49 cm.<\/li>\n<li>Culoare: negru.<\/li>\n<li>Greutate: 3,6 kg.<\/li>\n<\/ul>\n<p><\/p>","protected":false},"excerpt":{"rendered":"<p>Tigaie Cadac Skottel 49cm<\/p>","protected":false},"featured_media":29135,"comment_status":"open","ping_status":"closed","template":"","meta":{"_acf_changed":false,"inline_featured_image":false},"product_brand":[1418],"product_cat":[915],"product_tag":[],"class_list":{"0":"post-27276","1":"product","2":"type-product","3":"status-publish","4":"has-post-thumbnail","6":"product_brand-cadac","7":"product_cat-accesorii-gratar","9":"first","10":"instock","11":"shipping-taxable","12":"purchasable","13":"product-type-simple"},"acf":[],"yoast_head":"<!-- This site is optimized with the Yoast SEO plugin v27.2 - https:\/\/yoast.com\/product\/yoast-seo-wordpress\/ -->\n<title>\u0421\u043a\u043e\u0432\u043e\u0440\u043e\u0434\u043a\u0430 Cadac Skottel 49cm - \u041c\u0430\u0433\u0430\u0437\u0438\u043d Xstyle<\/title>\n<meta name=\"description\" content=\"\u0421\u043a\u043e\u0432\u043e\u0440\u043e\u0434\u043a\u0430 Cadac Skottel 49\u0441\u043c \u2014 \u0438\u0434\u0435\u0430\u043b\u044c\u043d\u0430 \u0434\u043b\u044f \u0433\u0440\u0438\u043b\u044f \u0438 \u0433\u043e\u0442\u043e\u0432\u043a\u0438 \u0440\u0430\u0437\u043b\u0438\u0447\u043d\u044b\u0445 \u0431\u043b\u044e\u0434! \u041b\u0435\u0433\u043a\u043e \u043e\u0447\u0438\u0449\u0430\u0435\u0442\u0441\u044f, \u0438\u043c\u0435\u0435\u0442 \u0430\u043d\u0442\u0438\u043f\u0440\u0438\u0433\u0430\u0440\u043d\u043e\u0435 \u043f\u043e\u043a\u0440\u044b\u0442\u0438\u0435 \u0438 \u043e\u0442\u0432\u0435\u0440\u0441\u0442\u0438\u044f \u0434\u043b\u044f \u0441\u043b\u0438\u0432\u0430.\" \/>\n<meta name=\"robots\" content=\"index, follow, max-snippet:-1, max-image-preview:large, max-video-preview:-1\" \/>\n<link rel=\"canonical\" href=\"https:\/\/xstyle.md\/ro\/produs\/skovorodka-cadac-skottel-49cm\/\" \/>\n<meta property=\"og:locale\" content=\"ro_RO\" \/>\n<meta property=\"og:type\" content=\"article\" \/>\n<meta property=\"og:title\" content=\"\u0421\u043a\u043e\u0432\u043e\u0440\u043e\u0434\u043a\u0430 Cadac Skottel 49cm - \u041c\u0430\u0433\u0430\u0437\u0438\u043d Xstyle\" \/>\n<meta property=\"og:description\" content=\"\u0421\u043a\u043e\u0432\u043e\u0440\u043e\u0434\u043a\u0430 Cadac Skottel 49\u0441\u043c \u2014 \u0438\u0434\u0435\u0430\u043b\u044c\u043d\u0430 \u0434\u043b\u044f \u0433\u0440\u0438\u043b\u044f \u0438 \u0433\u043e\u0442\u043e\u0432\u043a\u0438 \u0440\u0430\u0437\u043b\u0438\u0447\u043d\u044b\u0445 \u0431\u043b\u044e\u0434! \u041b\u0435\u0433\u043a\u043e \u043e\u0447\u0438\u0449\u0430\u0435\u0442\u0441\u044f, \u0438\u043c\u0435\u0435\u0442 \u0430\u043d\u0442\u0438\u043f\u0440\u0438\u0433\u0430\u0440\u043d\u043e\u0435 \u043f\u043e\u043a\u0440\u044b\u0442\u0438\u0435 \u0438 \u043e\u0442\u0432\u0435\u0440\u0441\u0442\u0438\u044f \u0434\u043b\u044f \u0441\u043b\u0438\u0432\u0430.\" \/>\n<meta property=\"og:url\" content=\"https:\/\/xstyle.md\/ro\/produs\/skovorodka-cadac-skottel-49cm\/\" \/>\n<meta property=\"og:site_name\" content=\"\u041c\u0430\u0433\u0430\u0437\u0438\u043d Xstyle\" \/>\n<meta property=\"article:publisher\" content=\"https:\/\/www.facebook.com\/xstylemd\" \/>\n<meta property=\"article:modified_time\" content=\"2024-10-21T06:29:47+00:00\" \/>\n<meta property=\"og:image\" content=\"https:\/\/xstyle.md\/wp-content\/uploads\/2021\/04\/cadac.png\" \/>\n\t<meta property=\"og:image:width\" content=\"800\" \/>\n\t<meta property=\"og:image:height\" content=\"298\" \/>\n\t<meta property=\"og:image:type\" content=\"image\/png\" \/>\n<meta name=\"twitter:card\" content=\"summary_large_image\" \/>\n<meta name=\"twitter:label1\" content=\"Pre\u021b\" \/>\n\t<meta name=\"twitter:data1\" content=\"1.650&nbsp;MDL\" \/>\n\t<meta name=\"twitter:label2\" content=\"Disponibilitate\" \/>\n\t<meta name=\"twitter:data2\" content=\"\u00cen stoc\" \/>\n<script type=\"application\/ld+json\" class=\"yoast-schema-graph\">{\"@context\":\"https:\/\/schema.org\",\"@graph\":[{\"@type\":\"WebPage\",\"@id\":\"https:\/\/xstyle.md\/product\/skovorodka-cadac-skottel-49cm\/\",\"url\":\"https:\/\/xstyle.md\/product\/skovorodka-cadac-skottel-49cm\/\",\"name\":\"\u0421\u043a\u043e\u0432\u043e\u0440\u043e\u0434\u043a\u0430 Cadac Skottel 49cm - \u041c\u0430\u0433\u0430\u0437\u0438\u043d Xstyle\",\"isPartOf\":{\"@id\":\"https:\/\/xstyle.md\/#website\"},\"primaryImageOfPage\":{\"@id\":\"https:\/\/xstyle.md\/product\/skovorodka-cadac-skottel-49cm\/#primaryimage\"},\"image\":{\"@id\":\"https:\/\/xstyle.md\/product\/skovorodka-cadac-skottel-49cm\/#primaryimage\"},\"thumbnailUrl\":\"https:\/\/xstyle.md\/wp-content\/uploads\/2021\/04\/cadac.png\",\"datePublished\":\"2021-01-11T13:23:16+00:00\",\"dateModified\":\"2024-10-21T06:29:47+00:00\",\"description\":\"\u0421\u043a\u043e\u0432\u043e\u0440\u043e\u0434\u043a\u0430 Cadac Skottel 49\u0441\u043c \u2014 \u0438\u0434\u0435\u0430\u043b\u044c\u043d\u0430 \u0434\u043b\u044f \u0433\u0440\u0438\u043b\u044f \u0438 \u0433\u043e\u0442\u043e\u0432\u043a\u0438 \u0440\u0430\u0437\u043b\u0438\u0447\u043d\u044b\u0445 \u0431\u043b\u044e\u0434! \u041b\u0435\u0433\u043a\u043e \u043e\u0447\u0438\u0449\u0430\u0435\u0442\u0441\u044f, \u0438\u043c\u0435\u0435\u0442 \u0430\u043d\u0442\u0438\u043f\u0440\u0438\u0433\u0430\u0440\u043d\u043e\u0435 \u043f\u043e\u043a\u0440\u044b\u0442\u0438\u0435 \u0438 \u043e\u0442\u0432\u0435\u0440\u0441\u0442\u0438\u044f \u0434\u043b\u044f \u0441\u043b\u0438\u0432\u0430.\",\"breadcrumb\":{\"@id\":\"https:\/\/xstyle.md\/product\/skovorodka-cadac-skottel-49cm\/#breadcrumb\"},\"inLanguage\":\"ro-RO\",\"potentialAction\":[{\"@type\":\"ReadAction\",\"target\":[\"https:\/\/xstyle.md\/product\/skovorodka-cadac-skottel-49cm\/\"]}]},{\"@type\":\"ImageObject\",\"inLanguage\":\"ro-RO\",\"@id\":\"https:\/\/xstyle.md\/product\/skovorodka-cadac-skottel-49cm\/#primaryimage\",\"url\":\"https:\/\/xstyle.md\/wp-content\/uploads\/2021\/04\/cadac.png\",\"contentUrl\":\"https:\/\/xstyle.md\/wp-content\/uploads\/2021\/04\/cadac.png\",\"width\":800,\"height\":298},{\"@type\":\"BreadcrumbList\",\"@id\":\"https:\/\/xstyle.md\/product\/skovorodka-cadac-skottel-49cm\/#breadcrumb\",\"itemListElement\":[{\"@type\":\"ListItem\",\"position\":1,\"name\":\"\u0413\u043b\u0430\u0432\u043d\u0430\u044f \u0441\u0442\u0440\u0430\u043d\u0438\u0446\u0430\",\"item\":\"https:\/\/xstyle.md\/\"},{\"@type\":\"ListItem\",\"position\":2,\"name\":\"\u041c\u0430\u0433\u0430\u0437\u0438\u043d\",\"item\":\"https:\/\/xstyle.md\/shop\/\"},{\"@type\":\"ListItem\",\"position\":3,\"name\":\"\u0421\u043a\u043e\u0432\u043e\u0440\u043e\u0434\u043a\u0430 Cadac Skottel 49cm\"}]},{\"@type\":\"WebSite\",\"@id\":\"https:\/\/xstyle.md\/#website\",\"url\":\"https:\/\/xstyle.md\/\",\"name\":\"\u041c\u0430\u0433\u0430\u0437\u0438\u043d Xstyle\",\"description\":\"C\u043d\u0430\u0440\u044f\u0436\u0435\u043d\u0438\u0435 \u0434\u043b\u044f \u0442\u0443\u0440\u0438\u0437\u043c\u0430 \u0438 \u044d\u043a\u0441\u0442\u0440\u0435\u043c\u0430\u043b\u044c\u043d\u044b\u0445 \u0432\u0438\u0434\u043e\u0432 \u0441\u043f\u043e\u0440\u0442\u0430 \u0432 \u041c\u043e\u043b\u0434\u043e\u0432\u0435.. \u0426\u0435\u043d\u044b, \u0444\u043e\u0442\u043e, \u0445\u0430\u0440\u0430\u043a\u0442\u0435\u0440\u0438\u0441\u0442\u0438\u043a\u0438 \u0432 \u041c\u043e\u043b\u0434\u043e\u0432\u0435.\",\"publisher\":{\"@id\":\"https:\/\/xstyle.md\/#organization\"},\"alternateName\":\"X-Style\",\"potentialAction\":[{\"@type\":\"SearchAction\",\"target\":{\"@type\":\"EntryPoint\",\"urlTemplate\":\"https:\/\/xstyle.md\/?s={search_term_string}\"},\"query-input\":{\"@type\":\"PropertyValueSpecification\",\"valueRequired\":true,\"valueName\":\"search_term_string\"}}],\"inLanguage\":\"ro-RO\"},{\"@type\":\"Organization\",\"@id\":\"https:\/\/xstyle.md\/#organization\",\"name\":\"\u041c\u0430\u0433\u0430\u0437\u0438\u043d Xstyle\",\"alternateName\":\"x-style\",\"url\":\"https:\/\/xstyle.md\/\",\"logo\":{\"@type\":\"ImageObject\",\"inLanguage\":\"ro-RO\",\"@id\":\"https:\/\/xstyle.md\/#\/schema\/logo\/image\/\",\"url\":\"https:\/\/xstyle.md\/wp-content\/uploads\/2020\/06\/logoicon.svg\",\"contentUrl\":\"https:\/\/xstyle.md\/wp-content\/uploads\/2020\/06\/logoicon.svg\",\"caption\":\"\u041c\u0430\u0433\u0430\u0437\u0438\u043d Xstyle\"},\"image\":{\"@id\":\"https:\/\/xstyle.md\/#\/schema\/logo\/image\/\"},\"sameAs\":[\"https:\/\/www.facebook.com\/xstylemd\",\"https:\/\/www.instagram.com\/xstyle_md\/\",\"https:\/\/t.me\/xstyle_outdoor\"],\"hasMerchantReturnPolicy\":{\"@type\":\"MerchantReturnPolicy\",\"merchantReturnLink\":\"https:\/\/xstyle.md\/ro\/conditions\/\"}}]}<\/script>\n<meta property=\"product:price:amount\" content=\"1650.00\" \/>\n<meta property=\"product:price:currency\" content=\"MDL\" \/>\n<meta property=\"og:availability\" content=\"instock\" \/>\n<meta property=\"product:availability\" content=\"instock\" \/>\n<meta property=\"product:retailer_item_id\" content=\"6001773104166\" \/>\n<meta property=\"product:condition\" content=\"new\" \/>\n<!-- \/ Yoast SEO plugin. -->","yoast_head_json":{"title":"Tigaie Cadac Skottel 49cm - Magazin Xstyle","description":"Tigaia Cadac Skottel de 49 cm - ideal\u0103 pentru gr\u0103tar \u0219i g\u0103tirea diverselor preparate! Se cur\u0103\u021b\u0103 u\u0219or, are un strat antiaderent \u0219i orificii de scurgere.","robots":{"index":"index","follow":"follow","max-snippet":"max-snippet:-1","max-image-preview":"max-image-preview:large","max-video-preview":"max-video-preview:-1"},"canonical":"https:\/\/xstyle.md\/ro\/produs\/skovorodka-cadac-skottel-49cm\/","og_locale":"ro_RO","og_type":"article","og_title":"\u0421\u043a\u043e\u0432\u043e\u0440\u043e\u0434\u043a\u0430 Cadac Skottel 49cm - \u041c\u0430\u0433\u0430\u0437\u0438\u043d Xstyle","og_description":"\u0421\u043a\u043e\u0432\u043e\u0440\u043e\u0434\u043a\u0430 Cadac Skottel 49\u0441\u043c \u2014 \u0438\u0434\u0435\u0430\u043b\u044c\u043d\u0430 \u0434\u043b\u044f \u0433\u0440\u0438\u043b\u044f \u0438 \u0433\u043e\u0442\u043e\u0432\u043a\u0438 \u0440\u0430\u0437\u043b\u0438\u0447\u043d\u044b\u0445 \u0431\u043b\u044e\u0434! \u041b\u0435\u0433\u043a\u043e \u043e\u0447\u0438\u0449\u0430\u0435\u0442\u0441\u044f, \u0438\u043c\u0435\u0435\u0442 \u0430\u043d\u0442\u0438\u043f\u0440\u0438\u0433\u0430\u0440\u043d\u043e\u0435 \u043f\u043e\u043a\u0440\u044b\u0442\u0438\u0435 \u0438 \u043e\u0442\u0432\u0435\u0440\u0441\u0442\u0438\u044f \u0434\u043b\u044f \u0441\u043b\u0438\u0432\u0430.","og_url":"https:\/\/xstyle.md\/ro\/produs\/skovorodka-cadac-skottel-49cm\/","og_site_name":"\u041c\u0430\u0433\u0430\u0437\u0438\u043d Xstyle","article_publisher":"https:\/\/www.facebook.com\/xstylemd","article_modified_time":"2024-10-21T06:29:47+00:00","og_image":[{"width":800,"height":298,"url":"https:\/\/xstyle.md\/wp-content\/uploads\/2021\/04\/cadac.png","type":"image\/png"}],"twitter_card":"summary_large_image","twitter_misc":{"Pre\u021b":"1.650&nbsp;MDL","Disponibilitate":"\u00cen stoc"},"schema":{"@context":"https:\/\/schema.org","@graph":[{"@type":"WebPage","@id":"https:\/\/xstyle.md\/product\/skovorodka-cadac-skottel-49cm\/","url":"https:\/\/xstyle.md\/product\/skovorodka-cadac-skottel-49cm\/","name":"Tigaie Cadac Skottel 49cm - Magazin Xstyle","isPartOf":{"@id":"https:\/\/xstyle.md\/#website"},"primaryImageOfPage":{"@id":"https:\/\/xstyle.md\/product\/skovorodka-cadac-skottel-49cm\/#primaryimage"},"image":{"@id":"https:\/\/xstyle.md\/product\/skovorodka-cadac-skottel-49cm\/#primaryimage"},"thumbnailUrl":"https:\/\/xstyle.md\/wp-content\/uploads\/2021\/04\/cadac.png","datePublished":"2021-01-11T13:23:16+00:00","dateModified":"2024-10-21T06:29:47+00:00","description":"Tigaia Cadac Skottel de 49 cm - ideal\u0103 pentru gr\u0103tar \u0219i g\u0103tirea diverselor preparate! Se cur\u0103\u021b\u0103 u\u0219or, are un strat antiaderent \u0219i orificii de scurgere.","breadcrumb":{"@id":"https:\/\/xstyle.md\/product\/skovorodka-cadac-skottel-49cm\/#breadcrumb"},"inLanguage":"ro-RO","potentialAction":[{"@type":"ReadAction","target":["https:\/\/xstyle.md\/product\/skovorodka-cadac-skottel-49cm\/"]}]},{"@type":"ImageObject","inLanguage":"ro-RO","@id":"https:\/\/xstyle.md\/product\/skovorodka-cadac-skottel-49cm\/#primaryimage","url":"https:\/\/xstyle.md\/wp-content\/uploads\/2021\/04\/cadac.png","contentUrl":"https:\/\/xstyle.md\/wp-content\/uploads\/2021\/04\/cadac.png","width":800,"height":298},{"@type":"BreadcrumbList","@id":"https:\/\/xstyle.md\/product\/skovorodka-cadac-skottel-49cm\/#breadcrumb","itemListElement":[{"@type":"ListItem","position":1,"name":"\u0413\u043b\u0430\u0432\u043d\u0430\u044f \u0441\u0442\u0440\u0430\u043d\u0438\u0446\u0430","item":"https:\/\/xstyle.md\/"},{"@type":"ListItem","position":2,"name":"\u041c\u0430\u0433\u0430\u0437\u0438\u043d","item":"https:\/\/xstyle.md\/shop\/"},{"@type":"ListItem","position":3,"name":"\u0421\u043a\u043e\u0432\u043e\u0440\u043e\u0434\u043a\u0430 Cadac Skottel 49cm"}]},{"@type":"WebSite","@id":"https:\/\/xstyle.md\/#website","url":"https:\/\/xstyle.md\/","name":"Magazinul X-Style","description":"Echipamente pentru turism \u0219i sporturi extreme \u00een Moldova. Pre\u021buri, fotografii, caracteristici \u00een Moldova.","publisher":{"@id":"https:\/\/xstyle.md\/#organization"},"alternateName":"X-Style","potentialAction":[{"@type":"SearchAction","target":{"@type":"EntryPoint","urlTemplate":"https:\/\/xstyle.md\/?s={search_term_string}"},"query-input":{"@type":"PropertyValueSpecification","valueRequired":true,"valueName":"search_term_string"}}],"inLanguage":"ro-RO"},{"@type":"Organization","@id":"https:\/\/xstyle.md\/#organization","name":"Magazinul X-Style","alternateName":"x-style","url":"https:\/\/xstyle.md\/","logo":{"@type":"ImageObject","inLanguage":"ro-RO","@id":"https:\/\/xstyle.md\/#\/schema\/logo\/image\/","url":"https:\/\/xstyle.md\/wp-content\/uploads\/2020\/06\/logoicon.svg","contentUrl":"https:\/\/xstyle.md\/wp-content\/uploads\/2020\/06\/logoicon.svg","caption":"\u041c\u0430\u0433\u0430\u0437\u0438\u043d Xstyle"},"image":{"@id":"https:\/\/xstyle.md\/#\/schema\/logo\/image\/"},"sameAs":["https:\/\/www.facebook.com\/xstylemd","https:\/\/www.instagram.com\/xstyle_md\/","https:\/\/t.me\/xstyle_outdoor"],"hasMerchantReturnPolicy":{"@type":"MerchantReturnPolicy","merchantReturnLink":"https:\/\/xstyle.md\/ro\/conditions\/"}}]},"product_price_amount":"1650.00","product_price_currency":"MDL","og_availability":"instock","product_availability":"instock","product_retailer_item_id":"6001773104166","product_condition":"new"},"post_mailing_queue_ids":[],"_links":{"self":[{"href":"https:\/\/xstyle.md\/ro\/wp-json\/wp\/v2\/product\/27276","targetHints":{"allow":["GET"]}}],"collection":[{"href":"https:\/\/xstyle.md\/ro\/wp-json\/wp\/v2\/product"}],"about":[{"href":"https:\/\/xstyle.md\/ro\/wp-json\/wp\/v2\/types\/product"}],"replies":[{"embeddable":true,"href":"https:\/\/xstyle.md\/ro\/wp-json\/wp\/v2\/comments?post=27276"}],"wp:featuredmedia":[{"embeddable":true,"href":"https:\/\/xstyle.md\/ro\/wp-json\/wp\/v2\/media\/29135"}],"wp:attachment":[{"href":"https:\/\/xstyle.md\/ro\/wp-json\/wp\/v2\/media?parent=27276"}],"wp:term":[{"taxonomy":"product_brand","embeddable":true,"href":"https:\/\/xstyle.md\/ro\/wp-json\/wp\/v2\/product_brand?post=27276"},{"taxonomy":"product_cat","embeddable":true,"href":"https:\/\/xstyle.md\/ro\/wp-json\/wp\/v2\/product_cat?post=27276"},{"taxonomy":"product_tag","embeddable":true,"href":"https:\/\/xstyle.md\/ro\/wp-json\/wp\/v2\/product_tag?post=27276"}],"curies":[{"name":"wp","href":"https:\/\/api.w.org\/{rel}","templated":true}]}}