{"id":27236,"date":"2021-01-11T16:22:55","date_gmt":"2021-01-11T13:22:55","guid":{"rendered":"https:\/\/xstyle.md\/product\/rjukzak-pinguin-walker-50-black\/"},"modified":"2025-10-02T19:02:06","modified_gmt":"2025-10-02T16:02:06","slug":"rjukzak-pinguin-walker-50-black","status":"publish","type":"product","link":"https:\/\/xstyle.md\/ro\/produs\/rjukzak-pinguin-walker-50-black\/","title":{"rendered":"Rucsac Pinguin Walker 50 Black"},"content":{"rendered":"<\/p>\n<p><strong>Rucsac Pinguin Walker 50 Black<\/strong> &#8212;\u00a0rucsac spa\u021bios din dou\u0103 piese, potrivit pentru drume\u021bii lungi \u0219i plimb\u0103ri \u00een aer liber, cu posibilitatea de a ata\u0219a alte echipamente esen\u021biale. Acest rucsac este \u00eentruchiparea simplit\u0103\u021bii, aspectului \u0219i confortului.<\/p>\n<p>Compartimentele rucsacului sunt separate de o parti\u021bie cu fermoar \u0219i pot fi umplute \u00een orice ordine. \u00cen plus, exist\u0103 dou\u0103 leg\u0103turi cu fermoar care ofer\u0103 suport sub \u00eenc\u0103rc\u0103turi grele. Buzunarele sunt echipate \u00een plus cu dou\u0103 fermoare. Buzunarele mai mici sunt concepute pentru a \u021bine o trus\u0103 de prim ajutor, o sticl\u0103 de ap\u0103 sau alte accesorii, \u00een timp ce buzunarul din fa\u021b\u0103 este excelent pentru a stoca o hart\u0103. \u00cen plus, pe curea exist\u0103 un buzunar cu acces rapid \u00een care v\u0103 pute\u021bi pune cu\u021bitul sau telefonul.<\/p>\n<h3>Particularit\u0103\u021bi<\/h3>\n<ul>\n<li>Sistem spate din spum\u0103 EVA confortabil, bine ventilat \u0219i moale, distribuie optim \u00eenc\u0103rc\u0103tura.<\/li>\n<li>Fitinguri fiabile, de \u00eenalt\u0103 calitate \u0219i durabile<\/li>\n<li>Exist\u0103 dou\u0103 camere &#8212; superioar\u0103 \u0219i inferioar\u0103<\/li>\n<li>Camerele sunt separate de o parti\u021bie blocabil\u0103.<\/li>\n<li>Dou\u0103 intr\u0103ri laterale suplimentare la compartimentul principal cu \u00eenchidere cu fermoar<\/li>\n<li>Buzunare mici elastice pe p\u0103r\u021bile laterale ale rucsacului<\/li>\n<li>Buzunar blocabil pe panoul frontal al rucsacului<\/li>\n<li>Reglarea centurii toracice, a centurii de \u0219old \u0219i a \u00een\u0103l\u021bimii capacului<\/li>\n<li>Buzunare pe centura de \u0219old<\/li>\n<li>Buzunar din plas\u0103 blocabil pe interiorul capacului pentru obiecte de valoare cu carabinier\u0103 pentru chei<\/li>\n<li>Capacul deta\u0219abil poate fi utilizat ca geant\u0103 de \u0219old sau geant\u0103 de um\u0103r<\/li>\n<li>Buzunar exterior pe capac cu \u00eencuietoare pentru depozitarea obiectelor esen\u021biale (trus\u0103 de prim ajutor, lantern\u0103, alimente)<\/li>\n<li>Agrafe pe partea de jos pentru fixarea unui saltea sau sac de dormit<\/li>\n<li>Copertin\u0103 integrat\u0103 pentru patinoar (poate fi decupat\u0103)<\/li>\n<li>M\u00e2ner pentru transportul rucsacului pe panoul din spate<\/li>\n<li>Compartimentul general se \u00eenchide cu ajutorul unui cordon cu cleme de blocare<\/li>\n<li>Bucle speciale pentru fixarea be\u021belor de trekking sau a pioletului<\/li>\n<li>Compartimentul general are buzunare \u0219i conectori pentru un sistem de b\u0103ut.<\/li>\n<\/ul>\n<h3>Caracteristici<\/h3>\n<ul>\n<li>Greutate &#8212; 1550 g<\/li>\n<li>Volum &#8212; 50 litri<\/li>\n<li>Dimensiuni &#8212; 73 x 30 x 29 (H x L x P) cm<\/li>\n<li>Material &#8212; HICOR 3.0 RS; HICOR 6.0; Spony Duraflex X-Lite Easy Access<\/li>\n<li>Nu este potrivit pentru bagajele de m\u00e2n\u0103<\/li>\n<li>Capac de ploaie &#8212; da<\/li>\n<li>Ventila\u021bie &#8212; da<\/li>\n<li>Destina\u021bie &#8212; trekking, drume\u021bii<\/li>\n<li>Model &#8212; unisex<\/li>\n<\/ul>\n<h3>Tehnologie<\/h3>\n<ul>\n<li><strong>ABS<\/strong> &#8212; este un sistem de suspensie care v\u0103 permite s\u0103 regla\u021bi \u00een\u0103l\u021bimea suspensiei \u0219i distan\u021ba dintre curelele de um\u0103r, ceea ce poate schimba unghiul de \u00eenclinare \u00een raport cu punctul de fixare. Toate acestea reduc semnificativ sarcina pe coloana vertebral\u0103 \u0219i distribuie greutatea uniform. De asemenea, v\u0103 permite s\u0103 ajusta\u021bi mai precis rucsacul la caracteristicile oric\u0103rei figuri. Baza este o plac\u0103 metalic\u0103 vertical\u0103 rigid\u0103 fixat\u0103 \u00een sp\u0103tar.<\/li>\n<li><strong>Duraflex\u00ae<\/strong> &#8212; este o marc\u0103 de renume mondial de fitinguri din plastic. Produsele DURAFLEX \u00ee\u0219i p\u0103streaz\u0103 rezisten\u021ba ridicat\u0103 \u0219i elasticitatea necesar\u0103 \u00eentr-o gam\u0103 larg\u0103 de temperaturi. Utilizate \u00een rucsacuri, corturi \u0219i saci de dormit.<\/li>\n<li><strong>YKK\u00ae<\/strong> &#8212; fermoare de \u00eenalt\u0103 calitate fabricate de compania japonez\u0103 YKK Group, certificate pentru conformitatea cu standardele interna\u021bionale. Rezistente la sarcini de for\u021b\u0103 mari \u0219i la coroziune. Sunt utilizate \u00een produse cu cel mai \u00eenalt grad de fiabilitate.<\/li>\n<\/ul>\n<h3>Marca<\/h3>\n<p>Pinguin este cea mai experimentat\u0103 companie ceh\u0103 produc\u0103toare de echipamente outdoor, primele produse fiind lansate pe pia\u021b\u0103 \u00een 1989. Echipamentul Pinguin a fost folosit de multe ori de alpini\u0219ti \u0219i c\u0103l\u0103tori celebri \u00een cucerirea celor mai \u00eenalte v\u00e2rfuri montane din lume.<\/p>\n<p>Compania a fost numit\u0103 dup\u0103 o pas\u0103re care tr\u0103ie\u0219te \u00een gerurile aspre din Antarctica, fiind specializat\u0103 \u00een echipamente de c\u0103l\u0103torie care vor oferi tuturor iubitorilor de activit\u0103\u021bi \u00een aer liber confort \u0219i c\u0103ldur\u0103 \u00een frigul iernii sau pe calota glaciar\u0103 a v\u00e2rfurilor montane.<\/p>\n<p><\/p>","protected":false},"excerpt":{"rendered":"<p>Rucsac Pinguin Walker 50 Black<\/p>","protected":false},"featured_media":29073,"comment_status":"open","ping_status":"closed","template":"","meta":{"_acf_changed":false,"inline_featured_image":false},"product_brand":[1263],"product_cat":[20],"product_tag":[],"class_list":{"0":"post-27236","1":"product","2":"type-product","3":"status-publish","4":"has-post-thumbnail","6":"product_brand-pinguin","7":"product_cat-travel-up-to-50-bag","9":"first","10":"instock","11":"shipping-taxable","12":"purchasable","13":"product-type-simple"},"acf":[],"yoast_head":"<!-- This site is optimized with the Yoast SEO plugin v27.4 - https:\/\/yoast.com\/product\/yoast-seo-wordpress\/ -->\n<title>\u0420\u044e\u043a\u0437\u0430\u043a Pinguin Walker 50 Black - \u041c\u0430\u0433\u0430\u0437\u0438\u043d Xstyle<\/title>\n<meta name=\"description\" content=\"\u0420\u044e\u043a\u0437\u0430\u043a Pinguin Walker 50 Black - \u0438\u0434\u0435\u0430\u043b\u044c\u043d\u044b\u0439 \u0441\u043f\u0443\u0442\u043d\u0438\u043a \u0434\u043b\u044f \u0434\u043b\u0438\u0442\u0435\u043b\u044c\u043d\u044b\u0445 \u043f\u043e\u0445\u043e\u0434\u043e\u0432. \u0423\u0434\u043e\u0431\u043d\u0430\u044f \u0441\u0438\u0441\u0442\u0435\u043c\u0430, \u043a\u0430\u0447\u0435\u0441\u0442\u0432\u043e Duraflex \u0438 \u043f\u0440\u043e\u0441\u0442\u043e\u0440\u043d\u043e\u0435 \u043e\u0442\u0434\u0435\u043b\u0435\u043d\u0438\u0435 \u0434\u043b\u044f \u0432\u0441\u0435\u0433\u043e \u043d\u0435\u043e\u0431\u0445\u043e\u0434\u0438\u043c\u043e\u0433\u043e!\" \/>\n<meta name=\"robots\" content=\"index, follow, max-snippet:-1, max-image-preview:large, max-video-preview:-1\" \/>\n<link rel=\"canonical\" href=\"https:\/\/xstyle.md\/ro\/produs\/rjukzak-pinguin-walker-50-black\/\" \/>\n<meta property=\"og:locale\" content=\"ro_RO\" \/>\n<meta property=\"og:type\" content=\"article\" \/>\n<meta property=\"og:title\" content=\"\u0420\u044e\u043a\u0437\u0430\u043a Pinguin Walker 50 Black - \u041c\u0430\u0433\u0430\u0437\u0438\u043d Xstyle\" \/>\n<meta property=\"og:description\" content=\"\u0420\u044e\u043a\u0437\u0430\u043a Pinguin Walker 50 Black - \u0438\u0434\u0435\u0430\u043b\u044c\u043d\u044b\u0439 \u0441\u043f\u0443\u0442\u043d\u0438\u043a \u0434\u043b\u044f \u0434\u043b\u0438\u0442\u0435\u043b\u044c\u043d\u044b\u0445 \u043f\u043e\u0445\u043e\u0434\u043e\u0432. \u0423\u0434\u043e\u0431\u043d\u0430\u044f \u0441\u0438\u0441\u0442\u0435\u043c\u0430, \u043a\u0430\u0447\u0435\u0441\u0442\u0432\u043e Duraflex \u0438 \u043f\u0440\u043e\u0441\u0442\u043e\u0440\u043d\u043e\u0435 \u043e\u0442\u0434\u0435\u043b\u0435\u043d\u0438\u0435 \u0434\u043b\u044f \u0432\u0441\u0435\u0433\u043e \u043d\u0435\u043e\u0431\u0445\u043e\u0434\u0438\u043c\u043e\u0433\u043e!\" \/>\n<meta property=\"og:url\" content=\"https:\/\/xstyle.md\/ro\/produs\/rjukzak-pinguin-walker-50-black\/\" \/>\n<meta property=\"og:site_name\" content=\"\u041c\u0430\u0433\u0430\u0437\u0438\u043d Xstyle\" \/>\n<meta property=\"article:publisher\" content=\"https:\/\/www.facebook.com\/xstylemd\" \/>\n<meta property=\"article:modified_time\" content=\"2025-10-02T16:02:06+00:00\" \/>\n<meta property=\"og:image\" content=\"https:\/\/xstyle.md\/wp-content\/uploads\/2021\/04\/pinguin_walker_50_black.jpeg\" \/>\n\t<meta property=\"og:image:width\" content=\"576\" \/>\n\t<meta property=\"og:image:height\" content=\"835\" \/>\n\t<meta property=\"og:image:type\" content=\"image\/jpeg\" \/>\n<meta name=\"twitter:card\" content=\"summary_large_image\" \/>\n<meta name=\"twitter:label1\" content=\"Pre\u021b\" \/>\n\t<meta name=\"twitter:data1\" content=\"2.790&nbsp;MDL\" \/>\n\t<meta name=\"twitter:label2\" content=\"Disponibilitate\" \/>\n\t<meta name=\"twitter:data2\" content=\"\u00cen stoc\" \/>\n<script type=\"application\/ld+json\" class=\"yoast-schema-graph\">{\"@context\":\"https:\\\/\\\/schema.org\",\"@graph\":[{\"@type\":\"WebPage\",\"@id\":\"https:\\\/\\\/xstyle.md\\\/product\\\/rjukzak-pinguin-walker-50-black\\\/\",\"url\":\"https:\\\/\\\/xstyle.md\\\/product\\\/rjukzak-pinguin-walker-50-black\\\/\",\"name\":\"\u0420\u044e\u043a\u0437\u0430\u043a Pinguin Walker 50 Black - \u041c\u0430\u0433\u0430\u0437\u0438\u043d Xstyle\",\"isPartOf\":{\"@id\":\"https:\\\/\\\/xstyle.md\\\/#website\"},\"primaryImageOfPage\":{\"@id\":\"https:\\\/\\\/xstyle.md\\\/product\\\/rjukzak-pinguin-walker-50-black\\\/#primaryimage\"},\"image\":{\"@id\":\"https:\\\/\\\/xstyle.md\\\/product\\\/rjukzak-pinguin-walker-50-black\\\/#primaryimage\"},\"thumbnailUrl\":\"https:\\\/\\\/xstyle.md\\\/wp-content\\\/uploads\\\/2021\\\/04\\\/pinguin_walker_50_black.jpeg\",\"datePublished\":\"2021-01-11T13:22:55+00:00\",\"dateModified\":\"2025-10-02T16:02:06+00:00\",\"description\":\"\u0420\u044e\u043a\u0437\u0430\u043a Pinguin Walker 50 Black - \u0438\u0434\u0435\u0430\u043b\u044c\u043d\u044b\u0439 \u0441\u043f\u0443\u0442\u043d\u0438\u043a \u0434\u043b\u044f \u0434\u043b\u0438\u0442\u0435\u043b\u044c\u043d\u044b\u0445 \u043f\u043e\u0445\u043e\u0434\u043e\u0432. \u0423\u0434\u043e\u0431\u043d\u0430\u044f \u0441\u0438\u0441\u0442\u0435\u043c\u0430, \u043a\u0430\u0447\u0435\u0441\u0442\u0432\u043e Duraflex \u0438 \u043f\u0440\u043e\u0441\u0442\u043e\u0440\u043d\u043e\u0435 \u043e\u0442\u0434\u0435\u043b\u0435\u043d\u0438\u0435 \u0434\u043b\u044f \u0432\u0441\u0435\u0433\u043e \u043d\u0435\u043e\u0431\u0445\u043e\u0434\u0438\u043c\u043e\u0433\u043e!\",\"breadcrumb\":{\"@id\":\"https:\\\/\\\/xstyle.md\\\/product\\\/rjukzak-pinguin-walker-50-black\\\/#breadcrumb\"},\"inLanguage\":\"ro-RO\",\"potentialAction\":[{\"@type\":\"ReadAction\",\"target\":[\"https:\\\/\\\/xstyle.md\\\/product\\\/rjukzak-pinguin-walker-50-black\\\/\"]}]},{\"@type\":\"ImageObject\",\"inLanguage\":\"ro-RO\",\"@id\":\"https:\\\/\\\/xstyle.md\\\/product\\\/rjukzak-pinguin-walker-50-black\\\/#primaryimage\",\"url\":\"https:\\\/\\\/xstyle.md\\\/wp-content\\\/uploads\\\/2021\\\/04\\\/pinguin_walker_50_black.jpeg\",\"contentUrl\":\"https:\\\/\\\/xstyle.md\\\/wp-content\\\/uploads\\\/2021\\\/04\\\/pinguin_walker_50_black.jpeg\",\"width\":576,\"height\":835},{\"@type\":\"BreadcrumbList\",\"@id\":\"https:\\\/\\\/xstyle.md\\\/product\\\/rjukzak-pinguin-walker-50-black\\\/#breadcrumb\",\"itemListElement\":[{\"@type\":\"ListItem\",\"position\":1,\"name\":\"\u0413\u043b\u0430\u0432\u043d\u0430\u044f \u0441\u0442\u0440\u0430\u043d\u0438\u0446\u0430\",\"item\":\"https:\\\/\\\/xstyle.md\\\/\"},{\"@type\":\"ListItem\",\"position\":2,\"name\":\"\u041c\u0430\u0433\u0430\u0437\u0438\u043d\",\"item\":\"https:\\\/\\\/xstyle.md\\\/shop\\\/\"},{\"@type\":\"ListItem\",\"position\":3,\"name\":\"\u0420\u044e\u043a\u0437\u0430\u043a Pinguin Walker 50 Black\"}]},{\"@type\":\"WebSite\",\"@id\":\"https:\\\/\\\/xstyle.md\\\/#website\",\"url\":\"https:\\\/\\\/xstyle.md\\\/\",\"name\":\"\u041c\u0430\u0433\u0430\u0437\u0438\u043d Xstyle\",\"description\":\"C\u043d\u0430\u0440\u044f\u0436\u0435\u043d\u0438\u0435 \u0434\u043b\u044f \u0442\u0443\u0440\u0438\u0437\u043c\u0430 \u0438 \u044d\u043a\u0441\u0442\u0440\u0435\u043c\u0430\u043b\u044c\u043d\u044b\u0445 \u0432\u0438\u0434\u043e\u0432 \u0441\u043f\u043e\u0440\u0442\u0430 \u0432 \u041c\u043e\u043b\u0434\u043e\u0432\u0435.. \u0426\u0435\u043d\u044b, \u0444\u043e\u0442\u043e, \u0445\u0430\u0440\u0430\u043a\u0442\u0435\u0440\u0438\u0441\u0442\u0438\u043a\u0438 \u0432 \u041c\u043e\u043b\u0434\u043e\u0432\u0435.\",\"publisher\":{\"@id\":\"https:\\\/\\\/xstyle.md\\\/#organization\"},\"alternateName\":\"X-Style\",\"potentialAction\":[{\"@type\":\"SearchAction\",\"target\":{\"@type\":\"EntryPoint\",\"urlTemplate\":\"https:\\\/\\\/xstyle.md\\\/?s={search_term_string}\"},\"query-input\":{\"@type\":\"PropertyValueSpecification\",\"valueRequired\":true,\"valueName\":\"search_term_string\"}}],\"inLanguage\":\"ro-RO\"},{\"@type\":\"Organization\",\"@id\":\"https:\\\/\\\/xstyle.md\\\/#organization\",\"name\":\"\u041c\u0430\u0433\u0430\u0437\u0438\u043d Xstyle\",\"alternateName\":\"x-style\",\"url\":\"https:\\\/\\\/xstyle.md\\\/\",\"logo\":{\"@type\":\"ImageObject\",\"inLanguage\":\"ro-RO\",\"@id\":\"https:\\\/\\\/xstyle.md\\\/#\\\/schema\\\/logo\\\/image\\\/\",\"url\":\"https:\\\/\\\/xstyle.md\\\/wp-content\\\/uploads\\\/2020\\\/06\\\/logoicon.svg\",\"contentUrl\":\"https:\\\/\\\/xstyle.md\\\/wp-content\\\/uploads\\\/2020\\\/06\\\/logoicon.svg\",\"caption\":\"\u041c\u0430\u0433\u0430\u0437\u0438\u043d Xstyle\"},\"image\":{\"@id\":\"https:\\\/\\\/xstyle.md\\\/#\\\/schema\\\/logo\\\/image\\\/\"},\"sameAs\":[\"https:\\\/\\\/www.facebook.com\\\/xstylemd\",\"https:\\\/\\\/www.instagram.com\\\/xstyle_md\\\/\",\"https:\\\/\\\/t.me\\\/xstyle_outdoor\"],\"hasMerchantReturnPolicy\":{\"@type\":\"MerchantReturnPolicy\",\"merchantReturnLink\":\"https:\\\/\\\/xstyle.md\\\/ro\\\/conditions\\\/\"}}]}<\/script>\n<meta property=\"product:price:amount\" content=\"2790.00\" \/>\n<meta property=\"product:price:currency\" content=\"MDL\" \/>\n<meta property=\"og:availability\" content=\"instock\" \/>\n<meta property=\"product:availability\" content=\"instock\" \/>\n<meta property=\"product:retailer_item_id\" content=\"8592638321197\" \/>\n<meta property=\"product:condition\" content=\"new\" \/>\n<!-- \/ Yoast SEO plugin. -->","yoast_head_json":{"title":"Rucsac Pinguin Walker 50 Black - Magazin Xstyle","description":"Rucsacul Pinguin Walker 50 Black - companionul ideal pentru drume\u021bii lungi. Sistem confortabil, calitate Duraflex \u0219i compartiment spatios pentru toate cele necesare!","robots":{"index":"index","follow":"follow","max-snippet":"max-snippet:-1","max-image-preview":"max-image-preview:large","max-video-preview":"max-video-preview:-1"},"canonical":"https:\/\/xstyle.md\/ro\/produs\/rjukzak-pinguin-walker-50-black\/","og_locale":"ro_RO","og_type":"article","og_title":"\u0420\u044e\u043a\u0437\u0430\u043a Pinguin Walker 50 Black - \u041c\u0430\u0433\u0430\u0437\u0438\u043d Xstyle","og_description":"\u0420\u044e\u043a\u0437\u0430\u043a Pinguin Walker 50 Black - \u0438\u0434\u0435\u0430\u043b\u044c\u043d\u044b\u0439 \u0441\u043f\u0443\u0442\u043d\u0438\u043a \u0434\u043b\u044f \u0434\u043b\u0438\u0442\u0435\u043b\u044c\u043d\u044b\u0445 \u043f\u043e\u0445\u043e\u0434\u043e\u0432. \u0423\u0434\u043e\u0431\u043d\u0430\u044f \u0441\u0438\u0441\u0442\u0435\u043c\u0430, \u043a\u0430\u0447\u0435\u0441\u0442\u0432\u043e Duraflex \u0438 \u043f\u0440\u043e\u0441\u0442\u043e\u0440\u043d\u043e\u0435 \u043e\u0442\u0434\u0435\u043b\u0435\u043d\u0438\u0435 \u0434\u043b\u044f \u0432\u0441\u0435\u0433\u043e \u043d\u0435\u043e\u0431\u0445\u043e\u0434\u0438\u043c\u043e\u0433\u043e!","og_url":"https:\/\/xstyle.md\/ro\/produs\/rjukzak-pinguin-walker-50-black\/","og_site_name":"\u041c\u0430\u0433\u0430\u0437\u0438\u043d Xstyle","article_publisher":"https:\/\/www.facebook.com\/xstylemd","article_modified_time":"2025-10-02T16:02:06+00:00","og_image":[{"width":576,"height":835,"url":"https:\/\/xstyle.md\/wp-content\/uploads\/2021\/04\/pinguin_walker_50_black.jpeg","type":"image\/jpeg"}],"twitter_card":"summary_large_image","twitter_misc":{"Pre\u021b":"2.790&nbsp;MDL","Disponibilitate":"\u00cen stoc"},"schema":{"@context":"https:\/\/schema.org","@graph":[{"@type":"WebPage","@id":"https:\/\/xstyle.md\/product\/rjukzak-pinguin-walker-50-black\/","url":"https:\/\/xstyle.md\/product\/rjukzak-pinguin-walker-50-black\/","name":"Rucsac Pinguin Walker 50 Black - Magazin Xstyle","isPartOf":{"@id":"https:\/\/xstyle.md\/#website"},"primaryImageOfPage":{"@id":"https:\/\/xstyle.md\/product\/rjukzak-pinguin-walker-50-black\/#primaryimage"},"image":{"@id":"https:\/\/xstyle.md\/product\/rjukzak-pinguin-walker-50-black\/#primaryimage"},"thumbnailUrl":"https:\/\/xstyle.md\/wp-content\/uploads\/2021\/04\/pinguin_walker_50_black.jpeg","datePublished":"2021-01-11T13:22:55+00:00","dateModified":"2025-10-02T16:02:06+00:00","description":"Rucsacul Pinguin Walker 50 Black - companionul ideal pentru drume\u021bii lungi. Sistem confortabil, calitate Duraflex \u0219i compartiment spatios pentru toate cele necesare!","breadcrumb":{"@id":"https:\/\/xstyle.md\/product\/rjukzak-pinguin-walker-50-black\/#breadcrumb"},"inLanguage":"ro-RO","potentialAction":[{"@type":"ReadAction","target":["https:\/\/xstyle.md\/product\/rjukzak-pinguin-walker-50-black\/"]}]},{"@type":"ImageObject","inLanguage":"ro-RO","@id":"https:\/\/xstyle.md\/product\/rjukzak-pinguin-walker-50-black\/#primaryimage","url":"https:\/\/xstyle.md\/wp-content\/uploads\/2021\/04\/pinguin_walker_50_black.jpeg","contentUrl":"https:\/\/xstyle.md\/wp-content\/uploads\/2021\/04\/pinguin_walker_50_black.jpeg","width":576,"height":835},{"@type":"BreadcrumbList","@id":"https:\/\/xstyle.md\/product\/rjukzak-pinguin-walker-50-black\/#breadcrumb","itemListElement":[{"@type":"ListItem","position":1,"name":"\u0413\u043b\u0430\u0432\u043d\u0430\u044f \u0441\u0442\u0440\u0430\u043d\u0438\u0446\u0430","item":"https:\/\/xstyle.md\/"},{"@type":"ListItem","position":2,"name":"\u041c\u0430\u0433\u0430\u0437\u0438\u043d","item":"https:\/\/xstyle.md\/shop\/"},{"@type":"ListItem","position":3,"name":"\u0420\u044e\u043a\u0437\u0430\u043a Pinguin Walker 50 Black"}]},{"@type":"WebSite","@id":"https:\/\/xstyle.md\/#website","url":"https:\/\/xstyle.md\/","name":"Magazinul X-Style","description":"Echipamente pentru turism \u0219i sporturi extreme \u00een Moldova. Pre\u021buri, fotografii, caracteristici \u00een Moldova.","publisher":{"@id":"https:\/\/xstyle.md\/#organization"},"alternateName":"X-Style","potentialAction":[{"@type":"SearchAction","target":{"@type":"EntryPoint","urlTemplate":"https:\/\/xstyle.md\/?s={search_term_string}"},"query-input":{"@type":"PropertyValueSpecification","valueRequired":true,"valueName":"search_term_string"}}],"inLanguage":"ro-RO"},{"@type":"Organization","@id":"https:\/\/xstyle.md\/#organization","name":"Magazinul X-Style","alternateName":"x-style","url":"https:\/\/xstyle.md\/","logo":{"@type":"ImageObject","inLanguage":"ro-RO","@id":"https:\/\/xstyle.md\/#\/schema\/logo\/image\/","url":"https:\/\/xstyle.md\/wp-content\/uploads\/2020\/06\/logoicon.svg","contentUrl":"https:\/\/xstyle.md\/wp-content\/uploads\/2020\/06\/logoicon.svg","caption":"\u041c\u0430\u0433\u0430\u0437\u0438\u043d Xstyle"},"image":{"@id":"https:\/\/xstyle.md\/#\/schema\/logo\/image\/"},"sameAs":["https:\/\/www.facebook.com\/xstylemd","https:\/\/www.instagram.com\/xstyle_md\/","https:\/\/t.me\/xstyle_outdoor"],"hasMerchantReturnPolicy":{"@type":"MerchantReturnPolicy","merchantReturnLink":"https:\/\/xstyle.md\/ro\/conditions\/"}}]},"product_price_amount":"2790.00","product_price_currency":"MDL","og_availability":"instock","product_availability":"instock","product_retailer_item_id":"8592638321197","product_condition":"new"},"_links":{"self":[{"href":"https:\/\/xstyle.md\/ro\/wp-json\/wp\/v2\/product\/27236","targetHints":{"allow":["GET"]}}],"collection":[{"href":"https:\/\/xstyle.md\/ro\/wp-json\/wp\/v2\/product"}],"about":[{"href":"https:\/\/xstyle.md\/ro\/wp-json\/wp\/v2\/types\/product"}],"replies":[{"embeddable":true,"href":"https:\/\/xstyle.md\/ro\/wp-json\/wp\/v2\/comments?post=27236"}],"wp:featuredmedia":[{"embeddable":true,"href":"https:\/\/xstyle.md\/ro\/wp-json\/wp\/v2\/media\/29073"}],"wp:attachment":[{"href":"https:\/\/xstyle.md\/ro\/wp-json\/wp\/v2\/media?parent=27236"}],"wp:term":[{"taxonomy":"product_brand","embeddable":true,"href":"https:\/\/xstyle.md\/ro\/wp-json\/wp\/v2\/product_brand?post=27236"},{"taxonomy":"product_cat","embeddable":true,"href":"https:\/\/xstyle.md\/ro\/wp-json\/wp\/v2\/product_cat?post=27236"},{"taxonomy":"product_tag","embeddable":true,"href":"https:\/\/xstyle.md\/ro\/wp-json\/wp\/v2\/product_tag?post=27236"}],"curies":[{"name":"wp","href":"https:\/\/api.w.org\/{rel}","templated":true}]}}