{"id":27184,"date":"2021-01-11T16:22:34","date_gmt":"2021-01-11T13:22:34","guid":{"rendered":"https:\/\/xstyle.md\/product\/trekkingovye-palki-masters-scout-junior\/"},"modified":"2026-02-16T15:10:07","modified_gmt":"2026-02-16T12:10:07","slug":"trekkingovye-palki-masters-scout-junior","status":"publish","type":"product","link":"https:\/\/xstyle.md\/ro\/produs\/trekkingovye-palki-masters-scout-junior\/","title":{"rendered":"Be\u021be trekking Masters Scout Junior"},"content":{"rendered":"<p><\/p>\n<p><strong>Masters Scout Junior<\/strong> &#8212; sunt be\u021be de trekking ideale pentru drume\u021biile scurte sau lungi cu rucsacul, concepute special pentru micii turi\u0219ti. M\u00e2nerele sunt proiectate pentru a permite transferul greut\u0103\u021bii corpului nu doar prin for\u021ba palmei, ci \u0219i prin desc\u0103rcare vertical\u0103, datorit\u0103 suporturilor speciale pentru degetul ar\u0103t\u0103tor \u0219i podul palmei \u00een priza clasic\u0103. De asemenea, este posibil\u0103 o priz\u0103 alternativ\u0103 de partea superioar\u0103 a m\u00e2nerului, util\u0103 de exemplu \u00een timpul cobor\u00e2rilor sau urc\u0103rilor. M\u00e2nerul are un model special de aderen\u021b\u0103 care asigur\u0103 eliminarea umidit\u0103\u021bii \u00een timpul efortului dinamic, oferind un coeficient ridicat de frecare cu palma vara \u0219i o aderen\u021b\u0103 eficient\u0103 cu m\u0103nu\u0219ile iarna.<\/p>\n<p>Construc\u021bia b\u0103\u021bului este telescopic\u0103, din dou\u0103 sec\u021biuni. Acest design v\u0103 permite s\u0103 plia\u021bi compact be\u021bele \u0219i s\u0103 le transporta\u021bi cu u\u0219urin\u021b\u0103 pe rucsac sau \u00een interiorul acestuia, fiind extrem de compacte. Fiind extensibile, aceste be\u021be se potrivesc utilizatorilor de orice \u00een\u0103l\u021bime \u0219i permit reglarea lor \u00een func\u021bie de dificultatea terenului. Be\u021bele sunt dotate cu v\u00e2rfuri rezistente din o\u021bel inoxidabil pentru o aderen\u021b\u0103 sporit\u0103 pe teren accidentat.<\/p>\n<h3>Particularit\u0103\u021bi<\/h3>\n<ul>\n<li>Sistem de blocare prin rota\u021bie (BS Blocking System) &#8212; Permite reglarea u\u0219oar\u0103 a \u00een\u0103l\u021bimii \u0219i fixarea sigur\u0103 a b\u0103\u021bului.<\/li>\n<li>Construc\u021bie telescopic\u0103 din dou\u0103 sec\u021biuni &#8212; Permite plierea compact\u0103 pentru transport.<\/li>\n<li>Material rezistent &#8212; Fabricate din aluminiu aeronautic ALU 5083 durabil.<\/li>\n<li>Componente DuPont &#8212; Piesele din plastic realizate de compania DuPont sunt rezistente la uzur\u0103 \u0219i pot fi utilizate \u00een condi\u021bii extreme, la temperaturi de la -50 \u00b0C p\u00e2n\u0103 la +40 \u00b0C.<\/li>\n<li>Versatilitate &#8212; Pot fi reglate u\u0219or \u00een func\u021bie de \u00een\u0103l\u021bime \u0219i sunt potrivite pentru orice tip de drume\u021bie.<\/li>\n<\/ul>\n<h3>Caracteristici<\/h3>\n<ul>\n<li>Material &#8212; Alu 5083<\/li>\n<li>Sistem de blocare &#8212; BS Blocking System<\/li>\n<li>V\u00e2rf &#8212; O\u021bel<\/li>\n<li>Curea (Temleac) &#8212; BAND STRAP<\/li>\n<li>M\u00e2ner &#8212; Classic Small Grip 8.16<\/li>\n<li>Destina\u021bie &#8212; Trekking<\/li>\n<li>Diametru tuburi &#8212; 16 \/ 14 mm<\/li>\n<li>Lungime reglabil\u0103 &#8212; 80 \u2013 100 cm<\/li>\n<li>Pachetul con\u021bine &#8212; 2 buc\u0103\u021bi (pereche)<\/li>\n<li>Greutate (per bucat\u0103)- 180 g<\/li>\n<\/ul>\n<h3>Tehnologii<\/h3>\n<ul>\n<li><strong>ALU 5083<\/strong> \u2013 este un aliaj de aluminiu aeronautic u\u0219or, elastic \u0219i unul dintre cele mai rezistente. Aceast\u0103 combina\u021bie de greutate redus\u0103 \u0219i durabilitate v\u0103 ofer\u0103 siguran\u021b\u0103 \u00een orice drume\u021bie.<\/li>\n<li><strong>BS Blocking System<\/strong> \u2013 un sistem de blocare a sec\u021biunilor rapid \u0219i confortabil, bazat pe principiul mandrinei (str\u00e2ngere prin rota\u021bie).<\/li>\n<li><strong>Classic Small Grip 8.16<\/strong> \u2013 m\u00e2ner realizat din material SEBS, proiectat special pentru palmele copiilor. M\u00e2nerele sunt concepute pentru a transfera sprijinul greut\u0103\u021bii corpului nu doar prin priz\u0103 \u0219i mu\u0219chii m\u00e2inii, ci \u0219i prin desc\u0103rcare vertical\u0103, datorit\u0103 proeminen\u021belor de sub degetul ar\u0103t\u0103tor \u0219i de sub marginea palmei \u00een cazul prizei clasice.<\/li>\n<li><strong>BAND STRAP<\/strong> \u2013 curea (temleac) din nailon de \u00eenalt\u0103 rezisten\u021b\u0103, cu o gam\u0103 larg\u0103 de reglaje pentru l\u0103\u021bimea \u00eencheieturii sau pentru utilizarea cu m\u0103nu\u0219i voluminoase, \u00een func\u021bie de zona de temperatur\u0103 \u00een care este exploatat\u0103.<\/li>\n<\/ul>\n<p><\/p>\n<h3>Marca<\/h3>\n<p>Compania Masters a fost fondat\u0103 \u00een anul 1977 \u00een nordul Italiei \u0219i, \u00een prezent, este unul dintre liderii mondiali \u00een produc\u021bia de be\u021be de trekking, be\u021be pentru nordic walking \u0219i accesorii pentru acestea. Construc\u021biile de \u00eenalt\u0103 tehnologie ale be\u021belor Masters sunt create pe baza materialelor moderne \u0219i a unei serii de solu\u021bii inginere\u0219ti brevetate, utiliz\u00e2nd doar cele mai bune componente de la produc\u0103tori mondiali. Toate acestea, al\u0103turi de o experien\u021b\u0103 vast\u0103, permit companiei Masters s\u0103 produc\u0103 articole u\u0219oare, fiabile \u0219i confortabile \u00een utilizare, \u00eentr-o gam\u0103 variat\u0103 \u00een care fiecare poate g\u0103si modelul potrivit pentru sine.<\/p>","protected":false},"excerpt":{"rendered":"<p>Be\u021be trekking Masters Scout Junior<\/p>","protected":false},"featured_media":46111,"comment_status":"open","ping_status":"closed","template":"","meta":{"_acf_changed":false,"inline_featured_image":false},"product_brand":[1326],"product_cat":[414],"product_tag":[],"class_list":{"0":"post-27184","1":"product","2":"type-product","3":"status-publish","4":"has-post-thumbnail","6":"product_brand-masters","7":"product_cat-stalpi-de-trekking","9":"first","10":"instock","11":"shipping-taxable","12":"purchasable","13":"product-type-simple"},"acf":[],"yoast_head":"<!-- This site is optimized with the Yoast SEO plugin v27.2 - https:\/\/yoast.com\/product\/yoast-seo-wordpress\/ -->\n<title>\u0422\u0440\u0435\u043a\u043a\u0438\u043d\u0433\u043e\u0432\u044b\u0435 \u043f\u0430\u043b\u043a\u0438 Masters Scout Junior - \u041c\u0430\u0433\u0430\u0437\u0438\u043d Xstyle<\/title>\n<meta name=\"description\" content=\"&quot;\u0422\u0440\u0435\u043a\u043a\u0438\u043d\u0433\u043e\u0432\u044b\u0435 \u043f\u0430\u043b\u043a\u0438 Masters Scout Junior \u0441 \u0441\u0438\u0441\u0442\u0435\u043c\u043e\u0439 \u0431\u043b\u043e\u043a\u0438\u0440\u043e\u0432\u043a\u0438 BS \u0438 \u043a\u043b\u0430\u0441\u0441\u0438\u0447\u0435\u0441\u043a\u043e\u0439 \u0440\u0443\u043a\u043e\u044f\u0442\u043a\u043e\u0439. \u041b\u0435\u0433\u043a\u043e\u0441\u0442\u044c \u0438 \u043d\u0430\u0434\u0435\u0436\u043d\u043e\u0441\u0442\u044c \u0434\u043b\u044f \u044e\u043d\u044b\u0445 \u0438\u0441\u0441\u043b\u0435\u0434\u043e\u0432\u0430\u0442\u0435\u043b\u0435\u0439 \u043f\u0440\u0438\u0440\u043e\u0434\u044b.&quot;\" \/>\n<meta name=\"robots\" content=\"index, follow, max-snippet:-1, max-image-preview:large, max-video-preview:-1\" \/>\n<link rel=\"canonical\" href=\"https:\/\/xstyle.md\/ro\/produs\/trekkingovye-palki-masters-scout-junior\/\" \/>\n<meta property=\"og:locale\" content=\"ro_RO\" \/>\n<meta property=\"og:type\" content=\"article\" \/>\n<meta property=\"og:title\" content=\"\u0422\u0440\u0435\u043a\u043a\u0438\u043d\u0433\u043e\u0432\u044b\u0435 \u043f\u0430\u043b\u043a\u0438 Masters Scout Junior - \u041c\u0430\u0433\u0430\u0437\u0438\u043d Xstyle\" \/>\n<meta property=\"og:description\" content=\"&quot;\u0422\u0440\u0435\u043a\u043a\u0438\u043d\u0433\u043e\u0432\u044b\u0435 \u043f\u0430\u043b\u043a\u0438 Masters Scout Junior \u0441 \u0441\u0438\u0441\u0442\u0435\u043c\u043e\u0439 \u0431\u043b\u043e\u043a\u0438\u0440\u043e\u0432\u043a\u0438 BS \u0438 \u043a\u043b\u0430\u0441\u0441\u0438\u0447\u0435\u0441\u043a\u043e\u0439 \u0440\u0443\u043a\u043e\u044f\u0442\u043a\u043e\u0439. \u041b\u0435\u0433\u043a\u043e\u0441\u0442\u044c \u0438 \u043d\u0430\u0434\u0435\u0436\u043d\u043e\u0441\u0442\u044c \u0434\u043b\u044f \u044e\u043d\u044b\u0445 \u0438\u0441\u0441\u043b\u0435\u0434\u043e\u0432\u0430\u0442\u0435\u043b\u0435\u0439 \u043f\u0440\u0438\u0440\u043e\u0434\u044b.&quot;\" \/>\n<meta property=\"og:url\" content=\"https:\/\/xstyle.md\/ro\/produs\/trekkingovye-palki-masters-scout-junior\/\" \/>\n<meta property=\"og:site_name\" content=\"\u041c\u0430\u0433\u0430\u0437\u0438\u043d Xstyle\" \/>\n<meta property=\"article:publisher\" content=\"https:\/\/www.facebook.com\/xstylemd\" \/>\n<meta property=\"article:modified_time\" content=\"2026-02-16T12:10:07+00:00\" \/>\n<meta property=\"og:image\" content=\"https:\/\/xstyle.md\/wp-content\/uploads\/2021\/01\/masters-scout-junior.png\" \/>\n\t<meta property=\"og:image:width\" content=\"1080\" \/>\n\t<meta property=\"og:image:height\" content=\"1080\" \/>\n\t<meta property=\"og:image:type\" content=\"image\/png\" \/>\n<meta name=\"twitter:card\" content=\"summary_large_image\" \/>\n<meta name=\"twitter:label1\" content=\"Pre\u021b\" \/>\n\t<meta name=\"twitter:data1\" content=\"580&nbsp;MDL\" \/>\n\t<meta name=\"twitter:label2\" content=\"Disponibilitate\" \/>\n\t<meta name=\"twitter:data2\" content=\"\u00cen stoc\" \/>\n<script type=\"application\/ld+json\" class=\"yoast-schema-graph\">{\"@context\":\"https:\/\/schema.org\",\"@graph\":[{\"@type\":\"WebPage\",\"@id\":\"https:\/\/xstyle.md\/product\/trekkingovye-palki-masters-scout-junior\/\",\"url\":\"https:\/\/xstyle.md\/product\/trekkingovye-palki-masters-scout-junior\/\",\"name\":\"\u0422\u0440\u0435\u043a\u043a\u0438\u043d\u0433\u043e\u0432\u044b\u0435 \u043f\u0430\u043b\u043a\u0438 Masters Scout Junior - \u041c\u0430\u0433\u0430\u0437\u0438\u043d Xstyle\",\"isPartOf\":{\"@id\":\"https:\/\/xstyle.md\/#website\"},\"primaryImageOfPage\":{\"@id\":\"https:\/\/xstyle.md\/product\/trekkingovye-palki-masters-scout-junior\/#primaryimage\"},\"image\":{\"@id\":\"https:\/\/xstyle.md\/product\/trekkingovye-palki-masters-scout-junior\/#primaryimage\"},\"thumbnailUrl\":\"https:\/\/xstyle.md\/wp-content\/uploads\/2021\/01\/masters-scout-junior.png\",\"datePublished\":\"2021-01-11T13:22:34+00:00\",\"dateModified\":\"2026-02-16T12:10:07+00:00\",\"description\":\"\\\"\u0422\u0440\u0435\u043a\u043a\u0438\u043d\u0433\u043e\u0432\u044b\u0435 \u043f\u0430\u043b\u043a\u0438 Masters Scout Junior \u0441 \u0441\u0438\u0441\u0442\u0435\u043c\u043e\u0439 \u0431\u043b\u043e\u043a\u0438\u0440\u043e\u0432\u043a\u0438 BS \u0438 \u043a\u043b\u0430\u0441\u0441\u0438\u0447\u0435\u0441\u043a\u043e\u0439 \u0440\u0443\u043a\u043e\u044f\u0442\u043a\u043e\u0439. \u041b\u0435\u0433\u043a\u043e\u0441\u0442\u044c \u0438 \u043d\u0430\u0434\u0435\u0436\u043d\u043e\u0441\u0442\u044c \u0434\u043b\u044f \u044e\u043d\u044b\u0445 \u0438\u0441\u0441\u043b\u0435\u0434\u043e\u0432\u0430\u0442\u0435\u043b\u0435\u0439 \u043f\u0440\u0438\u0440\u043e\u0434\u044b.\\\"\",\"breadcrumb\":{\"@id\":\"https:\/\/xstyle.md\/product\/trekkingovye-palki-masters-scout-junior\/#breadcrumb\"},\"inLanguage\":\"ro-RO\",\"potentialAction\":[{\"@type\":\"ReadAction\",\"target\":[\"https:\/\/xstyle.md\/product\/trekkingovye-palki-masters-scout-junior\/\"]}]},{\"@type\":\"ImageObject\",\"inLanguage\":\"ro-RO\",\"@id\":\"https:\/\/xstyle.md\/product\/trekkingovye-palki-masters-scout-junior\/#primaryimage\",\"url\":\"https:\/\/xstyle.md\/wp-content\/uploads\/2021\/01\/masters-scout-junior.png\",\"contentUrl\":\"https:\/\/xstyle.md\/wp-content\/uploads\/2021\/01\/masters-scout-junior.png\",\"width\":1080,\"height\":1080,\"caption\":\"\u0422\u0440\u0435\u043a\u043a\u0438\u043d\u0433\u043e\u0432\u044b\u0435 \u043f\u0430\u043b\u043a\u0438 Masters Scout Junior \u0434\u043b\u044f \u0430\u043a\u0442\u0438\u0432\u043d\u043e\u0433\u043e \u043e\u0442\u0434\u044b\u0445\u0430, \u043f\u043e\u0445\u043e\u0434\u043e\u0432, \u043f\u0443\u0442\u0435\u0448\u0435\u0441\u0442\u0432\u0438\u0439 \u0438 \u0433\u043e\u0440\u043d\u044b\u0445 \u0432\u043e\u0441\u0445\u043e\u0436\u0434\u0435\u043d\u0438\u0439 \u0432 \u0438\u043d\u0442\u0435\u0440\u043d\u0435\u0442-\u043c\u0430\u0433\u0430\u0437\u0438\u043d\u0435 \u0441\u043f\u043e\u0440\u0442\u0438\u0432\u043d\u043e\u0439 \u043e\u0434\u0435\u0436\u0434\u044b \u0438 \u043e\u0431\u0443\u0432\u0438\"},{\"@type\":\"BreadcrumbList\",\"@id\":\"https:\/\/xstyle.md\/product\/trekkingovye-palki-masters-scout-junior\/#breadcrumb\",\"itemListElement\":[{\"@type\":\"ListItem\",\"position\":1,\"name\":\"\u0413\u043b\u0430\u0432\u043d\u0430\u044f \u0441\u0442\u0440\u0430\u043d\u0438\u0446\u0430\",\"item\":\"https:\/\/xstyle.md\/\"},{\"@type\":\"ListItem\",\"position\":2,\"name\":\"\u041c\u0430\u0433\u0430\u0437\u0438\u043d\",\"item\":\"https:\/\/xstyle.md\/shop\/\"},{\"@type\":\"ListItem\",\"position\":3,\"name\":\"\u0422\u0440\u0435\u043a\u043a\u0438\u043d\u0433\u043e\u0432\u044b\u0435 \u043f\u0430\u043b\u043a\u0438 Masters Scout Junior\"}]},{\"@type\":\"WebSite\",\"@id\":\"https:\/\/xstyle.md\/#website\",\"url\":\"https:\/\/xstyle.md\/\",\"name\":\"\u041c\u0430\u0433\u0430\u0437\u0438\u043d Xstyle\",\"description\":\"C\u043d\u0430\u0440\u044f\u0436\u0435\u043d\u0438\u0435 \u0434\u043b\u044f \u0442\u0443\u0440\u0438\u0437\u043c\u0430 \u0438 \u044d\u043a\u0441\u0442\u0440\u0435\u043c\u0430\u043b\u044c\u043d\u044b\u0445 \u0432\u0438\u0434\u043e\u0432 \u0441\u043f\u043e\u0440\u0442\u0430 \u0432 \u041c\u043e\u043b\u0434\u043e\u0432\u0435.. \u0426\u0435\u043d\u044b, \u0444\u043e\u0442\u043e, \u0445\u0430\u0440\u0430\u043a\u0442\u0435\u0440\u0438\u0441\u0442\u0438\u043a\u0438 \u0432 \u041c\u043e\u043b\u0434\u043e\u0432\u0435.\",\"publisher\":{\"@id\":\"https:\/\/xstyle.md\/#organization\"},\"alternateName\":\"X-Style\",\"potentialAction\":[{\"@type\":\"SearchAction\",\"target\":{\"@type\":\"EntryPoint\",\"urlTemplate\":\"https:\/\/xstyle.md\/?s={search_term_string}\"},\"query-input\":{\"@type\":\"PropertyValueSpecification\",\"valueRequired\":true,\"valueName\":\"search_term_string\"}}],\"inLanguage\":\"ro-RO\"},{\"@type\":\"Organization\",\"@id\":\"https:\/\/xstyle.md\/#organization\",\"name\":\"\u041c\u0430\u0433\u0430\u0437\u0438\u043d Xstyle\",\"alternateName\":\"x-style\",\"url\":\"https:\/\/xstyle.md\/\",\"logo\":{\"@type\":\"ImageObject\",\"inLanguage\":\"ro-RO\",\"@id\":\"https:\/\/xstyle.md\/#\/schema\/logo\/image\/\",\"url\":\"https:\/\/xstyle.md\/wp-content\/uploads\/2020\/06\/logoicon.svg\",\"contentUrl\":\"https:\/\/xstyle.md\/wp-content\/uploads\/2020\/06\/logoicon.svg\",\"caption\":\"\u041c\u0430\u0433\u0430\u0437\u0438\u043d Xstyle\"},\"image\":{\"@id\":\"https:\/\/xstyle.md\/#\/schema\/logo\/image\/\"},\"sameAs\":[\"https:\/\/www.facebook.com\/xstylemd\",\"https:\/\/www.instagram.com\/xstyle_md\/\",\"https:\/\/t.me\/xstyle_outdoor\"],\"hasMerchantReturnPolicy\":{\"@type\":\"MerchantReturnPolicy\",\"merchantReturnLink\":\"https:\/\/xstyle.md\/ro\/conditions\/\"}}]}<\/script>\n<meta property=\"product:price:amount\" content=\"580.00\" \/>\n<meta property=\"product:price:currency\" content=\"MDL\" \/>\n<meta property=\"og:availability\" content=\"instock\" \/>\n<meta property=\"product:availability\" content=\"instock\" \/>\n<meta property=\"product:retailer_item_id\" content=\"8023349016336\" \/>\n<meta property=\"product:condition\" content=\"new\" \/>\n<!-- \/ Yoast SEO plugin. -->","yoast_head_json":{"title":"\u0422\u0440\u0435\u043a\u043a\u0438\u043d\u0433\u043e\u0432\u044b\u0435 \u043f\u0430\u043b\u043a\u0438 Masters Scout Junior - \u041c\u0430\u0433\u0430\u0437\u0438\u043d Xstyle","description":"\"\\u0422\\u0440\\u0435\\u043a\\u043a\\u0438\\u043d\\u0433\\u043e\\u0432\\u044b\\u0435 \\u043f\\u0430\\u043b\\u043a\\u0438 Masters Scout Junior \\u0441 \\u0441\\u0438\\u0441\\u0442\\u0435\\u043c\\u043e\\u0439 \\u0431\\u043b\\u043e\\u043a\\u0438\\u0440\\u043e\\u0432\\u043a\\u0438 BS \\u0438 \\u043a\\u043b\\u0430\\u0441\\u0441\\u0438\\u0447\\u0435\\u0441\\u043a\\u043e\\u0439 \\u0440\\u0443\\u043a\\u043e\\u044f\\u0442\\u043a\\u043e\\u0439. \\u041b\\u0435\\u0433\\u043a\\u043e\\u0441\\u0442\\u044c \\u0438 \\u043d\\u0430\\u0434\\u0435\\u0436\\u043d\\u043e\\u0441\\u0442\\u044c \\u0434\\u043b\\u044f \\u044e\\u043d\\u044b\\u0445 \\u0438\\u0441\\u0441\\u043b\\u0435\\u0434\\u043e\\u0432\\u0430\\u0442\\u0435\\u043b\\u0435\\u0439 \\u043f\\u0440\\u0438\\u0440\\u043e\\u0434\\u044b.\"","robots":{"index":"index","follow":"follow","max-snippet":"max-snippet:-1","max-image-preview":"max-image-preview:large","max-video-preview":"max-video-preview:-1"},"canonical":"https:\/\/xstyle.md\/ro\/produs\/trekkingovye-palki-masters-scout-junior\/","og_locale":"ro_RO","og_type":"article","og_title":"\u0422\u0440\u0435\u043a\u043a\u0438\u043d\u0433\u043e\u0432\u044b\u0435 \u043f\u0430\u043b\u043a\u0438 Masters Scout Junior - \u041c\u0430\u0433\u0430\u0437\u0438\u043d Xstyle","og_description":"\"\u0422\u0440\u0435\u043a\u043a\u0438\u043d\u0433\u043e\u0432\u044b\u0435 \u043f\u0430\u043b\u043a\u0438 Masters Scout Junior \u0441 \u0441\u0438\u0441\u0442\u0435\u043c\u043e\u0439 \u0431\u043b\u043e\u043a\u0438\u0440\u043e\u0432\u043a\u0438 BS \u0438 \u043a\u043b\u0430\u0441\u0441\u0438\u0447\u0435\u0441\u043a\u043e\u0439 \u0440\u0443\u043a\u043e\u044f\u0442\u043a\u043e\u0439. \u041b\u0435\u0433\u043a\u043e\u0441\u0442\u044c \u0438 \u043d\u0430\u0434\u0435\u0436\u043d\u043e\u0441\u0442\u044c \u0434\u043b\u044f \u044e\u043d\u044b\u0445 \u0438\u0441\u0441\u043b\u0435\u0434\u043e\u0432\u0430\u0442\u0435\u043b\u0435\u0439 \u043f\u0440\u0438\u0440\u043e\u0434\u044b.\"","og_url":"https:\/\/xstyle.md\/ro\/produs\/trekkingovye-palki-masters-scout-junior\/","og_site_name":"\u041c\u0430\u0433\u0430\u0437\u0438\u043d Xstyle","article_publisher":"https:\/\/www.facebook.com\/xstylemd","article_modified_time":"2026-02-16T12:10:07+00:00","og_image":[{"width":1080,"height":1080,"url":"https:\/\/xstyle.md\/wp-content\/uploads\/2021\/01\/masters-scout-junior.png","type":"image\/png"}],"twitter_card":"summary_large_image","twitter_misc":{"Pre\u021b":"580&nbsp;MDL","Disponibilitate":"\u00cen stoc"},"schema":{"@context":"https:\/\/schema.org","@graph":[{"@type":"WebPage","@id":"https:\/\/xstyle.md\/product\/trekkingovye-palki-masters-scout-junior\/","url":"https:\/\/xstyle.md\/product\/trekkingovye-palki-masters-scout-junior\/","name":"\u0422\u0440\u0435\u043a\u043a\u0438\u043d\u0433\u043e\u0432\u044b\u0435 \u043f\u0430\u043b\u043a\u0438 Masters Scout Junior - \u041c\u0430\u0433\u0430\u0437\u0438\u043d Xstyle","isPartOf":{"@id":"https:\/\/xstyle.md\/#website"},"primaryImageOfPage":{"@id":"https:\/\/xstyle.md\/product\/trekkingovye-palki-masters-scout-junior\/#primaryimage"},"image":{"@id":"https:\/\/xstyle.md\/product\/trekkingovye-palki-masters-scout-junior\/#primaryimage"},"thumbnailUrl":"https:\/\/xstyle.md\/wp-content\/uploads\/2021\/01\/masters-scout-junior.png","datePublished":"2021-01-11T13:22:34+00:00","dateModified":"2026-02-16T12:10:07+00:00","description":"\"\\u0422\\u0440\\u0435\\u043a\\u043a\\u0438\\u043d\\u0433\\u043e\\u0432\\u044b\\u0435 \\u043f\\u0430\\u043b\\u043a\\u0438 Masters Scout Junior \\u0441 \\u0441\\u0438\\u0441\\u0442\\u0435\\u043c\\u043e\\u0439 \\u0431\\u043b\\u043e\\u043a\\u0438\\u0440\\u043e\\u0432\\u043a\\u0438 BS \\u0438 \\u043a\\u043b\\u0430\\u0441\\u0441\\u0438\\u0447\\u0435\\u0441\\u043a\\u043e\\u0439 \\u0440\\u0443\\u043a\\u043e\\u044f\\u0442\\u043a\\u043e\\u0439. \\u041b\\u0435\\u0433\\u043a\\u043e\\u0441\\u0442\\u044c \\u0438 \\u043d\\u0430\\u0434\\u0435\\u0436\\u043d\\u043e\\u0441\\u0442\\u044c \\u0434\\u043b\\u044f \\u044e\\u043d\\u044b\\u0445 \\u0438\\u0441\\u0441\\u043b\\u0435\\u0434\\u043e\\u0432\\u0430\\u0442\\u0435\\u043b\\u0435\\u0439 \\u043f\\u0440\\u0438\\u0440\\u043e\\u0434\\u044b.\"","breadcrumb":{"@id":"https:\/\/xstyle.md\/product\/trekkingovye-palki-masters-scout-junior\/#breadcrumb"},"inLanguage":"ro-RO","potentialAction":[{"@type":"ReadAction","target":["https:\/\/xstyle.md\/product\/trekkingovye-palki-masters-scout-junior\/"]}]},{"@type":"ImageObject","inLanguage":"ro-RO","@id":"https:\/\/xstyle.md\/product\/trekkingovye-palki-masters-scout-junior\/#primaryimage","url":"https:\/\/xstyle.md\/wp-content\/uploads\/2021\/01\/masters-scout-junior.png","contentUrl":"https:\/\/xstyle.md\/wp-content\/uploads\/2021\/01\/masters-scout-junior.png","width":1080,"height":1080,"caption":"\u0422\u0440\u0435\u043a\u043a\u0438\u043d\u0433\u043e\u0432\u044b\u0435 \u043f\u0430\u043b\u043a\u0438 Masters Scout Junior \u0434\u043b\u044f \u0430\u043a\u0442\u0438\u0432\u043d\u043e\u0433\u043e \u043e\u0442\u0434\u044b\u0445\u0430, \u043f\u043e\u0445\u043e\u0434\u043e\u0432, \u043f\u0443\u0442\u0435\u0448\u0435\u0441\u0442\u0432\u0438\u0439 \u0438 \u0433\u043e\u0440\u043d\u044b\u0445 \u0432\u043e\u0441\u0445\u043e\u0436\u0434\u0435\u043d\u0438\u0439 \u0432 \u0438\u043d\u0442\u0435\u0440\u043d\u0435\u0442-\u043c\u0430\u0433\u0430\u0437\u0438\u043d\u0435 \u0441\u043f\u043e\u0440\u0442\u0438\u0432\u043d\u043e\u0439 \u043e\u0434\u0435\u0436\u0434\u044b \u0438 \u043e\u0431\u0443\u0432\u0438"},{"@type":"BreadcrumbList","@id":"https:\/\/xstyle.md\/product\/trekkingovye-palki-masters-scout-junior\/#breadcrumb","itemListElement":[{"@type":"ListItem","position":1,"name":"\u0413\u043b\u0430\u0432\u043d\u0430\u044f \u0441\u0442\u0440\u0430\u043d\u0438\u0446\u0430","item":"https:\/\/xstyle.md\/"},{"@type":"ListItem","position":2,"name":"\u041c\u0430\u0433\u0430\u0437\u0438\u043d","item":"https:\/\/xstyle.md\/shop\/"},{"@type":"ListItem","position":3,"name":"\u0422\u0440\u0435\u043a\u043a\u0438\u043d\u0433\u043e\u0432\u044b\u0435 \u043f\u0430\u043b\u043a\u0438 Masters Scout Junior"}]},{"@type":"WebSite","@id":"https:\/\/xstyle.md\/#website","url":"https:\/\/xstyle.md\/","name":"Magazinul X-Style","description":"Echipamente pentru turism \u0219i sporturi extreme \u00een Moldova. Pre\u021buri, fotografii, caracteristici \u00een Moldova.","publisher":{"@id":"https:\/\/xstyle.md\/#organization"},"alternateName":"X-Style","potentialAction":[{"@type":"SearchAction","target":{"@type":"EntryPoint","urlTemplate":"https:\/\/xstyle.md\/?s={search_term_string}"},"query-input":{"@type":"PropertyValueSpecification","valueRequired":true,"valueName":"search_term_string"}}],"inLanguage":"ro-RO"},{"@type":"Organization","@id":"https:\/\/xstyle.md\/#organization","name":"Magazinul X-Style","alternateName":"x-style","url":"https:\/\/xstyle.md\/","logo":{"@type":"ImageObject","inLanguage":"ro-RO","@id":"https:\/\/xstyle.md\/#\/schema\/logo\/image\/","url":"https:\/\/xstyle.md\/wp-content\/uploads\/2020\/06\/logoicon.svg","contentUrl":"https:\/\/xstyle.md\/wp-content\/uploads\/2020\/06\/logoicon.svg","caption":"\u041c\u0430\u0433\u0430\u0437\u0438\u043d Xstyle"},"image":{"@id":"https:\/\/xstyle.md\/#\/schema\/logo\/image\/"},"sameAs":["https:\/\/www.facebook.com\/xstylemd","https:\/\/www.instagram.com\/xstyle_md\/","https:\/\/t.me\/xstyle_outdoor"],"hasMerchantReturnPolicy":{"@type":"MerchantReturnPolicy","merchantReturnLink":"https:\/\/xstyle.md\/ro\/conditions\/"}}]},"product_price_amount":"580.00","product_price_currency":"MDL","og_availability":"instock","product_availability":"instock","product_retailer_item_id":"8023349016336","product_condition":"new"},"post_mailing_queue_ids":[],"_links":{"self":[{"href":"https:\/\/xstyle.md\/ro\/wp-json\/wp\/v2\/product\/27184","targetHints":{"allow":["GET"]}}],"collection":[{"href":"https:\/\/xstyle.md\/ro\/wp-json\/wp\/v2\/product"}],"about":[{"href":"https:\/\/xstyle.md\/ro\/wp-json\/wp\/v2\/types\/product"}],"replies":[{"embeddable":true,"href":"https:\/\/xstyle.md\/ro\/wp-json\/wp\/v2\/comments?post=27184"}],"wp:featuredmedia":[{"embeddable":true,"href":"https:\/\/xstyle.md\/ro\/wp-json\/wp\/v2\/media\/46111"}],"wp:attachment":[{"href":"https:\/\/xstyle.md\/ro\/wp-json\/wp\/v2\/media?parent=27184"}],"wp:term":[{"taxonomy":"product_brand","embeddable":true,"href":"https:\/\/xstyle.md\/ro\/wp-json\/wp\/v2\/product_brand?post=27184"},{"taxonomy":"product_cat","embeddable":true,"href":"https:\/\/xstyle.md\/ro\/wp-json\/wp\/v2\/product_cat?post=27184"},{"taxonomy":"product_tag","embeddable":true,"href":"https:\/\/xstyle.md\/ro\/wp-json\/wp\/v2\/product_tag?post=27184"}],"curies":[{"name":"wp","href":"https:\/\/api.w.org\/{rel}","templated":true}]}}