{"id":27167,"date":"2021-01-11T16:22:24","date_gmt":"2021-01-11T13:22:24","guid":{"rendered":"https:\/\/xstyle.md\/product\/aptechka-lifesystems-first-aid-case\/"},"modified":"2025-05-29T11:58:16","modified_gmt":"2025-05-29T08:58:16","slug":"aptechka-lifesystems-first-aid-case","status":"publish","type":"product","link":"https:\/\/xstyle.md\/ro\/produs\/aptechka-lifesystems-first-aid-case\/","title":{"rendered":"Trus\u0103 medical\u0103 Lifesystems First Aid Case"},"content":{"rendered":"<\/p>\n<p>Trus\u0103 prim ajutor <strong>Lifesystems First Aid Case<\/strong> &#8212; trus\u0103 de prim ajutor mare \u0219i goal\u0103 pentru camping de la produc\u0103torul britanic Lifesystems, conceput\u0103 pentru a fi completat\u0103 la discre\u021bia dvs., \u021bin\u00e2nd cont de specificul expedi\u021biei. Confec\u021bionat\u0103 din poliester rezistent cu tehnologie Ripstop, are un fermoar impermeabil.<\/p>\n<h3>Particularit\u0103\u021bi<\/h3>\n<ul>\n<li>Sistemul QuickFind ofer\u0103 acces rapid \u0219i u\u0219or la con\u021binut.<\/li>\n<li>Fermoar impermeabil \u00een jurul perimetrului trusei de prim ajutor<\/li>\n<\/ul>\n<h3>Caracteristici<\/h3>\n<ul>\n<li>Greutate &#8212; 140 g<\/li>\n<li>Dimensiuni &#8212; 210 x 160 x 60 mm<\/li>\n<\/ul>\n<h3>Marca<\/h3>\n<p>Lifesystems este o companie britanic\u0103 care produce echipamente \u0219i echipamente pentru turi\u0219ti \u0219i c\u0103l\u0103tori. Sub aceast\u0103 marc\u0103 se produc truse de prim ajutor, spray-uri \u00eempotriva insectelor, creme de protec\u021bie solar\u0103, produse de purificare \u0219i dezinfectare a apei, plase de \u021b\u00e2n\u021bari \u0219i alte lucruri utile pentru turi\u0219ti. Calit\u0103\u021bii produselor li se acord\u0103 o mare aten\u021bie. Acestea sunt foarte func\u021bionale, capabile s\u0103 satisfac\u0103 nevoile majorit\u0103\u021bii pasiona\u021bilor de activit\u0103\u021bi \u00een aer liber \u0219i a sportivilor extremi\u0219ti, testate pe teren, \u00een cele mai periculoase \u0219i greu accesibile locuri de pe planet\u0103.<\/p>\n<p><\/p>","protected":false},"excerpt":{"rendered":"<p>Trus\u0103 medical\u0103 Lifesystems First Aid Case<\/p>","protected":false},"featured_media":28910,"comment_status":"open","ping_status":"closed","template":"","meta":{"_acf_changed":false,"inline_featured_image":false},"product_brand":[1417],"product_cat":[333],"product_tag":[],"class_list":{"0":"post-27167","1":"product","2":"type-product","3":"status-publish","4":"has-post-thumbnail","6":"product_brand-lifesystems","7":"product_cat-first-aid","9":"first","10":"instock","11":"shipping-taxable","12":"purchasable","13":"product-type-simple"},"acf":[],"yoast_head":"<!-- This site is optimized with the Yoast SEO plugin v27.2 - https:\/\/yoast.com\/product\/yoast-seo-wordpress\/ -->\n<title>\u0410\u043f\u0442\u0435\u0447\u043a\u0430 Lifesystems First Aid Case - \u041c\u0430\u0433\u0430\u0437\u0438\u043d Xstyle<\/title>\n<meta name=\"description\" content=\"\u0410\u043f\u0442\u0435\u0447\u043a\u0430 Lifesystems First Aid Case \u2013 \u0438\u0434\u0435\u0430\u043b\u044c\u043d\u0430\u044f \u0434\u043b\u044f \u043a\u0435\u043c\u043f\u0438\u043d\u0433\u0430, \u0432\u044b\u043f\u043e\u043b\u043d\u0435\u043d\u0430 \u0438\u0437 \u043f\u0440\u043e\u0447\u043d\u043e\u0433\u043e \u043f\u043e\u043b\u0438\u044d\u0441\u0442\u0435\u0440\u0430. \u0411\u044b\u0441\u0442\u0440\u044b\u0439 \u0434\u043e\u0441\u0442\u0443\u043f \u0438 \u0432\u043e\u0437\u043c\u043e\u0436\u043d\u043e\u0441\u0442\u044c \u043f\u0435\u0440\u0441\u043e\u043d\u0430\u043b\u0438\u0437\u0430\u0446\u0438\u0438!\" \/>\n<meta name=\"robots\" content=\"index, follow, max-snippet:-1, max-image-preview:large, max-video-preview:-1\" \/>\n<link rel=\"canonical\" href=\"https:\/\/xstyle.md\/ro\/produs\/aptechka-lifesystems-first-aid-case\/\" \/>\n<meta property=\"og:locale\" content=\"ro_RO\" \/>\n<meta property=\"og:type\" content=\"article\" \/>\n<meta property=\"og:title\" content=\"\u0410\u043f\u0442\u0435\u0447\u043a\u0430 Lifesystems First Aid Case - \u041c\u0430\u0433\u0430\u0437\u0438\u043d Xstyle\" \/>\n<meta property=\"og:description\" content=\"\u0410\u043f\u0442\u0435\u0447\u043a\u0430 Lifesystems First Aid Case \u2013 \u0438\u0434\u0435\u0430\u043b\u044c\u043d\u0430\u044f \u0434\u043b\u044f \u043a\u0435\u043c\u043f\u0438\u043d\u0433\u0430, \u0432\u044b\u043f\u043e\u043b\u043d\u0435\u043d\u0430 \u0438\u0437 \u043f\u0440\u043e\u0447\u043d\u043e\u0433\u043e \u043f\u043e\u043b\u0438\u044d\u0441\u0442\u0435\u0440\u0430. \u0411\u044b\u0441\u0442\u0440\u044b\u0439 \u0434\u043e\u0441\u0442\u0443\u043f \u0438 \u0432\u043e\u0437\u043c\u043e\u0436\u043d\u043e\u0441\u0442\u044c \u043f\u0435\u0440\u0441\u043e\u043d\u0430\u043b\u0438\u0437\u0430\u0446\u0438\u0438!\" \/>\n<meta property=\"og:url\" content=\"https:\/\/xstyle.md\/ro\/produs\/aptechka-lifesystems-first-aid-case\/\" \/>\n<meta property=\"og:site_name\" content=\"\u041c\u0430\u0433\u0430\u0437\u0438\u043d Xstyle\" \/>\n<meta property=\"article:publisher\" content=\"https:\/\/www.facebook.com\/xstylemd\" \/>\n<meta property=\"article:modified_time\" content=\"2025-05-29T08:58:16+00:00\" \/>\n<meta property=\"og:image\" content=\"https:\/\/xstyle.md\/wp-content\/uploads\/2021\/04\/first-aid-case_enl-300x300-1.jpg\" \/>\n\t<meta property=\"og:image:width\" content=\"300\" \/>\n\t<meta property=\"og:image:height\" content=\"300\" \/>\n\t<meta property=\"og:image:type\" content=\"image\/jpeg\" \/>\n<meta name=\"twitter:card\" content=\"summary_large_image\" \/>\n<meta name=\"twitter:label1\" content=\"Pre\u021b\" \/>\n\t<meta name=\"twitter:data1\" content=\"490&nbsp;MDL\" \/>\n\t<meta name=\"twitter:label2\" content=\"Disponibilitate\" \/>\n\t<meta name=\"twitter:data2\" content=\"\u00cen stoc\" \/>\n<script type=\"application\/ld+json\" class=\"yoast-schema-graph\">{\"@context\":\"https:\/\/schema.org\",\"@graph\":[{\"@type\":\"WebPage\",\"@id\":\"https:\/\/xstyle.md\/product\/aptechka-lifesystems-first-aid-case\/\",\"url\":\"https:\/\/xstyle.md\/product\/aptechka-lifesystems-first-aid-case\/\",\"name\":\"\u0410\u043f\u0442\u0435\u0447\u043a\u0430 Lifesystems First Aid Case - \u041c\u0430\u0433\u0430\u0437\u0438\u043d Xstyle\",\"isPartOf\":{\"@id\":\"https:\/\/xstyle.md\/#website\"},\"primaryImageOfPage\":{\"@id\":\"https:\/\/xstyle.md\/product\/aptechka-lifesystems-first-aid-case\/#primaryimage\"},\"image\":{\"@id\":\"https:\/\/xstyle.md\/product\/aptechka-lifesystems-first-aid-case\/#primaryimage\"},\"thumbnailUrl\":\"https:\/\/xstyle.md\/wp-content\/uploads\/2021\/04\/first-aid-case_enl-300x300-1.jpg\",\"datePublished\":\"2021-01-11T13:22:24+00:00\",\"dateModified\":\"2025-05-29T08:58:16+00:00\",\"description\":\"\u0410\u043f\u0442\u0435\u0447\u043a\u0430 Lifesystems First Aid Case \u2013 \u0438\u0434\u0435\u0430\u043b\u044c\u043d\u0430\u044f \u0434\u043b\u044f \u043a\u0435\u043c\u043f\u0438\u043d\u0433\u0430, \u0432\u044b\u043f\u043e\u043b\u043d\u0435\u043d\u0430 \u0438\u0437 \u043f\u0440\u043e\u0447\u043d\u043e\u0433\u043e \u043f\u043e\u043b\u0438\u044d\u0441\u0442\u0435\u0440\u0430. \u0411\u044b\u0441\u0442\u0440\u044b\u0439 \u0434\u043e\u0441\u0442\u0443\u043f \u0438 \u0432\u043e\u0437\u043c\u043e\u0436\u043d\u043e\u0441\u0442\u044c \u043f\u0435\u0440\u0441\u043e\u043d\u0430\u043b\u0438\u0437\u0430\u0446\u0438\u0438!\",\"breadcrumb\":{\"@id\":\"https:\/\/xstyle.md\/product\/aptechka-lifesystems-first-aid-case\/#breadcrumb\"},\"inLanguage\":\"ro-RO\",\"potentialAction\":[{\"@type\":\"ReadAction\",\"target\":[\"https:\/\/xstyle.md\/product\/aptechka-lifesystems-first-aid-case\/\"]}]},{\"@type\":\"ImageObject\",\"inLanguage\":\"ro-RO\",\"@id\":\"https:\/\/xstyle.md\/product\/aptechka-lifesystems-first-aid-case\/#primaryimage\",\"url\":\"https:\/\/xstyle.md\/wp-content\/uploads\/2021\/04\/first-aid-case_enl-300x300-1.jpg\",\"contentUrl\":\"https:\/\/xstyle.md\/wp-content\/uploads\/2021\/04\/first-aid-case_enl-300x300-1.jpg\",\"width\":300,\"height\":300},{\"@type\":\"BreadcrumbList\",\"@id\":\"https:\/\/xstyle.md\/product\/aptechka-lifesystems-first-aid-case\/#breadcrumb\",\"itemListElement\":[{\"@type\":\"ListItem\",\"position\":1,\"name\":\"\u0413\u043b\u0430\u0432\u043d\u0430\u044f \u0441\u0442\u0440\u0430\u043d\u0438\u0446\u0430\",\"item\":\"https:\/\/xstyle.md\/\"},{\"@type\":\"ListItem\",\"position\":2,\"name\":\"\u041c\u0430\u0433\u0430\u0437\u0438\u043d\",\"item\":\"https:\/\/xstyle.md\/shop\/\"},{\"@type\":\"ListItem\",\"position\":3,\"name\":\"\u0410\u043f\u0442\u0435\u0447\u043a\u0430 Lifesystems First Aid Case\"}]},{\"@type\":\"WebSite\",\"@id\":\"https:\/\/xstyle.md\/#website\",\"url\":\"https:\/\/xstyle.md\/\",\"name\":\"\u041c\u0430\u0433\u0430\u0437\u0438\u043d Xstyle\",\"description\":\"C\u043d\u0430\u0440\u044f\u0436\u0435\u043d\u0438\u0435 \u0434\u043b\u044f \u0442\u0443\u0440\u0438\u0437\u043c\u0430 \u0438 \u044d\u043a\u0441\u0442\u0440\u0435\u043c\u0430\u043b\u044c\u043d\u044b\u0445 \u0432\u0438\u0434\u043e\u0432 \u0441\u043f\u043e\u0440\u0442\u0430 \u0432 \u041c\u043e\u043b\u0434\u043e\u0432\u0435.. \u0426\u0435\u043d\u044b, \u0444\u043e\u0442\u043e, \u0445\u0430\u0440\u0430\u043a\u0442\u0435\u0440\u0438\u0441\u0442\u0438\u043a\u0438 \u0432 \u041c\u043e\u043b\u0434\u043e\u0432\u0435.\",\"publisher\":{\"@id\":\"https:\/\/xstyle.md\/#organization\"},\"alternateName\":\"X-Style\",\"potentialAction\":[{\"@type\":\"SearchAction\",\"target\":{\"@type\":\"EntryPoint\",\"urlTemplate\":\"https:\/\/xstyle.md\/?s={search_term_string}\"},\"query-input\":{\"@type\":\"PropertyValueSpecification\",\"valueRequired\":true,\"valueName\":\"search_term_string\"}}],\"inLanguage\":\"ro-RO\"},{\"@type\":\"Organization\",\"@id\":\"https:\/\/xstyle.md\/#organization\",\"name\":\"\u041c\u0430\u0433\u0430\u0437\u0438\u043d Xstyle\",\"alternateName\":\"x-style\",\"url\":\"https:\/\/xstyle.md\/\",\"logo\":{\"@type\":\"ImageObject\",\"inLanguage\":\"ro-RO\",\"@id\":\"https:\/\/xstyle.md\/#\/schema\/logo\/image\/\",\"url\":\"https:\/\/xstyle.md\/wp-content\/uploads\/2020\/06\/logoicon.svg\",\"contentUrl\":\"https:\/\/xstyle.md\/wp-content\/uploads\/2020\/06\/logoicon.svg\",\"caption\":\"\u041c\u0430\u0433\u0430\u0437\u0438\u043d Xstyle\"},\"image\":{\"@id\":\"https:\/\/xstyle.md\/#\/schema\/logo\/image\/\"},\"sameAs\":[\"https:\/\/www.facebook.com\/xstylemd\",\"https:\/\/www.instagram.com\/xstyle_md\/\",\"https:\/\/t.me\/xstyle_outdoor\"],\"hasMerchantReturnPolicy\":{\"@type\":\"MerchantReturnPolicy\",\"merchantReturnLink\":\"https:\/\/xstyle.md\/ro\/conditions\/\"}}]}<\/script>\n<meta property=\"product:price:amount\" content=\"490.00\" \/>\n<meta property=\"product:price:currency\" content=\"MDL\" \/>\n<meta property=\"og:availability\" content=\"instock\" \/>\n<meta property=\"product:availability\" content=\"instock\" \/>\n<meta property=\"product:retailer_item_id\" content=\"5031863023504\" \/>\n<meta property=\"product:condition\" content=\"new\" \/>\n<!-- \/ Yoast SEO plugin. -->","yoast_head_json":{"title":"Trus\u0103 prim ajutor Lifesystems First Aid Case - Magazin Xstyle","description":"Aplica\u021bia Lifesystems First Aid Case - ideal\u0103 pentru camping, realizat\u0103 din poliester durabil. Acces rapid \u0219i posibilitate de personalizare!","robots":{"index":"index","follow":"follow","max-snippet":"max-snippet:-1","max-image-preview":"max-image-preview:large","max-video-preview":"max-video-preview:-1"},"canonical":"https:\/\/xstyle.md\/ro\/produs\/aptechka-lifesystems-first-aid-case\/","og_locale":"ro_RO","og_type":"article","og_title":"\u0410\u043f\u0442\u0435\u0447\u043a\u0430 Lifesystems First Aid Case - \u041c\u0430\u0433\u0430\u0437\u0438\u043d Xstyle","og_description":"\u0410\u043f\u0442\u0435\u0447\u043a\u0430 Lifesystems First Aid Case \u2013 \u0438\u0434\u0435\u0430\u043b\u044c\u043d\u0430\u044f \u0434\u043b\u044f \u043a\u0435\u043c\u043f\u0438\u043d\u0433\u0430, \u0432\u044b\u043f\u043e\u043b\u043d\u0435\u043d\u0430 \u0438\u0437 \u043f\u0440\u043e\u0447\u043d\u043e\u0433\u043e \u043f\u043e\u043b\u0438\u044d\u0441\u0442\u0435\u0440\u0430. \u0411\u044b\u0441\u0442\u0440\u044b\u0439 \u0434\u043e\u0441\u0442\u0443\u043f \u0438 \u0432\u043e\u0437\u043c\u043e\u0436\u043d\u043e\u0441\u0442\u044c \u043f\u0435\u0440\u0441\u043e\u043d\u0430\u043b\u0438\u0437\u0430\u0446\u0438\u0438!","og_url":"https:\/\/xstyle.md\/ro\/produs\/aptechka-lifesystems-first-aid-case\/","og_site_name":"\u041c\u0430\u0433\u0430\u0437\u0438\u043d Xstyle","article_publisher":"https:\/\/www.facebook.com\/xstylemd","article_modified_time":"2025-05-29T08:58:16+00:00","og_image":[{"width":300,"height":300,"url":"https:\/\/xstyle.md\/wp-content\/uploads\/2021\/04\/first-aid-case_enl-300x300-1.jpg","type":"image\/jpeg"}],"twitter_card":"summary_large_image","twitter_misc":{"Pre\u021b":"490&nbsp;MDL","Disponibilitate":"\u00cen stoc"},"schema":{"@context":"https:\/\/schema.org","@graph":[{"@type":"WebPage","@id":"https:\/\/xstyle.md\/product\/aptechka-lifesystems-first-aid-case\/","url":"https:\/\/xstyle.md\/product\/aptechka-lifesystems-first-aid-case\/","name":"Trus\u0103 prim ajutor Lifesystems First Aid Case - Magazin Xstyle","isPartOf":{"@id":"https:\/\/xstyle.md\/#website"},"primaryImageOfPage":{"@id":"https:\/\/xstyle.md\/product\/aptechka-lifesystems-first-aid-case\/#primaryimage"},"image":{"@id":"https:\/\/xstyle.md\/product\/aptechka-lifesystems-first-aid-case\/#primaryimage"},"thumbnailUrl":"https:\/\/xstyle.md\/wp-content\/uploads\/2021\/04\/first-aid-case_enl-300x300-1.jpg","datePublished":"2021-01-11T13:22:24+00:00","dateModified":"2025-05-29T08:58:16+00:00","description":"Aplica\u021bia Lifesystems First Aid Case - ideal\u0103 pentru camping, realizat\u0103 din poliester durabil. Acces rapid \u0219i posibilitate de personalizare!","breadcrumb":{"@id":"https:\/\/xstyle.md\/product\/aptechka-lifesystems-first-aid-case\/#breadcrumb"},"inLanguage":"ro-RO","potentialAction":[{"@type":"ReadAction","target":["https:\/\/xstyle.md\/product\/aptechka-lifesystems-first-aid-case\/"]}]},{"@type":"ImageObject","inLanguage":"ro-RO","@id":"https:\/\/xstyle.md\/product\/aptechka-lifesystems-first-aid-case\/#primaryimage","url":"https:\/\/xstyle.md\/wp-content\/uploads\/2021\/04\/first-aid-case_enl-300x300-1.jpg","contentUrl":"https:\/\/xstyle.md\/wp-content\/uploads\/2021\/04\/first-aid-case_enl-300x300-1.jpg","width":300,"height":300},{"@type":"BreadcrumbList","@id":"https:\/\/xstyle.md\/product\/aptechka-lifesystems-first-aid-case\/#breadcrumb","itemListElement":[{"@type":"ListItem","position":1,"name":"\u0413\u043b\u0430\u0432\u043d\u0430\u044f \u0441\u0442\u0440\u0430\u043d\u0438\u0446\u0430","item":"https:\/\/xstyle.md\/"},{"@type":"ListItem","position":2,"name":"\u041c\u0430\u0433\u0430\u0437\u0438\u043d","item":"https:\/\/xstyle.md\/shop\/"},{"@type":"ListItem","position":3,"name":"\u0410\u043f\u0442\u0435\u0447\u043a\u0430 Lifesystems First Aid Case"}]},{"@type":"WebSite","@id":"https:\/\/xstyle.md\/#website","url":"https:\/\/xstyle.md\/","name":"Magazinul X-Style","description":"Echipamente pentru turism \u0219i sporturi extreme \u00een Moldova. Pre\u021buri, fotografii, caracteristici \u00een Moldova.","publisher":{"@id":"https:\/\/xstyle.md\/#organization"},"alternateName":"X-Style","potentialAction":[{"@type":"SearchAction","target":{"@type":"EntryPoint","urlTemplate":"https:\/\/xstyle.md\/?s={search_term_string}"},"query-input":{"@type":"PropertyValueSpecification","valueRequired":true,"valueName":"search_term_string"}}],"inLanguage":"ro-RO"},{"@type":"Organization","@id":"https:\/\/xstyle.md\/#organization","name":"Magazinul X-Style","alternateName":"x-style","url":"https:\/\/xstyle.md\/","logo":{"@type":"ImageObject","inLanguage":"ro-RO","@id":"https:\/\/xstyle.md\/#\/schema\/logo\/image\/","url":"https:\/\/xstyle.md\/wp-content\/uploads\/2020\/06\/logoicon.svg","contentUrl":"https:\/\/xstyle.md\/wp-content\/uploads\/2020\/06\/logoicon.svg","caption":"\u041c\u0430\u0433\u0430\u0437\u0438\u043d Xstyle"},"image":{"@id":"https:\/\/xstyle.md\/#\/schema\/logo\/image\/"},"sameAs":["https:\/\/www.facebook.com\/xstylemd","https:\/\/www.instagram.com\/xstyle_md\/","https:\/\/t.me\/xstyle_outdoor"],"hasMerchantReturnPolicy":{"@type":"MerchantReturnPolicy","merchantReturnLink":"https:\/\/xstyle.md\/ro\/conditions\/"}}]},"product_price_amount":"490.00","product_price_currency":"MDL","og_availability":"instock","product_availability":"instock","product_retailer_item_id":"5031863023504","product_condition":"new"},"post_mailing_queue_ids":[],"_links":{"self":[{"href":"https:\/\/xstyle.md\/ro\/wp-json\/wp\/v2\/product\/27167","targetHints":{"allow":["GET"]}}],"collection":[{"href":"https:\/\/xstyle.md\/ro\/wp-json\/wp\/v2\/product"}],"about":[{"href":"https:\/\/xstyle.md\/ro\/wp-json\/wp\/v2\/types\/product"}],"replies":[{"embeddable":true,"href":"https:\/\/xstyle.md\/ro\/wp-json\/wp\/v2\/comments?post=27167"}],"wp:featuredmedia":[{"embeddable":true,"href":"https:\/\/xstyle.md\/ro\/wp-json\/wp\/v2\/media\/28910"}],"wp:attachment":[{"href":"https:\/\/xstyle.md\/ro\/wp-json\/wp\/v2\/media?parent=27167"}],"wp:term":[{"taxonomy":"product_brand","embeddable":true,"href":"https:\/\/xstyle.md\/ro\/wp-json\/wp\/v2\/product_brand?post=27167"},{"taxonomy":"product_cat","embeddable":true,"href":"https:\/\/xstyle.md\/ro\/wp-json\/wp\/v2\/product_cat?post=27167"},{"taxonomy":"product_tag","embeddable":true,"href":"https:\/\/xstyle.md\/ro\/wp-json\/wp\/v2\/product_tag?post=27167"}],"curies":[{"name":"wp","href":"https:\/\/api.w.org\/{rel}","templated":true}]}}