{"id":27161,"date":"2021-01-11T16:22:22","date_gmt":"2021-01-11T13:22:22","guid":{"rendered":"https:\/\/xstyle.md\/product\/zamok-dlja-bagazha-lifeventure-tsa-combi-lock\/"},"modified":"2025-10-02T19:02:00","modified_gmt":"2025-10-02T16:02:00","slug":"zamok-dlja-bagazha-lifeventure-tsa-combi-lock","status":"publish","type":"product","link":"https:\/\/xstyle.md\/ro\/produs\/zamok-dlja-bagazha-lifeventure-tsa-combi-lock\/","title":{"rendered":"Lac\u0103t bagaje Lifeventure TSA Combi Lock"},"content":{"rendered":"<\/p>\n<p><strong>Lac\u0103t bagaj Lifeventure TSA Combi Lock<\/strong> este utilizat pentru a proteja valize, gen\u021bi de c\u0103l\u0103torie, rucsacuri etc. pentru a asigura blocarea obiectelor \u0219i a preveni furtul acestora.<\/p>\n<h3>Particularit\u0103\u021bi<\/h3>\n<ul>\n<li>Standardul TSA \u00eenseamn\u0103 c\u0103 \u00eencuietoarea poate fi deschis\u0103 cu o cheie special\u0103 de c\u0103tre personalul aeroportului, f\u0103r\u0103 a fi necesar\u0103 modificarea sau resetarea codului.<\/li>\n<li>Corpul din aliaj de zinc este emailat luminos.<\/li>\n<li>Man\u0219on de blocare din o\u021bel c\u0103lit<\/li>\n<li>Cod resetabil din trei cifre<\/li>\n<\/ul>\n<h3>Caracteristici<\/h3>\n<ul>\n<li>Greutate &#8212; 73 g<\/li>\n<li>Dimensiuni &#8212; 15 x 30 x 58 mm<\/li>\n<\/ul>\n<h3>Tehnologie<\/h3>\n<ul>\n<li><strong>Travel Sentry<\/strong> &#8212; este o companie care dezvolt\u0103 \u0219i acord\u0103 licen\u021be pentru standardele utilizate \u00een domeniul securit\u0103\u021bii c\u0103l\u0103toriilor. Printre acestea se num\u0103r\u0103 un standard pentru dezvoltarea de \u00eencuietori pentru bagaje care pot fi deschise de agen\u021biile de securitate aviatic\u0103, cum ar fi Transportation Security Administration (TSA). O \u00eencuietoare cu logo-ul Travel Sentry \u00eenseamn\u0103 c\u0103 TSA are o cheie universal\u0103 pentru a deschide \u00eencuietoarea, evit\u00e2nd \u00een acela\u0219i timp ca \u00eencuietoarea pentru bagaje s\u0103 fie falsificat\u0103.<\/li>\n<\/ul>\n<p><\/p>","protected":false},"excerpt":{"rendered":"<p>Lac\u0103t bagaje Lifeventure TSA Combi Lock<\/p>","protected":false},"featured_media":28892,"comment_status":"open","ping_status":"closed","template":"","meta":{"_acf_changed":false,"inline_featured_image":false},"product_brand":[1421],"product_cat":[338,499],"product_tag":[],"class_list":{"0":"post-27161","1":"product","2":"type-product","3":"status-publish","4":"has-post-thumbnail","6":"product_brand-lifeventure","7":"product_cat-backpack-accessories","8":"product_cat-lock-for-luggage","10":"first","11":"instock","12":"shipping-taxable","13":"purchasable","14":"product-type-simple"},"acf":[],"yoast_head":"<!-- This site is optimized with the Yoast SEO plugin v27.4 - https:\/\/yoast.com\/product\/yoast-seo-wordpress\/ -->\n<title>\u0417\u0430\u043c\u043e\u043a \u0434\u043b\u044f \u0431\u0430\u0433\u0430\u0436\u0430 Lifeventure TSA Combi Lock - \u041c\u0430\u0433\u0430\u0437\u0438\u043d Xstyle<\/title>\n<meta name=\"description\" content=\"\u0417\u0430\u043c\u043e\u043a \u0434\u043b\u044f \u0431\u0430\u0433\u0430\u0436\u0430 Lifeventure TSA Combi Lock \u043e\u0431\u0435\u0441\u043f\u0435\u0447\u0438\u0432\u0430\u0435\u0442 \u0431\u0435\u0437\u043e\u043f\u0430\u0441\u043d\u043e\u0441\u0442\u044c \u0432\u0430\u0448\u0435\u0439 \u0440\u0443\u0447\u043d\u043e\u0439 \u043a\u043b\u0430\u0434\u0438. \u0420\u0435\u043a\u043e\u043c\u0435\u043d\u0434\u0443\u0435\u0442\u0441\u044f \u0434\u043b\u044f \u0437\u0430\u0449\u0438\u0442\u044b \u0447\u0435\u043c\u043e\u0434\u0430\u043d\u043e\u0432, \u0440\u044e\u043a\u0437\u0430\u043a\u043e\u0432 \u0438 \u0441\u0443\u043c\u043e\u043a.\" \/>\n<meta name=\"robots\" content=\"index, follow, max-snippet:-1, max-image-preview:large, max-video-preview:-1\" \/>\n<link rel=\"canonical\" href=\"https:\/\/xstyle.md\/ro\/produs\/zamok-dlja-bagazha-lifeventure-tsa-combi-lock\/\" \/>\n<meta property=\"og:locale\" content=\"ro_RO\" \/>\n<meta property=\"og:type\" content=\"article\" \/>\n<meta property=\"og:title\" content=\"\u0417\u0430\u043c\u043e\u043a \u0434\u043b\u044f \u0431\u0430\u0433\u0430\u0436\u0430 Lifeventure TSA Combi Lock - \u041c\u0430\u0433\u0430\u0437\u0438\u043d Xstyle\" \/>\n<meta property=\"og:description\" content=\"\u0417\u0430\u043c\u043e\u043a \u0434\u043b\u044f \u0431\u0430\u0433\u0430\u0436\u0430 Lifeventure TSA Combi Lock \u043e\u0431\u0435\u0441\u043f\u0435\u0447\u0438\u0432\u0430\u0435\u0442 \u0431\u0435\u0437\u043e\u043f\u0430\u0441\u043d\u043e\u0441\u0442\u044c \u0432\u0430\u0448\u0435\u0439 \u0440\u0443\u0447\u043d\u043e\u0439 \u043a\u043b\u0430\u0434\u0438. \u0420\u0435\u043a\u043e\u043c\u0435\u043d\u0434\u0443\u0435\u0442\u0441\u044f \u0434\u043b\u044f \u0437\u0430\u0449\u0438\u0442\u044b \u0447\u0435\u043c\u043e\u0434\u0430\u043d\u043e\u0432, \u0440\u044e\u043a\u0437\u0430\u043a\u043e\u0432 \u0438 \u0441\u0443\u043c\u043e\u043a.\" \/>\n<meta property=\"og:url\" content=\"https:\/\/xstyle.md\/ro\/produs\/zamok-dlja-bagazha-lifeventure-tsa-combi-lock\/\" \/>\n<meta property=\"og:site_name\" content=\"\u041c\u0430\u0433\u0430\u0437\u0438\u043d Xstyle\" \/>\n<meta property=\"article:publisher\" content=\"https:\/\/www.facebook.com\/xstylemd\" \/>\n<meta property=\"article:modified_time\" content=\"2025-10-02T16:02:00+00:00\" \/>\n<meta property=\"og:image\" content=\"https:\/\/xstyle.md\/wp-content\/uploads\/2021\/04\/lifeventure_9714_images_11406880368.jpg\" \/>\n\t<meta property=\"og:image:width\" content=\"700\" \/>\n\t<meta property=\"og:image:height\" content=\"880\" \/>\n\t<meta property=\"og:image:type\" content=\"image\/jpeg\" \/>\n<meta name=\"twitter:card\" content=\"summary_large_image\" \/>\n<meta name=\"twitter:label1\" content=\"Pre\u021b\" \/>\n\t<meta name=\"twitter:data1\" content=\"195&nbsp;MDL\" \/>\n\t<meta name=\"twitter:label2\" content=\"Disponibilitate\" \/>\n\t<meta name=\"twitter:data2\" content=\"\u00cen stoc\" \/>\n<script type=\"application\/ld+json\" class=\"yoast-schema-graph\">{\"@context\":\"https:\\\/\\\/schema.org\",\"@graph\":[{\"@type\":\"WebPage\",\"@id\":\"https:\\\/\\\/xstyle.md\\\/product\\\/zamok-dlja-bagazha-lifeventure-tsa-combi-lock\\\/\",\"url\":\"https:\\\/\\\/xstyle.md\\\/product\\\/zamok-dlja-bagazha-lifeventure-tsa-combi-lock\\\/\",\"name\":\"\u0417\u0430\u043c\u043e\u043a \u0434\u043b\u044f \u0431\u0430\u0433\u0430\u0436\u0430 Lifeventure TSA Combi Lock - \u041c\u0430\u0433\u0430\u0437\u0438\u043d Xstyle\",\"isPartOf\":{\"@id\":\"https:\\\/\\\/xstyle.md\\\/#website\"},\"primaryImageOfPage\":{\"@id\":\"https:\\\/\\\/xstyle.md\\\/product\\\/zamok-dlja-bagazha-lifeventure-tsa-combi-lock\\\/#primaryimage\"},\"image\":{\"@id\":\"https:\\\/\\\/xstyle.md\\\/product\\\/zamok-dlja-bagazha-lifeventure-tsa-combi-lock\\\/#primaryimage\"},\"thumbnailUrl\":\"https:\\\/\\\/xstyle.md\\\/wp-content\\\/uploads\\\/2021\\\/04\\\/lifeventure_9714_images_11406880368.jpg\",\"datePublished\":\"2021-01-11T13:22:22+00:00\",\"dateModified\":\"2025-10-02T16:02:00+00:00\",\"description\":\"\u0417\u0430\u043c\u043e\u043a \u0434\u043b\u044f \u0431\u0430\u0433\u0430\u0436\u0430 Lifeventure TSA Combi Lock \u043e\u0431\u0435\u0441\u043f\u0435\u0447\u0438\u0432\u0430\u0435\u0442 \u0431\u0435\u0437\u043e\u043f\u0430\u0441\u043d\u043e\u0441\u0442\u044c \u0432\u0430\u0448\u0435\u0439 \u0440\u0443\u0447\u043d\u043e\u0439 \u043a\u043b\u0430\u0434\u0438. \u0420\u0435\u043a\u043e\u043c\u0435\u043d\u0434\u0443\u0435\u0442\u0441\u044f \u0434\u043b\u044f \u0437\u0430\u0449\u0438\u0442\u044b \u0447\u0435\u043c\u043e\u0434\u0430\u043d\u043e\u0432, \u0440\u044e\u043a\u0437\u0430\u043a\u043e\u0432 \u0438 \u0441\u0443\u043c\u043e\u043a.\",\"breadcrumb\":{\"@id\":\"https:\\\/\\\/xstyle.md\\\/product\\\/zamok-dlja-bagazha-lifeventure-tsa-combi-lock\\\/#breadcrumb\"},\"inLanguage\":\"ro-RO\",\"potentialAction\":[{\"@type\":\"ReadAction\",\"target\":[\"https:\\\/\\\/xstyle.md\\\/product\\\/zamok-dlja-bagazha-lifeventure-tsa-combi-lock\\\/\"]}]},{\"@type\":\"ImageObject\",\"inLanguage\":\"ro-RO\",\"@id\":\"https:\\\/\\\/xstyle.md\\\/product\\\/zamok-dlja-bagazha-lifeventure-tsa-combi-lock\\\/#primaryimage\",\"url\":\"https:\\\/\\\/xstyle.md\\\/wp-content\\\/uploads\\\/2021\\\/04\\\/lifeventure_9714_images_11406880368.jpg\",\"contentUrl\":\"https:\\\/\\\/xstyle.md\\\/wp-content\\\/uploads\\\/2021\\\/04\\\/lifeventure_9714_images_11406880368.jpg\",\"width\":700,\"height\":880},{\"@type\":\"BreadcrumbList\",\"@id\":\"https:\\\/\\\/xstyle.md\\\/product\\\/zamok-dlja-bagazha-lifeventure-tsa-combi-lock\\\/#breadcrumb\",\"itemListElement\":[{\"@type\":\"ListItem\",\"position\":1,\"name\":\"\u0413\u043b\u0430\u0432\u043d\u0430\u044f \u0441\u0442\u0440\u0430\u043d\u0438\u0446\u0430\",\"item\":\"https:\\\/\\\/xstyle.md\\\/\"},{\"@type\":\"ListItem\",\"position\":2,\"name\":\"\u041c\u0430\u0433\u0430\u0437\u0438\u043d\",\"item\":\"https:\\\/\\\/xstyle.md\\\/shop\\\/\"},{\"@type\":\"ListItem\",\"position\":3,\"name\":\"\u0417\u0430\u043c\u043e\u043a \u0434\u043b\u044f \u0431\u0430\u0433\u0430\u0436\u0430 Lifeventure TSA Combi Lock\"}]},{\"@type\":\"WebSite\",\"@id\":\"https:\\\/\\\/xstyle.md\\\/#website\",\"url\":\"https:\\\/\\\/xstyle.md\\\/\",\"name\":\"\u041c\u0430\u0433\u0430\u0437\u0438\u043d Xstyle\",\"description\":\"C\u043d\u0430\u0440\u044f\u0436\u0435\u043d\u0438\u0435 \u0434\u043b\u044f \u0442\u0443\u0440\u0438\u0437\u043c\u0430 \u0438 \u044d\u043a\u0441\u0442\u0440\u0435\u043c\u0430\u043b\u044c\u043d\u044b\u0445 \u0432\u0438\u0434\u043e\u0432 \u0441\u043f\u043e\u0440\u0442\u0430 \u0432 \u041c\u043e\u043b\u0434\u043e\u0432\u0435.. \u0426\u0435\u043d\u044b, \u0444\u043e\u0442\u043e, \u0445\u0430\u0440\u0430\u043a\u0442\u0435\u0440\u0438\u0441\u0442\u0438\u043a\u0438 \u0432 \u041c\u043e\u043b\u0434\u043e\u0432\u0435.\",\"publisher\":{\"@id\":\"https:\\\/\\\/xstyle.md\\\/#organization\"},\"alternateName\":\"X-Style\",\"potentialAction\":[{\"@type\":\"SearchAction\",\"target\":{\"@type\":\"EntryPoint\",\"urlTemplate\":\"https:\\\/\\\/xstyle.md\\\/?s={search_term_string}\"},\"query-input\":{\"@type\":\"PropertyValueSpecification\",\"valueRequired\":true,\"valueName\":\"search_term_string\"}}],\"inLanguage\":\"ro-RO\"},{\"@type\":\"Organization\",\"@id\":\"https:\\\/\\\/xstyle.md\\\/#organization\",\"name\":\"\u041c\u0430\u0433\u0430\u0437\u0438\u043d Xstyle\",\"alternateName\":\"x-style\",\"url\":\"https:\\\/\\\/xstyle.md\\\/\",\"logo\":{\"@type\":\"ImageObject\",\"inLanguage\":\"ro-RO\",\"@id\":\"https:\\\/\\\/xstyle.md\\\/#\\\/schema\\\/logo\\\/image\\\/\",\"url\":\"https:\\\/\\\/xstyle.md\\\/wp-content\\\/uploads\\\/2020\\\/06\\\/logoicon.svg\",\"contentUrl\":\"https:\\\/\\\/xstyle.md\\\/wp-content\\\/uploads\\\/2020\\\/06\\\/logoicon.svg\",\"caption\":\"\u041c\u0430\u0433\u0430\u0437\u0438\u043d Xstyle\"},\"image\":{\"@id\":\"https:\\\/\\\/xstyle.md\\\/#\\\/schema\\\/logo\\\/image\\\/\"},\"sameAs\":[\"https:\\\/\\\/www.facebook.com\\\/xstylemd\",\"https:\\\/\\\/www.instagram.com\\\/xstyle_md\\\/\",\"https:\\\/\\\/t.me\\\/xstyle_outdoor\"],\"hasMerchantReturnPolicy\":{\"@type\":\"MerchantReturnPolicy\",\"merchantReturnLink\":\"https:\\\/\\\/xstyle.md\\\/ro\\\/conditions\\\/\"}}]}<\/script>\n<meta property=\"product:price:amount\" content=\"195.00\" \/>\n<meta property=\"product:price:currency\" content=\"MDL\" \/>\n<meta property=\"og:availability\" content=\"instock\" \/>\n<meta property=\"product:availability\" content=\"instock\" \/>\n<meta property=\"product:retailer_item_id\" content=\"5031863097147\" \/>\n<meta property=\"product:condition\" content=\"new\" \/>\n<!-- \/ Yoast SEO plugin. -->","yoast_head_json":{"title":"Lac\u0103t bagaj Lifeventure TSA Combi Lock - Magazin Xstyle","description":"Cadenas pentru bagaje Lifeventure TSA Combi Lock asigur\u0103 siguran\u021ba bagajului dumneavoastr\u0103 de m\u00e2n\u0103. Este recomandat pentru protec\u021bia valizelor, rucsacurilor \u0219i gen\u021bilor.","robots":{"index":"index","follow":"follow","max-snippet":"max-snippet:-1","max-image-preview":"max-image-preview:large","max-video-preview":"max-video-preview:-1"},"canonical":"https:\/\/xstyle.md\/ro\/produs\/zamok-dlja-bagazha-lifeventure-tsa-combi-lock\/","og_locale":"ro_RO","og_type":"article","og_title":"\u0417\u0430\u043c\u043e\u043a \u0434\u043b\u044f \u0431\u0430\u0433\u0430\u0436\u0430 Lifeventure TSA Combi Lock - \u041c\u0430\u0433\u0430\u0437\u0438\u043d Xstyle","og_description":"\u0417\u0430\u043c\u043e\u043a \u0434\u043b\u044f \u0431\u0430\u0433\u0430\u0436\u0430 Lifeventure TSA Combi Lock \u043e\u0431\u0435\u0441\u043f\u0435\u0447\u0438\u0432\u0430\u0435\u0442 \u0431\u0435\u0437\u043e\u043f\u0430\u0441\u043d\u043e\u0441\u0442\u044c \u0432\u0430\u0448\u0435\u0439 \u0440\u0443\u0447\u043d\u043e\u0439 \u043a\u043b\u0430\u0434\u0438. \u0420\u0435\u043a\u043e\u043c\u0435\u043d\u0434\u0443\u0435\u0442\u0441\u044f \u0434\u043b\u044f \u0437\u0430\u0449\u0438\u0442\u044b \u0447\u0435\u043c\u043e\u0434\u0430\u043d\u043e\u0432, \u0440\u044e\u043a\u0437\u0430\u043a\u043e\u0432 \u0438 \u0441\u0443\u043c\u043e\u043a.","og_url":"https:\/\/xstyle.md\/ro\/produs\/zamok-dlja-bagazha-lifeventure-tsa-combi-lock\/","og_site_name":"\u041c\u0430\u0433\u0430\u0437\u0438\u043d Xstyle","article_publisher":"https:\/\/www.facebook.com\/xstylemd","article_modified_time":"2025-10-02T16:02:00+00:00","og_image":[{"width":700,"height":880,"url":"https:\/\/xstyle.md\/wp-content\/uploads\/2021\/04\/lifeventure_9714_images_11406880368.jpg","type":"image\/jpeg"}],"twitter_card":"summary_large_image","twitter_misc":{"Pre\u021b":"195&nbsp;MDL","Disponibilitate":"\u00cen stoc"},"schema":{"@context":"https:\/\/schema.org","@graph":[{"@type":"WebPage","@id":"https:\/\/xstyle.md\/product\/zamok-dlja-bagazha-lifeventure-tsa-combi-lock\/","url":"https:\/\/xstyle.md\/product\/zamok-dlja-bagazha-lifeventure-tsa-combi-lock\/","name":"Lac\u0103t bagaj Lifeventure TSA Combi Lock - Magazin Xstyle","isPartOf":{"@id":"https:\/\/xstyle.md\/#website"},"primaryImageOfPage":{"@id":"https:\/\/xstyle.md\/product\/zamok-dlja-bagazha-lifeventure-tsa-combi-lock\/#primaryimage"},"image":{"@id":"https:\/\/xstyle.md\/product\/zamok-dlja-bagazha-lifeventure-tsa-combi-lock\/#primaryimage"},"thumbnailUrl":"https:\/\/xstyle.md\/wp-content\/uploads\/2021\/04\/lifeventure_9714_images_11406880368.jpg","datePublished":"2021-01-11T13:22:22+00:00","dateModified":"2025-10-02T16:02:00+00:00","description":"Cadenas pentru bagaje Lifeventure TSA Combi Lock asigur\u0103 siguran\u021ba bagajului dumneavoastr\u0103 de m\u00e2n\u0103. Este recomandat pentru protec\u021bia valizelor, rucsacurilor \u0219i gen\u021bilor.","breadcrumb":{"@id":"https:\/\/xstyle.md\/product\/zamok-dlja-bagazha-lifeventure-tsa-combi-lock\/#breadcrumb"},"inLanguage":"ro-RO","potentialAction":[{"@type":"ReadAction","target":["https:\/\/xstyle.md\/product\/zamok-dlja-bagazha-lifeventure-tsa-combi-lock\/"]}]},{"@type":"ImageObject","inLanguage":"ro-RO","@id":"https:\/\/xstyle.md\/product\/zamok-dlja-bagazha-lifeventure-tsa-combi-lock\/#primaryimage","url":"https:\/\/xstyle.md\/wp-content\/uploads\/2021\/04\/lifeventure_9714_images_11406880368.jpg","contentUrl":"https:\/\/xstyle.md\/wp-content\/uploads\/2021\/04\/lifeventure_9714_images_11406880368.jpg","width":700,"height":880},{"@type":"BreadcrumbList","@id":"https:\/\/xstyle.md\/product\/zamok-dlja-bagazha-lifeventure-tsa-combi-lock\/#breadcrumb","itemListElement":[{"@type":"ListItem","position":1,"name":"\u0413\u043b\u0430\u0432\u043d\u0430\u044f \u0441\u0442\u0440\u0430\u043d\u0438\u0446\u0430","item":"https:\/\/xstyle.md\/"},{"@type":"ListItem","position":2,"name":"\u041c\u0430\u0433\u0430\u0437\u0438\u043d","item":"https:\/\/xstyle.md\/shop\/"},{"@type":"ListItem","position":3,"name":"\u0417\u0430\u043c\u043e\u043a \u0434\u043b\u044f \u0431\u0430\u0433\u0430\u0436\u0430 Lifeventure TSA Combi Lock"}]},{"@type":"WebSite","@id":"https:\/\/xstyle.md\/#website","url":"https:\/\/xstyle.md\/","name":"Magazinul X-Style","description":"Echipamente pentru turism \u0219i sporturi extreme \u00een Moldova. Pre\u021buri, fotografii, caracteristici \u00een Moldova.","publisher":{"@id":"https:\/\/xstyle.md\/#organization"},"alternateName":"X-Style","potentialAction":[{"@type":"SearchAction","target":{"@type":"EntryPoint","urlTemplate":"https:\/\/xstyle.md\/?s={search_term_string}"},"query-input":{"@type":"PropertyValueSpecification","valueRequired":true,"valueName":"search_term_string"}}],"inLanguage":"ro-RO"},{"@type":"Organization","@id":"https:\/\/xstyle.md\/#organization","name":"Magazinul X-Style","alternateName":"x-style","url":"https:\/\/xstyle.md\/","logo":{"@type":"ImageObject","inLanguage":"ro-RO","@id":"https:\/\/xstyle.md\/#\/schema\/logo\/image\/","url":"https:\/\/xstyle.md\/wp-content\/uploads\/2020\/06\/logoicon.svg","contentUrl":"https:\/\/xstyle.md\/wp-content\/uploads\/2020\/06\/logoicon.svg","caption":"\u041c\u0430\u0433\u0430\u0437\u0438\u043d Xstyle"},"image":{"@id":"https:\/\/xstyle.md\/#\/schema\/logo\/image\/"},"sameAs":["https:\/\/www.facebook.com\/xstylemd","https:\/\/www.instagram.com\/xstyle_md\/","https:\/\/t.me\/xstyle_outdoor"],"hasMerchantReturnPolicy":{"@type":"MerchantReturnPolicy","merchantReturnLink":"https:\/\/xstyle.md\/ro\/conditions\/"}}]},"product_price_amount":"195.00","product_price_currency":"MDL","og_availability":"instock","product_availability":"instock","product_retailer_item_id":"5031863097147","product_condition":"new"},"_links":{"self":[{"href":"https:\/\/xstyle.md\/ro\/wp-json\/wp\/v2\/product\/27161","targetHints":{"allow":["GET"]}}],"collection":[{"href":"https:\/\/xstyle.md\/ro\/wp-json\/wp\/v2\/product"}],"about":[{"href":"https:\/\/xstyle.md\/ro\/wp-json\/wp\/v2\/types\/product"}],"replies":[{"embeddable":true,"href":"https:\/\/xstyle.md\/ro\/wp-json\/wp\/v2\/comments?post=27161"}],"wp:featuredmedia":[{"embeddable":true,"href":"https:\/\/xstyle.md\/ro\/wp-json\/wp\/v2\/media\/28892"}],"wp:attachment":[{"href":"https:\/\/xstyle.md\/ro\/wp-json\/wp\/v2\/media?parent=27161"}],"wp:term":[{"taxonomy":"product_brand","embeddable":true,"href":"https:\/\/xstyle.md\/ro\/wp-json\/wp\/v2\/product_brand?post=27161"},{"taxonomy":"product_cat","embeddable":true,"href":"https:\/\/xstyle.md\/ro\/wp-json\/wp\/v2\/product_cat?post=27161"},{"taxonomy":"product_tag","embeddable":true,"href":"https:\/\/xstyle.md\/ro\/wp-json\/wp\/v2\/product_tag?post=27161"}],"curies":[{"name":"wp","href":"https:\/\/api.w.org\/{rel}","templated":true}]}}