{"id":27152,"date":"2021-01-11T16:22:16","date_gmt":"2021-01-11T13:22:16","guid":{"rendered":"https:\/\/xstyle.md\/product\/spichki-lifesystems-stormproof-matches\/"},"modified":"2025-05-29T11:58:12","modified_gmt":"2025-05-29T08:58:12","slug":"spichki-lifesystems-stormproof-matches","status":"publish","type":"product","link":"https:\/\/xstyle.md\/ro\/produs\/spichki-lifesystems-stormproof-matches\/","title":{"rendered":"Chibrituri Lifesystems Stormproof Matches"},"content":{"rendered":"<\/p>\n<p>Chibrituri <strong>Lifesystems Stormproof Matches<\/strong> &#8212; un set simplu, dar esen\u021bial pentru activit\u0103\u021bile de agrement \u00een aer liber. U\u0219or \u0219i rapid de aprins \u00een orice condi\u021bii meteorologice, flac\u0103ra unui singur chibrit arde timp de p\u00e2n\u0103 la 20 de secunde. Se pastreaza \u00eentr-un ambalaj rezistent la ap\u0103.<\/p>\n<h3>Particularit\u0103\u021bi<\/h3>\n<ul>\n<li>Set de 25 de chibrituri pentru orice vreme<\/li>\n<li>Trei panouri de aprindere<\/li>\n<li>Timp de ardere &#8212; 20 de secunde<\/li>\n<li>Lungime mai mare pentru mai mult\u0103 siguran\u021b\u0103<\/li>\n<li>Recipient de depozitare ermetic<\/li>\n<li>Ata\u0219are pentru cablu.<\/li>\n<\/ul>\n<h3>Caracteristici<\/h3>\n<ul>\n<li>Dimensiune &#8212; 36 x 36 x 75 mm<\/li>\n<li>Greutate &#8212; 60 g.<\/li>\n<\/ul>\n<p><\/p>\n<p><iframe loading=\"lazy\" title=\"Black Scout Reviews - UCO Stormproof Matches Kit\" width=\"640\" height=\"360\" src=\"https:\/\/www.youtube.com\/embed\/2fmBTppyeiw?feature=oembed\" frameborder=\"0\" allow=\"accelerometer; autoplay; clipboard-write; encrypted-media; gyroscope; picture-in-picture; web-share\" referrerpolicy=\"strict-origin-when-cross-origin\" allowfullscreen><\/iframe><\/p>","protected":false},"excerpt":{"rendered":"<p>Chibrituri Lifesystems Stormproof Matches<\/p>","protected":false},"featured_media":28869,"comment_status":"open","ping_status":"closed","template":"","meta":{"_acf_changed":false,"inline_featured_image":false},"product_brand":[1417],"product_cat":[86,87],"product_tag":[],"class_list":{"0":"post-27152","1":"product","2":"type-product","3":"status-publish","4":"has-post-thumbnail","6":"product_brand-lifesystems","7":"product_cat-gas-accessories","8":"product_cat-flint","10":"first","11":"instock","12":"shipping-taxable","13":"purchasable","14":"product-type-simple"},"acf":[],"yoast_head":"<!-- This site is optimized with the Yoast SEO plugin v27.2 - https:\/\/yoast.com\/product\/yoast-seo-wordpress\/ -->\n<title>\u0421\u043f\u0438\u0447\u043a\u0438 Lifesystems Stormproof Matches - \u041c\u0430\u0433\u0430\u0437\u0438\u043d Xstyle<\/title>\n<meta name=\"description\" content=\"\u0421\u043f\u0438\u0447\u043a\u0438 Lifesystems Stormproof Matches \u2014 \u043d\u0430\u0434\u0435\u0436\u043d\u044b\u0439 \u043d\u0430\u0431\u043e\u0440 \u0438\u0437 25 \u0448\u0442\u0443\u043a \u0434\u043b\u044f \u044d\u043a\u0441\u0442\u0440\u0435\u043c\u0430\u043b\u044c\u043d\u044b\u0445 \u0443\u0441\u043b\u043e\u0432\u0438\u0439. \u041b\u0435\u0433\u043a\u0438\u0435, \u0432\u043e\u0434\u043e\u043d\u0435\u043f\u0440\u043e\u043d\u0438\u0446\u0430\u0435\u043c\u044b\u0435, \u0433\u043e\u0440\u044f\u0442 \u0434\u043e 20 \u0441\u0435\u043a\u0443\u043d\u0434. \u0438\u0434\u0435\u0430\u043b\u044c\u043d\u044b \u0434\u043b\u044f \u0442\u0443\u0440\u0438\u0437\u043c\u0430!\" \/>\n<meta name=\"robots\" content=\"index, follow, max-snippet:-1, max-image-preview:large, max-video-preview:-1\" \/>\n<link rel=\"canonical\" href=\"https:\/\/xstyle.md\/ro\/produs\/spichki-lifesystems-stormproof-matches\/\" \/>\n<meta property=\"og:locale\" content=\"ro_RO\" \/>\n<meta property=\"og:type\" content=\"article\" \/>\n<meta property=\"og:title\" content=\"\u0421\u043f\u0438\u0447\u043a\u0438 Lifesystems Stormproof Matches - \u041c\u0430\u0433\u0430\u0437\u0438\u043d Xstyle\" \/>\n<meta property=\"og:description\" content=\"\u0421\u043f\u0438\u0447\u043a\u0438 Lifesystems Stormproof Matches \u2014 \u043d\u0430\u0434\u0435\u0436\u043d\u044b\u0439 \u043d\u0430\u0431\u043e\u0440 \u0438\u0437 25 \u0448\u0442\u0443\u043a \u0434\u043b\u044f \u044d\u043a\u0441\u0442\u0440\u0435\u043c\u0430\u043b\u044c\u043d\u044b\u0445 \u0443\u0441\u043b\u043e\u0432\u0438\u0439. \u041b\u0435\u0433\u043a\u0438\u0435, \u0432\u043e\u0434\u043e\u043d\u0435\u043f\u0440\u043e\u043d\u0438\u0446\u0430\u0435\u043c\u044b\u0435, \u0433\u043e\u0440\u044f\u0442 \u0434\u043e 20 \u0441\u0435\u043a\u0443\u043d\u0434. \u0438\u0434\u0435\u0430\u043b\u044c\u043d\u044b \u0434\u043b\u044f \u0442\u0443\u0440\u0438\u0437\u043c\u0430!\" \/>\n<meta property=\"og:url\" content=\"https:\/\/xstyle.md\/ro\/produs\/spichki-lifesystems-stormproof-matches\/\" \/>\n<meta property=\"og:site_name\" content=\"\u041c\u0430\u0433\u0430\u0437\u0438\u043d Xstyle\" \/>\n<meta property=\"article:publisher\" content=\"https:\/\/www.facebook.com\/xstylemd\" \/>\n<meta property=\"article:modified_time\" content=\"2025-05-29T08:58:12+00:00\" \/>\n<meta property=\"og:image\" content=\"https:\/\/xstyle.md\/wp-content\/uploads\/2021\/04\/42230_stormproof-matches-3_0.jpg\" \/>\n\t<meta property=\"og:image:width\" content=\"500\" \/>\n\t<meta property=\"og:image:height\" content=\"500\" \/>\n\t<meta property=\"og:image:type\" content=\"image\/jpeg\" \/>\n<meta name=\"twitter:card\" content=\"summary_large_image\" \/>\n<meta name=\"twitter:label1\" content=\"Pre\u021b\" \/>\n\t<meta name=\"twitter:data1\" content=\"230&nbsp;MDL\" \/>\n\t<meta name=\"twitter:label2\" content=\"Disponibilitate\" \/>\n\t<meta name=\"twitter:data2\" content=\"\u00cen stoc\" \/>\n<script type=\"application\/ld+json\" class=\"yoast-schema-graph\">{\"@context\":\"https:\/\/schema.org\",\"@graph\":[{\"@type\":\"WebPage\",\"@id\":\"https:\/\/xstyle.md\/product\/spichki-lifesystems-stormproof-matches\/\",\"url\":\"https:\/\/xstyle.md\/product\/spichki-lifesystems-stormproof-matches\/\",\"name\":\"\u0421\u043f\u0438\u0447\u043a\u0438 Lifesystems Stormproof Matches - \u041c\u0430\u0433\u0430\u0437\u0438\u043d Xstyle\",\"isPartOf\":{\"@id\":\"https:\/\/xstyle.md\/#website\"},\"primaryImageOfPage\":{\"@id\":\"https:\/\/xstyle.md\/product\/spichki-lifesystems-stormproof-matches\/#primaryimage\"},\"image\":{\"@id\":\"https:\/\/xstyle.md\/product\/spichki-lifesystems-stormproof-matches\/#primaryimage\"},\"thumbnailUrl\":\"https:\/\/xstyle.md\/wp-content\/uploads\/2021\/04\/42230_stormproof-matches-3_0.jpg\",\"datePublished\":\"2021-01-11T13:22:16+00:00\",\"dateModified\":\"2025-05-29T08:58:12+00:00\",\"description\":\"\u0421\u043f\u0438\u0447\u043a\u0438 Lifesystems Stormproof Matches \u2014 \u043d\u0430\u0434\u0435\u0436\u043d\u044b\u0439 \u043d\u0430\u0431\u043e\u0440 \u0438\u0437 25 \u0448\u0442\u0443\u043a \u0434\u043b\u044f \u044d\u043a\u0441\u0442\u0440\u0435\u043c\u0430\u043b\u044c\u043d\u044b\u0445 \u0443\u0441\u043b\u043e\u0432\u0438\u0439. \u041b\u0435\u0433\u043a\u0438\u0435, \u0432\u043e\u0434\u043e\u043d\u0435\u043f\u0440\u043e\u043d\u0438\u0446\u0430\u0435\u043c\u044b\u0435, \u0433\u043e\u0440\u044f\u0442 \u0434\u043e 20 \u0441\u0435\u043a\u0443\u043d\u0434. \u0438\u0434\u0435\u0430\u043b\u044c\u043d\u044b \u0434\u043b\u044f \u0442\u0443\u0440\u0438\u0437\u043c\u0430!\",\"breadcrumb\":{\"@id\":\"https:\/\/xstyle.md\/product\/spichki-lifesystems-stormproof-matches\/#breadcrumb\"},\"inLanguage\":\"ro-RO\",\"potentialAction\":[{\"@type\":\"ReadAction\",\"target\":[\"https:\/\/xstyle.md\/product\/spichki-lifesystems-stormproof-matches\/\"]}]},{\"@type\":\"ImageObject\",\"inLanguage\":\"ro-RO\",\"@id\":\"https:\/\/xstyle.md\/product\/spichki-lifesystems-stormproof-matches\/#primaryimage\",\"url\":\"https:\/\/xstyle.md\/wp-content\/uploads\/2021\/04\/42230_stormproof-matches-3_0.jpg\",\"contentUrl\":\"https:\/\/xstyle.md\/wp-content\/uploads\/2021\/04\/42230_stormproof-matches-3_0.jpg\",\"width\":500,\"height\":500},{\"@type\":\"BreadcrumbList\",\"@id\":\"https:\/\/xstyle.md\/product\/spichki-lifesystems-stormproof-matches\/#breadcrumb\",\"itemListElement\":[{\"@type\":\"ListItem\",\"position\":1,\"name\":\"\u0413\u043b\u0430\u0432\u043d\u0430\u044f \u0441\u0442\u0440\u0430\u043d\u0438\u0446\u0430\",\"item\":\"https:\/\/xstyle.md\/\"},{\"@type\":\"ListItem\",\"position\":2,\"name\":\"\u041c\u0430\u0433\u0430\u0437\u0438\u043d\",\"item\":\"https:\/\/xstyle.md\/shop\/\"},{\"@type\":\"ListItem\",\"position\":3,\"name\":\"\u0421\u043f\u0438\u0447\u043a\u0438 Lifesystems Stormproof Matches\"}]},{\"@type\":\"WebSite\",\"@id\":\"https:\/\/xstyle.md\/#website\",\"url\":\"https:\/\/xstyle.md\/\",\"name\":\"\u041c\u0430\u0433\u0430\u0437\u0438\u043d Xstyle\",\"description\":\"C\u043d\u0430\u0440\u044f\u0436\u0435\u043d\u0438\u0435 \u0434\u043b\u044f \u0442\u0443\u0440\u0438\u0437\u043c\u0430 \u0438 \u044d\u043a\u0441\u0442\u0440\u0435\u043c\u0430\u043b\u044c\u043d\u044b\u0445 \u0432\u0438\u0434\u043e\u0432 \u0441\u043f\u043e\u0440\u0442\u0430 \u0432 \u041c\u043e\u043b\u0434\u043e\u0432\u0435.. \u0426\u0435\u043d\u044b, \u0444\u043e\u0442\u043e, \u0445\u0430\u0440\u0430\u043a\u0442\u0435\u0440\u0438\u0441\u0442\u0438\u043a\u0438 \u0432 \u041c\u043e\u043b\u0434\u043e\u0432\u0435.\",\"publisher\":{\"@id\":\"https:\/\/xstyle.md\/#organization\"},\"alternateName\":\"X-Style\",\"potentialAction\":[{\"@type\":\"SearchAction\",\"target\":{\"@type\":\"EntryPoint\",\"urlTemplate\":\"https:\/\/xstyle.md\/?s={search_term_string}\"},\"query-input\":{\"@type\":\"PropertyValueSpecification\",\"valueRequired\":true,\"valueName\":\"search_term_string\"}}],\"inLanguage\":\"ro-RO\"},{\"@type\":\"Organization\",\"@id\":\"https:\/\/xstyle.md\/#organization\",\"name\":\"\u041c\u0430\u0433\u0430\u0437\u0438\u043d Xstyle\",\"alternateName\":\"x-style\",\"url\":\"https:\/\/xstyle.md\/\",\"logo\":{\"@type\":\"ImageObject\",\"inLanguage\":\"ro-RO\",\"@id\":\"https:\/\/xstyle.md\/#\/schema\/logo\/image\/\",\"url\":\"https:\/\/xstyle.md\/wp-content\/uploads\/2020\/06\/logoicon.svg\",\"contentUrl\":\"https:\/\/xstyle.md\/wp-content\/uploads\/2020\/06\/logoicon.svg\",\"caption\":\"\u041c\u0430\u0433\u0430\u0437\u0438\u043d Xstyle\"},\"image\":{\"@id\":\"https:\/\/xstyle.md\/#\/schema\/logo\/image\/\"},\"sameAs\":[\"https:\/\/www.facebook.com\/xstylemd\",\"https:\/\/www.instagram.com\/xstyle_md\/\",\"https:\/\/t.me\/xstyle_outdoor\"],\"hasMerchantReturnPolicy\":{\"@type\":\"MerchantReturnPolicy\",\"merchantReturnLink\":\"https:\/\/xstyle.md\/ro\/conditions\/\"}}]}<\/script>\n<meta property=\"product:price:amount\" content=\"230.00\" \/>\n<meta property=\"product:price:currency\" content=\"MDL\" \/>\n<meta property=\"og:availability\" content=\"instock\" \/>\n<meta property=\"product:availability\" content=\"instock\" \/>\n<meta property=\"product:retailer_item_id\" content=\"5031863422307\" \/>\n<meta property=\"product:condition\" content=\"new\" \/>\n<!-- \/ Yoast SEO plugin. -->","yoast_head_json":{"title":"Chibrituri Lifesystems Stormproof Matches - Magazin Xstyle","description":"Briquette Lifesystems Stormproof \u2014 un set fiabil de 25 de buc\u0103\u021bi pentru condi\u021bii extreme. U\u0219oare, impermeabile, ard p\u00e2n\u0103 la 20 de secunde. Ideale pentru drume\u021bii!","robots":{"index":"index","follow":"follow","max-snippet":"max-snippet:-1","max-image-preview":"max-image-preview:large","max-video-preview":"max-video-preview:-1"},"canonical":"https:\/\/xstyle.md\/ro\/produs\/spichki-lifesystems-stormproof-matches\/","og_locale":"ro_RO","og_type":"article","og_title":"\u0421\u043f\u0438\u0447\u043a\u0438 Lifesystems Stormproof Matches - \u041c\u0430\u0433\u0430\u0437\u0438\u043d Xstyle","og_description":"\u0421\u043f\u0438\u0447\u043a\u0438 Lifesystems Stormproof Matches \u2014 \u043d\u0430\u0434\u0435\u0436\u043d\u044b\u0439 \u043d\u0430\u0431\u043e\u0440 \u0438\u0437 25 \u0448\u0442\u0443\u043a \u0434\u043b\u044f \u044d\u043a\u0441\u0442\u0440\u0435\u043c\u0430\u043b\u044c\u043d\u044b\u0445 \u0443\u0441\u043b\u043e\u0432\u0438\u0439. \u041b\u0435\u0433\u043a\u0438\u0435, \u0432\u043e\u0434\u043e\u043d\u0435\u043f\u0440\u043e\u043d\u0438\u0446\u0430\u0435\u043c\u044b\u0435, \u0433\u043e\u0440\u044f\u0442 \u0434\u043e 20 \u0441\u0435\u043a\u0443\u043d\u0434. \u0438\u0434\u0435\u0430\u043b\u044c\u043d\u044b \u0434\u043b\u044f \u0442\u0443\u0440\u0438\u0437\u043c\u0430!","og_url":"https:\/\/xstyle.md\/ro\/produs\/spichki-lifesystems-stormproof-matches\/","og_site_name":"\u041c\u0430\u0433\u0430\u0437\u0438\u043d Xstyle","article_publisher":"https:\/\/www.facebook.com\/xstylemd","article_modified_time":"2025-05-29T08:58:12+00:00","og_image":[{"width":500,"height":500,"url":"https:\/\/xstyle.md\/wp-content\/uploads\/2021\/04\/42230_stormproof-matches-3_0.jpg","type":"image\/jpeg"}],"twitter_card":"summary_large_image","twitter_misc":{"Pre\u021b":"230&nbsp;MDL","Disponibilitate":"\u00cen stoc"},"schema":{"@context":"https:\/\/schema.org","@graph":[{"@type":"WebPage","@id":"https:\/\/xstyle.md\/product\/spichki-lifesystems-stormproof-matches\/","url":"https:\/\/xstyle.md\/product\/spichki-lifesystems-stormproof-matches\/","name":"Chibrituri Lifesystems Stormproof Matches - Magazin Xstyle","isPartOf":{"@id":"https:\/\/xstyle.md\/#website"},"primaryImageOfPage":{"@id":"https:\/\/xstyle.md\/product\/spichki-lifesystems-stormproof-matches\/#primaryimage"},"image":{"@id":"https:\/\/xstyle.md\/product\/spichki-lifesystems-stormproof-matches\/#primaryimage"},"thumbnailUrl":"https:\/\/xstyle.md\/wp-content\/uploads\/2021\/04\/42230_stormproof-matches-3_0.jpg","datePublished":"2021-01-11T13:22:16+00:00","dateModified":"2025-05-29T08:58:12+00:00","description":"Briquette Lifesystems Stormproof \u2014 un set fiabil de 25 de buc\u0103\u021bi pentru condi\u021bii extreme. U\u0219oare, impermeabile, ard p\u00e2n\u0103 la 20 de secunde. Ideale pentru drume\u021bii!","breadcrumb":{"@id":"https:\/\/xstyle.md\/product\/spichki-lifesystems-stormproof-matches\/#breadcrumb"},"inLanguage":"ro-RO","potentialAction":[{"@type":"ReadAction","target":["https:\/\/xstyle.md\/product\/spichki-lifesystems-stormproof-matches\/"]}]},{"@type":"ImageObject","inLanguage":"ro-RO","@id":"https:\/\/xstyle.md\/product\/spichki-lifesystems-stormproof-matches\/#primaryimage","url":"https:\/\/xstyle.md\/wp-content\/uploads\/2021\/04\/42230_stormproof-matches-3_0.jpg","contentUrl":"https:\/\/xstyle.md\/wp-content\/uploads\/2021\/04\/42230_stormproof-matches-3_0.jpg","width":500,"height":500},{"@type":"BreadcrumbList","@id":"https:\/\/xstyle.md\/product\/spichki-lifesystems-stormproof-matches\/#breadcrumb","itemListElement":[{"@type":"ListItem","position":1,"name":"\u0413\u043b\u0430\u0432\u043d\u0430\u044f \u0441\u0442\u0440\u0430\u043d\u0438\u0446\u0430","item":"https:\/\/xstyle.md\/"},{"@type":"ListItem","position":2,"name":"\u041c\u0430\u0433\u0430\u0437\u0438\u043d","item":"https:\/\/xstyle.md\/shop\/"},{"@type":"ListItem","position":3,"name":"\u0421\u043f\u0438\u0447\u043a\u0438 Lifesystems Stormproof Matches"}]},{"@type":"WebSite","@id":"https:\/\/xstyle.md\/#website","url":"https:\/\/xstyle.md\/","name":"Magazinul X-Style","description":"Echipamente pentru turism \u0219i sporturi extreme \u00een Moldova. Pre\u021buri, fotografii, caracteristici \u00een Moldova.","publisher":{"@id":"https:\/\/xstyle.md\/#organization"},"alternateName":"X-Style","potentialAction":[{"@type":"SearchAction","target":{"@type":"EntryPoint","urlTemplate":"https:\/\/xstyle.md\/?s={search_term_string}"},"query-input":{"@type":"PropertyValueSpecification","valueRequired":true,"valueName":"search_term_string"}}],"inLanguage":"ro-RO"},{"@type":"Organization","@id":"https:\/\/xstyle.md\/#organization","name":"Magazinul X-Style","alternateName":"x-style","url":"https:\/\/xstyle.md\/","logo":{"@type":"ImageObject","inLanguage":"ro-RO","@id":"https:\/\/xstyle.md\/#\/schema\/logo\/image\/","url":"https:\/\/xstyle.md\/wp-content\/uploads\/2020\/06\/logoicon.svg","contentUrl":"https:\/\/xstyle.md\/wp-content\/uploads\/2020\/06\/logoicon.svg","caption":"\u041c\u0430\u0433\u0430\u0437\u0438\u043d Xstyle"},"image":{"@id":"https:\/\/xstyle.md\/#\/schema\/logo\/image\/"},"sameAs":["https:\/\/www.facebook.com\/xstylemd","https:\/\/www.instagram.com\/xstyle_md\/","https:\/\/t.me\/xstyle_outdoor"],"hasMerchantReturnPolicy":{"@type":"MerchantReturnPolicy","merchantReturnLink":"https:\/\/xstyle.md\/ro\/conditions\/"}}]},"product_price_amount":"230.00","product_price_currency":"MDL","og_availability":"instock","product_availability":"instock","product_retailer_item_id":"5031863422307","product_condition":"new"},"post_mailing_queue_ids":[],"_links":{"self":[{"href":"https:\/\/xstyle.md\/ro\/wp-json\/wp\/v2\/product\/27152","targetHints":{"allow":["GET"]}}],"collection":[{"href":"https:\/\/xstyle.md\/ro\/wp-json\/wp\/v2\/product"}],"about":[{"href":"https:\/\/xstyle.md\/ro\/wp-json\/wp\/v2\/types\/product"}],"replies":[{"embeddable":true,"href":"https:\/\/xstyle.md\/ro\/wp-json\/wp\/v2\/comments?post=27152"}],"wp:featuredmedia":[{"embeddable":true,"href":"https:\/\/xstyle.md\/ro\/wp-json\/wp\/v2\/media\/28869"}],"wp:attachment":[{"href":"https:\/\/xstyle.md\/ro\/wp-json\/wp\/v2\/media?parent=27152"}],"wp:term":[{"taxonomy":"product_brand","embeddable":true,"href":"https:\/\/xstyle.md\/ro\/wp-json\/wp\/v2\/product_brand?post=27152"},{"taxonomy":"product_cat","embeddable":true,"href":"https:\/\/xstyle.md\/ro\/wp-json\/wp\/v2\/product_cat?post=27152"},{"taxonomy":"product_tag","embeddable":true,"href":"https:\/\/xstyle.md\/ro\/wp-json\/wp\/v2\/product_tag?post=27152"}],"curies":[{"name":"wp","href":"https:\/\/api.w.org\/{rel}","templated":true}]}}