{"id":27149,"date":"2021-01-11T16:22:15","date_gmt":"2021-01-11T13:22:15","guid":{"rendered":"https:\/\/xstyle.md\/product\/spasatelnoe-odejalo-lifesystems-heatshield-single-thermal\/"},"modified":"2024-12-16T22:32:46","modified_gmt":"2024-12-16T19:32:46","slug":"spasatelnoe-odejalo-lifesystems-heatshield-single-thermal","status":"publish","type":"product","link":"https:\/\/xstyle.md\/ro\/produs\/spasatelnoe-odejalo-lifesystems-heatshield-single-thermal\/","title":{"rendered":"Patura de salvare Lifesystems Heatshield Single Thermal"},"content":{"rendered":"<\/p>\n<p>Patura de salvare <strong>Lifesystems Heatshield Single Thermal <\/strong>o p\u0103tur\u0103 termic\u0103 u\u0219oar\u0103 \u0219i compact\u0103 utilizat\u0103 \u00een caz de accidente \u0219i r\u0103niri pentru a proteja victima de hipotermie. De asemenea, poate fi utilizat\u0103 \u00een drume\u021bii \u0219i alpinism \u00een condi\u021bii meteorologice grave pentru a v\u0103 men\u021bine cald. Fabricat\u0103 din poliester metalizat durabil.<\/p>\n<h3>Particularit\u0103\u021bi<\/h3>\n<ul>\n<li>Reflect\u0103 \u0219i re\u021bine aproximativ 90% din c\u0103ldura corpului<\/li>\n<li>Culoarea portocalie str\u0103lucitoare \u0219i elementele reflectorizante \u00eel fac u\u0219or vizibil ziua \u0219i noaptea<\/li>\n<li>Rezistent la v\u00e2nt \u0219i impermeabil<\/li>\n<li>Compact \u0219i u\u0219or.<\/li>\n<\/ul>\n<h3>Caracteristici<\/h3>\n<ul>\n<li>Material &#8212; polietilen\u0103 metalizat\u0103 de joas\u0103 presiune<\/li>\n<li>Dimensiuni &#8212; 150 x 210 cm<\/li>\n<li>Greutate &#8212; 84 g.<\/li>\n<\/ul>\n<h3>Marca<\/h3>\n<p>Lifesystems \u2013 este o companie britanic\u0103 care produce echipamente pentru excursioni\u0219ti \u0219i c\u0103l\u0103tori. Marca include truse de prim ajutor, spray-uri pentru insecte, creme de protec\u021bie solar\u0103, produse de purificare \u0219i dezinfectare a apei, plase de \u021b\u00e2n\u021bari \u0219i alte produse esen\u021biale pentru drume\u021bii. Calitatea produselor este de cea mai mare importan\u021b\u0103. Acestea sunt foarte func\u021bionale, capabile s\u0103 satisfac\u0103 nevoile majorit\u0103\u021bii pasiona\u021bilor de activit\u0103\u021bi \u00een aer liber \u0219i ale sportivilor extremi\u0219ti, testate pe teren, \u00een cele mai periculoase \u0219i inaccesibile locuri de pe planet\u0103.<\/p>\n<p><\/p>","protected":false},"excerpt":{"rendered":"<p>Patura de salvare Lifesystems Heatshield Single Thermal<\/p>","protected":false},"featured_media":28863,"comment_status":"open","ping_status":"closed","template":"","meta":{"_acf_changed":false,"inline_featured_image":false},"product_brand":[1417],"product_cat":[378,333],"product_tag":[],"class_list":{"0":"post-27149","1":"product","2":"type-product","3":"status-publish","4":"has-post-thumbnail","6":"product_brand-lifesystems","7":"product_cat-sleeping-bags-accessories","8":"product_cat-first-aid","10":"first","11":"instock","12":"shipping-taxable","13":"purchasable","14":"product-type-simple"},"acf":[],"yoast_head":"<!-- This site is optimized with the Yoast SEO plugin v27.2 - https:\/\/yoast.com\/product\/yoast-seo-wordpress\/ -->\n<title>\u0421\u043f\u0430\u0441\u0430\u0442\u0435\u043b\u044c\u043d\u043e\u0435 \u043e\u0434\u0435\u044f\u043b\u043e Lifesystems Heatshield Single Thermal - \u041c\u0430\u0433\u0430\u0437\u0438\u043d Xstyle<\/title>\n<meta name=\"description\" content=\"\u0421\u043f\u0430\u0441\u0430\u0442\u0435\u043b\u044c\u043d\u043e\u0435 \u043e\u0434\u0435\u044f\u043b\u043e Lifesystems Heatshield Single Thermal - \u043b\u0435\u0433\u043a\u043e\u0435 \u0438 \u043a\u043e\u043c\u043f\u0430\u043a\u0442\u043d\u043e\u0435 \u0440\u0435\u0448\u0435\u043d\u0438\u0435 \u0434\u043b\u044f \u0437\u0430\u0449\u0438\u0442\u044b \u043e\u0442 \u0433\u0438\u043f\u043e\u0442\u0435\u0440\u043c\u0438\u0438 \u0432 \u044d\u043a\u0441\u0442\u0440\u0435\u043d\u043d\u044b\u0445 \u0441\u0438\u0442\u0443\u0430\u0446\u0438\u044f\u0445 \u0438 \u0432 \u0433\u043e\u0440\u0430\u0445.\" \/>\n<meta name=\"robots\" content=\"index, follow, max-snippet:-1, max-image-preview:large, max-video-preview:-1\" \/>\n<link rel=\"canonical\" href=\"https:\/\/xstyle.md\/ro\/produs\/spasatelnoe-odejalo-lifesystems-heatshield-single-thermal\/\" \/>\n<meta property=\"og:locale\" content=\"ro_RO\" \/>\n<meta property=\"og:type\" content=\"article\" \/>\n<meta property=\"og:title\" content=\"\u0421\u043f\u0430\u0441\u0430\u0442\u0435\u043b\u044c\u043d\u043e\u0435 \u043e\u0434\u0435\u044f\u043b\u043e Lifesystems Heatshield Single Thermal - \u041c\u0430\u0433\u0430\u0437\u0438\u043d Xstyle\" \/>\n<meta property=\"og:description\" content=\"\u0421\u043f\u0430\u0441\u0430\u0442\u0435\u043b\u044c\u043d\u043e\u0435 \u043e\u0434\u0435\u044f\u043b\u043e Lifesystems Heatshield Single Thermal - \u043b\u0435\u0433\u043a\u043e\u0435 \u0438 \u043a\u043e\u043c\u043f\u0430\u043a\u0442\u043d\u043e\u0435 \u0440\u0435\u0448\u0435\u043d\u0438\u0435 \u0434\u043b\u044f \u0437\u0430\u0449\u0438\u0442\u044b \u043e\u0442 \u0433\u0438\u043f\u043e\u0442\u0435\u0440\u043c\u0438\u0438 \u0432 \u044d\u043a\u0441\u0442\u0440\u0435\u043d\u043d\u044b\u0445 \u0441\u0438\u0442\u0443\u0430\u0446\u0438\u044f\u0445 \u0438 \u0432 \u0433\u043e\u0440\u0430\u0445.\" \/>\n<meta property=\"og:url\" content=\"https:\/\/xstyle.md\/ro\/produs\/spasatelnoe-odejalo-lifesystems-heatshield-single-thermal\/\" \/>\n<meta property=\"og:site_name\" content=\"\u041c\u0430\u0433\u0430\u0437\u0438\u043d Xstyle\" \/>\n<meta property=\"article:publisher\" content=\"https:\/\/www.facebook.com\/xstylemd\" \/>\n<meta property=\"article:modified_time\" content=\"2024-12-16T19:32:46+00:00\" \/>\n<meta property=\"og:image\" content=\"https:\/\/xstyle.md\/wp-content\/uploads\/2021\/04\/42160-heatshield-thermal-blanket-single-1.jpg\" \/>\n\t<meta property=\"og:image:width\" content=\"800\" \/>\n\t<meta property=\"og:image:height\" content=\"800\" \/>\n\t<meta property=\"og:image:type\" content=\"image\/jpeg\" \/>\n<meta name=\"twitter:card\" content=\"summary_large_image\" \/>\n<meta name=\"twitter:label1\" content=\"Pre\u021b\" \/>\n\t<meta name=\"twitter:data1\" content=\"145&nbsp;MDL\" \/>\n\t<meta name=\"twitter:label2\" content=\"Disponibilitate\" \/>\n\t<meta name=\"twitter:data2\" content=\"\u00cen stoc\" \/>\n<script type=\"application\/ld+json\" class=\"yoast-schema-graph\">{\"@context\":\"https:\/\/schema.org\",\"@graph\":[{\"@type\":\"WebPage\",\"@id\":\"https:\/\/xstyle.md\/product\/spasatelnoe-odejalo-lifesystems-heatshield-single-thermal\/\",\"url\":\"https:\/\/xstyle.md\/product\/spasatelnoe-odejalo-lifesystems-heatshield-single-thermal\/\",\"name\":\"\u0421\u043f\u0430\u0441\u0430\u0442\u0435\u043b\u044c\u043d\u043e\u0435 \u043e\u0434\u0435\u044f\u043b\u043e Lifesystems Heatshield Single Thermal - \u041c\u0430\u0433\u0430\u0437\u0438\u043d Xstyle\",\"isPartOf\":{\"@id\":\"https:\/\/xstyle.md\/#website\"},\"primaryImageOfPage\":{\"@id\":\"https:\/\/xstyle.md\/product\/spasatelnoe-odejalo-lifesystems-heatshield-single-thermal\/#primaryimage\"},\"image\":{\"@id\":\"https:\/\/xstyle.md\/product\/spasatelnoe-odejalo-lifesystems-heatshield-single-thermal\/#primaryimage\"},\"thumbnailUrl\":\"https:\/\/xstyle.md\/wp-content\/uploads\/2021\/04\/42160-heatshield-thermal-blanket-single-1.jpg\",\"datePublished\":\"2021-01-11T13:22:15+00:00\",\"dateModified\":\"2024-12-16T19:32:46+00:00\",\"description\":\"\u0421\u043f\u0430\u0441\u0430\u0442\u0435\u043b\u044c\u043d\u043e\u0435 \u043e\u0434\u0435\u044f\u043b\u043e Lifesystems Heatshield Single Thermal - \u043b\u0435\u0433\u043a\u043e\u0435 \u0438 \u043a\u043e\u043c\u043f\u0430\u043a\u0442\u043d\u043e\u0435 \u0440\u0435\u0448\u0435\u043d\u0438\u0435 \u0434\u043b\u044f \u0437\u0430\u0449\u0438\u0442\u044b \u043e\u0442 \u0433\u0438\u043f\u043e\u0442\u0435\u0440\u043c\u0438\u0438 \u0432 \u044d\u043a\u0441\u0442\u0440\u0435\u043d\u043d\u044b\u0445 \u0441\u0438\u0442\u0443\u0430\u0446\u0438\u044f\u0445 \u0438 \u0432 \u0433\u043e\u0440\u0430\u0445.\",\"breadcrumb\":{\"@id\":\"https:\/\/xstyle.md\/product\/spasatelnoe-odejalo-lifesystems-heatshield-single-thermal\/#breadcrumb\"},\"inLanguage\":\"ro-RO\",\"potentialAction\":[{\"@type\":\"ReadAction\",\"target\":[\"https:\/\/xstyle.md\/product\/spasatelnoe-odejalo-lifesystems-heatshield-single-thermal\/\"]}]},{\"@type\":\"ImageObject\",\"inLanguage\":\"ro-RO\",\"@id\":\"https:\/\/xstyle.md\/product\/spasatelnoe-odejalo-lifesystems-heatshield-single-thermal\/#primaryimage\",\"url\":\"https:\/\/xstyle.md\/wp-content\/uploads\/2021\/04\/42160-heatshield-thermal-blanket-single-1.jpg\",\"contentUrl\":\"https:\/\/xstyle.md\/wp-content\/uploads\/2021\/04\/42160-heatshield-thermal-blanket-single-1.jpg\",\"width\":800,\"height\":800},{\"@type\":\"BreadcrumbList\",\"@id\":\"https:\/\/xstyle.md\/product\/spasatelnoe-odejalo-lifesystems-heatshield-single-thermal\/#breadcrumb\",\"itemListElement\":[{\"@type\":\"ListItem\",\"position\":1,\"name\":\"\u0413\u043b\u0430\u0432\u043d\u0430\u044f \u0441\u0442\u0440\u0430\u043d\u0438\u0446\u0430\",\"item\":\"https:\/\/xstyle.md\/\"},{\"@type\":\"ListItem\",\"position\":2,\"name\":\"\u041c\u0430\u0433\u0430\u0437\u0438\u043d\",\"item\":\"https:\/\/xstyle.md\/shop\/\"},{\"@type\":\"ListItem\",\"position\":3,\"name\":\"\u0421\u043f\u0430\u0441\u0430\u0442\u0435\u043b\u044c\u043d\u043e\u0435 \u043e\u0434\u0435\u044f\u043b\u043e Lifesystems Heatshield Single Thermal\"}]},{\"@type\":\"WebSite\",\"@id\":\"https:\/\/xstyle.md\/#website\",\"url\":\"https:\/\/xstyle.md\/\",\"name\":\"\u041c\u0430\u0433\u0430\u0437\u0438\u043d Xstyle\",\"description\":\"C\u043d\u0430\u0440\u044f\u0436\u0435\u043d\u0438\u0435 \u0434\u043b\u044f \u0442\u0443\u0440\u0438\u0437\u043c\u0430 \u0438 \u044d\u043a\u0441\u0442\u0440\u0435\u043c\u0430\u043b\u044c\u043d\u044b\u0445 \u0432\u0438\u0434\u043e\u0432 \u0441\u043f\u043e\u0440\u0442\u0430 \u0432 \u041c\u043e\u043b\u0434\u043e\u0432\u0435.. \u0426\u0435\u043d\u044b, \u0444\u043e\u0442\u043e, \u0445\u0430\u0440\u0430\u043a\u0442\u0435\u0440\u0438\u0441\u0442\u0438\u043a\u0438 \u0432 \u041c\u043e\u043b\u0434\u043e\u0432\u0435.\",\"publisher\":{\"@id\":\"https:\/\/xstyle.md\/#organization\"},\"alternateName\":\"X-Style\",\"potentialAction\":[{\"@type\":\"SearchAction\",\"target\":{\"@type\":\"EntryPoint\",\"urlTemplate\":\"https:\/\/xstyle.md\/?s={search_term_string}\"},\"query-input\":{\"@type\":\"PropertyValueSpecification\",\"valueRequired\":true,\"valueName\":\"search_term_string\"}}],\"inLanguage\":\"ro-RO\"},{\"@type\":\"Organization\",\"@id\":\"https:\/\/xstyle.md\/#organization\",\"name\":\"\u041c\u0430\u0433\u0430\u0437\u0438\u043d Xstyle\",\"alternateName\":\"x-style\",\"url\":\"https:\/\/xstyle.md\/\",\"logo\":{\"@type\":\"ImageObject\",\"inLanguage\":\"ro-RO\",\"@id\":\"https:\/\/xstyle.md\/#\/schema\/logo\/image\/\",\"url\":\"https:\/\/xstyle.md\/wp-content\/uploads\/2020\/06\/logoicon.svg\",\"contentUrl\":\"https:\/\/xstyle.md\/wp-content\/uploads\/2020\/06\/logoicon.svg\",\"caption\":\"\u041c\u0430\u0433\u0430\u0437\u0438\u043d Xstyle\"},\"image\":{\"@id\":\"https:\/\/xstyle.md\/#\/schema\/logo\/image\/\"},\"sameAs\":[\"https:\/\/www.facebook.com\/xstylemd\",\"https:\/\/www.instagram.com\/xstyle_md\/\",\"https:\/\/t.me\/xstyle_outdoor\"],\"hasMerchantReturnPolicy\":{\"@type\":\"MerchantReturnPolicy\",\"merchantReturnLink\":\"https:\/\/xstyle.md\/ro\/conditions\/\"}}]}<\/script>\n<meta property=\"product:price:amount\" content=\"145.00\" \/>\n<meta property=\"product:price:currency\" content=\"MDL\" \/>\n<meta property=\"og:availability\" content=\"instock\" \/>\n<meta property=\"product:availability\" content=\"instock\" \/>\n<meta property=\"product:retailer_item_id\" content=\"5031863421607\" \/>\n<meta property=\"product:condition\" content=\"new\" \/>\n<!-- \/ Yoast SEO plugin. -->","yoast_head_json":{"title":"Patura de salvare Lifesystems Heatshield Single Thermal - Magazin Xstyle","description":"P\u0103tura de salvare Lifesystems Heatshield Single Thermal - o solu\u021bie u\u0219oar\u0103 \u0219i compact\u0103 pentru protec\u021bia \u00eempotriva hipotermiei \u00een situa\u021bii de urgen\u021b\u0103 \u0219i \u00een mun\u021bi.","robots":{"index":"index","follow":"follow","max-snippet":"max-snippet:-1","max-image-preview":"max-image-preview:large","max-video-preview":"max-video-preview:-1"},"canonical":"https:\/\/xstyle.md\/ro\/produs\/spasatelnoe-odejalo-lifesystems-heatshield-single-thermal\/","og_locale":"ro_RO","og_type":"article","og_title":"\u0421\u043f\u0430\u0441\u0430\u0442\u0435\u043b\u044c\u043d\u043e\u0435 \u043e\u0434\u0435\u044f\u043b\u043e Lifesystems Heatshield Single Thermal - \u041c\u0430\u0433\u0430\u0437\u0438\u043d Xstyle","og_description":"\u0421\u043f\u0430\u0441\u0430\u0442\u0435\u043b\u044c\u043d\u043e\u0435 \u043e\u0434\u0435\u044f\u043b\u043e Lifesystems Heatshield Single Thermal - \u043b\u0435\u0433\u043a\u043e\u0435 \u0438 \u043a\u043e\u043c\u043f\u0430\u043a\u0442\u043d\u043e\u0435 \u0440\u0435\u0448\u0435\u043d\u0438\u0435 \u0434\u043b\u044f \u0437\u0430\u0449\u0438\u0442\u044b \u043e\u0442 \u0433\u0438\u043f\u043e\u0442\u0435\u0440\u043c\u0438\u0438 \u0432 \u044d\u043a\u0441\u0442\u0440\u0435\u043d\u043d\u044b\u0445 \u0441\u0438\u0442\u0443\u0430\u0446\u0438\u044f\u0445 \u0438 \u0432 \u0433\u043e\u0440\u0430\u0445.","og_url":"https:\/\/xstyle.md\/ro\/produs\/spasatelnoe-odejalo-lifesystems-heatshield-single-thermal\/","og_site_name":"\u041c\u0430\u0433\u0430\u0437\u0438\u043d Xstyle","article_publisher":"https:\/\/www.facebook.com\/xstylemd","article_modified_time":"2024-12-16T19:32:46+00:00","og_image":[{"width":800,"height":800,"url":"https:\/\/xstyle.md\/wp-content\/uploads\/2021\/04\/42160-heatshield-thermal-blanket-single-1.jpg","type":"image\/jpeg"}],"twitter_card":"summary_large_image","twitter_misc":{"Pre\u021b":"145&nbsp;MDL","Disponibilitate":"\u00cen stoc"},"schema":{"@context":"https:\/\/schema.org","@graph":[{"@type":"WebPage","@id":"https:\/\/xstyle.md\/product\/spasatelnoe-odejalo-lifesystems-heatshield-single-thermal\/","url":"https:\/\/xstyle.md\/product\/spasatelnoe-odejalo-lifesystems-heatshield-single-thermal\/","name":"Patura de salvare Lifesystems Heatshield Single Thermal - Magazin Xstyle","isPartOf":{"@id":"https:\/\/xstyle.md\/#website"},"primaryImageOfPage":{"@id":"https:\/\/xstyle.md\/product\/spasatelnoe-odejalo-lifesystems-heatshield-single-thermal\/#primaryimage"},"image":{"@id":"https:\/\/xstyle.md\/product\/spasatelnoe-odejalo-lifesystems-heatshield-single-thermal\/#primaryimage"},"thumbnailUrl":"https:\/\/xstyle.md\/wp-content\/uploads\/2021\/04\/42160-heatshield-thermal-blanket-single-1.jpg","datePublished":"2021-01-11T13:22:15+00:00","dateModified":"2024-12-16T19:32:46+00:00","description":"P\u0103tura de salvare Lifesystems Heatshield Single Thermal - o solu\u021bie u\u0219oar\u0103 \u0219i compact\u0103 pentru protec\u021bia \u00eempotriva hipotermiei \u00een situa\u021bii de urgen\u021b\u0103 \u0219i \u00een mun\u021bi.","breadcrumb":{"@id":"https:\/\/xstyle.md\/product\/spasatelnoe-odejalo-lifesystems-heatshield-single-thermal\/#breadcrumb"},"inLanguage":"ro-RO","potentialAction":[{"@type":"ReadAction","target":["https:\/\/xstyle.md\/product\/spasatelnoe-odejalo-lifesystems-heatshield-single-thermal\/"]}]},{"@type":"ImageObject","inLanguage":"ro-RO","@id":"https:\/\/xstyle.md\/product\/spasatelnoe-odejalo-lifesystems-heatshield-single-thermal\/#primaryimage","url":"https:\/\/xstyle.md\/wp-content\/uploads\/2021\/04\/42160-heatshield-thermal-blanket-single-1.jpg","contentUrl":"https:\/\/xstyle.md\/wp-content\/uploads\/2021\/04\/42160-heatshield-thermal-blanket-single-1.jpg","width":800,"height":800},{"@type":"BreadcrumbList","@id":"https:\/\/xstyle.md\/product\/spasatelnoe-odejalo-lifesystems-heatshield-single-thermal\/#breadcrumb","itemListElement":[{"@type":"ListItem","position":1,"name":"\u0413\u043b\u0430\u0432\u043d\u0430\u044f \u0441\u0442\u0440\u0430\u043d\u0438\u0446\u0430","item":"https:\/\/xstyle.md\/"},{"@type":"ListItem","position":2,"name":"\u041c\u0430\u0433\u0430\u0437\u0438\u043d","item":"https:\/\/xstyle.md\/shop\/"},{"@type":"ListItem","position":3,"name":"\u0421\u043f\u0430\u0441\u0430\u0442\u0435\u043b\u044c\u043d\u043e\u0435 \u043e\u0434\u0435\u044f\u043b\u043e Lifesystems Heatshield Single Thermal"}]},{"@type":"WebSite","@id":"https:\/\/xstyle.md\/#website","url":"https:\/\/xstyle.md\/","name":"Magazinul X-Style","description":"Echipamente pentru turism \u0219i sporturi extreme \u00een Moldova. Pre\u021buri, fotografii, caracteristici \u00een Moldova.","publisher":{"@id":"https:\/\/xstyle.md\/#organization"},"alternateName":"X-Style","potentialAction":[{"@type":"SearchAction","target":{"@type":"EntryPoint","urlTemplate":"https:\/\/xstyle.md\/?s={search_term_string}"},"query-input":{"@type":"PropertyValueSpecification","valueRequired":true,"valueName":"search_term_string"}}],"inLanguage":"ro-RO"},{"@type":"Organization","@id":"https:\/\/xstyle.md\/#organization","name":"Magazinul X-Style","alternateName":"x-style","url":"https:\/\/xstyle.md\/","logo":{"@type":"ImageObject","inLanguage":"ro-RO","@id":"https:\/\/xstyle.md\/#\/schema\/logo\/image\/","url":"https:\/\/xstyle.md\/wp-content\/uploads\/2020\/06\/logoicon.svg","contentUrl":"https:\/\/xstyle.md\/wp-content\/uploads\/2020\/06\/logoicon.svg","caption":"\u041c\u0430\u0433\u0430\u0437\u0438\u043d Xstyle"},"image":{"@id":"https:\/\/xstyle.md\/#\/schema\/logo\/image\/"},"sameAs":["https:\/\/www.facebook.com\/xstylemd","https:\/\/www.instagram.com\/xstyle_md\/","https:\/\/t.me\/xstyle_outdoor"],"hasMerchantReturnPolicy":{"@type":"MerchantReturnPolicy","merchantReturnLink":"https:\/\/xstyle.md\/ro\/conditions\/"}}]},"product_price_amount":"145.00","product_price_currency":"MDL","og_availability":"instock","product_availability":"instock","product_retailer_item_id":"5031863421607","product_condition":"new"},"post_mailing_queue_ids":[],"_links":{"self":[{"href":"https:\/\/xstyle.md\/ro\/wp-json\/wp\/v2\/product\/27149","targetHints":{"allow":["GET"]}}],"collection":[{"href":"https:\/\/xstyle.md\/ro\/wp-json\/wp\/v2\/product"}],"about":[{"href":"https:\/\/xstyle.md\/ro\/wp-json\/wp\/v2\/types\/product"}],"replies":[{"embeddable":true,"href":"https:\/\/xstyle.md\/ro\/wp-json\/wp\/v2\/comments?post=27149"}],"wp:featuredmedia":[{"embeddable":true,"href":"https:\/\/xstyle.md\/ro\/wp-json\/wp\/v2\/media\/28863"}],"wp:attachment":[{"href":"https:\/\/xstyle.md\/ro\/wp-json\/wp\/v2\/media?parent=27149"}],"wp:term":[{"taxonomy":"product_brand","embeddable":true,"href":"https:\/\/xstyle.md\/ro\/wp-json\/wp\/v2\/product_brand?post=27149"},{"taxonomy":"product_cat","embeddable":true,"href":"https:\/\/xstyle.md\/ro\/wp-json\/wp\/v2\/product_cat?post=27149"},{"taxonomy":"product_tag","embeddable":true,"href":"https:\/\/xstyle.md\/ro\/wp-json\/wp\/v2\/product_tag?post=27149"}],"curies":[{"name":"wp","href":"https:\/\/api.w.org\/{rel}","templated":true}]}}