{"id":27125,"date":"2021-01-11T16:22:06","date_gmt":"2021-01-11T13:22:06","guid":{"rendered":"https:\/\/xstyle.md\/product\/botinki-muzhskie-la-sportiva-stream-gtx\/"},"modified":"2026-03-19T16:40:48","modified_gmt":"2026-03-19T13:40:48","slug":"botinki-muzhskie-la-sportiva-stream-gtx","status":"publish","type":"product","link":"https:\/\/xstyle.md\/ro\/produs\/botinki-muzhskie-la-sportiva-stream-gtx\/","title":{"rendered":"Bocanci La Sportiva Stream GTX carbon\/apple green"},"content":{"rendered":"<\/p>\n<\/div>\n<p><strong>La Sportiva Stream GTX<\/strong> &#8212; bocanci \u00eenalti, cu o curea \u00eenalt\u0103 la glezn\u0103 pentru a proteja glezna. Excelen\u021bi pentru v\u00e2n\u0103tori, pescari \u0219i activit\u0103\u021bi \u00een aer liber.<\/p>\n<p>Partea superioar\u0103 rezistent\u0103 \u0219i respirabil\u0103, realizat\u0103 prin combinarea nylonului laminat cu poliuretan cu pl\u0103cu\u021be de protec\u021bie din poliuretan termic. La interior, se aplic\u0103 o membran\u0103 Gore-Tex din dou\u0103 piese, respectiv Gore-Tex Surround \u0219i Gore-Tex Extended Comfort, precum \u0219i o talp\u0103 anatomic\u0103 Ortholite de 5 mm.<\/p>\n<p>Talpa intermediar\u0103 Stream GTX se bazeaz\u0103 pe talpa versatil\u0103 Vibram XS Trek. Talpa este completat\u0103 de o talp\u0103 median\u0103 larg\u0103 din spum\u0103 EVA \u0219i de pl\u0103cu\u021be laterale de sus\u021binere \u0219i de poliuretan termic permeabil la vapori. \u00cen plus fa\u021b\u0103 de amortizarea din dou\u0103 piese, talpa este format\u0103 dintr-un strat de amortizare lat din spum\u0103 EVA \u0219i un stabilizator de c\u0103lc\u00e2i din termopolipiuretan.<\/p>\n<h3>Particularit\u0103\u021bi<\/h3>\n<ul>\n<li>Membrana protejeaz\u0103 picioarele de umezeal\u0103<\/li>\n<li>Talpa exterioar\u0103 asigur\u0103 o aderen\u021b\u0103 sigur\u0103 chiar \u0219i \u00een condi\u021bii de umezeal\u0103 sau ploaie<\/li>\n<li>Talpa intermediar\u0103 dispune de o tehnologie unic\u0103 \u00een trei straturi pentru o potrivire perfect\u0103, individualizat\u0103.<\/li>\n<li>Lipsa cus\u0103turilor de pe partea superioar\u0103 face ca pantoful de antrenament s\u0103 fie extrem de confortabil.<\/li>\n<li>Sistem de \u0219ireturi TrailCage<\/li>\n<li>Talpa dubl\u0103 cu banda de rulare exclusiv\u0103 Trail Rocker ofer\u0103 cea mai bun\u0103 aderen\u021b\u0103 posibil\u0103 pe orice tip de teren: sol moale \u0219i umed, roci, pietre sau travers\u0103ri<\/li>\n<\/ul>\n<h3>Caracteristici<\/h3>\n<ul>\n<li>Material superior &#8212; Air Mesh+Nano Cell<\/li>\n<li>Membran\u0103 &#8212; Gore-Tex\u00ae Surround<\/li>\n<li>Talp\u0103 &#8212; Ortholite\u00ae<\/li>\n<li>Talp\u0103 exterioar\u0103 &#8212; Vibram\u00ae XS Trek<\/li>\n<li>Protec\u021bie &#8212; PU TechLite pentru c\u0103lc\u00e2i \u0219i v\u00e2rfuri<\/li>\n<li>Scop &#8212; trekking, drume\u021bii u\u0219oare<\/li>\n<li>Greutate &#8212; 850g<\/li>\n<\/ul>\n<h3>Tehnologie<\/h3>\n<ul>\n<li><strong>Gore-Tex<\/strong>\u00ae &#8212; este o membran\u0103 care ofer\u0103 protec\u021bie impermeabil\u0103 \u0219i are o respirabilitate excelent\u0103 \u00een condi\u021bii de vreme moderat\u0103 p\u00e2n\u0103 la cald\u0103 \u0219i niveluri ridicate de activitate. Excelent\u0103 pentru aplica\u021biile \u00een care reten\u021bia de c\u0103ldur\u0103 \u00een interiorul bocancii trebuie s\u0103 fie redus\u0103 la minimum.<\/li>\n<li><strong>Vibram<\/strong>\u00ae &#8212; este lider mondial \u00een produc\u021bia de t\u0103lpi pentru \u00eenc\u0103l\u021b\u0103minte de alpinism \u0219i trekking. Talpa este fabricat\u0103 dintr-un cauciuc foarte rezistent \u0219i are o trac\u021biune excelent\u0103. Garanteaz\u0103 o sus\u021binere \u0219i o durabilitate maxim\u0103.<\/li>\n<li><strong>Ortholite<\/strong>\u00ae &#8212; este o talp\u0103 de \u00eenalt\u0103 tehnologie care asigur\u0103 o transportare excelent\u0103 a umidit\u0103\u021bii din picior. Designul special al cupei pentru c\u0103lc\u00e2i asigur\u0103 o amortizare suplimentar\u0103, \u0219i un confort mai mare. De asemenea, tratat\u0103 cu impregnare bactericid\u0103 care previne formarea de bacterii \u0219i mirosuri.<\/li>\n<li><strong>TrailCage System<\/strong> &#8212; sistem de lacing introdus \u00eentre cele dou\u0103 straturi exterioare ale pantofului de antrenament, care reduce volumul intern al pantofului, precum \u0219i asigur\u0103 o ajustare \u0219i o potrivire excelente.<\/li>\n<\/ul>\n<h3>Marca<\/h3>\n<p>Compania italian\u0103 este cunoscut\u0103 de to\u021bi alpini\u0219tii \u0219i c\u0103\u021b\u0103r\u0103torii &#8212; pantofii de st\u00e2nc\u0103 \u0219i cizmele de \u00eenalt\u0103 altitudine La Sportiva sunt considerate cele mai bune din lume. Istoria brandului a \u00eenceput cu fabricarea de pantofi din lemn, iar acum este unul dintre cei mai importan\u021bi produc\u0103tori de pantofi de munte din lume. To\u021bi pantofii sunt \u00eenc\u0103 fabrica\u021bi manual \u0219i numai din materiale de \u00eenalt\u0103 calitate, sunt confortabili, fiabili \u0219i durabili. \u00cen plus fa\u021b\u0103 de pantofi, compania produce, de asemenea, \u00eembr\u0103c\u0103minte de \u00eenalt\u0103 tehnologie pentru pasiona\u021bii de alpinism \u0219i alpinism. Standardele \u00eenalte de calitate ale m\u0103rcii \u0219i \u00eembun\u0103t\u0103\u021birea tehnologiei au ajutat La Sportiva s\u0103 devin\u0103 unul dintre liderii mondiali \u00een produc\u021bia de \u00eenc\u0103l\u021b\u0103minte \u0219i \u00eembr\u0103c\u0103minte.<\/p>\n<p><\/p>","protected":false},"excerpt":{"rendered":"<p>Bocanci La Sportiva Stream GTX carbon\/apple green<\/p>","protected":false},"featured_media":28808,"comment_status":"open","ping_status":"closed","template":"","meta":{"_acf_changed":false,"inline_featured_image":false},"product_brand":[1410],"product_cat":[143],"product_tag":[],"class_list":{"0":"post-27125","1":"product","2":"type-product","3":"status-publish","4":"has-post-thumbnail","6":"product_brand-la-sportiva","7":"product_cat-trekking","9":"first","10":"instock","11":"shipping-taxable","12":"purchasable","13":"product-type-simple"},"acf":[],"yoast_head":"<!-- This site is optimized with the Yoast SEO plugin v27.2 - https:\/\/yoast.com\/product\/yoast-seo-wordpress\/ -->\n<title>\u0411\u043e\u0442\u0438\u043d\u043a\u0438 La Sportiva Stream GTX carbon\/apple green - \u041c\u0430\u0433\u0430\u0437\u0438\u043d Xstyle<\/title>\n<meta name=\"description\" content=\"\u0411\u043e\u0442\u0438\u043d\u043a\u0438 La Sportiva Stream GTX - \u0438\u0434\u0435\u0430\u043b\u044c\u043d\u044b \u0434\u043b\u044f \u0430\u043a\u0442\u0438\u0432\u043d\u043e\u0433\u043e \u043e\u0442\u0434\u044b\u0445\u0430. \u0417\u0430\u0449\u0438\u0442\u0430 \u043e\u0442 \u0432\u043b\u0430\u0433\u0438 \u0441 GoreTex, \u043e\u0442\u043b\u0438\u0447\u043d\u0430\u044f traction \u0441 Vibram, \u0443\u0434\u043e\u0431\u0441\u0442\u0432\u043e \u0438 \u0441\u0442\u0438\u043b\u044c \u0432 \u043e\u0434\u043d\u043e\u043c!\" \/>\n<meta name=\"robots\" content=\"index, follow, max-snippet:-1, max-image-preview:large, max-video-preview:-1\" \/>\n<link rel=\"canonical\" href=\"https:\/\/xstyle.md\/ro\/produs\/botinki-muzhskie-la-sportiva-stream-gtx\/\" \/>\n<meta property=\"og:locale\" content=\"ro_RO\" \/>\n<meta property=\"og:type\" content=\"article\" \/>\n<meta property=\"og:title\" content=\"\u0411\u043e\u0442\u0438\u043d\u043a\u0438 La Sportiva Stream GTX carbon\/apple green - \u041c\u0430\u0433\u0430\u0437\u0438\u043d Xstyle\" \/>\n<meta property=\"og:description\" content=\"\u0411\u043e\u0442\u0438\u043d\u043a\u0438 La Sportiva Stream GTX - \u0438\u0434\u0435\u0430\u043b\u044c\u043d\u044b \u0434\u043b\u044f \u0430\u043a\u0442\u0438\u0432\u043d\u043e\u0433\u043e \u043e\u0442\u0434\u044b\u0445\u0430. \u0417\u0430\u0449\u0438\u0442\u0430 \u043e\u0442 \u0432\u043b\u0430\u0433\u0438 \u0441 GoreTex, \u043e\u0442\u043b\u0438\u0447\u043d\u0430\u044f traction \u0441 Vibram, \u0443\u0434\u043e\u0431\u0441\u0442\u0432\u043e \u0438 \u0441\u0442\u0438\u043b\u044c \u0432 \u043e\u0434\u043d\u043e\u043c!\" \/>\n<meta property=\"og:url\" content=\"https:\/\/xstyle.md\/ro\/produs\/botinki-muzhskie-la-sportiva-stream-gtx\/\" \/>\n<meta property=\"og:site_name\" content=\"\u041c\u0430\u0433\u0430\u0437\u0438\u043d Xstyle\" \/>\n<meta property=\"article:publisher\" content=\"https:\/\/www.facebook.com\/xstylemd\" \/>\n<meta property=\"article:modified_time\" content=\"2026-03-19T13:40:48+00:00\" \/>\n<meta property=\"og:image\" content=\"https:\/\/xstyle.md\/wp-content\/uploads\/2021\/04\/e8ff465e-6293-48b5-aef4-4bda5b0ec8fa.jpg\" \/>\n\t<meta property=\"og:image:width\" content=\"702\" \/>\n\t<meta property=\"og:image:height\" content=\"588\" \/>\n\t<meta property=\"og:image:type\" content=\"image\/jpeg\" \/>\n<meta name=\"twitter:card\" content=\"summary_large_image\" \/>\n<meta name=\"twitter:label1\" content=\"Pre\u021b\" \/>\n\t<meta name=\"twitter:data1\" content=\"4.990&nbsp;MDL\" \/>\n\t<meta name=\"twitter:label2\" content=\"Disponibilitate\" \/>\n\t<meta name=\"twitter:data2\" content=\"\u00cen stoc\" \/>\n<script type=\"application\/ld+json\" class=\"yoast-schema-graph\">{\"@context\":\"https:\/\/schema.org\",\"@graph\":[{\"@type\":\"WebPage\",\"@id\":\"https:\/\/xstyle.md\/product\/botinki-muzhskie-la-sportiva-stream-gtx\/\",\"url\":\"https:\/\/xstyle.md\/product\/botinki-muzhskie-la-sportiva-stream-gtx\/\",\"name\":\"\u0411\u043e\u0442\u0438\u043d\u043a\u0438 La Sportiva Stream GTX carbon\/apple green - \u041c\u0430\u0433\u0430\u0437\u0438\u043d Xstyle\",\"isPartOf\":{\"@id\":\"https:\/\/xstyle.md\/#website\"},\"primaryImageOfPage\":{\"@id\":\"https:\/\/xstyle.md\/product\/botinki-muzhskie-la-sportiva-stream-gtx\/#primaryimage\"},\"image\":{\"@id\":\"https:\/\/xstyle.md\/product\/botinki-muzhskie-la-sportiva-stream-gtx\/#primaryimage\"},\"thumbnailUrl\":\"https:\/\/xstyle.md\/wp-content\/uploads\/2021\/04\/e8ff465e-6293-48b5-aef4-4bda5b0ec8fa.jpg\",\"datePublished\":\"2021-01-11T13:22:06+00:00\",\"dateModified\":\"2026-03-19T13:40:48+00:00\",\"description\":\"\u0411\u043e\u0442\u0438\u043d\u043a\u0438 La Sportiva Stream GTX - \u0438\u0434\u0435\u0430\u043b\u044c\u043d\u044b \u0434\u043b\u044f \u0430\u043a\u0442\u0438\u0432\u043d\u043e\u0433\u043e \u043e\u0442\u0434\u044b\u0445\u0430. \u0417\u0430\u0449\u0438\u0442\u0430 \u043e\u0442 \u0432\u043b\u0430\u0433\u0438 \u0441 GoreTex, \u043e\u0442\u043b\u0438\u0447\u043d\u0430\u044f traction \u0441 Vibram, \u0443\u0434\u043e\u0431\u0441\u0442\u0432\u043e \u0438 \u0441\u0442\u0438\u043b\u044c \u0432 \u043e\u0434\u043d\u043e\u043c!\",\"breadcrumb\":{\"@id\":\"https:\/\/xstyle.md\/product\/botinki-muzhskie-la-sportiva-stream-gtx\/#breadcrumb\"},\"inLanguage\":\"ro-RO\",\"potentialAction\":[{\"@type\":\"ReadAction\",\"target\":[\"https:\/\/xstyle.md\/product\/botinki-muzhskie-la-sportiva-stream-gtx\/\"]}]},{\"@type\":\"ImageObject\",\"inLanguage\":\"ro-RO\",\"@id\":\"https:\/\/xstyle.md\/product\/botinki-muzhskie-la-sportiva-stream-gtx\/#primaryimage\",\"url\":\"https:\/\/xstyle.md\/wp-content\/uploads\/2021\/04\/e8ff465e-6293-48b5-aef4-4bda5b0ec8fa.jpg\",\"contentUrl\":\"https:\/\/xstyle.md\/wp-content\/uploads\/2021\/04\/e8ff465e-6293-48b5-aef4-4bda5b0ec8fa.jpg\",\"width\":702,\"height\":588},{\"@type\":\"BreadcrumbList\",\"@id\":\"https:\/\/xstyle.md\/product\/botinki-muzhskie-la-sportiva-stream-gtx\/#breadcrumb\",\"itemListElement\":[{\"@type\":\"ListItem\",\"position\":1,\"name\":\"\u0413\u043b\u0430\u0432\u043d\u0430\u044f \u0441\u0442\u0440\u0430\u043d\u0438\u0446\u0430\",\"item\":\"https:\/\/xstyle.md\/\"},{\"@type\":\"ListItem\",\"position\":2,\"name\":\"\u041c\u0430\u0433\u0430\u0437\u0438\u043d\",\"item\":\"https:\/\/xstyle.md\/shop\/\"},{\"@type\":\"ListItem\",\"position\":3,\"name\":\"\u0411\u043e\u0442\u0438\u043d\u043a\u0438 La Sportiva Stream GTX carbon\/apple green\"}]},{\"@type\":\"WebSite\",\"@id\":\"https:\/\/xstyle.md\/#website\",\"url\":\"https:\/\/xstyle.md\/\",\"name\":\"\u041c\u0430\u0433\u0430\u0437\u0438\u043d Xstyle\",\"description\":\"C\u043d\u0430\u0440\u044f\u0436\u0435\u043d\u0438\u0435 \u0434\u043b\u044f \u0442\u0443\u0440\u0438\u0437\u043c\u0430 \u0438 \u044d\u043a\u0441\u0442\u0440\u0435\u043c\u0430\u043b\u044c\u043d\u044b\u0445 \u0432\u0438\u0434\u043e\u0432 \u0441\u043f\u043e\u0440\u0442\u0430 \u0432 \u041c\u043e\u043b\u0434\u043e\u0432\u0435.. \u0426\u0435\u043d\u044b, \u0444\u043e\u0442\u043e, \u0445\u0430\u0440\u0430\u043a\u0442\u0435\u0440\u0438\u0441\u0442\u0438\u043a\u0438 \u0432 \u041c\u043e\u043b\u0434\u043e\u0432\u0435.\",\"publisher\":{\"@id\":\"https:\/\/xstyle.md\/#organization\"},\"alternateName\":\"X-Style\",\"potentialAction\":[{\"@type\":\"SearchAction\",\"target\":{\"@type\":\"EntryPoint\",\"urlTemplate\":\"https:\/\/xstyle.md\/?s={search_term_string}\"},\"query-input\":{\"@type\":\"PropertyValueSpecification\",\"valueRequired\":true,\"valueName\":\"search_term_string\"}}],\"inLanguage\":\"ro-RO\"},{\"@type\":\"Organization\",\"@id\":\"https:\/\/xstyle.md\/#organization\",\"name\":\"\u041c\u0430\u0433\u0430\u0437\u0438\u043d Xstyle\",\"alternateName\":\"x-style\",\"url\":\"https:\/\/xstyle.md\/\",\"logo\":{\"@type\":\"ImageObject\",\"inLanguage\":\"ro-RO\",\"@id\":\"https:\/\/xstyle.md\/#\/schema\/logo\/image\/\",\"url\":\"https:\/\/xstyle.md\/wp-content\/uploads\/2020\/06\/logoicon.svg\",\"contentUrl\":\"https:\/\/xstyle.md\/wp-content\/uploads\/2020\/06\/logoicon.svg\",\"caption\":\"\u041c\u0430\u0433\u0430\u0437\u0438\u043d Xstyle\"},\"image\":{\"@id\":\"https:\/\/xstyle.md\/#\/schema\/logo\/image\/\"},\"sameAs\":[\"https:\/\/www.facebook.com\/xstylemd\",\"https:\/\/www.instagram.com\/xstyle_md\/\",\"https:\/\/t.me\/xstyle_outdoor\"],\"hasMerchantReturnPolicy\":{\"@type\":\"MerchantReturnPolicy\",\"merchantReturnLink\":\"https:\/\/xstyle.md\/ro\/conditions\/\"}}]}<\/script>\n<meta property=\"product:price:amount\" content=\"4990.00\" \/>\n<meta property=\"product:price:currency\" content=\"MDL\" \/>\n<meta property=\"og:availability\" content=\"instock\" \/>\n<meta property=\"product:availability\" content=\"instock\" \/>\n<meta property=\"product:retailer_item_id\" content=\"8020647657438\" \/>\n<meta property=\"product:condition\" content=\"new\" \/>\n<!-- \/ Yoast SEO plugin. -->","yoast_head_json":{"title":"Bocanci La Sportiva Stream GTX carbon\/apple green - Magazin Xstyle","description":"Ghete La Sportiva Stream GTX - ideale pentru activit\u0103\u021bile \u00een aer liber. Protec\u021bie \u00eempotriva umidit\u0103\u021bii cu GoreTex, trac\u021biune excelent\u0103 cu Vibram, confort \u0219i stil \u00eentr-un singur produs!","robots":{"index":"index","follow":"follow","max-snippet":"max-snippet:-1","max-image-preview":"max-image-preview:large","max-video-preview":"max-video-preview:-1"},"canonical":"https:\/\/xstyle.md\/ro\/produs\/botinki-muzhskie-la-sportiva-stream-gtx\/","og_locale":"ro_RO","og_type":"article","og_title":"\u0411\u043e\u0442\u0438\u043d\u043a\u0438 La Sportiva Stream GTX carbon\/apple green - \u041c\u0430\u0433\u0430\u0437\u0438\u043d Xstyle","og_description":"\u0411\u043e\u0442\u0438\u043d\u043a\u0438 La Sportiva Stream GTX - \u0438\u0434\u0435\u0430\u043b\u044c\u043d\u044b \u0434\u043b\u044f \u0430\u043a\u0442\u0438\u0432\u043d\u043e\u0433\u043e \u043e\u0442\u0434\u044b\u0445\u0430. \u0417\u0430\u0449\u0438\u0442\u0430 \u043e\u0442 \u0432\u043b\u0430\u0433\u0438 \u0441 GoreTex, \u043e\u0442\u043b\u0438\u0447\u043d\u0430\u044f traction \u0441 Vibram, \u0443\u0434\u043e\u0431\u0441\u0442\u0432\u043e \u0438 \u0441\u0442\u0438\u043b\u044c \u0432 \u043e\u0434\u043d\u043e\u043c!","og_url":"https:\/\/xstyle.md\/ro\/produs\/botinki-muzhskie-la-sportiva-stream-gtx\/","og_site_name":"\u041c\u0430\u0433\u0430\u0437\u0438\u043d Xstyle","article_publisher":"https:\/\/www.facebook.com\/xstylemd","article_modified_time":"2026-03-19T13:40:48+00:00","og_image":[{"width":702,"height":588,"url":"https:\/\/xstyle.md\/wp-content\/uploads\/2021\/04\/e8ff465e-6293-48b5-aef4-4bda5b0ec8fa.jpg","type":"image\/jpeg"}],"twitter_card":"summary_large_image","twitter_misc":{"Pre\u021b":"4.990&nbsp;MDL","Disponibilitate":"\u00cen stoc"},"schema":{"@context":"https:\/\/schema.org","@graph":[{"@type":"WebPage","@id":"https:\/\/xstyle.md\/product\/botinki-muzhskie-la-sportiva-stream-gtx\/","url":"https:\/\/xstyle.md\/product\/botinki-muzhskie-la-sportiva-stream-gtx\/","name":"Bocanci La Sportiva Stream GTX carbon\/apple green - Magazin Xstyle","isPartOf":{"@id":"https:\/\/xstyle.md\/#website"},"primaryImageOfPage":{"@id":"https:\/\/xstyle.md\/product\/botinki-muzhskie-la-sportiva-stream-gtx\/#primaryimage"},"image":{"@id":"https:\/\/xstyle.md\/product\/botinki-muzhskie-la-sportiva-stream-gtx\/#primaryimage"},"thumbnailUrl":"https:\/\/xstyle.md\/wp-content\/uploads\/2021\/04\/e8ff465e-6293-48b5-aef4-4bda5b0ec8fa.jpg","datePublished":"2021-01-11T13:22:06+00:00","dateModified":"2026-03-19T13:40:48+00:00","description":"Ghete La Sportiva Stream GTX - ideale pentru activit\u0103\u021bile \u00een aer liber. Protec\u021bie \u00eempotriva umidit\u0103\u021bii cu GoreTex, trac\u021biune excelent\u0103 cu Vibram, confort \u0219i stil \u00eentr-un singur produs!","breadcrumb":{"@id":"https:\/\/xstyle.md\/product\/botinki-muzhskie-la-sportiva-stream-gtx\/#breadcrumb"},"inLanguage":"ro-RO","potentialAction":[{"@type":"ReadAction","target":["https:\/\/xstyle.md\/product\/botinki-muzhskie-la-sportiva-stream-gtx\/"]}]},{"@type":"ImageObject","inLanguage":"ro-RO","@id":"https:\/\/xstyle.md\/product\/botinki-muzhskie-la-sportiva-stream-gtx\/#primaryimage","url":"https:\/\/xstyle.md\/wp-content\/uploads\/2021\/04\/e8ff465e-6293-48b5-aef4-4bda5b0ec8fa.jpg","contentUrl":"https:\/\/xstyle.md\/wp-content\/uploads\/2021\/04\/e8ff465e-6293-48b5-aef4-4bda5b0ec8fa.jpg","width":702,"height":588},{"@type":"BreadcrumbList","@id":"https:\/\/xstyle.md\/product\/botinki-muzhskie-la-sportiva-stream-gtx\/#breadcrumb","itemListElement":[{"@type":"ListItem","position":1,"name":"\u0413\u043b\u0430\u0432\u043d\u0430\u044f \u0441\u0442\u0440\u0430\u043d\u0438\u0446\u0430","item":"https:\/\/xstyle.md\/"},{"@type":"ListItem","position":2,"name":"\u041c\u0430\u0433\u0430\u0437\u0438\u043d","item":"https:\/\/xstyle.md\/shop\/"},{"@type":"ListItem","position":3,"name":"\u0411\u043e\u0442\u0438\u043d\u043a\u0438 La Sportiva Stream GTX carbon\/apple green"}]},{"@type":"WebSite","@id":"https:\/\/xstyle.md\/#website","url":"https:\/\/xstyle.md\/","name":"Magazinul X-Style","description":"Echipamente pentru turism \u0219i sporturi extreme \u00een Moldova. Pre\u021buri, fotografii, caracteristici \u00een Moldova.","publisher":{"@id":"https:\/\/xstyle.md\/#organization"},"alternateName":"X-Style","potentialAction":[{"@type":"SearchAction","target":{"@type":"EntryPoint","urlTemplate":"https:\/\/xstyle.md\/?s={search_term_string}"},"query-input":{"@type":"PropertyValueSpecification","valueRequired":true,"valueName":"search_term_string"}}],"inLanguage":"ro-RO"},{"@type":"Organization","@id":"https:\/\/xstyle.md\/#organization","name":"Magazinul X-Style","alternateName":"x-style","url":"https:\/\/xstyle.md\/","logo":{"@type":"ImageObject","inLanguage":"ro-RO","@id":"https:\/\/xstyle.md\/#\/schema\/logo\/image\/","url":"https:\/\/xstyle.md\/wp-content\/uploads\/2020\/06\/logoicon.svg","contentUrl":"https:\/\/xstyle.md\/wp-content\/uploads\/2020\/06\/logoicon.svg","caption":"\u041c\u0430\u0433\u0430\u0437\u0438\u043d Xstyle"},"image":{"@id":"https:\/\/xstyle.md\/#\/schema\/logo\/image\/"},"sameAs":["https:\/\/www.facebook.com\/xstylemd","https:\/\/www.instagram.com\/xstyle_md\/","https:\/\/t.me\/xstyle_outdoor"],"hasMerchantReturnPolicy":{"@type":"MerchantReturnPolicy","merchantReturnLink":"https:\/\/xstyle.md\/ro\/conditions\/"}}]},"product_price_amount":"4990.00","product_price_currency":"MDL","og_availability":"instock","product_availability":"instock","product_retailer_item_id":"8020647657438","product_condition":"new"},"post_mailing_queue_ids":[],"_links":{"self":[{"href":"https:\/\/xstyle.md\/ro\/wp-json\/wp\/v2\/product\/27125","targetHints":{"allow":["GET"]}}],"collection":[{"href":"https:\/\/xstyle.md\/ro\/wp-json\/wp\/v2\/product"}],"about":[{"href":"https:\/\/xstyle.md\/ro\/wp-json\/wp\/v2\/types\/product"}],"replies":[{"embeddable":true,"href":"https:\/\/xstyle.md\/ro\/wp-json\/wp\/v2\/comments?post=27125"}],"wp:featuredmedia":[{"embeddable":true,"href":"https:\/\/xstyle.md\/ro\/wp-json\/wp\/v2\/media\/28808"}],"wp:attachment":[{"href":"https:\/\/xstyle.md\/ro\/wp-json\/wp\/v2\/media?parent=27125"}],"wp:term":[{"taxonomy":"product_brand","embeddable":true,"href":"https:\/\/xstyle.md\/ro\/wp-json\/wp\/v2\/product_brand?post=27125"},{"taxonomy":"product_cat","embeddable":true,"href":"https:\/\/xstyle.md\/ro\/wp-json\/wp\/v2\/product_cat?post=27125"},{"taxonomy":"product_tag","embeddable":true,"href":"https:\/\/xstyle.md\/ro\/wp-json\/wp\/v2\/product_tag?post=27125"}],"curies":[{"name":"wp","href":"https:\/\/api.w.org\/{rel}","templated":true}]}}