{"id":27105,"date":"2021-01-11T16:21:56","date_gmt":"2021-01-11T13:21:56","guid":{"rendered":"https:\/\/xstyle.md\/product\/kurtka-zhenskaja-hannah-frida-lite\/"},"modified":"2025-10-24T12:39:37","modified_gmt":"2025-10-24T09:39:37","slug":"kurtka-zhenskaja-hannah-frida-lite","status":"publish","type":"product","link":"https:\/\/xstyle.md\/ro\/produs\/kurtka-zhenskaja-hannah-frida-lite\/","title":{"rendered":"Geac\u0103 Hannah Frida Lite Wmn dark slate"},"content":{"rendered":"<div><span lang=\"EN-US\"><\/span><\/div>\n<div><strong>Hannah Frida Lite &#8212;\u00a0<\/strong>nimic nu v\u0103 va \u00eempiedica s\u0103 purta\u021bi din prim\u0103var\u0103 p\u00e2n\u0103 \u00een toamn\u0103 geaca softshell. Aceasta v\u0103 va men\u021bine cald \u0219i uscat.<\/div>\n<div><\/div>\n<div>Membrana poliuretanic\u0103 microporoas\u0103 Resstex 8000 este rezistent\u0103 la ploaie \u0219i lapovi\u021b\u0103 p\u0103str\u00e2nd \u00een acela\u0219i timp respirabilitatea. Aceast\u0103 geac\u0103 este impermeabil\u0103, rezistent\u0103 la v\u00e2nt \u0219i respirabil\u0103.<\/div>\n<div><\/div>\n<div>Croial\u0103 standart care se potrive\u0219te cu majoritatea tipurilor de corp. Aceast\u0103 geac\u0103 v\u0103 va permite s\u0103 v\u0103 mi\u0219ca\u021bi liber \u00een timpul activit\u0103\u021bilor preferate \u00een aer liber. Pute\u021bi regla cu u\u0219urin\u021b\u0103 gluga, precum \u0219i partea inferioar\u0103 a gecii \u0219i a m\u00e2necilor, care pot fi str\u00e2nse cu ajutorul lipiciurilor.<\/div>\n<div><\/div>\n<div>Buzunare laterale sunt dotate cu fermoare, astfel \u00eenc\u00e2t s\u0103 nu pierde\u021bi lucrurile importante.<\/div>\n<h3>Particularit\u0103\u021bi<\/h3>\n<ul>\n<li>Geac\u0103 respirabil\u0103, rezistent\u0103 la v\u00e2nt, care te va proteja \u0219i de ploaia u\u0219oar\u0103;<\/li>\n<li>Potrivire lejer\u0103 care nu restric\u021bioneaz\u0103 mi\u0219carea;<\/li>\n<li>Parte de jos reglabil\u0103 a gecii;<\/li>\n<li>Lungimea m\u00e2necilor reglabile;<\/li>\n<li>Glug\u0103 reglabil\u0103.<\/li>\n<\/ul>\n<h3>Caracteristici<\/h3>\n<ul>\n<li>Material &#8212; Softshell Extra Lite;<\/li>\n<li>Membran\u0103 &#8212; Resstex 8000;<\/li>\n<li>Model - pentru femei.<\/li>\n<\/ul>\n<h3>Tehnologie<\/h3>\n<ul>\n<li><strong>Resstex 8000<\/strong>\u00a0&#8212; este o membran\u0103 poliuretanic\u0103 microporoas\u0103 cu un raport bine echilibrat de impermeabilitate \u0219i respirabilitate. Produsele cu aceast\u0103 membran\u0103 protejeaz\u0103 \u00eempotriva ploii sau lapovi\u021bei, p\u0103str\u00e2nd \u00een acela\u0219i timp respirabilitatea \u00een multe activit\u0103\u021bi \u00een aer liber.<\/li>\n<\/ul>\n<div>\n<h3>Marca<\/h3>\n<p>Hannah \u2014 este un brand interna\u021bional specializat \u00een \u00eembr\u0103c\u0103minte de c\u0103l\u0103torii \u0219i sport pentru toate anotimpurile. Brandul Hannah a fost fondat \u00een Republica Ceh\u0103 \u00een anul 1991. Compania a ob\u021binut un succes remarcabil pe pia\u021ba intern\u0103, datorit\u0103 calit\u0103\u021bii \u00eenalte \u0219i pre\u021burilor accesibile.<\/p>\n<p>La \u00eenceput, compania fabrica produse conform standardelor interna\u021bionale, deoarece au \u00een\u021beles pe deplin importan\u021ba unei reputa\u021bii excelente. \u00cen acest sens, s-a alocat mult timp selec\u021biei materialelor de \u00eenalt\u0103 calitate, care sunt rezistente la uzur\u0103 \u0219i rezistente la ap\u0103. Ast\u0103zi, brandul nu st\u0103 pe loc, catalogul lor este \u00een permanen\u021b\u0103 actualizat \u0219i extins, iar produsele pot fi g\u0103site \u00een toat\u0103 lumea.<\/p>\n<\/div>\n<div>\n<div><span lang=\"EN-US\"><\/span><\/div>\n<\/div>","protected":false},"excerpt":{"rendered":"<p>\u041a\u0443\u0440\u0442\u043a\u0430 \u0436\u0435\u043d\u0441\u043a\u0430\u044f Hannah Frida Lite<\/p>","protected":false},"featured_media":28734,"comment_status":"open","ping_status":"closed","template":"","meta":{"_acf_changed":false,"inline_featured_image":false},"product_brand":[1271],"product_cat":[563],"product_tag":[],"class_list":{"0":"post-27105","1":"product","2":"type-product","3":"status-publish","4":"has-post-thumbnail","6":"product_brand-hannah","7":"product_cat-softshell-jackets-femei","9":"first","10":"instock","11":"shipping-taxable","12":"purchasable","13":"product-type-simple"},"acf":[],"yoast_head":"<!-- This site is optimized with the Yoast SEO plugin v27.4 - https:\/\/yoast.com\/product\/yoast-seo-wordpress\/ -->\n<title>\u041a\u0443\u0440\u0442\u043a\u0430 Hannah Frida Lite Wmn dark slate - \u041c\u0430\u0433\u0430\u0437\u0438\u043d Xstyle<\/title>\n<meta name=\"description\" content=\"\u041a\u0443\u0440\u0442\u043a\u0430 Hannah Frida Lite Wmn dark slate: \u043b\u0435\u0433\u043a\u0430\u044f \u0438 \u0432\u043e\u0434\u043e\u043d\u0435\u043f\u0440\u043e\u043d\u0438\u0446\u0430\u0435\u043c\u0430\u044f softshell-\u043a\u0443\u0440\u0442\u043a\u0430 \u0441 \u043c\u0435\u043c\u0431\u0440\u0430\u043d\u043e\u0439 Resstex 8000. \u0418\u0434\u0435\u0430\u043b\u044c\u043d\u0430 \u0434\u043b\u044f \u0432\u0435\u0441\u043d\u044b \u0438 \u043e\u0441\u0435\u043d\u0438!\" \/>\n<meta name=\"robots\" content=\"index, follow, max-snippet:-1, max-image-preview:large, max-video-preview:-1\" \/>\n<link rel=\"canonical\" href=\"https:\/\/xstyle.md\/ro\/produs\/kurtka-zhenskaja-hannah-frida-lite\/\" \/>\n<meta property=\"og:locale\" content=\"ro_RO\" \/>\n<meta property=\"og:type\" content=\"article\" \/>\n<meta property=\"og:title\" content=\"\u041a\u0443\u0440\u0442\u043a\u0430 Hannah Frida Lite Wmn dark slate - \u041c\u0430\u0433\u0430\u0437\u0438\u043d Xstyle\" \/>\n<meta property=\"og:description\" content=\"\u041a\u0443\u0440\u0442\u043a\u0430 Hannah Frida Lite Wmn dark slate: \u043b\u0435\u0433\u043a\u0430\u044f \u0438 \u0432\u043e\u0434\u043e\u043d\u0435\u043f\u0440\u043e\u043d\u0438\u0446\u0430\u0435\u043c\u0430\u044f softshell-\u043a\u0443\u0440\u0442\u043a\u0430 \u0441 \u043c\u0435\u043c\u0431\u0440\u0430\u043d\u043e\u0439 Resstex 8000. \u0418\u0434\u0435\u0430\u043b\u044c\u043d\u0430 \u0434\u043b\u044f \u0432\u0435\u0441\u043d\u044b \u0438 \u043e\u0441\u0435\u043d\u0438!\" \/>\n<meta property=\"og:url\" content=\"https:\/\/xstyle.md\/ro\/produs\/kurtka-zhenskaja-hannah-frida-lite\/\" \/>\n<meta property=\"og:site_name\" content=\"\u041c\u0430\u0433\u0430\u0437\u0438\u043d Xstyle\" \/>\n<meta property=\"article:publisher\" content=\"https:\/\/www.facebook.com\/xstylemd\" \/>\n<meta property=\"article:modified_time\" content=\"2025-10-24T09:39:37+00:00\" \/>\n<meta property=\"og:image\" content=\"https:\/\/xstyle.md\/wp-content\/uploads\/2021\/04\/0a2f5da4713a83840a8979f3f442f2c0p258092-1200x1200-1.jpg\" \/>\n\t<meta property=\"og:image:width\" content=\"930\" \/>\n\t<meta property=\"og:image:height\" content=\"1200\" \/>\n\t<meta property=\"og:image:type\" content=\"image\/jpeg\" \/>\n<meta name=\"twitter:card\" content=\"summary_large_image\" \/>\n<meta name=\"twitter:label1\" content=\"Pre\u021b\" \/>\n\t<meta name=\"twitter:data1\" content=\"1.590&nbsp;MDL\" \/>\n\t<meta name=\"twitter:label2\" content=\"Disponibilitate\" \/>\n\t<meta name=\"twitter:data2\" content=\"\u00cen stoc\" \/>\n<script type=\"application\/ld+json\" class=\"yoast-schema-graph\">{\"@context\":\"https:\\\/\\\/schema.org\",\"@graph\":[{\"@type\":\"WebPage\",\"@id\":\"https:\\\/\\\/xstyle.md\\\/product\\\/kurtka-zhenskaja-hannah-frida-lite\\\/\",\"url\":\"https:\\\/\\\/xstyle.md\\\/product\\\/kurtka-zhenskaja-hannah-frida-lite\\\/\",\"name\":\"\u041a\u0443\u0440\u0442\u043a\u0430 Hannah Frida Lite Wmn dark slate - \u041c\u0430\u0433\u0430\u0437\u0438\u043d Xstyle\",\"isPartOf\":{\"@id\":\"https:\\\/\\\/xstyle.md\\\/#website\"},\"primaryImageOfPage\":{\"@id\":\"https:\\\/\\\/xstyle.md\\\/product\\\/kurtka-zhenskaja-hannah-frida-lite\\\/#primaryimage\"},\"image\":{\"@id\":\"https:\\\/\\\/xstyle.md\\\/product\\\/kurtka-zhenskaja-hannah-frida-lite\\\/#primaryimage\"},\"thumbnailUrl\":\"https:\\\/\\\/xstyle.md\\\/wp-content\\\/uploads\\\/2021\\\/04\\\/0a2f5da4713a83840a8979f3f442f2c0p258092-1200x1200-1.jpg\",\"datePublished\":\"2021-01-11T13:21:56+00:00\",\"dateModified\":\"2025-10-24T09:39:37+00:00\",\"description\":\"\u041a\u0443\u0440\u0442\u043a\u0430 Hannah Frida Lite Wmn dark slate: \u043b\u0435\u0433\u043a\u0430\u044f \u0438 \u0432\u043e\u0434\u043e\u043d\u0435\u043f\u0440\u043e\u043d\u0438\u0446\u0430\u0435\u043c\u0430\u044f softshell-\u043a\u0443\u0440\u0442\u043a\u0430 \u0441 \u043c\u0435\u043c\u0431\u0440\u0430\u043d\u043e\u0439 Resstex 8000. \u0418\u0434\u0435\u0430\u043b\u044c\u043d\u0430 \u0434\u043b\u044f \u0432\u0435\u0441\u043d\u044b \u0438 \u043e\u0441\u0435\u043d\u0438!\",\"breadcrumb\":{\"@id\":\"https:\\\/\\\/xstyle.md\\\/product\\\/kurtka-zhenskaja-hannah-frida-lite\\\/#breadcrumb\"},\"inLanguage\":\"ro-RO\",\"potentialAction\":[{\"@type\":\"ReadAction\",\"target\":[\"https:\\\/\\\/xstyle.md\\\/product\\\/kurtka-zhenskaja-hannah-frida-lite\\\/\"]}]},{\"@type\":\"ImageObject\",\"inLanguage\":\"ro-RO\",\"@id\":\"https:\\\/\\\/xstyle.md\\\/product\\\/kurtka-zhenskaja-hannah-frida-lite\\\/#primaryimage\",\"url\":\"https:\\\/\\\/xstyle.md\\\/wp-content\\\/uploads\\\/2021\\\/04\\\/0a2f5da4713a83840a8979f3f442f2c0p258092-1200x1200-1.jpg\",\"contentUrl\":\"https:\\\/\\\/xstyle.md\\\/wp-content\\\/uploads\\\/2021\\\/04\\\/0a2f5da4713a83840a8979f3f442f2c0p258092-1200x1200-1.jpg\",\"width\":930,\"height\":1200},{\"@type\":\"BreadcrumbList\",\"@id\":\"https:\\\/\\\/xstyle.md\\\/product\\\/kurtka-zhenskaja-hannah-frida-lite\\\/#breadcrumb\",\"itemListElement\":[{\"@type\":\"ListItem\",\"position\":1,\"name\":\"\u0413\u043b\u0430\u0432\u043d\u0430\u044f \u0441\u0442\u0440\u0430\u043d\u0438\u0446\u0430\",\"item\":\"https:\\\/\\\/xstyle.md\\\/\"},{\"@type\":\"ListItem\",\"position\":2,\"name\":\"\u041c\u0430\u0433\u0430\u0437\u0438\u043d\",\"item\":\"https:\\\/\\\/xstyle.md\\\/shop\\\/\"},{\"@type\":\"ListItem\",\"position\":3,\"name\":\"\u041a\u0443\u0440\u0442\u043a\u0430 Hannah Frida Lite Wmn dark slate\"}]},{\"@type\":\"WebSite\",\"@id\":\"https:\\\/\\\/xstyle.md\\\/#website\",\"url\":\"https:\\\/\\\/xstyle.md\\\/\",\"name\":\"\u041c\u0430\u0433\u0430\u0437\u0438\u043d Xstyle\",\"description\":\"C\u043d\u0430\u0440\u044f\u0436\u0435\u043d\u0438\u0435 \u0434\u043b\u044f \u0442\u0443\u0440\u0438\u0437\u043c\u0430 \u0438 \u044d\u043a\u0441\u0442\u0440\u0435\u043c\u0430\u043b\u044c\u043d\u044b\u0445 \u0432\u0438\u0434\u043e\u0432 \u0441\u043f\u043e\u0440\u0442\u0430 \u0432 \u041c\u043e\u043b\u0434\u043e\u0432\u0435.. \u0426\u0435\u043d\u044b, \u0444\u043e\u0442\u043e, \u0445\u0430\u0440\u0430\u043a\u0442\u0435\u0440\u0438\u0441\u0442\u0438\u043a\u0438 \u0432 \u041c\u043e\u043b\u0434\u043e\u0432\u0435.\",\"publisher\":{\"@id\":\"https:\\\/\\\/xstyle.md\\\/#organization\"},\"alternateName\":\"X-Style\",\"potentialAction\":[{\"@type\":\"SearchAction\",\"target\":{\"@type\":\"EntryPoint\",\"urlTemplate\":\"https:\\\/\\\/xstyle.md\\\/?s={search_term_string}\"},\"query-input\":{\"@type\":\"PropertyValueSpecification\",\"valueRequired\":true,\"valueName\":\"search_term_string\"}}],\"inLanguage\":\"ro-RO\"},{\"@type\":\"Organization\",\"@id\":\"https:\\\/\\\/xstyle.md\\\/#organization\",\"name\":\"\u041c\u0430\u0433\u0430\u0437\u0438\u043d Xstyle\",\"alternateName\":\"x-style\",\"url\":\"https:\\\/\\\/xstyle.md\\\/\",\"logo\":{\"@type\":\"ImageObject\",\"inLanguage\":\"ro-RO\",\"@id\":\"https:\\\/\\\/xstyle.md\\\/#\\\/schema\\\/logo\\\/image\\\/\",\"url\":\"https:\\\/\\\/xstyle.md\\\/wp-content\\\/uploads\\\/2020\\\/06\\\/logoicon.svg\",\"contentUrl\":\"https:\\\/\\\/xstyle.md\\\/wp-content\\\/uploads\\\/2020\\\/06\\\/logoicon.svg\",\"caption\":\"\u041c\u0430\u0433\u0430\u0437\u0438\u043d Xstyle\"},\"image\":{\"@id\":\"https:\\\/\\\/xstyle.md\\\/#\\\/schema\\\/logo\\\/image\\\/\"},\"sameAs\":[\"https:\\\/\\\/www.facebook.com\\\/xstylemd\",\"https:\\\/\\\/www.instagram.com\\\/xstyle_md\\\/\",\"https:\\\/\\\/t.me\\\/xstyle_outdoor\"],\"hasMerchantReturnPolicy\":{\"@type\":\"MerchantReturnPolicy\",\"merchantReturnLink\":\"https:\\\/\\\/xstyle.md\\\/ro\\\/conditions\\\/\"}}]}<\/script>\n<meta property=\"product:price:amount\" content=\"1590.00\" \/>\n<meta property=\"product:price:currency\" content=\"MDL\" \/>\n<meta property=\"og:availability\" content=\"instock\" \/>\n<meta property=\"product:availability\" content=\"instock\" \/>\n<meta property=\"product:retailer_item_id\" content=\"8591203296434\" \/>\n<meta property=\"product:condition\" content=\"new\" \/>\n<!-- \/ Yoast SEO plugin. -->","yoast_head_json":{"title":"Geac\u0103 Hannah Frida Lite Wmn dark slate - Magazin Xstyle","description":"Jachet\u0103 Hannah Frida Lite Wmn dark slate: jachet\u0103 softshell u\u0219oar\u0103 \u0219i impermeabil\u0103 cu membran\u0103 Resstex 8000. Ideal\u0103 pentru prim\u0103var\u0103 \u0219i toamn\u0103!","robots":{"index":"index","follow":"follow","max-snippet":"max-snippet:-1","max-image-preview":"max-image-preview:large","max-video-preview":"max-video-preview:-1"},"canonical":"https:\/\/xstyle.md\/ro\/produs\/kurtka-zhenskaja-hannah-frida-lite\/","og_locale":"ro_RO","og_type":"article","og_title":"\u041a\u0443\u0440\u0442\u043a\u0430 Hannah Frida Lite Wmn dark slate - \u041c\u0430\u0433\u0430\u0437\u0438\u043d Xstyle","og_description":"\u041a\u0443\u0440\u0442\u043a\u0430 Hannah Frida Lite Wmn dark slate: \u043b\u0435\u0433\u043a\u0430\u044f \u0438 \u0432\u043e\u0434\u043e\u043d\u0435\u043f\u0440\u043e\u043d\u0438\u0446\u0430\u0435\u043c\u0430\u044f softshell-\u043a\u0443\u0440\u0442\u043a\u0430 \u0441 \u043c\u0435\u043c\u0431\u0440\u0430\u043d\u043e\u0439 Resstex 8000. \u0418\u0434\u0435\u0430\u043b\u044c\u043d\u0430 \u0434\u043b\u044f \u0432\u0435\u0441\u043d\u044b \u0438 \u043e\u0441\u0435\u043d\u0438!","og_url":"https:\/\/xstyle.md\/ro\/produs\/kurtka-zhenskaja-hannah-frida-lite\/","og_site_name":"\u041c\u0430\u0433\u0430\u0437\u0438\u043d Xstyle","article_publisher":"https:\/\/www.facebook.com\/xstylemd","article_modified_time":"2025-10-24T09:39:37+00:00","og_image":[{"width":930,"height":1200,"url":"https:\/\/xstyle.md\/wp-content\/uploads\/2021\/04\/0a2f5da4713a83840a8979f3f442f2c0p258092-1200x1200-1.jpg","type":"image\/jpeg"}],"twitter_card":"summary_large_image","twitter_misc":{"Pre\u021b":"1.590&nbsp;MDL","Disponibilitate":"\u00cen stoc"},"schema":{"@context":"https:\/\/schema.org","@graph":[{"@type":"WebPage","@id":"https:\/\/xstyle.md\/product\/kurtka-zhenskaja-hannah-frida-lite\/","url":"https:\/\/xstyle.md\/product\/kurtka-zhenskaja-hannah-frida-lite\/","name":"Geac\u0103 Hannah Frida Lite Wmn dark slate - Magazin Xstyle","isPartOf":{"@id":"https:\/\/xstyle.md\/#website"},"primaryImageOfPage":{"@id":"https:\/\/xstyle.md\/product\/kurtka-zhenskaja-hannah-frida-lite\/#primaryimage"},"image":{"@id":"https:\/\/xstyle.md\/product\/kurtka-zhenskaja-hannah-frida-lite\/#primaryimage"},"thumbnailUrl":"https:\/\/xstyle.md\/wp-content\/uploads\/2021\/04\/0a2f5da4713a83840a8979f3f442f2c0p258092-1200x1200-1.jpg","datePublished":"2021-01-11T13:21:56+00:00","dateModified":"2025-10-24T09:39:37+00:00","description":"Jachet\u0103 Hannah Frida Lite Wmn dark slate: jachet\u0103 softshell u\u0219oar\u0103 \u0219i impermeabil\u0103 cu membran\u0103 Resstex 8000. Ideal\u0103 pentru prim\u0103var\u0103 \u0219i toamn\u0103!","breadcrumb":{"@id":"https:\/\/xstyle.md\/product\/kurtka-zhenskaja-hannah-frida-lite\/#breadcrumb"},"inLanguage":"ro-RO","potentialAction":[{"@type":"ReadAction","target":["https:\/\/xstyle.md\/product\/kurtka-zhenskaja-hannah-frida-lite\/"]}]},{"@type":"ImageObject","inLanguage":"ro-RO","@id":"https:\/\/xstyle.md\/product\/kurtka-zhenskaja-hannah-frida-lite\/#primaryimage","url":"https:\/\/xstyle.md\/wp-content\/uploads\/2021\/04\/0a2f5da4713a83840a8979f3f442f2c0p258092-1200x1200-1.jpg","contentUrl":"https:\/\/xstyle.md\/wp-content\/uploads\/2021\/04\/0a2f5da4713a83840a8979f3f442f2c0p258092-1200x1200-1.jpg","width":930,"height":1200},{"@type":"BreadcrumbList","@id":"https:\/\/xstyle.md\/product\/kurtka-zhenskaja-hannah-frida-lite\/#breadcrumb","itemListElement":[{"@type":"ListItem","position":1,"name":"\u0413\u043b\u0430\u0432\u043d\u0430\u044f \u0441\u0442\u0440\u0430\u043d\u0438\u0446\u0430","item":"https:\/\/xstyle.md\/"},{"@type":"ListItem","position":2,"name":"\u041c\u0430\u0433\u0430\u0437\u0438\u043d","item":"https:\/\/xstyle.md\/shop\/"},{"@type":"ListItem","position":3,"name":"\u041a\u0443\u0440\u0442\u043a\u0430 Hannah Frida Lite Wmn dark slate"}]},{"@type":"WebSite","@id":"https:\/\/xstyle.md\/#website","url":"https:\/\/xstyle.md\/","name":"Magazinul X-Style","description":"Echipamente pentru turism \u0219i sporturi extreme \u00een Moldova. Pre\u021buri, fotografii, caracteristici \u00een Moldova.","publisher":{"@id":"https:\/\/xstyle.md\/#organization"},"alternateName":"X-Style","potentialAction":[{"@type":"SearchAction","target":{"@type":"EntryPoint","urlTemplate":"https:\/\/xstyle.md\/?s={search_term_string}"},"query-input":{"@type":"PropertyValueSpecification","valueRequired":true,"valueName":"search_term_string"}}],"inLanguage":"ro-RO"},{"@type":"Organization","@id":"https:\/\/xstyle.md\/#organization","name":"Magazinul X-Style","alternateName":"x-style","url":"https:\/\/xstyle.md\/","logo":{"@type":"ImageObject","inLanguage":"ro-RO","@id":"https:\/\/xstyle.md\/#\/schema\/logo\/image\/","url":"https:\/\/xstyle.md\/wp-content\/uploads\/2020\/06\/logoicon.svg","contentUrl":"https:\/\/xstyle.md\/wp-content\/uploads\/2020\/06\/logoicon.svg","caption":"\u041c\u0430\u0433\u0430\u0437\u0438\u043d Xstyle"},"image":{"@id":"https:\/\/xstyle.md\/#\/schema\/logo\/image\/"},"sameAs":["https:\/\/www.facebook.com\/xstylemd","https:\/\/www.instagram.com\/xstyle_md\/","https:\/\/t.me\/xstyle_outdoor"],"hasMerchantReturnPolicy":{"@type":"MerchantReturnPolicy","merchantReturnLink":"https:\/\/xstyle.md\/ro\/conditions\/"}}]},"product_price_amount":"1590.00","product_price_currency":"MDL","og_availability":"instock","product_availability":"instock","product_retailer_item_id":"8591203296434","product_condition":"new"},"_links":{"self":[{"href":"https:\/\/xstyle.md\/ro\/wp-json\/wp\/v2\/product\/27105","targetHints":{"allow":["GET"]}}],"collection":[{"href":"https:\/\/xstyle.md\/ro\/wp-json\/wp\/v2\/product"}],"about":[{"href":"https:\/\/xstyle.md\/ro\/wp-json\/wp\/v2\/types\/product"}],"replies":[{"embeddable":true,"href":"https:\/\/xstyle.md\/ro\/wp-json\/wp\/v2\/comments?post=27105"}],"wp:featuredmedia":[{"embeddable":true,"href":"https:\/\/xstyle.md\/ro\/wp-json\/wp\/v2\/media\/28734"}],"wp:attachment":[{"href":"https:\/\/xstyle.md\/ro\/wp-json\/wp\/v2\/media?parent=27105"}],"wp:term":[{"taxonomy":"product_brand","embeddable":true,"href":"https:\/\/xstyle.md\/ro\/wp-json\/wp\/v2\/product_brand?post=27105"},{"taxonomy":"product_cat","embeddable":true,"href":"https:\/\/xstyle.md\/ro\/wp-json\/wp\/v2\/product_cat?post=27105"},{"taxonomy":"product_tag","embeddable":true,"href":"https:\/\/xstyle.md\/ro\/wp-json\/wp\/v2\/product_tag?post=27105"}],"curies":[{"name":"wp","href":"https:\/\/api.w.org\/{rel}","templated":true}]}}