{"id":2710,"date":"2020-07-16T17:20:03","date_gmt":"2020-07-16T14:20:03","guid":{"rendered":"https:\/\/xstyle.md\/product\/spal-nyj-meshok-outwell-camper-double"},"modified":"2025-07-28T12:27:51","modified_gmt":"2025-07-28T09:27:51","slug":"spal-nyj-meshok-outwell-camper-double","status":"publish","type":"product","link":"https:\/\/xstyle.md\/ro\/produs\/spal-nyj-meshok-outwell-camper-double\/","title":{"rendered":"Sac de dormit Outwell Camper Lux Double"},"content":{"rendered":"<\/p>\n<p>Sac de dormit clasic <strong>Camper\u00a0Lux Double\u00a0<\/strong>\u00eentruchipeaz\u0103 toate tendin\u021bele avansate ale sacilor de dormit cu Isofill 2400g. Sacul de dormit cu umplutur\u0103 dubl\u0103 este conceput pentru drume\u021bii care au nevoie de un sac de dormit de calitate superioar\u0103, f\u0103r\u0103 umplutur\u0103 de puf. Are un buzunar interior pentru a depozita \u00een siguran\u021b\u0103 obiecte mici, dar valoroase. Conceput at\u00e2t pentru sezonul de iarn\u0103, c\u00e2t \u0219i pentru cel de var\u0103.<\/p>\n<h3>Particularit\u0103\u021bi<\/h3>\n<ul>\n<li>Poate fi folosit ca doi saci de dormit single<\/li>\n<li>Poate fi folosit ca dou\u0103 pl\u0103pumi mari<\/li>\n<li>Glug\u0103 deta\u0219abil\u0103 cu pern\u0103 cusut\u0103 \u00een interior<\/li>\n<li>Protec\u021bie cu fermoar pe toat\u0103 lungimea pentru c\u0103ldur\u0103<\/li>\n<li>Fermoar anti-blocare<\/li>\n<li>Buzunar interior pentru obiecte mici<\/li>\n<li>Geant\u0103 de \u00eempachetat.<\/li>\n<\/ul>\n<h3>Caracteristici<\/h3>\n<ul>\n<li>Greutate &#8212; 4,8 kg<\/li>\n<li>Dimensiuni &#8212; 235 x 170 x 200 cm<\/li>\n<li>Dimensiuni \u00een pachet &#8212; 52 x 52 x 30 cm<\/li>\n<li>\u021aes\u0103tur\u0103 exterioar\u0103 &#8212; Polycotton (20% bumbac, 80% poliester)<\/li>\n<li>\u021aes\u0103tur\u0103 interioar\u0103 &#8212; Flanel\u0103 de bumbac (100% bumbac)<\/li>\n<li>Umplutur\u0103 &#8212; 3100 g &#8212; Isofill<\/li>\n<li>Fermoar &#8212; dublu fa\u021b\u0103 &#8212; autoblocare, \u00een form\u0103 de L<\/li>\n<li>Destina\u021bie &#8212; camping<\/li>\n<li>Sezonul &#8212; toate anotimpurile.<\/li>\n<\/ul>\n<h3>Modul de temperatur\u0103<\/h3>\n<ul>\n<li>Temperatura de confort pentru femei: 5 \u00b0C<\/li>\n<li>Temperatura de confort pentru b\u0103rba\u021bi: -1 \u00b0C<\/li>\n<li>Temperatur\u0103 extrem\u0103: -16 \u00b0C.<\/li>\n<\/ul>\n<h3>Tehnologie<\/h3>\n<ul>\n<li><strong>Isofill <\/strong>&#8212; un material izolator \u00een care fiecare fir este gol \u00een interior pentru a re\u021bine aerul suplimentar pentru c\u0103ldur\u0103. De asemenea, fibrele de silicon foarte moi \u0219i elastice se usuc\u0103 rapid \u0219i sunt foarte igienice.<\/li>\n<li><strong>Cotton flannel <\/strong>&#8212; o \u021bes\u0103tur\u0103 de bumbac moale, de densitate medie, cu un finisaj ciufulit sau pufos pe una sau pe ambele fe\u021be. Acest finisaj pufos rezult\u0103 fie din periere, fie din \u021bes\u0103tura liber\u0103 caracteristic\u0103. \u021aes\u0103tura moale \u0219i confortabil\u0103 este ideal\u0103 pentru a v\u0103 men\u021bine c\u0103ldura \u0219i confortul pe tot parcursul iernii. Este adesea \u021besut\u0103 cu modele, \u00een special carouri \u0219i tartan, \u0219i este cea mai potrivit\u0103 \u021bes\u0103tur\u0103 pentru a\u0219ternuturile de iarn\u0103.<\/li>\n<\/ul>\n<p><\/p>\n<p><iframe loading=\"lazy\" title=\"Outwell Sleeping bag Camper Lux Double | Innovative Family Camping\" width=\"640\" height=\"360\" src=\"https:\/\/www.youtube.com\/embed\/hCVSXGpLstU?feature=oembed\" frameborder=\"0\" allow=\"accelerometer; autoplay; clipboard-write; encrypted-media; gyroscope; picture-in-picture; web-share\" referrerpolicy=\"strict-origin-when-cross-origin\" allowfullscreen><\/iframe><\/p>","protected":false},"excerpt":{"rendered":"<p>Sac de dormit Outwell Camper Lux Double<\/p>","protected":false},"featured_media":2709,"comment_status":"open","ping_status":"closed","template":"","meta":{"_acf_changed":false,"inline_featured_image":false},"product_brand":[1275],"product_cat":[304],"product_tag":[],"class_list":{"0":"post-2710","1":"product","2":"type-product","3":"status-publish","4":"has-post-thumbnail","6":"product_brand-outwell","7":"product_cat-blankets","9":"first","10":"outofstock","11":"shipping-taxable","12":"product-type-simple"},"acf":[],"yoast_head":"<!-- This site is optimized with the Yoast SEO plugin v27.2 - https:\/\/yoast.com\/product\/yoast-seo-wordpress\/ -->\n<title>\u0421\u043f\u0430\u043b\u044c\u043d\u044b\u0439 \u043c\u0435\u0448\u043e\u043a Outwell Camper Lux Double - \u041c\u0430\u0433\u0430\u0437\u0438\u043d Xstyle<\/title>\n<meta name=\"description\" content=\"\u0421\u043f\u0430\u043b\u044c\u043d\u044b\u0439 \u043c\u0435\u0448\u043e\u043a Outwell Camper Lux Double - \u0438\u0434\u0435\u0430\u043b\u044c\u043d\u044b\u0439 \u0432\u044b\u0431\u043e\u0440 \u0434\u043b\u044f \u043f\u043e\u0445\u043e\u0434\u043e\u0432. \u0421 \u043d\u0430\u043f\u043e\u043b\u043d\u0438\u0442\u0435\u043b\u0435\u043c Isofill 2400 \u0433 \u0438 \u0444\u043b\u0430\u043d\u0435\u043b\u044c\u044e 100% \u0445\u043b\u043e\u043f\u043e\u043a. \u041a\u043e\u043c\u0444\u043e\u0440\u0442 \u0438 \u0442\u0435\u043f\u043b\u043e!\" \/>\n<meta name=\"robots\" content=\"index, follow, max-snippet:-1, max-image-preview:large, max-video-preview:-1\" \/>\n<link rel=\"canonical\" href=\"https:\/\/xstyle.md\/ro\/produs\/spal-nyj-meshok-outwell-camper-double\/\" \/>\n<meta property=\"og:locale\" content=\"ro_RO\" \/>\n<meta property=\"og:type\" content=\"article\" \/>\n<meta property=\"og:title\" content=\"\u0421\u043f\u0430\u043b\u044c\u043d\u044b\u0439 \u043c\u0435\u0448\u043e\u043a Outwell Camper Lux Double - \u041c\u0430\u0433\u0430\u0437\u0438\u043d Xstyle\" \/>\n<meta property=\"og:description\" content=\"\u0421\u043f\u0430\u043b\u044c\u043d\u044b\u0439 \u043c\u0435\u0448\u043e\u043a Outwell Camper Lux Double - \u0438\u0434\u0435\u0430\u043b\u044c\u043d\u044b\u0439 \u0432\u044b\u0431\u043e\u0440 \u0434\u043b\u044f \u043f\u043e\u0445\u043e\u0434\u043e\u0432. \u0421 \u043d\u0430\u043f\u043e\u043b\u043d\u0438\u0442\u0435\u043b\u0435\u043c Isofill 2400 \u0433 \u0438 \u0444\u043b\u0430\u043d\u0435\u043b\u044c\u044e 100% \u0445\u043b\u043e\u043f\u043e\u043a. \u041a\u043e\u043c\u0444\u043e\u0440\u0442 \u0438 \u0442\u0435\u043f\u043b\u043e!\" \/>\n<meta property=\"og:url\" content=\"https:\/\/xstyle.md\/ro\/produs\/spal-nyj-meshok-outwell-camper-double\/\" \/>\n<meta property=\"og:site_name\" content=\"\u041c\u0430\u0433\u0430\u0437\u0438\u043d Xstyle\" \/>\n<meta property=\"article:publisher\" content=\"https:\/\/www.facebook.com\/xstylemd\" \/>\n<meta property=\"article:modified_time\" content=\"2025-07-28T09:27:51+00:00\" \/>\n<meta property=\"og:image\" content=\"https:\/\/xstyle.md\/wp-content\/uploads\/2020\/07\/bd-0f-b2-8f-8e-8d-73-ff-de-e6-b9-c2-cf-4c-46-37.jpg\" \/>\n\t<meta property=\"og:image:width\" content=\"1278\" \/>\n\t<meta property=\"og:image:height\" content=\"720\" \/>\n\t<meta property=\"og:image:type\" content=\"image\/jpeg\" \/>\n<meta name=\"twitter:card\" content=\"summary_large_image\" \/>\n<meta name=\"twitter:label1\" content=\"Pre\u021b\" \/>\n\t<meta name=\"twitter:data1\" content=\"4.390&nbsp;MDL\" \/>\n\t<meta name=\"twitter:label2\" content=\"Disponibilitate\" \/>\n\t<meta name=\"twitter:data2\" content=\"Stoc epuizat\" \/>\n<script type=\"application\/ld+json\" class=\"yoast-schema-graph\">{\"@context\":\"https:\/\/schema.org\",\"@graph\":[{\"@type\":\"WebPage\",\"@id\":\"https:\/\/xstyle.md\/product\/spal-nyj-meshok-outwell-camper-double\/\",\"url\":\"https:\/\/xstyle.md\/product\/spal-nyj-meshok-outwell-camper-double\/\",\"name\":\"\u0421\u043f\u0430\u043b\u044c\u043d\u044b\u0439 \u043c\u0435\u0448\u043e\u043a Outwell Camper Lux Double - \u041c\u0430\u0433\u0430\u0437\u0438\u043d Xstyle\",\"isPartOf\":{\"@id\":\"https:\/\/xstyle.md\/#website\"},\"primaryImageOfPage\":{\"@id\":\"https:\/\/xstyle.md\/product\/spal-nyj-meshok-outwell-camper-double\/#primaryimage\"},\"image\":{\"@id\":\"https:\/\/xstyle.md\/product\/spal-nyj-meshok-outwell-camper-double\/#primaryimage\"},\"thumbnailUrl\":\"https:\/\/xstyle.md\/wp-content\/uploads\/2020\/07\/bd-0f-b2-8f-8e-8d-73-ff-de-e6-b9-c2-cf-4c-46-37.jpg\",\"datePublished\":\"2020-07-16T14:20:03+00:00\",\"dateModified\":\"2025-07-28T09:27:51+00:00\",\"description\":\"\u0421\u043f\u0430\u043b\u044c\u043d\u044b\u0439 \u043c\u0435\u0448\u043e\u043a Outwell Camper Lux Double - \u0438\u0434\u0435\u0430\u043b\u044c\u043d\u044b\u0439 \u0432\u044b\u0431\u043e\u0440 \u0434\u043b\u044f \u043f\u043e\u0445\u043e\u0434\u043e\u0432. \u0421 \u043d\u0430\u043f\u043e\u043b\u043d\u0438\u0442\u0435\u043b\u0435\u043c Isofill 2400 \u0433 \u0438 \u0444\u043b\u0430\u043d\u0435\u043b\u044c\u044e 100% \u0445\u043b\u043e\u043f\u043e\u043a. \u041a\u043e\u043c\u0444\u043e\u0440\u0442 \u0438 \u0442\u0435\u043f\u043b\u043e!\",\"breadcrumb\":{\"@id\":\"https:\/\/xstyle.md\/product\/spal-nyj-meshok-outwell-camper-double\/#breadcrumb\"},\"inLanguage\":\"ro-RO\",\"potentialAction\":[{\"@type\":\"ReadAction\",\"target\":[\"https:\/\/xstyle.md\/product\/spal-nyj-meshok-outwell-camper-double\/\"]}]},{\"@type\":\"ImageObject\",\"inLanguage\":\"ro-RO\",\"@id\":\"https:\/\/xstyle.md\/product\/spal-nyj-meshok-outwell-camper-double\/#primaryimage\",\"url\":\"https:\/\/xstyle.md\/wp-content\/uploads\/2020\/07\/bd-0f-b2-8f-8e-8d-73-ff-de-e6-b9-c2-cf-4c-46-37.jpg\",\"contentUrl\":\"https:\/\/xstyle.md\/wp-content\/uploads\/2020\/07\/bd-0f-b2-8f-8e-8d-73-ff-de-e6-b9-c2-cf-4c-46-37.jpg\",\"width\":1278,\"height\":720},{\"@type\":\"BreadcrumbList\",\"@id\":\"https:\/\/xstyle.md\/product\/spal-nyj-meshok-outwell-camper-double\/#breadcrumb\",\"itemListElement\":[{\"@type\":\"ListItem\",\"position\":1,\"name\":\"\u0413\u043b\u0430\u0432\u043d\u0430\u044f \u0441\u0442\u0440\u0430\u043d\u0438\u0446\u0430\",\"item\":\"https:\/\/xstyle.md\/\"},{\"@type\":\"ListItem\",\"position\":2,\"name\":\"\u041c\u0430\u0433\u0430\u0437\u0438\u043d\",\"item\":\"https:\/\/xstyle.md\/shop\/\"},{\"@type\":\"ListItem\",\"position\":3,\"name\":\"\u0421\u043f\u0430\u043b\u044c\u043d\u044b\u0439 \u043c\u0435\u0448\u043e\u043a Outwell Camper Lux Double\"}]},{\"@type\":\"WebSite\",\"@id\":\"https:\/\/xstyle.md\/#website\",\"url\":\"https:\/\/xstyle.md\/\",\"name\":\"\u041c\u0430\u0433\u0430\u0437\u0438\u043d Xstyle\",\"description\":\"C\u043d\u0430\u0440\u044f\u0436\u0435\u043d\u0438\u0435 \u0434\u043b\u044f \u0442\u0443\u0440\u0438\u0437\u043c\u0430 \u0438 \u044d\u043a\u0441\u0442\u0440\u0435\u043c\u0430\u043b\u044c\u043d\u044b\u0445 \u0432\u0438\u0434\u043e\u0432 \u0441\u043f\u043e\u0440\u0442\u0430 \u0432 \u041c\u043e\u043b\u0434\u043e\u0432\u0435.. \u0426\u0435\u043d\u044b, \u0444\u043e\u0442\u043e, \u0445\u0430\u0440\u0430\u043a\u0442\u0435\u0440\u0438\u0441\u0442\u0438\u043a\u0438 \u0432 \u041c\u043e\u043b\u0434\u043e\u0432\u0435.\",\"publisher\":{\"@id\":\"https:\/\/xstyle.md\/#organization\"},\"alternateName\":\"X-Style\",\"potentialAction\":[{\"@type\":\"SearchAction\",\"target\":{\"@type\":\"EntryPoint\",\"urlTemplate\":\"https:\/\/xstyle.md\/?s={search_term_string}\"},\"query-input\":{\"@type\":\"PropertyValueSpecification\",\"valueRequired\":true,\"valueName\":\"search_term_string\"}}],\"inLanguage\":\"ro-RO\"},{\"@type\":\"Organization\",\"@id\":\"https:\/\/xstyle.md\/#organization\",\"name\":\"\u041c\u0430\u0433\u0430\u0437\u0438\u043d Xstyle\",\"alternateName\":\"x-style\",\"url\":\"https:\/\/xstyle.md\/\",\"logo\":{\"@type\":\"ImageObject\",\"inLanguage\":\"ro-RO\",\"@id\":\"https:\/\/xstyle.md\/#\/schema\/logo\/image\/\",\"url\":\"https:\/\/xstyle.md\/wp-content\/uploads\/2020\/06\/logoicon.svg\",\"contentUrl\":\"https:\/\/xstyle.md\/wp-content\/uploads\/2020\/06\/logoicon.svg\",\"caption\":\"\u041c\u0430\u0433\u0430\u0437\u0438\u043d Xstyle\"},\"image\":{\"@id\":\"https:\/\/xstyle.md\/#\/schema\/logo\/image\/\"},\"sameAs\":[\"https:\/\/www.facebook.com\/xstylemd\",\"https:\/\/www.instagram.com\/xstyle_md\/\",\"https:\/\/t.me\/xstyle_outdoor\"],\"hasMerchantReturnPolicy\":{\"@type\":\"MerchantReturnPolicy\",\"merchantReturnLink\":\"https:\/\/xstyle.md\/ro\/conditions\/\"}}]}<\/script>\n<meta property=\"product:price:amount\" content=\"4390.00\" \/>\n<meta property=\"product:price:currency\" content=\"MDL\" \/>\n<meta property=\"og:availability\" content=\"out of stock\" \/>\n<meta property=\"product:availability\" content=\"out of stock\" \/>\n<meta property=\"product:retailer_item_id\" content=\"5709388053633\" \/>\n<meta property=\"product:condition\" content=\"new\" \/>\n<!-- \/ Yoast SEO plugin. -->","yoast_head_json":{"title":"Sac de dormit Outwell Camper Lux Double - Magazin Xstyle","description":"Sac de dormit Outwell Camper Lux Double - alegerea perfect\u0103 pentru drume\u021bii. Cu umplutur\u0103 Isofill de 2400 g \u0219i flanel 100% bumbac. Comfort \u0219i c\u0103ldur\u0103!","robots":{"index":"index","follow":"follow","max-snippet":"max-snippet:-1","max-image-preview":"max-image-preview:large","max-video-preview":"max-video-preview:-1"},"canonical":"https:\/\/xstyle.md\/ro\/produs\/spal-nyj-meshok-outwell-camper-double\/","og_locale":"ro_RO","og_type":"article","og_title":"\u0421\u043f\u0430\u043b\u044c\u043d\u044b\u0439 \u043c\u0435\u0448\u043e\u043a Outwell Camper Lux Double - \u041c\u0430\u0433\u0430\u0437\u0438\u043d Xstyle","og_description":"\u0421\u043f\u0430\u043b\u044c\u043d\u044b\u0439 \u043c\u0435\u0448\u043e\u043a Outwell Camper Lux Double - \u0438\u0434\u0435\u0430\u043b\u044c\u043d\u044b\u0439 \u0432\u044b\u0431\u043e\u0440 \u0434\u043b\u044f \u043f\u043e\u0445\u043e\u0434\u043e\u0432. \u0421 \u043d\u0430\u043f\u043e\u043b\u043d\u0438\u0442\u0435\u043b\u0435\u043c Isofill 2400 \u0433 \u0438 \u0444\u043b\u0430\u043d\u0435\u043b\u044c\u044e 100% \u0445\u043b\u043e\u043f\u043e\u043a. \u041a\u043e\u043c\u0444\u043e\u0440\u0442 \u0438 \u0442\u0435\u043f\u043b\u043e!","og_url":"https:\/\/xstyle.md\/ro\/produs\/spal-nyj-meshok-outwell-camper-double\/","og_site_name":"\u041c\u0430\u0433\u0430\u0437\u0438\u043d Xstyle","article_publisher":"https:\/\/www.facebook.com\/xstylemd","article_modified_time":"2025-07-28T09:27:51+00:00","og_image":[{"width":1278,"height":720,"url":"https:\/\/xstyle.md\/wp-content\/uploads\/2020\/07\/bd-0f-b2-8f-8e-8d-73-ff-de-e6-b9-c2-cf-4c-46-37.jpg","type":"image\/jpeg"}],"twitter_card":"summary_large_image","twitter_misc":{"Pre\u021b":"4.390&nbsp;MDL","Disponibilitate":"Stoc epuizat"},"schema":{"@context":"https:\/\/schema.org","@graph":[{"@type":"WebPage","@id":"https:\/\/xstyle.md\/product\/spal-nyj-meshok-outwell-camper-double\/","url":"https:\/\/xstyle.md\/product\/spal-nyj-meshok-outwell-camper-double\/","name":"Sac de dormit Outwell Camper Lux Double - Magazin Xstyle","isPartOf":{"@id":"https:\/\/xstyle.md\/#website"},"primaryImageOfPage":{"@id":"https:\/\/xstyle.md\/product\/spal-nyj-meshok-outwell-camper-double\/#primaryimage"},"image":{"@id":"https:\/\/xstyle.md\/product\/spal-nyj-meshok-outwell-camper-double\/#primaryimage"},"thumbnailUrl":"https:\/\/xstyle.md\/wp-content\/uploads\/2020\/07\/bd-0f-b2-8f-8e-8d-73-ff-de-e6-b9-c2-cf-4c-46-37.jpg","datePublished":"2020-07-16T14:20:03+00:00","dateModified":"2025-07-28T09:27:51+00:00","description":"Sac de dormit Outwell Camper Lux Double - alegerea perfect\u0103 pentru drume\u021bii. Cu umplutur\u0103 Isofill de 2400 g \u0219i flanel 100% bumbac. Comfort \u0219i c\u0103ldur\u0103!","breadcrumb":{"@id":"https:\/\/xstyle.md\/product\/spal-nyj-meshok-outwell-camper-double\/#breadcrumb"},"inLanguage":"ro-RO","potentialAction":[{"@type":"ReadAction","target":["https:\/\/xstyle.md\/product\/spal-nyj-meshok-outwell-camper-double\/"]}]},{"@type":"ImageObject","inLanguage":"ro-RO","@id":"https:\/\/xstyle.md\/product\/spal-nyj-meshok-outwell-camper-double\/#primaryimage","url":"https:\/\/xstyle.md\/wp-content\/uploads\/2020\/07\/bd-0f-b2-8f-8e-8d-73-ff-de-e6-b9-c2-cf-4c-46-37.jpg","contentUrl":"https:\/\/xstyle.md\/wp-content\/uploads\/2020\/07\/bd-0f-b2-8f-8e-8d-73-ff-de-e6-b9-c2-cf-4c-46-37.jpg","width":1278,"height":720},{"@type":"BreadcrumbList","@id":"https:\/\/xstyle.md\/product\/spal-nyj-meshok-outwell-camper-double\/#breadcrumb","itemListElement":[{"@type":"ListItem","position":1,"name":"\u0413\u043b\u0430\u0432\u043d\u0430\u044f \u0441\u0442\u0440\u0430\u043d\u0438\u0446\u0430","item":"https:\/\/xstyle.md\/"},{"@type":"ListItem","position":2,"name":"\u041c\u0430\u0433\u0430\u0437\u0438\u043d","item":"https:\/\/xstyle.md\/shop\/"},{"@type":"ListItem","position":3,"name":"\u0421\u043f\u0430\u043b\u044c\u043d\u044b\u0439 \u043c\u0435\u0448\u043e\u043a Outwell Camper Lux Double"}]},{"@type":"WebSite","@id":"https:\/\/xstyle.md\/#website","url":"https:\/\/xstyle.md\/","name":"Magazinul X-Style","description":"Echipamente pentru turism \u0219i sporturi extreme \u00een Moldova. Pre\u021buri, fotografii, caracteristici \u00een Moldova.","publisher":{"@id":"https:\/\/xstyle.md\/#organization"},"alternateName":"X-Style","potentialAction":[{"@type":"SearchAction","target":{"@type":"EntryPoint","urlTemplate":"https:\/\/xstyle.md\/?s={search_term_string}"},"query-input":{"@type":"PropertyValueSpecification","valueRequired":true,"valueName":"search_term_string"}}],"inLanguage":"ro-RO"},{"@type":"Organization","@id":"https:\/\/xstyle.md\/#organization","name":"Magazinul X-Style","alternateName":"x-style","url":"https:\/\/xstyle.md\/","logo":{"@type":"ImageObject","inLanguage":"ro-RO","@id":"https:\/\/xstyle.md\/#\/schema\/logo\/image\/","url":"https:\/\/xstyle.md\/wp-content\/uploads\/2020\/06\/logoicon.svg","contentUrl":"https:\/\/xstyle.md\/wp-content\/uploads\/2020\/06\/logoicon.svg","caption":"\u041c\u0430\u0433\u0430\u0437\u0438\u043d Xstyle"},"image":{"@id":"https:\/\/xstyle.md\/#\/schema\/logo\/image\/"},"sameAs":["https:\/\/www.facebook.com\/xstylemd","https:\/\/www.instagram.com\/xstyle_md\/","https:\/\/t.me\/xstyle_outdoor"],"hasMerchantReturnPolicy":{"@type":"MerchantReturnPolicy","merchantReturnLink":"https:\/\/xstyle.md\/ro\/conditions\/"}}]},"product_price_amount":"4390.00","product_price_currency":"MDL","og_availability":"out of stock","product_availability":"out of stock","product_retailer_item_id":"5709388053633","product_condition":"new"},"post_mailing_queue_ids":[],"_links":{"self":[{"href":"https:\/\/xstyle.md\/ro\/wp-json\/wp\/v2\/product\/2710","targetHints":{"allow":["GET"]}}],"collection":[{"href":"https:\/\/xstyle.md\/ro\/wp-json\/wp\/v2\/product"}],"about":[{"href":"https:\/\/xstyle.md\/ro\/wp-json\/wp\/v2\/types\/product"}],"replies":[{"embeddable":true,"href":"https:\/\/xstyle.md\/ro\/wp-json\/wp\/v2\/comments?post=2710"}],"wp:featuredmedia":[{"embeddable":true,"href":"https:\/\/xstyle.md\/ro\/wp-json\/wp\/v2\/media\/2709"}],"wp:attachment":[{"href":"https:\/\/xstyle.md\/ro\/wp-json\/wp\/v2\/media?parent=2710"}],"wp:term":[{"taxonomy":"product_brand","embeddable":true,"href":"https:\/\/xstyle.md\/ro\/wp-json\/wp\/v2\/product_brand?post=2710"},{"taxonomy":"product_cat","embeddable":true,"href":"https:\/\/xstyle.md\/ro\/wp-json\/wp\/v2\/product_cat?post=2710"},{"taxonomy":"product_tag","embeddable":true,"href":"https:\/\/xstyle.md\/ro\/wp-json\/wp\/v2\/product_tag?post=2710"}],"curies":[{"name":"wp","href":"https:\/\/api.w.org\/{rel}","templated":true}]}}