{"id":27066,"date":"2021-01-11T16:21:39","date_gmt":"2021-01-11T13:21:39","guid":{"rendered":"https:\/\/xstyle.md\/product\/kovrik-therm-a-rest-neoair-xlite-regular-wide\/"},"modified":"2026-04-07T15:23:25","modified_gmt":"2026-04-07T12:23:25","slug":"kovrik-therm-a-rest-neoair-xlite-regular-wide","status":"publish","type":"product","link":"https:\/\/xstyle.md\/ro\/produs\/kovrik-therm-a-rest-neoair-xlite-regular-wide\/","title":{"rendered":"Saltea Therm-a-Rest NeoAir XLite Regular Wide"},"content":{"rendered":"<\/p>\n<p>Covoras <strong>Therm-a-Rest NeoAir XLite Regular Wide<\/strong> &#8212; este o saltea gonflabil\u0103 ultrau\u0219oar\u0103. Are un raport greutate\/izola\u021bie excelent \u0219i dimensiuni foarte mici \u00een pachet. Covora\u0219ele Neoair Xlite sunt concepute pentru utilizare pe tot parcursul anului. Ideale pentru alpini\u0219ti, drume\u021bi \u0219i to\u021bi pasiona\u021bii de activit\u0103\u021bi \u00een aer liber care doresc s\u0103 reduc\u0103 la minimum greutatea echipamentului lor f\u0103r\u0103 a sacrifica confortul \u0219i func\u021bionalitatea. Pentru noul sezon, covora\u0219ele Prolite au o nou\u0103 supap\u0103. Supapa WingLock unidirec\u021bional\u0103 maximizeaz\u0103 fluxul de aer, deschiz\u00e2ndu-se larg pentru o umflare u\u0219oar\u0103 \u0219i o dezumflare rapid\u0103.<\/p>\n<h3>Particularit\u0103\u021bi<\/h3>\n<ul>\n<li>Construc\u021bia Triangular Core Matrix &#8212; volumul interior al covorului este \u00eemp\u0103r\u021bit \u00een mai multe celule triunghiulare transversale dispuse \u00een dou\u0103 straturi. Acestea \u00eempiedic\u0103 circula\u021bia liber\u0103 a aerului, asigur\u00e2nd astfel o izolare termic\u0103 excelent\u0103. Construc\u021bia Triangular Core Matrix\u2122 distribuie, de asemenea, \u00een mod eficient greutatea celui care doarme, permi\u021b\u00e2ndu-i acestuia s\u0103 doarm\u0103 confortabil \u00een orice pozi\u021bie, chiar \u0219i pe o parte.<\/li>\n<li>Tehnologia ThermaCapture &#8212; pere\u021bi celulari triunghiulari Triangular Core Matrix au un strat aluminizat care reflect\u0103 radia\u021biile infraro\u0219ii emanate de corpul celui care doarme. Acest lucru \u00eembun\u0103t\u0103\u021be\u0219te \u0219i mai mult izolarea termic\u0103 a saltelei.<\/li>\n<li>Supap\u0103 WingLock unidirec\u021bional\u0103 cu deschidere larg\u0103.<\/li>\n<li>Neoair Xlite face parte din seria &#171;Ultralight Adventures&#187; de la Therm-a-Rest, care include cele mai u\u0219oare \u0219i mai compacte modele din categoria sa. Seria se adreseaz\u0103 utilizatorilor care trebuie s\u0103 reduc\u0103 la minimum greutatea \u0219i volumul echipamentului lor.<\/li>\n<li>Covora\u0219ul are o izola\u021bie termic\u0103 excelent\u0103, ceea ce \u00eel face potrivit pentru utilizare chiar \u0219i \u00een condi\u021bii de \u00eenghe\u021b. Combinat cu un covora\u0219 din spum\u0103 u\u0219oar\u0103.<\/li>\n<li>Neoair Xlite poate fi utilizat \u0219i iarna.<\/li>\n<li>Covora\u0219ul are o grosime de 6,4 cm, care absoarbe perfect neregulile de suprafa\u021b\u0103, sporind confortul de dormit. Elasticitatea saltelei poate fi reglat\u0103 cu ajutorul unei clapete.<\/li>\n<li>\u021aes\u0103tura superioar\u0103 are o senza\u021bie moale \u0219i pl\u0103cut\u0103 la atingere \u0219i aproape deloc fo\u0219net, ceea ce \u00eembun\u0103t\u0103\u021be\u0219te semnificativ confortul de dormit.<\/li>\n<li>Pentru a reduce greutatea, salteaua este proiectat\u0103 \u00een form\u0103 de cocon (conic\u0103 spre picioare).<\/li>\n<li>Este livrat cu un sac de ambalare, o pomp\u0103 \u0219i un set de repara\u021bii.<\/li>\n<li>Covora\u0219ul are dimensiuni foarte compacte atunci c\u00e2nd este \u00eempachetat.<\/li>\n<\/ul>\n<h3>Caracteristici<\/h3>\n<ul>\n<li>Material &#8212; 30d nailon de \u00eenalt\u0103 tenacitate, nailon de \u00eenalt\u0103 rezisten\u021b\u0103<\/li>\n<li>Dimensiune ambalat\u0103 &#8212; 28 x 12 cm<\/li>\n<li>Dimensiune &#8212; 183 x 64 cm<\/li>\n<li>Grosime &#8212; 6,4 cm<\/li>\n<li>Valoare R &#8212; 6,4<\/li>\n<li>Greutate &#8212; 430 g.<\/li>\n<\/ul>\n<h3>Marca<\/h3>\n<p>Therm-a-rest este un pionier \u00een domeniul covora\u0219elor auto-gonflabile, astfel \u00eenc\u00e2t Therm-a-rest este foarte confortabil pe pia\u021ba de exterior. Dar nu ofer\u0103 doar saltele pentru dormit, ci \u0219i perne pentru drume\u021bii, spume elegante, scaune gonflabile, \u0219ezlonguri compacte, scaune pliabile.<\/p>\n<p>Culorile vii, designul futurist \u0219i ingineria \u00eendr\u0103znea\u021b\u0103 fac ca produsele Therm-a-rest s\u0103 fie recunoscute \u00een \u00eentreaga lume, at\u00e2t de c\u0103tre cei care c\u0103l\u0103toresc pe distan\u021be lungi, c\u00e2t \u0219i de cei care doresc s\u0103 petreac\u0103 o zi relaxant\u0103 \u00een aer liber.<\/p>\n<p><\/p>","protected":false},"excerpt":{"rendered":"<p>Saltea Therm-a-Rest NeoAir XLite Regular Wide<\/p>","protected":false},"featured_media":28624,"comment_status":"open","ping_status":"closed","template":"","meta":{"_acf_changed":false,"inline_featured_image":false},"product_brand":[1286],"product_cat":[201],"product_tag":[],"class_list":{"0":"post-27066","1":"product","2":"type-product","3":"status-publish","4":"has-post-thumbnail","6":"product_brand-therm-a-rest","7":"product_cat-inflatable-mats","9":"first","10":"instock","11":"shipping-taxable","12":"purchasable","13":"product-type-simple"},"acf":[],"yoast_head":"<!-- This site is optimized with the Yoast SEO plugin v27.2 - https:\/\/yoast.com\/product\/yoast-seo-wordpress\/ -->\n<title>\u041a\u043e\u0432\u0440\u0438\u043a Therm-a-Rest NeoAir XLite Regular Wide - \u041c\u0430\u0433\u0430\u0437\u0438\u043d Xstyle<\/title>\n<meta name=\"description\" content=\"\u041e\u0442\u043a\u0440\u043e\u0439\u0442\u0435 \u0434\u043b\u044f \u0441\u0435\u0431\u044f \u043a\u043e\u0432\u0440\u0438\u043a Therm-a-Rest NeoAir XLite Regular Wide - \u0438\u0434\u0435\u0430\u043b\u044c\u043d\u044b\u0439 \u0432\u044b\u0431\u043e\u0440 \u0434\u043b\u044f \u043b\u0435\u0433\u043a\u0438\u0445 \u043f\u0440\u0438\u043a\u043b\u044e\u0447\u0435\u043d\u0438\u0439 \u043d\u0430 \u043f\u0440\u0438\u0440\u043e\u0434\u0435. \u0423\u043b\u044c\u0442\u0440\u0430\u043b\u0435\u0433\u043a\u0438\u0439, \u043a\u043e\u043c\u0444\u043e\u0440\u0442\u043d\u044b\u0439 \u0438 \u043f\u0440\u043e\u0447\u043d\u044b\u0439!\" \/>\n<meta name=\"robots\" content=\"index, follow, max-snippet:-1, max-image-preview:large, max-video-preview:-1\" \/>\n<link rel=\"canonical\" href=\"https:\/\/xstyle.md\/ro\/produs\/kovrik-therm-a-rest-neoair-xlite-regular-wide\/\" \/>\n<meta property=\"og:locale\" content=\"ro_RO\" \/>\n<meta property=\"og:type\" content=\"article\" \/>\n<meta property=\"og:title\" content=\"\u041a\u043e\u0432\u0440\u0438\u043a Therm-a-Rest NeoAir XLite Regular Wide - \u041c\u0430\u0433\u0430\u0437\u0438\u043d Xstyle\" \/>\n<meta property=\"og:description\" content=\"\u041e\u0442\u043a\u0440\u043e\u0439\u0442\u0435 \u0434\u043b\u044f \u0441\u0435\u0431\u044f \u043a\u043e\u0432\u0440\u0438\u043a Therm-a-Rest NeoAir XLite Regular Wide - \u0438\u0434\u0435\u0430\u043b\u044c\u043d\u044b\u0439 \u0432\u044b\u0431\u043e\u0440 \u0434\u043b\u044f \u043b\u0435\u0433\u043a\u0438\u0445 \u043f\u0440\u0438\u043a\u043b\u044e\u0447\u0435\u043d\u0438\u0439 \u043d\u0430 \u043f\u0440\u0438\u0440\u043e\u0434\u0435. \u0423\u043b\u044c\u0442\u0440\u0430\u043b\u0435\u0433\u043a\u0438\u0439, \u043a\u043e\u043c\u0444\u043e\u0440\u0442\u043d\u044b\u0439 \u0438 \u043f\u0440\u043e\u0447\u043d\u044b\u0439!\" \/>\n<meta property=\"og:url\" content=\"https:\/\/xstyle.md\/ro\/produs\/kovrik-therm-a-rest-neoair-xlite-regular-wide\/\" \/>\n<meta property=\"og:site_name\" content=\"\u041c\u0430\u0433\u0430\u0437\u0438\u043d Xstyle\" \/>\n<meta property=\"article:publisher\" content=\"https:\/\/www.facebook.com\/xstylemd\" \/>\n<meta property=\"article:modified_time\" content=\"2026-04-07T12:23:25+00:00\" \/>\n<meta property=\"og:image\" content=\"https:\/\/xstyle.md\/wp-content\/uploads\/2021\/04\/jpg1_24_2.jpg\" \/>\n\t<meta property=\"og:image:width\" content=\"161\" \/>\n\t<meta property=\"og:image:height\" content=\"498\" \/>\n\t<meta property=\"og:image:type\" content=\"image\/jpeg\" \/>\n<meta name=\"twitter:card\" content=\"summary_large_image\" \/>\n<meta name=\"twitter:label1\" content=\"Pre\u021b\" \/>\n\t<meta name=\"twitter:data1\" content=\"5.390&nbsp;MDL\" \/>\n\t<meta name=\"twitter:label2\" content=\"Disponibilitate\" \/>\n\t<meta name=\"twitter:data2\" content=\"\u00cen stoc\" \/>\n<script type=\"application\/ld+json\" class=\"yoast-schema-graph\">{\"@context\":\"https:\/\/schema.org\",\"@graph\":[{\"@type\":\"WebPage\",\"@id\":\"https:\/\/xstyle.md\/product\/kovrik-therm-a-rest-neoair-xlite-regular-wide\/\",\"url\":\"https:\/\/xstyle.md\/product\/kovrik-therm-a-rest-neoair-xlite-regular-wide\/\",\"name\":\"\u041a\u043e\u0432\u0440\u0438\u043a Therm-a-Rest NeoAir XLite Regular Wide - \u041c\u0430\u0433\u0430\u0437\u0438\u043d Xstyle\",\"isPartOf\":{\"@id\":\"https:\/\/xstyle.md\/#website\"},\"primaryImageOfPage\":{\"@id\":\"https:\/\/xstyle.md\/product\/kovrik-therm-a-rest-neoair-xlite-regular-wide\/#primaryimage\"},\"image\":{\"@id\":\"https:\/\/xstyle.md\/product\/kovrik-therm-a-rest-neoair-xlite-regular-wide\/#primaryimage\"},\"thumbnailUrl\":\"https:\/\/xstyle.md\/wp-content\/uploads\/2021\/04\/jpg1_24_2.jpg\",\"datePublished\":\"2021-01-11T13:21:39+00:00\",\"dateModified\":\"2026-04-07T12:23:25+00:00\",\"description\":\"\u041e\u0442\u043a\u0440\u043e\u0439\u0442\u0435 \u0434\u043b\u044f \u0441\u0435\u0431\u044f \u043a\u043e\u0432\u0440\u0438\u043a Therm-a-Rest NeoAir XLite Regular Wide - \u0438\u0434\u0435\u0430\u043b\u044c\u043d\u044b\u0439 \u0432\u044b\u0431\u043e\u0440 \u0434\u043b\u044f \u043b\u0435\u0433\u043a\u0438\u0445 \u043f\u0440\u0438\u043a\u043b\u044e\u0447\u0435\u043d\u0438\u0439 \u043d\u0430 \u043f\u0440\u0438\u0440\u043e\u0434\u0435. \u0423\u043b\u044c\u0442\u0440\u0430\u043b\u0435\u0433\u043a\u0438\u0439, \u043a\u043e\u043c\u0444\u043e\u0440\u0442\u043d\u044b\u0439 \u0438 \u043f\u0440\u043e\u0447\u043d\u044b\u0439!\",\"breadcrumb\":{\"@id\":\"https:\/\/xstyle.md\/product\/kovrik-therm-a-rest-neoair-xlite-regular-wide\/#breadcrumb\"},\"inLanguage\":\"ro-RO\",\"potentialAction\":[{\"@type\":\"ReadAction\",\"target\":[\"https:\/\/xstyle.md\/product\/kovrik-therm-a-rest-neoair-xlite-regular-wide\/\"]}]},{\"@type\":\"ImageObject\",\"inLanguage\":\"ro-RO\",\"@id\":\"https:\/\/xstyle.md\/product\/kovrik-therm-a-rest-neoair-xlite-regular-wide\/#primaryimage\",\"url\":\"https:\/\/xstyle.md\/wp-content\/uploads\/2021\/04\/jpg1_24_2.jpg\",\"contentUrl\":\"https:\/\/xstyle.md\/wp-content\/uploads\/2021\/04\/jpg1_24_2.jpg\",\"width\":161,\"height\":498},{\"@type\":\"BreadcrumbList\",\"@id\":\"https:\/\/xstyle.md\/product\/kovrik-therm-a-rest-neoair-xlite-regular-wide\/#breadcrumb\",\"itemListElement\":[{\"@type\":\"ListItem\",\"position\":1,\"name\":\"\u0413\u043b\u0430\u0432\u043d\u0430\u044f \u0441\u0442\u0440\u0430\u043d\u0438\u0446\u0430\",\"item\":\"https:\/\/xstyle.md\/\"},{\"@type\":\"ListItem\",\"position\":2,\"name\":\"\u041c\u0430\u0433\u0430\u0437\u0438\u043d\",\"item\":\"https:\/\/xstyle.md\/shop\/\"},{\"@type\":\"ListItem\",\"position\":3,\"name\":\"\u041a\u043e\u0432\u0440\u0438\u043a Therm-a-Rest NeoAir XLite Regular Wide\"}]},{\"@type\":\"WebSite\",\"@id\":\"https:\/\/xstyle.md\/#website\",\"url\":\"https:\/\/xstyle.md\/\",\"name\":\"\u041c\u0430\u0433\u0430\u0437\u0438\u043d Xstyle\",\"description\":\"C\u043d\u0430\u0440\u044f\u0436\u0435\u043d\u0438\u0435 \u0434\u043b\u044f \u0442\u0443\u0440\u0438\u0437\u043c\u0430 \u0438 \u044d\u043a\u0441\u0442\u0440\u0435\u043c\u0430\u043b\u044c\u043d\u044b\u0445 \u0432\u0438\u0434\u043e\u0432 \u0441\u043f\u043e\u0440\u0442\u0430 \u0432 \u041c\u043e\u043b\u0434\u043e\u0432\u0435.. \u0426\u0435\u043d\u044b, \u0444\u043e\u0442\u043e, \u0445\u0430\u0440\u0430\u043a\u0442\u0435\u0440\u0438\u0441\u0442\u0438\u043a\u0438 \u0432 \u041c\u043e\u043b\u0434\u043e\u0432\u0435.\",\"publisher\":{\"@id\":\"https:\/\/xstyle.md\/#organization\"},\"alternateName\":\"X-Style\",\"potentialAction\":[{\"@type\":\"SearchAction\",\"target\":{\"@type\":\"EntryPoint\",\"urlTemplate\":\"https:\/\/xstyle.md\/?s={search_term_string}\"},\"query-input\":{\"@type\":\"PropertyValueSpecification\",\"valueRequired\":true,\"valueName\":\"search_term_string\"}}],\"inLanguage\":\"ro-RO\"},{\"@type\":\"Organization\",\"@id\":\"https:\/\/xstyle.md\/#organization\",\"name\":\"\u041c\u0430\u0433\u0430\u0437\u0438\u043d Xstyle\",\"alternateName\":\"x-style\",\"url\":\"https:\/\/xstyle.md\/\",\"logo\":{\"@type\":\"ImageObject\",\"inLanguage\":\"ro-RO\",\"@id\":\"https:\/\/xstyle.md\/#\/schema\/logo\/image\/\",\"url\":\"https:\/\/xstyle.md\/wp-content\/uploads\/2020\/06\/logoicon.svg\",\"contentUrl\":\"https:\/\/xstyle.md\/wp-content\/uploads\/2020\/06\/logoicon.svg\",\"caption\":\"\u041c\u0430\u0433\u0430\u0437\u0438\u043d Xstyle\"},\"image\":{\"@id\":\"https:\/\/xstyle.md\/#\/schema\/logo\/image\/\"},\"sameAs\":[\"https:\/\/www.facebook.com\/xstylemd\",\"https:\/\/www.instagram.com\/xstyle_md\/\",\"https:\/\/t.me\/xstyle_outdoor\"],\"hasMerchantReturnPolicy\":{\"@type\":\"MerchantReturnPolicy\",\"merchantReturnLink\":\"https:\/\/xstyle.md\/ro\/conditions\/\"}}]}<\/script>\n<meta property=\"product:price:amount\" content=\"5390.00\" \/>\n<meta property=\"product:price:currency\" content=\"MDL\" \/>\n<meta property=\"og:availability\" content=\"instock\" \/>\n<meta property=\"product:availability\" content=\"instock\" \/>\n<meta property=\"product:retailer_item_id\" content=\"40818132142\" \/>\n<meta property=\"product:condition\" content=\"new\" \/>\n<!-- \/ Yoast SEO plugin. -->","yoast_head_json":{"title":"Covoras Therm-a-Rest NeoAir XLite Regular Wide - Magazin Xstyle","description":"Descoperi\u021bi salteaua Therm-a-Rest NeoAir XLite Regular Wide - alegerea perfect\u0103 pentru aventuri u\u0219oare \u00een natur\u0103. Ultralight, confortabil \u0219i durabil!","robots":{"index":"index","follow":"follow","max-snippet":"max-snippet:-1","max-image-preview":"max-image-preview:large","max-video-preview":"max-video-preview:-1"},"canonical":"https:\/\/xstyle.md\/ro\/produs\/kovrik-therm-a-rest-neoair-xlite-regular-wide\/","og_locale":"ro_RO","og_type":"article","og_title":"\u041a\u043e\u0432\u0440\u0438\u043a Therm-a-Rest NeoAir XLite Regular Wide - \u041c\u0430\u0433\u0430\u0437\u0438\u043d Xstyle","og_description":"\u041e\u0442\u043a\u0440\u043e\u0439\u0442\u0435 \u0434\u043b\u044f \u0441\u0435\u0431\u044f \u043a\u043e\u0432\u0440\u0438\u043a Therm-a-Rest NeoAir XLite Regular Wide - \u0438\u0434\u0435\u0430\u043b\u044c\u043d\u044b\u0439 \u0432\u044b\u0431\u043e\u0440 \u0434\u043b\u044f \u043b\u0435\u0433\u043a\u0438\u0445 \u043f\u0440\u0438\u043a\u043b\u044e\u0447\u0435\u043d\u0438\u0439 \u043d\u0430 \u043f\u0440\u0438\u0440\u043e\u0434\u0435. \u0423\u043b\u044c\u0442\u0440\u0430\u043b\u0435\u0433\u043a\u0438\u0439, \u043a\u043e\u043c\u0444\u043e\u0440\u0442\u043d\u044b\u0439 \u0438 \u043f\u0440\u043e\u0447\u043d\u044b\u0439!","og_url":"https:\/\/xstyle.md\/ro\/produs\/kovrik-therm-a-rest-neoair-xlite-regular-wide\/","og_site_name":"\u041c\u0430\u0433\u0430\u0437\u0438\u043d Xstyle","article_publisher":"https:\/\/www.facebook.com\/xstylemd","article_modified_time":"2026-04-07T12:23:25+00:00","og_image":[{"width":161,"height":498,"url":"https:\/\/xstyle.md\/wp-content\/uploads\/2021\/04\/jpg1_24_2.jpg","type":"image\/jpeg"}],"twitter_card":"summary_large_image","twitter_misc":{"Pre\u021b":"5.390&nbsp;MDL","Disponibilitate":"\u00cen stoc"},"schema":{"@context":"https:\/\/schema.org","@graph":[{"@type":"WebPage","@id":"https:\/\/xstyle.md\/product\/kovrik-therm-a-rest-neoair-xlite-regular-wide\/","url":"https:\/\/xstyle.md\/product\/kovrik-therm-a-rest-neoair-xlite-regular-wide\/","name":"Covoras Therm-a-Rest NeoAir XLite Regular Wide - Magazin Xstyle","isPartOf":{"@id":"https:\/\/xstyle.md\/#website"},"primaryImageOfPage":{"@id":"https:\/\/xstyle.md\/product\/kovrik-therm-a-rest-neoair-xlite-regular-wide\/#primaryimage"},"image":{"@id":"https:\/\/xstyle.md\/product\/kovrik-therm-a-rest-neoair-xlite-regular-wide\/#primaryimage"},"thumbnailUrl":"https:\/\/xstyle.md\/wp-content\/uploads\/2021\/04\/jpg1_24_2.jpg","datePublished":"2021-01-11T13:21:39+00:00","dateModified":"2026-04-07T12:23:25+00:00","description":"Descoperi\u021bi salteaua Therm-a-Rest NeoAir XLite Regular Wide - alegerea perfect\u0103 pentru aventuri u\u0219oare \u00een natur\u0103. Ultralight, confortabil \u0219i durabil!","breadcrumb":{"@id":"https:\/\/xstyle.md\/product\/kovrik-therm-a-rest-neoair-xlite-regular-wide\/#breadcrumb"},"inLanguage":"ro-RO","potentialAction":[{"@type":"ReadAction","target":["https:\/\/xstyle.md\/product\/kovrik-therm-a-rest-neoair-xlite-regular-wide\/"]}]},{"@type":"ImageObject","inLanguage":"ro-RO","@id":"https:\/\/xstyle.md\/product\/kovrik-therm-a-rest-neoair-xlite-regular-wide\/#primaryimage","url":"https:\/\/xstyle.md\/wp-content\/uploads\/2021\/04\/jpg1_24_2.jpg","contentUrl":"https:\/\/xstyle.md\/wp-content\/uploads\/2021\/04\/jpg1_24_2.jpg","width":161,"height":498},{"@type":"BreadcrumbList","@id":"https:\/\/xstyle.md\/product\/kovrik-therm-a-rest-neoair-xlite-regular-wide\/#breadcrumb","itemListElement":[{"@type":"ListItem","position":1,"name":"\u0413\u043b\u0430\u0432\u043d\u0430\u044f \u0441\u0442\u0440\u0430\u043d\u0438\u0446\u0430","item":"https:\/\/xstyle.md\/"},{"@type":"ListItem","position":2,"name":"\u041c\u0430\u0433\u0430\u0437\u0438\u043d","item":"https:\/\/xstyle.md\/shop\/"},{"@type":"ListItem","position":3,"name":"\u041a\u043e\u0432\u0440\u0438\u043a Therm-a-Rest NeoAir XLite Regular Wide"}]},{"@type":"WebSite","@id":"https:\/\/xstyle.md\/#website","url":"https:\/\/xstyle.md\/","name":"Magazinul X-Style","description":"Echipamente pentru turism \u0219i sporturi extreme \u00een Moldova. Pre\u021buri, fotografii, caracteristici \u00een Moldova.","publisher":{"@id":"https:\/\/xstyle.md\/#organization"},"alternateName":"X-Style","potentialAction":[{"@type":"SearchAction","target":{"@type":"EntryPoint","urlTemplate":"https:\/\/xstyle.md\/?s={search_term_string}"},"query-input":{"@type":"PropertyValueSpecification","valueRequired":true,"valueName":"search_term_string"}}],"inLanguage":"ro-RO"},{"@type":"Organization","@id":"https:\/\/xstyle.md\/#organization","name":"Magazinul X-Style","alternateName":"x-style","url":"https:\/\/xstyle.md\/","logo":{"@type":"ImageObject","inLanguage":"ro-RO","@id":"https:\/\/xstyle.md\/#\/schema\/logo\/image\/","url":"https:\/\/xstyle.md\/wp-content\/uploads\/2020\/06\/logoicon.svg","contentUrl":"https:\/\/xstyle.md\/wp-content\/uploads\/2020\/06\/logoicon.svg","caption":"\u041c\u0430\u0433\u0430\u0437\u0438\u043d Xstyle"},"image":{"@id":"https:\/\/xstyle.md\/#\/schema\/logo\/image\/"},"sameAs":["https:\/\/www.facebook.com\/xstylemd","https:\/\/www.instagram.com\/xstyle_md\/","https:\/\/t.me\/xstyle_outdoor"],"hasMerchantReturnPolicy":{"@type":"MerchantReturnPolicy","merchantReturnLink":"https:\/\/xstyle.md\/ro\/conditions\/"}}]},"product_price_amount":"5390.00","product_price_currency":"MDL","og_availability":"instock","product_availability":"instock","product_retailer_item_id":"40818132142","product_condition":"new"},"post_mailing_queue_ids":[],"_links":{"self":[{"href":"https:\/\/xstyle.md\/ro\/wp-json\/wp\/v2\/product\/27066","targetHints":{"allow":["GET"]}}],"collection":[{"href":"https:\/\/xstyle.md\/ro\/wp-json\/wp\/v2\/product"}],"about":[{"href":"https:\/\/xstyle.md\/ro\/wp-json\/wp\/v2\/types\/product"}],"replies":[{"embeddable":true,"href":"https:\/\/xstyle.md\/ro\/wp-json\/wp\/v2\/comments?post=27066"}],"wp:featuredmedia":[{"embeddable":true,"href":"https:\/\/xstyle.md\/ro\/wp-json\/wp\/v2\/media\/28624"}],"wp:attachment":[{"href":"https:\/\/xstyle.md\/ro\/wp-json\/wp\/v2\/media?parent=27066"}],"wp:term":[{"taxonomy":"product_brand","embeddable":true,"href":"https:\/\/xstyle.md\/ro\/wp-json\/wp\/v2\/product_brand?post=27066"},{"taxonomy":"product_cat","embeddable":true,"href":"https:\/\/xstyle.md\/ro\/wp-json\/wp\/v2\/product_cat?post=27066"},{"taxonomy":"product_tag","embeddable":true,"href":"https:\/\/xstyle.md\/ro\/wp-json\/wp\/v2\/product_tag?post=27066"}],"curies":[{"name":"wp","href":"https:\/\/api.w.org\/{rel}","templated":true}]}}