{"id":27065,"date":"2021-01-11T16:21:38","date_gmt":"2021-01-11T13:21:38","guid":{"rendered":"https:\/\/xstyle.md\/product\/kovrik-therm-a-rest-neoair-topo-regular-wide\/"},"modified":"2025-10-24T12:29:45","modified_gmt":"2025-10-24T09:29:45","slug":"kovrik-therm-a-rest-neoair-topo-regular-wide","status":"publish","type":"product","link":"https:\/\/xstyle.md\/ro\/produs\/kovrik-therm-a-rest-neoair-topo-regular-wide\/","title":{"rendered":"Saltea Therm-a-Rest NeoAir Topo Regular Wide"},"content":{"rendered":"<\/p>\n<p><strong>Therm-a-Rest NeoAir Topo Regular Wide<\/strong> &#8212; saltea gonflabil\u0103 compact\u0103 \u00een trei sezoane pentru drume\u021bii, plimb\u0103ri cu barca, ciclism, expedi\u021bii \u0219i camping. Potrivit\u0103 pentru cei care sunt preg\u0103ti\u021bi s\u0103 transporte 200 de grame \u00een plus \u0219i s\u0103 aib\u0103 totu\u0219i o saltea de camping confortabil\u0103.<\/p>\n<p>Construc\u021bia WaveCore cu un singur strat de deflectoare \u00een form\u0103 de valuri reduce pierderile de c\u0103ldur\u0103 prin convec\u021bie f\u0103r\u0103 a cre\u0219te semnificativ greutatea. Supapa WingLock unidirec\u021bional\u0103 maximizeaz\u0103 fluxul de aer prin deschiderea larg\u0103 pentru o umflare u\u0219oar\u0103 \u0219i o dezumflare rapid\u0103. Covora\u0219ul are o grosime de 7,6 cm, oferind un suport excelent \u0219i cel mai \u00eenalt nivel de confort. Dimensiunea compact\u0103 \u00eenseamn\u0103 c\u0103 va ocupa pu\u021bin spa\u021biu \u00eentr-un rucsac atunci c\u00e2nd este pliat.<\/p>\n<h3>Particularit\u0103\u021bi<\/h3>\n<ul>\n<li>Dimensiune compact\u0103 atunci c\u00e2nd este pliat\u0103<\/li>\n<li>Construc\u021bie WaveCore cu un singur strat<\/li>\n<li>Supap\u0103 WingLock unidirec\u021bional\u0103 cu deschidere larg\u0103<\/li>\n<li>Pomp\u0103 de pung\u0103<\/li>\n<li>Set de repara\u021bii<\/li>\n<li>Pung\u0103 de \u00eempachetare<\/li>\n<\/ul>\n<h3>Caracteristici<\/h3>\n<ul>\n<li>Material &#8212; poliester 50D<\/li>\n<li>Dimensiunea ambalajului &#8212; 28 x 14 cm<\/li>\n<li>Dimensiuni &#8212; 183 x 64 cm<\/li>\n<li>Grosime &#8212; 7,6 cm<\/li>\n<li>Valoare R &#8212; 2,3<\/li>\n<li>Greutate &#8212; 800g.<\/li>\n<\/ul>\n<h3>Tehnologie<\/h3>\n<ul>\n<li><strong>R-value<\/strong>\u00a0\u2014 este o caracteristic\u0103 a izola\u021biei termice a covorului atunci c\u00e2nd este complet umflat. Cu c\u00e2t cifra este mai mare, cu at\u00e2t covora\u0219ul dvs. va fi mai cald \u0219i mai confortabil. Pute\u021bi cre\u0219te R-value prin umflarea suplimentar\u0103 a saltelei.<\/li>\n<\/ul>\n<h3>Marca<\/h3>\n<p>Therm-a-rest este un pionier \u00een domeniul covora\u0219elor auto-gonflabile, astfel \u00eenc\u00e2t Therm-a-rest este foarte confortabil pe pia\u021ba de exterior. Dar nu ofer\u0103 doar saltele pentru dormit, ci \u0219i perne pentru drume\u021bii, spume elegante, scaune gonflabile, \u0219ezlonguri compacte, scaune pliabile.<\/p>\n<p>Culorile vii, designul futurist \u0219i ingineria \u00eendr\u0103znea\u021b\u0103 fac ca produsele Therm-a-rest s\u0103 fie recunoscute \u00een \u00eentreaga lume, at\u00e2t de c\u0103tre cei care c\u0103l\u0103toresc pe distan\u021be lungi, c\u00e2t \u0219i de cei care doresc s\u0103 petreac\u0103 o zi relaxant\u0103 \u00een aer liber.<\/p>\n<p><\/p>","protected":false},"excerpt":{"rendered":"<p>Saltea Therm-a-Rest NeoAir Topo Regular Wide<\/p>","protected":false},"featured_media":80431,"comment_status":"open","ping_status":"closed","template":"","meta":{"_acf_changed":false,"inline_featured_image":false},"product_brand":[1286],"product_cat":[201],"product_tag":[],"class_list":{"0":"post-27065","1":"product","2":"type-product","3":"status-publish","4":"has-post-thumbnail","6":"product_brand-therm-a-rest","7":"product_cat-inflatable-mats","9":"first","10":"instock","11":"shipping-taxable","12":"purchasable","13":"product-type-simple"},"acf":[],"yoast_head":"<!-- This site is optimized with the Yoast SEO plugin v27.2 - https:\/\/yoast.com\/product\/yoast-seo-wordpress\/ -->\n<title>\u041a\u043e\u0432\u0440\u0438\u043a Therm-a-Rest NeoAir Topo Regular Wide - \u041c\u0430\u0433\u0430\u0437\u0438\u043d Xstyle<\/title>\n<meta name=\"description\" content=\"\u041a\u043e\u0432\u0440\u0438\u043a Therm-a-Rest NeoAir Topo Regular Wide - \u043a\u043e\u043c\u043f\u0430\u043a\u0442\u043d\u044b\u0439 \u0438 \u043b\u0435\u0433\u043a\u0438\u0439, \u0438\u0434\u0435\u0430\u043b\u0435\u043d \u0434\u043b\u044f \u0442\u0440\u0438 \u0441\u0435\u0437\u043e\u043d\u0430: \u043a\u0435\u043c\u043f\u0438\u043d\u0433, \u043f\u043e\u0445\u043e\u0434\u044b \u0438 \u0432\u0435\u043b\u043e\u043f\u0443\u0442\u0435\u0448\u0435\u0441\u0442\u0432\u0438\u044f. R-value 2.3, \u043e\u0442\u043b\u0438\u0447\u043d\u044b\u0439 \u043a\u043e\u043c\u0444\u043e\u0440\u0442!\" \/>\n<meta name=\"robots\" content=\"index, follow, max-snippet:-1, max-image-preview:large, max-video-preview:-1\" \/>\n<link rel=\"canonical\" href=\"https:\/\/xstyle.md\/ro\/produs\/kovrik-therm-a-rest-neoair-topo-regular-wide\/\" \/>\n<meta property=\"og:locale\" content=\"ro_RO\" \/>\n<meta property=\"og:type\" content=\"article\" \/>\n<meta property=\"og:title\" content=\"\u041a\u043e\u0432\u0440\u0438\u043a Therm-a-Rest NeoAir Topo Regular Wide - \u041c\u0430\u0433\u0430\u0437\u0438\u043d Xstyle\" \/>\n<meta property=\"og:description\" content=\"\u041a\u043e\u0432\u0440\u0438\u043a Therm-a-Rest NeoAir Topo Regular Wide - \u043a\u043e\u043c\u043f\u0430\u043a\u0442\u043d\u044b\u0439 \u0438 \u043b\u0435\u0433\u043a\u0438\u0439, \u0438\u0434\u0435\u0430\u043b\u0435\u043d \u0434\u043b\u044f \u0442\u0440\u0438 \u0441\u0435\u0437\u043e\u043d\u0430: \u043a\u0435\u043c\u043f\u0438\u043d\u0433, \u043f\u043e\u0445\u043e\u0434\u044b \u0438 \u0432\u0435\u043b\u043e\u043f\u0443\u0442\u0435\u0448\u0435\u0441\u0442\u0432\u0438\u044f. R-value 2.3, \u043e\u0442\u043b\u0438\u0447\u043d\u044b\u0439 \u043a\u043e\u043c\u0444\u043e\u0440\u0442!\" \/>\n<meta property=\"og:url\" content=\"https:\/\/xstyle.md\/ro\/produs\/kovrik-therm-a-rest-neoair-topo-regular-wide\/\" \/>\n<meta property=\"og:site_name\" content=\"\u041c\u0430\u0433\u0430\u0437\u0438\u043d Xstyle\" \/>\n<meta property=\"article:publisher\" content=\"https:\/\/www.facebook.com\/xstylemd\" \/>\n<meta property=\"article:modified_time\" content=\"2025-10-24T09:29:45+00:00\" \/>\n<meta property=\"og:image\" content=\"https:\/\/xstyle.md\/wp-content\/uploads\/2021\/01\/therm-a-rest-neoair-topo.jpg\" \/>\n\t<meta property=\"og:image:width\" content=\"645\" \/>\n\t<meta property=\"og:image:height\" content=\"623\" \/>\n\t<meta property=\"og:image:type\" content=\"image\/jpeg\" \/>\n<meta name=\"twitter:card\" content=\"summary_large_image\" \/>\n<meta name=\"twitter:label1\" content=\"Pre\u021b\" \/>\n\t<meta name=\"twitter:data1\" content=\"3.990&nbsp;MDL\" \/>\n\t<meta name=\"twitter:label2\" content=\"Disponibilitate\" \/>\n\t<meta name=\"twitter:data2\" content=\"\u00cen stoc\" \/>\n<script type=\"application\/ld+json\" class=\"yoast-schema-graph\">{\"@context\":\"https:\/\/schema.org\",\"@graph\":[{\"@type\":\"WebPage\",\"@id\":\"https:\/\/xstyle.md\/product\/kovrik-therm-a-rest-neoair-topo-regular-wide\/\",\"url\":\"https:\/\/xstyle.md\/product\/kovrik-therm-a-rest-neoair-topo-regular-wide\/\",\"name\":\"\u041a\u043e\u0432\u0440\u0438\u043a Therm-a-Rest NeoAir Topo Regular Wide - \u041c\u0430\u0433\u0430\u0437\u0438\u043d Xstyle\",\"isPartOf\":{\"@id\":\"https:\/\/xstyle.md\/#website\"},\"primaryImageOfPage\":{\"@id\":\"https:\/\/xstyle.md\/product\/kovrik-therm-a-rest-neoair-topo-regular-wide\/#primaryimage\"},\"image\":{\"@id\":\"https:\/\/xstyle.md\/product\/kovrik-therm-a-rest-neoair-topo-regular-wide\/#primaryimage\"},\"thumbnailUrl\":\"https:\/\/xstyle.md\/wp-content\/uploads\/2021\/01\/therm-a-rest-neoair-topo.jpg\",\"datePublished\":\"2021-01-11T13:21:38+00:00\",\"dateModified\":\"2025-10-24T09:29:45+00:00\",\"description\":\"\u041a\u043e\u0432\u0440\u0438\u043a Therm-a-Rest NeoAir Topo Regular Wide - \u043a\u043e\u043c\u043f\u0430\u043a\u0442\u043d\u044b\u0439 \u0438 \u043b\u0435\u0433\u043a\u0438\u0439, \u0438\u0434\u0435\u0430\u043b\u0435\u043d \u0434\u043b\u044f \u0442\u0440\u0438 \u0441\u0435\u0437\u043e\u043d\u0430: \u043a\u0435\u043c\u043f\u0438\u043d\u0433, \u043f\u043e\u0445\u043e\u0434\u044b \u0438 \u0432\u0435\u043b\u043e\u043f\u0443\u0442\u0435\u0448\u0435\u0441\u0442\u0432\u0438\u044f. R-value 2.3, \u043e\u0442\u043b\u0438\u0447\u043d\u044b\u0439 \u043a\u043e\u043c\u0444\u043e\u0440\u0442!\",\"breadcrumb\":{\"@id\":\"https:\/\/xstyle.md\/product\/kovrik-therm-a-rest-neoair-topo-regular-wide\/#breadcrumb\"},\"inLanguage\":\"ro-RO\",\"potentialAction\":[{\"@type\":\"ReadAction\",\"target\":[\"https:\/\/xstyle.md\/product\/kovrik-therm-a-rest-neoair-topo-regular-wide\/\"]}]},{\"@type\":\"ImageObject\",\"inLanguage\":\"ro-RO\",\"@id\":\"https:\/\/xstyle.md\/product\/kovrik-therm-a-rest-neoair-topo-regular-wide\/#primaryimage\",\"url\":\"https:\/\/xstyle.md\/wp-content\/uploads\/2021\/01\/therm-a-rest-neoair-topo.jpg\",\"contentUrl\":\"https:\/\/xstyle.md\/wp-content\/uploads\/2021\/01\/therm-a-rest-neoair-topo.jpg\",\"width\":645,\"height\":623,\"caption\":\"\u041a\u043e\u0432\u0440\u0438\u043a \u0434\u043b\u044f \u0430\u043a\u0442\u0438\u0432\u043d\u043e\u0433\u043e \u043e\u0442\u0434\u044b\u0445\u0430 Therm-a-Rest NeoAir Topo Large, \u0442\u043e\u0432\u0430\u0440\u044b \u0434\u043b\u044f outdoor \u0438 \u043f\u0443\u0442\u0435\u0448\u0435\u0441\u0442\u0432\u0438\u0439, \u043e\u0434\u0435\u0436\u0434\u0430 \u0438 \u043e\u0431\u0443\u0432\u044c \u0434\u043b\u044f \u043f\u043e\u0445\u043e\u0434\u043e\u0432, \u0430\u043b\u044c\u043f\u0438\u043d\u0438\u0437\u043c\u0430 \u0438 \u0442\u0443\u0440\u0438\u0437\u043c\u0430 \u0432 \u043e\u043d\u043b\u0430\u0439\u043d \u043c\u0430\u0433\u0430\u0437\u0438\u043d\u0435\"},{\"@type\":\"BreadcrumbList\",\"@id\":\"https:\/\/xstyle.md\/product\/kovrik-therm-a-rest-neoair-topo-regular-wide\/#breadcrumb\",\"itemListElement\":[{\"@type\":\"ListItem\",\"position\":1,\"name\":\"\u0413\u043b\u0430\u0432\u043d\u0430\u044f \u0441\u0442\u0440\u0430\u043d\u0438\u0446\u0430\",\"item\":\"https:\/\/xstyle.md\/\"},{\"@type\":\"ListItem\",\"position\":2,\"name\":\"\u041c\u0430\u0433\u0430\u0437\u0438\u043d\",\"item\":\"https:\/\/xstyle.md\/shop\/\"},{\"@type\":\"ListItem\",\"position\":3,\"name\":\"\u041a\u043e\u0432\u0440\u0438\u043a Therm-a-Rest NeoAir Topo Regular Wide\"}]},{\"@type\":\"WebSite\",\"@id\":\"https:\/\/xstyle.md\/#website\",\"url\":\"https:\/\/xstyle.md\/\",\"name\":\"\u041c\u0430\u0433\u0430\u0437\u0438\u043d Xstyle\",\"description\":\"C\u043d\u0430\u0440\u044f\u0436\u0435\u043d\u0438\u0435 \u0434\u043b\u044f \u0442\u0443\u0440\u0438\u0437\u043c\u0430 \u0438 \u044d\u043a\u0441\u0442\u0440\u0435\u043c\u0430\u043b\u044c\u043d\u044b\u0445 \u0432\u0438\u0434\u043e\u0432 \u0441\u043f\u043e\u0440\u0442\u0430 \u0432 \u041c\u043e\u043b\u0434\u043e\u0432\u0435.. \u0426\u0435\u043d\u044b, \u0444\u043e\u0442\u043e, \u0445\u0430\u0440\u0430\u043a\u0442\u0435\u0440\u0438\u0441\u0442\u0438\u043a\u0438 \u0432 \u041c\u043e\u043b\u0434\u043e\u0432\u0435.\",\"publisher\":{\"@id\":\"https:\/\/xstyle.md\/#organization\"},\"alternateName\":\"X-Style\",\"potentialAction\":[{\"@type\":\"SearchAction\",\"target\":{\"@type\":\"EntryPoint\",\"urlTemplate\":\"https:\/\/xstyle.md\/?s={search_term_string}\"},\"query-input\":{\"@type\":\"PropertyValueSpecification\",\"valueRequired\":true,\"valueName\":\"search_term_string\"}}],\"inLanguage\":\"ro-RO\"},{\"@type\":\"Organization\",\"@id\":\"https:\/\/xstyle.md\/#organization\",\"name\":\"\u041c\u0430\u0433\u0430\u0437\u0438\u043d Xstyle\",\"alternateName\":\"x-style\",\"url\":\"https:\/\/xstyle.md\/\",\"logo\":{\"@type\":\"ImageObject\",\"inLanguage\":\"ro-RO\",\"@id\":\"https:\/\/xstyle.md\/#\/schema\/logo\/image\/\",\"url\":\"https:\/\/xstyle.md\/wp-content\/uploads\/2020\/06\/logoicon.svg\",\"contentUrl\":\"https:\/\/xstyle.md\/wp-content\/uploads\/2020\/06\/logoicon.svg\",\"caption\":\"\u041c\u0430\u0433\u0430\u0437\u0438\u043d Xstyle\"},\"image\":{\"@id\":\"https:\/\/xstyle.md\/#\/schema\/logo\/image\/\"},\"sameAs\":[\"https:\/\/www.facebook.com\/xstylemd\",\"https:\/\/www.instagram.com\/xstyle_md\/\",\"https:\/\/t.me\/xstyle_outdoor\"],\"hasMerchantReturnPolicy\":{\"@type\":\"MerchantReturnPolicy\",\"merchantReturnLink\":\"https:\/\/xstyle.md\/ro\/conditions\/\"}}]}<\/script>\n<meta property=\"product:price:amount\" content=\"3990.00\" \/>\n<meta property=\"product:price:currency\" content=\"MDL\" \/>\n<meta property=\"og:availability\" content=\"instock\" \/>\n<meta property=\"product:availability\" content=\"instock\" \/>\n<meta property=\"product:retailer_item_id\" content=\"40818132234\" \/>\n<meta property=\"product:condition\" content=\"new\" \/>\n<!-- \/ Yoast SEO plugin. -->","yoast_head_json":{"title":"Covoras Therm-a-Rest NeoAir Topo Regular Wide - Magazin Xstyle","description":"Covora\u0219 Therm-a-Rest NeoAir Topo Regular Wide - compact \u0219i u\u0219or, ideal pentru trei sezoane: camping, drume\u021bii \u0219i c\u0103l\u0103torii cu bicicleta. R-value 2.3, confort excelent!","robots":{"index":"index","follow":"follow","max-snippet":"max-snippet:-1","max-image-preview":"max-image-preview:large","max-video-preview":"max-video-preview:-1"},"canonical":"https:\/\/xstyle.md\/ro\/produs\/kovrik-therm-a-rest-neoair-topo-regular-wide\/","og_locale":"ro_RO","og_type":"article","og_title":"\u041a\u043e\u0432\u0440\u0438\u043a Therm-a-Rest NeoAir Topo Regular Wide - \u041c\u0430\u0433\u0430\u0437\u0438\u043d Xstyle","og_description":"\u041a\u043e\u0432\u0440\u0438\u043a Therm-a-Rest NeoAir Topo Regular Wide - \u043a\u043e\u043c\u043f\u0430\u043a\u0442\u043d\u044b\u0439 \u0438 \u043b\u0435\u0433\u043a\u0438\u0439, \u0438\u0434\u0435\u0430\u043b\u0435\u043d \u0434\u043b\u044f \u0442\u0440\u0438 \u0441\u0435\u0437\u043e\u043d\u0430: \u043a\u0435\u043c\u043f\u0438\u043d\u0433, \u043f\u043e\u0445\u043e\u0434\u044b \u0438 \u0432\u0435\u043b\u043e\u043f\u0443\u0442\u0435\u0448\u0435\u0441\u0442\u0432\u0438\u044f. R-value 2.3, \u043e\u0442\u043b\u0438\u0447\u043d\u044b\u0439 \u043a\u043e\u043c\u0444\u043e\u0440\u0442!","og_url":"https:\/\/xstyle.md\/ro\/produs\/kovrik-therm-a-rest-neoair-topo-regular-wide\/","og_site_name":"\u041c\u0430\u0433\u0430\u0437\u0438\u043d Xstyle","article_publisher":"https:\/\/www.facebook.com\/xstylemd","article_modified_time":"2025-10-24T09:29:45+00:00","og_image":[{"width":645,"height":623,"url":"https:\/\/xstyle.md\/wp-content\/uploads\/2021\/01\/therm-a-rest-neoair-topo.jpg","type":"image\/jpeg"}],"twitter_card":"summary_large_image","twitter_misc":{"Pre\u021b":"3.990&nbsp;MDL","Disponibilitate":"\u00cen stoc"},"schema":{"@context":"https:\/\/schema.org","@graph":[{"@type":"WebPage","@id":"https:\/\/xstyle.md\/product\/kovrik-therm-a-rest-neoair-topo-regular-wide\/","url":"https:\/\/xstyle.md\/product\/kovrik-therm-a-rest-neoair-topo-regular-wide\/","name":"Covoras Therm-a-Rest NeoAir Topo Regular Wide - Magazin Xstyle","isPartOf":{"@id":"https:\/\/xstyle.md\/#website"},"primaryImageOfPage":{"@id":"https:\/\/xstyle.md\/product\/kovrik-therm-a-rest-neoair-topo-regular-wide\/#primaryimage"},"image":{"@id":"https:\/\/xstyle.md\/product\/kovrik-therm-a-rest-neoair-topo-regular-wide\/#primaryimage"},"thumbnailUrl":"https:\/\/xstyle.md\/wp-content\/uploads\/2021\/01\/therm-a-rest-neoair-topo.jpg","datePublished":"2021-01-11T13:21:38+00:00","dateModified":"2025-10-24T09:29:45+00:00","description":"Covora\u0219 Therm-a-Rest NeoAir Topo Regular Wide - compact \u0219i u\u0219or, ideal pentru trei sezoane: camping, drume\u021bii \u0219i c\u0103l\u0103torii cu bicicleta. R-value 2.3, confort excelent!","breadcrumb":{"@id":"https:\/\/xstyle.md\/product\/kovrik-therm-a-rest-neoair-topo-regular-wide\/#breadcrumb"},"inLanguage":"ro-RO","potentialAction":[{"@type":"ReadAction","target":["https:\/\/xstyle.md\/product\/kovrik-therm-a-rest-neoair-topo-regular-wide\/"]}]},{"@type":"ImageObject","inLanguage":"ro-RO","@id":"https:\/\/xstyle.md\/product\/kovrik-therm-a-rest-neoair-topo-regular-wide\/#primaryimage","url":"https:\/\/xstyle.md\/wp-content\/uploads\/2021\/01\/therm-a-rest-neoair-topo.jpg","contentUrl":"https:\/\/xstyle.md\/wp-content\/uploads\/2021\/01\/therm-a-rest-neoair-topo.jpg","width":645,"height":623,"caption":"\u041a\u043e\u0432\u0440\u0438\u043a \u0434\u043b\u044f \u0430\u043a\u0442\u0438\u0432\u043d\u043e\u0433\u043e \u043e\u0442\u0434\u044b\u0445\u0430 Therm-a-Rest NeoAir Topo Large, \u0442\u043e\u0432\u0430\u0440\u044b \u0434\u043b\u044f outdoor \u0438 \u043f\u0443\u0442\u0435\u0448\u0435\u0441\u0442\u0432\u0438\u0439, \u043e\u0434\u0435\u0436\u0434\u0430 \u0438 \u043e\u0431\u0443\u0432\u044c \u0434\u043b\u044f \u043f\u043e\u0445\u043e\u0434\u043e\u0432, \u0430\u043b\u044c\u043f\u0438\u043d\u0438\u0437\u043c\u0430 \u0438 \u0442\u0443\u0440\u0438\u0437\u043c\u0430 \u0432 \u043e\u043d\u043b\u0430\u0439\u043d \u043c\u0430\u0433\u0430\u0437\u0438\u043d\u0435"},{"@type":"BreadcrumbList","@id":"https:\/\/xstyle.md\/product\/kovrik-therm-a-rest-neoair-topo-regular-wide\/#breadcrumb","itemListElement":[{"@type":"ListItem","position":1,"name":"\u0413\u043b\u0430\u0432\u043d\u0430\u044f \u0441\u0442\u0440\u0430\u043d\u0438\u0446\u0430","item":"https:\/\/xstyle.md\/"},{"@type":"ListItem","position":2,"name":"\u041c\u0430\u0433\u0430\u0437\u0438\u043d","item":"https:\/\/xstyle.md\/shop\/"},{"@type":"ListItem","position":3,"name":"\u041a\u043e\u0432\u0440\u0438\u043a Therm-a-Rest NeoAir Topo Regular Wide"}]},{"@type":"WebSite","@id":"https:\/\/xstyle.md\/#website","url":"https:\/\/xstyle.md\/","name":"Magazinul X-Style","description":"Echipamente pentru turism \u0219i sporturi extreme \u00een Moldova. Pre\u021buri, fotografii, caracteristici \u00een Moldova.","publisher":{"@id":"https:\/\/xstyle.md\/#organization"},"alternateName":"X-Style","potentialAction":[{"@type":"SearchAction","target":{"@type":"EntryPoint","urlTemplate":"https:\/\/xstyle.md\/?s={search_term_string}"},"query-input":{"@type":"PropertyValueSpecification","valueRequired":true,"valueName":"search_term_string"}}],"inLanguage":"ro-RO"},{"@type":"Organization","@id":"https:\/\/xstyle.md\/#organization","name":"Magazinul X-Style","alternateName":"x-style","url":"https:\/\/xstyle.md\/","logo":{"@type":"ImageObject","inLanguage":"ro-RO","@id":"https:\/\/xstyle.md\/#\/schema\/logo\/image\/","url":"https:\/\/xstyle.md\/wp-content\/uploads\/2020\/06\/logoicon.svg","contentUrl":"https:\/\/xstyle.md\/wp-content\/uploads\/2020\/06\/logoicon.svg","caption":"\u041c\u0430\u0433\u0430\u0437\u0438\u043d Xstyle"},"image":{"@id":"https:\/\/xstyle.md\/#\/schema\/logo\/image\/"},"sameAs":["https:\/\/www.facebook.com\/xstylemd","https:\/\/www.instagram.com\/xstyle_md\/","https:\/\/t.me\/xstyle_outdoor"],"hasMerchantReturnPolicy":{"@type":"MerchantReturnPolicy","merchantReturnLink":"https:\/\/xstyle.md\/ro\/conditions\/"}}]},"product_price_amount":"3990.00","product_price_currency":"MDL","og_availability":"instock","product_availability":"instock","product_retailer_item_id":"40818132234","product_condition":"new"},"post_mailing_queue_ids":[],"_links":{"self":[{"href":"https:\/\/xstyle.md\/ro\/wp-json\/wp\/v2\/product\/27065","targetHints":{"allow":["GET"]}}],"collection":[{"href":"https:\/\/xstyle.md\/ro\/wp-json\/wp\/v2\/product"}],"about":[{"href":"https:\/\/xstyle.md\/ro\/wp-json\/wp\/v2\/types\/product"}],"replies":[{"embeddable":true,"href":"https:\/\/xstyle.md\/ro\/wp-json\/wp\/v2\/comments?post=27065"}],"wp:featuredmedia":[{"embeddable":true,"href":"https:\/\/xstyle.md\/ro\/wp-json\/wp\/v2\/media\/80431"}],"wp:attachment":[{"href":"https:\/\/xstyle.md\/ro\/wp-json\/wp\/v2\/media?parent=27065"}],"wp:term":[{"taxonomy":"product_brand","embeddable":true,"href":"https:\/\/xstyle.md\/ro\/wp-json\/wp\/v2\/product_brand?post=27065"},{"taxonomy":"product_cat","embeddable":true,"href":"https:\/\/xstyle.md\/ro\/wp-json\/wp\/v2\/product_cat?post=27065"},{"taxonomy":"product_tag","embeddable":true,"href":"https:\/\/xstyle.md\/ro\/wp-json\/wp\/v2\/product_tag?post=27065"}],"curies":[{"name":"wp","href":"https:\/\/api.w.org\/{rel}","templated":true}]}}