{"id":27061,"date":"2021-01-11T16:21:34","date_gmt":"2021-01-11T13:21:34","guid":{"rendered":"https:\/\/xstyle.md\/product\/pitevaja-sistema-platypus-big-zip-evo-1-5l\/"},"modified":"2024-10-21T09:00:59","modified_gmt":"2024-10-21T06:00:59","slug":"pitevaja-sistema-platypus-big-zip-evo-1-5l","status":"publish","type":"product","link":"https:\/\/xstyle.md\/ro\/produs\/pitevaja-sistema-platypus-big-zip-evo-1-5l\/","title":{"rendered":"Sistem de hidratare Platypus Big Zip EVO 1.5L"},"content":{"rendered":"<\/p>\n<p>Sistemul de b\u0103ut <strong>Platypus Big Zip EVO de 1,5 l<\/strong> p\u0103streaz\u0103 gustul apei neschimbat, f\u0103r\u0103 arome str\u0103ine. Rezervorul sistemului are o deschidere larg\u0103 care permite umplerea rapid\u0103 \u0219i cur\u0103\u021barea u\u0219oar\u0103 a rezervorului. \u00cenchiderea SlideLock asigur\u0103 o mai bun\u0103 etan\u0219are, iar supapa de deconectare rapid\u0103 v\u0103 permite s\u0103 scoate\u021bi rezervorul din rucsac f\u0103r\u0103 a scoate tubul. Deconectarea accidental\u0103 a rezervorului de la tub este imposibil\u0103.<\/p>\n<p>De asemenea, sistemul de b\u0103ut dispune de o supap\u0103 modernizat\u0103, u\u0219or de utilizat \u0219i blocabil\u0103, precum \u0219i de un rezervor mai moale \u0219i mai flexibil. Materialul sistemului de b\u0103ut permite ca apa s\u0103 \u00ee\u0219i p\u0103streze aroma original\u0103, iar ionii de argint o men\u021bin proasp\u0103t\u0103 pentru o perioad\u0103 lung\u0103 de timp.<\/p>\n<h3>Particularit\u0103\u021bi<\/h3>\n<ul>\n<li>Tratament antimicrobian cu ioni de argint<\/li>\n<li>F\u0103r\u0103 BPA, BPS \u0219i ftala\u021bi<\/li>\n<li>F\u0103r\u0103 arom\u0103 de plastic<\/li>\n<li>Tub izolat<\/li>\n<li>\u00cenchidere SlideLock<\/li>\n<li>G\u00e2t larg<\/li>\n<\/ul>\n<h3>Caracteristici<\/h3>\n<ul>\n<li>Material &#8212; polipropilen\u0103, supap\u0103 de silicon<\/li>\n<li>Dimensiuni &#8212; 33 x 21,6 cm<\/li>\n<li>Volum &#8212; 1,5 litri<\/li>\n<li>Greutate &#8212; 150 g<\/li>\n<\/ul>\n<h3>Tehnologie<\/h3>\n<ul>\n<li><strong>Secure SlideLock\u00a0<\/strong>sistem de \u00eenchidere a pungii de ap\u0103, gliseaz\u0103 \u00een ambele direc\u021bii pentru a deschide cu u\u0219urin\u021b\u0103, a \u00eenchide \u00een siguran\u021b\u0103 \u0219i a umple rezervorul<\/li>\n<li><strong>Handy Pincher Grip<\/strong> &#8212; faciliteaz\u0103 umplerea sistemului cu o singur\u0103 m\u00e2n\u0103.<\/li>\n<li><strong>High Mount<\/strong> &#8212; sistemul de fixare rapid\u0103 asigur\u0103 un acces rapid \u0219i u\u0219or &#8212; nu mai trebuie s\u0103 c\u0103uta\u021bi prin rucsac sau geant\u0103.<\/li>\n<li><strong>Supap\u0103 de \u00eenchidere etan\u0219\u0103<\/strong> &#8212; opre\u0219te instantaneu debitul \u0219i asigur\u0103 stocarea \u00een siguran\u021b\u0103 a rezervelor de ap\u0103.<\/li>\n<li><strong>Compartiment central semirigid:<\/strong> ofer\u0103 suport \u0219i faciliteaz\u0103 cur\u0103\u021barea \u0219i uscarea.<\/li>\n<li><strong>HyFLO<\/strong> &#8212; supap\u0103 cu etan\u0219are automat\u0103: \u00eembun\u0103t\u0103\u021be\u0219te debitul \u00eempreun\u0103 cu noul tub, mai lat.<\/li>\n<li><strong>Pure Platy Experience<\/strong> &#8212; toate materialele sunt certificate ca fiind f\u0103r\u0103 arom\u0103, f\u0103r\u0103 BPA, f\u0103r\u0103 BPS.<\/li>\n<\/ul>\n<p><\/p>","protected":false},"excerpt":{"rendered":"<p>Sistem de hidratare Platypus Big Zip EVO 1.5L<\/p>","protected":false},"featured_media":28599,"comment_status":"open","ping_status":"closed","template":"","meta":{"_acf_changed":false,"inline_featured_image":false},"product_brand":[1379],"product_cat":[407],"product_tag":[],"class_list":{"0":"post-27061","1":"product","2":"type-product","3":"status-publish","4":"has-post-thumbnail","6":"product_brand-cascade-designs","7":"product_cat-drinking-systems","9":"first","10":"instock","11":"shipping-taxable","12":"purchasable","13":"product-type-simple"},"acf":[],"yoast_head":"<!-- This site is optimized with the Yoast SEO plugin v27.4 - https:\/\/yoast.com\/product\/yoast-seo-wordpress\/ -->\n<title>\u041f\u0438\u0442\u044c\u0435\u0432\u0430\u044f \u0441\u0438\u0441\u0442\u0435\u043c\u0430 Platypus Big Zip EVO 1.5L - \u041c\u0430\u0433\u0430\u0437\u0438\u043d Xstyle<\/title>\n<meta name=\"description\" content=\"\u041f\u0438\u0442\u044c\u0435\u0432\u0430\u044f \u0441\u0438\u0441\u0442\u0435\u043c\u0430 Platypus Big Zip EVO 1.5L: \u0431\u0435\u0437\u043e\u043f\u0430\u0441\u043d\u043e\u0441\u0442\u044c \u0431\u0435\u0437 BPA\/BPS, \u0431\u044b\u0441\u0442\u0440\u0430\u044f \u0437\u0430\u043b\u0438\u0432\u043a\u0430 \u0438 \u0443\u0434\u043e\u0431\u043d\u043e\u0435 \u0438\u0441\u043f\u043e\u043b\u044c\u0437\u043e\u0432\u0430\u043d\u0438\u0435. \u041d\u0430\u0441\u043b\u0430\u0436\u0434\u0430\u0439\u0442\u0435\u0441\u044c \u0447\u0438\u0441\u0442\u043e\u0439 \u0432\u043e\u0434\u043e\u0439 \u0431\u0435\u0437 \u043f\u043e\u0441\u0442\u043e\u0440\u043e\u043d\u043d\u0438\u0445 \u0432\u043a\u0443\u0441\u043e\u043c!\" \/>\n<meta name=\"robots\" content=\"index, follow, max-snippet:-1, max-image-preview:large, max-video-preview:-1\" \/>\n<link rel=\"canonical\" href=\"https:\/\/xstyle.md\/ro\/produs\/pitevaja-sistema-platypus-big-zip-evo-1-5l\/\" \/>\n<meta property=\"og:locale\" content=\"ro_RO\" \/>\n<meta property=\"og:type\" content=\"article\" \/>\n<meta property=\"og:title\" content=\"\u041f\u0438\u0442\u044c\u0435\u0432\u0430\u044f \u0441\u0438\u0441\u0442\u0435\u043c\u0430 Platypus Big Zip EVO 1.5L - \u041c\u0430\u0433\u0430\u0437\u0438\u043d Xstyle\" \/>\n<meta property=\"og:description\" content=\"\u041f\u0438\u0442\u044c\u0435\u0432\u0430\u044f \u0441\u0438\u0441\u0442\u0435\u043c\u0430 Platypus Big Zip EVO 1.5L: \u0431\u0435\u0437\u043e\u043f\u0430\u0441\u043d\u043e\u0441\u0442\u044c \u0431\u0435\u0437 BPA\/BPS, \u0431\u044b\u0441\u0442\u0440\u0430\u044f \u0437\u0430\u043b\u0438\u0432\u043a\u0430 \u0438 \u0443\u0434\u043e\u0431\u043d\u043e\u0435 \u0438\u0441\u043f\u043e\u043b\u044c\u0437\u043e\u0432\u0430\u043d\u0438\u0435. \u041d\u0430\u0441\u043b\u0430\u0436\u0434\u0430\u0439\u0442\u0435\u0441\u044c \u0447\u0438\u0441\u0442\u043e\u0439 \u0432\u043e\u0434\u043e\u0439 \u0431\u0435\u0437 \u043f\u043e\u0441\u0442\u043e\u0440\u043e\u043d\u043d\u0438\u0445 \u0432\u043a\u0443\u0441\u043e\u043c!\" \/>\n<meta property=\"og:url\" content=\"https:\/\/xstyle.md\/ro\/produs\/pitevaja-sistema-platypus-big-zip-evo-1-5l\/\" \/>\n<meta property=\"og:site_name\" content=\"\u041c\u0430\u0433\u0430\u0437\u0438\u043d Xstyle\" \/>\n<meta property=\"article:publisher\" content=\"https:\/\/www.facebook.com\/xstylemd\" \/>\n<meta property=\"article:modified_time\" content=\"2024-10-21T06:00:59+00:00\" \/>\n<meta property=\"og:image\" content=\"https:\/\/xstyle.md\/wp-content\/uploads\/2021\/04\/file_17.png\" \/>\n\t<meta property=\"og:image:width\" content=\"666\" \/>\n\t<meta property=\"og:image:height\" content=\"680\" \/>\n\t<meta property=\"og:image:type\" content=\"image\/png\" \/>\n<meta name=\"twitter:card\" content=\"summary_large_image\" \/>\n<meta name=\"twitter:label1\" content=\"Pre\u021b\" \/>\n\t<meta name=\"twitter:data1\" content=\"895&nbsp;MDL\" \/>\n\t<meta name=\"twitter:label2\" content=\"Disponibilitate\" \/>\n\t<meta name=\"twitter:data2\" content=\"\u00cen stoc\" \/>\n<script type=\"application\/ld+json\" class=\"yoast-schema-graph\">{\"@context\":\"https:\\\/\\\/schema.org\",\"@graph\":[{\"@type\":\"WebPage\",\"@id\":\"https:\\\/\\\/xstyle.md\\\/product\\\/pitevaja-sistema-platypus-big-zip-evo-1-5l\\\/\",\"url\":\"https:\\\/\\\/xstyle.md\\\/product\\\/pitevaja-sistema-platypus-big-zip-evo-1-5l\\\/\",\"name\":\"\u041f\u0438\u0442\u044c\u0435\u0432\u0430\u044f \u0441\u0438\u0441\u0442\u0435\u043c\u0430 Platypus Big Zip EVO 1.5L - \u041c\u0430\u0433\u0430\u0437\u0438\u043d Xstyle\",\"isPartOf\":{\"@id\":\"https:\\\/\\\/xstyle.md\\\/#website\"},\"primaryImageOfPage\":{\"@id\":\"https:\\\/\\\/xstyle.md\\\/product\\\/pitevaja-sistema-platypus-big-zip-evo-1-5l\\\/#primaryimage\"},\"image\":{\"@id\":\"https:\\\/\\\/xstyle.md\\\/product\\\/pitevaja-sistema-platypus-big-zip-evo-1-5l\\\/#primaryimage\"},\"thumbnailUrl\":\"https:\\\/\\\/xstyle.md\\\/wp-content\\\/uploads\\\/2021\\\/04\\\/file_17.png\",\"datePublished\":\"2021-01-11T13:21:34+00:00\",\"dateModified\":\"2024-10-21T06:00:59+00:00\",\"description\":\"\u041f\u0438\u0442\u044c\u0435\u0432\u0430\u044f \u0441\u0438\u0441\u0442\u0435\u043c\u0430 Platypus Big Zip EVO 1.5L: \u0431\u0435\u0437\u043e\u043f\u0430\u0441\u043d\u043e\u0441\u0442\u044c \u0431\u0435\u0437 BPA\\\/BPS, \u0431\u044b\u0441\u0442\u0440\u0430\u044f \u0437\u0430\u043b\u0438\u0432\u043a\u0430 \u0438 \u0443\u0434\u043e\u0431\u043d\u043e\u0435 \u0438\u0441\u043f\u043e\u043b\u044c\u0437\u043e\u0432\u0430\u043d\u0438\u0435. \u041d\u0430\u0441\u043b\u0430\u0436\u0434\u0430\u0439\u0442\u0435\u0441\u044c \u0447\u0438\u0441\u0442\u043e\u0439 \u0432\u043e\u0434\u043e\u0439 \u0431\u0435\u0437 \u043f\u043e\u0441\u0442\u043e\u0440\u043e\u043d\u043d\u0438\u0445 \u0432\u043a\u0443\u0441\u043e\u043c!\",\"breadcrumb\":{\"@id\":\"https:\\\/\\\/xstyle.md\\\/product\\\/pitevaja-sistema-platypus-big-zip-evo-1-5l\\\/#breadcrumb\"},\"inLanguage\":\"ro-RO\",\"potentialAction\":[{\"@type\":\"ReadAction\",\"target\":[\"https:\\\/\\\/xstyle.md\\\/product\\\/pitevaja-sistema-platypus-big-zip-evo-1-5l\\\/\"]}]},{\"@type\":\"ImageObject\",\"inLanguage\":\"ro-RO\",\"@id\":\"https:\\\/\\\/xstyle.md\\\/product\\\/pitevaja-sistema-platypus-big-zip-evo-1-5l\\\/#primaryimage\",\"url\":\"https:\\\/\\\/xstyle.md\\\/wp-content\\\/uploads\\\/2021\\\/04\\\/file_17.png\",\"contentUrl\":\"https:\\\/\\\/xstyle.md\\\/wp-content\\\/uploads\\\/2021\\\/04\\\/file_17.png\",\"width\":666,\"height\":680},{\"@type\":\"BreadcrumbList\",\"@id\":\"https:\\\/\\\/xstyle.md\\\/product\\\/pitevaja-sistema-platypus-big-zip-evo-1-5l\\\/#breadcrumb\",\"itemListElement\":[{\"@type\":\"ListItem\",\"position\":1,\"name\":\"\u0413\u043b\u0430\u0432\u043d\u0430\u044f \u0441\u0442\u0440\u0430\u043d\u0438\u0446\u0430\",\"item\":\"https:\\\/\\\/xstyle.md\\\/\"},{\"@type\":\"ListItem\",\"position\":2,\"name\":\"\u041c\u0430\u0433\u0430\u0437\u0438\u043d\",\"item\":\"https:\\\/\\\/xstyle.md\\\/shop\\\/\"},{\"@type\":\"ListItem\",\"position\":3,\"name\":\"\u041f\u0438\u0442\u044c\u0435\u0432\u0430\u044f \u0441\u0438\u0441\u0442\u0435\u043c\u0430 Platypus Big Zip EVO 1.5L\"}]},{\"@type\":\"WebSite\",\"@id\":\"https:\\\/\\\/xstyle.md\\\/#website\",\"url\":\"https:\\\/\\\/xstyle.md\\\/\",\"name\":\"\u041c\u0430\u0433\u0430\u0437\u0438\u043d Xstyle\",\"description\":\"C\u043d\u0430\u0440\u044f\u0436\u0435\u043d\u0438\u0435 \u0434\u043b\u044f \u0442\u0443\u0440\u0438\u0437\u043c\u0430 \u0438 \u044d\u043a\u0441\u0442\u0440\u0435\u043c\u0430\u043b\u044c\u043d\u044b\u0445 \u0432\u0438\u0434\u043e\u0432 \u0441\u043f\u043e\u0440\u0442\u0430 \u0432 \u041c\u043e\u043b\u0434\u043e\u0432\u0435.. \u0426\u0435\u043d\u044b, \u0444\u043e\u0442\u043e, \u0445\u0430\u0440\u0430\u043a\u0442\u0435\u0440\u0438\u0441\u0442\u0438\u043a\u0438 \u0432 \u041c\u043e\u043b\u0434\u043e\u0432\u0435.\",\"publisher\":{\"@id\":\"https:\\\/\\\/xstyle.md\\\/#organization\"},\"alternateName\":\"X-Style\",\"potentialAction\":[{\"@type\":\"SearchAction\",\"target\":{\"@type\":\"EntryPoint\",\"urlTemplate\":\"https:\\\/\\\/xstyle.md\\\/?s={search_term_string}\"},\"query-input\":{\"@type\":\"PropertyValueSpecification\",\"valueRequired\":true,\"valueName\":\"search_term_string\"}}],\"inLanguage\":\"ro-RO\"},{\"@type\":\"Organization\",\"@id\":\"https:\\\/\\\/xstyle.md\\\/#organization\",\"name\":\"\u041c\u0430\u0433\u0430\u0437\u0438\u043d Xstyle\",\"alternateName\":\"x-style\",\"url\":\"https:\\\/\\\/xstyle.md\\\/\",\"logo\":{\"@type\":\"ImageObject\",\"inLanguage\":\"ro-RO\",\"@id\":\"https:\\\/\\\/xstyle.md\\\/#\\\/schema\\\/logo\\\/image\\\/\",\"url\":\"https:\\\/\\\/xstyle.md\\\/wp-content\\\/uploads\\\/2020\\\/06\\\/logoicon.svg\",\"contentUrl\":\"https:\\\/\\\/xstyle.md\\\/wp-content\\\/uploads\\\/2020\\\/06\\\/logoicon.svg\",\"caption\":\"\u041c\u0430\u0433\u0430\u0437\u0438\u043d Xstyle\"},\"image\":{\"@id\":\"https:\\\/\\\/xstyle.md\\\/#\\\/schema\\\/logo\\\/image\\\/\"},\"sameAs\":[\"https:\\\/\\\/www.facebook.com\\\/xstylemd\",\"https:\\\/\\\/www.instagram.com\\\/xstyle_md\\\/\",\"https:\\\/\\\/t.me\\\/xstyle_outdoor\"],\"hasMerchantReturnPolicy\":{\"@type\":\"MerchantReturnPolicy\",\"merchantReturnLink\":\"https:\\\/\\\/xstyle.md\\\/ro\\\/conditions\\\/\"}}]}<\/script>\n<meta property=\"product:price:amount\" content=\"895.00\" \/>\n<meta property=\"product:price:currency\" content=\"MDL\" \/>\n<meta property=\"og:availability\" content=\"instock\" \/>\n<meta property=\"product:availability\" content=\"instock\" \/>\n<meta property=\"product:retailer_item_id\" content=\"40818108598\" \/>\n<meta property=\"product:condition\" content=\"new\" \/>\n<!-- \/ Yoast SEO plugin. -->","yoast_head_json":{"title":"Sistem de hidratare Platypus Big Zip EVO 1.5L - Magazin Xstyle","description":"Sistem de b\u0103ut Platypus Big Zip EVO 1.5L: siguran\u021b\u0103 f\u0103r\u0103 BPA\/BPS, umplere rapid\u0103 \u0219i utilizare convenabil\u0103. Bucura\u021bi-v\u0103 de ap\u0103 curat\u0103 f\u0103r\u0103 gusturi str\u0103ine!","robots":{"index":"index","follow":"follow","max-snippet":"max-snippet:-1","max-image-preview":"max-image-preview:large","max-video-preview":"max-video-preview:-1"},"canonical":"https:\/\/xstyle.md\/ro\/produs\/pitevaja-sistema-platypus-big-zip-evo-1-5l\/","og_locale":"ro_RO","og_type":"article","og_title":"\u041f\u0438\u0442\u044c\u0435\u0432\u0430\u044f \u0441\u0438\u0441\u0442\u0435\u043c\u0430 Platypus Big Zip EVO 1.5L - \u041c\u0430\u0433\u0430\u0437\u0438\u043d Xstyle","og_description":"\u041f\u0438\u0442\u044c\u0435\u0432\u0430\u044f \u0441\u0438\u0441\u0442\u0435\u043c\u0430 Platypus Big Zip EVO 1.5L: \u0431\u0435\u0437\u043e\u043f\u0430\u0441\u043d\u043e\u0441\u0442\u044c \u0431\u0435\u0437 BPA\/BPS, \u0431\u044b\u0441\u0442\u0440\u0430\u044f \u0437\u0430\u043b\u0438\u0432\u043a\u0430 \u0438 \u0443\u0434\u043e\u0431\u043d\u043e\u0435 \u0438\u0441\u043f\u043e\u043b\u044c\u0437\u043e\u0432\u0430\u043d\u0438\u0435. \u041d\u0430\u0441\u043b\u0430\u0436\u0434\u0430\u0439\u0442\u0435\u0441\u044c \u0447\u0438\u0441\u0442\u043e\u0439 \u0432\u043e\u0434\u043e\u0439 \u0431\u0435\u0437 \u043f\u043e\u0441\u0442\u043e\u0440\u043e\u043d\u043d\u0438\u0445 \u0432\u043a\u0443\u0441\u043e\u043c!","og_url":"https:\/\/xstyle.md\/ro\/produs\/pitevaja-sistema-platypus-big-zip-evo-1-5l\/","og_site_name":"\u041c\u0430\u0433\u0430\u0437\u0438\u043d Xstyle","article_publisher":"https:\/\/www.facebook.com\/xstylemd","article_modified_time":"2024-10-21T06:00:59+00:00","og_image":[{"width":666,"height":680,"url":"https:\/\/xstyle.md\/wp-content\/uploads\/2021\/04\/file_17.png","type":"image\/png"}],"twitter_card":"summary_large_image","twitter_misc":{"Pre\u021b":"895&nbsp;MDL","Disponibilitate":"\u00cen stoc"},"schema":{"@context":"https:\/\/schema.org","@graph":[{"@type":"WebPage","@id":"https:\/\/xstyle.md\/product\/pitevaja-sistema-platypus-big-zip-evo-1-5l\/","url":"https:\/\/xstyle.md\/product\/pitevaja-sistema-platypus-big-zip-evo-1-5l\/","name":"Sistem de hidratare Platypus Big Zip EVO 1.5L - Magazin Xstyle","isPartOf":{"@id":"https:\/\/xstyle.md\/#website"},"primaryImageOfPage":{"@id":"https:\/\/xstyle.md\/product\/pitevaja-sistema-platypus-big-zip-evo-1-5l\/#primaryimage"},"image":{"@id":"https:\/\/xstyle.md\/product\/pitevaja-sistema-platypus-big-zip-evo-1-5l\/#primaryimage"},"thumbnailUrl":"https:\/\/xstyle.md\/wp-content\/uploads\/2021\/04\/file_17.png","datePublished":"2021-01-11T13:21:34+00:00","dateModified":"2024-10-21T06:00:59+00:00","description":"Sistem de b\u0103ut Platypus Big Zip EVO 1.5L: siguran\u021b\u0103 f\u0103r\u0103 BPA\/BPS, umplere rapid\u0103 \u0219i utilizare convenabil\u0103. Bucura\u021bi-v\u0103 de ap\u0103 curat\u0103 f\u0103r\u0103 gusturi str\u0103ine!","breadcrumb":{"@id":"https:\/\/xstyle.md\/product\/pitevaja-sistema-platypus-big-zip-evo-1-5l\/#breadcrumb"},"inLanguage":"ro-RO","potentialAction":[{"@type":"ReadAction","target":["https:\/\/xstyle.md\/product\/pitevaja-sistema-platypus-big-zip-evo-1-5l\/"]}]},{"@type":"ImageObject","inLanguage":"ro-RO","@id":"https:\/\/xstyle.md\/product\/pitevaja-sistema-platypus-big-zip-evo-1-5l\/#primaryimage","url":"https:\/\/xstyle.md\/wp-content\/uploads\/2021\/04\/file_17.png","contentUrl":"https:\/\/xstyle.md\/wp-content\/uploads\/2021\/04\/file_17.png","width":666,"height":680},{"@type":"BreadcrumbList","@id":"https:\/\/xstyle.md\/product\/pitevaja-sistema-platypus-big-zip-evo-1-5l\/#breadcrumb","itemListElement":[{"@type":"ListItem","position":1,"name":"\u0413\u043b\u0430\u0432\u043d\u0430\u044f \u0441\u0442\u0440\u0430\u043d\u0438\u0446\u0430","item":"https:\/\/xstyle.md\/"},{"@type":"ListItem","position":2,"name":"\u041c\u0430\u0433\u0430\u0437\u0438\u043d","item":"https:\/\/xstyle.md\/shop\/"},{"@type":"ListItem","position":3,"name":"\u041f\u0438\u0442\u044c\u0435\u0432\u0430\u044f \u0441\u0438\u0441\u0442\u0435\u043c\u0430 Platypus Big Zip EVO 1.5L"}]},{"@type":"WebSite","@id":"https:\/\/xstyle.md\/#website","url":"https:\/\/xstyle.md\/","name":"Magazinul X-Style","description":"Echipamente pentru turism \u0219i sporturi extreme \u00een Moldova. Pre\u021buri, fotografii, caracteristici \u00een Moldova.","publisher":{"@id":"https:\/\/xstyle.md\/#organization"},"alternateName":"X-Style","potentialAction":[{"@type":"SearchAction","target":{"@type":"EntryPoint","urlTemplate":"https:\/\/xstyle.md\/?s={search_term_string}"},"query-input":{"@type":"PropertyValueSpecification","valueRequired":true,"valueName":"search_term_string"}}],"inLanguage":"ro-RO"},{"@type":"Organization","@id":"https:\/\/xstyle.md\/#organization","name":"Magazinul X-Style","alternateName":"x-style","url":"https:\/\/xstyle.md\/","logo":{"@type":"ImageObject","inLanguage":"ro-RO","@id":"https:\/\/xstyle.md\/#\/schema\/logo\/image\/","url":"https:\/\/xstyle.md\/wp-content\/uploads\/2020\/06\/logoicon.svg","contentUrl":"https:\/\/xstyle.md\/wp-content\/uploads\/2020\/06\/logoicon.svg","caption":"\u041c\u0430\u0433\u0430\u0437\u0438\u043d Xstyle"},"image":{"@id":"https:\/\/xstyle.md\/#\/schema\/logo\/image\/"},"sameAs":["https:\/\/www.facebook.com\/xstylemd","https:\/\/www.instagram.com\/xstyle_md\/","https:\/\/t.me\/xstyle_outdoor"],"hasMerchantReturnPolicy":{"@type":"MerchantReturnPolicy","merchantReturnLink":"https:\/\/xstyle.md\/ro\/conditions\/"}}]},"product_price_amount":"895.00","product_price_currency":"MDL","og_availability":"instock","product_availability":"instock","product_retailer_item_id":"40818108598","product_condition":"new"},"_links":{"self":[{"href":"https:\/\/xstyle.md\/ro\/wp-json\/wp\/v2\/product\/27061","targetHints":{"allow":["GET"]}}],"collection":[{"href":"https:\/\/xstyle.md\/ro\/wp-json\/wp\/v2\/product"}],"about":[{"href":"https:\/\/xstyle.md\/ro\/wp-json\/wp\/v2\/types\/product"}],"replies":[{"embeddable":true,"href":"https:\/\/xstyle.md\/ro\/wp-json\/wp\/v2\/comments?post=27061"}],"wp:featuredmedia":[{"embeddable":true,"href":"https:\/\/xstyle.md\/ro\/wp-json\/wp\/v2\/media\/28599"}],"wp:attachment":[{"href":"https:\/\/xstyle.md\/ro\/wp-json\/wp\/v2\/media?parent=27061"}],"wp:term":[{"taxonomy":"product_brand","embeddable":true,"href":"https:\/\/xstyle.md\/ro\/wp-json\/wp\/v2\/product_brand?post=27061"},{"taxonomy":"product_cat","embeddable":true,"href":"https:\/\/xstyle.md\/ro\/wp-json\/wp\/v2\/product_cat?post=27061"},{"taxonomy":"product_tag","embeddable":true,"href":"https:\/\/xstyle.md\/ro\/wp-json\/wp\/v2\/product_tag?post=27061"}],"curies":[{"name":"wp","href":"https:\/\/api.w.org\/{rel}","templated":true}]}}