{"id":27058,"date":"2021-01-11T16:21:32","date_gmt":"2021-01-11T13:21:32","guid":{"rendered":"https:\/\/xstyle.md\/product\/nabor-kolev-msr-minigroundhog-stake-kit-v2\/"},"modified":"2024-11-12T13:01:49","modified_gmt":"2024-11-12T10:01:49","slug":"nabor-kolev-msr-minigroundhog-stake-kit-v2","status":"publish","type":"product","link":"https:\/\/xstyle.md\/ro\/produs\/nabor-kolev-msr-minigroundhog-stake-kit-v2\/","title":{"rendered":"Set de \u021b\u0103ru\u0219i MSR Minigroundhog Stake Kit V2"},"content":{"rendered":"<\/p>\n<p>Set de \u021b\u0103ru\u0219i <strong>MSR Minigroundhog Stake Kit V2 <\/strong>&#8212; este o versiune mai mic\u0103 a popularelor cuiere Groundhog. V\u0103 permite s\u0103 economisi\u021bi greutate f\u0103r\u0103 a compromite performan\u021ba originalului. Datorit\u0103 sec\u021biunii transversale \u00een form\u0103 de Y, este u\u0219or de manevrat \u0219i rezist\u0103 bine \u00een diferite tipuri de sol. Fabricat din cele mai rezistente aliaje de aluminiu, din aliaj de zinc \u0219i magneziu din seria 7000, ceea ce \u00eel face u\u0219or, puternic \u0219i fiabil.<\/p>\n<h3>Caracteristici<\/h3>\n<ul>\n<li>Construc\u021bie &#8212; grind\u0103-Y.<\/li>\n<li>Material &#8212; aluminiu<\/li>\n<li>Lungime &#8212; 15 cm<\/li>\n<li>Greutate &#8212; 0,01 kg<\/li>\n<li>Num\u0103r de cuie &#8212; 6 buc.<\/li>\n<\/ul>\n<p><\/p>\n<p><iframe loading=\"lazy\" title=\"MSR Tents: Shelter Accessories - Secure\" width=\"640\" height=\"360\" src=\"https:\/\/www.youtube.com\/embed\/87QleLVvseA?feature=oembed\" frameborder=\"0\" allow=\"accelerometer; autoplay; clipboard-write; encrypted-media; gyroscope; picture-in-picture; web-share\" referrerpolicy=\"strict-origin-when-cross-origin\" allowfullscreen><\/iframe><\/p>","protected":false},"excerpt":{"rendered":"<p>Set de \u021b\u0103ru\u0219i MSR Minigroundhog Stake Kit V2<\/p>","protected":false},"featured_media":28592,"comment_status":"open","ping_status":"closed","template":"","meta":{"_acf_changed":false,"inline_featured_image":false},"product_brand":[1279],"product_cat":[312],"product_tag":[],"class_list":{"0":"post-27058","1":"product","2":"type-product","3":"status-publish","4":"has-post-thumbnail","6":"product_brand-msr","7":"product_cat-accessories-for-tents","9":"first","10":"instock","11":"shipping-taxable","12":"purchasable","13":"product-type-simple"},"acf":[],"yoast_head":"<!-- This site is optimized with the Yoast SEO plugin v27.2 - https:\/\/yoast.com\/product\/yoast-seo-wordpress\/ -->\n<title>\u041d\u0430\u0431\u043e\u0440 \u043a\u043e\u043b\u044c\u0435\u0432 MSR Minigroundhog Stake Kit V2 - \u041c\u0430\u0433\u0430\u0437\u0438\u043d Xstyle<\/title>\n<meta name=\"description\" content=\"\u041d\u0430\u0431\u043e\u0440 \u043a\u043e\u043b\u044c\u0435\u0432 MSR Minigroundhog Stake Kit V2 - \u043b\u0435\u0433\u043a\u0438\u0439 \u0438 \u043f\u0440\u043e\u0447\u043d\u044b\u0439 \u0430\u043a\u0441\u0435\u0441\u0441\u0443\u0430\u0440 \u0434\u043b\u044f \u043a\u0435\u043c\u043f\u0438\u043d\u0433\u0430. \u0418\u0434\u0435\u0430\u043b\u0435\u043d \u0434\u043b\u044f \u0440\u0430\u0437\u043b\u0438\u0447\u043d\u044b\u0445 \u0442\u0438\u043f\u043e\u0432 \u043f\u043e\u0447\u0432\u044b, \u043d\u0435 \u0443\u0441\u0442\u0443\u043f\u0430\u044f \u043f\u0440\u043e\u0438\u0437\u0432\u043e\u0434\u0438\u0442\u0435\u043b\u044c\u043d\u043e\u0441\u0442\u0438.\" \/>\n<meta name=\"robots\" content=\"index, follow, max-snippet:-1, max-image-preview:large, max-video-preview:-1\" \/>\n<link rel=\"canonical\" href=\"https:\/\/xstyle.md\/ro\/produs\/nabor-kolev-msr-minigroundhog-stake-kit-v2\/\" \/>\n<meta property=\"og:locale\" content=\"ro_RO\" \/>\n<meta property=\"og:type\" content=\"article\" \/>\n<meta property=\"og:title\" content=\"\u041d\u0430\u0431\u043e\u0440 \u043a\u043e\u043b\u044c\u0435\u0432 MSR Minigroundhog Stake Kit V2 - \u041c\u0430\u0433\u0430\u0437\u0438\u043d Xstyle\" \/>\n<meta property=\"og:description\" content=\"\u041d\u0430\u0431\u043e\u0440 \u043a\u043e\u043b\u044c\u0435\u0432 MSR Minigroundhog Stake Kit V2 - \u043b\u0435\u0433\u043a\u0438\u0439 \u0438 \u043f\u0440\u043e\u0447\u043d\u044b\u0439 \u0430\u043a\u0441\u0435\u0441\u0441\u0443\u0430\u0440 \u0434\u043b\u044f \u043a\u0435\u043c\u043f\u0438\u043d\u0433\u0430. \u0418\u0434\u0435\u0430\u043b\u0435\u043d \u0434\u043b\u044f \u0440\u0430\u0437\u043b\u0438\u0447\u043d\u044b\u0445 \u0442\u0438\u043f\u043e\u0432 \u043f\u043e\u0447\u0432\u044b, \u043d\u0435 \u0443\u0441\u0442\u0443\u043f\u0430\u044f \u043f\u0440\u043e\u0438\u0437\u0432\u043e\u0434\u0438\u0442\u0435\u043b\u044c\u043d\u043e\u0441\u0442\u0438.\" \/>\n<meta property=\"og:url\" content=\"https:\/\/xstyle.md\/ro\/produs\/nabor-kolev-msr-minigroundhog-stake-kit-v2\/\" \/>\n<meta property=\"og:site_name\" content=\"\u041c\u0430\u0433\u0430\u0437\u0438\u043d Xstyle\" \/>\n<meta property=\"article:publisher\" content=\"https:\/\/www.facebook.com\/xstylemd\" \/>\n<meta property=\"article:modified_time\" content=\"2024-11-12T10:01:49+00:00\" \/>\n<meta property=\"og:image\" content=\"https:\/\/xstyle.md\/wp-content\/uploads\/2021\/04\/05808-msr-mini-groundhog-stake-kit.jpg\" \/>\n\t<meta property=\"og:image:width\" content=\"400\" \/>\n\t<meta property=\"og:image:height\" content=\"300\" \/>\n\t<meta property=\"og:image:type\" content=\"image\/jpeg\" \/>\n<meta name=\"twitter:card\" content=\"summary_large_image\" \/>\n<meta name=\"twitter:label1\" content=\"Pre\u021b\" \/>\n\t<meta name=\"twitter:data1\" content=\"495&nbsp;MDL\" \/>\n\t<meta name=\"twitter:label2\" content=\"Disponibilitate\" \/>\n\t<meta name=\"twitter:data2\" content=\"\u00cen stoc\" \/>\n<script type=\"application\/ld+json\" class=\"yoast-schema-graph\">{\"@context\":\"https:\/\/schema.org\",\"@graph\":[{\"@type\":\"WebPage\",\"@id\":\"https:\/\/xstyle.md\/product\/nabor-kolev-msr-minigroundhog-stake-kit-v2\/\",\"url\":\"https:\/\/xstyle.md\/product\/nabor-kolev-msr-minigroundhog-stake-kit-v2\/\",\"name\":\"\u041d\u0430\u0431\u043e\u0440 \u043a\u043e\u043b\u044c\u0435\u0432 MSR Minigroundhog Stake Kit V2 - \u041c\u0430\u0433\u0430\u0437\u0438\u043d Xstyle\",\"isPartOf\":{\"@id\":\"https:\/\/xstyle.md\/#website\"},\"primaryImageOfPage\":{\"@id\":\"https:\/\/xstyle.md\/product\/nabor-kolev-msr-minigroundhog-stake-kit-v2\/#primaryimage\"},\"image\":{\"@id\":\"https:\/\/xstyle.md\/product\/nabor-kolev-msr-minigroundhog-stake-kit-v2\/#primaryimage\"},\"thumbnailUrl\":\"https:\/\/xstyle.md\/wp-content\/uploads\/2021\/04\/05808-msr-mini-groundhog-stake-kit.jpg\",\"datePublished\":\"2021-01-11T13:21:32+00:00\",\"dateModified\":\"2024-11-12T10:01:49+00:00\",\"description\":\"\u041d\u0430\u0431\u043e\u0440 \u043a\u043e\u043b\u044c\u0435\u0432 MSR Minigroundhog Stake Kit V2 - \u043b\u0435\u0433\u043a\u0438\u0439 \u0438 \u043f\u0440\u043e\u0447\u043d\u044b\u0439 \u0430\u043a\u0441\u0435\u0441\u0441\u0443\u0430\u0440 \u0434\u043b\u044f \u043a\u0435\u043c\u043f\u0438\u043d\u0433\u0430. \u0418\u0434\u0435\u0430\u043b\u0435\u043d \u0434\u043b\u044f \u0440\u0430\u0437\u043b\u0438\u0447\u043d\u044b\u0445 \u0442\u0438\u043f\u043e\u0432 \u043f\u043e\u0447\u0432\u044b, \u043d\u0435 \u0443\u0441\u0442\u0443\u043f\u0430\u044f \u043f\u0440\u043e\u0438\u0437\u0432\u043e\u0434\u0438\u0442\u0435\u043b\u044c\u043d\u043e\u0441\u0442\u0438.\",\"breadcrumb\":{\"@id\":\"https:\/\/xstyle.md\/product\/nabor-kolev-msr-minigroundhog-stake-kit-v2\/#breadcrumb\"},\"inLanguage\":\"ro-RO\",\"potentialAction\":[{\"@type\":\"ReadAction\",\"target\":[\"https:\/\/xstyle.md\/product\/nabor-kolev-msr-minigroundhog-stake-kit-v2\/\"]}]},{\"@type\":\"ImageObject\",\"inLanguage\":\"ro-RO\",\"@id\":\"https:\/\/xstyle.md\/product\/nabor-kolev-msr-minigroundhog-stake-kit-v2\/#primaryimage\",\"url\":\"https:\/\/xstyle.md\/wp-content\/uploads\/2021\/04\/05808-msr-mini-groundhog-stake-kit.jpg\",\"contentUrl\":\"https:\/\/xstyle.md\/wp-content\/uploads\/2021\/04\/05808-msr-mini-groundhog-stake-kit.jpg\",\"width\":400,\"height\":300},{\"@type\":\"BreadcrumbList\",\"@id\":\"https:\/\/xstyle.md\/product\/nabor-kolev-msr-minigroundhog-stake-kit-v2\/#breadcrumb\",\"itemListElement\":[{\"@type\":\"ListItem\",\"position\":1,\"name\":\"\u0413\u043b\u0430\u0432\u043d\u0430\u044f \u0441\u0442\u0440\u0430\u043d\u0438\u0446\u0430\",\"item\":\"https:\/\/xstyle.md\/\"},{\"@type\":\"ListItem\",\"position\":2,\"name\":\"\u041c\u0430\u0433\u0430\u0437\u0438\u043d\",\"item\":\"https:\/\/xstyle.md\/shop\/\"},{\"@type\":\"ListItem\",\"position\":3,\"name\":\"\u041d\u0430\u0431\u043e\u0440 \u043a\u043e\u043b\u044c\u0435\u0432 MSR Minigroundhog Stake Kit V2\"}]},{\"@type\":\"WebSite\",\"@id\":\"https:\/\/xstyle.md\/#website\",\"url\":\"https:\/\/xstyle.md\/\",\"name\":\"\u041c\u0430\u0433\u0430\u0437\u0438\u043d Xstyle\",\"description\":\"C\u043d\u0430\u0440\u044f\u0436\u0435\u043d\u0438\u0435 \u0434\u043b\u044f \u0442\u0443\u0440\u0438\u0437\u043c\u0430 \u0438 \u044d\u043a\u0441\u0442\u0440\u0435\u043c\u0430\u043b\u044c\u043d\u044b\u0445 \u0432\u0438\u0434\u043e\u0432 \u0441\u043f\u043e\u0440\u0442\u0430 \u0432 \u041c\u043e\u043b\u0434\u043e\u0432\u0435.. \u0426\u0435\u043d\u044b, \u0444\u043e\u0442\u043e, \u0445\u0430\u0440\u0430\u043a\u0442\u0435\u0440\u0438\u0441\u0442\u0438\u043a\u0438 \u0432 \u041c\u043e\u043b\u0434\u043e\u0432\u0435.\",\"publisher\":{\"@id\":\"https:\/\/xstyle.md\/#organization\"},\"alternateName\":\"X-Style\",\"potentialAction\":[{\"@type\":\"SearchAction\",\"target\":{\"@type\":\"EntryPoint\",\"urlTemplate\":\"https:\/\/xstyle.md\/?s={search_term_string}\"},\"query-input\":{\"@type\":\"PropertyValueSpecification\",\"valueRequired\":true,\"valueName\":\"search_term_string\"}}],\"inLanguage\":\"ro-RO\"},{\"@type\":\"Organization\",\"@id\":\"https:\/\/xstyle.md\/#organization\",\"name\":\"\u041c\u0430\u0433\u0430\u0437\u0438\u043d Xstyle\",\"alternateName\":\"x-style\",\"url\":\"https:\/\/xstyle.md\/\",\"logo\":{\"@type\":\"ImageObject\",\"inLanguage\":\"ro-RO\",\"@id\":\"https:\/\/xstyle.md\/#\/schema\/logo\/image\/\",\"url\":\"https:\/\/xstyle.md\/wp-content\/uploads\/2020\/06\/logoicon.svg\",\"contentUrl\":\"https:\/\/xstyle.md\/wp-content\/uploads\/2020\/06\/logoicon.svg\",\"caption\":\"\u041c\u0430\u0433\u0430\u0437\u0438\u043d Xstyle\"},\"image\":{\"@id\":\"https:\/\/xstyle.md\/#\/schema\/logo\/image\/\"},\"sameAs\":[\"https:\/\/www.facebook.com\/xstylemd\",\"https:\/\/www.instagram.com\/xstyle_md\/\",\"https:\/\/t.me\/xstyle_outdoor\"],\"hasMerchantReturnPolicy\":{\"@type\":\"MerchantReturnPolicy\",\"merchantReturnLink\":\"https:\/\/xstyle.md\/ro\/conditions\/\"}}]}<\/script>\n<meta property=\"product:price:amount\" content=\"495.00\" \/>\n<meta property=\"product:price:currency\" content=\"MDL\" \/>\n<meta property=\"og:availability\" content=\"instock\" \/>\n<meta property=\"product:availability\" content=\"instock\" \/>\n<meta property=\"product:retailer_item_id\" content=\"40818058084\" \/>\n<meta property=\"product:condition\" content=\"new\" \/>\n<!-- \/ Yoast SEO plugin. -->","yoast_head_json":{"title":"Set de \u021b\u0103ru\u0219i MSR Minigroundhog Stake Kit V2 - Magazin Xstyle","description":"Setul de cuie MSR Minigroundhog Stake Kit V2 - un accesoriu u\u0219or \u0219i durabil pentru camping. Ideal pentru diferite tipuri de sol, f\u0103r\u0103 a compromite performan\u021ba.","robots":{"index":"index","follow":"follow","max-snippet":"max-snippet:-1","max-image-preview":"max-image-preview:large","max-video-preview":"max-video-preview:-1"},"canonical":"https:\/\/xstyle.md\/ro\/produs\/nabor-kolev-msr-minigroundhog-stake-kit-v2\/","og_locale":"ro_RO","og_type":"article","og_title":"\u041d\u0430\u0431\u043e\u0440 \u043a\u043e\u043b\u044c\u0435\u0432 MSR Minigroundhog Stake Kit V2 - \u041c\u0430\u0433\u0430\u0437\u0438\u043d Xstyle","og_description":"\u041d\u0430\u0431\u043e\u0440 \u043a\u043e\u043b\u044c\u0435\u0432 MSR Minigroundhog Stake Kit V2 - \u043b\u0435\u0433\u043a\u0438\u0439 \u0438 \u043f\u0440\u043e\u0447\u043d\u044b\u0439 \u0430\u043a\u0441\u0435\u0441\u0441\u0443\u0430\u0440 \u0434\u043b\u044f \u043a\u0435\u043c\u043f\u0438\u043d\u0433\u0430. \u0418\u0434\u0435\u0430\u043b\u0435\u043d \u0434\u043b\u044f \u0440\u0430\u0437\u043b\u0438\u0447\u043d\u044b\u0445 \u0442\u0438\u043f\u043e\u0432 \u043f\u043e\u0447\u0432\u044b, \u043d\u0435 \u0443\u0441\u0442\u0443\u043f\u0430\u044f \u043f\u0440\u043e\u0438\u0437\u0432\u043e\u0434\u0438\u0442\u0435\u043b\u044c\u043d\u043e\u0441\u0442\u0438.","og_url":"https:\/\/xstyle.md\/ro\/produs\/nabor-kolev-msr-minigroundhog-stake-kit-v2\/","og_site_name":"\u041c\u0430\u0433\u0430\u0437\u0438\u043d Xstyle","article_publisher":"https:\/\/www.facebook.com\/xstylemd","article_modified_time":"2024-11-12T10:01:49+00:00","og_image":[{"width":400,"height":300,"url":"https:\/\/xstyle.md\/wp-content\/uploads\/2021\/04\/05808-msr-mini-groundhog-stake-kit.jpg","type":"image\/jpeg"}],"twitter_card":"summary_large_image","twitter_misc":{"Pre\u021b":"495&nbsp;MDL","Disponibilitate":"\u00cen stoc"},"schema":{"@context":"https:\/\/schema.org","@graph":[{"@type":"WebPage","@id":"https:\/\/xstyle.md\/product\/nabor-kolev-msr-minigroundhog-stake-kit-v2\/","url":"https:\/\/xstyle.md\/product\/nabor-kolev-msr-minigroundhog-stake-kit-v2\/","name":"Set de \u021b\u0103ru\u0219i MSR Minigroundhog Stake Kit V2 - Magazin Xstyle","isPartOf":{"@id":"https:\/\/xstyle.md\/#website"},"primaryImageOfPage":{"@id":"https:\/\/xstyle.md\/product\/nabor-kolev-msr-minigroundhog-stake-kit-v2\/#primaryimage"},"image":{"@id":"https:\/\/xstyle.md\/product\/nabor-kolev-msr-minigroundhog-stake-kit-v2\/#primaryimage"},"thumbnailUrl":"https:\/\/xstyle.md\/wp-content\/uploads\/2021\/04\/05808-msr-mini-groundhog-stake-kit.jpg","datePublished":"2021-01-11T13:21:32+00:00","dateModified":"2024-11-12T10:01:49+00:00","description":"Setul de cuie MSR Minigroundhog Stake Kit V2 - un accesoriu u\u0219or \u0219i durabil pentru camping. Ideal pentru diferite tipuri de sol, f\u0103r\u0103 a compromite performan\u021ba.","breadcrumb":{"@id":"https:\/\/xstyle.md\/product\/nabor-kolev-msr-minigroundhog-stake-kit-v2\/#breadcrumb"},"inLanguage":"ro-RO","potentialAction":[{"@type":"ReadAction","target":["https:\/\/xstyle.md\/product\/nabor-kolev-msr-minigroundhog-stake-kit-v2\/"]}]},{"@type":"ImageObject","inLanguage":"ro-RO","@id":"https:\/\/xstyle.md\/product\/nabor-kolev-msr-minigroundhog-stake-kit-v2\/#primaryimage","url":"https:\/\/xstyle.md\/wp-content\/uploads\/2021\/04\/05808-msr-mini-groundhog-stake-kit.jpg","contentUrl":"https:\/\/xstyle.md\/wp-content\/uploads\/2021\/04\/05808-msr-mini-groundhog-stake-kit.jpg","width":400,"height":300},{"@type":"BreadcrumbList","@id":"https:\/\/xstyle.md\/product\/nabor-kolev-msr-minigroundhog-stake-kit-v2\/#breadcrumb","itemListElement":[{"@type":"ListItem","position":1,"name":"\u0413\u043b\u0430\u0432\u043d\u0430\u044f \u0441\u0442\u0440\u0430\u043d\u0438\u0446\u0430","item":"https:\/\/xstyle.md\/"},{"@type":"ListItem","position":2,"name":"\u041c\u0430\u0433\u0430\u0437\u0438\u043d","item":"https:\/\/xstyle.md\/shop\/"},{"@type":"ListItem","position":3,"name":"\u041d\u0430\u0431\u043e\u0440 \u043a\u043e\u043b\u044c\u0435\u0432 MSR Minigroundhog Stake Kit V2"}]},{"@type":"WebSite","@id":"https:\/\/xstyle.md\/#website","url":"https:\/\/xstyle.md\/","name":"Magazinul X-Style","description":"Echipamente pentru turism \u0219i sporturi extreme \u00een Moldova. Pre\u021buri, fotografii, caracteristici \u00een Moldova.","publisher":{"@id":"https:\/\/xstyle.md\/#organization"},"alternateName":"X-Style","potentialAction":[{"@type":"SearchAction","target":{"@type":"EntryPoint","urlTemplate":"https:\/\/xstyle.md\/?s={search_term_string}"},"query-input":{"@type":"PropertyValueSpecification","valueRequired":true,"valueName":"search_term_string"}}],"inLanguage":"ro-RO"},{"@type":"Organization","@id":"https:\/\/xstyle.md\/#organization","name":"Magazinul X-Style","alternateName":"x-style","url":"https:\/\/xstyle.md\/","logo":{"@type":"ImageObject","inLanguage":"ro-RO","@id":"https:\/\/xstyle.md\/#\/schema\/logo\/image\/","url":"https:\/\/xstyle.md\/wp-content\/uploads\/2020\/06\/logoicon.svg","contentUrl":"https:\/\/xstyle.md\/wp-content\/uploads\/2020\/06\/logoicon.svg","caption":"\u041c\u0430\u0433\u0430\u0437\u0438\u043d Xstyle"},"image":{"@id":"https:\/\/xstyle.md\/#\/schema\/logo\/image\/"},"sameAs":["https:\/\/www.facebook.com\/xstylemd","https:\/\/www.instagram.com\/xstyle_md\/","https:\/\/t.me\/xstyle_outdoor"],"hasMerchantReturnPolicy":{"@type":"MerchantReturnPolicy","merchantReturnLink":"https:\/\/xstyle.md\/ro\/conditions\/"}}]},"product_price_amount":"495.00","product_price_currency":"MDL","og_availability":"instock","product_availability":"instock","product_retailer_item_id":"40818058084","product_condition":"new"},"post_mailing_queue_ids":[],"_links":{"self":[{"href":"https:\/\/xstyle.md\/ro\/wp-json\/wp\/v2\/product\/27058","targetHints":{"allow":["GET"]}}],"collection":[{"href":"https:\/\/xstyle.md\/ro\/wp-json\/wp\/v2\/product"}],"about":[{"href":"https:\/\/xstyle.md\/ro\/wp-json\/wp\/v2\/types\/product"}],"replies":[{"embeddable":true,"href":"https:\/\/xstyle.md\/ro\/wp-json\/wp\/v2\/comments?post=27058"}],"wp:featuredmedia":[{"embeddable":true,"href":"https:\/\/xstyle.md\/ro\/wp-json\/wp\/v2\/media\/28592"}],"wp:attachment":[{"href":"https:\/\/xstyle.md\/ro\/wp-json\/wp\/v2\/media?parent=27058"}],"wp:term":[{"taxonomy":"product_brand","embeddable":true,"href":"https:\/\/xstyle.md\/ro\/wp-json\/wp\/v2\/product_brand?post=27058"},{"taxonomy":"product_cat","embeddable":true,"href":"https:\/\/xstyle.md\/ro\/wp-json\/wp\/v2\/product_cat?post=27058"},{"taxonomy":"product_tag","embeddable":true,"href":"https:\/\/xstyle.md\/ro\/wp-json\/wp\/v2\/product_tag?post=27058"}],"curies":[{"name":"wp","href":"https:\/\/api.w.org\/{rel}","templated":true}]}}