{"id":27057,"date":"2021-01-11T16:21:32","date_gmt":"2021-01-11T13:21:32","guid":{"rendered":"https:\/\/xstyle.md\/product\/remontnaja-trubka-dlja-dug-palatki-msr-pole-repair-splint-small\/"},"modified":"2025-10-02T19:01:53","modified_gmt":"2025-10-02T16:01:53","slug":"remontnaja-trubka-dlja-dug-palatki-msr-pole-repair-splint-small","status":"publish","type":"product","link":"https:\/\/xstyle.md\/ro\/produs\/remontnaja-trubka-dlja-dug-palatki-msr-pole-repair-splint-small\/","title":{"rendered":"Tub de repara\u021bii pentru arcuri de corturi MSR Pole Repair Splint Small"},"content":{"rendered":"<\/p>\n<p>Tub de repara\u021bii pentru arcuri de corturi <strong>MSR Pole Repair Splint Small<\/strong> va va ajuta la conectarea arcului \u0219i s\u0103 v\u0103 relaxa\u021bi \u00een continuare \u00een natur\u0103, f\u0103r\u0103 a fi nevoit s\u0103 v\u0103 \u00eentrerupe\u021bi c\u0103l\u0103toria din cauza unui arc rupt.<\/p>\n<h3>Particularit\u0103\u021bi<\/h3>\n<ul>\n<li>Conceput pentru arcurile standard ale majorit\u0103\u021bii corturilor simple, duble \u0219i triple.<\/li>\n<\/ul>\n<h3>Caracteristici<\/h3>\n<ul>\n<li>Dimensiuni &#8212; 13 mm.<\/li>\n<\/ul>\n<p><\/p>\n<h3>Marca<\/h3>\n<p>MSR - un cunoscut produc\u0103tor de articole sportive care produce echipamente pentru alpini\u0219tii profesioni\u0219ti \u0219i pentru cei care prefer\u0103 recreerea \u00een aer liber. Produsele sunt concepute astfel \u00eenc\u00e2t s\u0103 fie c\u00e2t mai u\u0219or posibil pentru o persoan\u0103 pe durata unei \u0219ederi lungi \u00eentr-o zon\u0103 deschis\u0103. Acestea sunt dispozitive universale care pot fi folosite \u00eentr-o drume\u021bie normal\u0103 \u0219i \u00eentr-o expedi\u021bie dificil\u0103.<\/p>","protected":false},"excerpt":{"rendered":"<p>Tub de repara\u021bii pentru arcuri de corturi MSR Pole Repair Splint Small<\/p>","protected":false},"featured_media":28591,"comment_status":"open","ping_status":"closed","template":"","meta":{"_acf_changed":false,"inline_featured_image":false},"product_brand":[1279],"product_cat":[312],"product_tag":[],"class_list":{"0":"post-27057","1":"product","2":"type-product","3":"status-publish","4":"has-post-thumbnail","6":"product_brand-msr","7":"product_cat-accessories-for-tents","9":"first","10":"instock","11":"shipping-taxable","12":"purchasable","13":"product-type-simple"},"acf":[],"yoast_head":"<!-- This site is optimized with the Yoast SEO plugin v27.2 - https:\/\/yoast.com\/product\/yoast-seo-wordpress\/ -->\n<title>\u0420\u0435\u043c\u043e\u043d\u0442\u043d\u0430\u044f \u0442\u0440\u0443\u0431\u043a\u0430 \u0434\u043b\u044f \u0434\u0443\u0433 \u043f\u0430\u043b\u0430\u0442\u043a\u0438 MSR Pole Repair Splint Small - \u041c\u0430\u0433\u0430\u0437\u0438\u043d Xstyle<\/title>\n<meta name=\"description\" content=\"\u0420\u0435\u043c\u043e\u043d\u0442\u043d\u0430\u044f \u0442\u0440\u0443\u0431\u043a\u0430 MSR Pole Repair Splint Small \u2014 \u0438\u0434\u0435\u0430\u043b\u044c\u043d\u043e\u0435 \u0440\u0435\u0448\u0435\u043d\u0438\u0435 \u0434\u043b\u044f \u0431\u044b\u0441\u0442\u0440\u043e\u0433\u043e \u0432\u043e\u0441\u0441\u0442\u0430\u043d\u043e\u0432\u043b\u0435\u043d\u0438\u044f \u0430\u0440\u043e\u043a \u043f\u0430\u043b\u0430\u0442\u043e\u043a. \u041f\u0443\u0442\u0435\u0448\u0435\u0441\u0442\u0432\u0443\u0439\u0442\u0435 \u0431\u0435\u0437 \u0437\u0430\u0431\u043e\u0442 \u0432 \u043b\u044e\u0431\u043e\u0435 \u0432\u0440\u0435\u043c\u044f!\" \/>\n<meta name=\"robots\" content=\"index, follow, max-snippet:-1, max-image-preview:large, max-video-preview:-1\" \/>\n<link rel=\"canonical\" href=\"https:\/\/xstyle.md\/ro\/produs\/remontnaja-trubka-dlja-dug-palatki-msr-pole-repair-splint-small\/\" \/>\n<meta property=\"og:locale\" content=\"ro_RO\" \/>\n<meta property=\"og:type\" content=\"article\" \/>\n<meta property=\"og:title\" content=\"\u0420\u0435\u043c\u043e\u043d\u0442\u043d\u0430\u044f \u0442\u0440\u0443\u0431\u043a\u0430 \u0434\u043b\u044f \u0434\u0443\u0433 \u043f\u0430\u043b\u0430\u0442\u043a\u0438 MSR Pole Repair Splint Small - \u041c\u0430\u0433\u0430\u0437\u0438\u043d Xstyle\" \/>\n<meta property=\"og:description\" content=\"\u0420\u0435\u043c\u043e\u043d\u0442\u043d\u0430\u044f \u0442\u0440\u0443\u0431\u043a\u0430 MSR Pole Repair Splint Small \u2014 \u0438\u0434\u0435\u0430\u043b\u044c\u043d\u043e\u0435 \u0440\u0435\u0448\u0435\u043d\u0438\u0435 \u0434\u043b\u044f \u0431\u044b\u0441\u0442\u0440\u043e\u0433\u043e \u0432\u043e\u0441\u0441\u0442\u0430\u043d\u043e\u0432\u043b\u0435\u043d\u0438\u044f \u0430\u0440\u043e\u043a \u043f\u0430\u043b\u0430\u0442\u043e\u043a. \u041f\u0443\u0442\u0435\u0448\u0435\u0441\u0442\u0432\u0443\u0439\u0442\u0435 \u0431\u0435\u0437 \u0437\u0430\u0431\u043e\u0442 \u0432 \u043b\u044e\u0431\u043e\u0435 \u0432\u0440\u0435\u043c\u044f!\" \/>\n<meta property=\"og:url\" content=\"https:\/\/xstyle.md\/ro\/produs\/remontnaja-trubka-dlja-dug-palatki-msr-pole-repair-splint-small\/\" \/>\n<meta property=\"og:site_name\" content=\"\u041c\u0430\u0433\u0430\u0437\u0438\u043d Xstyle\" \/>\n<meta property=\"article:publisher\" content=\"https:\/\/www.facebook.com\/xstylemd\" \/>\n<meta property=\"article:modified_time\" content=\"2025-10-02T16:01:53+00:00\" \/>\n<meta property=\"og:image\" content=\"https:\/\/xstyle.md\/wp-content\/uploads\/2021\/04\/msr-tent-pole-repair-splint-rd-650x650-1.jpg\" \/>\n\t<meta property=\"og:image:width\" content=\"650\" \/>\n\t<meta property=\"og:image:height\" content=\"650\" \/>\n\t<meta property=\"og:image:type\" content=\"image\/jpeg\" \/>\n<meta name=\"twitter:card\" content=\"summary_large_image\" \/>\n<meta name=\"twitter:label1\" content=\"Pre\u021b\" \/>\n\t<meta name=\"twitter:data1\" content=\"250&nbsp;MDL\" \/>\n\t<meta name=\"twitter:label2\" content=\"Disponibilitate\" \/>\n\t<meta name=\"twitter:data2\" content=\"\u00cen stoc\" \/>\n<script type=\"application\/ld+json\" class=\"yoast-schema-graph\">{\"@context\":\"https:\/\/schema.org\",\"@graph\":[{\"@type\":\"WebPage\",\"@id\":\"https:\/\/xstyle.md\/product\/remontnaja-trubka-dlja-dug-palatki-msr-pole-repair-splint-small\/\",\"url\":\"https:\/\/xstyle.md\/product\/remontnaja-trubka-dlja-dug-palatki-msr-pole-repair-splint-small\/\",\"name\":\"\u0420\u0435\u043c\u043e\u043d\u0442\u043d\u0430\u044f \u0442\u0440\u0443\u0431\u043a\u0430 \u0434\u043b\u044f \u0434\u0443\u0433 \u043f\u0430\u043b\u0430\u0442\u043a\u0438 MSR Pole Repair Splint Small - \u041c\u0430\u0433\u0430\u0437\u0438\u043d Xstyle\",\"isPartOf\":{\"@id\":\"https:\/\/xstyle.md\/#website\"},\"primaryImageOfPage\":{\"@id\":\"https:\/\/xstyle.md\/product\/remontnaja-trubka-dlja-dug-palatki-msr-pole-repair-splint-small\/#primaryimage\"},\"image\":{\"@id\":\"https:\/\/xstyle.md\/product\/remontnaja-trubka-dlja-dug-palatki-msr-pole-repair-splint-small\/#primaryimage\"},\"thumbnailUrl\":\"https:\/\/xstyle.md\/wp-content\/uploads\/2021\/04\/msr-tent-pole-repair-splint-rd-650x650-1.jpg\",\"datePublished\":\"2021-01-11T13:21:32+00:00\",\"dateModified\":\"2025-10-02T16:01:53+00:00\",\"description\":\"\u0420\u0435\u043c\u043e\u043d\u0442\u043d\u0430\u044f \u0442\u0440\u0443\u0431\u043a\u0430 MSR Pole Repair Splint Small \u2014 \u0438\u0434\u0435\u0430\u043b\u044c\u043d\u043e\u0435 \u0440\u0435\u0448\u0435\u043d\u0438\u0435 \u0434\u043b\u044f \u0431\u044b\u0441\u0442\u0440\u043e\u0433\u043e \u0432\u043e\u0441\u0441\u0442\u0430\u043d\u043e\u0432\u043b\u0435\u043d\u0438\u044f \u0430\u0440\u043e\u043a \u043f\u0430\u043b\u0430\u0442\u043e\u043a. \u041f\u0443\u0442\u0435\u0448\u0435\u0441\u0442\u0432\u0443\u0439\u0442\u0435 \u0431\u0435\u0437 \u0437\u0430\u0431\u043e\u0442 \u0432 \u043b\u044e\u0431\u043e\u0435 \u0432\u0440\u0435\u043c\u044f!\",\"breadcrumb\":{\"@id\":\"https:\/\/xstyle.md\/product\/remontnaja-trubka-dlja-dug-palatki-msr-pole-repair-splint-small\/#breadcrumb\"},\"inLanguage\":\"ro-RO\",\"potentialAction\":[{\"@type\":\"ReadAction\",\"target\":[\"https:\/\/xstyle.md\/product\/remontnaja-trubka-dlja-dug-palatki-msr-pole-repair-splint-small\/\"]}]},{\"@type\":\"ImageObject\",\"inLanguage\":\"ro-RO\",\"@id\":\"https:\/\/xstyle.md\/product\/remontnaja-trubka-dlja-dug-palatki-msr-pole-repair-splint-small\/#primaryimage\",\"url\":\"https:\/\/xstyle.md\/wp-content\/uploads\/2021\/04\/msr-tent-pole-repair-splint-rd-650x650-1.jpg\",\"contentUrl\":\"https:\/\/xstyle.md\/wp-content\/uploads\/2021\/04\/msr-tent-pole-repair-splint-rd-650x650-1.jpg\",\"width\":650,\"height\":650},{\"@type\":\"BreadcrumbList\",\"@id\":\"https:\/\/xstyle.md\/product\/remontnaja-trubka-dlja-dug-palatki-msr-pole-repair-splint-small\/#breadcrumb\",\"itemListElement\":[{\"@type\":\"ListItem\",\"position\":1,\"name\":\"\u0413\u043b\u0430\u0432\u043d\u0430\u044f \u0441\u0442\u0440\u0430\u043d\u0438\u0446\u0430\",\"item\":\"https:\/\/xstyle.md\/\"},{\"@type\":\"ListItem\",\"position\":2,\"name\":\"\u041c\u0430\u0433\u0430\u0437\u0438\u043d\",\"item\":\"https:\/\/xstyle.md\/shop\/\"},{\"@type\":\"ListItem\",\"position\":3,\"name\":\"\u0420\u0435\u043c\u043e\u043d\u0442\u043d\u0430\u044f \u0442\u0440\u0443\u0431\u043a\u0430 \u0434\u043b\u044f \u0434\u0443\u0433 \u043f\u0430\u043b\u0430\u0442\u043a\u0438 MSR Pole Repair Splint Small\"}]},{\"@type\":\"WebSite\",\"@id\":\"https:\/\/xstyle.md\/#website\",\"url\":\"https:\/\/xstyle.md\/\",\"name\":\"\u041c\u0430\u0433\u0430\u0437\u0438\u043d Xstyle\",\"description\":\"C\u043d\u0430\u0440\u044f\u0436\u0435\u043d\u0438\u0435 \u0434\u043b\u044f \u0442\u0443\u0440\u0438\u0437\u043c\u0430 \u0438 \u044d\u043a\u0441\u0442\u0440\u0435\u043c\u0430\u043b\u044c\u043d\u044b\u0445 \u0432\u0438\u0434\u043e\u0432 \u0441\u043f\u043e\u0440\u0442\u0430 \u0432 \u041c\u043e\u043b\u0434\u043e\u0432\u0435.. \u0426\u0435\u043d\u044b, \u0444\u043e\u0442\u043e, \u0445\u0430\u0440\u0430\u043a\u0442\u0435\u0440\u0438\u0441\u0442\u0438\u043a\u0438 \u0432 \u041c\u043e\u043b\u0434\u043e\u0432\u0435.\",\"publisher\":{\"@id\":\"https:\/\/xstyle.md\/#organization\"},\"alternateName\":\"X-Style\",\"potentialAction\":[{\"@type\":\"SearchAction\",\"target\":{\"@type\":\"EntryPoint\",\"urlTemplate\":\"https:\/\/xstyle.md\/?s={search_term_string}\"},\"query-input\":{\"@type\":\"PropertyValueSpecification\",\"valueRequired\":true,\"valueName\":\"search_term_string\"}}],\"inLanguage\":\"ro-RO\"},{\"@type\":\"Organization\",\"@id\":\"https:\/\/xstyle.md\/#organization\",\"name\":\"\u041c\u0430\u0433\u0430\u0437\u0438\u043d Xstyle\",\"alternateName\":\"x-style\",\"url\":\"https:\/\/xstyle.md\/\",\"logo\":{\"@type\":\"ImageObject\",\"inLanguage\":\"ro-RO\",\"@id\":\"https:\/\/xstyle.md\/#\/schema\/logo\/image\/\",\"url\":\"https:\/\/xstyle.md\/wp-content\/uploads\/2020\/06\/logoicon.svg\",\"contentUrl\":\"https:\/\/xstyle.md\/wp-content\/uploads\/2020\/06\/logoicon.svg\",\"caption\":\"\u041c\u0430\u0433\u0430\u0437\u0438\u043d Xstyle\"},\"image\":{\"@id\":\"https:\/\/xstyle.md\/#\/schema\/logo\/image\/\"},\"sameAs\":[\"https:\/\/www.facebook.com\/xstylemd\",\"https:\/\/www.instagram.com\/xstyle_md\/\",\"https:\/\/t.me\/xstyle_outdoor\"],\"hasMerchantReturnPolicy\":{\"@type\":\"MerchantReturnPolicy\",\"merchantReturnLink\":\"https:\/\/xstyle.md\/ro\/conditions\/\"}}]}<\/script>\n<meta property=\"product:price:amount\" content=\"250.00\" \/>\n<meta property=\"product:price:currency\" content=\"MDL\" \/>\n<meta property=\"og:availability\" content=\"instock\" \/>\n<meta property=\"product:availability\" content=\"instock\" \/>\n<meta property=\"product:retailer_item_id\" content=\"40818058268\" \/>\n<meta property=\"product:condition\" content=\"new\" \/>\n<!-- \/ Yoast SEO plugin. -->","yoast_head_json":{"title":"Tub de repara\u021bii pentru arcuri de corturi MSR Pole Repair Splint Small - Magazin Xstyle","description":"Tubul de reparare MSR Pole Repair Splint Small este solu\u021bia ideal\u0103 pentru restaurarea rapid\u0103 a arcurilor corturilor. C\u0103l\u0103tori\u021bi f\u0103r\u0103 griji \u00een orice moment!","robots":{"index":"index","follow":"follow","max-snippet":"max-snippet:-1","max-image-preview":"max-image-preview:large","max-video-preview":"max-video-preview:-1"},"canonical":"https:\/\/xstyle.md\/ro\/produs\/remontnaja-trubka-dlja-dug-palatki-msr-pole-repair-splint-small\/","og_locale":"ro_RO","og_type":"article","og_title":"\u0420\u0435\u043c\u043e\u043d\u0442\u043d\u0430\u044f \u0442\u0440\u0443\u0431\u043a\u0430 \u0434\u043b\u044f \u0434\u0443\u0433 \u043f\u0430\u043b\u0430\u0442\u043a\u0438 MSR Pole Repair Splint Small - \u041c\u0430\u0433\u0430\u0437\u0438\u043d Xstyle","og_description":"\u0420\u0435\u043c\u043e\u043d\u0442\u043d\u0430\u044f \u0442\u0440\u0443\u0431\u043a\u0430 MSR Pole Repair Splint Small \u2014 \u0438\u0434\u0435\u0430\u043b\u044c\u043d\u043e\u0435 \u0440\u0435\u0448\u0435\u043d\u0438\u0435 \u0434\u043b\u044f \u0431\u044b\u0441\u0442\u0440\u043e\u0433\u043e \u0432\u043e\u0441\u0441\u0442\u0430\u043d\u043e\u0432\u043b\u0435\u043d\u0438\u044f \u0430\u0440\u043e\u043a \u043f\u0430\u043b\u0430\u0442\u043e\u043a. \u041f\u0443\u0442\u0435\u0448\u0435\u0441\u0442\u0432\u0443\u0439\u0442\u0435 \u0431\u0435\u0437 \u0437\u0430\u0431\u043e\u0442 \u0432 \u043b\u044e\u0431\u043e\u0435 \u0432\u0440\u0435\u043c\u044f!","og_url":"https:\/\/xstyle.md\/ro\/produs\/remontnaja-trubka-dlja-dug-palatki-msr-pole-repair-splint-small\/","og_site_name":"\u041c\u0430\u0433\u0430\u0437\u0438\u043d Xstyle","article_publisher":"https:\/\/www.facebook.com\/xstylemd","article_modified_time":"2025-10-02T16:01:53+00:00","og_image":[{"width":650,"height":650,"url":"https:\/\/xstyle.md\/wp-content\/uploads\/2021\/04\/msr-tent-pole-repair-splint-rd-650x650-1.jpg","type":"image\/jpeg"}],"twitter_card":"summary_large_image","twitter_misc":{"Pre\u021b":"250&nbsp;MDL","Disponibilitate":"\u00cen stoc"},"schema":{"@context":"https:\/\/schema.org","@graph":[{"@type":"WebPage","@id":"https:\/\/xstyle.md\/product\/remontnaja-trubka-dlja-dug-palatki-msr-pole-repair-splint-small\/","url":"https:\/\/xstyle.md\/product\/remontnaja-trubka-dlja-dug-palatki-msr-pole-repair-splint-small\/","name":"Tub de repara\u021bii pentru arcuri de corturi MSR Pole Repair Splint Small - Magazin Xstyle","isPartOf":{"@id":"https:\/\/xstyle.md\/#website"},"primaryImageOfPage":{"@id":"https:\/\/xstyle.md\/product\/remontnaja-trubka-dlja-dug-palatki-msr-pole-repair-splint-small\/#primaryimage"},"image":{"@id":"https:\/\/xstyle.md\/product\/remontnaja-trubka-dlja-dug-palatki-msr-pole-repair-splint-small\/#primaryimage"},"thumbnailUrl":"https:\/\/xstyle.md\/wp-content\/uploads\/2021\/04\/msr-tent-pole-repair-splint-rd-650x650-1.jpg","datePublished":"2021-01-11T13:21:32+00:00","dateModified":"2025-10-02T16:01:53+00:00","description":"Tubul de reparare MSR Pole Repair Splint Small este solu\u021bia ideal\u0103 pentru restaurarea rapid\u0103 a arcurilor corturilor. C\u0103l\u0103tori\u021bi f\u0103r\u0103 griji \u00een orice moment!","breadcrumb":{"@id":"https:\/\/xstyle.md\/product\/remontnaja-trubka-dlja-dug-palatki-msr-pole-repair-splint-small\/#breadcrumb"},"inLanguage":"ro-RO","potentialAction":[{"@type":"ReadAction","target":["https:\/\/xstyle.md\/product\/remontnaja-trubka-dlja-dug-palatki-msr-pole-repair-splint-small\/"]}]},{"@type":"ImageObject","inLanguage":"ro-RO","@id":"https:\/\/xstyle.md\/product\/remontnaja-trubka-dlja-dug-palatki-msr-pole-repair-splint-small\/#primaryimage","url":"https:\/\/xstyle.md\/wp-content\/uploads\/2021\/04\/msr-tent-pole-repair-splint-rd-650x650-1.jpg","contentUrl":"https:\/\/xstyle.md\/wp-content\/uploads\/2021\/04\/msr-tent-pole-repair-splint-rd-650x650-1.jpg","width":650,"height":650},{"@type":"BreadcrumbList","@id":"https:\/\/xstyle.md\/product\/remontnaja-trubka-dlja-dug-palatki-msr-pole-repair-splint-small\/#breadcrumb","itemListElement":[{"@type":"ListItem","position":1,"name":"\u0413\u043b\u0430\u0432\u043d\u0430\u044f \u0441\u0442\u0440\u0430\u043d\u0438\u0446\u0430","item":"https:\/\/xstyle.md\/"},{"@type":"ListItem","position":2,"name":"\u041c\u0430\u0433\u0430\u0437\u0438\u043d","item":"https:\/\/xstyle.md\/shop\/"},{"@type":"ListItem","position":3,"name":"\u0420\u0435\u043c\u043e\u043d\u0442\u043d\u0430\u044f \u0442\u0440\u0443\u0431\u043a\u0430 \u0434\u043b\u044f \u0434\u0443\u0433 \u043f\u0430\u043b\u0430\u0442\u043a\u0438 MSR Pole Repair Splint Small"}]},{"@type":"WebSite","@id":"https:\/\/xstyle.md\/#website","url":"https:\/\/xstyle.md\/","name":"Magazinul X-Style","description":"Echipamente pentru turism \u0219i sporturi extreme \u00een Moldova. Pre\u021buri, fotografii, caracteristici \u00een Moldova.","publisher":{"@id":"https:\/\/xstyle.md\/#organization"},"alternateName":"X-Style","potentialAction":[{"@type":"SearchAction","target":{"@type":"EntryPoint","urlTemplate":"https:\/\/xstyle.md\/?s={search_term_string}"},"query-input":{"@type":"PropertyValueSpecification","valueRequired":true,"valueName":"search_term_string"}}],"inLanguage":"ro-RO"},{"@type":"Organization","@id":"https:\/\/xstyle.md\/#organization","name":"Magazinul X-Style","alternateName":"x-style","url":"https:\/\/xstyle.md\/","logo":{"@type":"ImageObject","inLanguage":"ro-RO","@id":"https:\/\/xstyle.md\/#\/schema\/logo\/image\/","url":"https:\/\/xstyle.md\/wp-content\/uploads\/2020\/06\/logoicon.svg","contentUrl":"https:\/\/xstyle.md\/wp-content\/uploads\/2020\/06\/logoicon.svg","caption":"\u041c\u0430\u0433\u0430\u0437\u0438\u043d Xstyle"},"image":{"@id":"https:\/\/xstyle.md\/#\/schema\/logo\/image\/"},"sameAs":["https:\/\/www.facebook.com\/xstylemd","https:\/\/www.instagram.com\/xstyle_md\/","https:\/\/t.me\/xstyle_outdoor"],"hasMerchantReturnPolicy":{"@type":"MerchantReturnPolicy","merchantReturnLink":"https:\/\/xstyle.md\/ro\/conditions\/"}}]},"product_price_amount":"250.00","product_price_currency":"MDL","og_availability":"instock","product_availability":"instock","product_retailer_item_id":"40818058268","product_condition":"new"},"post_mailing_queue_ids":[],"_links":{"self":[{"href":"https:\/\/xstyle.md\/ro\/wp-json\/wp\/v2\/product\/27057","targetHints":{"allow":["GET"]}}],"collection":[{"href":"https:\/\/xstyle.md\/ro\/wp-json\/wp\/v2\/product"}],"about":[{"href":"https:\/\/xstyle.md\/ro\/wp-json\/wp\/v2\/types\/product"}],"replies":[{"embeddable":true,"href":"https:\/\/xstyle.md\/ro\/wp-json\/wp\/v2\/comments?post=27057"}],"wp:featuredmedia":[{"embeddable":true,"href":"https:\/\/xstyle.md\/ro\/wp-json\/wp\/v2\/media\/28591"}],"wp:attachment":[{"href":"https:\/\/xstyle.md\/ro\/wp-json\/wp\/v2\/media?parent=27057"}],"wp:term":[{"taxonomy":"product_brand","embeddable":true,"href":"https:\/\/xstyle.md\/ro\/wp-json\/wp\/v2\/product_brand?post=27057"},{"taxonomy":"product_cat","embeddable":true,"href":"https:\/\/xstyle.md\/ro\/wp-json\/wp\/v2\/product_cat?post=27057"},{"taxonomy":"product_tag","embeddable":true,"href":"https:\/\/xstyle.md\/ro\/wp-json\/wp\/v2\/product_tag?post=27057"}],"curies":[{"name":"wp","href":"https:\/\/api.w.org\/{rel}","templated":true}]}}